{"id":10915523,"date":"2022-08-08T11:03:36","date_gmt":"2022-08-08T11:03:36","guid":{"rendered":"https:\/\/wpml.org\/?page_id=10915523"},"modified":"2022-08-08T11:05:52","modified_gmt":"2022-08-08T11:05:52","slug":"alte-wpml-komponenten","status":"publish","type":"page","link":"https:\/\/wpml.org\/de\/alte-wpml-komponenten\/","title":{"rendered":"Alte WPML-Komponenten"},"content":{"rendered":"\n<h2 class=\"wp-block-heading\">Alte WPML-Komponenten<\/h2>\n\n<p>Wird nur f\u00fcr Websites ben\u00f6tigt, die auf \u00e4lteren WPML-Versionen als 4.5 laufen<\/p>\n","protected":false},"excerpt":{"rendered":"<p>Alte WPML-Komponenten Wird nur f\u00fcr Websites ben\u00f6tigt, die auf \u00e4lteren WPML-Versionen als 4.5 laufen<\/p>\n","protected":false},"author":235250,"featured_media":0,"parent":0,"menu_order":0,"comment_status":"closed","ping_status":"closed","template":"","meta":{"_bbp_topic_count":0,"_bbp_reply_count":0,"_bbp_total_topic_count":0,"_bbp_total_reply_count":0,"_bbp_voice_count":0,"_bbp_anonymous_reply_count":0,"_bbp_topic_count_hidden":0,"_bbp_reply_count_hidden":0,"_bbp_forum_subforum_count":0,"_uag_custom_page_level_css":"","ep_exclude_from_search":false,"footnotes":""},"related-projects-category":[],"class_list":["post-10915523","page","type-page","status-publish","hentry"],"spectra_custom_meta":{"_subscription_coupon_product_id":["0"],"_wpv_contains_gutenberg_views":[""],"_alp_processed":["1659956753"],"wpcf-unformatted-code":[""],"_wpml_media_duplicate":["1"],"_wpml_media_featured":["1"],"toolset_post_editor_mode":["block"],"wpcf-price-increase-show-from":[""],"wpcf-price-increase-show-till":[""],"_last_translation_edit_mode":["translation-editor"],"_edit_lock":["1648709073:76577"],"_wpml_word_count":["21"],"_wp_page_template":[""],"ratings_users":["0"],"ratings_score":["0"],"ratings_average":["0"],"_edit_last":["64191"]},"uagb_featured_image_src":{"full":false,"thumbnail":false,"medium":false,"medium_large":false,"large":false,"1536x1536":false,"2048x2048":false,"gform-image-choice-sm":false,"gform-image-choice-md":false,"gform-image-choice-lg":false,"woocommerce_thumbnail":false,"woocommerce_single":false,"woocommerce_gallery_thumbnail":false},"uagb_author_info":{"display_name":"danijel.e","author_link":"https:\/\/wpml.org\/de\/author\/danijel-e\/"},"uagb_comment_info":0,"uagb_excerpt":"Alte WPML-Komponenten Wird nur f\u00fcr Websites ben\u00f6tigt, die auf \u00e4lteren WPML-Versionen als 4.5 laufen","_links":{"self":[{"href":"https:\/\/wpml.org\/de\/wp-json\/wp\/v2\/pages\/10915523","targetHints":{"allow":["GET"]}}],"collection":[{"href":"https:\/\/wpml.org\/de\/wp-json\/wp\/v2\/pages"}],"about":[{"href":"https:\/\/wpml.org\/de\/wp-json\/wp\/v2\/types\/page"}],"author":[{"embeddable":true,"href":"https:\/\/wpml.org\/de\/wp-json\/wp\/v2\/users\/235250"}],"replies":[{"embeddable":true,"href":"https:\/\/wpml.org\/de\/wp-json\/wp\/v2\/comments?post=10915523"}],"version-history":[{"count":1,"href":"https:\/\/wpml.org\/de\/wp-json\/wp\/v2\/pages\/10915523\/revisions"}],"predecessor-version":[{"id":10915529,"href":"https:\/\/wpml.org\/de\/wp-json\/wp\/v2\/pages\/10915523\/revisions\/10915529"}],"wp:attachment":[{"href":"https:\/\/wpml.org\/de\/wp-json\/wp\/v2\/media?parent=10915523"}],"wp:term":[{"taxonomy":"related-projects-category","embeddable":true,"href":"https:\/\/wpml.org\/de\/wp-json\/wp\/v2\/related-projects-category?post=10915523"}],"curies":[{"name":"wp","href":"https:\/\/api.w.org\/{rel}","templated":true}]}}