{"id":11414677,"date":"2013-07-10T10:54:22","date_gmt":"2013-07-10T10:54:22","guid":{"rendered":"https:\/\/wpml.org\/documentation-3\/ahnliche-projekte\/optimieren-sie-mehrsprachige-websites-mit-yoast-seo-und-wpml\/"},"modified":"2026-02-26T08:09:19","modified_gmt":"2026-02-26T08:09:19","slug":"optimieren-sie-mehrsprachige-websites-mit-yoast-seo-und-wpml","status":"publish","type":"page","link":"https:\/\/wpml.org\/de\/documentation-3\/plugins-kompatibilitaet\/optimieren-sie-mehrsprachige-websites-mit-yoast-seo-und-wpml\/","title":{"rendered":"Yoast SEO Multilingual \u2013 Optimieren Sie Websites mit WPML"},"content":{"rendered":"\n<div class=\"tb-fields-and-text\" data-toolset-blocks-fields-and-text=\"1bfdc8431e59bcf096caffac6389cfaf\"><p><img decoding=\"async\" class=\"size-full wp-image-15661604 aligncenter\" src=\"https:\/\/wpml.org\/wp-content\/uploads\/2024\/05\/Banner-YoastSEO-1-min.png\" alt=\"\" width=\"1400\" height=\"540\" srcset=\"https:\/\/wpml.org\/wp-content\/uploads\/2024\/05\/Banner-YoastSEO-1-min.png 1400w, https:\/\/wpml.org\/wp-content\/uploads\/2024\/05\/Banner-YoastSEO-1-min-300x116.png 300w, https:\/\/wpml.org\/wp-content\/uploads\/2024\/05\/Banner-YoastSEO-1-min-1024x395.png 1024w, https:\/\/wpml.org\/wp-content\/uploads\/2024\/05\/Banner-YoastSEO-1-min-150x58.png 150w, https:\/\/wpml.org\/wp-content\/uploads\/2024\/05\/Banner-YoastSEO-1-min-768x296.png 768w\" sizes=\"(max-width: 1400px) 100vw, 1400px\" \/><\/p><\/div>\n\n<p class=\"lead\">Erfahren Sie, wie Sie Yoast SEO Meta-Informationen in weitere Sprachen \u00fcbersetzen und Ihre Website f\u00fcr mehrsprachiges SEO optimieren.<\/p>\n\n<div class=\"wp-block-toolset-blocks-grid tb-grid\" data-toolset-blocks-grid=\"53f136bfa28f200d6e261a82c95996b5\">\n<div class=\"wp-block-toolset-blocks-grid-column tb-grid-column tb-grid-align-top\" data-toolset-blocks-grid-column=\"3034fbe886c11054e95b46b09d3e4112\">\n<div class=\"wp-block-toolset-blocks-container tb-container\" data-toolset-blocks-container=\"be73f458495d79428d7e89cedc1b399f\"><\/div>\n\n\n\n<p class=\"tb-heading\" data-toolset-blocks-heading=\"6eee2a0222dd86c811e3129fc3ca4915\" data-last-update=\"1.4\">On-Page-SEO-Elemente \u00fcbersetzen<\/p>\n\n\n\n<p class=\"tb-heading has-text-color\" data-toolset-blocks-heading=\"8f22bb68207bdb49cdf90c813ccae5c6\" data-last-update=\"1.4\">\u00dcbersetzen Sie Titel, Meta-Beschreibungen, URL-Slugs und mehr<\/p>\n<\/div>\n\n\n\n<div class=\"wp-block-toolset-blocks-grid-column tb-grid-column tb-grid-align-top\" data-toolset-blocks-grid-column=\"3034fbe886c11054e95b46b09d3e4112\">\n<div class=\"wp-block-toolset-blocks-container tb-container\" data-toolset-blocks-container=\"e3745882ba0b8c516064055aec850f9c\"><\/div>\n\n\n\n<p class=\"tb-heading\" data-toolset-blocks-heading=\"6eee2a0222dd86c811e3129fc3ca4915\" data-last-update=\"1.4\">F\u00fcr SERP-Funktionen optimieren<\/p>\n\n\n\n<p class=\"tb-heading has-text-color\" data-toolset-blocks-heading=\"8f22bb68207bdb49cdf90c813ccae5c6\" data-last-update=\"1.4\">Schema-Markup \u00fcbersetzen, um in SERP-Funktionen zu erscheinen<\/p>\n<\/div>\n\n\n\n<div class=\"wp-block-toolset-blocks-grid-column tb-grid-column tb-grid-align-top\" data-toolset-blocks-grid-column=\"d70c942bde2021df68b110a492c57696\">\n<div class=\"wp-block-toolset-blocks-container tb-container\" data-toolset-blocks-container=\"8a1b313c9f03b55aaa0c1e630f1582bc\"><\/div>\n\n\n\n<p class=\"tb-heading\" data-toolset-blocks-heading=\"6eee2a0222dd86c811e3129fc3ca4915\" data-last-update=\"1.4\">Indexierung in anderen Sprachen verbessern<\/p>\n\n\n\n<p class=\"tb-heading has-text-color\" data-toolset-blocks-heading=\"8f22bb68207bdb49cdf90c813ccae5c6\" data-last-update=\"1.4\">Helfen Sie Suchmaschinen, Ihre Inhalte mit mehrsprachigen Sitemaps zu finden<\/p>\n<\/div>\n<\/div>\n\n<h2 class=\"wp-block-heading\" id=\"get-started\">Erste Schritte<\/h2>\n\n<p>Um Yoast SEO mit WPML zu verwenden, ben\u00f6tigen Sie die folgenden Plugins: <\/p>\n\n<ul class=\"wp-block-list\">\n<li>Yoast SEO<\/li>\n\n\n\n<li>WPML  <\/li>\n\n\n\n<li>WPML String Translation<\/li>\n\n\n\n<li><a href=\"https:\/\/wpml.org\/de\/documentation-3\/ahnliche-projekte\/wpml-seo\/\">WPML SEO<\/a> (kostenloses Add-on)<\/li>\n<\/ul>\n\n<h2 class=\"wp-block-heading\" id=\"translate-on-page-seo-elements\">On-Page-SEO-Elemente \u00fcbersetzen<\/h2>\n\n<p>WPML kann On-Page-SEO-Elemente \u00fcbersetzen, die Sie mit Yoast zu Inhalten hinzuf\u00fcgen, wie zum Beispiel: <\/p>\n\n<ul class=\"wp-block-list\">\n<li>SEO-Titel<\/li>\n\n\n\n<li>Meta-Beschreibungen<\/li>\n\n\n\n<li>URL-Slugs<\/li>\n\n\n\n<li>Bildunterschriften<\/li>\n\n\n\n<li>Breadcrumbs (Brotkrumen-Navigation)<\/li>\n\n\n\n<li>Soziale Metadaten<\/li>\n<\/ul>\n\n<p>Um diese Elemente zu \u00fcbersetzen, senden Sie einfach den Inhalt, zu dem sie geh\u00f6ren, zur \u00dcbersetzung: <\/p>\n\n<ol class=\"wp-block-list\">\n<li>Gehen Sie zu <strong>WPML<\/strong> \u2192 <strong>Translation Dashboard<\/strong>. <\/li>\n\n\n\n<li>W\u00e4hlen Sie die Seite, den Beitrag oder den benutzerdefinierten Beitrag aus, den Sie \u00fcbersetzen m\u00f6chten. <\/li>\n<\/ol>\n<div class=\"wp-block-image\">\n<figure class=\" tb-image tb-image-dynamic tb-image-frame-none aligncenter\" data-toolset-blocks-image=\"4331ff0834321f888d21daa056d97c76\"><a href=\"https:\/\/wpml.org\/wp-content\/uploads\/2025\/08\/Selecting-content-to-translate.png\"><img decoding=\"async\" width=\"1935\" height=\"1254\" loading=\"lazy\" src=\"https:\/\/wpml.org\/wp-content\/uploads\/2025\/08\/Selecting-content-to-translate.png\" alt=\"\" class=\"wp-image-17327090\" srcset=\"https:\/\/wpml.org\/wp-content\/uploads\/2025\/08\/Selecting-content-to-translate.png 1935w, https:\/\/wpml.org\/wp-content\/uploads\/2025\/08\/Selecting-content-to-translate-300x194.png 300w, https:\/\/wpml.org\/wp-content\/uploads\/2025\/08\/Selecting-content-to-translate-1024x664.png 1024w, https:\/\/wpml.org\/wp-content\/uploads\/2025\/08\/Selecting-content-to-translate-150x97.png 150w, https:\/\/wpml.org\/wp-content\/uploads\/2025\/08\/Selecting-content-to-translate-768x498.png 768w, https:\/\/wpml.org\/wp-content\/uploads\/2025\/08\/Selecting-content-to-translate-1536x995.png 1536w\" sizes=\"auto, (max-width: 1935px) 100vw, 1935px\" \/><\/a><figcaption><div class=\"tb-image-caption\">Inhalte zur \u00dcbersetzung im Translation Dashboard ausw\u00e4hlen<\/div><\/figcaption><\/figure>\n<\/div>\n<ol start=\"3\" class=\"wp-block-list\">\n<li>W\u00e4hlen Sie eine \u00dcbersetzungsmethode und \u00fcbersetzen Sie. F\u00fcr die beste Qualit\u00e4t empfehlen wir die Verwendung der <a href=\"https:\/\/wpml.org\/de\/documentation-3\/automatische-uebersetzung-fuer-wordpress-inhalte-mit-wpml\/\">automatischen \u00dcbersetzung<\/a> von WPML. <\/li>\n<\/ol>\n\n<p>WPML \u00fcbersetzt On-Page-SEO-Elemente automatisch zusammen mit dem Rest Ihrer Inhalte. <\/p>\n\n<h2 class=\"wp-block-heading\" id=\"translating-global-seo-texts\">Globale SEO-Texte \u00fcbersetzen<\/h2>\n\n<p>Um globale SEO-Texte zu \u00fcbersetzen, wie z. B. die Homepage-Beschriftung der Breadcrumbs, folgen Sie diesen Schritten:<\/p>\n\n<ol class=\"wp-block-list\">\n<li>Gehen Sie zu <strong>WPML<\/strong> \u2192 <strong>Translation Dashboard<\/strong>.<\/li>\n\n\n\n<li>Scrollen Sie nach unten zum Bereich <strong>Andere Texte (Strings)<\/strong> und suchen Sie nach Ihren Texten.<\/li>\n\n\n\n<li>W\u00e4hlen Sie Ihre Texte aus und senden Sie diese zur \u00dcbersetzung.<\/li>\n<\/ol>\n\n<h2 class=\"wp-block-heading\">Taxonomie-Metadaten \u00fcbersetzen<\/h2>\n\n<p>Vor unseren letzten WPML-Updates konnten Sie benutzerdefinierte Taxonomie-Metadaten nur manuell \u00fcbersetzen, indem Sie die Sprache im Admin-Bereich gewechselt haben. Jetzt k\u00f6nnen Sie dies \u00fcber das <strong>Translation Dashboard<\/strong> tun. <\/p>\n\n<figure class=\"wp-block-image tb-image tb-image-dynamic tb-image-frame-none\" data-toolset-blocks-image=\"121e0122cc57e1efef820652f3bd1fc9\"><a href=\"https:\/\/wpml.org\/wp-content\/uploads\/2025\/06\/yoast-taxonomy-metadata-example.png\"><img decoding=\"async\" width=\"1914\" height=\"1788\" loading=\"lazy\" src=\"https:\/\/wpml.org\/wp-content\/uploads\/2025\/06\/yoast-taxonomy-metadata-example.png\" alt=\"\" class=\"wp-image-17148882\" srcset=\"https:\/\/wpml.org\/wp-content\/uploads\/2025\/06\/yoast-taxonomy-metadata-example.png 1914w, https:\/\/wpml.org\/wp-content\/uploads\/2025\/06\/yoast-taxonomy-metadata-example-300x280.png 300w, https:\/\/wpml.org\/wp-content\/uploads\/2025\/06\/yoast-taxonomy-metadata-example-1024x957.png 1024w, https:\/\/wpml.org\/wp-content\/uploads\/2025\/06\/yoast-taxonomy-metadata-example-150x140.png 150w, https:\/\/wpml.org\/wp-content\/uploads\/2025\/06\/yoast-taxonomy-metadata-example-768x717.png 768w, https:\/\/wpml.org\/wp-content\/uploads\/2025\/06\/yoast-taxonomy-metadata-example-1536x1435.png 1536w\" sizes=\"auto, (max-width: 1914px) 100vw, 1914px\" \/><\/a><figcaption><div class=\"tb-image-caption\">Beispiel f\u00fcr benutzerdefinierte Taxonomie-Metadaten, die mit Yoast SEO hinzugef\u00fcgt wurden<\/div><\/figcaption><\/figure>\n\n<p>Angenommen, Sie legen den SEO-Titel und die Meta-Beschreibung einer Kategorie fest. Um diese Metadaten zu \u00fcbersetzen: <\/p>\n\n<p>1. Gehen Sie zu <strong>WPML \u2192 \u00dcbersetzungs-Dashboard<\/strong> und scrollen Sie nach unten zum Abschnitt <strong>Yoast SEO<\/strong>.<\/p>\n\n<p>2. W\u00e4hlen Sie <strong>Term Meta<\/strong> aus und senden Sie es zur \u00dcbersetzung. Dadurch werden alle benutzerdefinierten Texte \u00fcbersetzt, die in Yoast SEO-Feldern innerhalb einzelner Taxonomien hinzugef\u00fcgt wurden. <\/p>\n\n<figure class=\"wp-block-image tb-image tb-image-dynamic tb-image-frame-none\" data-toolset-blocks-image=\"00b8279b5df45ba72550f840ef09f718\"><a href=\"https:\/\/wpml.org\/wp-content\/uploads\/2025\/08\/translate-yoast-term-meta-scaled-1.png\"><img decoding=\"async\" width=\"2560\" height=\"1697\" loading=\"lazy\" src=\"https:\/\/wpml.org\/wp-content\/uploads\/2025\/08\/translate-yoast-term-meta-scaled-1.png\" alt=\"\" class=\"wp-image-17327104\" srcset=\"https:\/\/wpml.org\/wp-content\/uploads\/2025\/08\/translate-yoast-term-meta-scaled-1.png 2560w, https:\/\/wpml.org\/wp-content\/uploads\/2025\/08\/translate-yoast-term-meta-scaled-1-300x199.png 300w, https:\/\/wpml.org\/wp-content\/uploads\/2025\/08\/translate-yoast-term-meta-scaled-1-1024x679.png 1024w, https:\/\/wpml.org\/wp-content\/uploads\/2025\/08\/translate-yoast-term-meta-scaled-1-150x99.png 150w, https:\/\/wpml.org\/wp-content\/uploads\/2025\/08\/translate-yoast-term-meta-scaled-1-768x509.png 768w, https:\/\/wpml.org\/wp-content\/uploads\/2025\/08\/translate-yoast-term-meta-scaled-1-1536x1018.png 1536w, https:\/\/wpml.org\/wp-content\/uploads\/2025\/08\/translate-yoast-term-meta-scaled-1-2048x1358.png 2048w\" sizes=\"auto, (max-width: 2560px) 100vw, 2560px\" \/><\/a><figcaption><div class=\"tb-image-caption\">\u00dcbersetzen von Yoast SEO Taxonomie-Metadaten \u00fcber das \u00dcbersetzungs-Dashboard<\/div><\/figcaption><\/figure>\n\n<p>Das \u00dcbersetzen der Taxonomie-Metadaten \u00fcber das <strong>Translation Dashboard<\/strong> \u00fcberschreibt alle manuellen \u00dcbersetzungen, die Sie zuvor hinzugef\u00fcgt haben.<\/p>\n\n<p>Wenn Sie deren Metadaten nicht \u00fcbersetzen, verwenden \u00fcbersetzte Kategorien die standardm\u00e4\u00dfigen (globalen) Metadaten, die in den Yoast-Einstellungen hinzugef\u00fcgt wurden. Um die Standard-Metadaten zu \u00fcbersetzen, gehen Sie zu <strong>WPML \u2192 String Translation<\/strong> und filtern Sie nach SEO-Strings (<strong>admin_texts_wpseo_titles<\/strong>). <\/p>\n\n<h2 class=\"wp-block-heading\" id=\"translate-schema-markup\">Schema-Markup \u00fcbersetzen<\/h2>\n\n<p>WPML kann jede Art von Schema-Markup \u00fcbersetzen, die Sie mit Yoast SEO erstellen. Dazu geh\u00f6ren Produkt-, Rezept-, Bewertungs-, FAQ- und alle anderen <a href=\"https:\/\/yoast.com\/structured-data-schema-ultimate-guide\/#kinds\" target=\"_blank\" rel=\"noreferrer noopener\">von Yoast unterst\u00fctzten Markups<\/a>.  <\/p>\n\n<p>Um Ihr Schema-Markup zu \u00fcbersetzen, senden Sie einfach Ihren Inhalt zur \u00dcbersetzung. WPML generiert das Schema-Markup automatisch unter Verwendung Ihrer \u00dcbersetzungen.  <\/p>\n\n<h2 class=\"wp-block-heading\" id=\"create-multilingual-sitemaps\">Mehrsprachige Sitemaps erstellen<\/h2>\n\n<p>WPML arbeitet mit Yoast zusammen, um Ihre Originalinhalte und \u00fcbersetzten Inhalte automatisch in einer Sitemap zu organisieren. Es gibt nur eine Sitemap f\u00fcr alle Sprachen (au\u00dfer wenn Sie <a href=\"https:\/\/wpml.org\/documentation\/getting-started-guide\/language-setup\/language-url-options\/how-to-use-wpml-with-different-domains-per-language\/\">separate Domains f\u00fcr jede Sprache erstellen<\/a>). <\/p>\n\n<h3 class=\"wp-block-heading\">Hreflang-Tags verwenden<\/h3>\n\n<p>Standardm\u00e4\u00dfig f\u00fcgt WPML <a href=\"https:\/\/wpml.org\/documentation\/support\/adding-hreflang-wordpress\/\">hreflang-Tags<\/a> f\u00fcr jede URL-Variation direkt in die XML-Sitemap ein, um ein effizienteres SEO zu erm\u00f6glichen.<\/p>\n\n<div class=\"wp-block-toolset-blocks-container tb-container\" data-toolset-blocks-container=\"2c91a1408f0350425618fe679f6cd945\">\n<div class=\"wp-block-toolset-blocks-grid tb-grid\" data-toolset-blocks-grid=\"37d19417981b1b97920df56c088840a6\">\n<div class=\"wp-block-toolset-blocks-grid-column tb-grid-column tb-grid-align-top\" data-toolset-blocks-grid-column=\"3034fbe886c11054e95b46b09d3e4112\">\n<div class=\"wp-block-toolset-blocks-container tb-container\" data-toolset-blocks-container=\"8462661d63c4401da3f7686632759d01\"><\/div>\n<\/div>\n\n\n\n<div class=\"wp-block-toolset-blocks-grid-column tb-grid-column tb-grid-align-top\" data-toolset-blocks-grid-column=\"3034fbe886c11054e95b46b09d3e4112\">\n<p class=\"tb-heading has-text-color\" data-toolset-blocks-heading=\"6b0edee257fd23ea76bab786d83a8c96\" data-last-update=\"1.4\"><strong>Hinweis:<\/strong> Diese \u00c4nderung ist nur im XML-Quellcode sichtbar.<\/p>\n\n\n\n<p class=\"tb-heading has-text-color\" data-toolset-blocks-heading=\"c1ace1a37913fe1cf5b4191d09bc8145\" data-last-update=\"1.4\">Wenn Sie Ihre Sitemap in einem Browser \u00f6ffnen, werden Sie die hreflang-Tags in der f\u00fcr Menschen lesbaren Ansicht nicht sehen. Dies ist beabsichtigt. Um zu best\u00e4tigen, dass die Tags vorhanden sind, rufen Sie den Seitenquelltext auf \u2013 dort sehen Sie die hreflang-Tags korrekt im rohen XML enthalten.  <\/p>\n<\/div>\n<\/div>\n<\/div>\n\n<p>Wenn Sie hreflang-Tags stattdessen im Seiten- bevorzugen, folgen Sie diesen Schritten:<\/p>\n\n<p>1. Deaktivieren Sie die Sitemap-Funktion, indem Sie den folgenden Code in Ihre <strong>wp-config.php<\/strong> einf\u00fcgen:<\/p>\n\n<pre class=\"wp-block-preformatted\">define( 'WPML_SEO_ENABLE_SITEMAP_HREFLANG', false );  <\/pre>\n\n<p>2. Gehen Sie zu <strong>WPML \u2192 Sprachen<\/strong> und scrollen Sie nach unten zu den <strong>SEO-Optionen<\/strong>. Aktivieren Sie dort die Einstellung <strong>Alternative Sprachen im HEAD-Bereich anzeigen<\/strong>. <\/p>\n\n<figure class=\"wp-block-image tb-image tb-image-dynamic tb-image-frame-none\" data-toolset-blocks-image=\"022f014f7dcb8a799fbee75dd779b8ef\"><a href=\"https:\/\/wpml.org\/wp-content\/uploads\/2025\/08\/display-alternative-languages-1.png\"><img decoding=\"async\" width=\"2348\" height=\"1374\" loading=\"lazy\" src=\"https:\/\/wpml.org\/wp-content\/uploads\/2025\/08\/display-alternative-languages-1.png\" alt=\"\" class=\"wp-image-17327142\" srcset=\"https:\/\/wpml.org\/wp-content\/uploads\/2025\/08\/display-alternative-languages-1.png 2348w, https:\/\/wpml.org\/wp-content\/uploads\/2025\/08\/display-alternative-languages-1-300x176.png 300w, https:\/\/wpml.org\/wp-content\/uploads\/2025\/08\/display-alternative-languages-1-1024x599.png 1024w, https:\/\/wpml.org\/wp-content\/uploads\/2025\/08\/display-alternative-languages-1-150x88.png 150w, https:\/\/wpml.org\/wp-content\/uploads\/2025\/08\/display-alternative-languages-1-768x449.png 768w, https:\/\/wpml.org\/wp-content\/uploads\/2025\/08\/display-alternative-languages-1-1536x899.png 1536w, https:\/\/wpml.org\/wp-content\/uploads\/2025\/08\/display-alternative-languages-1-2048x1198.png 2048w\" sizes=\"auto, (max-width: 2348px) 100vw, 2348px\" \/><\/a><figcaption><div class=\"tb-image-caption\">Aktivieren der Einstellung, die hreflang-Tags im Seiten-<head hinzuf\u00fcgt><\/div><\/figcaption><\/figure>\n\n<p>WPML unterst\u00fctzt auch ein x-default hreflang-Attribut, das festlegt, wohin Benutzer geleitet werden, wenn ihre Sprache nicht in anderen hreflang-Tags enthalten ist.<\/p>\n\n<h2 class=\"wp-block-heading\" id=\"get-started-yoast-wpml\">Erste Schritte mit Yoast SEO &amp; WPML<\/h2>\n\n<p>Um Yoast SEO mit WPML zu verwenden, ben\u00f6tigen Sie den Multilingual CMS- oder Multilingual Agency-Plan von WPML. <\/p>\n\n<p>Um mehr \u00fcber unsere Tarife zu erfahren, besuchen Sie unsere <a href=\"https:\/\/wpml.org\/de\/purchase\/\">Preisseite<\/a>. <\/p>\n\n<h2 class=\"wp-block-heading\" id=\"support-help\">Support &amp; Hilfe<\/h2>\n\n<p>Haben Sie ein Problem beim \u00dcbersetzen von Yoast SEO? Besuchen Sie unsere <a href=\"https:\/\/wpml.org\/known-issues\/\">Bekannten Probleme und L\u00f6sungen<\/a>, um eine L\u00f6sung f\u00fcr Ihr Problem zu finden.  <\/p>\n\n<p>Ben\u00f6tigen Sie immer noch Hilfe? \u00d6ffnen Sie ein <a href=\"https:\/\/wpml.org\/de\/forums\/forum\/support-in-deutsch\/\">Support-Ticket<\/a>.  <\/p>\n","protected":false},"excerpt":{"rendered":"<p class=\"lead\">Yoast SEO und WPML betreiben Zehntausende mehrsprachiger WordPress-Websites. Gemeinsam helfen sie Ihnen, die Inhalte Ihrer Website f\u00fcr Suchmaschinen in jeder Sprache der Website zu optimieren (mehrsprachiges SEO). <\/p>\n","protected":false},"author":578773,"featured_media":0,"parent":16317470,"menu_order":41,"comment_status":"closed","ping_status":"closed","template":"template-sidebar-2.php","meta":{"_bbp_topic_count":0,"_bbp_reply_count":0,"_bbp_total_topic_count":0,"_bbp_total_reply_count":0,"_bbp_voice_count":0,"_bbp_anonymous_reply_count":0,"_bbp_topic_count_hidden":0,"_bbp_reply_count_hidden":0,"_bbp_forum_subforum_count":0,"_uag_custom_page_level_css":"","ep_exclude_from_search":false,"footnotes":""},"related-projects-category":[27822],"class_list":["post-11414677","page","type-page","status-publish","hentry","related-projects-category-seo-de"],"spectra_custom_meta":{"ratings_users":["0"],"ratings_score":["0"],"ratings_average":["0"],"_subscription_coupon_product_id":["0"],"_wpv_contains_gutenberg_views":[""],"_alp_processed":["1772093359"],"_views_template":["0"],"wpcf-unformatted-code":[""],"_wpml_media_duplicate":["1"],"_wpml_media_featured":["1"],"toolset_post_editor_mode":["block"],"wpcf-price-increase-show-from":[""],"wpcf-price-increase-show-till":[""],"_wp_page_template":["template-sidebar-2.php"],"_last_translation_edit_mode":["translation-editor"],"_wpml_word_count":["1057"],"_oembed_9d8f38350a62c2462b3bba4cd94fcb5c":["{{unknown}}"],"_oembed_2b752d957f9927f85cd3e8f1842c4adf":["{{unknown}}"],"wpcf-price-increase-content":[""],"wpcf-login-box-title":[""],"wpcf-page-content":[""],"_yoast_wpseo_primary_related-projects-category":["26973"],"_oembed_4cfc36a20eaaa6d52ffcb90b45efbebf":["{{unknown}}"],"_yoast_wpseo_metadesc":["Erfahren Sie, wie Sie Yoast SEO Meta-Informationen in weitere Sprachen \u00fcbersetzen und Ihre Website f\u00fcr mehrsprachiges SEO optimieren."],"_yoast_wpseo_focuskw":["mehrsprachiges SEO"],"_uag_css_file_name":["uag-css-11414677.css"],"_uag_page_assets":["a:9:{s:3:\"css\";s:260:\".uag-blocks-common-selector{z-index:var(--z-index-desktop) !important}@media(max-width: 976px){.uag-blocks-common-selector{z-index:var(--z-index-tablet) !important}}@media(max-width: 767px){.uag-blocks-common-selector{z-index:var(--z-index-mobile) !important}}\";s:2:\"js\";s:0:\"\";s:18:\"current_block_list\";a:12:{i:0;s:30:\"toolset-blocks\/fields-and-text\";i:1;s:14:\"core\/paragraph\";i:2;s:19:\"toolset-blocks\/grid\";i:3;s:26:\"toolset-blocks\/grid-column\";i:4;s:24:\"toolset-blocks\/container\";i:5;s:22:\"toolset-blocks\/heading\";i:6;s:12:\"core\/heading\";i:7;s:9:\"core\/list\";i:8;s:14:\"core\/list-item\";i:9;s:20:\"toolset-blocks\/image\";i:10;s:17:\"core\/preformatted\";i:11;s:14:\"core\/shortcode\";}s:8:\"uag_flag\";b:0;s:11:\"uag_version\";s:10:\"1778587957\";s:6:\"gfonts\";a:0:{}s:10:\"gfonts_url\";s:0:\"\";s:12:\"gfonts_files\";a:0:{}s:14:\"uag_faq_layout\";b:0;}"]},"uagb_featured_image_src":{"full":false,"thumbnail":false,"medium":false,"medium_large":false,"large":false,"1536x1536":false,"2048x2048":false,"gform-image-choice-sm":false,"gform-image-choice-md":false,"gform-image-choice-lg":false,"woocommerce_thumbnail":false,"woocommerce_single":false,"woocommerce_gallery_thumbnail":false},"uagb_author_info":{"display_name":"Tomer Helzer","author_link":"https:\/\/wpml.org\/de\/author\/tomer-h\/"},"uagb_comment_info":0,"uagb_excerpt":"Yoast SEO und WPML betreiben Zehntausende mehrsprachiger WordPress-Websites. Gemeinsam helfen sie Ihnen, die Inhalte Ihrer Website f\u00fcr Suchmaschinen in jeder Sprache der Website zu optimieren (mehrsprachiges SEO).","_links":{"self":[{"href":"https:\/\/wpml.org\/de\/wp-json\/wp\/v2\/pages\/11414677","targetHints":{"allow":["GET"]}}],"collection":[{"href":"https:\/\/wpml.org\/de\/wp-json\/wp\/v2\/pages"}],"about":[{"href":"https:\/\/wpml.org\/de\/wp-json\/wp\/v2\/types\/page"}],"author":[{"embeddable":true,"href":"https:\/\/wpml.org\/de\/wp-json\/wp\/v2\/users\/578773"}],"replies":[{"embeddable":true,"href":"https:\/\/wpml.org\/de\/wp-json\/wp\/v2\/comments?post=11414677"}],"version-history":[{"count":8,"href":"https:\/\/wpml.org\/de\/wp-json\/wp\/v2\/pages\/11414677\/revisions"}],"predecessor-version":[{"id":17855069,"href":"https:\/\/wpml.org\/de\/wp-json\/wp\/v2\/pages\/11414677\/revisions\/17855069"}],"up":[{"embeddable":true,"href":"https:\/\/wpml.org\/de\/wp-json\/wp\/v2\/pages\/16317470"}],"wp:attachment":[{"href":"https:\/\/wpml.org\/de\/wp-json\/wp\/v2\/media?parent=11414677"}],"wp:term":[{"taxonomy":"related-projects-category","embeddable":true,"href":"https:\/\/wpml.org\/de\/wp-json\/wp\/v2\/related-projects-category?post=11414677"}],"curies":[{"name":"wp","href":"https:\/\/api.w.org\/{rel}","templated":true}]}}