{"id":11415341,"date":"2022-06-08T13:41:34","date_gmt":"2022-06-08T13:41:34","guid":{"rendered":"https:\/\/wpml.org\/documentation-3\/ratgeber-zum-loslegen\/einstellung-der-sprachen\/aktivieren-eines-sprach-cookies-zur-unterstuetzung-der-ajax-filterung\/"},"modified":"2024-05-24T08:21:17","modified_gmt":"2024-05-24T08:21:17","slug":"aktivieren-eines-sprach-cookies-zur-unterstuetzung-der-ajax-filterung","status":"publish","type":"page","link":"https:\/\/wpml.org\/de\/documentation-3\/ratgeber-zum-loslegen\/einstellung-der-sprachen\/aktivieren-eines-sprach-cookies-zur-unterstuetzung-der-ajax-filterung\/","title":{"rendered":"Aktivieren eines Sprach-Cookies zur Unterst\u00fctzung von AJAX-Filtern"},"content":{"rendered":"\n<p class=\"lead\">WPML Multilingual &#038; Multicurrency for WooCommerce und einige Themes und Plugins m\u00fcssen AJAX-Aufrufe im Frontend auf der Grundlage von Sprachinformationen ausf\u00fchren. Zu diesem Zweck m\u00fcssen Sie eventuell ein Sprach-Cookie aktivieren, das AJAX-Filter unterst\u00fctzt.<\/p>\n\n<p>Um Sprachinformationen f\u00fcr die Frontend-AJAX-Aufrufe zu aktivieren, gehen Sie zu <strong>WPML<\/strong> \u2192 <strong>Sprachen<\/strong> und scrollen Sie nach unten zum Abschnitt <strong>Sprachfilter f\u00fcr AJAX-Operationen <\/strong>. Aktivieren Sie dort die Option <strong>Ein Sprach-Cookie speichern, um die Sprachfilterung f\u00fcr AJAX zu unterst\u00fctzen<\/strong>.<\/p>\n<div class=\"wp-block-image\">\n<figure class=\" tb-image tb-image-dynamic tb-image-frame-none aligncenter\" data-toolset-blocks-image=\"140e5ba8514a71e257816c8fb2c5964a\"><a href=\"https:\/\/wpml.org\/wp-content\/uploads\/2017\/06\/wpml-store-a-language-cookie-to-support-language-filtering-for-AJAX.png\"><img decoding=\"async\" width=\"950\" height=\"137\" loading=\"lazy\" src=\"https:\/\/wpml.org\/wp-content\/uploads\/2017\/06\/wpml-store-a-language-cookie-to-support-language-filtering-for-AJAX.png\" alt=\"\" class=\"wp-image-11415345\" srcset=\"https:\/\/wpml.org\/wp-content\/uploads\/2017\/06\/wpml-store-a-language-cookie-to-support-language-filtering-for-AJAX.png 950w, https:\/\/wpml.org\/wp-content\/uploads\/2017\/06\/wpml-store-a-language-cookie-to-support-language-filtering-for-AJAX-150x22.png 150w, https:\/\/wpml.org\/wp-content\/uploads\/2017\/06\/wpml-store-a-language-cookie-to-support-language-filtering-for-AJAX-300x43.png 300w, https:\/\/wpml.org\/wp-content\/uploads\/2017\/06\/wpml-store-a-language-cookie-to-support-language-filtering-for-AJAX-768x111.png 768w\" sizes=\"auto, (max-width: 950px) 100vw, 950px\" \/><\/a><figcaption><div class=\"tb-image-caption\">Aktivieren des Sprach-Cookies, das die AJAX-Filterung im Frontend unterst\u00fctzt<\/div><\/figcaption><\/figure>\n<\/div>\n<p>Jetzt setzt WPML mit Hilfe von JavaScript ein Cookie, das es ihm erm\u00f6glicht, bei AJAX-Operationen den richtigen Inhalt zur\u00fcckzugeben.<\/p>\n\n<p>So funktioniert das f\u00fcr Besucher:<\/p>\n\n<ul class=\"wp-block-list\"><li>F\u00fcr Benutzer, die angemeldet sind, \u00e4ndert sich nichts und diese Einstellung wird nicht angewendet. Das Sprach-Cookie wird normalerweise mit PHP gespeichert.<\/li><li>Bei Benutzern, die nicht angemeldet sind, pr\u00fcft WPML, ob diese Einstellung aktiviert ist, und wenn ja, wird das Sprach-Cookie mithilfe von JavaScript gesetzt. Damit kann WPML das Sprach-Cookie auch dann setzen, wenn die Website im Cache ist.<\/li><\/ul>\n\n<p>Wenn Sie WPML 4.5 oder h\u00f6her verwenden, ist diese Einstellung standardm\u00e4\u00dfig aktiviert. Wenn Sie feststellen, dass es Ihr Caching Plugin st\u00f6rt, k\u00f6nnen Sie es mit den gleichen Schritten wie oben beschrieben deaktivieren.<\/p>\n","protected":false},"excerpt":{"rendered":"<p>WPML Multilingual &#038; Multicurrency for WooCommerce und einige Themes und Plugins m\u00fcssen AJAX-Aufrufe im Frontend auf der Grundlage von Sprachinformationen ausf\u00fchren. Zu diesem Zweck m\u00fcssen Sie eventuell ein Sprach-Cookie aktivieren, das AJAX-Filter unterst\u00fctzt. Um Sprachinformationen f\u00fcr die Frontend-AJAX-Aufrufe zu aktivieren, gehen Sie zu WPML \u2192 Sprachen und scrollen Sie nach unten zum Abschnitt Sprachfilter f\u00fcr [&hellip;]<\/p>\n","protected":false},"author":76577,"featured_media":0,"parent":1439,"menu_order":79,"comment_status":"closed","ping_status":"closed","template":"","meta":{"_bbp_topic_count":0,"_bbp_reply_count":0,"_bbp_total_topic_count":0,"_bbp_total_reply_count":0,"_bbp_voice_count":0,"_bbp_anonymous_reply_count":0,"_bbp_topic_count_hidden":0,"_bbp_reply_count_hidden":0,"_bbp_forum_subforum_count":0,"ep_exclude_from_search":false,"footnotes":""},"related-projects-category":[],"class_list":["post-11415341","page","type-page","status-publish","hentry"],"_links":{"self":[{"href":"https:\/\/wpml.org\/de\/wp-json\/wp\/v2\/pages\/11415341","targetHints":{"allow":["GET"]}}],"collection":[{"href":"https:\/\/wpml.org\/de\/wp-json\/wp\/v2\/pages"}],"about":[{"href":"https:\/\/wpml.org\/de\/wp-json\/wp\/v2\/types\/page"}],"author":[{"embeddable":true,"href":"https:\/\/wpml.org\/de\/wp-json\/wp\/v2\/users\/76577"}],"replies":[{"embeddable":true,"href":"https:\/\/wpml.org\/de\/wp-json\/wp\/v2\/comments?post=11415341"}],"version-history":[{"count":4,"href":"https:\/\/wpml.org\/de\/wp-json\/wp\/v2\/pages\/11415341\/revisions"}],"predecessor-version":[{"id":15666127,"href":"https:\/\/wpml.org\/de\/wp-json\/wp\/v2\/pages\/11415341\/revisions\/15666127"}],"up":[{"embeddable":true,"href":"https:\/\/wpml.org\/de\/wp-json\/wp\/v2\/pages\/1439"}],"wp:attachment":[{"href":"https:\/\/wpml.org\/de\/wp-json\/wp\/v2\/media?parent=11415341"}],"wp:term":[{"taxonomy":"related-projects-category","embeddable":true,"href":"https:\/\/wpml.org\/de\/wp-json\/wp\/v2\/related-projects-category?post=11415341"}],"curies":[{"name":"wp","href":"https:\/\/api.w.org\/{rel}","templated":true}]}}