{"id":1154718,"date":"2016-12-08T10:08:52","date_gmt":"2016-12-08T10:08:52","guid":{"rendered":"https:\/\/wpml.org\/documentation-3\/ratgeber-zum-loslegen\/einstellung-der-sprachen\/sprachverzeichnis-fuer-die-standardsprache\/"},"modified":"2024-06-07T09:54:32","modified_gmt":"2024-06-07T09:54:32","slug":"sprachverzeichnis-fuer-die-standardsprache","status":"publish","type":"page","link":"https:\/\/wpml.org\/de\/documentation-3\/ratgeber-zum-loslegen\/einstellung-der-sprachen\/sprachverzeichnis-fuer-die-standardsprache\/","title":{"rendered":"Sprachverzeichnis f\u00fcr die Standardsprache"},"content":{"rendered":"\n<p class=\"lead\">WPML erm\u00f6glicht es Ihnen, eine spezielle Root-Seite f\u00fcr Ihre Website zu erstellen. Das bedeutet, dass unabh\u00e4ngig von den auf Ihrer Website verf\u00fcgbaren Sprachen alle Ihre Besucher dieselbe Startseite sehen werden.<\/p>\n\n<p>Mit WPML k\u00f6nnen Sie virtuelle Verzeichnisse f\u00fcr alle Sprachen erstellen, auch f\u00fcr die Standardsprache. Dabei handelt es sich nicht um echte physische Verzeichnisse auf dem Laufwerk des Servers, sondern um virtuelle Verzeichnisse, die nur in URLs erscheinen.<\/p>\n\n<div class=\"wp-block-toolset-blocks-container tb-container\" data-toolset-blocks-container=\"b1991dfb59bacdeebdc97e40f18802e1\">\n<p>Bitte beachten Sie, dass, wenn die <strong>Option Verzeichnis f\u00fcr Standardsprache verwenden<\/strong> auf der Seite <strong>WPML \u2192 Sprachen<\/strong> eingestellt ist, eine Stammseite <strong>verwendet werden muss<\/strong>.<\/p>\n<\/div>\n\n<p>Mit Sprachordnern f\u00fcr alle Sprachen kann die Struktur Ihrer Website wie folgt aussehen:<\/p>\n\n<p><code>mysite.com\/en\/<br\/>mysite.com\/es\/<br\/>mysite.com\/fr\/<\/code><\/p>\n\n<p>Um dieses Format zu aktivieren, gehen Sie zu <strong>WPML \u2192 Sprachen<\/strong> und scrollen Sie nach unten zum Abschnitt <strong>Sprachen-URL-Format<\/strong>.<\/p>\n<div class=\"wp-block-image\">\n<figure class=\" tb-image tb-image-dynamic tb-image-frame-none aligncenter\" data-toolset-blocks-image=\"b0d5cdd566a0e677022a204bf9eb9a52\"><a href=\"https:\/\/wpml.org\/wp-content\/uploads\/2023\/06\/wpml-url-format-directory-for-default-language.png\"><img decoding=\"async\" width=\"1946\" height=\"872\" loading=\"lazy\" src=\"https:\/\/wpml.org\/wp-content\/uploads\/2023\/06\/wpml-url-format-directory-for-default-language.png\" alt=\"\" class=\"wp-image-13759811\" srcset=\"https:\/\/wpml.org\/wp-content\/uploads\/2023\/06\/wpml-url-format-directory-for-default-language.png 1946w, https:\/\/wpml.org\/wp-content\/uploads\/2023\/06\/wpml-url-format-directory-for-default-language-300x134.png 300w, https:\/\/wpml.org\/wp-content\/uploads\/2023\/06\/wpml-url-format-directory-for-default-language-1024x459.png 1024w, https:\/\/wpml.org\/wp-content\/uploads\/2023\/06\/wpml-url-format-directory-for-default-language-150x67.png 150w, https:\/\/wpml.org\/wp-content\/uploads\/2023\/06\/wpml-url-format-directory-for-default-language-768x344.png 768w, https:\/\/wpml.org\/wp-content\/uploads\/2023\/06\/wpml-url-format-directory-for-default-language-1536x688.png 1536w\" sizes=\"auto, (max-width: 1946px) 100vw, 1946px\" \/><\/a><figcaption><div class=\"tb-image-caption\"><em>Ausw\u00e4hlen der Option Verzeichnis f\u00fcr Standardsprache verwenden<\/em><\/div><\/figcaption><\/figure>\n<\/div>\n<p><strong>Auf dieser Seite:<\/strong><\/p>\n\n<ul class=\"wp-block-list\">\n<li><a href=\"#what-is-a-root-page-and-do-i-need-one\">Was ist eine Root-Seite und brauche ich eine?<\/a><\/li>\n\n\n\n<li><a href=\"#setting-up-the-root-page\">Einrichten der Root-Seite<\/a>\n<ul class=\"wp-block-list\">\n<li><a href=\"#selecting-an-html-file\">Ausw\u00e4hlen einer HTML-Datei<\/a>\n<ul class=\"wp-block-list\">\n<li><a href=\"#using-a-relative-path\">Einen relativen Pfad verwenden<\/a><\/li>\n\n\n\n<li><a href=\"#using-an-absolute-path\">Einen absoluten Pfad verwenden<\/a><\/li>\n<\/ul>\n<\/li>\n<\/ul>\n<\/li>\n\n\n\n<li><a href=\"#selecting-a-wordpress-page\">Ausw\u00e4hlen einer WordPress Seite<\/a>\n<ul class=\"wp-block-list\">\n<li><a href=\"#how-to-edit-an-existing-root-page\">So bearbeiten Sie eine vorhandene Stammseite<\/a><\/li>\n\n\n\n<li><a href=\"#redirect-the-root-domain-to-the-default-language-directory\">Umleitung der Root-Dom\u00e4ne auf das Standard-Sprachverzeichnis<\/a><\/li>\n<\/ul>\n<\/li>\n<\/ul>\n\n<h2 class=\"wp-block-heading\">Was ist eine Root-Seite und brauche ich eine?<\/h2>\n\n<p>Die Root-Seite Ihrer Website ist der Inhalt, der geladen wird, wenn Besucher Ihren Domainnamen, also <strong>mysite.com<\/strong>, in einem Browser aufrufen. Wenn Sie die Option <strong>Verzeichnis f\u00fcr Standardsprache verwenden verwenden<\/strong>, wird die Startseite f\u00fcr alle Besucher Ihrer Website dieselbe sein, unabh\u00e4ngig von den verf\u00fcgbaren Sprachen auf Ihrer Website.<\/p>\n\n<p>Unten sehen Sie ein einfaches Beispiel f\u00fcr eine Startseite, die eine Willkommensnachricht und Links zu den Sprachversionen der Website enth\u00e4lt.<\/p>\n<div class=\"wp-block-image\">\n<figure class=\" tb-image tb-image-dynamic tb-image-frame-none aligncenter\" data-toolset-blocks-image=\"9bf1eb76bc1a80c3cd5e0cc2cefb9366\"><a href=\"https:\/\/wpml.org\/wp-content\/uploads\/2023\/06\/wpml-different-directories-root-page.jpeg\"><img decoding=\"async\" width=\"1658\" height=\"1194\" loading=\"lazy\" src=\"https:\/\/wpml.org\/wp-content\/uploads\/2023\/06\/wpml-different-directories-root-page.jpeg\" alt=\"\" class=\"wp-image-13759847\" srcset=\"https:\/\/wpml.org\/wp-content\/uploads\/2023\/06\/wpml-different-directories-root-page.jpeg 1658w, https:\/\/wpml.org\/wp-content\/uploads\/2023\/06\/wpml-different-directories-root-page-300x216.jpeg 300w, https:\/\/wpml.org\/wp-content\/uploads\/2023\/06\/wpml-different-directories-root-page-1024x737.jpeg 1024w, https:\/\/wpml.org\/wp-content\/uploads\/2023\/06\/wpml-different-directories-root-page-150x108.jpeg 150w, https:\/\/wpml.org\/wp-content\/uploads\/2023\/06\/wpml-different-directories-root-page-768x553.jpeg 768w, https:\/\/wpml.org\/wp-content\/uploads\/2023\/06\/wpml-different-directories-root-page-1536x1106.jpeg 1536w\" sizes=\"auto, (max-width: 1658px) 100vw, 1658px\" \/><\/a><figcaption><div class=\"tb-image-caption\"><em>Eine Stammseite auf dem Frontend<\/em><\/div><\/figcaption><\/figure>\n<\/div>\n<h2 class=\"wp-block-heading\">Einrichten der Root-Seite<\/h2>\n\n<p>Um eine Stammseite zu verwenden, <strong>m\u00fcssen<\/strong> Sie zun\u00e4chst die Option <strong>Verschiedene Sprachen in Verzeichnissen<\/strong> ausw\u00e4hlen.<\/p>\n\n<p>Dann aktivieren Sie die Option <strong>Verzeichnis f\u00fcr Standardsprache verwenden<\/strong>.<\/p>\n\n<p>Nun <strong>m\u00fcssen<\/strong> Sie festlegen, was in die Root-URL Ihrer Website aufgenommen werden soll. F\u00fcr die Root-URL k\u00f6nnen Sie zwischen einer <a href=\"#selecting-an-html-file\">HTML-Datei<\/a> oder einer <a href=\"#selecting-a-wordpress-page\">WordPress-Seite<\/a> w\u00e4hlen.<\/p>\n\n<h3 class=\"wp-block-heading\">Ausw\u00e4hlen einer HTML-Datei<\/h3>\n\n<p>Wenn Sie eine HTML<strong> <\/strong>Datei ben\u00f6tigen, m\u00fcssen Sie den Pfad angeben. Wenn der Pfad mit einem Schr\u00e4gstrich <strong>&#8222;\/&#8220;<\/strong> beginnt <strong>,<\/strong> handelt es sich um einen absoluten Pfad auf dem Server. Andernfalls ist sie relativ zum WordPress Verzeichnis.<\/p>\n\n<h4 class=\"wp-block-heading\">Einen relativen Pfad verwenden<\/h4>\n\n<p>Sie k\u00f6nnen die HTML-Datei, die Sie f\u00fcr Ihre Root-Seite verwenden m\u00f6chten, mit einem FTP-Programm hochladen und im WordPress-Verzeichnis Ihrer Website ablegen, wie in der Abbildung unten gezeigt.<\/p>\n<div class=\"wp-block-image\">\n<figure class=\" tb-image tb-image-dynamic tb-image-frame-none aligncenter\" data-toolset-blocks-image=\"f47722f010666e876fca98401f86f449\"><a href=\"https:\/\/wpml.org\/wp-content\/uploads\/2023\/06\/html-relative-page-in-WP-root.png\"><img decoding=\"async\" width=\"1358\" height=\"776\" loading=\"lazy\" src=\"https:\/\/wpml.org\/wp-content\/uploads\/2023\/06\/html-relative-page-in-WP-root.png\" alt=\"\" class=\"wp-image-13759869\" srcset=\"https:\/\/wpml.org\/wp-content\/uploads\/2023\/06\/html-relative-page-in-WP-root.png 1358w, https:\/\/wpml.org\/wp-content\/uploads\/2023\/06\/html-relative-page-in-WP-root-300x171.png 300w, https:\/\/wpml.org\/wp-content\/uploads\/2023\/06\/html-relative-page-in-WP-root-1024x585.png 1024w, https:\/\/wpml.org\/wp-content\/uploads\/2023\/06\/html-relative-page-in-WP-root-150x86.png 150w, https:\/\/wpml.org\/wp-content\/uploads\/2023\/06\/html-relative-page-in-WP-root-768x439.png 768w\" sizes=\"auto, (max-width: 1358px) 100vw, 1358px\" \/><\/a><figcaption><div class=\"tb-image-caption\"><em>Hochladen einer HTML-Datei in Ihr WordPress Verzeichnis<\/em><\/div><\/figcaption><\/figure>\n<\/div>\n<p>Sobald die Datei hochgeladen ist, k\u00f6nnen Sie ihren relativen Pfad festlegen, indem Sie einfach den Namen der Datei angeben. Als Beispiel setzen wir den Dateinamen auf <strong>root-page.html<\/strong>.<\/p>\n<div class=\"wp-block-image\">\n<figure class=\" tb-image tb-image-dynamic tb-image-frame-none aligncenter\" data-toolset-blocks-image=\"d1f3e3d4a9684731463a9c5b66cffb27\"><a href=\"https:\/\/wpml.org\/wp-content\/uploads\/2023\/06\/wpml-languages-url-setting-the-root-page.png\"><img decoding=\"async\" width=\"1986\" height=\"876\" loading=\"lazy\" src=\"https:\/\/wpml.org\/wp-content\/uploads\/2023\/06\/wpml-languages-url-setting-the-root-page.png\" alt=\"\" class=\"wp-image-13759895\" srcset=\"https:\/\/wpml.org\/wp-content\/uploads\/2023\/06\/wpml-languages-url-setting-the-root-page.png 1986w, https:\/\/wpml.org\/wp-content\/uploads\/2023\/06\/wpml-languages-url-setting-the-root-page-300x132.png 300w, https:\/\/wpml.org\/wp-content\/uploads\/2023\/06\/wpml-languages-url-setting-the-root-page-1024x452.png 1024w, https:\/\/wpml.org\/wp-content\/uploads\/2023\/06\/wpml-languages-url-setting-the-root-page-150x66.png 150w, https:\/\/wpml.org\/wp-content\/uploads\/2023\/06\/wpml-languages-url-setting-the-root-page-768x339.png 768w, https:\/\/wpml.org\/wp-content\/uploads\/2023\/06\/wpml-languages-url-setting-the-root-page-1536x678.png 1536w\" sizes=\"auto, (max-width: 1986px) 100vw, 1986px\" \/><\/a><figcaption><div class=\"tb-image-caption\"><em>Hinzuf\u00fcgen des Pfads zur Option HTML-Datei<\/em><\/div><\/figcaption><\/figure>\n<\/div>\n<h4 class=\"wp-block-heading\">Einen absoluten Pfad verwenden<\/h4>\n\n<p>Wenn Sie einen absoluten Pfad auf Ihrem Server verwenden m\u00f6chten, k\u00f6nnen Sie Ihre HTML-Datei<strong> <\/strong>in einen der Ordner der Website hochladen.<\/p>\n<div class=\"wp-block-image\">\n<figure class=\" tb-image tb-image-dynamic tb-image-frame-none aligncenter\" data-toolset-blocks-image=\"fda08a6234ec7a0d5c6f0077a22bdd41\"><a href=\"https:\/\/wpml.org\/wp-content\/uploads\/2023\/06\/html-absolulte-page-in-WP-root.png\"><img decoding=\"async\" width=\"1420\" height=\"738\" loading=\"lazy\" src=\"https:\/\/wpml.org\/wp-content\/uploads\/2023\/06\/html-absolulte-page-in-WP-root.png\" alt=\"\" class=\"wp-image-13759959\" srcset=\"https:\/\/wpml.org\/wp-content\/uploads\/2023\/06\/html-absolulte-page-in-WP-root.png 1420w, https:\/\/wpml.org\/wp-content\/uploads\/2023\/06\/html-absolulte-page-in-WP-root-300x156.png 300w, https:\/\/wpml.org\/wp-content\/uploads\/2023\/06\/html-absolulte-page-in-WP-root-1024x532.png 1024w, https:\/\/wpml.org\/wp-content\/uploads\/2023\/06\/html-absolulte-page-in-WP-root-150x78.png 150w, https:\/\/wpml.org\/wp-content\/uploads\/2023\/06\/html-absolulte-page-in-WP-root-768x399.png 768w\" sizes=\"auto, (max-width: 1420px) 100vw, 1420px\" \/><\/a><figcaption><div class=\"tb-image-caption\"><em>Hochladen einer HTML-Datei in das Verzeichnis<\/em><\/div><\/figcaption><\/figure>\n<\/div>\n<p>Sobald Sie die Datei hochgeladen haben, k\u00f6nnen Sie ihren absoluten Pfad festlegen, zum Beispiel <strong>\/home\/andres\/root-page.html<\/strong>.<\/p>\n\n<h2 class=\"wp-block-heading\">Ausw\u00e4hlen einer WordPress Seite<\/h2>\n\n<p>Wenn Sie unter <strong>WPML<\/strong> <strong>\u2192 Sprachen<\/strong> die Option <strong>Eine Seite <\/strong>f\u00fcr die Stamm-URL anzeigen w\u00e4hlen, speichern Sie zun\u00e4chst Ihre Einstellungen und klicken dann auf den Link <strong>Stamm-Seite erstellen<\/strong>.<\/p>\n<div class=\"wp-block-image\">\n<figure class=\" tb-image tb-image-dynamic tb-image-frame-none aligncenter\" data-toolset-blocks-image=\"c877ee0529ecb490daad1e1c8597faae\"><a href=\"https:\/\/wpml.org\/wp-content\/uploads\/2023\/06\/wpml-language-directory-creating-a-page-for-root-URL.png\"><img decoding=\"async\" width=\"1860\" height=\"938\" loading=\"lazy\" src=\"https:\/\/wpml.org\/wp-content\/uploads\/2023\/06\/wpml-language-directory-creating-a-page-for-root-URL.png\" alt=\"\" class=\"wp-image-13759995\" srcset=\"https:\/\/wpml.org\/wp-content\/uploads\/2023\/06\/wpml-language-directory-creating-a-page-for-root-URL.png 1860w, https:\/\/wpml.org\/wp-content\/uploads\/2023\/06\/wpml-language-directory-creating-a-page-for-root-URL-300x151.png 300w, https:\/\/wpml.org\/wp-content\/uploads\/2023\/06\/wpml-language-directory-creating-a-page-for-root-URL-1024x516.png 1024w, https:\/\/wpml.org\/wp-content\/uploads\/2023\/06\/wpml-language-directory-creating-a-page-for-root-URL-150x76.png 150w, https:\/\/wpml.org\/wp-content\/uploads\/2023\/06\/wpml-language-directory-creating-a-page-for-root-URL-768x387.png 768w, https:\/\/wpml.org\/wp-content\/uploads\/2023\/06\/wpml-language-directory-creating-a-page-for-root-URL-1536x775.png 1536w\" sizes=\"auto, (max-width: 1860px) 100vw, 1860px\" \/><\/a><figcaption><div class=\"tb-image-caption\"><em>Klicken Sie auf den Link, um eine Stammseite zu erstellen<\/em><\/div><\/figcaption><\/figure>\n<\/div>\n<p>Dies leitet Sie zur Oberfl\u00e4che des WordPress-Seiteneditors weiter.<\/p>\n\n<p>Hier k\u00f6nnen Sie festlegen, wie die Hauptlanding Page Ihrer Website aussehen soll. Sie k\u00f6nnen z.B. eine Willkommensnachricht anzeigen lassen und eine Schnittstelle zur Sprachauswahl bereitstellen.<\/p>\n\n<figure class=\"wp-block-image tb-image tb-image-dynamic tb-image-frame-none\" data-toolset-blocks-image=\"937bcc330ed9b28a507db199de210188\"><a href=\"https:\/\/wpml.org\/wp-content\/uploads\/2023\/06\/wpml-root-page-example.png\"><img decoding=\"async\" width=\"1908\" height=\"1028\" loading=\"lazy\" src=\"https:\/\/wpml.org\/wp-content\/uploads\/2023\/06\/wpml-root-page-example.png\" alt=\"\" class=\"wp-image-13760053\" srcset=\"https:\/\/wpml.org\/wp-content\/uploads\/2023\/06\/wpml-root-page-example.png 1908w, https:\/\/wpml.org\/wp-content\/uploads\/2023\/06\/wpml-root-page-example-300x162.png 300w, https:\/\/wpml.org\/wp-content\/uploads\/2023\/06\/wpml-root-page-example-1024x552.png 1024w, https:\/\/wpml.org\/wp-content\/uploads\/2023\/06\/wpml-root-page-example-150x81.png 150w, https:\/\/wpml.org\/wp-content\/uploads\/2023\/06\/wpml-root-page-example-768x414.png 768w, https:\/\/wpml.org\/wp-content\/uploads\/2023\/06\/wpml-root-page-example-1536x828.png 1536w\" sizes=\"auto, (max-width: 1908px) 100vw, 1908px\" \/><\/a><figcaption><div class=\"tb-image-caption\">Ein Beispiel f\u00fcr eine Root-Seite<\/div><\/figcaption><\/figure>\n\n<p>Sobald Sie Ihre Inhalte hinzugef\u00fcgt haben, speichern Sie die Seite.<\/p>\n\n<p>Das war&#8217;s! Wenn Besucher auf Ihre Website kommen, wird diese Seite als Haupt-Landing Page verwendet, unabh\u00e4ngig von den verf\u00fcgbaren Spracheinstellungen.<\/p>\n\n<h3 class=\"wp-block-heading\" id=\"how-to-edit-an-existing-root-page\">Vorhandene Stammseite bearbeiten<\/h3>\n\n<p>Wenn Sie eine WordPress-Standardseite als Stammseite ausw\u00e4hlen, wird diese nicht unter <strong>Seiten<\/strong> aufgef\u00fchrt.<\/p>\n\n<p>Um Ihre Stammseite zu bearbeiten, m\u00fcssen Sie auf die Seite <strong>WPML<\/strong> \u2192 <strong>Sprachen <\/strong>gehen, zum Abschnitt <strong>Sprachen-URL-Format<\/strong> scrollen und auf den Link <strong>Stammseite bearbeiten <\/strong>klicken.<\/p>\n<div class=\"wp-block-image\">\n<figure class=\" tb-image tb-image-dynamic tb-image-frame-none aligncenter\" data-toolset-blocks-image=\"04aa0ef69c4c59f4092ed8939aff57c7\"><a href=\"https:\/\/wpml.org\/wp-content\/uploads\/2023\/06\/wpml-language-url-format-edit-root-page.png\"><img decoding=\"async\" width=\"1918\" height=\"976\" loading=\"lazy\" src=\"https:\/\/wpml.org\/wp-content\/uploads\/2023\/06\/wpml-language-url-format-edit-root-page.png\" alt=\"\" class=\"wp-image-13760105\" srcset=\"https:\/\/wpml.org\/wp-content\/uploads\/2023\/06\/wpml-language-url-format-edit-root-page.png 1918w, https:\/\/wpml.org\/wp-content\/uploads\/2023\/06\/wpml-language-url-format-edit-root-page-300x153.png 300w, https:\/\/wpml.org\/wp-content\/uploads\/2023\/06\/wpml-language-url-format-edit-root-page-1024x521.png 1024w, https:\/\/wpml.org\/wp-content\/uploads\/2023\/06\/wpml-language-url-format-edit-root-page-150x76.png 150w, https:\/\/wpml.org\/wp-content\/uploads\/2023\/06\/wpml-language-url-format-edit-root-page-768x391.png 768w, https:\/\/wpml.org\/wp-content\/uploads\/2023\/06\/wpml-language-url-format-edit-root-page-1536x782.png 1536w\" sizes=\"auto, (max-width: 1918px) 100vw, 1918px\" \/><\/a><figcaption><div class=\"tb-image-caption\"><em>Klicken Sie auf den Link, um die Stammseite zu bearbeiten<\/em><\/div><\/figcaption><\/figure>\n<\/div>\n<h3 class=\"wp-block-heading\" id=\"redirect-the-root-domain-to-the-default-language-directory\">Umleitung der Root-Dom\u00e4ne auf das Standard-Sprachverzeichnis<\/h3>\n\n<p>Manchmal m\u00f6chten Sie vielleicht Ihre Root-Domain auf das Verzeichnis der Standardsprache umleiten. Mit anderen Worten: Wenn Englisch die Standardsprache ist und jemand <strong>www.yoursite.com<\/strong> besucht <strong>,<\/strong> wird er auf <strong>www.yoursite.com\/en\/<\/strong> umgeleitet <strong>.<\/strong><\/p>\n\n<p>Beginnen Sie mit der Erstellung einer <a href=\"https:\/\/developer.wordpress.org\/themes\/template-files-section\/page-template-files\/#creating-custom-page-templates-for-global-use\">PHP-Vorlage<\/a> f\u00fcr das Theme Ihrer Website. In den meisten F\u00e4llen sollten Sie solche PHP-Dateien zu einem Child-Theme hinzuf\u00fcgen.<\/p>\n\n<p>F\u00fcgen Sie den folgenden Inhalt zu Ihrer neuen PHP-Seitenvorlagendatei hinzu:<\/p>\n\n                    <div class='codesnipdiv' id='5b4fd'>\n                    <a class='root-redirect' data-titleselector='root-redirect' data-randspinner ='5b4fd' data-sniphost='1154718' title='Click to Expand or Minimize' id='codesnipfrontend'><img src='https:\/\/wpml.org\/wp-content\/plugins\/code-snips\/res\/img\/code_icon.png' \/>Root Redirect<\/a>\n                    <div id='5b4fd_innerdiv' class='clearfix'>\n                    <pre class='brush:php;'>&lt;?php\r\n\/*\r\nTemplate Name: Root redirect\r\n*\/\r\nwp_redirect( home_url() );\r\nexit;\r\n?&gt;<\/pre>\n                    <script>\n                    if ('undefined' === typeof cacheObj_open) {\n                        window.cacheObj_open = {};\n                    }\n                    if (typeof SyntaxHighlighter !== 'undefined') SyntaxHighlighter.highlight();\n                    <\/script>\n                    <input type='hidden' id='5b4fd_minimize' value='Minimize'>\n                    <input type='hidden' id='5b4fd_cachedstartopen' value='cachedstartopen'>\n                    <\/div>\n                    <\/div>\t\t\t\n                    <script>\t\t\t\t\t\t\t\t \t\t\t\n                    cacheObj_open['5b4fd_root-redirect']='<pre class=\"brush: php;\">&lt;?php\\r\\n\\\/*\\r\\nTemplate Name: Root redirect\\r\\n*\\\/\\r\\nwp_redirect( home_url() );\\r\\nexit;\\r\\n?&gt;<\/pre>';            \n                    <\/script>\n\n<p>Gehen Sie nun zur\u00fcck und <a href=\"#how-to-edit-an-existing-root-page\">bearbeiten Sie Ihre Stammseite<\/a>.<\/p>\n\n<p>Erweitern Sie in der rechten Seitenleiste den Bereich <b>Zusammenfassung<\/b> und w\u00e4hlen Sie das soeben erstellte Template aus.<\/p>\n<div class=\"wp-block-image\">\n<figure class=\" tb-image tb-image-dynamic tb-image-frame-none aligncenter\" data-toolset-blocks-image=\"25b3b3c17c84f84697593cc7075fba08\"><a href=\"https:\/\/wpml.org\/wp-content\/uploads\/2023\/06\/wpml-template-root-redirect.png\"><img decoding=\"async\" width=\"2032\" height=\"906\" loading=\"lazy\" src=\"https:\/\/wpml.org\/wp-content\/uploads\/2023\/06\/wpml-template-root-redirect.png\" alt=\"\" class=\"wp-image-13760133\" srcset=\"https:\/\/wpml.org\/wp-content\/uploads\/2023\/06\/wpml-template-root-redirect.png 2032w, https:\/\/wpml.org\/wp-content\/uploads\/2023\/06\/wpml-template-root-redirect-300x134.png 300w, https:\/\/wpml.org\/wp-content\/uploads\/2023\/06\/wpml-template-root-redirect-1024x457.png 1024w, https:\/\/wpml.org\/wp-content\/uploads\/2023\/06\/wpml-template-root-redirect-150x67.png 150w, https:\/\/wpml.org\/wp-content\/uploads\/2023\/06\/wpml-template-root-redirect-768x342.png 768w, https:\/\/wpml.org\/wp-content\/uploads\/2023\/06\/wpml-template-root-redirect-1536x685.png 1536w\" sizes=\"auto, (max-width: 2032px) 100vw, 2032px\" \/><\/a><figcaption><div class=\"tb-image-caption\"><em>Ausw\u00e4hlen der Stammseite aus dem Abschnitt Zusammenfassung<\/em><\/div><\/figcaption><\/figure>\n<\/div>\n<p>Wenn Sie fertig sind, stellen Sie sicher, dass Sie die Seite aktualisieren.<\/p>\n\n<p>Jetzt wird Ihre Stammseite auf das Verzeichnis der Standardsprache umgeleitet.<\/p>\n","protected":false},"excerpt":{"rendered":"<p>WPML erm\u00f6glicht es Ihnen, eine spezielle Root-Seite f\u00fcr Ihre Website zu erstellen. Das bedeutet, dass unabh\u00e4ngig von den auf Ihrer Website verf\u00fcgbaren Sprachen alle Ihre Besucher dieselbe Startseite sehen werden. Mit WPML k\u00f6nnen Sie virtuelle Verzeichnisse f\u00fcr alle Sprachen erstellen, auch f\u00fcr die Standardsprache. Dabei handelt es sich nicht um echte physische Verzeichnisse auf dem [&hellip;]<\/p>\n","protected":false},"author":2,"featured_media":0,"parent":1439,"menu_order":71,"comment_status":"closed","ping_status":"closed","template":"template-sidebar-2.php","meta":{"_bbp_topic_count":0,"_bbp_reply_count":0,"_bbp_total_topic_count":0,"_bbp_total_reply_count":0,"_bbp_voice_count":0,"_bbp_anonymous_reply_count":0,"_bbp_topic_count_hidden":0,"_bbp_reply_count_hidden":0,"_bbp_forum_subforum_count":0,"_uag_custom_page_level_css":"","ep_exclude_from_search":false,"footnotes":""},"related-projects-category":[],"class_list":["post-1154718","page","type-page","status-publish","hentry"],"spectra_custom_meta":{"ratings_users":["0"],"ratings_score":["0"],"ratings_average":["0"],"_alp_processed":["1717754072"],"_views_template":["0"],"_wp_page_template":["template-sidebar-2.php"],"_wpml_media_featured":["1"],"_subscription_coupon_product_id":["0"],"_last_translation_edit_mode":["translation-editor"],"wpcf-unformatted-code":[""],"wpcf-price-increase-show-from":[""],"wpcf-price-increase-show-till":[""],"_oembed_8b192c37df925cacb831b3922e69595d":["<iframe title=\"Using WPML To Translate Pages Built With Fusion Builder (Avada Theme)\" width=\"700\" height=\"394\" src=\"https:\/\/www.youtube.com\/embed\/_bNqjjBPdGA?feature=oembed&enablejsapi=1&origin=https:\/\/wpml.org\" frameborder=\"0\" allow=\"accelerometer; autoplay; clipboard-write; encrypted-media; gyroscope; picture-in-picture\" allowfullscreen><\/iframe>"],"_oembed_time_8b192c37df925cacb831b3922e69595d":["1653635084"],"_wpml_media_duplicate":["0"],"toolset_post_editor_mode":["block"],"_yoast_wpseo_metadesc":["Mit WPML k\u00f6nnen Sie eine Root-Seite f\u00fcr Ihre Website in allen Sprachen und virtuelle Verzeichnisse f\u00fcr jede Sprache erstellen, die nur in URLs sichtbar sind."],"_uag_css_file_name":["uag-css-1154718.css"],"_uag_page_assets":["a:9:{s:3:\"css\";s:260:\".uag-blocks-common-selector{z-index:var(--z-index-desktop) !important}@media(max-width: 976px){.uag-blocks-common-selector{z-index:var(--z-index-tablet) !important}}@media(max-width: 767px){.uag-blocks-common-selector{z-index:var(--z-index-mobile) !important}}\";s:2:\"js\";s:0:\"\";s:18:\"current_block_list\";a:7:{i:0;s:14:\"core\/paragraph\";i:1;s:24:\"toolset-blocks\/container\";i:2;s:20:\"toolset-blocks\/image\";i:3;s:9:\"core\/list\";i:4;s:14:\"core\/list-item\";i:5;s:12:\"core\/heading\";i:6;s:14:\"core\/shortcode\";}s:8:\"uag_flag\";b:0;s:11:\"uag_version\";s:10:\"1778343470\";s:6:\"gfonts\";a:0:{}s:10:\"gfonts_url\";s:0:\"\";s:12:\"gfonts_files\";a:0:{}s:14:\"uag_faq_layout\";b:0;}"]},"uagb_featured_image_src":{"full":false,"thumbnail":false,"medium":false,"medium_large":false,"large":false,"1536x1536":false,"2048x2048":false,"gform-image-choice-sm":false,"gform-image-choice-md":false,"gform-image-choice-lg":false,"woocommerce_thumbnail":false,"woocommerce_single":false,"woocommerce_gallery_thumbnail":false},"uagb_author_info":{"display_name":"Amir","author_link":"https:\/\/wpml.org\/de\/author\/amir\/"},"uagb_comment_info":0,"uagb_excerpt":"WPML erm\u00f6glicht es Ihnen, eine spezielle Root-Seite f\u00fcr Ihre Website zu erstellen. Das bedeutet, dass unabh\u00e4ngig von den auf Ihrer Website verf\u00fcgbaren Sprachen alle Ihre Besucher dieselbe Startseite sehen werden. Mit WPML k\u00f6nnen Sie virtuelle Verzeichnisse f\u00fcr alle Sprachen erstellen, auch f\u00fcr die Standardsprache. Dabei handelt es sich nicht um echte physische Verzeichnisse auf dem&hellip;","_links":{"self":[{"href":"https:\/\/wpml.org\/de\/wp-json\/wp\/v2\/pages\/1154718","targetHints":{"allow":["GET"]}}],"collection":[{"href":"https:\/\/wpml.org\/de\/wp-json\/wp\/v2\/pages"}],"about":[{"href":"https:\/\/wpml.org\/de\/wp-json\/wp\/v2\/types\/page"}],"author":[{"embeddable":true,"href":"https:\/\/wpml.org\/de\/wp-json\/wp\/v2\/users\/2"}],"replies":[{"embeddable":true,"href":"https:\/\/wpml.org\/de\/wp-json\/wp\/v2\/comments?post=1154718"}],"version-history":[{"count":5,"href":"https:\/\/wpml.org\/de\/wp-json\/wp\/v2\/pages\/1154718\/revisions"}],"predecessor-version":[{"id":15714571,"href":"https:\/\/wpml.org\/de\/wp-json\/wp\/v2\/pages\/1154718\/revisions\/15714571"}],"up":[{"embeddable":true,"href":"https:\/\/wpml.org\/de\/wp-json\/wp\/v2\/pages\/1439"}],"wp:attachment":[{"href":"https:\/\/wpml.org\/de\/wp-json\/wp\/v2\/media?parent=1154718"}],"wp:term":[{"taxonomy":"related-projects-category","embeddable":true,"href":"https:\/\/wpml.org\/de\/wp-json\/wp\/v2\/related-projects-category?post=1154718"}],"curies":[{"name":"wp","href":"https:\/\/api.w.org\/{rel}","templated":true}]}}