{"id":11877717,"date":"2022-02-22T08:57:45","date_gmt":"2022-02-22T08:57:45","guid":{"rendered":"https:\/\/wpml.org\/documentation-3\/automatische-uebersetzung-fuer-wordpress-inhalte-mit-wpml\/so-registrieren-sie-sich-fuer-pay-as-you-go\/"},"modified":"2026-05-05T15:44:15","modified_gmt":"2026-05-05T15:44:15","slug":"so-registrieren-sie-sich-fuer-pay-as-you-go","status":"publish","type":"page","link":"https:\/\/wpml.org\/de\/documentation-3\/automatische-uebersetzung-fuer-wordpress-inhalte-mit-wpml\/so-registrieren-sie-sich-fuer-pay-as-you-go\/","title":{"rendered":"So melden Sie sich f\u00fcr Zahlung nach Bedarf an"},"content":{"rendered":"\n<p class=\"lead\">Wenn Sie f\u00fcr die automatische \u00dcbersetzung nach Bedarf bezahlen, k\u00f6nnen Sie Ihre Inhalte \u00fcbersetzen und dann am Ende des Monats f\u00fcr Ihre \u00dcbersetzungen bezahlen. Ihre ersten 2.000 Credits sind jeden Monat kostenlos, und es werden Ihnen nur die Credits berechnet, die Sie tats\u00e4chlich verwenden. <\/p>\n\n<p>Die Nutzung der Zahlung nach Bedarf f\u00fcr die automatische \u00dcbersetzung ist die g\u00fcnstigste und flexibelste Art, Ihre Website zu \u00fcbersetzen. Um sich anzumelden, ben\u00f6tigen Sie keinen Zugriff auf das WPML.org-Konto. Jeder Benutzer, der auf der Website als <a href=\"https:\/\/wpml.org\/documentation\/translating-your-contents\/working-with-translation-managers\/\">\u00dcbersetzungsmanager<\/a> eingerichtet ist, kann sich direkt anmelden, ohne einen Website-Entwickler hinzuziehen zu m\u00fcssen.  <\/p>\n\n<p>Um die Zahlung nach Bedarf zu starten:<\/p>\n\n<ol class=\"wp-block-list\">\n<li>Gehen Sie zu <strong>WPML<\/strong> \u2192 <strong>\u00dcbersetzungs-Dashboard<\/strong>, klicken Sie auf den Tab <strong>Zahlungen &amp; Wartung<\/strong> und dann auf die Schaltfl\u00e4che <strong>Zahlung nach Bedarf aktivieren<\/strong>.<\/li>\n<\/ol>\n\n<figure class=\"wp-block-image tb-image tb-image-dynamic tb-image-frame-none\" data-toolset-blocks-image=\"4d6e12ff933c6843503705d63f09b857\"><a href=\"https:\/\/wpml.org\/wp-content\/uploads\/2026\/03\/wpml-activate-pay-as-you-go.png\"><img decoding=\"async\" width=\"1903\" height=\"727\" loading=\"lazy\" src=\"https:\/\/wpml.org\/wp-content\/uploads\/2026\/03\/wpml-activate-pay-as-you-go.png\" alt=\"\" class=\"wp-image-17920650\" srcset=\"https:\/\/wpml.org\/wp-content\/uploads\/2026\/03\/wpml-activate-pay-as-you-go.png 1903w, https:\/\/wpml.org\/wp-content\/uploads\/2026\/03\/wpml-activate-pay-as-you-go-300x115.png 300w, https:\/\/wpml.org\/wp-content\/uploads\/2026\/03\/wpml-activate-pay-as-you-go-1024x391.png 1024w, https:\/\/wpml.org\/wp-content\/uploads\/2026\/03\/wpml-activate-pay-as-you-go-150x57.png 150w, https:\/\/wpml.org\/wp-content\/uploads\/2026\/03\/wpml-activate-pay-as-you-go-768x293.png 768w, https:\/\/wpml.org\/wp-content\/uploads\/2026\/03\/wpml-activate-pay-as-you-go-1536x587.png 1536w\" sizes=\"auto, (max-width: 1903px) 100vw, 1903px\" \/><\/a><figcaption><div class=\"tb-image-caption\">Zahlung nach Bedarf in WPML aktivieren<\/div><\/figcaption><\/figure>\n\n<ol start=\"2\" class=\"wp-block-list\">\n<li>F\u00fcgen Sie auf der Anmeldeseite Ihre Rechnungsinformationen hinzu und best\u00e4tigen Sie, indem Sie auf <strong>Zahlung nach Bedarf aktivieren und fortfahren<\/strong> klicken. Sie k\u00f6nnen nun mit der \u00dcbersetzung beginnen! <\/li>\n<\/ol>\n\n<figure class=\"wp-block-image tb-image tb-image-dynamic tb-image-frame-none\" data-toolset-blocks-image=\"f85b35725fa6e5a1e685c0f1a5b00dd2\"><a href=\"https:\/\/wpml.org\/wp-content\/uploads\/2026\/03\/wpml-pay-as-you-go-sign-up.png\"><img decoding=\"async\" width=\"1260\" height=\"674\" loading=\"lazy\" src=\"https:\/\/wpml.org\/wp-content\/uploads\/2026\/03\/wpml-pay-as-you-go-sign-up.png\" alt=\"\" class=\"wp-image-17920742\" srcset=\"https:\/\/wpml.org\/wp-content\/uploads\/2026\/03\/wpml-pay-as-you-go-sign-up.png 1260w, https:\/\/wpml.org\/wp-content\/uploads\/2026\/03\/wpml-pay-as-you-go-sign-up-300x160.png 300w, https:\/\/wpml.org\/wp-content\/uploads\/2026\/03\/wpml-pay-as-you-go-sign-up-1024x548.png 1024w, https:\/\/wpml.org\/wp-content\/uploads\/2026\/03\/wpml-pay-as-you-go-sign-up-150x80.png 150w, https:\/\/wpml.org\/wp-content\/uploads\/2026\/03\/wpml-pay-as-you-go-sign-up-768x411.png 768w\" sizes=\"auto, (max-width: 1260px) 100vw, 1260px\" \/><\/a><figcaption><div class=\"tb-image-caption\">Anmeldung f\u00fcr WPMLs Zahlung nach Bedarf f\u00fcr die automatische \u00dcbersetzung<\/div><\/figcaption><\/figure>\n\n<p>Erfahren Sie mehr \u00fcber <a href=\"https:\/\/wpml.org\/de\/documentation-3\/automatische-uebersetzung-fuer-wordpress-inhalte-mit-wpml\/preise-fuer-automatische-uebersetzung\/\">Preise f\u00fcr Zahlung nach Bedarf<\/a> und <a href=\"https:\/\/wpml.org\/faq\/how-do-automatic-translation-account-invoices-work\/\">die Funktionsweise von Rechnungen<\/a>.<\/p>\n\n<h2 class=\"wp-block-heading\">Zahlungen per Kreditkarte<\/h2>\n\n<p>Um sich f\u00fcr die Zahlung nach Bedarf anzumelden, ben\u00f6tigen Sie eine Kreditkarte. PayPal wird derzeit nicht unterst\u00fctzt. Wenn Sie Ihre Kartendaten eingeben, speichert WPML diese nicht \u2013 alles wird sicher von Stripe verarbeitet.  <\/p>\n\n<h2 class=\"wp-block-heading\" id=\"paying-as-you-go-across-multiple-sites\">Zahlung nach Bedarf \u00fcber mehrere Websites hinweg<\/h2>\n\n<p>Wenn Sie mehr als eine mehrsprachige Website verwalten, k\u00f6nnen Sie <a href=\"https:\/\/wpml.org\/documentation\/translating-your-contents\/advanced-translation-editor\/automatic-translation-subscription-for-multiple-sites\/\">die Zahlung nach Bedarf f\u00fcr alle Ihre registrierten Websites nutzen<\/a>. Auf diese Weise k\u00f6nnen Sie Ihre automatischen \u00dcbersetzungs-Credits, Ihr Glossar und Ihr Translation Memory zwischen mehreren Websites gemeinsam nutzen, einschlie\u00dflich Sub-Sites in derselben Multisite-Umgebung. <\/p>\n\n<h2 class=\"wp-block-heading\" id=\"how-to-stop-paying-as-you-go\">Wie Sie die Zahlung nach Bedarf beenden k\u00f6nnen<\/h2>\n\n<p>Sie sind nicht an einen Vertrag gebunden und k\u00f6nnen die Zahlung nach Bedarf jederzeit beenden.<\/p>\n\n<p>Gehen Sie zu <strong>WPML<\/strong> \u2192 <strong>\u00dcbersetzungs-Dashboard<\/strong> und klicken Sie auf den Tab <strong>Zahlungen &amp; Wartung<\/strong>. Klicken Sie im Abschnitt <strong>Kontodetails f\u00fcr Zahlung nach Bedarf<\/strong> auf den Link <strong>Zahlung nach Bedarf beenden<\/strong>.<\/p>\n\n<p>Sie erhalten eine Abschlussrechnung f\u00fcr alle Credits, die Sie seit Ihrer letzten Rechnung verwendet haben.<\/p>\n","protected":false},"excerpt":{"rendered":"<p>Wenn Sie f\u00fcr die automatische \u00dcbersetzung nach Bedarf bezahlen, k\u00f6nnen Sie Ihre Inhalte \u00fcbersetzen und dann am Ende des Monats f\u00fcr Ihre \u00dcbersetzungen bezahlen. Ihre ersten 2.000 Credits sind jeden Monat kostenlos, und es werden Ihnen nur die Credits berechnet, die Sie tats\u00e4chlich verwenden. Die Nutzung der Zahlung nach Bedarf f\u00fcr die automatische \u00dcbersetzung ist [&hellip;]<\/p>\n","protected":false},"author":76577,"featured_media":0,"parent":4844551,"menu_order":19,"comment_status":"closed","ping_status":"closed","template":"template-nosidebar-centered.php","meta":{"_bbp_topic_count":0,"_bbp_reply_count":0,"_bbp_total_topic_count":0,"_bbp_total_reply_count":0,"_bbp_voice_count":0,"_bbp_anonymous_reply_count":0,"_bbp_topic_count_hidden":0,"_bbp_reply_count_hidden":0,"_bbp_forum_subforum_count":0,"_uag_custom_page_level_css":"","ep_exclude_from_search":false,"footnotes":""},"related-projects-category":[],"class_list":["post-11877717","page","type-page","status-publish","hentry"],"spectra_custom_meta":{"ratings_users":["0"],"ratings_score":["0"],"ratings_average":["0"],"_subscription_coupon_product_id":["0"],"_wpv_contains_gutenberg_views":[""],"_alp_processed":["1777995855"],"wpcf-unformatted-code":[""],"_wpml_media_duplicate":["1"],"_wpml_media_featured":["1"],"toolset_post_editor_mode":["block"],"wpcf-price-increase-show-from":[""],"wpcf-price-increase-show-till":[""],"_last_translation_edit_mode":["translation-editor"],"_oembed_920202e323cae5d4978973f8ff477cf1":["<iframe title=\"How to Activate Pay-As-You-Go Automatic Translation in WPML\" width=\"700\" height=\"394\" src=\"https:\/\/www.youtube.com\/embed\/QP0EH_nMy0k?feature=oembed\" frameborder=\"0\" allow=\"accelerometer; autoplay; clipboard-write; encrypted-media; gyroscope; picture-in-picture\" allowfullscreen><\/iframe>"],"_oembed_time_920202e323cae5d4978973f8ff477cf1":["1660721033"],"_wp_page_template":["template-nosidebar-centered.php"],"wpcf-price-increase-content":[""],"wpcf-login-box-title":[""],"wpcf-page-content":[""],"_wpml_word_count":["417"],"_oembed_085e890236af876c824fa92e59328670":["<iframe title=\"Translating Menus in WPML\" width=\"700\" height=\"394\" src=\"https:\/\/www.youtube.com\/embed\/aFQuEGQs19c?feature=oembed&enablejsapi=1&origin=https:\/\/wpml.org\" frameborder=\"0\" allow=\"accelerometer; autoplay; clipboard-write; encrypted-media; gyroscope; picture-in-picture; web-share\" allowfullscreen><\/iframe>"],"_oembed_time_085e890236af876c824fa92e59328670":["1686569698"],"_uag_css_file_name":["uag-css-11877717.css"],"_uag_page_assets":["a:9:{s:3:\"css\";s:260:\".uag-blocks-common-selector{z-index:var(--z-index-desktop) !important}@media(max-width: 976px){.uag-blocks-common-selector{z-index:var(--z-index-tablet) !important}}@media(max-width: 767px){.uag-blocks-common-selector{z-index:var(--z-index-mobile) !important}}\";s:2:\"js\";s:0:\"\";s:18:\"current_block_list\";a:6:{i:0;s:14:\"core\/paragraph\";i:1;s:9:\"core\/list\";i:2;s:14:\"core\/list-item\";i:3;s:20:\"toolset-blocks\/image\";i:4;s:12:\"core\/heading\";i:5;s:14:\"core\/shortcode\";}s:8:\"uag_flag\";b:0;s:11:\"uag_version\";s:10:\"1778411380\";s:6:\"gfonts\";a:0:{}s:10:\"gfonts_url\";s:0:\"\";s:12:\"gfonts_files\";a:0:{}s:14:\"uag_faq_layout\";b:0;}"]},"uagb_featured_image_src":{"full":false,"thumbnail":false,"medium":false,"medium_large":false,"large":false,"1536x1536":false,"2048x2048":false,"gform-image-choice-sm":false,"gform-image-choice-md":false,"gform-image-choice-lg":false,"woocommerce_thumbnail":false,"woocommerce_single":false,"woocommerce_gallery_thumbnail":false},"uagb_author_info":{"display_name":"Dario","author_link":"https:\/\/wpml.org\/de\/author\/darioh\/"},"uagb_comment_info":0,"uagb_excerpt":"Wenn Sie f\u00fcr die automatische \u00dcbersetzung nach Bedarf bezahlen, k\u00f6nnen Sie Ihre Inhalte \u00fcbersetzen und dann am Ende des Monats f\u00fcr Ihre \u00dcbersetzungen bezahlen. Ihre ersten 2.000 Credits sind jeden Monat kostenlos, und es werden Ihnen nur die Credits berechnet, die Sie tats\u00e4chlich verwenden. Die Nutzung der Zahlung nach Bedarf f\u00fcr die automatische \u00dcbersetzung ist&hellip;","_links":{"self":[{"href":"https:\/\/wpml.org\/de\/wp-json\/wp\/v2\/pages\/11877717","targetHints":{"allow":["GET"]}}],"collection":[{"href":"https:\/\/wpml.org\/de\/wp-json\/wp\/v2\/pages"}],"about":[{"href":"https:\/\/wpml.org\/de\/wp-json\/wp\/v2\/types\/page"}],"author":[{"embeddable":true,"href":"https:\/\/wpml.org\/de\/wp-json\/wp\/v2\/users\/76577"}],"replies":[{"embeddable":true,"href":"https:\/\/wpml.org\/de\/wp-json\/wp\/v2\/comments?post=11877717"}],"version-history":[{"count":8,"href":"https:\/\/wpml.org\/de\/wp-json\/wp\/v2\/pages\/11877717\/revisions"}],"predecessor-version":[{"id":18014684,"href":"https:\/\/wpml.org\/de\/wp-json\/wp\/v2\/pages\/11877717\/revisions\/18014684"}],"up":[{"embeddable":true,"href":"https:\/\/wpml.org\/de\/wp-json\/wp\/v2\/pages\/4844551"}],"wp:attachment":[{"href":"https:\/\/wpml.org\/de\/wp-json\/wp\/v2\/media?parent=11877717"}],"wp:term":[{"taxonomy":"related-projects-category","embeddable":true,"href":"https:\/\/wpml.org\/de\/wp-json\/wp\/v2\/related-projects-category?post=11877717"}],"curies":[{"name":"wp","href":"https:\/\/api.w.org\/{rel}","templated":true}]}}