{"id":1255,"date":"2009-05-08T00:41:34","date_gmt":"2009-05-08T00:41:34","guid":{"rendered":"http:\/\/wpml.org\/support-2\/"},"modified":"2026-02-26T07:21:24","modified_gmt":"2026-02-26T07:21:24","slug":"support-2","status":"publish","type":"page","link":"https:\/\/wpml.org\/de\/documentation-3\/support-2\/","title":{"rendered":"Entwicklerinformationen"},"content":{"rendered":"\n<p class=\"lead\">Mit WPML k\u00f6nnen Sie eine WordPress-Website in mehreren Sprachen betreiben.<\/p>\n\n<p>Die grundlegende Einrichtung von WPML dauert nur wenige Minuten und hilft Ihnen, Ihre Website f\u00fcr die Mehrsprachigkeit vorzubereiten. Anschlie\u00dfend k\u00f6nnen Sie das Verhalten und Aussehen Ihrer Website an Ihre genauen Spezifikationen anpassen. <\/p>\n\n<h2 class=\"wp-block-heading\">1) Verwandeln Sie Ihre einsprachige Website in eine mehrsprachige Website<\/h2>\n\n<div class=\"wp-block-toolset-blocks-container tb-container\" data-toolset-blocks-container=\"fba9754e5043c28e03bff60537062a61\">\n<p>Diese Aufgabe wird mit Hilfe dieser Anleitungen einfacher zu bew\u00e4ltigen sein:<\/p>\n\n\n\n<ul class=\"wp-block-list\">\n<li><a href=\"https:\/\/ptc.wpml.org\/documentation\/translate-wordpress-themes-and-plugins-with-ai\/\" target=\"_blank\" rel=\"noreferrer noopener\">Vorbereitung und \u00dcbersetzung von PO\/POT-Dateien f\u00fcr WordPress-Themes und -Plugins <\/a><\/li>\n\n\n\n<li><a href=\"https:\/\/wpml.org\/documentation\/support\/achieving-wpml-compatibility-for-your-themes-and-plugins\/\">WPML-Kompatibilit\u00e4t f\u00fcr Ihre Themes und Plugins erreichen<\/a><\/li>\n\n\n\n<li><a href=\"https:\/\/wpml.org\/documentation\/support\/making-woocommerce-themes-multilingual-and-multi-currency-ready\/\">WooCommerce-Themes mehrsprachig und mehrw\u00e4hrungsf\u00e4hig machen<\/a><\/li>\n<\/ul>\n<\/div>\n\n<h2 class=\"wp-block-heading\">2) Mehrsprachigkeitsf\u00e4hige Themes und Plugins<\/h2>\n\n<div class=\"wp-block-toolset-blocks-container tb-container\" data-toolset-blocks-container=\"fba9754e5043c28e03bff60537062a61\">\n<p>Das Kompatibilit\u00e4tsteam von WPML testet Tausende von Themes und Plugins. In diesen Listen finden Sie, was getestet wurde und gut mit WPML funktioniert. <\/p>\n\n\n\n<ul class=\"wp-block-list\">\n<li><a href=\"https:\/\/wpml.org\/de\/documentation-3\/theme-kompatibilitat\/\">Theme-Kompatibilit\u00e4t<\/a><\/li>\n\n\n\n<li><a href=\"https:\/\/wpml.org\/plugin\/\">Plugin-Kompatibilit\u00e4t<\/a><\/li>\n<\/ul>\n\n\n\n<p>Theme- und Plugin-Autoren sind herzlich eingeladen, am <a href=\"https:\/\/wpml.org\/de\/documentation-3\/support-2\/go-global-wpml-kompatibilitaetsprogramm\/\">Go Global<\/a>-Programm von WPML teilzunehmen, wo Sie Unterst\u00fctzung erhalten, damit unsere Produkte gut zusammenarbeiten.<\/p>\n<\/div>\n\n<h2 class=\"wp-block-heading\">3) Mehrsprachige Websites mit benutzerdefinierten Beitragstypen, Feldern und Taxonomien erstellen<\/h2>\n\n<div class=\"wp-block-toolset-blocks-container tb-container\" data-toolset-blocks-container=\"fba9754e5043c28e03bff60537062a61\">\n<p>Erfahren Sie, wie benutzerdefinierte Beitragstypen, Felder und Taxonomien mehrsprachige Websites f\u00fcr Ihre Kunden einfach zu \u00fcbersetzen und f\u00fcr Sie einfach zu pflegen machen.<\/p>\n\n\n\n<ul class=\"wp-block-list\">\n<li><a href=\"https:\/\/wpml.org\/documentation\/developing-custom-multilingual-sites\/\">Entwicklung von ma\u00dfgeschneiderten mehrsprachigen Websites<\/a><\/li>\n<\/ul>\n<\/div>\n\n<h2 class=\"wp-block-heading\">4) Mehrsprachige Websites mit WPML und Page Buildern entwickeln<\/h2>\n\n<div class=\"wp-block-toolset-blocks-container tb-container\" data-toolset-blocks-container=\"fba9754e5043c28e03bff60537062a61\">\n<p>Erfahren Sie, wie Sie Websites mit WPML und Page Buildern entwickeln, die Shortcodes verwenden, und wie Sie Page Builder Widgets f\u00fcr die \u00dcbersetzung registrieren.<\/p>\n\n\n\n<ul class=\"wp-block-list\">\n<li><a href=\"https:\/\/wpml.org\/documentation\/support\/language-configuration-files\/how-to-register-page-builder-widgets-for-translation\/\">Page-Builder-Widgets f\u00fcr die \u00dcbersetzung registrieren<\/a><\/li>\n\n\n\n<li><a href=\"https:\/\/wpml.org\/documentation\/support\/maintaining-wpbakery-page-builder-compatibility-with-wpml\/\">WPBakery Page Builder-Kompatibilit\u00e4t mit WPML aufrechterhalten<\/a><\/li>\n\n\n\n<li><a href=\"https:\/\/wpml.org\/documentation\/support\/maintaining-the-cornerstone-page-builder-x-theme-compatibility-with-wpml\/\">CornerStone-Kompatibilit\u00e4t mit WPML aufrechterhalten<\/a><\/li>\n\n\n\n<li><a href=\"https:\/\/wpml.org\/documentation\/support\/maintaining-avia-layout-builder-enfold-compatibility-wpml\/\">Enfold-Kompatibilit\u00e4t mit WPML aufrechterhalten<\/a><\/li>\n\n\n\n<li><a href=\"https:\/\/wpml.org\/documentation\/support\/maintaining-divi-builder-compatibility-wpml\/\">Divi Builder-Kompatibilit\u00e4t mit WPML aufrechterhalten<\/a><\/li>\n\n\n\n<li><a href=\"https:\/\/wpml.org\/documentation\/support\/maintaining-the-fusion-builder-avada-compatibility-with-wpml\/\">Aufrechterhaltung der Kompatibilit\u00e4t des Avada Builder mit WPML<\/a><\/li>\n<\/ul>\n<\/div>\n\n<h2 class=\"wp-block-heading\">5) Weitere Programmierer-Ressourcen<a href=\"https:\/\/wpml.org\/de\/documentation-3\/support-2\/#5-other-programmer-resources\"><\/a><\/h2>\n\n<div class=\"wp-block-toolset-blocks-container tb-container\" data-toolset-blocks-container=\"fba9754e5043c28e03bff60537062a61\">\n<ul class=\"wp-block-list\">\n<li><a href=\"https:\/\/wpml.org\/documentation\/support\/translating-the-theme-you-created\/\">WordPress Themes <\/a><a href=\"https:\/\/ptc.wpml.org\/documentation\/translate-wordpress-themes-and-plugins-with-ai\/\" target=\"_blank\" rel=\"noreferrer noopener\">mit<\/a><a href=\"https:\/\/wpml.org\/documentation\/support\/translating-the-theme-you-created\/\"> .mo-Dateien \u00fcbersetzen<\/a><\/li>\n\n\n\n<li><a href=\"https:\/\/wpml.org\/documentation\/support\/embedded-installer-authors\/\">WPML-Installer zu Ihrem Theme oder Plugin hinzuf\u00fcgen<\/a><\/li>\n\n\n\n<li><a href=\"https:\/\/wpml.org\/documentation\/support\/wpml-admin-capabilities\/\">Ma\u00dfgeschneiderte Admin-Benutzerf\u00e4higkeiten hinzuf\u00fcgen<\/a><\/li>\n\n\n\n<li><a href=\"https:\/\/wpml.org\/documentation\/support\/wpml-coding-api\/\">WPML-Coding-API<\/a><\/li>\n\n\n\n<li><a href=\"https:\/\/wpml.org\/documentation\/support\/wpml-tables\/\">WPML-Datenbanktabellen<\/a><\/li>\n\n\n\n<li><a href=\"https:\/\/wpml.org\/documentation\/support\/sending-emails-with-wpml\/\">E-Mails mit WPML versenden<\/a><\/li>\n\n\n\n<li><a href=\"https:\/\/wpml.org\/documentation\/support\/browser-cookies-stored-wpml\/\">Von WPML gespeicherte Browser-Cookies<\/a><\/li>\n\n\n\n<li><a href=\"https:\/\/wpml.org\/documentation\/support\/cron-jobs-run-by-wpml-and-woocommerce-multilingual\/\">Von WPML und WPML Multilingual &amp; Multicurrency for WooCommerce ausgef\u00fchrte Cron-Jobs<\/a><\/li>\n\n\n\n<li><a href=\"https:\/\/wpml.org\/documentation\/support\/wpml-troubleshooting-options\/\">WPML-Fehlerbehebungsoptionen<\/a><\/li>\n\n\n\n<li><a href=\"https:\/\/wpml.org\/documentation\/support\/using-wpml-with-redis-caching\/\">WPML mit Redis-Caching verwenden<\/a><\/li>\n\n\n\n<li><a href=\"https:\/\/wpml.org\/documentation\/support\/string-package-translation\/\">String-Pakete erstellen<\/a><\/li>\n<\/ul>\n<\/div>\n\n<p><\/p>\n","protected":false},"excerpt":{"rendered":"<p>Mit WPML k\u00f6nnen Sie eine WordPress-Website in mehreren Sprachen betreiben. Die grundlegende Einrichtung von WPML dauert nur wenige Minuten und hilft Ihnen, Ihre Website f\u00fcr die Mehrsprachigkeit vorzubereiten. Anschlie\u00dfend k\u00f6nnen Sie das Verhalten und Aussehen Ihrer Website an Ihre genauen Spezifikationen anpassen. 1) Verwandeln Sie Ihre einsprachige Website in eine mehrsprachige Website 2) Mehrsprachigkeitsf\u00e4hige Themes [&hellip;]<\/p>\n","protected":false},"author":10760,"featured_media":0,"parent":3317,"menu_order":79,"comment_status":"closed","ping_status":"closed","template":"template-nosidebar-centered.php","meta":{"_bbp_topic_count":0,"_bbp_reply_count":0,"_bbp_total_topic_count":0,"_bbp_total_reply_count":0,"_bbp_voice_count":0,"_bbp_anonymous_reply_count":0,"_bbp_topic_count_hidden":0,"_bbp_reply_count_hidden":0,"_bbp_forum_subforum_count":0,"ep_exclude_from_search":false,"footnotes":""},"related-projects-category":[],"class_list":["post-1255","page","type-page","status-publish","hentry"],"_links":{"self":[{"href":"https:\/\/wpml.org\/de\/wp-json\/wp\/v2\/pages\/1255","targetHints":{"allow":["GET"]}}],"collection":[{"href":"https:\/\/wpml.org\/de\/wp-json\/wp\/v2\/pages"}],"about":[{"href":"https:\/\/wpml.org\/de\/wp-json\/wp\/v2\/types\/page"}],"author":[{"embeddable":true,"href":"https:\/\/wpml.org\/de\/wp-json\/wp\/v2\/users\/10760"}],"replies":[{"embeddable":true,"href":"https:\/\/wpml.org\/de\/wp-json\/wp\/v2\/comments?post=1255"}],"version-history":[{"count":8,"href":"https:\/\/wpml.org\/de\/wp-json\/wp\/v2\/pages\/1255\/revisions"}],"predecessor-version":[{"id":17854062,"href":"https:\/\/wpml.org\/de\/wp-json\/wp\/v2\/pages\/1255\/revisions\/17854062"}],"up":[{"embeddable":true,"href":"https:\/\/wpml.org\/de\/wp-json\/wp\/v2\/pages\/3317"}],"wp:attachment":[{"href":"https:\/\/wpml.org\/de\/wp-json\/wp\/v2\/media?parent=1255"}],"wp:term":[{"taxonomy":"related-projects-category","embeddable":true,"href":"https:\/\/wpml.org\/de\/wp-json\/wp\/v2\/related-projects-category?post=1255"}],"curies":[{"name":"wp","href":"https:\/\/api.w.org\/{rel}","templated":true}]}}