{"id":1262,"date":"2009-03-26T15:45:49","date_gmt":"2009-03-26T15:45:49","guid":{"rendered":"http:\/\/wpml.org\/wpml-2\/ratgeber-zum-loslegen\/"},"modified":"2026-02-26T07:20:38","modified_gmt":"2026-02-26T07:20:38","slug":"ratgeber-zum-loslegen","status":"publish","type":"page","link":"https:\/\/wpml.org\/de\/documentation-3\/ratgeber-zum-loslegen\/","title":{"rendered":"WPML-Tutorial"},"content":{"rendered":"\n<div class=\"wp-block-toolset-blocks-container tb-container\" data-toolset-blocks-container=\"ab822fca4c7f34b8c00ef6eec20a769b\"><div class=\"tb-container-inner\">\n<h1 class=\"tb-heading has-text-color\" data-toolset-blocks-heading=\"44dbfda2d3c6c9c360f8ea3d291947ea\" data-last-update=\"1.4\">WPML-Tutorial<\/h1>\n\n\n\n<p class=\"tb-heading\" data-toolset-blocks-heading=\"aee7bdd80f9ab98628a9c8a0de89c4a7\" data-last-update=\"1.4\">Folgen Sie dem offiziellen WPML-Tutorial, um zu erfahren, wie Sie WPML auf Ihrer WordPress-Website einrichten und Inhalte \u00fcbersetzen. <\/p>\n<\/div><\/div>\n\n<div class=\"wp-block-toolset-blocks-container tb-container product-page-content\" data-toolset-blocks-container=\"238ff9eb0cba89de9e261fd422193fcb\"><div class=\"tb-container-inner\">\n<div class=\"wp-block-toolset-blocks-container tb-container\" data-toolset-blocks-container=\"498f90414e7a057504d638492affefec\">\n<div class=\"wp-block-toolset-blocks-grid tb-grid\" data-toolset-blocks-grid=\"74ca71345aca79e8e960012878532f5f\">\n<div class=\"wp-block-toolset-blocks-grid-column tb-grid-column tb-grid-align-top\" data-toolset-blocks-grid-column=\"3034fbe886c11054e95b46b09d3e4112\">\n<div class=\"wp-block-toolset-blocks-container tb-container\" data-toolset-blocks-container=\"05034b83b32243f652783e6d82e807f3\"><\/div>\n<\/div>\n\n\n\n<div class=\"wp-block-toolset-blocks-grid-column tb-grid-column tb-grid-align-center\" data-toolset-blocks-grid-column=\"f586ff7bfe1d7317c63162ec7b7039ed\">\n<h2 class=\"tb-heading has-text-color\" data-toolset-blocks-heading=\"aa24ad856a3f97ef93c6d9aaf19837c8\" data-last-update=\"1.4\">WPML installieren und Sprachen hinzuf\u00fcgen<\/h2>\n<\/div>\n<\/div>\n\n\n\n<p>Stellen Sie sicher, dass Ihre Website die <a href=\"https:\/\/wpml.org\/de\/startseite\/mindestanforderungen\/\">Mindestanforderungen von WPML<\/a> erf\u00fcllt, und befolgen Sie dann diese Schritte:<\/p>\n\n\n\n<ul class=\"wp-block-list\">\n<li><strong>Laden Sie den OTGS Installer herunter und installieren Sie ihn<\/strong> von der <a href=\"https:\/\/wpml.org\/de\/account\/downloads\/\">WPML-Download-Seite<\/a>.<\/li>\n\n\n\n<li>Gehen Sie in Ihrem WordPress-Admin-Bereich zu <strong>Plugins \u2192 Installieren<\/strong>, laden Sie das Plugin \u201eOTGS Installer\u201c hoch und aktivieren Sie es.<\/li>\n\n\n\n<li>Der OTGS Installer f\u00fchrt Sie durch folgende Schritte:\n<ul class=\"wp-block-list\">\n<li>Registrierung von WPML mit Ihrem Website-Schl\u00fcssel.<\/li>\n\n\n\n<li>Installation der erforderlichen <a href=\"https:\/\/wpml.org\/de\/documentation-3\/wpml-kern-und-add-on-plug-ins\/\">WPML-Komponenten<\/a> basierend auf den von Ihnen verwendeten Plugins.<\/li>\n<\/ul>\n<\/li>\n\n\n\n<li>Gehen Sie nach der Installation zu <strong>WPML<\/strong> und starten Sie den Einrichtungsassistenten, um:\n<ul class=\"wp-block-list\">\n<li>Die Standardsprache festzulegen.<\/li>\n\n\n\n<li>Die Sprachen hinzuzuf\u00fcgen, die Ihre Website unterst\u00fctzen soll.<\/li>\n\n\n\n<li>Auszuw\u00e4hlen, wie Besucher zwischen Sprachen wechseln (\u00fcber ein Men\u00fc, Widget oder Footer-Umschalter).<\/li>\n\n\n\n<li>KI- und menschliche \u00dcbersetzung einzurichten.<\/li>\n<\/ul>\n<\/li>\n<\/ul>\n<\/div>\n\n\n\n<div class=\"wp-block-toolset-blocks-container tb-container\" data-toolset-blocks-container=\"87b2739e2cebcc0e63ce9db85124e5af\">\n<div class=\"wp-block-toolset-blocks-grid tb-grid\" data-toolset-blocks-grid=\"74ca71345aca79e8e960012878532f5f\">\n<div class=\"wp-block-toolset-blocks-grid-column tb-grid-column tb-grid-align-top\" data-toolset-blocks-grid-column=\"3034fbe886c11054e95b46b09d3e4112\">\n<div class=\"wp-block-toolset-blocks-container tb-container\" data-toolset-blocks-container=\"dcba0d7b65229121f24d5ee19b08ed2e\"><\/div>\n<\/div>\n\n\n\n<div class=\"wp-block-toolset-blocks-grid-column tb-grid-column tb-grid-align-center\" data-toolset-blocks-grid-column=\"f586ff7bfe1d7317c63162ec7b7039ed\">\n<h2 class=\"tb-heading has-text-color\" data-toolset-blocks-heading=\"aa24ad856a3f97ef93c6d9aaf19837c8\" data-last-update=\"1.4\">\u00dcbersetzen mit WPML<\/h2>\n<\/div>\n<\/div>\n\n\n\n<p>Ihre Website umfasst <strong>Inhalte<\/strong> und <strong>Men\u00fcs<\/strong>. WPML erm\u00f6glicht Ihnen, beides zu \u00fcbersetzen. <\/p>\n\n\n\n<h3 class=\"wp-block-heading has-dark-gray-color has-text-color has-link-color wp-elements-59d65dc5a7c456e7042b381beafbf078\"><strong>Inhalte \u00fcbersetzen<\/strong><\/h3>\n\n\n\n<p>Das <a href=\"https:\/\/wpml.org\/de\/documentation-3\/ubersetzen-ihrer-inhalte\/\">\u00dcbersetzungs-Dashboard<\/a> von WPML erm\u00f6glicht Ihnen die \u00dcbersetzung von <strong>Beitr\u00e4gen<\/strong>, <strong>Seiten<\/strong>, <strong>benutzerdefinierten Beitragstypen<\/strong>, <strong>Taxonomien<\/strong>, <strong>Widgets<\/strong>, <strong>Sidebars<\/strong> und <strong>Strings<\/strong>.<\/p>\n\n\n\n<div style=\"height:40px\" aria-hidden=\"true\" class=\"wp-block-spacer\"><\/div>\n\n\n\n<figure class=\"wp-block-embed is-type-video is-provider-youtube wp-block-embed-youtube wp-embed-aspect-16-9 wp-has-aspect-ratio\"><div class=\"wp-block-embed__wrapper\">\n<div class=\"embed-responsive embed-responsive-16by9\"><iframe title=\"WPML Tutorial \u2013 How to Use WPML\" width=\"700\" height=\"394\" src=\"https:\/\/www.youtube.com\/embed\/bPPMBHos07g?feature=oembed\" frameborder=\"0\" allow=\"accelerometer; autoplay; clipboard-write; encrypted-media; gyroscope; picture-in-picture; web-share\" referrerpolicy=\"strict-origin-when-cross-origin\" allowfullscreen><\/iframe><\/div>\n<\/div><\/figure>\n\n\n\n<div style=\"height:40px\" aria-hidden=\"true\" class=\"wp-block-spacer\"><\/div>\n\n\n\n<p>Gehen Sie im Hauptmen\u00fc zu <strong>WPML<\/strong> \u2192 <strong>\u00dcbersetzungs-Dashboard<\/strong> oder klicken Sie auf die Schaltfl\u00e4che <strong>\u00dcbersetzungs-Dashboard<\/strong> im Bereich <strong>Sprache<\/strong>, wenn Sie Inhalte bearbeiten.<\/p>\n\n\n\n<p>Das <strong>\u00dcbersetzungs-Dashboard<\/strong> bietet eine praktische Oberfl\u00e4che zur \u00dcbersetzung aller Inhalte. Sie m\u00fcssen nicht verschiedene Bereiche des Admins f\u00fcr jedes Element aufrufen. Sie k\u00f6nnen alles, was Sie \u00fcbersetzen m\u00f6chten, auf einmal zur \u00dcbersetzung senden, wodurch Klicks reduziert und Zeit gespart wird.  <\/p>\n\n\n\n<p>Es unterst\u00fctzt alle \u00dcbersetzungs-Workflows: Verwenden Sie KI-\u00dcbersetzung, \u00fcbersetzen Sie selbst, arbeiten Sie mit Ihren eigenen \u00dcbersetzern oder beauftragen Sie Profis.<\/p>\n\n\n\n<p>Wenn Sie KI-\u00dcbersetzung w\u00e4hlen, sehen Sie die genauen Kosten, bevor Sie fortfahren. Selbstverst\u00e4ndlich k\u00f6nnen Sie die KI-\u00dcbersetzungen jederzeit bearbeiten. <\/p>\n\n\n\n<h3 class=\"wp-block-heading has-dark-gray-color has-text-color has-link-color wp-elements-5c6b1368041075a8c191e3d00ada32ea\"><strong>Men\u00fcs \u00fcbersetzen<\/strong><\/h3>\n\n\n\n<p>WPML bietet flexible M\u00f6glichkeiten zur \u00dcbersetzung der Men\u00fcs auf Ihrer Website. Lesen Sie die Dokumentation zum <a href=\"https:\/\/wpml.org\/de\/documentation-3\/ratgeber-zum-loslegen\/ubersetzen-von-menus\/\">\u00dcbersetzen von Men\u00fcs<\/a>, um herauszufinden, was f\u00fcr Sie am besten geeignet ist. <\/p>\n<\/div>\n\n\n\n<div class=\"wp-block-toolset-blocks-container tb-container\" data-toolset-blocks-container=\"1dcef3a49b27421bc6e9fb4e4f82dc87\">\n<div class=\"wp-block-toolset-blocks-grid tb-grid\" data-toolset-blocks-grid=\"5ec35a53a9f754eefbec11296ac7f6db\">\n<div class=\"wp-block-toolset-blocks-grid-column tb-grid-column tb-grid-align-center\" data-toolset-blocks-grid-column=\"f586ff7bfe1d7317c63162ec7b7039ed\">\n<div class=\"wp-block-toolset-blocks-container tb-container\" data-toolset-blocks-container=\"63638c1d22a5afe5934c96a30b2da973\"><\/div>\n<\/div>\n\n\n\n<div class=\"wp-block-toolset-blocks-grid-column tb-grid-column tb-grid-align-center\" data-toolset-blocks-grid-column=\"f586ff7bfe1d7317c63162ec7b7039ed\">\n<h3 class=\"tb-heading has-text-color\" data-toolset-blocks-heading=\"895ee183921d28cee0d4bb29b89f2e99\" data-last-update=\"1.4\">WPML anpassen<\/h3>\n<\/div>\n<\/div>\n\n\n\n<p class=\"tb-heading has-text-color\" data-toolset-blocks-heading=\"affb546fdbcd3257db45dad977a70155\" data-last-update=\"1.4\">Optimieren Sie WPML f\u00fcr Ihre Website:<\/p>\n\n\n\n<p class=\"tb-heading\" data-toolset-blocks-heading=\"bc7ead5f768a8d5ae0424ae18ddebf79\" data-last-update=\"1.4\"><a href=\"https:\/\/wpml.org\/de\/documentation-3\/ratgeber-zum-loslegen\/einstellung-der-sprachen\/so-fuegen-sie-einen-sprachumschalter-zu-ihrer-wordpress-website-hinzu\/\" target=\"_blank\" rel=\"noreferrer noopener\">Sprachumschalter hinzuf\u00fcgen<\/a><\/p>\n\n\n\n<p class=\"tb-heading has-text-color\" data-toolset-blocks-heading=\"4b2a2a0716b6876e12857d48df9fc648\" data-last-update=\"1.4\">Platzieren Sie ihn im Men\u00fc, Footer oder in Widgets.<\/p>\n\n\n\n<p class=\"tb-heading\" data-toolset-blocks-heading=\"bc7ead5f768a8d5ae0424ae18ddebf79\" data-last-update=\"1.4\"><a href=\"https:\/\/wpml.org\/de\/documentation-3\/ratgeber-zum-loslegen\/einstellung-der-sprachen\/optionen-fuer-das-url-format-der-sprache\/\" target=\"_blank\" rel=\"noreferrer noopener\">URL-Format festlegen<\/a><\/p>\n\n\n\n<p class=\"tb-heading has-text-color\" data-toolset-blocks-heading=\"4b2a2a0716b6876e12857d48df9fc648\" data-last-update=\"1.4\">W\u00e4hlen Sie aus, wie \u00fcbersetzte Seiten angezeigt werden (Verzeichnisse, Parameter usw.)<\/p>\n\n\n\n<p class=\"tb-heading\" data-toolset-blocks-heading=\"bc7ead5f768a8d5ae0424ae18ddebf79\" data-last-update=\"1.4\"><a href=\"https:\/\/wpml.org\/de\/documentation-3\/ratgeber-zum-loslegen\/ubersetzung-benutzerdefiinierter-beitrage\/\" target=\"_blank\" rel=\"noreferrer noopener\">Benutzerdefinierte Beitragstypen \u00fcbersetzen<\/a><\/p>\n\n\n\n<p class=\"tb-heading has-text-color\" data-toolset-blocks-heading=\"4b2a2a0716b6876e12857d48df9fc648\" data-last-update=\"1.4\">Entscheiden Sie, welche benutzerdefinierten Beitragstypen \u00fcbersetzt werden sollen.<\/p>\n\n\n\n<p class=\"tb-heading\" data-toolset-blocks-heading=\"bc7ead5f768a8d5ae0424ae18ddebf79\" data-last-update=\"1.4\"><a href=\"https:\/\/wpml.org\/de\/documentation-3\/ratgeber-zum-loslegen\/ubersetzung-von-beitragskategorien-und-benutzerdefinierten-taxonomien\/\" target=\"_blank\" rel=\"noreferrer noopener\">Kategorien und Taxonomien \u00fcbersetzen<\/a><\/p>\n\n\n\n<p class=\"tb-heading has-text-color\" data-toolset-blocks-heading=\"27f3e4b5e60a1ab2cece8dacacc60559\" data-last-update=\"1.4\">\u00dcbersetzen Sie Tags, Kategorien und benutzerdefinierte Taxonomien.<\/p>\n<\/div>\n\n\n\n<div class=\"wp-block-toolset-blocks-container tb-container\" data-toolset-blocks-container=\"6a5a6e73494136ccd3a224472da33145\">\n<div class=\"wp-block-toolset-blocks-grid tb-grid\" data-toolset-blocks-grid=\"5ec35a53a9f754eefbec11296ac7f6db\">\n<div class=\"wp-block-toolset-blocks-grid-column tb-grid-column tb-grid-align-center\" data-toolset-blocks-grid-column=\"f586ff7bfe1d7317c63162ec7b7039ed\">\n<div class=\"wp-block-toolset-blocks-container tb-container\" data-toolset-blocks-container=\"9eb8ff775fc4f26c5138e55a3ce77987\"><\/div>\n<\/div>\n\n\n\n<div class=\"wp-block-toolset-blocks-grid-column tb-grid-column tb-grid-align-center\" data-toolset-blocks-grid-column=\"f586ff7bfe1d7317c63162ec7b7039ed\">\n<h3 class=\"tb-heading has-text-color\" data-toolset-blocks-heading=\"895ee183921d28cee0d4bb29b89f2e99\" data-last-update=\"1.4\">Erfolgreiche mehrsprachige Websites erstellen<\/h3>\n<\/div>\n<\/div>\n\n\n\n<p class=\"tb-heading has-text-color\" data-toolset-blocks-heading=\"affb546fdbcd3257db45dad977a70155\" data-last-update=\"1.4\">M\u00f6chten Sie mehr Traffic und bessere Ergebnisse?<\/p>\n\n\n\n<p class=\"tb-heading\" data-toolset-blocks-heading=\"ed59c2ada1c0fb309c19dcfcb6ab10c7\" data-last-update=\"1.4\">Sehen Sie sich diese bew\u00e4hrten Tipps von echten WPML-Nutzern an, um <a href=\"https:\/\/wpml.org\/de\/documentation-3\/ratgeber-zum-loslegen\/einfache-mehrsprachige-websites-erzielen-bessere-leistungen-bewaehrte-tipps-zur-steigerung-ihres-globalen-traffics\/\" target=\"_blank\" rel=\"noreferrer noopener\">Ihre mehrsprachige Website einfach, effektiv und leichter ausbaubar zu machen.<\/a><\/p>\n<\/div>\n<\/div><\/div>\n","protected":false},"excerpt":{"rendered":"<p>WPML besteht aus <a href=\"\/?page_id=6375\">mehreren Modulen<\/a>. Das Basismodul macht WordPress-Websites mehrsprachig. Andere Module unterst\u00fctzen einen erweiterten \u00dcbersetzungsprozess, String-\u00dcbersetzung, Medien\u00fcbersetzung und weitere Funktionen.   <\/p>\n","protected":false},"author":1,"featured_media":0,"parent":3317,"menu_order":2,"comment_status":"closed","ping_status":"closed","template":"template-full.php","meta":{"_bbp_topic_count":0,"_bbp_reply_count":0,"_bbp_total_topic_count":0,"_bbp_total_reply_count":0,"_bbp_voice_count":0,"_bbp_anonymous_reply_count":0,"_bbp_topic_count_hidden":0,"_bbp_reply_count_hidden":0,"_bbp_forum_subforum_count":0,"_uag_custom_page_level_css":"","ep_exclude_from_search":false,"footnotes":""},"related-projects-category":[],"class_list":["post-1262","page","type-page","status-publish","hentry"],"spectra_custom_meta":{"_icl_translation":["1"],"_wp_page_template":["template-full.php"],"ratings_users":["0"],"ratings_score":["0"],"ratings_average":["0"],"_views_template":["0"],"_alp_processed":["1772090439"],"_edit_lock":["1431070066:22418"],"_wpml_media_featured":["1"],"_subscription_coupon_product_id":["0"],"inline_featured_image":["0"],"_last_translation_edit_mode":["translation-editor"],"_oembed_1caedca534b636d09c0950cf45fb0cb9":["<iframe title=\"WPML Setup for the First Time\" width=\"700\" height=\"394\" src=\"https:\/\/www.youtube.com\/embed\/O7zrroWtrpQ?feature=oembed&enablejsapi=1&origin=https:\/\/wpml.org\" frameborder=\"0\" allow=\"accelerometer; autoplay; clipboard-write; encrypted-media; gyroscope; picture-in-picture\" allowfullscreen><\/iframe>"],"_oembed_time_1caedca534b636d09c0950cf45fb0cb9":["1603802669"],"_oembed_085e890236af876c824fa92e59328670":["<iframe title=\"Translating Menus in WPML\" width=\"700\" height=\"394\" src=\"https:\/\/www.youtube.com\/embed\/aFQuEGQs19c?feature=oembed&enablejsapi=1&origin=https:\/\/wpml.org\" frameborder=\"0\" allow=\"accelerometer; autoplay; clipboard-write; encrypted-media; gyroscope; picture-in-picture\" allowfullscreen><\/iframe>"],"_oembed_time_085e890236af876c824fa92e59328670":["1604768968"],"_oembed_6eeaaf76264d07834a5024ecc691d2d0":["<iframe title=\"Media Translation for WPML 4.0\" width=\"525\" height=\"394\" src=\"https:\/\/www.youtube.com\/embed\/8kvqMTy3r2g?feature=oembed&enablejsapi=1&origin=https:\/\/wpml.org\" frameborder=\"0\" allow=\"accelerometer; autoplay; clipboard-write; encrypted-media; gyroscope; picture-in-picture\" allowfullscreen><\/iframe>"],"_oembed_time_6eeaaf76264d07834a5024ecc691d2d0":["1608634935"],"_oembed_8f4dd281fde949aaaec897e32bbedb6b":["<iframe title=\"Doing a Test Translation with Translation Services\" width=\"700\" height=\"394\" src=\"https:\/\/www.youtube.com\/embed\/ozBasV4sNCs?feature=oembed&enablejsapi=1&origin=https:\/\/wpml.org\" frameborder=\"0\" allow=\"accelerometer; autoplay; clipboard-write; encrypted-media; gyroscope; picture-in-picture\" allowfullscreen><\/iframe>"],"_oembed_time_8f4dd281fde949aaaec897e32bbedb6b":["1608634935"],"_oembed_1e02e02ee671c61d8638766a0ee1cb8e":["<iframe title=\"WPML Advanced Translation Editor\" width=\"700\" height=\"394\" src=\"https:\/\/www.youtube.com\/embed\/TmmyU6MtXY8?feature=oembed&enablejsapi=1&origin=https:\/\/wpml.org\" frameborder=\"0\" allow=\"accelerometer; autoplay; clipboard-write; encrypted-media; gyroscope; picture-in-picture\" allowfullscreen><\/iframe>"],"_oembed_time_1e02e02ee671c61d8638766a0ee1cb8e":["1626538836"],"_oembed_809539948dec7d9364864e7814a4a558":["<iframe title=\"How we translate wpml.org\" width=\"700\" height=\"394\" src=\"https:\/\/www.youtube.com\/embed\/FxScQ-bkOXo?feature=oembed&enablejsapi=1&origin=https:\/\/wpml.org\" frameborder=\"0\" allow=\"accelerometer; autoplay; clipboard-write; encrypted-media; gyroscope; picture-in-picture\" allowfullscreen><\/iframe>"],"_oembed_time_809539948dec7d9364864e7814a4a558":["1627241902"],"_oembed_b9ed4048f72ad6c7db9e194b36b2ddd7":["<iframe title=\"Add a Custom Language in WPML\" width=\"700\" height=\"394\" src=\"https:\/\/www.youtube.com\/embed\/gbdbEOQA0Kw?feature=oembed&enablejsapi=1&origin=https:\/\/wpml.org\" frameborder=\"0\" allow=\"accelerometer; autoplay; clipboard-write; encrypted-media; gyroscope; picture-in-picture\" allowfullscreen><\/iframe>"],"_oembed_time_b9ed4048f72ad6c7db9e194b36b2ddd7":["1627375623"],"wpcf-unformatted-code":[""],"wpcf-price-increase-show-from":[""],"wpcf-price-increase-show-till":[""],"_oembed_af543938fc99edbf56931d7458a9faf6":["<iframe title=\"WPML - How To Translate Your WordPress Website In Minutes\" width=\"700\" height=\"394\" src=\"https:\/\/www.youtube.com\/embed\/wplX2ZQR0Pk?feature=oembed\" frameborder=\"0\" allow=\"accelerometer; autoplay; clipboard-write; encrypted-media; gyroscope; picture-in-picture\" allowfullscreen><\/iframe>"],"_oembed_time_af543938fc99edbf56931d7458a9faf6":["1634195598"],"_oembed_bbf56b1d4c25ce11481afba39f176f85":["<iframe title=\"Using WPML to translate content created with page builders\" width=\"700\" height=\"394\" src=\"https:\/\/www.youtube.com\/embed\/MSqNzrdPMkE?feature=oembed&enablejsapi=1&origin=https:\/\/wpml.org\" frameborder=\"0\" allow=\"accelerometer; autoplay; clipboard-write; encrypted-media; gyroscope; picture-in-picture\" allowfullscreen><\/iframe>"],"_oembed_time_bbf56b1d4c25ce11481afba39f176f85":["1634751350"],"_oembed_4cfc36a20eaaa6d52ffcb90b45efbebf":["{{unknown}}"],"_oembed_8b192c37df925cacb831b3922e69595d":["<iframe title=\"Using WPML To Translate Pages Built With Fusion Builder (Avada Theme)\" width=\"700\" height=\"394\" src=\"https:\/\/www.youtube.com\/embed\/_bNqjjBPdGA?feature=oembed&enablejsapi=1&origin=https:\/\/wpml.org\" frameborder=\"0\" allow=\"accelerometer; autoplay; clipboard-write; encrypted-media; gyroscope; picture-in-picture\" allowfullscreen><\/iframe>"],"_oembed_time_8b192c37df925cacb831b3922e69595d":["1643303757"],"_oembed_f56bf1c5a64a315a94e4cbf7a197b2b0":["<iframe title=\"Integration between Astra theme and Toolset\" width=\"700\" height=\"394\" src=\"https:\/\/www.youtube.com\/embed\/z0GrsNVmFjo?feature=oembed&enablejsapi=1&origin=https:\/\/wpml.org\" frameborder=\"0\" allow=\"accelerometer; autoplay; clipboard-write; encrypted-media; gyroscope; picture-in-picture\" allowfullscreen><\/iframe>"],"_oembed_time_f56bf1c5a64a315a94e4cbf7a197b2b0":["1646065536"],"toolset_post_editor_mode":["block"],"_wpml_media_duplicate":["0"],"_oembed_d617e060b7133aea5401c0d73edbabae":["<iframe title=\"Using WPML to easily translate pages you build visually\" width=\"700\" height=\"394\" src=\"https:\/\/www.youtube.com\/embed\/AzxsHDjMA48?feature=oembed&enablejsapi=1&origin=https:\/\/wpml.org\" frameborder=\"0\" allow=\"accelerometer; autoplay; clipboard-write; encrypted-media; gyroscope; picture-in-picture; web-share\" referrerpolicy=\"strict-origin-when-cross-origin\" allowfullscreen><\/iframe>"],"_oembed_time_d617e060b7133aea5401c0d73edbabae":["1739298244"],"_wpml_word_count":["602"],"_oembed_ad44eba37d85b195e5cb17199977d665":["<iframe title=\"sidebar manager\" width=\"525\" height=\"394\" src=\"https:\/\/www.youtube.com\/embed\/2QWi4Q9fVok?feature=oembed&enablejsapi=1&origin=https:\/\/wpml.org\" frameborder=\"0\" allow=\"accelerometer; autoplay; clipboard-write; encrypted-media; gyroscope; picture-in-picture; web-share\" referrerpolicy=\"strict-origin-when-cross-origin\" allowfullscreen><\/iframe>"],"_oembed_time_ad44eba37d85b195e5cb17199977d665":["1743325846"],"cmplz_hide_cookiebanner":[""],"wpcf-price-increase-content":[""],"wpcf-relevant-forum-documentation":["1"],"wpcf-login-box-title":[""],"wpcf-page-content":[""],"_yoast_wpseo_primary_related-projects-category":[""],"_oembed_1627dd72d49ee20d4f8553513920e405":["<iframe title=\"WPML Tutorial \u2013 How to Use WPML\" width=\"700\" height=\"394\" src=\"https:\/\/www.youtube.com\/embed\/bPPMBHos07g?feature=oembed\" frameborder=\"0\" allow=\"accelerometer; autoplay; clipboard-write; encrypted-media; gyroscope; picture-in-picture; web-share\" referrerpolicy=\"strict-origin-when-cross-origin\" allowfullscreen><\/iframe>"],"_oembed_time_1627dd72d49ee20d4f8553513920e405":["1767618668"],"_yoast_wpseo_title":["WPML-Tutorial \u2013 So richten Sie WPML ein und verwenden es"],"_yoast_wpseo_metadesc":["Folgen Sie dem offiziellen WPML-Tutorial, um zu erfahren, wie Sie WPML auf Ihrer WordPress-Website einrichten und Inhalte \u00fcbersetzen."],"_yoast_wpseo_focuskw":["wpml-tutorial"],"_uag_css_file_name":["uag-css-1262.css"],"_uag_page_assets":["a:9:{s:3:\"css\";s:260:\".uag-blocks-common-selector{z-index:var(--z-index-desktop) !important}@media(max-width: 976px){.uag-blocks-common-selector{z-index:var(--z-index-tablet) !important}}@media(max-width: 767px){.uag-blocks-common-selector{z-index:var(--z-index-mobile) !important}}\";s:2:\"js\";s:0:\"\";s:18:\"current_block_list\";a:11:{i:0;s:24:\"toolset-blocks\/container\";i:1;s:22:\"toolset-blocks\/heading\";i:4;s:19:\"toolset-blocks\/grid\";i:5;s:26:\"toolset-blocks\/grid-column\";i:6;s:14:\"core\/paragraph\";i:7;s:9:\"core\/list\";i:8;s:14:\"core\/list-item\";i:9;s:12:\"core\/heading\";i:10;s:11:\"core\/spacer\";i:11;s:10:\"core\/embed\";i:12;s:14:\"core\/shortcode\";}s:8:\"uag_flag\";b:0;s:11:\"uag_version\";s:10:\"1778855371\";s:6:\"gfonts\";a:0:{}s:10:\"gfonts_url\";s:0:\"\";s:12:\"gfonts_files\";a:0:{}s:14:\"uag_faq_layout\";b:0;}"]},"uagb_featured_image_src":{"full":false,"thumbnail":false,"medium":false,"medium_large":false,"large":false,"1536x1536":false,"2048x2048":false,"gform-image-choice-sm":false,"gform-image-choice-md":false,"gform-image-choice-lg":false,"woocommerce_thumbnail":false,"woocommerce_single":false,"woocommerce_gallery_thumbnail":false},"uagb_author_info":{"display_name":"Amir","author_link":"https:\/\/wpml.org\/de\/author\/admingm\/"},"uagb_comment_info":0,"uagb_excerpt":"WPML besteht aus mehreren Modulen. Das Basismodul macht WordPress-Websites mehrsprachig. Andere Module unterst\u00fctzen einen erweiterten \u00dcbersetzungsprozess, String-\u00dcbersetzung, Medien\u00fcbersetzung und weitere Funktionen.","_links":{"self":[{"href":"https:\/\/wpml.org\/de\/wp-json\/wp\/v2\/pages\/1262","targetHints":{"allow":["GET"]}}],"collection":[{"href":"https:\/\/wpml.org\/de\/wp-json\/wp\/v2\/pages"}],"about":[{"href":"https:\/\/wpml.org\/de\/wp-json\/wp\/v2\/types\/page"}],"author":[{"embeddable":true,"href":"https:\/\/wpml.org\/de\/wp-json\/wp\/v2\/users\/1"}],"replies":[{"embeddable":true,"href":"https:\/\/wpml.org\/de\/wp-json\/wp\/v2\/comments?post=1262"}],"version-history":[{"count":8,"href":"https:\/\/wpml.org\/de\/wp-json\/wp\/v2\/pages\/1262\/revisions"}],"predecessor-version":[{"id":17854037,"href":"https:\/\/wpml.org\/de\/wp-json\/wp\/v2\/pages\/1262\/revisions\/17854037"}],"up":[{"embeddable":true,"href":"https:\/\/wpml.org\/de\/wp-json\/wp\/v2\/pages\/3317"}],"wp:attachment":[{"href":"https:\/\/wpml.org\/de\/wp-json\/wp\/v2\/media?parent=1262"}],"wp:term":[{"taxonomy":"related-projects-category","embeddable":true,"href":"https:\/\/wpml.org\/de\/wp-json\/wp\/v2\/related-projects-category?post=1262"}],"curies":[{"name":"wp","href":"https:\/\/api.w.org\/{rel}","templated":true}]}}