{"id":13070103,"date":"2023-02-20T13:27:39","date_gmt":"2023-02-20T13:27:39","guid":{"rendered":"https:\/\/wpml.org\/documentation-3\/ratgeber-zum-loslegen\/einstellung-der-sprachen\/vorkonfigurierte-sprachen\/"},"modified":"2024-11-28T07:01:24","modified_gmt":"2024-11-28T07:01:24","slug":"vorkonfigurierte-sprachen","status":"publish","type":"page","link":"https:\/\/wpml.org\/de\/documentation-3\/ratgeber-zum-loslegen\/einstellung-der-sprachen\/vorkonfigurierte-sprachen\/","title":{"rendered":"Vorkonfigurierte Sprachen"},"content":{"rendered":"\n<p class=\"lead\">WPML umfasst 65 Sprachen, die sofort einsatzbereit sind. Konsultieren Sie unsere Sprachenliste, um zu erfahren, welche verf\u00fcgbar sind. <\/p>\n\n<p>Hier finden Sie eine Liste der Sprachen, die <strong>vorkonfiguriert<\/strong> mit WPML geliefert werden:<\/p>\n\n<h2 class=\"wp-block-heading\">Am beliebtesten<\/h2>\n\n<ul class=\"wp-block-list\">\n<li>Chinesisch (vereinfacht)<\/li>\n\n\n\n<li>Chinesisch (traditionell)<\/li>\n\n\n\n<li>D\u00e4nisch<\/li>\n\n\n\n<li>Holl\u00e4ndisch<\/li>\n\n\n\n<li>Englisch<\/li>\n\n\n\n<li>Franz\u00f6sisch<\/li>\n\n\n\n<li>Deutsch<\/li>\n\n\n\n<li>Italienisch<\/li>\n\n\n\n<li>Japanisch<\/li>\n\n\n\n<li>Russisch<\/li>\n\n\n\n<li>Spanisch<\/li>\n<\/ul>\n\n<h2 class=\"wp-block-heading\">Andere vorkonfigurierte Sprachen<\/h2>\n\n<ul class=\"wp-block-list\">\n<li>Albanisch<\/li>\n\n\n\n<li>Arabisch<\/li>\n\n\n\n<li>Armenisch<\/li>\n\n\n\n<li>Aserbaidschanisch<\/li>\n\n\n\n<li>Baskisch<\/li>\n\n\n\n<li>Bengalisch<\/li>\n\n\n\n<li>Bosnisch<\/li>\n\n\n\n<li>Bulgarisch<\/li>\n\n\n\n<li>Katalanisch<\/li>\n\n\n\n<li>Kroatisch<\/li>\n\n\n\n<li>Tschechisch<\/li>\n\n\n\n<li>Esperanto<\/li>\n\n\n\n<li>Estnisch<\/li>\n\n\n\n<li>Finnisch<\/li>\n\n\n\n<li>Galizisch<\/li>\n\n\n\n<li>Griechisch<\/li>\n\n\n\n<li>Hebr\u00e4isch<\/li>\n\n\n\n<li>Hindi<\/li>\n\n\n\n<li>Ungarisch<\/li>\n\n\n\n<li>Isl\u00e4ndisch<\/li>\n\n\n\n<li>Indonesisch<\/li>\n\n\n\n<li>Irisch<\/li>\n\n\n\n<li>Koreanisch<\/li>\n\n\n\n<li>Kurdisch<\/li>\n\n\n\n<li>Lettisch<\/li>\n\n\n\n<li>Litauisch<\/li>\n\n\n\n<li>Mazedonisch<\/li>\n\n\n\n<li>Malaiisch<\/li>\n\n\n\n<li>Malteser<\/li>\n\n\n\n<li>Moldawien<\/li>\n\n\n\n<li>Mongolei<\/li>\n\n\n\n<li>Nepali<\/li>\n\n\n\n<li>Norwegisch Bokm\u00e5l<\/li>\n\n\n\n<li>Persisch<\/li>\n\n\n\n<li>Polnisch<\/li>\n\n\n\n<li>Portugiesisch (Brasilien)<\/li>\n\n\n\n<li>Portugiesisch (Portugal)<\/li>\n\n\n\n<li>Punjabi<\/li>\n\n\n\n<li>Quechua<\/li>\n\n\n\n<li>Rum\u00e4nisch<\/li>\n\n\n\n<li>Serbisch<\/li>\n\n\n\n<li>Slowakisch<\/li>\n\n\n\n<li>Slowenisch<\/li>\n\n\n\n<li>Somali<\/li>\n\n\n\n<li>Schwedisch<\/li>\n\n\n\n<li>Tamilisch<\/li>\n\n\n\n<li>Thail\u00e4ndisch<\/li>\n\n\n\n<li>T\u00fcrkisch<\/li>\n\n\n\n<li>Ukrainisch<\/li>\n\n\n\n<li>Urdu<\/li>\n\n\n\n<li>Usbekisch<\/li>\n\n\n\n<li>Vietnamesisch<\/li>\n\n\n\n<li>Walisisch<\/li>\n\n\n\n<li>Jiddisch<\/li>\n\n\n\n<li>Zulu<\/li>\n<\/ul>\n\n<p>Sie k\u00f6nnen die Liste der vorkonfigurierten Sprachen finden, indem Sie zu <strong>WPML<\/strong> \u2192 <strong>Sprachen<\/strong> navigieren und auf <strong>Sprachen hinzuf\u00fcgen\/entfernen<\/strong> klicken.<\/p>\n\n<p>Wenn Sie eine automatische \u00dcbersetzung verwenden m\u00f6chten, sehen Sie nach, <a href=\"https:\/\/ate.wpml.org\/mt_langs\">welche automatischen \u00dcbersetzungssysteme die einzelnen Sprachen unterst\u00fctzen<\/a>.<\/p>\n\n<p>Wenn Sie den Sprachcode jeder Sprache auf Ihrer Website erfahren m\u00f6chten, k\u00f6nnen Sie einen Blick in die <a href=\"https:\/\/wpml.org\/documentation\/support\/wpml-tables\/\">WPML-Datenbanktabellen<\/a> f\u00fcr alle Sprachen werfen. Alternativ k\u00f6nnen Sie zu <strong>WPML<\/strong> \u2192 <strong>Sprachen<\/strong> navigieren und auf <strong>Sprachen bearbeiten<\/strong> klicken.  <\/p>\n\n<h2 class=\"wp-block-heading\">Sie k\u00f6nnen Ihre Sprache nicht finden? F\u00fcgen Sie es selbst hinzu<\/h2>\n\n<p>Wenn Ihre Sprache nicht in der vorkonfigurierten Liste der Sprachen enthalten ist, k\u00f6nnen Sie <a href=\"https:\/\/wpml.org\/documentation\/getting-started-guide\/language-setup\/editing-wpmls-languages-table\/\">ma\u00dfgeschneiderte oder l\u00e4nderspezifische Sprachen hinzuf\u00fcgen<\/a>.<\/p>\n","protected":false},"excerpt":{"rendered":"<p>WPML umfasst 65 Sprachen, die sofort einsatzbereit sind. Konsultieren Sie unsere Sprachenliste, um zu erfahren, welche verf\u00fcgbar sind. Hier finden Sie eine Liste der Sprachen, die vorkonfiguriert mit WPML geliefert werden: Am beliebtesten Andere vorkonfigurierte Sprachen Sie k\u00f6nnen die Liste der vorkonfigurierten Sprachen finden, indem Sie zu WPML \u2192 Sprachen navigieren und auf Sprachen hinzuf\u00fcgen\/entfernen [&hellip;]<\/p>\n","protected":false},"author":59141,"featured_media":0,"parent":1439,"menu_order":0,"comment_status":"closed","ping_status":"closed","template":"template-nosidebar-centered.php","meta":{"_bbp_topic_count":0,"_bbp_reply_count":0,"_bbp_total_topic_count":0,"_bbp_total_reply_count":0,"_bbp_voice_count":0,"_bbp_anonymous_reply_count":0,"_bbp_topic_count_hidden":0,"_bbp_reply_count_hidden":0,"_bbp_forum_subforum_count":0,"_uag_custom_page_level_css":"","ep_exclude_from_search":false,"footnotes":""},"related-projects-category":[],"class_list":["post-13070103","page","type-page","status-publish","hentry"],"spectra_custom_meta":{"ratings_users":["0"],"ratings_score":["0"],"ratings_average":["0"],"_subscription_coupon_product_id":["0"],"_wpv_contains_gutenberg_views":[""],"_alp_processed":["1732777284"],"_views_template":["0"],"wpcf-unformatted-code":[""],"_wpml_media_duplicate":["0"],"_wpml_media_featured":["1"],"toolset_post_editor_mode":["block"],"wpcf-price-increase-show-from":[""],"wpcf-price-increase-show-till":[""],"_wp_page_template":["template-nosidebar-centered.php"],"_last_translation_edit_mode":["translation-editor"],"_wpml_word_count":["319"],"_yoast_wpseo_metadesc":["WPML umfasst 65 Sprachen, die sofort einsatzbereit sind. Konsultieren Sie unsere Sprachenliste, um zu erfahren, welche verf\u00fcgbar sind."],"_uagb_previous_block_counts":["a:90:{s:21:\"uagb\/advanced-heading\";i:0;s:15:\"uagb\/blockquote\";i:0;s:12:\"uagb\/buttons\";i:0;s:18:\"uagb\/buttons-child\";i:0;s:19:\"uagb\/call-to-action\";i:0;s:15:\"uagb\/cf7-styler\";i:0;s:11:\"uagb\/column\";i:0;s:12:\"uagb\/columns\";i:0;s:14:\"uagb\/container\";i:0;s:21:\"uagb\/content-timeline\";i:0;s:27:\"uagb\/content-timeline-child\";i:0;s:14:\"uagb\/countdown\";i:0;s:12:\"uagb\/counter\";i:0;s:8:\"uagb\/faq\";i:0;s:14:\"uagb\/faq-child\";i:0;s:10:\"uagb\/forms\";i:0;s:17:\"uagb\/forms-accept\";i:0;s:19:\"uagb\/forms-checkbox\";i:0;s:15:\"uagb\/forms-date\";i:0;s:16:\"uagb\/forms-email\";i:0;s:17:\"uagb\/forms-hidden\";i:0;s:15:\"uagb\/forms-name\";i:0;s:16:\"uagb\/forms-phone\";i:0;s:16:\"uagb\/forms-radio\";i:0;s:17:\"uagb\/forms-select\";i:0;s:19:\"uagb\/forms-textarea\";i:0;s:17:\"uagb\/forms-toggle\";i:0;s:14:\"uagb\/forms-url\";i:0;s:14:\"uagb\/gf-styler\";i:0;s:15:\"uagb\/google-map\";i:0;s:11:\"uagb\/how-to\";i:0;s:16:\"uagb\/how-to-step\";i:0;s:9:\"uagb\/icon\";i:0;s:14:\"uagb\/icon-list\";i:0;s:20:\"uagb\/icon-list-child\";i:0;s:10:\"uagb\/image\";i:0;s:18:\"uagb\/image-gallery\";i:0;s:13:\"uagb\/info-box\";i:0;s:18:\"uagb\/inline-notice\";i:0;s:11:\"uagb\/lottie\";i:0;s:21:\"uagb\/marketing-button\";i:0;s:10:\"uagb\/modal\";i:0;s:18:\"uagb\/popup-builder\";i:0;s:16:\"uagb\/post-button\";i:0;s:18:\"uagb\/post-carousel\";i:0;s:17:\"uagb\/post-excerpt\";i:0;s:14:\"uagb\/post-grid\";i:0;s:15:\"uagb\/post-image\";i:0;s:17:\"uagb\/post-masonry\";i:0;s:14:\"uagb\/post-meta\";i:0;s:18:\"uagb\/post-taxonomy\";i:0;s:18:\"uagb\/post-timeline\";i:0;s:15:\"uagb\/post-title\";i:0;s:20:\"uagb\/restaurant-menu\";i:0;s:26:\"uagb\/restaurant-menu-child\";i:0;s:11:\"uagb\/review\";i:0;s:12:\"uagb\/section\";i:0;s:14:\"uagb\/separator\";i:0;s:11:\"uagb\/slider\";i:0;s:17:\"uagb\/slider-child\";i:0;s:17:\"uagb\/social-share\";i:0;s:23:\"uagb\/social-share-child\";i:0;s:16:\"uagb\/star-rating\";i:0;s:23:\"uagb\/sure-cart-checkout\";i:0;s:22:\"uagb\/sure-cart-product\";i:0;s:15:\"uagb\/sure-forms\";i:0;s:22:\"uagb\/table-of-contents\";i:0;s:9:\"uagb\/tabs\";i:0;s:15:\"uagb\/tabs-child\";i:0;s:18:\"uagb\/taxonomy-list\";i:0;s:9:\"uagb\/team\";i:0;s:16:\"uagb\/testimonial\";i:0;s:14:\"uagb\/wp-search\";i:0;s:19:\"uagb\/instagram-feed\";i:0;s:10:\"uagb\/login\";i:0;s:17:\"uagb\/loop-builder\";i:0;s:18:\"uagb\/loop-category\";i:0;s:20:\"uagb\/loop-pagination\";i:0;s:15:\"uagb\/loop-reset\";i:0;s:16:\"uagb\/loop-search\";i:0;s:14:\"uagb\/loop-sort\";i:0;s:17:\"uagb\/loop-wrapper\";i:0;s:13:\"uagb\/register\";i:0;s:19:\"uagb\/register-email\";i:0;s:24:\"uagb\/register-first-name\";i:0;s:23:\"uagb\/register-last-name\";i:0;s:22:\"uagb\/register-password\";i:0;s:30:\"uagb\/register-reenter-password\";i:0;s:19:\"uagb\/register-terms\";i:0;s:22:\"uagb\/register-username\";i:0;}"],"_uag_css_file_name":["uag-css-13070103.css"],"_uag_page_assets":["a:9:{s:3:\"css\";s:260:\".uag-blocks-common-selector{z-index:var(--z-index-desktop) !important}@media(max-width: 976px){.uag-blocks-common-selector{z-index:var(--z-index-tablet) !important}}@media(max-width: 767px){.uag-blocks-common-selector{z-index:var(--z-index-mobile) !important}}\";s:2:\"js\";s:0:\"\";s:18:\"current_block_list\";a:5:{i:0;s:14:\"core\/paragraph\";i:1;s:12:\"core\/heading\";i:2;s:9:\"core\/list\";i:3;s:14:\"core\/list-item\";i:4;s:14:\"core\/shortcode\";}s:8:\"uag_flag\";b:0;s:11:\"uag_version\";s:10:\"1778328036\";s:6:\"gfonts\";a:0:{}s:10:\"gfonts_url\";s:0:\"\";s:12:\"gfonts_files\";a:0:{}s:14:\"uag_faq_layout\";b:0;}"]},"uagb_featured_image_src":{"full":false,"thumbnail":false,"medium":false,"medium_large":false,"large":false,"1536x1536":false,"2048x2048":false,"gform-image-choice-sm":false,"gform-image-choice-md":false,"gform-image-choice-lg":false,"woocommerce_thumbnail":false,"woocommerce_single":false,"woocommerce_gallery_thumbnail":false},"uagb_author_info":{"display_name":"Agnes Bury","author_link":"https:\/\/wpml.org\/de\/author\/agnes-b\/"},"uagb_comment_info":0,"uagb_excerpt":"WPML umfasst 65 Sprachen, die sofort einsatzbereit sind. Konsultieren Sie unsere Sprachenliste, um zu erfahren, welche verf\u00fcgbar sind. Hier finden Sie eine Liste der Sprachen, die vorkonfiguriert mit WPML geliefert werden: Am beliebtesten Andere vorkonfigurierte Sprachen Sie k\u00f6nnen die Liste der vorkonfigurierten Sprachen finden, indem Sie zu WPML \u2192 Sprachen navigieren und auf Sprachen hinzuf\u00fcgen\/entfernen&hellip;","_links":{"self":[{"href":"https:\/\/wpml.org\/de\/wp-json\/wp\/v2\/pages\/13070103","targetHints":{"allow":["GET"]}}],"collection":[{"href":"https:\/\/wpml.org\/de\/wp-json\/wp\/v2\/pages"}],"about":[{"href":"https:\/\/wpml.org\/de\/wp-json\/wp\/v2\/types\/page"}],"author":[{"embeddable":true,"href":"https:\/\/wpml.org\/de\/wp-json\/wp\/v2\/users\/59141"}],"replies":[{"embeddable":true,"href":"https:\/\/wpml.org\/de\/wp-json\/wp\/v2\/comments?post=13070103"}],"version-history":[{"count":5,"href":"https:\/\/wpml.org\/de\/wp-json\/wp\/v2\/pages\/13070103\/revisions"}],"predecessor-version":[{"id":16452785,"href":"https:\/\/wpml.org\/de\/wp-json\/wp\/v2\/pages\/13070103\/revisions\/16452785"}],"up":[{"embeddable":true,"href":"https:\/\/wpml.org\/de\/wp-json\/wp\/v2\/pages\/1439"}],"wp:attachment":[{"href":"https:\/\/wpml.org\/de\/wp-json\/wp\/v2\/media?parent=13070103"}],"wp:term":[{"taxonomy":"related-projects-category","embeddable":true,"href":"https:\/\/wpml.org\/de\/wp-json\/wp\/v2\/related-projects-category?post=13070103"}],"curies":[{"name":"wp","href":"https:\/\/api.w.org\/{rel}","templated":true}]}}