{"id":13200227,"date":"2013-05-25T05:23:18","date_gmt":"2013-05-25T05:23:18","guid":{"rendered":"https:\/\/wpml.org\/documentation-3\/ratgeber-zum-loslegen\/einstellung-der-sprachen\/so-fuegen-sie-einen-sprachumschalter-zu-ihrer-wordpress-website-hinzu\/"},"modified":"2026-02-26T07:18:18","modified_gmt":"2026-02-26T07:18:18","slug":"so-fuegen-sie-einen-sprachumschalter-zu-ihrer-wordpress-website-hinzu","status":"publish","type":"page","link":"https:\/\/wpml.org\/de\/documentation-3\/ratgeber-zum-loslegen\/einstellung-der-sprachen\/so-fuegen-sie-einen-sprachumschalter-zu-ihrer-wordpress-website-hinzu\/","title":{"rendered":"Wie man einen Sprachumschalter zu Ihrer WordPress-Website hinzuf\u00fcgt"},"content":{"rendered":"\n<div class=\"wp-block-toolset-blocks-container tb-container\" data-toolset-blocks-container=\"f1f6cf433548e794e350cca473324a7f\"><div class=\"tb-container-inner\">\n<p class=\"lead\">Mit WPML k\u00f6nnen Sie einen Sprachumschalter zum Men\u00fc Ihrer Website hinzuf\u00fcgen \u2013 als Widget oder in der Fu\u00dfzeile. Sie k\u00f6nnen au\u00dferdem Flaggen einblenden, Sprachen in ihren eigenen Namen anzeigen und ein individuelles Design festlegen. <\/p>\n\n\n\n<p>Ein Sprachumschalter erm\u00f6glicht es Besuchern, die Sprache auszuw\u00e4hlen, in der sie Ihren Inhalt lesen m\u00f6chten. Je nach Ihren Pr\u00e4ferenzen k\u00f6nnen Sie ihn an verschiedenen Stellen Ihrer Website platzieren. <\/p>\n\n\n\n<p>Sie k\u00f6nnen beispielsweise Ihre Sprachumschaltung als Men\u00fc im Kopfbereich platzieren.<\/p>\n\n\n\n<figure class=\"wp-block-image tb-image tb-image-dynamic tb-image-frame-none\" data-toolset-blocks-image=\"4fb3499999aa10ccdc6991dec5a9f98f\"><a href=\"https:\/\/wpml.org\/wp-content\/uploads\/2024\/11\/Language-switcher-in-header-1.png\"><img decoding=\"async\" width=\"1024\" height=\"588\" loading=\"lazy\" src=\"https:\/\/wpml.org\/wp-content\/uploads\/2024\/11\/Language-switcher-in-header-1-1024x588.png\" alt=\"Language switcher in header\" class=\"wp-image-16446312\" srcset=\"https:\/\/wpml.org\/wp-content\/uploads\/2024\/11\/Language-switcher-in-header-1-1024x588.png 1024w, https:\/\/wpml.org\/wp-content\/uploads\/2024\/11\/Language-switcher-in-header-1-300x172.png 300w, https:\/\/wpml.org\/wp-content\/uploads\/2024\/11\/Language-switcher-in-header-1-150x86.png 150w, https:\/\/wpml.org\/wp-content\/uploads\/2024\/11\/Language-switcher-in-header-1-768x441.png 768w, https:\/\/wpml.org\/wp-content\/uploads\/2024\/11\/Language-switcher-in-header-1-1536x882.png 1536w, https:\/\/wpml.org\/wp-content\/uploads\/2024\/11\/Language-switcher-in-header-1.png 1600w\" sizes=\"auto, (max-width: 1024px) 100vw, 1024px\" \/><\/a><figcaption><div class=\"tb-image-caption\">Sprachumschalter im Kopfzeilenbereich<\/div><\/figcaption><\/figure>\n\n\n\n<p>Oder, wenn Sie das Design Ihres Kopfbereichs nicht bearbeiten m\u00f6chten, k\u00f6nnen Sie den Sprachumschalter am unteren Rand Ihres Fu\u00dfbereichs platzieren. <\/p>\n\n\n\n<figure class=\"wp-block-image tb-image tb-image-dynamic tb-image-frame-none\" data-toolset-blocks-image=\"b108afeeaf99f2655f1b998e1426f8fc\"><a href=\"https:\/\/wpml.org\/wp-content\/uploads\/2024\/03\/language-switcher-in-footer.png\"><img decoding=\"async\" width=\"1024\" height=\"563\" loading=\"lazy\" src=\"https:\/\/wpml.org\/wp-content\/uploads\/2024\/03\/language-switcher-in-footer-1024x563.png\" alt=\"Language switcher in the footer section\" class=\"wp-image-15415062\" srcset=\"https:\/\/wpml.org\/wp-content\/uploads\/2024\/03\/language-switcher-in-footer-1024x563.png 1024w, https:\/\/wpml.org\/wp-content\/uploads\/2024\/03\/language-switcher-in-footer-300x165.png 300w, https:\/\/wpml.org\/wp-content\/uploads\/2024\/03\/language-switcher-in-footer-150x83.png 150w, https:\/\/wpml.org\/wp-content\/uploads\/2024\/03\/language-switcher-in-footer-768x422.png 768w, https:\/\/wpml.org\/wp-content\/uploads\/2024\/03\/language-switcher-in-footer-1536x845.png 1536w, https:\/\/wpml.org\/wp-content\/uploads\/2024\/03\/language-switcher-in-footer.png 1600w\" sizes=\"auto, (max-width: 1024px) 100vw, 1024px\" \/><\/a><figcaption><div class=\"tb-image-caption\">Sprachumschalter im Fu\u00dfzeilenbereich<\/div><\/figcaption><\/figure>\n\n\n\n<p>Mit WPML k\u00f6nnen Sie ganz einfach Sprachumschalter zu Ihrer Website hinzuf\u00fcgen \u2013 wie die oben gezeigten. <\/p>\n\n\n\n<h2 class=\"wp-block-heading\" id=\"add-language-switcher-wpml\">So f\u00fcgen Sie mit WPML einen Sprachumschalter hinzu<\/h2>\n\n\n\n<p>Mit WPML k\u00f6nnen Sie mehrere Sprachumschalter an verschiedenen Stellen hinzuf\u00fcgen. Dazu geh\u00f6ren:  <\/p>\n\n\n\n<div style=\"height:20px\" aria-hidden=\"true\" class=\"wp-block-spacer\"><\/div>\n\n\n\n<div class=\"wp-block-toolset-blocks-grid tb-grid\" data-toolset-blocks-grid=\"6329aaaa361b6c3ff5e14c6308f907de\">\n<div class=\"wp-block-toolset-blocks-grid-column tb-grid-column tb-grid-align-top\" data-toolset-blocks-grid-column=\"e0c62ef28c440411136281632d5a8d63\">\n<div class=\"wp-block-toolset-blocks-container tb-container aligncenter\" data-toolset-blocks-container=\"48873aa9a1502db94cee7985805c3625\">\n<div class=\"tb-fields-and-text\" data-toolset-blocks-fields-and-text=\"3e1d2592ce20bdf2bf813c9dfa44c991\"><p><img decoding=\"async\" class=\" wp-image-15966792 aligncenter\" src=\"https:\/\/wpml.org\/wp-content\/uploads\/2024\/07\/menu1-min.png\" alt=\"\" width=\"190\" height=\"190\" srcset=\"https:\/\/wpml.org\/wp-content\/uploads\/2024\/07\/menu1-min.png 370w, https:\/\/wpml.org\/wp-content\/uploads\/2024\/07\/menu1-min-300x300.png 300w, https:\/\/wpml.org\/wp-content\/uploads\/2024\/07\/menu1-min-150x150.png 150w, https:\/\/wpml.org\/wp-content\/uploads\/2024\/07\/menu1-min-100x100.png 100w\" sizes=\"(max-width: 190px) 100vw, 190px\" \/><\/p><\/div>\n\n\n\n<p class=\"tb-heading has-text-color\" data-toolset-blocks-heading=\"bf983b028e621cb4ef8152faf0911a40\" data-last-update=\"1.4\"><strong>Men\u00fcs<\/strong><\/p>\n<\/div>\n<\/div>\n\n\n\n<div class=\"wp-block-toolset-blocks-grid-column tb-grid-column tb-grid-align-top\" data-toolset-blocks-grid-column=\"3034fbe886c11054e95b46b09d3e4112\">\n<div class=\"wp-block-toolset-blocks-container tb-container aligncenter\" data-toolset-blocks-container=\"48873aa9a1502db94cee7985805c3625\">\n<div class=\"tb-fields-and-text\" data-toolset-blocks-fields-and-text=\"3e1d2592ce20bdf2bf813c9dfa44c991\"><p><img decoding=\"async\" class=\" wp-image-15966806 aligncenter\" src=\"https:\/\/wpml.org\/wp-content\/uploads\/2024\/07\/widget1-min.png\" alt=\"\" width=\"190\" height=\"190\" srcset=\"https:\/\/wpml.org\/wp-content\/uploads\/2024\/07\/widget1-min.png 370w, https:\/\/wpml.org\/wp-content\/uploads\/2024\/07\/widget1-min-300x300.png 300w, https:\/\/wpml.org\/wp-content\/uploads\/2024\/07\/widget1-min-150x150.png 150w, https:\/\/wpml.org\/wp-content\/uploads\/2024\/07\/widget1-min-100x100.png 100w\" sizes=\"(max-width: 190px) 100vw, 190px\" \/><\/p><\/div>\n\n\n\n<p class=\"tb-heading has-text-color\" data-toolset-blocks-heading=\"bf983b028e621cb4ef8152faf0911a40\" data-last-update=\"1.4\"><strong><strong>Widgets<\/strong><\/strong><\/p>\n<\/div>\n<\/div>\n\n\n\n<div class=\"wp-block-toolset-blocks-grid-column tb-grid-column tb-grid-align-top\" data-toolset-blocks-grid-column=\"3034fbe886c11054e95b46b09d3e4112\">\n<div class=\"wp-block-toolset-blocks-container tb-container aligncenter\" data-toolset-blocks-container=\"48873aa9a1502db94cee7985805c3625\">\n<div class=\"tb-fields-and-text\" data-toolset-blocks-fields-and-text=\"3e1d2592ce20bdf2bf813c9dfa44c991\"><p><img decoding=\"async\" class=\" wp-image-15966821 aligncenter\" src=\"https:\/\/wpml.org\/wp-content\/uploads\/2024\/07\/template1-min.png\" alt=\"\" width=\"190\" height=\"190\" srcset=\"https:\/\/wpml.org\/wp-content\/uploads\/2024\/07\/template1-min.png 370w, https:\/\/wpml.org\/wp-content\/uploads\/2024\/07\/template1-min-300x300.png 300w, https:\/\/wpml.org\/wp-content\/uploads\/2024\/07\/template1-min-150x150.png 150w, https:\/\/wpml.org\/wp-content\/uploads\/2024\/07\/template1-min-100x100.png 100w\" sizes=\"(max-width: 190px) 100vw, 190px\" \/><\/p><\/div>\n\n\n\n<p class=\"tb-heading has-text-color\" data-toolset-blocks-heading=\"bf983b028e621cb4ef8152faf0911a40\" data-last-update=\"1.4\"><strong><strong><strong>Vorlagen<\/strong><\/strong><\/strong><\/p>\n<\/div>\n<\/div>\n\n\n\n<div class=\"wp-block-toolset-blocks-grid-column tb-grid-column tb-grid-align-top\" data-toolset-blocks-grid-column=\"3034fbe886c11054e95b46b09d3e4112\">\n<div class=\"wp-block-toolset-blocks-container tb-container aligncenter\" data-toolset-blocks-container=\"48873aa9a1502db94cee7985805c3625\">\n<div class=\"tb-fields-and-text\" data-toolset-blocks-fields-and-text=\"3e1d2592ce20bdf2bf813c9dfa44c991\"><p><img decoding=\"async\" class=\" wp-image-15966835 aligncenter\" src=\"https:\/\/wpml.org\/wp-content\/uploads\/2024\/07\/post1-min.png\" alt=\"\" width=\"190\" height=\"190\" srcset=\"https:\/\/wpml.org\/wp-content\/uploads\/2024\/07\/post1-min.png 370w, https:\/\/wpml.org\/wp-content\/uploads\/2024\/07\/post1-min-300x300.png 300w, https:\/\/wpml.org\/wp-content\/uploads\/2024\/07\/post1-min-150x150.png 150w, https:\/\/wpml.org\/wp-content\/uploads\/2024\/07\/post1-min-100x100.png 100w\" sizes=\"(max-width: 190px) 100vw, 190px\" \/><\/p><\/div>\n\n\n\n<p class=\"tb-heading has-text-color\" data-toolset-blocks-heading=\"bf983b028e621cb4ef8152faf0911a40\" data-last-update=\"1.4\"><strong>Beitragsinhalt<\/strong><\/p>\n<\/div>\n<\/div>\n<\/div>\n\n\n\n<div style=\"height:40px\" aria-hidden=\"true\" class=\"wp-block-spacer\"><\/div>\n\n\n\n<h3 class=\"wp-block-heading\" id=\"add-language-switcher-menu\">Sprachumschalter zu einem Men\u00fc, Widget oder der Fu\u00dfzeile hinzuf\u00fcgen<\/h3>\n\n\n\n<p>Um einen Sprachumschalter zu einem Men\u00fc, Widget oder zur Fu\u00dfzeile hinzuzuf\u00fcgen, gehen Sie zu <strong>WPML \u2192 Languages<\/strong>. <\/p>\n\n\n\n<p>Von hier aus k\u00f6nnen Sie auch jeden Sprachumschalter anpassen. Klicken Sie auf das Stiftsymbol zum Bearbeiten \u2013 Sie k\u00f6nnen Gr\u00f6\u00dfe und Farben des Sprachumschalters \u00e4ndern sowie festlegen, wie jede Sprache angezeigt werden soll (z. B. in der jeweiligen Sprache und in der aktuellen Sprache der Website). <\/p>\n\n\n<div class=\"wp-block-image\">\n<figure class=\" tb-image tb-image-dynamic tb-image-frame-none aligncenter\" data-toolset-blocks-image=\"118ecdfaeca09762e525676dcce1eeb2\"><a href=\"https:\/\/wpml.org\/wp-content\/uploads\/2025\/08\/Language-switcher-settings.png\"><img decoding=\"async\" width=\"1860\" height=\"1147\" loading=\"lazy\" src=\"https:\/\/wpml.org\/wp-content\/uploads\/2025\/08\/Language-switcher-settings.png\" alt=\"\" class=\"wp-image-17328475\" srcset=\"https:\/\/wpml.org\/wp-content\/uploads\/2025\/08\/Language-switcher-settings.png 1860w, https:\/\/wpml.org\/wp-content\/uploads\/2025\/08\/Language-switcher-settings-300x185.png 300w, https:\/\/wpml.org\/wp-content\/uploads\/2025\/08\/Language-switcher-settings-1024x631.png 1024w, https:\/\/wpml.org\/wp-content\/uploads\/2025\/08\/Language-switcher-settings-150x93.png 150w, https:\/\/wpml.org\/wp-content\/uploads\/2025\/08\/Language-switcher-settings-768x474.png 768w, https:\/\/wpml.org\/wp-content\/uploads\/2025\/08\/Language-switcher-settings-1536x947.png 1536w\" sizes=\"auto, (max-width: 1860px) 100vw, 1860px\" \/><\/a><figcaption><div class=\"tb-image-caption\">Sprachumschalter-Einstellungen<\/div><\/figcaption><\/figure>\n<\/div>\n\n\n<h3 class=\"wp-block-heading\" id=\"add-language-switcher-post-content\">Sprachumschalter zum Beitragsinhalt hinzuf\u00fcgen<\/h3>\n\n\n\n<p>Sprachumschalter im Beitragsinhalt erscheinen als Inline-Links. <\/p>\n\n\n\n<figure class=\"wp-block-image tb-image tb-image-dynamic tb-image-frame-none\" data-toolset-blocks-image=\"bdd226928cee9acd69bd4b905131dbc5\"><a href=\"https:\/\/wpml.org\/wp-content\/uploads\/2024\/07\/Language-switcher-in-post-content.png\"><img decoding=\"async\" width=\"1024\" height=\"644\" loading=\"lazy\" src=\"https:\/\/wpml.org\/wp-content\/uploads\/2024\/07\/Language-switcher-in-post-content-1024x644.png\" alt=\"Language switcher in post content\" class=\"wp-image-15962552\" srcset=\"https:\/\/wpml.org\/wp-content\/uploads\/2024\/07\/Language-switcher-in-post-content-1024x644.png 1024w, https:\/\/wpml.org\/wp-content\/uploads\/2024\/07\/Language-switcher-in-post-content-300x189.png 300w, https:\/\/wpml.org\/wp-content\/uploads\/2024\/07\/Language-switcher-in-post-content-150x94.png 150w, https:\/\/wpml.org\/wp-content\/uploads\/2024\/07\/Language-switcher-in-post-content-768x483.png 768w, https:\/\/wpml.org\/wp-content\/uploads\/2024\/07\/Language-switcher-in-post-content-1536x966.png 1536w, https:\/\/wpml.org\/wp-content\/uploads\/2024\/07\/Language-switcher-in-post-content.png 1913w\" sizes=\"auto, (max-width: 1024px) 100vw, 1024px\" \/><\/a><figcaption><div class=\"tb-image-caption\">Sprachumschalter oberhalb des Beitragsinhalts<\/div><\/figcaption><\/figure>\n\n\n\n<p>\u00c4hnlich wie bei regul\u00e4ren Sprachumschaltern k\u00f6nnen Sie Flaggen einbeziehen, Sprachen in ihren Originalnamen anzeigen und steuern, wo auf der Seite die Links erscheinen; unterhalb oder oberhalb des Beitrags. <\/p>\n\n\n\n<p>Um einen Sprachumschalter im Beitragsinhalt hinzuzuf\u00fcgen: <\/p>\n\n\n\n<ol class=\"wp-block-list\">\n<li>Gehen Sie zu <strong>WPML \u2192 Languages<\/strong>.<\/li>\n\n\n\n<li>Scrollen Sie nach unten zu <strong>Links to translation of posts<\/strong> und aktivieren Sie das Kontrollk\u00e4stchen.<\/li>\n<\/ol>\n\n\n\n<h3 class=\"wp-block-heading\" id=\"add-language-switcher-template\">Sprachumschalter zu einer Vorlage hinzuf\u00fcgen<\/h3>\n\n\n\n<p>Mit dem Block <strong>WPML Language Switcher<\/strong> k\u00f6nnen Sie einen Sprachumschalter zu jeder Vorlage oder jedem Vorlagenteil Ihrer Website hinzuf\u00fcgen.<\/p>\n\n\n\n<figure class=\"wp-block-image tb-image tb-image-dynamic tb-image-frame-none\" data-toolset-blocks-image=\"58e4dcce800a533034f7d8c6efe2d185\"><a href=\"https:\/\/wpml.org\/wp-content\/uploads\/2024\/07\/Adding-WPML-Language-Switcher-to-template-2.png\"><img decoding=\"async\" width=\"1024\" height=\"762\" loading=\"lazy\" src=\"https:\/\/wpml.org\/wp-content\/uploads\/2024\/07\/Adding-WPML-Language-Switcher-to-template-2-1024x762.png\" alt=\"Adding WPML Language Switcher to template\" class=\"wp-image-15962871\" srcset=\"https:\/\/wpml.org\/wp-content\/uploads\/2024\/07\/Adding-WPML-Language-Switcher-to-template-2-1024x762.png 1024w, https:\/\/wpml.org\/wp-content\/uploads\/2024\/07\/Adding-WPML-Language-Switcher-to-template-2-300x223.png 300w, https:\/\/wpml.org\/wp-content\/uploads\/2024\/07\/Adding-WPML-Language-Switcher-to-template-2-150x112.png 150w, https:\/\/wpml.org\/wp-content\/uploads\/2024\/07\/Adding-WPML-Language-Switcher-to-template-2-768x571.png 768w, https:\/\/wpml.org\/wp-content\/uploads\/2024\/07\/Adding-WPML-Language-Switcher-to-template-2-1536x1143.png 1536w, https:\/\/wpml.org\/wp-content\/uploads\/2024\/07\/Adding-WPML-Language-Switcher-to-template-2.png 1640w\" sizes=\"auto, (max-width: 1024px) 100vw, 1024px\" \/><\/a><figcaption><div class=\"tb-image-caption\">WPML Language Switcher zur Vorlage hinzuf\u00fcgen<\/div><\/figcaption><\/figure>\n\n\n\n<p>Wie bei anderen Block-Elementen m\u00fcssen Sie den <strong>WPML Language switcher <\/strong>\u00fcbersetzen, damit er in anderen Sprachen angezeigt wird:<\/p>\n\n\n\n<ol class=\"wp-block-list\">\n<li>Gehen Sie zu <strong>WPML \u2192 \u00dcbersetzungs-Dashboard<\/strong>.<\/li>\n\n\n\n<li>W\u00e4hlen Sie die Vorlage aus, zu der Sie den Sprachumschalter hinzugef\u00fcgt haben. <\/li>\n<\/ol>\n\n\n\n<figure class=\"wp-block-image tb-image tb-image-dynamic tb-image-frame-none\" data-toolset-blocks-image=\"4df73c59c8163fc31117803cb6e9624b\"><a href=\"https:\/\/wpml.org\/wp-content\/uploads\/2025\/08\/Selecting-navigation-in-Translation-Management-1.png\"><img decoding=\"async\" width=\"1982\" height=\"1253\" loading=\"lazy\" src=\"https:\/\/wpml.org\/wp-content\/uploads\/2025\/08\/Selecting-navigation-in-Translation-Management-1.png\" alt=\"\" class=\"wp-image-17328517\" srcset=\"https:\/\/wpml.org\/wp-content\/uploads\/2025\/08\/Selecting-navigation-in-Translation-Management-1.png 1982w, https:\/\/wpml.org\/wp-content\/uploads\/2025\/08\/Selecting-navigation-in-Translation-Management-1-300x190.png 300w, https:\/\/wpml.org\/wp-content\/uploads\/2025\/08\/Selecting-navigation-in-Translation-Management-1-1024x647.png 1024w, https:\/\/wpml.org\/wp-content\/uploads\/2025\/08\/Selecting-navigation-in-Translation-Management-1-150x95.png 150w, https:\/\/wpml.org\/wp-content\/uploads\/2025\/08\/Selecting-navigation-in-Translation-Management-1-768x486.png 768w, https:\/\/wpml.org\/wp-content\/uploads\/2025\/08\/Selecting-navigation-in-Translation-Management-1-1536x971.png 1536w\" sizes=\"auto, (max-width: 1982px) 100vw, 1982px\" \/><\/a><figcaption><div class=\"tb-image-caption\">Navigation im \u00dcbersetzungs-Dashboard ausw\u00e4hlen<\/div><\/figcaption><\/figure>\n\n\n\n<ol start=\"3\" class=\"wp-block-list\">\n<li>W\u00e4hlen Sie eine \u00dcbersetzungsmethode und klicken Sie auf <strong>\u00dcbersetzen<\/strong>.<\/li>\n<\/ol>\n\n\n\n<p>Der Sprachumschalter wird nun in Ihren sekund\u00e4ren Sprachen sichtbar sein.<\/p>\n\n\n\n<h2 class=\"wp-block-heading\" id=\"style-language-switcher\">Gestalten Sie Ihren Sprachumschalter<\/h2>\n\n\n\n<p>WPML bietet verschiedene Design-Optionen, um jeden Typ von Sprachumschalter anzupassen. Dazu geh\u00f6ren: <\/p>\n\n\n\n<ul class=\"wp-block-list\">\n<li>Reihenfolge der Sprachen<\/li>\n\n\n\n<li>Sprachflagge anzeigen \/ ausblenden<\/li>\n\n\n\n<li>Dropdown- oder Listenlayout<\/li>\n\n\n\n<li>Sprachen im Originalnamen anzeigen<\/li>\n<\/ul>\n\n\n\n<p>Um eine dieser Einstellungen zu \u00e4ndern, gehen Sie zu <strong><strong>WPML \u2192 Languages<\/strong><\/strong> und bearbeiten Sie den Sprachumschalter, den Sie anpassen m\u00f6chten.<\/p>\n\n\n\n<p>Wenn Sie mehr Anpassungsoptionen ben\u00f6tigen und mit Code vertraut sind, k\u00f6nnen Sie <a href=\"https:\/\/wpml.org\/documentation\/getting-started-guide\/language-setup\/custom-language-switcher\/\">benutzerdefinierte Sprachumschalter mit PHP erstellen<\/a>.<\/p>\n\n\n\n<h2 class=\"wp-block-heading\" id=\"get-started-wpml\">Beginnen Sie mit WPML<\/h2>\n\n\n\n<p>Um Sprachumschalter mit WPML hinzuzuf\u00fcgen, ben\u00f6tigen Sie den Multilingual CMS oder Multilingual Agency Tarif. Weitere Informationen finden Sie auf unserer <a href=\"https:\/\/wpml.org\/de\/purchase\/\">Preisseite<\/a>. <\/p>\n<\/div><\/div>\n","protected":false},"excerpt":{"rendered":"","protected":false},"author":578773,"featured_media":0,"parent":1439,"menu_order":45,"comment_status":"closed","ping_status":"closed","template":"","meta":{"_bbp_topic_count":0,"_bbp_reply_count":0,"_bbp_total_topic_count":0,"_bbp_total_reply_count":0,"_bbp_voice_count":0,"_bbp_anonymous_reply_count":0,"_bbp_topic_count_hidden":0,"_bbp_reply_count_hidden":0,"_bbp_forum_subforum_count":0,"_uag_custom_page_level_css":"","ep_exclude_from_search":false,"footnotes":""},"related-projects-category":[],"class_list":["post-13200227","page","type-page","status-publish","hentry"],"spectra_custom_meta":{"ratings_users":["0"],"ratings_score":["0"],"ratings_average":["0"],"_subscription_coupon_product_id":["0"],"_wpv_contains_gutenberg_views":[""],"_alp_processed":["1772090298"],"_views_template":["0"],"wpcf-unformatted-code":[""],"_wpml_media_duplicate":["0"],"_wpml_media_featured":["1"],"toolset_post_editor_mode":["block"],"wpcf-price-increase-show-from":[""],"wpcf-price-increase-show-till":[""],"_wp_page_template":["default"],"_last_translation_edit_mode":["translation-editor"],"_edit_lock":["1680525390:353313"],"_edit_last":["353313"],"wpcf-price-increase-content":[""],"wpcf-login-box-title":[""],"wpcf-page-content":[""],"_yoast_wpseo_content_score":["90"],"_yoast_wpseo_estimated-reading-time-minutes":[""],"_yoast_wpseo_wordproof_timestamp":[""],"_wpml_word_count":["633"],"_oembed_085e890236af876c824fa92e59328670":["<iframe title=\"Translating Menus in WPML\" width=\"700\" height=\"394\" src=\"https:\/\/www.youtube.com\/embed\/aFQuEGQs19c?feature=oembed&enablejsapi=1&origin=https:\/\/wpml.org\" frameborder=\"0\" allow=\"accelerometer; autoplay; clipboard-write; encrypted-media; gyroscope; picture-in-picture; web-share\" allowfullscreen><\/iframe>"],"_oembed_time_085e890236af876c824fa92e59328670":["1683210611"],"cmplz_hide_cookiebanner":[""],"_yoast_wpseo_primary_related-projects-category":[""],"_yoast_wpseo_metadesc":["Erfahren Sie, wie Sie einen Sprachumschalter zum Men\u00fc Ihrer Website, als Widget, in einer Vorlage oder in der Fu\u00dfzeile hinzuf\u00fcgen k\u00f6nnen."],"_yoast_wpseo_focuskw":["Sprachumschalter WordPress"],"_uag_css_file_name":["uag-css-13200227.css"],"_uag_page_assets":["a:9:{s:3:\"css\";s:0:\"\";s:2:\"js\";s:0:\"\";s:18:\"current_block_list\";a:12:{i:0;s:24:\"toolset-blocks\/container\";i:1;s:14:\"core\/paragraph\";i:2;s:20:\"toolset-blocks\/image\";i:3;s:12:\"core\/heading\";i:4;s:11:\"core\/spacer\";i:5;s:19:\"toolset-blocks\/grid\";i:6;s:26:\"toolset-blocks\/grid-column\";i:8;s:30:\"toolset-blocks\/fields-and-text\";i:9;s:22:\"toolset-blocks\/heading\";i:10;s:9:\"core\/list\";i:11;s:14:\"core\/list-item\";i:12;s:14:\"core\/shortcode\";}s:8:\"uag_flag\";b:0;s:11:\"uag_version\";s:10:\"1778878458\";s:6:\"gfonts\";a:0:{}s:10:\"gfonts_url\";s:0:\"\";s:12:\"gfonts_files\";a:0:{}s:14:\"uag_faq_layout\";b:0;}"]},"uagb_featured_image_src":{"full":false,"thumbnail":false,"medium":false,"medium_large":false,"large":false,"1536x1536":false,"2048x2048":false,"gform-image-choice-sm":false,"gform-image-choice-md":false,"gform-image-choice-lg":false,"woocommerce_thumbnail":false,"woocommerce_single":false,"woocommerce_gallery_thumbnail":false},"uagb_author_info":{"display_name":"Tomer Helzer","author_link":"https:\/\/wpml.org\/de\/author\/tomer-h\/"},"uagb_comment_info":0,"uagb_excerpt":null,"_links":{"self":[{"href":"https:\/\/wpml.org\/de\/wp-json\/wp\/v2\/pages\/13200227","targetHints":{"allow":["GET"]}}],"collection":[{"href":"https:\/\/wpml.org\/de\/wp-json\/wp\/v2\/pages"}],"about":[{"href":"https:\/\/wpml.org\/de\/wp-json\/wp\/v2\/types\/page"}],"author":[{"embeddable":true,"href":"https:\/\/wpml.org\/de\/wp-json\/wp\/v2\/users\/578773"}],"replies":[{"embeddable":true,"href":"https:\/\/wpml.org\/de\/wp-json\/wp\/v2\/comments?post=13200227"}],"version-history":[{"count":8,"href":"https:\/\/wpml.org\/de\/wp-json\/wp\/v2\/pages\/13200227\/revisions"}],"predecessor-version":[{"id":17853954,"href":"https:\/\/wpml.org\/de\/wp-json\/wp\/v2\/pages\/13200227\/revisions\/17853954"}],"up":[{"embeddable":true,"href":"https:\/\/wpml.org\/de\/wp-json\/wp\/v2\/pages\/1439"}],"wp:attachment":[{"href":"https:\/\/wpml.org\/de\/wp-json\/wp\/v2\/media?parent=13200227"}],"wp:term":[{"taxonomy":"related-projects-category","embeddable":true,"href":"https:\/\/wpml.org\/de\/wp-json\/wp\/v2\/related-projects-category?post=13200227"}],"curies":[{"name":"wp","href":"https:\/\/api.w.org\/{rel}","templated":true}]}}