{"id":1440,"date":"2013-01-21T22:30:06","date_gmt":"2013-01-21T22:30:06","guid":{"rendered":"http:\/\/wpml.org\/wpml-2\/ratgeber-zum-loslegen\/seitennavigation\/"},"modified":"2024-12-04T10:28:12","modified_gmt":"2024-12-04T10:28:12","slug":"seitennavigation","status":"publish","type":"page","link":"https:\/\/wpml.org\/de\/documentation-3\/support-2\/seitennavigation\/","title":{"rendered":"Hinzuf\u00fcgen von Navigationselementen zu Ihrer Website mit dem WPML CMS Navigation Add-on"},"content":{"rendered":"\n<p class=\"lead\"><strong>WPML CMS Navigation<\/strong> ist ein Add-on-Plugin, das Navigationselemente beim Aufbau Ihrer mehrsprachigen Website bereitstellt.<\/p>\n\n<p>Das Add-on ist in Ihrem WPML Multilingual CMS-Paket enthalten.<\/p>\n\n<p>Zu den Navigationselementen, die Sie mit dem <strong>WPML CMS Navigation Plugin<\/strong> hinzuf\u00fcgen k\u00f6nnen, geh\u00f6ren:<\/p>\n\n<div class=\"wp-block-toolset-blocks-grid tb-grid\" data-toolset-blocks-grid=\"66f22fab7bcddbe7ecb0e6dc7cef4860\">\n<div class=\"wp-block-toolset-blocks-grid-column tb-grid-column tb-grid-align-top\" data-toolset-blocks-grid-column=\"1100a86a86dd1c6936da03f54d874a75\">\n<div class=\"wp-block-toolset-blocks-container tb-container\" data-toolset-blocks-container=\"a771a62e655e5ef2aa54d086e140f141\">\n<p class=\"tb-heading has-text-color\" data-toolset-blocks-heading=\"f3ad4ad1734d9ca9bbbb0a56da25612d\" data-last-update=\"1.4\">Brotkr\u00fcmelnavigation<\/p>\n\n\n\n<p class=\"tb-heading has-text-color\" data-toolset-blocks-heading=\"f595bdcc4a138c304f42feabd82a21e4\" data-last-update=\"1.4\">Unterst\u00fctzt Benutzer bei der Navigation durch die Struktur der Website<\/p>\n<\/div>\n\n\n\n<div class=\"tb-fields-and-text\" data-toolset-blocks-fields-and-text=\"5f397e768af5b1802ee8ff56097adb2d\"><p><a href=\"https:\/\/wpml.org\/wp-content\/uploads\/2024\/11\/breadcrumbs-1536x716.png\"><img decoding=\"async\" class=\"alignnone size-full\" src=\"https:\/\/wpml.org\/wp-content\/uploads\/2024\/11\/breadcrumbs-1536x716.png\" width=\"1536\" height=\"716\"\/><\/a><\/p><\/div>\n<\/div>\n\n\n\n<div class=\"wp-block-toolset-blocks-grid-column tb-grid-column tb-grid-align-top\" data-toolset-blocks-grid-column=\"1100a86a86dd1c6936da03f54d874a75\">\n<div class=\"wp-block-toolset-blocks-container tb-container\" data-toolset-blocks-container=\"a771a62e655e5ef2aa54d086e140f141\">\n<p class=\"tb-heading has-text-color\" data-toolset-blocks-heading=\"f3ad4ad1734d9ca9bbbb0a56da25612d\" data-last-update=\"1.4\">Dropdown-Men\u00fcs<\/p>\n\n\n\n<p class=\"tb-heading has-text-color\" data-toolset-blocks-heading=\"f595bdcc4a138c304f42feabd82a21e4\" data-last-update=\"1.4\">Gew\u00e4hrt Benutzern schnellen Zugriff auf spezifische Bereiche<\/p>\n<\/div>\n\n\n\n<div class=\"tb-fields-and-text\" data-toolset-blocks-fields-and-text=\"5f397e768af5b1802ee8ff56097adb2d\"><p><a href=\"https:\/\/wpml.org\/wp-content\/uploads\/2024\/11\/dropdown-menus-1536x597.png\"><img decoding=\"async\" class=\"alignnone size-full\" src=\"https:\/\/wpml.org\/wp-content\/uploads\/2024\/11\/dropdown-menus-1536x597.png\" width=\"1536\" height=\"597\"\/><\/a><\/p><\/div>\n<\/div>\n\n\n\n<div class=\"wp-block-toolset-blocks-grid-column tb-grid-column tb-grid-align-top\" data-toolset-blocks-grid-column=\"1100a86a86dd1c6936da03f54d874a75\">\n<div class=\"wp-block-toolset-blocks-container tb-container\" data-toolset-blocks-container=\"a771a62e655e5ef2aa54d086e140f141\">\n<p class=\"tb-heading has-text-color\" data-toolset-blocks-heading=\"f3ad4ad1734d9ca9bbbb0a56da25612d\" data-last-update=\"1.4\">Seitenleiste<\/p>\n\n\n\n<p class=\"tb-heading has-text-color\" data-toolset-blocks-heading=\"f595bdcc4a138c304f42feabd82a21e4\" data-last-update=\"1.4\">Zeigt Benutzern Seiten an, die mit der aktuell betrachteten Seite in Verbindung stehen<\/p>\n<\/div>\n\n\n\n<div class=\"tb-fields-and-text\" data-toolset-blocks-fields-and-text=\"5f397e768af5b1802ee8ff56097adb2d\"><p><a href=\"https:\/\/wpml.org\/wp-content\/uploads\/2024\/11\/sidebar-1536x827.png\"><img decoding=\"async\" class=\"alignnone\" src=\"https:\/\/wpml.org\/wp-content\/uploads\/2024\/11\/sidebar-1536x827.png\" alt=\"\" width=\"1536\" height=\"827\"\/><\/a><\/p><\/div>\n<\/div>\n<\/div>\n\n<h2 class=\"wp-block-heading\" id=\"add-navigation-to-theme\">Hinzuf\u00fcgen von Navigationselementen zu Ihrem Theme<\/h2>\n\n<p>Um jedes Element zu verwenden, f\u00fcgen Sie diese mittels einzeiliger PHP-Funktionen zu Ihrem Theme hinzu.<\/p>\n\n<figure class=\"wp-block-table is-style-regular nt nw\"><table><thead><tr><th class=\"has-text-align-left\" data-align=\"left\"><\/th><th class=\"has-text-align-left\" data-align=\"left\">PHP-Code<\/th><th class=\"has-text-align-left\" data-align=\"left\">Wo hinzuf\u00fcgen<\/th><\/tr><\/thead><tbody><tr><td class=\"has-text-align-left\" data-align=\"left\"><strong>Brotkr\u00fcmelnavigation<\/strong><\/td><td class=\"has-text-align-left\" data-align=\"left\"><code>&lt;?php do_action('icl_navigation_breadcrumb'); ?&gt;<\/code><\/td><td class=\"has-text-align-left\" data-align=\"left\">header.php oder single.php, page.php, archive.php, tag.php und search.php<\/td><\/tr><tr><td class=\"has-text-align-left\" data-align=\"left\"><strong>Dropdown-Men\u00fcs<\/strong><\/td><td class=\"has-text-align-left\" data-align=\"left\"><code>&lt;?php do_action('icl_navigation_menu'); ?&gt;<\/code><\/td><td class=\"has-text-align-left\" data-align=\"left\">header.php<\/td><\/tr><tr><td class=\"has-text-align-left\" data-align=\"left\"><strong>Seitenleiste<\/strong><\/td><td class=\"has-text-align-left\" data-align=\"left\"><code>&lt;?php do_action('icl_navigation_sidebar'); ?&gt;<\/code><\/td><td class=\"has-text-align-left\" data-align=\"left\">sidebar.php<\/td><\/tr><\/tbody><\/table><\/figure>\n\n<p>Die Seitenleistennavigation ist auch als WordPress Widget verf\u00fcgbar. F\u00fcgen Sie es \u00fcber die Widget-Steuerung auf der Seite <strong>Erscheinungsbild \u2192 Widgets<\/strong> hinzu. <\/p>\n\n<h2 class=\"wp-block-heading\" id=\"customize-navigation-elements\">Anpassung der Navigationselemente<\/h2>\n\n<p>Um die globalen Einstellungen des Add-ons anzupassen, navigieren Sie zu <strong>WPML \u2192 Navigation.<\/strong> Hier k\u00f6nnen Sie grundlegende Einstellungen vornehmen, wie beispielsweise das Symbol, das die Brotkr\u00fcmelnavigation trennt.<\/p>\n\n<p>Sie k\u00f6nnen auch verschiedene Anpassungen \u00fcber den WordPress-Editor oder CSS vornehmen.<\/p>\n\n<h3 class=\"wp-block-heading\">1. Anpassung der Navigationselemente mit dem WordPress-Editor<\/h3>\n\n<p>Wenn Sie eine Seite im WordPress-Editor bearbeiten, scrollen Sie nach unten, um einen Abschnitt mit der Bezeichnung <strong>CMS Navigation<\/strong> zu finden.<\/p>\n\n<figure class=\"wp-block-image tb-image tb-image-dynamic tb-image-frame-none\" data-toolset-blocks-image=\"42c0545cd2f3545b98e98cf33e20974f\"><a href=\"https:\/\/wpml.org\/wp-content\/uploads\/2024\/11\/wpml-cms-navigation-options.png\"><img decoding=\"async\" width=\"1239\" height=\"731\" loading=\"lazy\" src=\"https:\/\/wpml.org\/wp-content\/uploads\/2024\/11\/wpml-cms-navigation-options.png\" alt=\"\" class=\"wp-image-16367737\" srcset=\"https:\/\/wpml.org\/wp-content\/uploads\/2024\/11\/wpml-cms-navigation-options.png 1239w, https:\/\/wpml.org\/wp-content\/uploads\/2024\/11\/wpml-cms-navigation-options-300x177.png 300w, https:\/\/wpml.org\/wp-content\/uploads\/2024\/11\/wpml-cms-navigation-options-1024x604.png 1024w, https:\/\/wpml.org\/wp-content\/uploads\/2024\/11\/wpml-cms-navigation-options-150x88.png 150w, https:\/\/wpml.org\/wp-content\/uploads\/2024\/11\/wpml-cms-navigation-options-768x453.png 768w\" sizes=\"auto, (max-width: 1239px) 100vw, 1239px\" \/><\/a><figcaption><div class=\"tb-image-caption\">Scrollen Sie im WordPress-Editor nach unten, um den Abschnitt mit den Navigationseinstellungen zu finden<p><span style=\"font-style: italic; font-family: Verdana, Geneva, sans-serif; white-space-collapse: collapse;\"><\/span><\/p><\/div><\/figcaption><\/figure>\n\n<p>Dieser Abschnitt erm\u00f6glicht es Ihnen, die Anzeige in der Seitenleiste anzupassen. Sie k\u00f6nnen: <\/p>\n\n<ul class=\"wp-block-list\">\n<li>Die aktuelle Seite ausschlie\u00dfen<\/li>\n\n\n\n<li>Unterseiten anzeigen oder ausblenden<\/li>\n\n\n\n<li>Einen Bereich zuweisen, unter dem die Seite angezeigt werden soll<\/li>\n<\/ul>\n\n<h3 class=\"wp-block-heading\">2. Anpassung des Erscheinungsbildes der Navigationselemente mit CSS<\/h3>\n\n<p>Navigationselemente verf\u00fcgen \u00fcber ein Standard-Erscheinungsbild, das Sie mittels CSS anpassen k\u00f6nnen.<\/p>\n\n<p>Navigieren Sie zu <strong>..\/wp-content\/plugins\/wpml-cms-nav\/res\/css<\/strong>, um zwei Dateien zu lokalisieren:<\/p>\n\n<ul class=\"wp-block-list\">\n<li><strong>cms-navigation-base.css<\/strong>: Diese ist f\u00fcr die Funktionalit\u00e4t des Dropdown-Men\u00fcs verantwortlich und sollte <strong>nicht<\/strong> modifiziert werden.<\/li>\n\n\n\n<li><strong>cms-navigation.css<\/strong>: Diese Datei k\u00f6nnen Sie kopieren und modifizieren, um Ihre Anpassungen hinzuzuf\u00fcgen.<\/li>\n<\/ul>\n\n<p>Folgen Sie diesen Schritten:<\/p>\n\n<ol class=\"wp-block-list\">\n<li>Kopieren Sie die zweite Datei, <strong>cms-navigation.css<\/strong>, aus dem Plugin-Verzeichnis und platzieren Sie sie in Ihrem Theme-Verzeichnis.<\/li>\n\n\n\n<li>Rufen Sie <strong>wp_head()<\/strong> auf und laden Sie Ihre Kopie. Dies l\u00e4dt die Plugin-CSS-Dateien. <\/li>\n\n\n\n<li>Wenden Sie Ihre CSS-Anpassungen auf die neue Datei an.<\/li>\n<\/ol>\n","protected":false},"excerpt":{"rendered":"<p>WPML CMS Navigation ist ein Add-on-Plugin, das Navigationselemente beim Aufbau Ihrer mehrsprachigen Website bereitstellt. Das Add-on ist in Ihrem WPML Multilingual CMS-Paket enthalten. Zu den Navigationselementen, die Sie mit dem WPML CMS Navigation Plugin hinzuf\u00fcgen k\u00f6nnen, geh\u00f6ren: Hinzuf\u00fcgen von Navigationselementen zu Ihrem Theme Um jedes Element zu verwenden, f\u00fcgen Sie diese mittels einzeiliger PHP-Funktionen zu [&hellip;]<\/p>\n","protected":false},"author":777903,"featured_media":0,"parent":1255,"menu_order":66,"comment_status":"closed","ping_status":"closed","template":"template-nosidebar-centered.php","meta":{"_bbp_topic_count":0,"_bbp_reply_count":0,"_bbp_total_topic_count":0,"_bbp_total_reply_count":0,"_bbp_voice_count":0,"_bbp_anonymous_reply_count":0,"_bbp_topic_count_hidden":0,"_bbp_reply_count_hidden":0,"_bbp_forum_subforum_count":0,"ep_exclude_from_search":false,"footnotes":""},"related-projects-category":[],"class_list":["post-1440","page","type-page","status-publish","hentry"],"_links":{"self":[{"href":"https:\/\/wpml.org\/de\/wp-json\/wp\/v2\/pages\/1440","targetHints":{"allow":["GET"]}}],"collection":[{"href":"https:\/\/wpml.org\/de\/wp-json\/wp\/v2\/pages"}],"about":[{"href":"https:\/\/wpml.org\/de\/wp-json\/wp\/v2\/types\/page"}],"author":[{"embeddable":true,"href":"https:\/\/wpml.org\/de\/wp-json\/wp\/v2\/users\/777903"}],"replies":[{"embeddable":true,"href":"https:\/\/wpml.org\/de\/wp-json\/wp\/v2\/comments?post=1440"}],"version-history":[{"count":8,"href":"https:\/\/wpml.org\/de\/wp-json\/wp\/v2\/pages\/1440\/revisions"}],"predecessor-version":[{"id":16475865,"href":"https:\/\/wpml.org\/de\/wp-json\/wp\/v2\/pages\/1440\/revisions\/16475865"}],"up":[{"embeddable":true,"href":"https:\/\/wpml.org\/de\/wp-json\/wp\/v2\/pages\/1255"}],"wp:attachment":[{"href":"https:\/\/wpml.org\/de\/wp-json\/wp\/v2\/media?parent=1440"}],"wp:term":[{"taxonomy":"related-projects-category","embeddable":true,"href":"https:\/\/wpml.org\/de\/wp-json\/wp\/v2\/related-projects-category?post=1440"}],"curies":[{"name":"wp","href":"https:\/\/api.w.org\/{rel}","templated":true}]}}