{"id":1443,"date":"2011-08-22T15:48:35","date_gmt":"2011-08-22T15:48:35","guid":{"rendered":"http:\/\/wpml.org\/support-2\/fehlerbeseitigung-in-wpml\/"},"modified":"2024-06-07T12:01:02","modified_gmt":"2024-06-07T12:01:02","slug":"fehlerbeseitigung-in-wpml","status":"publish","type":"page","link":"https:\/\/wpml.org\/de\/documentation-3\/support-2\/fehlerbeseitigung-in-wpml\/","title":{"rendered":"Fehlersuche bei WPML"},"content":{"rendered":"<h2>Aktivieren der eingebauten Funktion zur Fehlersuche in WordPress<\/h2>\n<p>WordPress enth\u00e4lt einen Fehlersuchmodus, mit dem Sie PHP-Probleme aufdecken k\u00f6nnen.<\/p>\n<p>Um sie zu aktivieren, \u00f6ffnen Sie die Datei <strong>wp-config.php<\/strong> und suchen Sie nach <strong>define(&#8218;WP_DEBUG&#8216;, false);<\/strong>. \u00c4ndern Sie es in:<\/p>\n<pre>define('WP_DEBUG', true);<\/pre>\n<p>Um die Fehlerprotokollierung in einer Datei auf dem Server zu aktivieren, m\u00fcssen Sie noch eine weitere \u00e4hnliche Zeile hinzuf\u00fcgen:<\/p>\n<pre>define( 'WP_DEBUG_LOG', true );<\/pre>\n<p>In diesem Fall werden die Fehler in der Datei <strong><br \/>\n  <tt>debug.log<\/tt><br \/>\n<\/strong> Log-Datei im Verzeichnis <strong><br \/>\n  <tt>\/wp-content\/ <\/tt><br \/>\n<\/strong>Verzeichnis gespeichert.<\/p>\n<p>Wenn Sie nicht m\u00f6chten, dass beim Besuch Ihrer Website Fehler auf der Seite angezeigt werden, m\u00fcssen Sie diese Zeile direkt nach der oben genannten Zeile hinzuf\u00fcgen:<\/p>\n<pre>define( 'WP_DEBUG_DISPLAY', false );<\/pre>\n<p>Die <strong>wp-config.php<\/strong> befindet sich in Ihrem WordPress Stammverzeichnis. Es ist dieselbe Datei, in der sich die Konfigurationseinstellungen der Datenbank befinden. Sie m\u00fcssen per FTP oder SFTP darauf zugreifen, um sie zu bearbeiten.<\/p>\n<p>Wenn Sie die <strong>wp-config.php<\/strong> \u00f6ffnen und diese define-Anweisung nicht vorhanden ist, k\u00f6nnen Sie sie direkt vor dieser Zeile hinzuf\u00fcgen:<\/p>\n<pre>\/* That's all, stop editing! Happy blogging. *\/<\/pre>\n<p>Bitte beachten Sie, dass Sie alles sehen werden, was nicht nur mit WPML zu tun hat. Dazu geh\u00f6ren h\u00f6chstwahrscheinlich Meldungen von anderen Plugins, Ihrem Theme und manchmal sogar vom WordPress Kern. Die Meldungen erscheinen \u00fcberall. Manchmal erscheinen sie ganz oben, aber sie k\u00f6nnen auch in der Mitte der Seite erscheinen.<\/p>\n<h2>Wie Sie uns Fehler melden k\u00f6nnen<\/h2>\n<p>Unser <a href=\"https:\/\/wpml.org\/forums\/forum\/english-support\/\">technisches Support-Forum<\/a> ist der beste Ort, um Fehler zu melden. WPML-Unterst\u00fctzer \u00fcberwachen jeden Beitrag und reagieren schnell. Sie werden das WPML-Entwicklungsteam benachrichtigen, damit es die von Ihnen gemeldeten Fehler (Programmierfehler) auswerten und angemessen behandeln kann. Sie k\u00f6nnen sich f\u00fcr E-Mail-Benachrichtigungen \u00fcber Kommentare in Ihrem Thread anmelden, um unsere Antworten zu erhalten, sobald sie verf\u00fcgbar sind.<\/p>\n<h3>Wie Sie die Fehlersuche.log an die Supporter senden<\/h3>\n<p>In den meisten F\u00e4llen finden Sie die Datei <strong>debug.log<\/strong> im Ordner <strong>wp-content<\/strong>. Je nach den Einstellungen Ihres Servers verwenden Sie FTP oder eine andere Methode, um die <strong>Log-Datei debug.log<\/strong> zu erhalten. Sie k\u00f6nnen uns dann den Inhalt zusenden.<\/p>\n<h3>Wie Sie communication.log an die Unterst\u00fctzer senden<\/h3>\n<p>Sie finden Ihr Kommunikationsprotokoll auf der Seite <strong>WPML <\/strong>-&gt; <strong>Support<\/strong>. Klicken Sie auf dieser Seite auf den Link Kommunikationslog. Kopieren Sie die Informationen aus dem Log und stellen Sie sie im Forum zur Verf\u00fcgung, wenn Sie vom WPML-Supportteam gefragt werden.<\/p>\n<figure id=\"attachment_4763347\" aria-describedby=\"caption-attachment-4763347\" style=\"width: 714px\" class=\"wp-caption aligncenter\"><a href=\"https:\/\/wpml.org\/wp-content\/uploads\/2019\/10\/wpml-communication-log.png\"><img decoding=\"async\" class=\"img-border wp-image-4763347 size-full\" src=\"https:\/\/wpml.org\/wp-content\/uploads\/2019\/10\/wpml-communication-log.png\" alt=\"Zugang zur Seite des Kommunikationslogs\" width=\"714\" height=\"487\" srcset=\"https:\/\/wpml.org\/wp-content\/uploads\/2019\/10\/wpml-communication-log.png 714w, https:\/\/wpml.org\/wp-content\/uploads\/2019\/10\/wpml-communication-log-150x102.png 150w, https:\/\/wpml.org\/wp-content\/uploads\/2019\/10\/wpml-communication-log-300x205.png 300w\" sizes=\"(max-width: 714px) 100vw, 714px\" \/><\/a><figcaption id=\"caption-attachment-4763347\" class=\"wp-caption-text\">Zugang zur Seite des Kommunikationslogs<\/figcaption><\/figure>\n<p>&nbsp;<\/p>\n","protected":false},"excerpt":{"rendered":"<p>Aktivieren der eingebauten Funktion zur Fehlersuche in WordPress WordPress enth\u00e4lt einen Fehlersuchmodus, mit dem Sie PHP-Probleme aufdecken k\u00f6nnen. Um sie zu aktivieren, \u00f6ffnen Sie die Datei wp-config.php und suchen Sie nach define(&#8218;WP_DEBUG&#8216;, false);. \u00c4ndern Sie es in: define(&#8218;WP_DEBUG&#8216;, true); Um die Fehlerprotokollierung in einer Datei auf dem Server zu aktivieren, m\u00fcssen Sie noch eine weitere [&hellip;]<\/p>\n","protected":false},"author":2,"featured_media":0,"parent":1255,"menu_order":53,"comment_status":"closed","ping_status":"closed","template":"","meta":{"_bbp_topic_count":0,"_bbp_reply_count":0,"_bbp_total_topic_count":0,"_bbp_total_reply_count":0,"_bbp_voice_count":0,"_bbp_anonymous_reply_count":0,"_bbp_topic_count_hidden":0,"_bbp_reply_count_hidden":0,"_bbp_forum_subforum_count":0,"ep_exclude_from_search":false,"footnotes":""},"related-projects-category":[],"class_list":["post-1443","page","type-page","status-publish","hentry"],"_links":{"self":[{"href":"https:\/\/wpml.org\/de\/wp-json\/wp\/v2\/pages\/1443","targetHints":{"allow":["GET"]}}],"collection":[{"href":"https:\/\/wpml.org\/de\/wp-json\/wp\/v2\/pages"}],"about":[{"href":"https:\/\/wpml.org\/de\/wp-json\/wp\/v2\/types\/page"}],"author":[{"embeddable":true,"href":"https:\/\/wpml.org\/de\/wp-json\/wp\/v2\/users\/2"}],"replies":[{"embeddable":true,"href":"https:\/\/wpml.org\/de\/wp-json\/wp\/v2\/comments?post=1443"}],"version-history":[{"count":4,"href":"https:\/\/wpml.org\/de\/wp-json\/wp\/v2\/pages\/1443\/revisions"}],"predecessor-version":[{"id":15716191,"href":"https:\/\/wpml.org\/de\/wp-json\/wp\/v2\/pages\/1443\/revisions\/15716191"}],"up":[{"embeddable":true,"href":"https:\/\/wpml.org\/de\/wp-json\/wp\/v2\/pages\/1255"}],"wp:attachment":[{"href":"https:\/\/wpml.org\/de\/wp-json\/wp\/v2\/media?parent=1443"}],"wp:term":[{"taxonomy":"related-projects-category","embeddable":true,"href":"https:\/\/wpml.org\/de\/wp-json\/wp\/v2\/related-projects-category?post=1443"}],"curies":[{"name":"wp","href":"https:\/\/api.w.org\/{rel}","templated":true}]}}