{"id":1459,"date":"2010-05-21T11:50:22","date_gmt":"2010-05-21T11:50:22","guid":{"rendered":"http:\/\/wpml.org\/wpml-2\/abschnitt\/"},"modified":"2010-05-21T11:50:22","modified_gmt":"2010-05-21T11:50:22","slug":"abschnitt","status":"publish","type":"page","link":"https:\/\/wpml.org\/de\/startseite\/abschnitt\/","title":{"rendered":"Abschnitt"},"content":{"rendered":"<p>Unser Ziel ist es, die Erstellung vollst\u00e4ndiger, reichhaltiger, mehrsprachiger Webseiten mit WordPress mit Hilfe von WPML zu erm\u00f6glichen. Hier ist eine ungef\u00e4hre Roadmap von Funktionen, an denen wir entweder gerade arbeiten oder die bald geplant sind.<\/p>\n<table border=\"0\">\n<tbody>\n<tr>\n<th>Abschnitt<\/th>\n<th>Funktion<\/th>\n<th>Beschreibung<\/th>\n<th>Status<\/th>\n<\/tr>\n<tr>\n<td rowspan=\"4\"><strong>Navigation<\/strong><\/td>\n<td><span style=\"text-decoration: line-through;\">Seiten au\u00dferhalb der Website<\/span><\/td>\n<td>Erm\u00f6glichen die Pfadzuordnung externer URLs zu Seiten. So k\u00f6nnen Men\u00fcpunkte erstellt werden, die auf URLs au\u00dferhalb der Seite verweisen. Zum Beispiel werden wir eine Seite namens &#8218;Forum&#8216; erstellen k\u00f6nnen, die auf http:\/\/wpml.org\/forums verlinkt. Dieser Men\u00fcpunkt wird sowohl in der Obernavigation als auch in der Seitenleisten-Navigation existieren. Ohne diese Funktion k\u00f6nnen nur Seiten innerhalb der WordPress-Seite in die Navigation aufgenommen werden.<\/td>\n<td>Erledigt in 1.0.0<\/td>\n<\/tr>\n<tr>\n<td><a href=\"\/?page_id=1853\"><span style=\"text-decoration: line-through;\">Benutzerdefinierter HTML-Code f\u00fcr Men\u00fcs<\/span><\/a><\/td>\n<td>F\u00fcgen Sie eine R\u00fcckruf-Funktion hinzu, die bei der Erstellung der Obernavigation l\u00e4uft. Diese Funktion wird zu jeder HTML zur\u00fcckkehren k\u00f6nnen, die f\u00fcr die Men\u00fcpunkte verwendet wird. Fortgeschrittene Benutzer k\u00f6nnen originelle Men\u00fcs erstellen, in denen Bilder, Flash und beliebige weitere visuelle Effekte enthalten sind, die das Plugin nicht liefert.<\/td>\n<td>Erledigt in 1.0.3<\/td>\n<\/tr>\n<tr>\n<td><span style=\"text-decoration: line-through;\">Verwaltung der Seitenanordnung<\/span><\/td>\n<td>Wir m\u00f6chten eine zentrale Verwaltung f\u00fcr die Seitenanordnung erstellen. Diese wird die Steuerung der Seitenreihenfolge, die Gruppierung von Abschnitten, Mini-Home-Steuerung und Ausschluss von der Navigation erm\u00f6glichen. Zur Zeit k\u00f6nnen diese Attribute nur gesteuert werden, indem man jede Seite einzeln editiert, was es schwierig macht, das Gesamtbild zu \u00fcberblicken (beispielsweise welche Seite vor welcher anderen kommt).<\/td>\n<td>Wir werden dies nicht tun. Stattdessen werden wir die neuen Men\u00fcs unterst\u00fctzen, die in WordPress 3.0 eingef\u00fchrt wurden.<\/td>\n<\/tr>\n<tr>\n<td><span style=\"text-decoration: line-through;\">Flexible Anzeige f\u00fcr Blogseiten bei der Navigation<\/span><\/td>\n<td>L\u00e4sst die Blogseite wie eine normale Seite in der Obernavigation funktionieren, einschlie\u00dflich der Auswahl von Unterposten.<\/td>\n<td>Erledigt in 1.3.4<\/td>\n<\/tr>\n<tr>\n<td rowspan=\"9\"><strong>Mehrsprachiges System<\/strong><\/td>\n<td><span style=\"text-decoration: line-through;\">Einstellen der Adminsprache pro Benutzer<\/span><\/td>\n<td>Seiten, die von mehreren Autoren verwaltet werden, k\u00f6nnen in verschiedenen Sprachen laufen (im Backend). Jeder Autor w\u00e4hlt die Admin-Sprache aus. Dann wird die gesamte Administration in der Sprache ausgef\u00fchrt. Diese Funktion ist nur f\u00fcr die Administration von Bedeutung. Besucher werden die Inhalte trotzdem noch in der richtigen Sprache sehen.<\/td>\n<td>Erledigt in 1.3.0<\/td>\n<\/tr>\n<tr>\n<td><a href=\"https:\/\/wpml.org\/de\/documentation-3\/ratgeber-zum-loslegen\/einstellung-der-sprachen\/so-fuegen-sie-einen-sprachumschalter-zu-ihrer-wordpress-website-hinzu\/kundenspezifischer-sprachumschalter\/\"><span style=\"text-decoration: line-through;\">Kundenspezifische Sprachauswahl<\/span><\/a><\/td>\n<td>Erm\u00f6glicht es, Benutzerfunktionen in die Sprachauswahl zu integrieren. Diese Funktionen k\u00f6nnen dann ins Theme eingef\u00fcgt werden und die Sprachauswahl ganz nach Wunsch der Benutzer gestalten. Statt Dutzende Konfigurationsoptionen f\u00fcr unsere voreingestellte Sprachauswahl anzubieten, machen wir es den Menschen leicht, ihre eigene zu erstellen. In WPML wird es eine Funktion geben, die die Sprachenliste ausgibt und anzeigt, welche Sprache derzeit aktiv ist. Sie wird die Namen der Sprachen in der derzeit angezeigten Sprache ausgeben und ihre Namen in der Muttersprache.<\/td>\n<td>Bereits in 0.99.<\/td>\n<\/tr>\n<tr>\n<td><a href=\"\/?page_id=2477\"><span style=\"text-decoration: line-through;\">\u00dcbersetzung f\u00fcr Strings aufnehmen<\/span><\/a><\/td>\n<td>Dies wird die \u00dcbersetzung von Texten erm\u00f6glichen, die sich nicht in Seiten, Posts, Tags oder Kategorien befinden. Bei solchen Texten kann es sich um die Tagline, den Titel, Text-Widgets und weitere handeln. Auch eine Anwendungsschnittstelle zur \u00dcbersetzung der Texte der Benutzer mit Hilfe von anderen Plugins wird enthalten sein.<\/td>\n<td>In 1.2.0 erledigt<\/td>\n<\/tr>\n<tr>\n<td><span style=\"text-decoration: line-through;\"><a href=\"\/?page_id=3191\">Erstellung einer API-Schnittstelle zur Steuerung der Spracheigenschaften<\/a><\/span><\/td>\n<td>Sonstige Plugins und entfernte Ger\u00e4te (z.B. iPhone oder BlackBerry) k\u00f6nnen genau wie bei der Verwendung des WordPress &#8222;Admin Panel&#8220; mehrsprachige Inhalte erstellen.<\/td>\n<td>Erledigt in 1.5.1<\/td>\n<\/tr>\n<tr>\n<td><a href=\"\/?page_id=2778\"><span style=\"text-decoration: line-through;\">Kommentar-\u00dcbersetzung<\/span><\/a><\/td>\n<td>Dies wird das Verwalten von Kommentaren in verschiedenen Sprachen erm\u00f6glichen. Zum Lesen und Moderieren wird WPML eine Maschinen\u00fcbersetzung ausf\u00fchren (schnell, kostenlos und ungenau). Wenn die Admins antworten, k\u00f6nnen sie professionelle \u00dcbersetzungen f\u00fcr ihre Kommentare erhalten.<\/td>\n<td>Erledigt in 1.3.0<\/td>\n<\/tr>\n<tr>\n<td><span style=\"text-decoration: line-through;\">Synchronisierung der Eigenschaften zwischen \u00dcbersetzungen<\/span><\/td>\n<td>Wird die Synchronisierung zwischen verschiedenen Post- und Seitenoptionen zwischen Sprachen erm\u00f6glichen, sodass sie, sobald sie in einer Sprache eingestellt wurden, auch in anderen aktualisiert werden.<\/td>\n<td>Erledigt in 1.5.1<\/td>\n<\/tr>\n<tr>\n<td><span style=\"text-decoration: line-through;\">Schnelle \u00dcbersetzungs\u00fcbersicht<\/span><\/td>\n<td>F\u00fcgt Seiten und Posts eine Sprachenspalte hinzu, um schnellen Zugriff auf die \u00dcbersetzungen und die Erstellung der \u00dcbersetzung auf einen Klick zu erm\u00f6glichen.<\/td>\n<td>Erledigt in 1.3.1<\/td>\n<\/tr>\n<tr>\n<td><span style=\"text-decoration: line-through;\"><a href=\"\/?page_id=3274\">Kompatibilit\u00e4ts-Pakete f\u00fcr beliebte Themes und Plugins<\/a><\/span><\/td>\n<td>So k\u00f6nnen Themes und Plugins mit WPML mehrsprachig betrieben werden, ohne dass Sie sie editieren m\u00fcssen. Anstatt Sonderversionen f\u00fcr beliebte Themes zu erstellen, werden wir die Hooks der Themes verwenden, um sie mehrsprachig zu machen.<\/td>\n<td>Erledigt in 1.5.1<\/td>\n<\/tr>\n<tr>\n<td>Ein globales \u00dcbersetzungs-Verzeichnis<\/td>\n<td>WPML wird \u00dcbersetzungen f\u00fcr Plugins und Themes \u00fcber den String-\u00dcbersetzungs-Mechanismus herunterladen und teilen.  \u00dcbersetzer werden in einem globalen Verzeichnis aufgef\u00fchrt.<\/td>\n<td>Fr\u00fches Planungsstadium<\/td>\n<\/tr>\n<tr>\n<td rowspan=\"2\"><strong>\u00dcbersetzung von Inhalten<\/strong><\/td>\n<td><a href=\"https:\/\/wpml.org\/de\/documentation-3\/professionelle-ubersetzung\/\"><span style=\"text-decoration: line-through;\">Integration des \u00dcbersetzungsservice<\/span><\/a><\/td>\n<td>Beinhaltet eine Schnittstelle zur \u00dcbersetzung von Inhalten durch <a href=\"http:\/\/www.icanlocalize.com\">ICanLocalize<\/a>. Dies wird Menschen, die die \u00dcbersetzungen nicht selbst durchf\u00fchren m\u00f6chten, einen mehrsprachigen Seitenbetrieb erm\u00f6glichen.<\/td>\n<td>Erledigt in 1.0.0<\/td>\n<\/tr>\n<tr>\n<td><span style=\"text-decoration: line-through;\"><a href=\"\/?page_id=2127\">Texte von anderen Plugins \u00fcbersetzen<\/a><\/span><\/td>\n<td>Einige Seiten verwenden Plugins, die Texte zu Seiten und Posts hinzuf\u00fcgen. Zum Beispiel f\u00fcgt das sehr beliebte &#8218;All in one SEO&#8216; Felder hinzu, die die Seitenbeschreibung, den Titel und den Namen manipulieren. Diese Funktion wird die Erstellung dieser Texte in der \u00dcbersetzung m\u00f6glich machen. Wir werden die Unterst\u00fctzung von Texten in kundenspezifischen Feldern und in verlinkten Tabellen erm\u00f6glichen.<\/td>\n<td>In 1.2.0 erledigt<\/td>\n<\/tr>\n<\/tbody>\n<\/table>\n<h2>Zeitplan<\/h2>\n<ul>\n<li><span style=\"text-decoration: line-through;\">Ende Mai: Einf\u00fcgen des Bereichs <em>\u00dcbersetzung von Inhalten<\/em>. Dies ist <a href=\"https:\/\/wpml.org\/de\/announcements\/2009\/04\/coming-soon-translation-integration\/\">so gut wie erledigt<\/a> und wir arbeiten schon mit einigen Beta-Seiten, um es zu zu testen. Wenn es voll funktionsf\u00e4hig wird, werden Sie nat\u00fcrlich auch unsere eigene Seite wpml.org in mehreren Sprachen sehen.<\/span><\/li>\n<li><span style=\"text-decoration: line-through;\">Juli: Weitere Mehrsprachen-Funktionen, einschlie\u00dflich <strong>String-\u00dcbersetzung<\/strong> und <strong>\u00dcbersetzungsverwaltung f\u00fcr Texte von anderen Plugins<\/strong>.<\/span><\/li>\n<li><span style=\"text-decoration: line-through;\">August: Kommentar-\u00dcbersetzung und API-Funktionen.<\/span><\/li>\n<li><span style=\"text-decoration: line-through;\">September, Oktober: Verbesserungen der Anwendbarkeit und Geschwindigkeitsoptimierungen (eliminiert \u00fcberfl\u00fcssigen Datenbank-Zugriff).<\/span><\/li>\n<li><span style=\"text-decoration: line-through;\">November: Kompatibilit\u00e4ts-Pakete f\u00fcr beliebte Themes und Plugins. <\/span><\/li>\n<li><span style=\"text-decoration: line-through;\">Dezember: Unterst\u00fctzung der Lokalisierung von Texten in anderen Plugins.<br \/>\n<\/span><\/li>\n<li><span style=\"text-decoration: line-through;\">Januar: Einzelsprachen-Modus, der die Verwendung von WPML als \u00dcbersetzungstool erm\u00f6glicht.<\/span> &#8211; Funktion wird nicht mehr umgesetzt<\/li>\n<li><span style=\"text-decoration: line-through;\">Februar: Globales Plugins- und Themes-\u00dcbersetzungsverzeichnis.<\/span> &#8211; Funktion wird nicht mehr umgesetzt<\/li>\n<li>M\u00e4rz 2010: Unterst\u00fctzung der Bearbeitung von Texten, die in den Admin-Bildschirm eingegeben werden, f\u00fcr Themes und Plugins.<\/li>\n<\/ul>\n","protected":false},"excerpt":{"rendered":"<p>Unser Ziel ist es, die Erstellung vollst\u00e4ndiger, reichhaltiger, mehrsprachiger Webseiten mit WordPress mit Hilfe von WPML zu erm\u00f6glichen. Hier ist eine ungef\u00e4hre Roadmap von Funktionen, an denen wir entweder gerade arbeiten oder die bald geplant sind. Abschnitt Funktion Beschreibung Status Navigation Seiten au\u00dferhalb der Website Erm\u00f6glichen die Pfadzuordnung externer URLs zu Seiten. So k\u00f6nnen Men\u00fcpunkte [&hellip;]<\/p>\n","protected":false},"author":1,"featured_media":0,"parent":1253,"menu_order":0,"comment_status":"open","ping_status":"open","template":"","meta":{"_bbp_topic_count":0,"_bbp_reply_count":0,"_bbp_total_topic_count":0,"_bbp_total_reply_count":0,"_bbp_voice_count":0,"_bbp_anonymous_reply_count":0,"_bbp_topic_count_hidden":0,"_bbp_reply_count_hidden":0,"_bbp_forum_subforum_count":0,"ep_exclude_from_search":false,"footnotes":""},"related-projects-category":[],"class_list":["post-1459","page","type-page","status-publish","hentry"],"_links":{"self":[{"href":"https:\/\/wpml.org\/de\/wp-json\/wp\/v2\/pages\/1459","targetHints":{"allow":["GET"]}}],"collection":[{"href":"https:\/\/wpml.org\/de\/wp-json\/wp\/v2\/pages"}],"about":[{"href":"https:\/\/wpml.org\/de\/wp-json\/wp\/v2\/types\/page"}],"author":[{"embeddable":true,"href":"https:\/\/wpml.org\/de\/wp-json\/wp\/v2\/users\/1"}],"replies":[{"embeddable":true,"href":"https:\/\/wpml.org\/de\/wp-json\/wp\/v2\/comments?post=1459"}],"version-history":[{"count":7,"href":"https:\/\/wpml.org\/de\/wp-json\/wp\/v2\/pages\/1459\/revisions"}],"predecessor-version":[{"id":4731,"href":"https:\/\/wpml.org\/de\/wp-json\/wp\/v2\/pages\/1459\/revisions\/4731"}],"up":[{"embeddable":true,"href":"https:\/\/wpml.org\/de\/wp-json\/wp\/v2\/pages\/1253"}],"wp:attachment":[{"href":"https:\/\/wpml.org\/de\/wp-json\/wp\/v2\/media?parent=1459"}],"wp:term":[{"taxonomy":"related-projects-category","embeddable":true,"href":"https:\/\/wpml.org\/de\/wp-json\/wp\/v2\/related-projects-category?post=1459"}],"curies":[{"name":"wp","href":"https:\/\/api.w.org\/{rel}","templated":true}]}}