{"id":1478940,"date":"2013-03-21T02:32:04","date_gmt":"2013-03-21T02:32:04","guid":{"rendered":"https:\/\/wpml.org\/documentation-3\/ratgeber-zum-loslegen\/media-translation-modul\/"},"modified":"2025-08-27T06:51:12","modified_gmt":"2025-08-27T06:51:12","slug":"media-translation-modul","status":"publish","type":"page","link":"https:\/\/wpml.org\/de\/documentation-3\/ratgeber-zum-loslegen\/media-translation-modul\/","title":{"rendered":"Wie man Medien mit WPML \u00fcbersetzt"},"content":{"rendered":"\n<p class=\"lead\">Mit WPML k\u00f6nnen Sie die Metadaten f\u00fcr Bilder, Videos und PDFs \u00fcbersetzen. Sie k\u00f6nnen auch in jeder Sprache unterschiedliche Medien anzeigen. <\/p>\n\n<h2 class=\"wp-block-heading\">Wie man Media-Meta-Informationen \u00fcbersetzt<\/h2>\n\n<p>Das WPML-CMS-Kern-Plugin kann Medientexte wie die folgenden \u00fcbersetzen:<\/p>\n\n<ul class=\"wp-block-list\">\n<li>Alternativtext (alt)<\/li>\n\n\n\n<li>Beschriftungen<\/li>\n\n\n\n<li>Beschreibungen<\/li>\n\n\n\n<li>Titel<\/li>\n<\/ul>\n\n<p>Dies gilt f\u00fcr alle Medientypen, einschlie\u00dflich Bilder, Videos und PDFs in Ihren Inhalten.<\/p>\n\n<p>So \u00fcbersetzen Sie diese Metadaten f\u00fcr Mediendateien:<\/p>\n\n<ol class=\"wp-block-list\">\n<li>Gehen Sie zu <strong>WPML \u2192 \u00dcbersetzungs-Dashboard<\/strong><\/li>\n\n\n\n<li>W\u00e4hlen Sie den Beitrag oder die Seite aus, der\/die die Medien enth\u00e4lt<\/li>\n<\/ol>\n\n<figure class=\"wp-block-image tb-image tb-image-dynamic tb-image-frame-none\" data-toolset-blocks-image=\"c2d2d7ef19a9712bb67b231e0e5fb8c5\"><a href=\"https:\/\/wpml.org\/wp-content\/uploads\/2025\/01\/Sending-a-page-with-an-image-for-translation.png\"><img decoding=\"async\" width=\"1024\" height=\"705\" loading=\"lazy\" src=\"https:\/\/wpml.org\/wp-content\/uploads\/2025\/01\/Sending-a-page-with-an-image-for-translation-1024x705.png\" alt=\"Sending a page with an image for translation\" class=\"wp-image-16589727\" srcset=\"https:\/\/wpml.org\/wp-content\/uploads\/2025\/01\/Sending-a-page-with-an-image-for-translation-1024x705.png 1024w, https:\/\/wpml.org\/wp-content\/uploads\/2025\/01\/Sending-a-page-with-an-image-for-translation-300x207.png 300w, https:\/\/wpml.org\/wp-content\/uploads\/2025\/01\/Sending-a-page-with-an-image-for-translation-150x103.png 150w, https:\/\/wpml.org\/wp-content\/uploads\/2025\/01\/Sending-a-page-with-an-image-for-translation-768x529.png 768w, https:\/\/wpml.org\/wp-content\/uploads\/2025\/01\/Sending-a-page-with-an-image-for-translation-1536x1058.png 1536w, https:\/\/wpml.org\/wp-content\/uploads\/2025\/01\/Sending-a-page-with-an-image-for-translation.png 1600w\" sizes=\"auto, (max-width: 1024px) 100vw, 1024px\" \/><\/a><figcaption><div class=\"tb-image-caption\">Versenden einer Seite mit einem Bild zur \u00dcbersetzung<\/div><\/figcaption><\/figure>\n\n<ol start=\"3\" class=\"wp-block-list\">\n<li>Senden Sie ihn zur \u00dcbersetzung<\/li>\n<\/ol>\n\n<p>WPML \u00fcbersetzt Ihre Medientexte zusammen mit dem Rest Ihrer Inhalte, wobei im <strong>Erweiterten \u00dcbersetzungs-Editor<\/strong> deutliche Beschriftungen angezeigt werden.<\/p>\n\n<figure class=\"wp-block-image tb-image tb-image-dynamic tb-image-frame-none\" data-toolset-blocks-image=\"5b24b4b664763539d284a899f0cf8136\"><a href=\"https:\/\/wpml.org\/wp-content\/uploads\/2025\/07\/wpml-media-translation-advanced-translation-editor.png\"><img decoding=\"async\" width=\"1024\" height=\"475\" loading=\"lazy\" src=\"https:\/\/wpml.org\/wp-content\/uploads\/2025\/07\/wpml-media-translation-advanced-translation-editor-1024x475.png\" alt=\"\" class=\"wp-image-17231943\" srcset=\"https:\/\/wpml.org\/wp-content\/uploads\/2025\/07\/wpml-media-translation-advanced-translation-editor-1024x475.png 1024w, https:\/\/wpml.org\/wp-content\/uploads\/2025\/07\/wpml-media-translation-advanced-translation-editor-300x139.png 300w, https:\/\/wpml.org\/wp-content\/uploads\/2025\/07\/wpml-media-translation-advanced-translation-editor-150x70.png 150w, https:\/\/wpml.org\/wp-content\/uploads\/2025\/07\/wpml-media-translation-advanced-translation-editor-768x356.png 768w, https:\/\/wpml.org\/wp-content\/uploads\/2025\/07\/wpml-media-translation-advanced-translation-editor-1536x713.png 1536w, https:\/\/wpml.org\/wp-content\/uploads\/2025\/07\/wpml-media-translation-advanced-translation-editor-2048x950.png 2048w\" sizes=\"auto, (max-width: 1024px) 100vw, 1024px\" \/><\/a><figcaption><div class=\"tb-image-caption\">\u00dcbersetzen von Bild-Meta-Informationen im Erweiterten \u00dcbersetzungs-Editor<\/div><\/figcaption><\/figure>\n\n<div style=\"height:10px\" aria-hidden=\"true\" class=\"wp-block-spacer\"><\/div>\n\n<h3 class=\"wp-block-heading\">Sicherstellen, dass Medien-Meta-Informationen automatisch \u00fcbersetzt werden<\/h3>\n\n<div class=\"wp-block-toolset-blocks-container tb-container\" data-toolset-blocks-container=\"059282e0f1ebc546110ff1cb930ffa9b\">\n<div class=\"wp-block-toolset-blocks-grid tb-grid\" data-toolset-blocks-grid=\"37d19417981b1b97920df56c088840a6\">\n<div class=\"wp-block-toolset-blocks-grid-column tb-grid-column tb-grid-align-top\" data-toolset-blocks-grid-column=\"3034fbe886c11054e95b46b09d3e4112\">\n<div class=\"wp-block-toolset-blocks-container tb-container\" data-toolset-blocks-container=\"c5825f0c4b3f029780c2562e9593100f\"><\/div>\n<\/div>\n\n\n\n<div class=\"wp-block-toolset-blocks-grid-column tb-grid-column tb-grid-align-top\" data-toolset-blocks-grid-column=\"3034fbe886c11054e95b46b09d3e4112\">\n<p class=\"tb-heading has-text-color\" data-toolset-blocks-heading=\"22ef05fdba1cfbe58f04e15160f47403\" data-last-update=\"1.4\">WPML enth\u00e4lt eine intelligente Einstellung, die automatisch die korrekten Medientexte, wie Alt-Text, Titel und Beschriftungen, zur \u00dcbersetzung sendet.<\/p>\n\n\n\n<p class=\"tb-heading has-text-color\" data-toolset-blocks-heading=\"eb5785bf25c074df5138b25e5c073ded\" data-last-update=\"1.4\">Solange diese Option aktiviert ist, m\u00fcssen Sie keine zus\u00e4tzlichen Einstellungen konfigurieren. Medientexte werden zusammen mit dem Rest Ihrer Inhalte \u00fcbersetzt, und Ihre Datenbank bleibt sauber.<br\/>Standardm\u00e4\u00dfig ist diese Einstellung f\u00fcr neue Websites aktiviert. Um sicherzustellen, dass Ihre Website sie verwendet:  <br\/><\/p>\n\n\n\n<ol class=\"wp-block-list\">\n<li style=\"font-size:16px\">Gehen Sie zu <strong>WPML \u2192 Einstellungen<\/strong><\/li>\n\n\n\n<li style=\"font-size:16px\">Scrollen Sie zum Abschnitt <strong>Media Translation<\/strong><\/li>\n\n\n\n<li style=\"font-size:16px\">Stellen Sie sicher, dass <strong>Automatische Erkennung der besten Optionen f\u00fcr die \u00dcbersetzung von Bildtexten<\/strong> aktiviert ist<\/li>\n<\/ol>\n\n\n\n<figure class=\"wp-block-image tb-image tb-image-dynamic tb-image-frame-none\" data-toolset-blocks-image=\"ef042c5b854917cc5120475582dd9282\"><a href=\"https:\/\/wpml.org\/wp-content\/uploads\/2025\/07\/wpml-media-translation-option.png\"><img decoding=\"async\" width=\"1024\" height=\"142\" loading=\"lazy\" src=\"https:\/\/wpml.org\/wp-content\/uploads\/2025\/07\/wpml-media-translation-option-1024x142.png\" alt=\"\" class=\"wp-image-17231968\" srcset=\"https:\/\/wpml.org\/wp-content\/uploads\/2025\/07\/wpml-media-translation-option-1024x142.png 1024w, https:\/\/wpml.org\/wp-content\/uploads\/2025\/07\/wpml-media-translation-option-300x42.png 300w, https:\/\/wpml.org\/wp-content\/uploads\/2025\/07\/wpml-media-translation-option-150x21.png 150w, https:\/\/wpml.org\/wp-content\/uploads\/2025\/07\/wpml-media-translation-option-768x106.png 768w, https:\/\/wpml.org\/wp-content\/uploads\/2025\/07\/wpml-media-translation-option-1536x213.png 1536w, https:\/\/wpml.org\/wp-content\/uploads\/2025\/07\/wpml-media-translation-option.png 1950w\" sizes=\"auto, (max-width: 1024px) 100vw, 1024px\" \/><\/a><\/figure>\n<\/div>\n<\/div>\n<\/div>\n\n<h2 class=\"wp-block-heading\">Wie man unterschiedliche Medien pro Sprache anzeigt<\/h2>\n\n<p>Mit WPML k\u00f6nnen Sie auch verschiedene Bilder, Videos oder PDFs f\u00fcr verschiedene Sprachen anzeigen. Dies ist n\u00fctzlich, wenn Ihre Bilder regionale oder kulturelle Unterschiede zeigen sollen. <\/p>\n\n<p>Um verschiedene Bilder pro Sprache anzuzeigen, installieren und aktivieren Sie das <strong>WPML Media Translation<\/strong> Add-on.<\/p>\n\n<div style=\"height:10px\" aria-hidden=\"true\" class=\"wp-block-spacer\"><\/div>\n\n<div class=\"wp-block-buttons is-layout-flex wp-block-buttons-is-layout-flex\">\n<div class=\"wp-block-button\"><a class=\"wp-block-button__link wp-element-button\" href=\"https:\/\/wpml.org\/de\/account\/downloads\/#wpml-media\" style=\"border-radius:5px\">WPML Media Translation herunterladen<\/a><\/div>\n<\/div>\n\n<div style=\"height:40px\" aria-hidden=\"true\" class=\"wp-block-spacer\"><\/div>\n\n<p>Sobald es aktiviert ist, folgen Sie den Anweisungen, um WPML Media Translation einzurichten. Sie m\u00fcssen nur auf eine Schaltfl\u00e4che klicken, und WPML erledigt den Rest.  Dann:<\/p>\n\n<ol class=\"wp-block-list\">\n<li>Gehen Sie zu <strong>WPML \u2192 Translation Dashboard<\/strong> und senden Sie die Inhalte mit Ihren Medien zur \u00dcbersetzung.<\/li>\n\n\n\n<li>Gehen Sie zu <strong>WPML \u2192 Media Translation<\/strong> und klicken Sie auf das Pluszeichen unter der Sprache, f\u00fcr die Sie andere Medien verwenden m\u00f6chten.<\/li>\n\n\n\n<li>Laden Sie die verschiedenen Medien hoch, passen Sie Ihre Meta-Informationen an und speichern Sie sie.<\/li>\n<\/ol>\n<div class=\"wp-block-image\">\n<figure class=\" tb-image tb-image-dynamic tb-image-frame-none aligncenter\" data-toolset-blocks-image=\"97f880281ef65c128d5ef41dd06920d1\"><a href=\"https:\/\/wpml.org\/wp-content\/uploads\/2025\/07\/wpml-media-translation-uploading-different-image.png\"><img decoding=\"async\" width=\"1024\" height=\"665\" loading=\"lazy\" src=\"https:\/\/wpml.org\/wp-content\/uploads\/2025\/07\/wpml-media-translation-uploading-different-image-1024x665.png\" alt=\"\" class=\"wp-image-17232004\" srcset=\"https:\/\/wpml.org\/wp-content\/uploads\/2025\/07\/wpml-media-translation-uploading-different-image-1024x665.png 1024w, https:\/\/wpml.org\/wp-content\/uploads\/2025\/07\/wpml-media-translation-uploading-different-image-300x195.png 300w, https:\/\/wpml.org\/wp-content\/uploads\/2025\/07\/wpml-media-translation-uploading-different-image-150x97.png 150w, https:\/\/wpml.org\/wp-content\/uploads\/2025\/07\/wpml-media-translation-uploading-different-image-768x499.png 768w, https:\/\/wpml.org\/wp-content\/uploads\/2025\/07\/wpml-media-translation-uploading-different-image-1536x998.png 1536w, https:\/\/wpml.org\/wp-content\/uploads\/2025\/07\/wpml-media-translation-uploading-different-image.png 1958w\" sizes=\"auto, (max-width: 1024px) 100vw, 1024px\" \/><\/a><figcaption><div class=\"tb-image-caption\">Ersetzen von Medien in Media Translation<\/div><\/figcaption><\/figure>\n<\/div>\n<p>Ihre Inhalte zeigen nun in jeder Sprache unterschiedliche Medien an. <\/p>\n\n<div class=\"wp-block-toolset-blocks-grid tb-grid\" data-toolset-blocks-grid=\"3d9c399fe625e1b972f817a0680229f6\">\n<div class=\"wp-block-toolset-blocks-grid-column tb-grid-column tb-grid-align-top\" data-toolset-blocks-grid-column=\"3034fbe886c11054e95b46b09d3e4112\">\n<figure class=\"wp-block-image tb-image tb-image-dynamic tb-image-frame-none\" data-toolset-blocks-image=\"1164549c381e81407db538a5e7a96505\"><a href=\"https:\/\/wpml.org\/wp-content\/uploads\/2025\/07\/english-post-with-original-media.png\"><img decoding=\"async\" width=\"1024\" height=\"844\" loading=\"lazy\" src=\"https:\/\/wpml.org\/wp-content\/uploads\/2025\/07\/english-post-with-original-media-1024x844.png\" alt=\"\" class=\"wp-image-17232019\" srcset=\"https:\/\/wpml.org\/wp-content\/uploads\/2025\/07\/english-post-with-original-media-1024x844.png 1024w, https:\/\/wpml.org\/wp-content\/uploads\/2025\/07\/english-post-with-original-media-300x247.png 300w, https:\/\/wpml.org\/wp-content\/uploads\/2025\/07\/english-post-with-original-media-150x124.png 150w, https:\/\/wpml.org\/wp-content\/uploads\/2025\/07\/english-post-with-original-media-768x633.png 768w, https:\/\/wpml.org\/wp-content\/uploads\/2025\/07\/english-post-with-original-media-1536x1267.png 1536w, https:\/\/wpml.org\/wp-content\/uploads\/2025\/07\/english-post-with-original-media-2048x1689.png 2048w\" sizes=\"auto, (max-width: 1024px) 100vw, 1024px\" \/><\/a><figcaption><div class=\"tb-image-caption\">Rezept auf Englisch<\/div><\/figcaption><\/figure>\n<\/div>\n\n\n\n<div class=\"wp-block-toolset-blocks-grid-column tb-grid-column tb-grid-align-top\" data-toolset-blocks-grid-column=\"3034fbe886c11054e95b46b09d3e4112\">\n<figure class=\"wp-block-image tb-image tb-image-dynamic tb-image-frame-none\" data-toolset-blocks-image=\"6bc38bdf7261b0fe5061d90f65c9fc69\"><a href=\"https:\/\/wpml.org\/wp-content\/uploads\/2025\/07\/spanish-post-with-translated-media.png\"><img decoding=\"async\" width=\"1024\" height=\"810\" loading=\"lazy\" src=\"https:\/\/wpml.org\/wp-content\/uploads\/2025\/07\/spanish-post-with-translated-media-1024x810.png\" alt=\"\" class=\"wp-image-17232036\" srcset=\"https:\/\/wpml.org\/wp-content\/uploads\/2025\/07\/spanish-post-with-translated-media-1024x810.png 1024w, https:\/\/wpml.org\/wp-content\/uploads\/2025\/07\/spanish-post-with-translated-media-300x237.png 300w, https:\/\/wpml.org\/wp-content\/uploads\/2025\/07\/spanish-post-with-translated-media-150x119.png 150w, https:\/\/wpml.org\/wp-content\/uploads\/2025\/07\/spanish-post-with-translated-media-768x608.png 768w, https:\/\/wpml.org\/wp-content\/uploads\/2025\/07\/spanish-post-with-translated-media-1536x1215.png 1536w, https:\/\/wpml.org\/wp-content\/uploads\/2025\/07\/spanish-post-with-translated-media-2048x1620.png 2048w\" sizes=\"auto, (max-width: 1024px) 100vw, 1024px\" \/><\/a><figcaption><div class=\"tb-image-caption\">Rezept auf Spanisch<\/div><\/figcaption><\/figure>\n<\/div>\n<\/div>\n\n<div style=\"height:10px\" aria-hidden=\"true\" class=\"wp-block-spacer\"><\/div>\n\n<h2 class=\"wp-block-heading\">H\u00e4ufig gestellte Fragen<\/h2>\n\n<div id=\"faq\" class=\"wp-block-toolset-blocks-container tb-container\" data-toolset-blocks-container=\"3c47785d6e1708c649124e2fe04a1b68\">\n<div class=\"wp-block-toolset-blocks-container tb-container\" data-toolset-blocks-container=\"40d6b7d75c97be28d62acd5aaafad645\">\n<details class=\"wp-block-details has-dark-gray-color has-text-color is-layout-flow wp-block-details-is-layout-flow\" open><summary><strong>Dupliziert WPML Bilder?<\/strong><\/summary>\n<div class=\"wp-block-toolset-blocks-container tb-container\" data-toolset-blocks-container=\"b55b9e366429f8319ddee947984288b0\">\n<p class=\"tb-heading\" data-toolset-blocks-heading=\"9a15efaa54afc32df94f0ea0e933ff27\" data-last-update=\"1.4\">WPML dupliziert <strong>keine<\/strong> Bilddateien. Manchmal dupliziert es die Medientexte (wie Alt-Text, Beschriftungen und Titel) nach der \u00dcbersetzung. <br\/><br\/>Ob WPML Medientexte duplizieren muss, h\u00e4ngt davon ab, wie die Medien in Ihren Inhalten verwendet werden:<br\/><br\/>&#8211; Wenn Ihr Page Builder die Texte des Bildes aus der Media Library zieht (wie in Elementor, Divi Gallery oder Beaver Builder), dupliziert WPML die Medientexte w\u00e4hrend der \u00dcbersetzung.<br\/>&#8211; Wenn die Texte innerhalb der Seite gespeichert sind (wie in Gutenberg-Bl\u00f6cken, Divis Image-Modul oder WooCommerce-Produktbildern), dupliziert WPML sie nicht und \u00fcbersetzt die Medientexte einfach direkt.<br\/><br\/>Wenn die Option <strong>Automatische Erkennung der besten Optionen f\u00fcr die \u00dcbersetzung von Bildtexten<\/strong> aktiviert ist, entscheidet WPML, ob eine Duplizierung von Medientexten erforderlich ist. Sie m\u00fcssen sich keine Sorgen darum machen. <br\/><\/p>\n<\/div>\n<\/details>\n<\/div>\n\n\n\n<div class=\"wp-block-toolset-blocks-container tb-container\" data-toolset-blocks-container=\"40d6b7d75c97be28d62acd5aaafad645\">\n<details class=\"wp-block-details has-dark-gray-color has-text-color is-layout-flow wp-block-details-is-layout-flow\"><summary><strong>Kann ich die Einstellung \u201eAutomatische Erkennung der besten Optionen f\u00fcr die \u00dcbersetzung von Bildtexten\u201c deaktivieren und die Einstellungen f\u00fcr die Medien\u00fcbersetzung manuell steuern?<\/strong><\/summary>\n<div class=\"wp-block-toolset-blocks-container tb-container\" data-toolset-blocks-container=\"b55b9e366429f8319ddee947984288b0\">\n<p class=\"tb-heading\" data-toolset-blocks-heading=\"9a15efaa54afc32df94f0ea0e933ff27\" data-last-update=\"1.4\">Ja, das k\u00f6nnen Sie \u2013 aber es wird <strong>nicht<\/strong> empfohlen.<br\/><br\/>Wenn diese intelligente Option aktiviert ist, pr\u00fcft WPML, wie jedes Bild verwendet wird, dupliziert Medientexte nur bei Bedarf und nur w\u00e4hrend der \u00dcbersetzung und sendet die korrekten Texte zur \u00dcbersetzung.<br\/><br\/>Wenn Sie dies deaktivieren, m\u00fcssen Sie alle Einstellungen manuell unter <strong>WPML \u2192 Einstellungen \u2192 Media Translation<\/strong> verwalten. Das manuelle \u00c4ndern von Einstellungen kann zu Folgendem f\u00fchren:<br\/>&#8211; Unn\u00f6tige Duplizierung von Bildtexten, die Speicherplatz in der Datenbank beansprucht<br\/>&#8211; Doppelte Felder im \u00dcbersetzungseditor<br\/>&#8211; Fehlende \u00dcbersetzungen im Frontend <br\/><br\/>Deshalb empfehlen wir die Verwendung der automatischen Erkennungsoption. WPML findet es f\u00fcr Sie heraus und vermeidet diese Probleme vollst\u00e4ndig. <br\/><span id=\"docs-internal-guid-4d7fa5c0-7fff-f44b-7b8f-4dc1f5dcd09e\"><\/span><\/p>\n\n\n\n<p class=\"tb-heading has-text-color\" data-toolset-blocks-heading=\"98289a89e96ca858c0fcdf8fa716a3f5\" data-last-update=\"1.4\"><\/p>\n<\/div>\n<\/details>\n<\/div>\n\n\n\n<div class=\"wp-block-toolset-blocks-container tb-container\" data-toolset-blocks-container=\"40d6b7d75c97be28d62acd5aaafad645\">\n<details class=\"wp-block-details has-dark-gray-color has-text-color is-layout-flow wp-block-details-is-layout-flow\"><summary><strong>Kann ich unterschiedliche Medien in jeder Sprache mit ACF anzeigen?<\/strong><\/summary>\n<div class=\"wp-block-toolset-blocks-container tb-container\" data-toolset-blocks-container=\"b55b9e366429f8319ddee947984288b0\">\n<p class=\"tb-heading\" data-toolset-blocks-heading=\"9a15efaa54afc32df94f0ea0e933ff27\" data-last-update=\"1.4\">Ja, Sie k\u00f6nnen unterschiedliche Medien in jeder Sprache mit ACF anzeigen. Sehen Sie sich unser <a href=\"https:\/\/wpml.org\/documentation\/related-projects\/translate-sites-built-with-acf\/how-to-use-different-files-and-images-across-languages-with-acf-and-wpml\/\">ACF-Tutorial<\/a> an, um zu erfahren, wie dies funktioniert. <\/p>\n<\/div>\n<\/details>\n<\/div>\n<\/div>\n","protected":false},"excerpt":{"rendered":"<p>Mit WPML k\u00f6nnen Sie die Metadaten f\u00fcr Bilder, Videos und PDFs \u00fcbersetzen. Sie k\u00f6nnen auch in jeder Sprache unterschiedliche Medien anzeigen. Wie man Media-Meta-Informationen \u00fcbersetzt Das WPML-CMS-Kern-Plugin kann Medientexte wie die folgenden \u00fcbersetzen: Dies gilt f\u00fcr alle Medientypen, einschlie\u00dflich Bilder, Videos und PDFs in Ihren Inhalten. So \u00fcbersetzen Sie diese Metadaten f\u00fcr Mediendateien: WPML \u00fcbersetzt [&hellip;]<\/p>\n","protected":false},"author":2,"featured_media":0,"parent":1262,"menu_order":55,"comment_status":"closed","ping_status":"closed","template":"template-sidebar-2.php","meta":{"_bbp_topic_count":0,"_bbp_reply_count":0,"_bbp_total_topic_count":0,"_bbp_total_reply_count":0,"_bbp_voice_count":0,"_bbp_anonymous_reply_count":0,"_bbp_topic_count_hidden":0,"_bbp_reply_count_hidden":0,"_bbp_forum_subforum_count":0,"ep_exclude_from_search":false,"footnotes":""},"related-projects-category":[],"class_list":["post-1478940","page","type-page","status-publish","hentry"],"_links":{"self":[{"href":"https:\/\/wpml.org\/de\/wp-json\/wp\/v2\/pages\/1478940","targetHints":{"allow":["GET"]}}],"collection":[{"href":"https:\/\/wpml.org\/de\/wp-json\/wp\/v2\/pages"}],"about":[{"href":"https:\/\/wpml.org\/de\/wp-json\/wp\/v2\/types\/page"}],"author":[{"embeddable":true,"href":"https:\/\/wpml.org\/de\/wp-json\/wp\/v2\/users\/2"}],"replies":[{"embeddable":true,"href":"https:\/\/wpml.org\/de\/wp-json\/wp\/v2\/comments?post=1478940"}],"version-history":[{"count":8,"href":"https:\/\/wpml.org\/de\/wp-json\/wp\/v2\/pages\/1478940\/revisions"}],"predecessor-version":[{"id":17350088,"href":"https:\/\/wpml.org\/de\/wp-json\/wp\/v2\/pages\/1478940\/revisions\/17350088"}],"up":[{"embeddable":true,"href":"https:\/\/wpml.org\/de\/wp-json\/wp\/v2\/pages\/1262"}],"wp:attachment":[{"href":"https:\/\/wpml.org\/de\/wp-json\/wp\/v2\/media?parent=1478940"}],"wp:term":[{"taxonomy":"related-projects-category","embeddable":true,"href":"https:\/\/wpml.org\/de\/wp-json\/wp\/v2\/related-projects-category?post=1478940"}],"curies":[{"name":"wp","href":"https:\/\/api.w.org\/{rel}","templated":true}]}}