{"id":15083189,"date":"2021-08-05T15:02:06","date_gmt":"2021-08-05T15:02:06","guid":{"rendered":"https:\/\/wpml.org\/startseite\/bedingungen-und-konditionen\/"},"modified":"2026-03-11T14:55:42","modified_gmt":"2026-03-11T14:55:42","slug":"bedingungen-und-konditionen","status":"publish","type":"page","link":"https:\/\/wpml.org\/de\/startseite\/bedingungen-und-konditionen\/","title":{"rendered":"Allgemeine Gesch\u00e4ftsbedingungen"},"content":{"rendered":"\n<p class=\"lead\">WPML-Plugins, diese Website und alle damit verbundenen Dienste werden von der Firma <a href=\"https:\/\/onthegosystems.com\/\" target=\"_blank\" rel=\"noreferrer noopener\">OnTheGoSystems<\/a> bereitgestellt. Durch die Nutzung erkl\u00e4ren Sie sich mit den unten aufgef\u00fchrten Allgemeinen Gesch\u00e4ftsbedingungen einverstanden. <\/p>\n\n<p><strong>Auf dieser Seite:<\/strong><\/p>\n\n<ul class=\"wp-block-list\">\n<li><a href=\"#license-and-trademark\">Lizenz und Markenrecht<\/a><\/li>\n\n\n\n<li><a href=\"#using-your-wpml-account\">Nutzung Ihres WPML-Kontos<\/a>\n<ul class=\"wp-block-list\">\n<li><a href=\"#renewal-options\">Verl\u00e4ngerungsoptionen<\/a><\/li>\n\n\n\n<li><a href=\"#what-happens-if-you-don-t-renew\">Was passiert, wenn Sie nicht verl\u00e4ngern<\/a><\/li>\n\n\n\n<li><a href=\"#registering-sites-with-wpml\">Websites mit WPML registrieren<\/a><\/li>\n\n\n\n<li><a href=\"#receiving-support\">Support erhalten<\/a><\/li>\n<\/ul>\n<\/li>\n\n\n\n<li><a href=\"#developing-wpml-powered-websites-for-clients\">WPML-basierte Websites f\u00fcr Kunden entwickeln<\/a>\n<ul class=\"wp-block-list\">\n<li><a href=\"#transferring-accounts-to-clients\">Konten an Kunden \u00fcbertragen<\/a><\/li>\n\n\n\n<li><a href=\"#adding-other-people-to-your-account\">Weitere Personen zu Ihrem Konto hinzuf\u00fcgen<\/a><\/li>\n<\/ul>\n<\/li>\n\n\n\n<li><a href=\"#fair-usage-policy\">Fair-Use-Richtlinie<\/a><\/li>\n\n\n\n<li><a href=\"#using-wpmls-automatic-translation\">WPMLs automatische \u00dcbersetzung nutzen<\/a>\n<ul class=\"wp-block-list\">\n<li><a href=\"#pay-as-you-go-for-automatic-translation\">Zahlung nach Bedarf f\u00fcr automatische \u00dcbersetzung<\/a><\/li>\n\n\n\n<li><a href=\"#prepaid-packages-for-automatic-translation\">Prepaid-Pakete f\u00fcr automatische \u00dcbersetzung<\/a><\/li>\n\n\n\n<li><a href=\"#refunds-related-to-automatic-translation\">R\u00fcckerstattungen im Zusammenhang mit automatischer \u00dcbersetzung<\/a><\/li>\n\n\n\n<li><a href=\"#content-restrictions-when-using-ptc\">Inhaltsbeschr\u00e4nkungen bei der Nutzung von PTC<\/a><\/li>\n<\/ul>\n<\/li>\n\n\n\n<li><a href=\"#privacy-information-and-gdpr\">Datenschutzinformationen und DSGVO<\/a><\/li>\n<\/ul>\n\n<h2 class=\"wp-block-heading\" id=\"license-and-trademark\">Lizenz und Markenrecht<\/h2>\n\n<p>Der WPML-Code ist unter der GPL lizenziert. Der Name WPML, das Logo und der Firmenname OnTheGoSystems sind Marken und fallen nicht unter die GPL-Lizenz. <\/p>\n\n<p>Details finden Sie auf unserer Seite <a href=\"https:\/\/wpml.org\/de\/startseite\/einhaltung-der-wpml-gpl-lizenz\/\">WPML GPL License Compliance<\/a>.<\/p>\n\n<p><strong>Sie d\u00fcrfen nicht:<\/strong><\/p>\n\n<ul class=\"wp-block-list\">\n<li>Den Namen WPML, das Logo oder das Branding von OnTheGoSystems ohne Genehmigung verwenden<\/li>\n\n\n\n<li>Eine offizielle Zugeh\u00f6rigkeit zu WPML oder OnTheGoSystems suggerieren<\/li>\n<\/ul>\n\n<p>Das B\u00fcndeln von WPML in Produktangeboten erfordert eine Partnerschaftsvereinbarung. <a href=\"https:\/\/wpml.org\/de\/startseite\/kontaktieren-sie-uns\/kontaktformular\/\">Kontaktieren Sie uns<\/a>, um Optionen zu besprechen.<\/p>\n\n<h2 class=\"wp-block-heading\" id=\"using-your-wpml-account\">Nutzung Ihres WPML-Kontos<\/h2>\n\n<p>Wenn Sie WPML erwerben, erhalten Sie Zugang zu einem WPML-Konto. Es gibt drei Arten von WPML-Konten: Multilingual Blog, Multilingual CMS und Multilingual Agency. <\/p>\n\n<p>Jeder Kontotyp bietet Zugriff auf einen bestimmten Funktionsumfang. Vor allem definiert Ihr Kontotyp: <\/p>\n\n<ul class=\"wp-block-list\">\n<li>Auf welche WPML-Plugins Sie Zugriff haben<\/li>\n\n\n\n<li>Wie viele Websites Sie mit WPML registrieren k\u00f6nnen<\/li>\n<\/ul>\n\n<p>Au\u00dferdem erhalten Sie mit allen Kontotypen:<\/p>\n\n<ul class=\"wp-block-list\">\n<li>Zugriff auf unseren Support f\u00fcr 1 Jahr<\/li>\n\n\n\n<li>Kostenlose Updates f\u00fcr 1 Jahr<\/li>\n<\/ul>\n\n<h3 class=\"wp-block-heading\" id=\"renewal-options\">Verl\u00e4ngerungsoptionen<\/h3>\n\n<p>Ihr WPML-Konto ist standardm\u00e4\u00dfig auf automatische Verl\u00e4ngerung eingestellt. Ihr Abonnement verl\u00e4ngert sich jedes Jahr automatisch, sofern Sie nicht auf manuelle Verl\u00e4ngerung umstellen.   <\/p>\n\n<p>Bei manueller Verl\u00e4ngerung senden wir Ihnen 30 Tage und 3 Tage vor Ablauf Ihres Kontos Erinnerungs-E-Mails. Damit Ihr Konto nicht abl\u00e4uft, m\u00fcssen Sie die Verl\u00e4ngerungszahlung manuell abschlie\u00dfen. <\/p>\n\n<h3 class=\"wp-block-heading\" id=\"what-happens-if-you-don-t-renew\">Was passiert, wenn Sie nicht verl\u00e4ngern<\/h3>\n\n<p>Ihr Abonnement kann ablaufen, wenn Sie eine manuelle Verl\u00e4ngerung nicht rechtzeitig bezahlen oder wenn die automatische Verl\u00e4ngerung nicht abgeschlossen wird. In diesem Fall k\u00f6nnen Sie sich weiterhin in Ihr Konto einloggen, jedoch werden Sie: <\/p>\n\n<ul class=\"wp-block-list\">\n<li>Keine Plugin-Updates mehr erhalten<\/li>\n\n\n\n<li>Keinen Zugriff mehr auf den Support haben<\/li>\n\n\n\n<li>WPML nicht auf einer neuen Website registrieren k\u00f6nnen, selbst wenn Sie noch freie Slots haben<\/li>\n\n\n\n<li>WPML nicht erneut auf einer Website registrieren k\u00f6nnen, die es bereits genutzt hat, wenn sich die URL der Website \u00e4ndert (z. B. nach einer Migration oder Domain-Aktualisierung)<\/li>\n<\/ul>\n\n<p>Sie k\u00f6nnen WPML weiterhin auf bestehenden registrierten Websites verwenden, beachten Sie jedoch, dass WordPress und andere Plugins regelm\u00e4\u00dfig aktualisiert werden. Eine veraltete WPML-Version kann im Laufe der Zeit zu Kompatibilit\u00e4tsproblemen f\u00fchren. <\/p>\n\n<h3 class=\"wp-block-heading\" id=\"registering-sites-with-wpml\">Websites mit WPML registrieren<\/h3>\n\n<p>Sie m\u00fcssen <a href=\"https:\/\/wpml.org\/de\/faq\/so-installieren-sie-wpml\/#register\">WPML auf Ihrer WordPress-Website mit einem Site-Key registrieren<\/a>, wenn:<\/p>\n\n<ul class=\"wp-block-list\">\n<li>Sie WPML auf einer neuen Website installieren und aktivieren<\/li>\n\n\n\n<li>Sich die URL einer bereits mit WPML registrierten Website \u00e4ndert, z. B. nach einer Migration oder Domain-Aktualisierung  <\/li>\n<\/ul>\n\n<p>In beiden F\u00e4llen ben\u00f6tigen Sie ein aktives WPML-Abonnement.  <\/p>\n\n<p>Wie viele Websites Sie registrieren k\u00f6nnen, h\u00e4ngt von Ihrem WPML-Kontotyp ab:<\/p>\n\n<ul class=\"wp-block-list\">\n<li><strong>Multilingual Blog<\/strong> \u2013 1 Produktionsseite + 3 Entwicklungsseiten<\/li>\n\n\n\n<li><strong>Multilingual CMS<\/strong> \u2013 3 Produktionsseiten + 9 Entwicklungsseiten<\/li>\n\n\n\n<li><strong>Multilingual Agency<\/strong> \u2013 unbegrenzte Anzahl an Produktions- und Entwicklungsseiten<\/li>\n\n\n\n<li><strong>Lifetime (eingestellt)<\/strong> \u2013 unbegrenzte Anzahl an Websites, kein j\u00e4hrliches Abonnement erforderlich<\/li>\n<\/ul>\n\n<h3 class=\"wp-block-heading\" id=\"receiving-support\">Support erhalten<\/h3>\n\n<p>Nur Kunden mit g\u00fcltigen und aktiven Konten haben Zugriff auf unseren Support. Wir bieten Support per Chat und Forum an. <\/p>\n\n<p>Detaillierte Informationen dar\u00fcber, was in unserem Support enthalten ist, finden Sie in unserer <a href=\"https:\/\/wpml.org\/de\/purchase\/support-richtlinie\/\">Support-Richtlinie<\/a>.<\/p>\n\n<h2 class=\"wp-block-heading\" id=\"developing-wpml-powered-websites-for-clients\">WPML-basierte Websites f\u00fcr Kunden entwickeln<\/h2>\n\n<p>Sie k\u00f6nnen WPML frei auf Websites registrieren, die Sie f\u00fcr Ihre Kunden entwickeln.  <\/p>\n\n<p>In diesem Fall haben weiterhin nur Sie Zugriff auf die Funktionen in Ihrem Konto. Das hei\u00dft: Nur Sie k\u00f6nnen WPML-Plugins herunterladen, Websites registrieren und Support erhalten. <\/p>\n\n<p>Wenn Ihre Kunden Support ben\u00f6tigen, m\u00fcssen Sie diesen f\u00fcr sie bereitstellen.<\/p>\n\n<h3 class=\"wp-block-heading\" id=\"transferring-accounts-to-clients\">Konten an Kunden \u00fcbertragen<\/h3>\n\n<p>Seit dem 13. Januar 2026 ist es nicht mehr m\u00f6glich, Verl\u00e4ngerungen zu \u00fcbertragen. Alle \u00dcbertragungen, die Sie vor diesem Datum durchgef\u00fchrt haben, funktionieren weiterhin, solange Ihre Kunden verl\u00e4ngern. <\/p>\n\n<p>Um die Inhaberschaft zu \u00fcbertragen, muss Ihr Kunde <a href=\"https:\/\/wpml.org\/de\/purchase\/\">sein eigenes WPML-Abonnement kaufen<\/a> und anschlie\u00dfend <a href=\"https:\/\/wpml.org\/purchase\/paying-wpml-renewal-for-my-site\/\">die Website unter seinem Konto registrieren<\/a>.<\/p>\n\n<h3 class=\"wp-block-heading\" id=\"adding-other-people-to-your-account\">Weitere Personen zu Ihrem Konto hinzuf\u00fcgen<\/h3>\n\n<p>Wenn Sie als Agentur Websites f\u00fcr Kunden erstellen, haben Sie m\u00f6glicherweise verschiedene Personen in Ihrem Team, die Zugriff auf unterschiedliche Funktionen Ihres WPML-Kontos ben\u00f6tigen. Zum Beispiel m\u00fcssen unterschiedliche Personen Plugins herunterladen, Websites registrieren, Support-Tickets er\u00f6ffnen und das Abonnement bezahlen. <\/p>\n\n<p>In diesem Fall k\u00f6nnen Sie ganz einfach <a href=\"https:\/\/wpml.org\/announcements\/2020\/09\/add-other-people-to-your-wpml-cms-or-agency-account\/\">weitere Personen zu Ihrem Konto hinzuf\u00fcgen<\/a>.<\/p>\n\n<h2 class=\"wp-block-heading\" id=\"fair-usage-policy\">Fair-Use-Richtlinie<\/h2>\n\n<p>W\u00e4hrend das Multilingual Agency-Konto und die eingestellten Lifetime-Konten es Ihnen erm\u00f6glichen, WPML auf einer unbegrenzten Anzahl von Websites zu registrieren, sind Sie verpflichtet, diese gem\u00e4\u00df unserer Richtlinie zur angemessenen Nutzung (Fair Usage Policy) zu verwenden.<\/p>\n\n<p>Das hei\u00dft: Sie k\u00f6nnen sie auf Websites verwenden, die Sie f\u00fcr sich selbst und\/oder Ihre Kunden entwickeln. Es ist Ihnen nicht erlaubt, WPML auf Websites Dritter au\u00dferhalb dieses Rahmens zu registrieren. <\/p>\n\n<p>Wir behalten uns das Recht vor, jedes Konto zu k\u00fcndigen, das gegen diese Richtlinie verst\u00f6\u00dft.<\/p>\n\n<h2 class=\"wp-block-heading\" id=\"using-wpmls-automatic-translation\">WPMLs KI-\u00dcbersetzung nutzen<\/h2>\n\n<p>Mit WPML k\u00f6nnen Sie <a href=\"https:\/\/wpml.org\/de\/documentation-3\/automatische-uebersetzung-fuer-wordpress-inhalte-mit-wpml\/\">Ihre Website per KI-\u00dcbersetzung \u00fcbersetzen<\/a> \u2013 \u00fcber die PTC-Engine (Private Translation Cloud) oder \u00fcber drei weitere maschinelle \u00dcbersetzungs-Engines: DeepL, Google und Microsoft.<\/p>\n\n<p>Um die automatische \u00dcbersetzung von WPML zu nutzen, ben\u00f6tigen Sie Credits. Wenn Sie WPML kaufen, erhalten Sie ein gro\u00dfz\u00fcgiges Paket an Credits f\u00fcr den Einstieg. Wenn Sie mehr ben\u00f6tigen, k\u00f6nnen Sie ein Konto mit Zahlung nach Bedarf aktivieren oder ein Paket mit Prepaid-Credits kaufen. <\/p>\n\n<h3 class=\"wp-block-heading\" id=\"pay-as-you-go-for-automatic-translation\">Zahlung nach Bedarf f\u00fcr automatische \u00dcbersetzung<\/h3>\n\n<p>Der g\u00fcnstigste und bequemste Weg, f\u00fcr die automatische \u00dcbersetzung zu bezahlen, besteht darin, sich innerhalb der Benutzeroberfl\u00e4che des Plugins anzumelden und die Zahlung nach Bedarf zu nutzen. Es gibt keine monatliche Abonnementgeb\u00fchr und Sie k\u00f6nnen jederzeit k\u00fcndigen. <\/p>\n\n<p>So funktioniert es kurz gesagt:<\/p>\n\n<ul class=\"wp-block-list\">\n<li>Jedes \u00fcbersetzte Wort kostet je nach verwendeter \u00dcbersetzungs-Engine (PTC, Google, Microsoft oder DeepL) eine bestimmte Anzahl an \u00dcbersetzungs-Credits.<\/li>\n\n\n\n<li>Die ersten 2.000 \u00dcbersetzungs-Credits, die Sie pro Monat verwenden, sind kostenlos. Wenn Sie mehr als das verbrauchen, berechnen wir Ihnen \u2013 gem\u00e4\u00df der <a href=\"https:\/\/wpml.org\/de\/documentation-3\/automatische-uebersetzung-fuer-wordpress-inhalte-mit-wpml\/preise-fuer-automatische-uebersetzung\/\">aktuellen Preistabelle<\/a> \u2013 die Anzahl der Credits, die Sie dar\u00fcber hinaus genutzt haben. Nicht genutzte kostenlose Credits k\u00f6nnen nicht in den n\u00e4chsten Monat \u00fcbertragen werden.  <\/li>\n\n\n\n<li>Die Preise werden progressiv berechnet: Je mehr Sie in einem Monat \u00fcbersetzen, desto g\u00fcnstiger wird es pro Credit.<\/li>\n\n\n\n<li>Wenn Sie in einem Monat keine Credits verbraucht haben, berechnen wir Ihnen einfach nichts.<\/li>\n\n\n\n<li>F\u00fcr jede Rechnung zur automatischen \u00dcbersetzung werden Ihnen alle Credits berechnet, die Sie im vorherigen Kalendermonat verwendet haben. Der Abrechnungszeitraum beginnt am ersten Tag des Monats um 00:00 Uhr UTC und endet am ersten Tag des n\u00e4chsten Monats um 00:00 Uhr UTC. Rechnungen werden ausgestellt und Ihre Kreditkarte wird jeweils am 3. des Monats belastet.  <\/li>\n\n\n\n<li>WPML speichert Ihre Kreditkarteninformationen nicht. Zahlungen werden \u00fcber Stripe abgewickelt. <\/li>\n<\/ul>\n\n<p>Wir behalten uns das Recht vor, die \u00dcbersetzungspreise und die Art der Berechnung k\u00fcnftig zu \u00e4ndern. Selbstverst\u00e4ndlich werden wir Sie in diesem Fall immer im Voraus informieren.  Detaillierte Informationen inklusive Preisrechner finden Sie auf unserer Seite zu <a href=\"https:\/\/wpml.org\/de\/documentation-3\/automatische-uebersetzung-fuer-wordpress-inhalte-mit-wpml\/preise-fuer-automatische-uebersetzung\/\">Preisen f\u00fcr automatische \u00dcbersetzung<\/a>.<\/p>\n\n<p>Geb\u00fchren f\u00fcr Sicherheitslimits:<\/p>\n\n<ul class=\"wp-block-list\">\n<li>Es gibt zwei Sicherheitslimits, die uns vor Betrug sch\u00fctzen. <\/li>\n\n\n\n<li>Wenn Sie in einem Monat mehr als 100 \u20ac erreichen, berechnen wir Ihnen automatisch diese ersten 100 \u20ac (+ MwSt.). Bitte beachten Sie, dass Sie sehr viele W\u00f6rter \u00fcbersetzen m\u00fcssten, um diese Grenze zu erreichen. Wir ziehen dann diese \u20ac100 Euro am Ende des Monats von Ihrer Rechnung ab.<\/li>\n\n\n\n<li>Das Gleiche gilt, wenn Sie in einem Monat 4000 \u20ac \u00fcberschreiten. Wenn Sie dieses Limit in einem Monat \u00fcberschreiten, berechnen wir es Ihnen automatisch. Bitte beachten Sie, dass Sie eine gro\u00dfe Anzahl von W\u00f6rtern \u00fcbersetzen m\u00fcssten, um diese Grenze zu erreichen. Auch hier werden wir diese 4000 \u20ac am Ende des Monats von Ihrer Rechnung abziehen.<\/li>\n<\/ul>\n\n<p>Sicherheitslimits sind an Ihr Abonnement mit Zahlung nach Bedarf gebunden, sodass sie jedes Mal zur\u00fcckgesetzt werden, wenn Sie es k\u00fcndigen und erneut aktivieren. Dies kann auch passieren, wenn Sie Ihre Website migrieren, zum Beispiel, wenn Sie eine Kopie Ihrer Website erstellen und ein neues Abonnement abschlie\u00dfen. <\/p>\n\n<h3 class=\"wp-block-heading\" id=\"prepaid-packages-for-automatic-translation\">Prepaid-Pakete f\u00fcr automatische \u00dcbersetzung<\/h3>\n\n<p>In manchen F\u00e4llen m\u00f6chten Sie vielleicht lieber Pakete mit Credits f\u00fcr automatische \u00dcbersetzung kaufen. Wir bieten folgende Pakete an:   <\/p>\n\n<ul class=\"wp-block-list\">\n<li>40.000 Credits f\u00fcr 50 \u20ac<\/li>\n\n\n\n<li>90.000 Credits f\u00fcr 90 \u20ac<\/li>\n\n\n\n<li>200.000 Credits f\u00fcr 180 \u20ac<\/li>\n\n\n\n<li>500.000 Credits f\u00fcr 420 \u20ac<\/li>\n\n\n\n<li>1.000.000 Credits f\u00fcr 800 \u20ac<\/li>\n<\/ul>\n\n<p>Sie k\u00f6nnen Credits zu jeder Website hinzuf\u00fcgen, die keine Zahlung nach Bedarf nutzt. Diese Credits verfallen nicht. <\/p>\n\n<h3 class=\"wp-block-heading\" id=\"refunds-related-to-automatic-translation\">R\u00fcckerstattungen im Zusammenhang mit automatischer \u00dcbersetzung<\/h3>\n\n<p><strong>PTC-\u00dcbersetzungs-Engine<\/strong><\/p>\n\n<p>Nur WPMLs PTC-\u00dcbersetzungs-Engine bietet eine <a href=\"https:\/\/wpml.org\/de\/documentation-3\/automatische-uebersetzung-fuer-wordpress-inhalte-mit-wpml\/automatische-uebersetzung-mit-qualitaetsgarantie\/\">\u00dcbersetzungsqualit\u00e4tsgarantie<\/a>, die R\u00fcckerstattungen f\u00fcr \u00dcbersetzungs-Credits erm\u00f6glicht. Wenn Sie mit den automatischen PTC-\u00dcbersetzungen nicht zufrieden sind, arbeiten wir daran, das zu beheben. Wenn Sie weiterhin nicht zufrieden sind, erstatten wir Ihnen Ihre \u00dcbersetzungs-Credits vollst\u00e4ndig zur\u00fcck.  <\/p>\n\n<p><strong>DeepL-, Google- und Microsoft-\u00dcbersetzungs-Engines<\/strong><\/p>\n\n<p>F\u00fcr andere in WPML verf\u00fcgbare \u00dcbersetzungs-Engines \u2013 DeepL, Google und Microsoft \u2013 bieten wir keine R\u00fcckerstattungen oder Garantien. Wenn Sie diese Engines verwenden, haben wir diese \u00dcbersetzung bereits bezahlt, sobald die automatische \u00dcbersetzung abgeschlossen ist (was sehr schnell geht). <\/p>\n\n<p>Deshalb k\u00f6nnen wir in der Regel keine R\u00fcckerstattungen f\u00fcr \u00dcbersetzungs-Credits anbieten, die Sie bereits mit diesen Drittanbieter-Engines verwendet haben. In seltenen F\u00e4llen k\u00f6nnen wir Ihnen eine teilweise oder vollst\u00e4ndige R\u00fcckerstattung gew\u00e4hren. Das kann z. B. bei m\u00f6glichen technischen Problemen auf unserer Seite passieren, die mit der Berechnung von Credits f\u00fcr automatische \u00dcbersetzung zusammenh\u00e4ngen.  <\/p>\n\n<p>Bitte beachten Sie, dass der Betrag, den wir Ihnen in solchen F\u00e4llen erstatten, etwas niedriger sein kann als der Betrag, den Sie bezahlt haben. Dieser Unterschied entsteht dadurch, dass wir als Unternehmen ausschlie\u00dflich in Euro (EUR) abrechnen und es daher zu W\u00e4hrungsumrechnungen kommt. Diese Unterschiede sind sehr gering und wir sind daf\u00fcr nicht verantwortlich, daher k\u00f6nnen und werden wir daf\u00fcr keine zus\u00e4tzlichen R\u00fcckerstattungen ausstellen.  <\/p>\n\n<h3 class=\"wp-block-heading\" id=\"content-restrictions-when-using-ptc\">Inhaltsbeschr\u00e4nkungen bei der Nutzung von PTC<\/h3>\n\n<p>PTC ist WPMLs KI-\u00dcbersetzungs-Engine und nutzt leistungsstarke Sprachmodelle, um Ihre Inhalte zu \u00fcbersetzen. Diese Modelle folgen strengen Regeln, um sicherzustellen, dass sie verantwortungsvoll eingesetzt werden. <\/p>\n\n<p>Deshalb \u00fcbersetzt PTC keine Inhalte, die z. B. Folgendes enthalten:<\/p>\n\n<ul class=\"wp-block-list\">\n<li>Illegale Aktivit\u00e4ten, z. B. wie man sch\u00e4dliche Substanzen herstellt, illegale Waffen kauft oder Gewalt f\u00f6rdert<\/li>\n\n\n\n<li>Sexuell explizites oder ausbeuterisches Material<\/li>\n\n\n\n<li>Hassrede, Mobbing oder Diskriminierung<\/li>\n\n\n\n<li>Falschinformationen oder das Vort\u00e4uschen einer anderen Identit\u00e4t<\/li>\n<\/ul>\n\n<p>Wenn PTC solche Inhalte erkennt, stoppt es und verweigert die \u00dcbersetzung. In diesen F\u00e4llen stellen wir die \u00dcbersetzungs-Engine Ihrer Website automatisch auf DeepL um, damit Sie weiterhin \u00dcbersetzungen erhalten \u2013 nur eben nicht \u00fcber PTC. <\/p>\n\n<p>Durch die Nutzung von PTC erkl\u00e4ren Sie sich damit einverstanden, diese Richtlinien einzuhalten. Wenn Ihre Inhalte dagegen versto\u00dfen, k\u00f6nnen wir einschr\u00e4nken oder \u00e4ndern, wie PTC auf Ihrer Website funktioniert. <\/p>\n\n<h2 class=\"wp-block-heading\" id=\"privacy-information-and-gdpr\">Datenschutzinformationen und DSGVO<\/h2>\n\n<p>Wenn Sie nach Datenschutzinformationen suchen, lesen Sie unsere <a href=\"https:\/\/wpml.org\/de\/documentation-3\/datenschutzrichtlinie-und-gdpr-konformitaet\/\">Datenschutzerkl\u00e4rung und DSGVO-Konformit\u00e4t<\/a>.<\/p>\n","protected":false},"excerpt":{"rendered":"<p>WPML-Plugins, diese Website und alle damit verbundenen Dienste werden von der Firma OnTheGoSystems bereitgestellt. Durch die Nutzung erkl\u00e4ren Sie sich mit den unten aufgef\u00fchrten Allgemeinen Gesch\u00e4ftsbedingungen einverstanden. Auf dieser Seite: Lizenz und Markenrecht Der WPML-Code ist unter der GPL lizenziert. Der Name WPML, das Logo und der Firmenname OnTheGoSystems sind Marken und fallen nicht unter [&hellip;]<\/p>\n","protected":false},"author":76577,"featured_media":0,"parent":1253,"menu_order":0,"comment_status":"closed","ping_status":"closed","template":"template-nosidebar-centered.php","meta":{"_bbp_topic_count":0,"_bbp_reply_count":0,"_bbp_total_topic_count":0,"_bbp_total_reply_count":0,"_bbp_voice_count":0,"_bbp_anonymous_reply_count":0,"_bbp_topic_count_hidden":0,"_bbp_reply_count_hidden":0,"_bbp_forum_subforum_count":0,"_uag_custom_page_level_css":"","ep_exclude_from_search":false,"footnotes":""},"related-projects-category":[],"class_list":["post-15083189","page","type-page","status-publish","hentry"],"spectra_custom_meta":{"ratings_users":["0"],"ratings_score":["0"],"ratings_average":["0"],"_subscription_coupon_product_id":["0"],"_wpv_contains_gutenberg_views":[""],"_alp_processed":["1773240943"],"wpcf-unformatted-code":[""],"_wpml_media_duplicate":["1"],"_wpml_media_featured":["1"],"toolset_post_editor_mode":["block"],"wpcf-price-increase-show-from":[""],"wpcf-price-increase-show-till":[""],"_wp_page_template":["template-nosidebar-centered.php"],"_last_translation_edit_mode":["translation-editor"],"_wpml_word_count":["2210"],"_oembed_bbf56b1d4c25ce11481afba39f176f85":["{{unknown}}"],"cmplz_hide_cookiebanner":[""],"wpcf-price-increase-content":[""],"wpcf-login-box-title":[""],"wpcf-page-content":[""],"_yoast_wpseo_primary_related-projects-category":[""],"_uag_css_file_name":["uag-css-15083189.css"],"_uag_page_assets":["a:9:{s:3:\"css\";s:260:\".uag-blocks-common-selector{z-index:var(--z-index-desktop) !important}@media(max-width: 976px){.uag-blocks-common-selector{z-index:var(--z-index-tablet) !important}}@media(max-width: 767px){.uag-blocks-common-selector{z-index:var(--z-index-mobile) !important}}\";s:2:\"js\";s:0:\"\";s:18:\"current_block_list\";a:5:{i:0;s:14:\"core\/paragraph\";i:1;s:9:\"core\/list\";i:2;s:14:\"core\/list-item\";i:3;s:12:\"core\/heading\";i:4;s:14:\"core\/shortcode\";}s:8:\"uag_flag\";b:0;s:11:\"uag_version\";s:10:\"1778435351\";s:6:\"gfonts\";a:0:{}s:10:\"gfonts_url\";s:0:\"\";s:12:\"gfonts_files\";a:0:{}s:14:\"uag_faq_layout\";b:0;}"]},"uagb_featured_image_src":{"full":false,"thumbnail":false,"medium":false,"medium_large":false,"large":false,"1536x1536":false,"2048x2048":false,"gform-image-choice-sm":false,"gform-image-choice-md":false,"gform-image-choice-lg":false,"woocommerce_thumbnail":false,"woocommerce_single":false,"woocommerce_gallery_thumbnail":false},"uagb_author_info":{"display_name":"Dario","author_link":"https:\/\/wpml.org\/de\/author\/darioh\/"},"uagb_comment_info":0,"uagb_excerpt":"WPML-Plugins, diese Website und alle damit verbundenen Dienste werden von der Firma OnTheGoSystems bereitgestellt. Durch die Nutzung erkl\u00e4ren Sie sich mit den unten aufgef\u00fchrten Allgemeinen Gesch\u00e4ftsbedingungen einverstanden. Auf dieser Seite: Lizenz und Markenrecht Der WPML-Code ist unter der GPL lizenziert. Der Name WPML, das Logo und der Firmenname OnTheGoSystems sind Marken und fallen nicht unter&hellip;","_links":{"self":[{"href":"https:\/\/wpml.org\/de\/wp-json\/wp\/v2\/pages\/15083189","targetHints":{"allow":["GET"]}}],"collection":[{"href":"https:\/\/wpml.org\/de\/wp-json\/wp\/v2\/pages"}],"about":[{"href":"https:\/\/wpml.org\/de\/wp-json\/wp\/v2\/types\/page"}],"author":[{"embeddable":true,"href":"https:\/\/wpml.org\/de\/wp-json\/wp\/v2\/users\/76577"}],"replies":[{"embeddable":true,"href":"https:\/\/wpml.org\/de\/wp-json\/wp\/v2\/comments?post=15083189"}],"version-history":[{"count":8,"href":"https:\/\/wpml.org\/de\/wp-json\/wp\/v2\/pages\/15083189\/revisions"}],"predecessor-version":[{"id":17889331,"href":"https:\/\/wpml.org\/de\/wp-json\/wp\/v2\/pages\/15083189\/revisions\/17889331"}],"up":[{"embeddable":true,"href":"https:\/\/wpml.org\/de\/wp-json\/wp\/v2\/pages\/1253"}],"wp:attachment":[{"href":"https:\/\/wpml.org\/de\/wp-json\/wp\/v2\/media?parent=15083189"}],"wp:term":[{"taxonomy":"related-projects-category","embeddable":true,"href":"https:\/\/wpml.org\/de\/wp-json\/wp\/v2\/related-projects-category?post=15083189"}],"curies":[{"name":"wp","href":"https:\/\/api.w.org\/{rel}","templated":true}]}}