{"id":15197973,"date":"2023-03-21T13:12:01","date_gmt":"2023-03-21T13:12:01","guid":{"rendered":"https:\/\/wpml.org\/documentation-3\/ahnliche-projekte\/wpml-seo\/"},"modified":"2026-02-26T07:22:47","modified_gmt":"2026-02-26T07:22:47","slug":"wpml-seo","status":"publish","type":"page","link":"https:\/\/wpml.org\/de\/documentation-3\/ahnliche-projekte\/wpml-seo\/","title":{"rendered":"WPML SEO"},"content":{"rendered":"\n<div class=\"wp-block-toolset-blocks-container tb-container alignfull\" data-toolset-blocks-container=\"9afdb393900e8f9190c62bc960dbd833\"><div class=\"tb-container-inner\">\n<p class=\"tb-heading has-text-color\" data-toolset-blocks-heading=\"0190bf5c0f5e682e6e1d8be7e6f401ac\" data-last-update=\"1.4\"><span><span><a href=\"https:\/\/wpml.org\/de\/startseite\/\">Home<\/a><\/span><\/span><\/p>\n\n\n\n<div class=\"wp-block-toolset-blocks-grid tb-grid\" data-toolset-blocks-grid=\"33bf4303a620b82f23c682ad60d91fe5\">\n<div class=\"wp-block-toolset-blocks-grid-column tb-grid-column tb-grid-align-center\" data-toolset-blocks-grid-column=\"f586ff7bfe1d7317c63162ec7b7039ed\">\n<div class=\"wp-block-toolset-blocks-container tb-container\" data-toolset-blocks-container=\"af2263dacbe23048695bc231caf76f2f\"><\/div>\n\n\n\n<h1 class=\"tb-heading has-text-color\" data-toolset-blocks-heading=\"b686c8b3d4780754ef6585bd91a569b8\" data-last-update=\"1.4\">WPML SEO \u2013 F\u00fcr mehrsprachiges SEO optimieren<\/h1>\n\n\n\n<p class=\"tb-heading has-text-color\" data-toolset-blocks-heading=\"a9a892679ad2650f747a0d50b672c533\" data-last-update=\"1.4\">WPML SEO ist ein Add-on, mit dem Sie SEO-Metafelder \u00fcbersetzen k\u00f6nnen, indem es Ihre mehrsprachige Website mit Yoast SEO und Rank Math kompatibel macht.<\/p>\n\n\n\n<div style=\"height:10px\" aria-hidden=\"true\" class=\"wp-block-spacer\"><\/div>\n\n\n\n<div id=\"wpml-info-account-trigger\" class=\"tb-button\" data-toolset-blocks-button=\"af029b14b0b5bdb3fc156ceec350ce75\"><a class=\"tb-button__link\" href=\"https:\/\/wpml.org\/account\/downloads\/\/#yoast-seo-multilingual\"><span class=\"tb-button__content\">WPML SEO erhalten<\/span><i class=\"tb-button__icon\"><\/i><\/a><\/div>\n<\/div>\n\n\n\n<div class=\"wp-block-toolset-blocks-grid-column tb-grid-column tb-grid-align-center\" data-toolset-blocks-grid-column=\"c77f65d01bb1c283e93f285b389d97af\">\n<figure class=\"wp-block-image tb-image tb-image-dynamic tb-image-frame-none\" data-toolset-blocks-image=\"28a387211f2826eef203becb25c1df35\"><img decoding=\"async\" loading=\"lazy\" src=\"https:\/\/cdn.wpml.org\/wp-content\/uploads\/2022\/06\/SEO-1.png\"\/><\/figure>\n<\/div>\n<\/div>\n<\/div><\/div>\n\n<div class=\"wp-block-toolset-blocks-container tb-container\" data-toolset-blocks-container=\"8f3deaef8758197413c254193c4637bf\"><div class=\"tb-container-inner\">\n<h3 class=\"tb-heading has-text-color\" data-toolset-blocks-heading=\"dc56c1bd2585d5bceed02dcf19062eab\" data-last-update=\"1.4\"><strong>Hauptmerkmale<\/strong><\/h3>\n\n\n\n<div class=\"wp-block-toolset-blocks-grid tb-grid\" data-toolset-blocks-grid=\"d73b029f031f092476d7c78dca9026b6\">\n<div class=\"wp-block-toolset-blocks-grid-column tb-grid-column tb-grid-align-top\" data-toolset-blocks-grid-column=\"3034fbe886c11054e95b46b09d3e4112\">\n<div class=\"wp-block-toolset-blocks-grid tb-grid\" data-toolset-blocks-grid=\"9bfc87ef58a09f5e6817f53045b0bafe\">\n<div class=\"wp-block-toolset-blocks-grid-column tb-grid-column tb-grid-align-top\" data-toolset-blocks-grid-column=\"3034fbe886c11054e95b46b09d3e4112\">\n<div class=\"wp-block-toolset-blocks-container tb-container\" data-toolset-blocks-container=\"4c1e644b100a7cd79ae08b214443135d\"><\/div>\n<\/div>\n\n\n\n<div class=\"wp-block-toolset-blocks-grid-column tb-grid-column tb-grid-align-center\" data-toolset-blocks-grid-column=\"f586ff7bfe1d7317c63162ec7b7039ed\">\n<h3 class=\"tb-heading has-text-color\" data-toolset-blocks-heading=\"9725591899e85568dfc63c9cff28e917\" data-last-update=\"1.4\">Volle Kompatibilit\u00e4t mit <strong>Yoast<\/strong> <strong>SEO<\/strong> (<a href=\"https:\/\/wordpress.org\/plugins\/wordpress-seo\/\" target=\"_blank\" rel=\"noreferrer noopener\">kostenlos<\/a> und <a href=\"https:\/\/yoast.com\/wordpress\/plugins\/seo\/\" target=\"_blank\" rel=\"noreferrer noopener\">Premium<\/a>)<\/h3>\n<\/div>\n<\/div>\n\n\n\n<div class=\"wp-block-toolset-blocks-grid tb-grid\" data-toolset-blocks-grid=\"9bfc87ef58a09f5e6817f53045b0bafe\">\n<div class=\"wp-block-toolset-blocks-grid-column tb-grid-column tb-grid-align-top\" data-toolset-blocks-grid-column=\"3034fbe886c11054e95b46b09d3e4112\">\n<div class=\"wp-block-toolset-blocks-container tb-container\" data-toolset-blocks-container=\"4c1e644b100a7cd79ae08b214443135d\"><\/div>\n<\/div>\n\n\n\n<div class=\"wp-block-toolset-blocks-grid-column tb-grid-column tb-grid-align-center\" data-toolset-blocks-grid-column=\"f586ff7bfe1d7317c63162ec7b7039ed\">\n<h3 class=\"tb-heading has-text-color\" data-toolset-blocks-heading=\"b40d2f81245ad6defbcd1e818829d11d\" data-last-update=\"1.4\">Globale SEO-Texte \u00fcbersetzen<\/h3>\n<\/div>\n<\/div>\n\n\n\n<div class=\"wp-block-toolset-blocks-grid tb-grid\" data-toolset-blocks-grid=\"1c3b519f11ed173dde36e2dd3d915363\">\n<div class=\"wp-block-toolset-blocks-grid-column tb-grid-column tb-grid-align-top\" data-toolset-blocks-grid-column=\"3034fbe886c11054e95b46b09d3e4112\">\n<div class=\"wp-block-toolset-blocks-container tb-container\" data-toolset-blocks-container=\"4c1e644b100a7cd79ae08b214443135d\"><\/div>\n<\/div>\n\n\n\n<div class=\"wp-block-toolset-blocks-grid-column tb-grid-column tb-grid-align-center\" data-toolset-blocks-grid-column=\"f586ff7bfe1d7317c63162ec7b7039ed\">\n<h3 class=\"tb-heading has-text-color\" data-toolset-blocks-heading=\"b40d2f81245ad6defbcd1e818829d11d\" data-last-update=\"1.4\">W\u00e4hlen Sie das Format der URLs Ihrer \u00fcbersetzten Website<\/h3>\n<\/div>\n<\/div>\n<\/div>\n\n\n\n<div class=\"wp-block-toolset-blocks-grid-column tb-grid-column tb-grid-align-top\" data-toolset-blocks-grid-column=\"6aa6629b0bd14de4b0c8a30d5e016060\">\n<div class=\"wp-block-toolset-blocks-grid tb-grid\" data-toolset-blocks-grid=\"9bfc87ef58a09f5e6817f53045b0bafe\">\n<div class=\"wp-block-toolset-blocks-grid-column tb-grid-column tb-grid-align-top\" data-toolset-blocks-grid-column=\"3034fbe886c11054e95b46b09d3e4112\">\n<div class=\"wp-block-toolset-blocks-container tb-container\" data-toolset-blocks-container=\"4c1e644b100a7cd79ae08b214443135d\"><\/div>\n<\/div>\n\n\n\n<div class=\"wp-block-toolset-blocks-grid-column tb-grid-column tb-grid-align-center\" data-toolset-blocks-grid-column=\"f586ff7bfe1d7317c63162ec7b7039ed\">\n<h3 class=\"tb-heading has-text-color\" data-toolset-blocks-heading=\"9725591899e85568dfc63c9cff28e917\" data-last-update=\"1.4\">Volle Kompatibilit\u00e4t mit <strong>Rank Math<\/strong> (<a href=\"https:\/\/wordpress.org\/plugins\/seo-by-rank-math\/\" target=\"_blank\" rel=\"noreferrer noopener\">kostenlos<\/a> und <a href=\"https:\/\/rankmath.com\/pricing\/\" target=\"_blank\" rel=\"noreferrer noopener\">Pro<\/a>)<\/h3>\n<\/div>\n<\/div>\n\n\n\n<div class=\"wp-block-toolset-blocks-grid tb-grid\" data-toolset-blocks-grid=\"9bfc87ef58a09f5e6817f53045b0bafe\">\n<div class=\"wp-block-toolset-blocks-grid-column tb-grid-column tb-grid-align-top\" data-toolset-blocks-grid-column=\"3034fbe886c11054e95b46b09d3e4112\">\n<div class=\"wp-block-toolset-blocks-container tb-container\" data-toolset-blocks-container=\"4c1e644b100a7cd79ae08b214443135d\"><\/div>\n<\/div>\n\n\n\n<div class=\"wp-block-toolset-blocks-grid-column tb-grid-column tb-grid-align-center\" data-toolset-blocks-grid-column=\"f586ff7bfe1d7317c63162ec7b7039ed\">\n<h3 class=\"tb-heading has-text-color\" data-toolset-blocks-heading=\"9725591899e85568dfc63c9cff28e917\" data-last-update=\"1.4\">On-Page-SEO-Attribute \u00fcbersetzen<\/h3>\n<\/div>\n<\/div>\n\n\n\n<div class=\"wp-block-toolset-blocks-grid tb-grid\" data-toolset-blocks-grid=\"1c3b519f11ed173dde36e2dd3d915363\">\n<div class=\"wp-block-toolset-blocks-grid-column tb-grid-column tb-grid-align-top\" data-toolset-blocks-grid-column=\"3034fbe886c11054e95b46b09d3e4112\">\n<div class=\"wp-block-toolset-blocks-container tb-container\" data-toolset-blocks-container=\"4c1e644b100a7cd79ae08b214443135d\"><\/div>\n<\/div>\n\n\n\n<div class=\"wp-block-toolset-blocks-grid-column tb-grid-column tb-grid-align-center\" data-toolset-blocks-grid-column=\"f586ff7bfe1d7317c63162ec7b7039ed\">\n<h3 class=\"tb-heading has-text-color\" data-toolset-blocks-heading=\"b40d2f81245ad6defbcd1e818829d11d\" data-last-update=\"1.4\">Breadcrumbs lokalisieren<\/h3>\n<\/div>\n<\/div>\n<\/div>\n\n\n\n<div class=\"wp-block-toolset-blocks-grid-column tb-grid-column tb-grid-align-top\" data-toolset-blocks-grid-column=\"3034fbe886c11054e95b46b09d3e4112\">\n<div class=\"wp-block-toolset-blocks-grid tb-grid\" data-toolset-blocks-grid=\"9bfc87ef58a09f5e6817f53045b0bafe\">\n<div class=\"wp-block-toolset-blocks-grid-column tb-grid-column tb-grid-align-top\" data-toolset-blocks-grid-column=\"3034fbe886c11054e95b46b09d3e4112\">\n<div class=\"wp-block-toolset-blocks-container tb-container\" data-toolset-blocks-container=\"4c1e644b100a7cd79ae08b214443135d\"><\/div>\n<\/div>\n\n\n\n<div class=\"wp-block-toolset-blocks-grid-column tb-grid-column tb-grid-align-center\" data-toolset-blocks-grid-column=\"f586ff7bfe1d7317c63162ec7b7039ed\">\n<h3 class=\"tb-heading has-text-color\" data-toolset-blocks-heading=\"b40d2f81245ad6defbcd1e818829d11d\" data-last-update=\"1.4\">Website-URLs f\u00fcr jede Sprache optimieren, indem Seiten-Slugs \u00fcbersetzt werden<\/h3>\n<\/div>\n<\/div>\n\n\n\n<div class=\"wp-block-toolset-blocks-grid tb-grid\" data-toolset-blocks-grid=\"1c3b519f11ed173dde36e2dd3d915363\">\n<div class=\"wp-block-toolset-blocks-grid-column tb-grid-column tb-grid-align-top\" data-toolset-blocks-grid-column=\"3034fbe886c11054e95b46b09d3e4112\">\n<div class=\"wp-block-toolset-blocks-container tb-container\" data-toolset-blocks-container=\"4c1e644b100a7cd79ae08b214443135d\"><\/div>\n<\/div>\n\n\n\n<div class=\"wp-block-toolset-blocks-grid-column tb-grid-column tb-grid-align-center\" data-toolset-blocks-grid-column=\"f586ff7bfe1d7317c63162ec7b7039ed\">\n<h3 class=\"tb-heading has-text-color\" data-toolset-blocks-heading=\"b40d2f81245ad6defbcd1e818829d11d\" data-last-update=\"1.4\">Erstellt automatisch hreflang-Tags, um Suchmaschinen \u00fcber die \u00dcbersetzungen Ihrer Website zu informieren<\/h3>\n<\/div>\n<\/div>\n<\/div>\n<\/div>\n<\/div><\/div>\n\n<div class=\"wp-block-toolset-blocks-container tb-container product-page-content\" data-toolset-blocks-container=\"cd82d4925d9b85874444a4c660513c9f\"><div class=\"tb-container-inner\">\n<h2 class=\"tb-heading\" data-toolset-blocks-heading=\"06bd8cb1dffe13f0fd35fde388ca1237\" data-last-update=\"1.4\">Mehr erfahren<\/h2>\n\n\n\n<p>M\u00f6chten Sie tiefer in die Nutzung von Yoast SEO und Rank Math auf Ihrer mehrsprachigen Website eintauchen? Sehen Sie sich unsere Dokumentation an: <\/p>\n\n\n\n<ul class=\"wp-block-list\">\n<li><a href=\"https:\/\/wpml.org\/de\/documentation-3\/plugins-kompatibilitaet\/optimieren-sie-mehrsprachige-websites-mit-yoast-seo-und-wpml\/\">Mehrsprachige Websites mit Yoast SEO und WPML optimieren<\/a><\/li>\n\n\n\n<li><a href=\"https:\/\/wpml.org\/de\/documentation-3\/plugins-kompatibilitaet\/rank-math-mit-wpml-uebersetzen\/\">Mehrsprachige Websites f\u00fcr Suchmaschinen mit Rank Math und WPML optimieren<\/a><\/li>\n<\/ul>\n\n\n\n<div class=\"wp-block-toolset-blocks-container tb-container\" data-toolset-blocks-container=\"af997f6ec4e879416fee944fbbd63c53\">\n<div class=\"wp-block-toolset-blocks-grid tb-grid\" data-toolset-blocks-grid=\"37d19417981b1b97920df56c088840a6\">\n<div class=\"wp-block-toolset-blocks-grid-column tb-grid-column tb-grid-align-top\" data-toolset-blocks-grid-column=\"3034fbe886c11054e95b46b09d3e4112\">\n<div class=\"wp-block-toolset-blocks-container tb-container\" data-toolset-blocks-container=\"8462661d63c4401da3f7686632759d01\"><\/div>\n<\/div>\n\n\n\n<div class=\"wp-block-toolset-blocks-grid-column tb-grid-column tb-grid-align-top\" data-toolset-blocks-grid-column=\"3034fbe886c11054e95b46b09d3e4112\">\n<p class=\"tb-heading has-text-color\" data-toolset-blocks-heading=\"80377d8cd46f8f5bb75c7e8a97e2b233\" data-last-update=\"1.4\">Beachten Sie, dass WPML bereits \u00fcber eine integrierte SEO-Unterst\u00fctzung verf\u00fcgt. <strong>WPML SEO<\/strong> hilft Ihnen dabei, Texte zu \u00fcbersetzen, die Sie mit Yoast SEO und Rank Math hinzuf\u00fcgen.  <\/p>\n<\/div>\n<\/div>\n<\/div>\n<\/div><\/div>\n","protected":false},"excerpt":{"rendered":"<p class=\"lead\">WPML SEO macht Ihre mehrsprachige Website mit den beliebten SEO-Plugins Yoast und Rank Math kompatibel. Erreichen Sie ein globales Publikum, indem Sie Ihre Website f\u00fcr Suchmaschinen in verschiedenen Sprachen optimieren.  Steigern Sie den Traffic, verbessern Sie die Benutzererfahrung und kurbeln Sie den Umsatz an.<\/p>\n","protected":false},"author":204756,"featured_media":0,"parent":97658,"menu_order":14,"comment_status":"closed","ping_status":"closed","template":"template-full-with-popup-generic.php","meta":{"_bbp_topic_count":0,"_bbp_reply_count":0,"_bbp_total_topic_count":0,"_bbp_total_reply_count":0,"_bbp_voice_count":0,"_bbp_anonymous_reply_count":0,"_bbp_topic_count_hidden":0,"_bbp_reply_count_hidden":0,"_bbp_forum_subforum_count":0,"ep_exclude_from_search":false,"footnotes":""},"related-projects-category":[27822],"class_list":["post-15197973","page","type-page","status-publish","hentry","related-projects-category-seo-de"],"_links":{"self":[{"href":"https:\/\/wpml.org\/de\/wp-json\/wp\/v2\/pages\/15197973","targetHints":{"allow":["GET"]}}],"collection":[{"href":"https:\/\/wpml.org\/de\/wp-json\/wp\/v2\/pages"}],"about":[{"href":"https:\/\/wpml.org\/de\/wp-json\/wp\/v2\/types\/page"}],"author":[{"embeddable":true,"href":"https:\/\/wpml.org\/de\/wp-json\/wp\/v2\/users\/204756"}],"replies":[{"embeddable":true,"href":"https:\/\/wpml.org\/de\/wp-json\/wp\/v2\/comments?post=15197973"}],"version-history":[{"count":8,"href":"https:\/\/wpml.org\/de\/wp-json\/wp\/v2\/pages\/15197973\/revisions"}],"predecessor-version":[{"id":17854114,"href":"https:\/\/wpml.org\/de\/wp-json\/wp\/v2\/pages\/15197973\/revisions\/17854114"}],"up":[{"embeddable":true,"href":"https:\/\/wpml.org\/de\/wp-json\/wp\/v2\/pages\/97658"}],"wp:attachment":[{"href":"https:\/\/wpml.org\/de\/wp-json\/wp\/v2\/media?parent=15197973"}],"wp:term":[{"taxonomy":"related-projects-category","embeddable":true,"href":"https:\/\/wpml.org\/de\/wp-json\/wp\/v2\/related-projects-category?post=15197973"}],"curies":[{"name":"wp","href":"https:\/\/api.w.org\/{rel}","templated":true}]}}