{"id":15198046,"date":"2011-04-13T08:09:29","date_gmt":"2011-04-13T08:09:29","guid":{"rendered":"https:\/\/wpml.org\/documentation-3\/ahnliche-projekte\/gravity-forms-multilingual\/"},"modified":"2026-02-26T07:25:03","modified_gmt":"2026-02-26T07:25:03","slug":"gravity-forms-multilingual","status":"publish","type":"page","link":"https:\/\/wpml.org\/de\/documentation-3\/ahnliche-projekte\/gravity-forms-multilingual\/","title":{"rendered":"Gravity Forms Multilingual"},"content":{"rendered":"\n<div class=\"wp-block-toolset-blocks-container tb-container alignfull\" data-toolset-blocks-container=\"10492591bfb51d70e8d09aa8d457bae2\"><div class=\"tb-container-inner\">\n<p class=\"tb-heading has-text-color\" data-toolset-blocks-heading=\"0190bf5c0f5e682e6e1d8be7e6f401ac\" data-last-update=\"1.4\"><span><span><a href=\"https:\/\/wpml.org\/de\/startseite\/\">Home<\/a><\/span><\/span><\/p>\n\n\n\n<div class=\"wp-block-toolset-blocks-grid tb-grid\" data-toolset-blocks-grid=\"1e3256eddcd8d1ddf217eef5389f4d56\">\n<div class=\"wp-block-toolset-blocks-grid-column tb-grid-column tb-grid-align-center\" data-toolset-blocks-grid-column=\"f586ff7bfe1d7317c63162ec7b7039ed\">\n<div class=\"wp-block-toolset-blocks-container tb-container\" data-toolset-blocks-container=\"cbb7accfa9454b18fd5408ff9119221d\"><\/div>\n\n\n\n<h1 class=\"tb-heading has-text-color\" data-toolset-blocks-heading=\"b686c8b3d4780754ef6585bd91a569b8\" data-last-update=\"1.4\">Gravity Forms Multilingual \u2013 Formulare mit WPML \u00fcbersetzen<\/h1>\n\n\n\n<div class=\"tb-fields-and-text\" data-toolset-blocks-fields-and-text=\"3f9f3fa6c769cb8df265aa2f59e7f9eb\"><p><span data-sheets-root=\"1\">Gravity Forms Multilingual (GFML) ist ein WPML-Addon zur \u00dcbersetzung Ihrer Formularfelder und -beschriftungen in weitere Sprachen. <\/span><\/p><\/div>\n\n\n\n<div id=\"wpml-info-account-trigger\" class=\"tb-button\" data-toolset-blocks-button=\"1279e6335c7351c33bd76ca6442a5cb6\"><a class=\"tb-button__link\" href=\"https:\/\/wpml.org\/account\/downloads\/#gravityforms-multilingual\"><span class=\"tb-button__content\">Gravity Forms Multilingual erhalten<\/span><i class=\"tb-button__icon\"><\/i><\/a><\/div>\n<\/div>\n\n\n\n<div class=\"wp-block-toolset-blocks-grid-column tb-grid-column tb-grid-align-center\" data-toolset-blocks-grid-column=\"c77f65d01bb1c283e93f285b389d97af\">\n<figure class=\"wp-block-image tb-image tb-image-dynamic tb-image-frame-none\" data-toolset-blocks-image=\"5706d347fdaaf17eed1ed237c8b186f0\"><img decoding=\"async\" loading=\"lazy\" src=\"https:\/\/cdn.wpml.org\/wp-content\/uploads\/2023\/04\/form-10-1.png\"\/><\/figure>\n<\/div>\n<\/div>\n<\/div><\/div>\n\n<div class=\"wp-block-toolset-blocks-container tb-container\" data-toolset-blocks-container=\"8f3deaef8758197413c254193c4637bf\"><div class=\"tb-container-inner\">\n<h3 class=\"tb-heading has-text-color\" data-toolset-blocks-heading=\"64944ef240e0d9481016a33eed26e822\" data-last-update=\"1.4\"><strong>Eine einfache und leistungsstarke M\u00f6glichkeit, mehrsprachige Gravity Forms zu erstellen<\/strong><\/h3>\n\n\n\n<div class=\"wp-block-toolset-blocks-grid tb-grid\" data-toolset-blocks-grid=\"d73b029f031f092476d7c78dca9026b6\">\n<div class=\"wp-block-toolset-blocks-grid-column tb-grid-column tb-grid-align-top\" data-toolset-blocks-grid-column=\"3034fbe886c11054e95b46b09d3e4112\">\n<div class=\"wp-block-toolset-blocks-grid tb-grid\" data-toolset-blocks-grid=\"1c3b519f11ed173dde36e2dd3d915363\">\n<div class=\"wp-block-toolset-blocks-grid-column tb-grid-column tb-grid-align-top\" data-toolset-blocks-grid-column=\"3034fbe886c11054e95b46b09d3e4112\">\n<div class=\"wp-block-toolset-blocks-container tb-container\" data-toolset-blocks-container=\"4c1e644b100a7cd79ae08b214443135d\"><\/div>\n<\/div>\n\n\n\n<div class=\"wp-block-toolset-blocks-grid-column tb-grid-column tb-grid-align-center\" data-toolset-blocks-grid-column=\"f586ff7bfe1d7317c63162ec7b7039ed\">\n<h3 class=\"tb-heading has-text-color\" data-toolset-blocks-heading=\"b2d352fa342796268e813d45e9ad169e\" data-last-update=\"1.4\"><strong>Einfacher Workflow<\/strong><\/h3>\n\n\n\n<p class=\"tb-heading has-text-color\" data-toolset-blocks-heading=\"3a2e96e3a39991294f000d733d564a60\" data-last-update=\"1.4\">\u00dcbersetzen Sie Gravity Forms mit dem \u00dcbersetzungs-Dashboard von WPML.<\/p>\n<\/div>\n<\/div>\n<\/div>\n\n\n\n<div class=\"wp-block-toolset-blocks-grid-column tb-grid-column tb-grid-align-top\" data-toolset-blocks-grid-column=\"6aa6629b0bd14de4b0c8a30d5e016060\">\n<div class=\"wp-block-toolset-blocks-grid tb-grid\" data-toolset-blocks-grid=\"1c3b519f11ed173dde36e2dd3d915363\">\n<div class=\"wp-block-toolset-blocks-grid-column tb-grid-column tb-grid-align-top\" data-toolset-blocks-grid-column=\"3034fbe886c11054e95b46b09d3e4112\">\n<div class=\"wp-block-toolset-blocks-container tb-container\" data-toolset-blocks-container=\"4c1e644b100a7cd79ae08b214443135d\"><\/div>\n<\/div>\n\n\n\n<div class=\"wp-block-toolset-blocks-grid-column tb-grid-column tb-grid-align-center\" data-toolset-blocks-grid-column=\"f586ff7bfe1d7317c63162ec7b7039ed\">\n<h3 class=\"tb-heading has-text-color\" data-toolset-blocks-heading=\"3b2b4300cf3526adeeeceb0a7d34ea01\" data-last-update=\"1.4\"><strong>Flexible \u00dcbersetzung<\/strong><\/h3>\n\n\n\n<p class=\"tb-heading has-text-color\" data-toolset-blocks-heading=\"489fe393b980d16eaf272662f21c57f9\" data-last-update=\"1.4\">\u00dcbersetze Gravity Formulare selbst oder mit Hilfe von professionellen \u00dcbersetzern.<\/p>\n<\/div>\n<\/div>\n<\/div>\n\n\n\n<div class=\"wp-block-toolset-blocks-grid-column tb-grid-column tb-grid-align-top\" data-toolset-blocks-grid-column=\"3034fbe886c11054e95b46b09d3e4112\">\n<div class=\"wp-block-toolset-blocks-grid tb-grid\" data-toolset-blocks-grid=\"1c3b519f11ed173dde36e2dd3d915363\">\n<div class=\"wp-block-toolset-blocks-grid-column tb-grid-column tb-grid-align-top\" data-toolset-blocks-grid-column=\"3034fbe886c11054e95b46b09d3e4112\">\n<div class=\"wp-block-toolset-blocks-container tb-container\" data-toolset-blocks-container=\"4c1e644b100a7cd79ae08b214443135d\"><\/div>\n<\/div>\n\n\n\n<div class=\"wp-block-toolset-blocks-grid-column tb-grid-column tb-grid-align-center\" data-toolset-blocks-grid-column=\"f586ff7bfe1d7317c63162ec7b7039ed\">\n<h3 class=\"tb-heading has-text-color\" data-toolset-blocks-heading=\"3b2b4300cf3526adeeeceb0a7d34ea01\" data-last-update=\"1.4\"><strong>Schneller Prozess<\/strong><\/h3>\n\n\n\n<p class=\"tb-heading has-text-color\" data-toolset-blocks-heading=\"489fe393b980d16eaf272662f21c57f9\" data-last-update=\"1.4\">\u00dcbersetzen Sie einzelne und mehrere Gravity Forms innerhalb weniger Minuten.<\/p>\n<\/div>\n<\/div>\n<\/div>\n<\/div>\n<\/div><\/div>\n\n<div class=\"wp-block-toolset-blocks-container tb-container\" data-toolset-blocks-container=\"a03f28b68e7ebf56bfe1641740b90da2\"><div class=\"tb-container-inner\">\n<div class=\"wp-block-toolset-blocks-grid tb-grid\" data-toolset-blocks-grid=\"bc3b338eeaf2c2dab6d1efcf997e6968\">\n<div class=\"wp-block-toolset-blocks-grid-column tb-grid-column tb-grid-align-top wcml-sticky-top\" data-toolset-blocks-grid-column=\"f7f9a013a6074411e874a8d48900e955\">\n<p class=\"tb-heading\" data-toolset-blocks-heading=\"ba314f8b957a1e719a05768a3039acf2\" data-last-update=\"1.4\"><strong>Auf dieser Seite<\/strong><\/p>\n\n\n\n<p class=\"tb-heading has-text-color\" data-toolset-blocks-heading=\"e61aa8997e9522834de21cdb2df7f0d9\" data-last-update=\"1.4\"><a href=\"#getting-started\">Erste Schritte<\/a><\/p>\n\n\n\n<p class=\"tb-heading has-text-color\" data-toolset-blocks-heading=\"e61aa8997e9522834de21cdb2df7f0d9\" data-last-update=\"1.4\"><a href=\"#translate-gravity-forms\">Wie man Gravity Forms mit WPML \u00fcbersetzt<\/a><\/p>\n\n\n\n<p class=\"tb-heading has-text-color\" data-toolset-blocks-heading=\"57fd50fba93b22bbe47ab8e2f98ccbfc\" data-last-update=\"1.4\"><a href=\"#translate-with-wpml\">Beginnen Sie mit der \u00dcbersetzung mit WPML<\/a><\/p>\n<\/div>\n\n\n\n<div class=\"wp-block-toolset-blocks-grid-column tb-grid-column tb-grid-align-top product-page-content\" data-toolset-blocks-grid-column=\"3ca40a3bbaa937ab1f07ea8568a8fddf\">\n<h2 class=\"wp-block-heading\" id=\"getting-started\">Erste Schritte<\/h2>\n\n\n\n<p>Um Gravity Forms mit WPML zu \u00fcbersetzen, m\u00fcssen Sie die folgenden Plugins installieren und aktivieren:<\/p>\n\n\n\n<ul class=\"wp-block-list\">\n<li>WPML<\/li>\n\n\n\n<li>WPML String Translation<\/li>\n\n\n\n<li><a href=\"https:\/\/www.gravityforms.com\/\">Gravity Forms<\/a><\/li>\n\n\n\n<li><a href=\"https:\/\/wpml.org\/de\/account\/downloads\/#gravityforms-multilingual\">Gravity Forms Multilingual<\/a><\/li>\n<\/ul>\n\n\n\n<h2 class=\"wp-block-heading\" id=\"translate-gravity-forms\">Wie man Gravity Forms mit WPML \u00fcbersetzt<\/h2>\n\n\n\n<p>Mit WPML k\u00f6nnen Sie alle Gravity Forms-Elemente \u00fcbersetzen. Dies beinhaltet: <\/p>\n\n\n\n<ul class=\"wp-block-list\">\n<li>Formulartitel<\/li>\n\n\n\n<li>Feldbezeichnungen<\/li>\n\n\n\n<li>Unterbezeichnungen<\/li>\n\n\n\n<li>Radio Buttons<\/li>\n\n\n\n<li>Kontrollk\u00e4stchen<\/li>\n\n\n\n<li>Dropdowns<\/li>\n\n\n\n<li>Best\u00e4tigungen<\/li>\n\n\n\n<li>Benachrichtigungen<\/li>\n<\/ul>\n\n\n\n<p>So \u00fcbersetzen Sie Gravity Forms mit WPML:<\/p>\n\n\n\n<ol class=\"wp-block-list\">\n<li>Gehen Sie zu <strong>WPML<\/strong> \u2192 <strong>\u00dcbersetzungs-Dashboard<\/strong> und scrollen Sie zum Abschnitt <strong>Gravity Forms<\/strong>.<\/li>\n\n\n\n<li>W\u00e4hlen Sie die Formulare aus, die Sie \u00fcbersetzen m\u00f6chten, und senden Sie sie zur \u00dcbersetzung. <\/li>\n<\/ol>\n\n\n\n<figure class=\"wp-block-image tb-image tb-image-dynamic tb-image-frame-none\" data-toolset-blocks-image=\"8b5ec2a09b31d7cefa81f15dad358e5d\"><a href=\"https:\/\/wpml.org\/wp-content\/uploads\/2026\/02\/Selecting-to-translate-Gravity-Forms.png\"><img decoding=\"async\" width=\"1024\" height=\"625\" loading=\"lazy\" src=\"https:\/\/wpml.org\/wp-content\/uploads\/2026\/02\/Selecting-to-translate-Gravity-Forms-1024x625.png\" alt=\"Selecting to translate Gravity Forms\" class=\"wp-image-17792204\" srcset=\"https:\/\/wpml.org\/wp-content\/uploads\/2026\/02\/Selecting-to-translate-Gravity-Forms-1024x625.png 1024w, https:\/\/wpml.org\/wp-content\/uploads\/2026\/02\/Selecting-to-translate-Gravity-Forms-300x183.png 300w, https:\/\/wpml.org\/wp-content\/uploads\/2026\/02\/Selecting-to-translate-Gravity-Forms-150x92.png 150w, https:\/\/wpml.org\/wp-content\/uploads\/2026\/02\/Selecting-to-translate-Gravity-Forms-768x469.png 768w, https:\/\/wpml.org\/wp-content\/uploads\/2026\/02\/Selecting-to-translate-Gravity-Forms-1536x938.png 1536w, https:\/\/wpml.org\/wp-content\/uploads\/2026\/02\/Selecting-to-translate-Gravity-Forms.png 1600w\" sizes=\"auto, (max-width: 1024px) 100vw, 1024px\" \/><\/a><figcaption><div class=\"tb-image-caption\">Auswahl zum \u00dcbersetzen von Gravity Forms<\/div><\/figcaption><\/figure>\n\n\n\n<ol start=\"3\" class=\"wp-block-list\">\n<li>Gehen Sie abschlie\u00dfend zu <strong>WPML<\/strong> \u2192 <strong>\u00dcbersetzungen<\/strong>, um automatische \u00dcbersetzungen zu \u00fcberpr\u00fcfen oder Ihre eigenen einzugeben (wenn Sie selbst \u00fcbersetzen).<\/li>\n<\/ol>\n\n\n\n<figure class=\"wp-block-image tb-image tb-image-dynamic tb-image-frame-none\" data-toolset-blocks-image=\"d513a7fa7c0c36635d995fd24ea92c1e\"><a href=\"https:\/\/wpml.org\/wp-content\/uploads\/2025\/08\/Clicking-the-Review-button-to-check-automatic-translations.png\"><img decoding=\"async\" width=\"1024\" height=\"578\" loading=\"lazy\" src=\"https:\/\/wpml.org\/wp-content\/uploads\/2025\/08\/Clicking-the-Review-button-to-check-automatic-translations-1024x578.png\" alt=\"Clicking the Review button to check automatic translations\" class=\"wp-image-17317387\" srcset=\"https:\/\/wpml.org\/wp-content\/uploads\/2025\/08\/Clicking-the-Review-button-to-check-automatic-translations-1024x578.png 1024w, https:\/\/wpml.org\/wp-content\/uploads\/2025\/08\/Clicking-the-Review-button-to-check-automatic-translations-300x169.png 300w, https:\/\/wpml.org\/wp-content\/uploads\/2025\/08\/Clicking-the-Review-button-to-check-automatic-translations-150x85.png 150w, https:\/\/wpml.org\/wp-content\/uploads\/2025\/08\/Clicking-the-Review-button-to-check-automatic-translations-768x433.png 768w, https:\/\/wpml.org\/wp-content\/uploads\/2025\/08\/Clicking-the-Review-button-to-check-automatic-translations-1536x867.png 1536w, https:\/\/wpml.org\/wp-content\/uploads\/2025\/08\/Clicking-the-Review-button-to-check-automatic-translations.png 1600w\" sizes=\"auto, (max-width: 1024px) 100vw, 1024px\" \/><\/a><figcaption><div class=\"tb-image-caption\">Klicken Sie auf den Button \u00dcberpr\u00fcfen, um automatische \u00dcbersetzungen zu \u00fcberpr\u00fcfen.<\/div><\/figcaption><\/figure>\n\n\n\n<p>Wenn Sie selbst \u00fcbersetzen, werden Sie zum <strong>Erweiterten \u00dcbersetzungs-Editor<\/strong> weitergeleitet. Dort sehen Sie alle Ihre Formularelemente, einschlie\u00dflich Formularfelder, Best\u00e4tigungsnachrichten und <strong>E-Mail-Benachrichtigungen<\/strong>, die zur \u00dcbersetzung bereitstehen. <\/p>\n\n\n<div class=\"wp-block-image\">\n<figure class=\" tb-image tb-image-dynamic tb-image-frame-none aligncenter\" data-toolset-blocks-image=\"614ed99cf6b92b21ec74720bbd295c77\"><a href=\"https:\/\/wpml.org\/wp-content\/uploads\/2025\/04\/wpml-advanced-translation-editor-translating-gravity-form.png\"><img decoding=\"async\" width=\"1024\" height=\"703\" loading=\"lazy\" src=\"https:\/\/wpml.org\/wp-content\/uploads\/2025\/04\/wpml-advanced-translation-editor-translating-gravity-form-1024x703.png\" alt=\"\" class=\"wp-image-16937900\" srcset=\"https:\/\/wpml.org\/wp-content\/uploads\/2025\/04\/wpml-advanced-translation-editor-translating-gravity-form-1024x703.png 1024w, https:\/\/wpml.org\/wp-content\/uploads\/2025\/04\/wpml-advanced-translation-editor-translating-gravity-form-300x206.png 300w, https:\/\/wpml.org\/wp-content\/uploads\/2025\/04\/wpml-advanced-translation-editor-translating-gravity-form-150x103.png 150w, https:\/\/wpml.org\/wp-content\/uploads\/2025\/04\/wpml-advanced-translation-editor-translating-gravity-form-768x528.png 768w, https:\/\/wpml.org\/wp-content\/uploads\/2025\/04\/wpml-advanced-translation-editor-translating-gravity-form-1536x1055.png 1536w, https:\/\/wpml.org\/wp-content\/uploads\/2025\/04\/wpml-advanced-translation-editor-translating-gravity-form-2048x1407.png 2048w\" sizes=\"auto, (max-width: 1024px) 100vw, 1024px\" \/><\/a><figcaption><div class=\"tb-image-caption\">\u00dcbersetzen eines Gravity Forms im erweiterten \u00dcbersetzungseditor<\/div><\/figcaption><\/figure>\n<\/div>\n\n\n<p>Wenn Sie fertig sind, k\u00f6nnen Sie Ihre \u00fcbersetzten Gravity Forms anzeigen, indem Sie die Sprache auf Ihrer Website wechseln. Denken Sie daran, die Seite zu <a href=\"https:\/\/wpml.org\/documentation\/getting-started-guide\/translate-pages-in-wordpress-with-wpml\/\">\u00fcbersetzen<\/a>, die Ihr Formular enth\u00e4lt, um die Sprache zu wechseln. <\/p>\n\n\n\n<div class=\"wp-block-columns is-layout-flex wp-container-core-columns-is-layout-28f84493 wp-block-columns-is-layout-flex\">\n<div class=\"wp-block-column is-layout-flow wp-block-column-is-layout-flow\">\n<figure class=\"wp-block-image tb-image tb-image-dynamic tb-image-frame-none\" data-toolset-blocks-image=\"1363834e26e8c4908fe944d05a44d8ac\"><a href=\"https:\/\/wpml.org\/wp-content\/uploads\/2024\/04\/Contact-form-in-English.png\"><img decoding=\"async\" width=\"1024\" height=\"715\" loading=\"lazy\" src=\"https:\/\/wpml.org\/wp-content\/uploads\/2024\/04\/Contact-form-in-English-1024x715.png\" alt=\"Contact form in English\" class=\"wp-image-15483521\" srcset=\"https:\/\/wpml.org\/wp-content\/uploads\/2024\/04\/Contact-form-in-English-1024x715.png 1024w, https:\/\/wpml.org\/wp-content\/uploads\/2024\/04\/Contact-form-in-English-300x209.png 300w, https:\/\/wpml.org\/wp-content\/uploads\/2024\/04\/Contact-form-in-English-150x105.png 150w, https:\/\/wpml.org\/wp-content\/uploads\/2024\/04\/Contact-form-in-English-768x536.png 768w, https:\/\/wpml.org\/wp-content\/uploads\/2024\/04\/Contact-form-in-English.png 1490w\" sizes=\"auto, (max-width: 1024px) 100vw, 1024px\" \/><\/a><figcaption><div class=\"tb-image-caption\">Kontaktformular auf Englisch <\/div><\/figcaption><\/figure>\n<\/div>\n\n\n\n<div class=\"wp-block-column is-layout-flow wp-block-column-is-layout-flow\">\n<figure class=\"wp-block-image tb-image tb-image-dynamic tb-image-frame-none\" data-toolset-blocks-image=\"dc14b32d6c440e2558dff259cb37ab2b\"><a href=\"https:\/\/wpml.org\/wp-content\/uploads\/2024\/04\/Contact-form-in-Spanish.png\"><img decoding=\"async\" width=\"1024\" height=\"697\" loading=\"lazy\" src=\"https:\/\/wpml.org\/wp-content\/uploads\/2024\/04\/Contact-form-in-Spanish-1024x697.png\" alt=\"Contact form in Spanish\" class=\"wp-image-15483536\" srcset=\"https:\/\/wpml.org\/wp-content\/uploads\/2024\/04\/Contact-form-in-Spanish-1024x697.png 1024w, https:\/\/wpml.org\/wp-content\/uploads\/2024\/04\/Contact-form-in-Spanish-300x204.png 300w, https:\/\/wpml.org\/wp-content\/uploads\/2024\/04\/Contact-form-in-Spanish-150x102.png 150w, https:\/\/wpml.org\/wp-content\/uploads\/2024\/04\/Contact-form-in-Spanish-768x523.png 768w, https:\/\/wpml.org\/wp-content\/uploads\/2024\/04\/Contact-form-in-Spanish.png 1512w\" sizes=\"auto, (max-width: 1024px) 100vw, 1024px\" \/><\/a><figcaption><div class=\"tb-image-caption\">Kontaktformular auf Spanisch <\/div><\/figcaption><\/figure>\n<\/div>\n<\/div>\n\n\n\n<h2 class=\"wp-block-heading\" id=\"translate-with-wpml\">Beginnen Sie mit der \u00dcbersetzung mit WPML <\/h2>\n\n\n\n<p>Wenn Sie bereits \u00fcber ein WPML-Konto verf\u00fcgen, k\u00f6nnen Sie Gravity Forms Multilingual (ohne zus\u00e4tzliche Kosten) von der <a href=\"https:\/\/wpml.org\/de\/account\/downloads\/#gravityforms-multilingual\">Download-Seite<\/a> herunterladen.<\/p>\n\n\n\n<p>Sie haben kein WPML? Besuchen Sie unsere <a href=\"https:\/\/wpml.org\/de\/purchase\/\">Preisgestaltungsseite<\/a>, um den richtigen Plan f\u00fcr Ihre Website zu finden.  <\/p>\n<\/div>\n<\/div>\n<\/div><\/div>\n","protected":false},"excerpt":{"rendered":"<p class=\"lead\">Mit WPML k\u00f6nnen Sie die Texte, die in Ihren Gravity Forms erscheinen, in andere Sprachen Ihrer Website \u00fcbersetzen. Nach der \u00dcbersetzung wird das Formular automatisch in der korrekten Sprache im Frontend angezeigt. <\/p>\n","protected":false},"author":538393,"featured_media":0,"parent":97658,"menu_order":36,"comment_status":"closed","ping_status":"closed","template":"template-full-with-popup-generic.php","meta":{"_bbp_topic_count":0,"_bbp_reply_count":0,"_bbp_total_topic_count":0,"_bbp_total_reply_count":0,"_bbp_voice_count":0,"_bbp_anonymous_reply_count":0,"_bbp_topic_count_hidden":0,"_bbp_reply_count_hidden":0,"_bbp_forum_subforum_count":0,"ep_exclude_from_search":false,"footnotes":""},"related-projects-category":[27812],"class_list":["post-15198046","page","type-page","status-publish","hentry","related-projects-category-forms-de"],"_links":{"self":[{"href":"https:\/\/wpml.org\/de\/wp-json\/wp\/v2\/pages\/15198046","targetHints":{"allow":["GET"]}}],"collection":[{"href":"https:\/\/wpml.org\/de\/wp-json\/wp\/v2\/pages"}],"about":[{"href":"https:\/\/wpml.org\/de\/wp-json\/wp\/v2\/types\/page"}],"author":[{"embeddable":true,"href":"https:\/\/wpml.org\/de\/wp-json\/wp\/v2\/users\/538393"}],"replies":[{"embeddable":true,"href":"https:\/\/wpml.org\/de\/wp-json\/wp\/v2\/comments?post=15198046"}],"version-history":[{"count":8,"href":"https:\/\/wpml.org\/de\/wp-json\/wp\/v2\/pages\/15198046\/revisions"}],"predecessor-version":[{"id":17854240,"href":"https:\/\/wpml.org\/de\/wp-json\/wp\/v2\/pages\/15198046\/revisions\/17854240"}],"up":[{"embeddable":true,"href":"https:\/\/wpml.org\/de\/wp-json\/wp\/v2\/pages\/97658"}],"wp:attachment":[{"href":"https:\/\/wpml.org\/de\/wp-json\/wp\/v2\/media?parent=15198046"}],"wp:term":[{"taxonomy":"related-projects-category","embeddable":true,"href":"https:\/\/wpml.org\/de\/wp-json\/wp\/v2\/related-projects-category?post=15198046"}],"curies":[{"name":"wp","href":"https:\/\/api.w.org\/{rel}","templated":true}]}}