{"id":15252859,"date":"2024-02-01T05:48:05","date_gmt":"2024-02-01T05:48:05","guid":{"rendered":"https:\/\/wpml.org\/documentation-3\/ahnliche-projekte\/migrieren-sie-von-polylang-zu-wpml\/"},"modified":"2025-01-23T10:58:45","modified_gmt":"2025-01-23T10:58:45","slug":"migrieren-sie-von-polylang-zu-wpml","status":"publish","type":"page","link":"https:\/\/wpml.org\/de\/documentation-3\/migrieren-sie-von-polylang-zu-wpml\/","title":{"rendered":"Von Polylang zu WPML migrieren"},"content":{"rendered":"<p class=\"lead\">Das Plugin &#8222;Von Polylang zu WPML migrieren&#8220; erm\u00f6glicht eine einfache \u00dcbertragung von Websites vom Polylang-Plugin zu WPML. Es migriert die Sprachinformationen f\u00fcr Beitr\u00e4ge, Seiten, benutzerdefinierte Beitragstypen und Taxonomien. <\/p>\n<p><!--more--><\/p>\n<h2>Anforderungen<\/h2>\n<p>Selbstverst\u00e4ndlich ben\u00f6tigen Sie ein <a href=\"https:\/\/wpml.org\/purchase\/\">WPML-Konto<\/a>, um zu WPML zu migrieren. Das <a href=\"https:\/\/wpml.org\/purchase\/?add-to-cart=2436659\">Multilingual Blog<\/a>-Konto ist f\u00fcr die meisten von Polylang kommenden Websites geeignet. Um alle Funktionen von WPML nutzen zu k\u00f6nnen, sollten Sie das <a href=\"https:\/\/wpml.org\/purchase\/?add-to-cart=2436660\">Multilingual CMS<\/a>-Konto erwerben, welches <strong>String Translation<\/strong> und <strong>\u00dcbersetzungsmanagement<\/strong> beinhaltet. Zudem m\u00fcssen Sie das Plugin <strong>Von Polylang zu WPML migrieren<\/strong> installieren.  <\/p>\n<h2>Herunterladen des Plugins &#8222;Von Polylang zu WPML migrieren&#8220;<\/h2>\n<p>Um es herunterzuladen, besuchen Sie <a target=\"_blank\" href=\"https:\/\/github.com\/OnTheGoSystems\/migrate-polylang-to-wpml\" rel=\"noopener\">Von Polylang zu WPML migrieren auf Github<\/a> und laden Sie die neueste Version herunter (klicken Sie auf die neueste Version in der rechten Seitenleiste). Auf der sich \u00f6ffnenden Seite w\u00e4hlen Sie das von Ihnen bevorzugte Format (zip oder tar.gz). <\/p>\n<figure id=\"attachment_13108945\" aria-describedby=\"caption-attachment-13108945\" style=\"width: 1024px\" class=\"wp-caption aligncenter\"><a href=\"https:\/\/wpml.org\/wp-content\/uploads\/2023\/02\/wpml-github-polylang-migrate.png\"><img decoding=\"async\" src=\"https:\/\/wpml.org\/wp-content\/uploads\/2023\/02\/wpml-github-polylang-migrate-1024x412.png\" alt=\"\" width=\"1024\" height=\"412\" class=\"size-large wp-image-13108945 img-border\" srcset=\"https:\/\/wpml.org\/wp-content\/uploads\/2023\/02\/wpml-github-polylang-migrate-1024x412.png 1024w, https:\/\/wpml.org\/wp-content\/uploads\/2023\/02\/wpml-github-polylang-migrate-300x121.png 300w, https:\/\/wpml.org\/wp-content\/uploads\/2023\/02\/wpml-github-polylang-migrate-150x60.png 150w, https:\/\/wpml.org\/wp-content\/uploads\/2023\/02\/wpml-github-polylang-migrate-768x309.png 768w, https:\/\/wpml.org\/wp-content\/uploads\/2023\/02\/wpml-github-polylang-migrate.png 1463w\" sizes=\"(max-width: 1024px) 100vw, 1024px\" \/><\/a><figcaption id=\"caption-attachment-13108945\" class=\"wp-caption-text\">Herunterladen des Plugins von GitHub<\/figcaption><\/figure>\n<p>Nach dem Herunterladen des Plugins k\u00f6nnen Sie es wie jedes andere Plugin auf Ihre WordPress-Website hochladen: Navigieren Sie zu <strong>Dashboard<\/strong> \u2192 <strong>Plugins<\/strong> und klicken Sie auf die Schaltfl\u00e4che <strong>Neu hinzuf\u00fcgen<\/strong>. Auf der n\u00e4chsten Seite klicken Sie auf <strong>Plugin hochladen<\/strong> und w\u00e4hlen Sie das heruntergeladene Archiv aus. <\/p>\n<h2>Migrationsschritt 1: Speichern Sie die Polylang-Daten und deaktivieren Sie sie<\/h2>\n<p>Um die Daten von Polylang zu speichern, f\u00fchren Sie die folgenden Schritte aus:<\/p>\n<ol>\n<li>Navigieren Sie zu <strong>Sprachen<\/strong> \u2192 <strong>Sprachen<\/strong>.<\/li>\n<li>Klicken Sie f\u00fcr jede Sprache auf den Link <strong>Bearbeiten<\/strong> und dann auf den Button <strong>Aktualisieren<\/strong>.<\/li>\n<\/ol>\n<figure id=\"attachment_5478351\" aria-describedby=\"caption-attachment-5478351\" style=\"width: 1426px\" class=\"wp-caption aligncenter\"><a href=\"https:\/\/wpml.org\/wp-content\/uploads\/2020\/02\/Saving-Polylangs-data.png\"><img decoding=\"async\" class=\"size-full wp-image-5478351\" src=\"https:\/\/wpml.org\/wp-content\/uploads\/2020\/02\/Saving-Polylangs-data.png\" alt=\"\" width=\"1426\" height=\"973\" srcset=\"https:\/\/wpml.org\/wp-content\/uploads\/2020\/02\/Saving-Polylangs-data.png 1426w, https:\/\/wpml.org\/wp-content\/uploads\/2020\/02\/Saving-Polylangs-data-300x205.png 300w, https:\/\/wpml.org\/wp-content\/uploads\/2020\/02\/Saving-Polylangs-data-1024x699.png 1024w, https:\/\/wpml.org\/wp-content\/uploads\/2020\/02\/Saving-Polylangs-data-150x102.png 150w, https:\/\/wpml.org\/wp-content\/uploads\/2020\/02\/Saving-Polylangs-data-768x524.png 768w\" sizes=\"(max-width: 1426px) 100vw, 1426px\" \/><\/a><figcaption id=\"caption-attachment-5478351\" class=\"wp-caption-text\">Speichern der Daten von Polylang<\/figcaption><\/figure>\n<p>Nachdem Sie die Polylang-Daten f\u00fcr alle Sprachen gespeichert haben, m\u00fcssen Sie <strong>Polylang deaktivieren<\/strong>, bevor Sie den WPML-Migrationsprozess einleiten.<br \/>\nDer Versuch, WPML zu aktivieren, w\u00e4hrend Polylang aktiv ist, f\u00fchrt zu einem fatalen Fehler in WordPress.  Denken Sie also bitte daran, Polylang zu deaktivieren, bevor Sie die im Abschnitt Anforderungen genannten Plugins aktivieren.<\/p>\n<h2>Migrationsschritt 2: Sicherheitskopie der Datenbank<\/h2>\n<p>Der Migrationsprozess modifiziert globale Website-Einstellungen und aktualisiert die Sprachinformationen aller Inhalte Ihrer Website. Es wird dringend empfohlen, vor Beginn des Migrationsprozesses eine vollst\u00e4ndige Sicherungskopie Ihrer Datenbank zu erstellen (selbst wenn Sie dies bereits erfolgreich bei anderen Websites durchgef\u00fchrt haben). <\/p>\n<p>Es gibt mehrere gro\u00dfartige Plugins f\u00fcr Sicherheitskopien und Sie k\u00f6nnen auch einen DB-Snapshot \u00fcber Ihr Hosting-Kontrollpanel erstellen.<\/p>\n<h2>Migrationsschritt 3: Vervollst\u00e4ndigen Sie den WPML-Assistenten<\/h2>\n<p>Wenn Sie WPML aktivieren, wird eine Meldung angezeigt, die Sie auffordert, den WPML-Installationsassistenten abzuschlie\u00dfen.<br \/>\nDies ist der Standard-Assistent f\u00fcr die Installation des WPML-Plugins, der jedem WPML-Benutzer angezeigt wird, nicht nur denjenigen, die von Polylang migrieren.<br \/>\nBitte folgen Sie den Anweisungen des Assistenten auf dem Bildschirm.   Denken Sie daran, die gleichen Sprachen auszuw\u00e4hlen, die Sie in Polylang ausgew\u00e4hlt haben. Das Migrations-Plugin wird Tooltips anzeigen, die Sie an die f\u00fcr Polylang gew\u00e4hlten Einstellungen erinnern:<\/p>\n<p><a href=\"https:\/\/wpml.org\/wp-content\/uploads\/2016\/07\/complete-the-WPML-wizard.png\"><img decoding=\"async\" class=\"aligncenter wp-image-974025\" src=\"https:\/\/wpml.org\/wp-content\/uploads\/2016\/07\/complete-the-WPML-wizard-300x118.png\" alt=\"Vervollst\u00e4ndigen Sie den WPML-Assistenten\" width=\"500\" height=\"197\" srcset=\"https:\/\/wpml.org\/wp-content\/uploads\/2016\/07\/complete-the-WPML-wizard-300x118.png 300w, https:\/\/wpml.org\/wp-content\/uploads\/2016\/07\/complete-the-WPML-wizard-150x59.png 150w, https:\/\/wpml.org\/wp-content\/uploads\/2016\/07\/complete-the-WPML-wizard.png 590w\" sizes=\"(max-width: 500px) 100vw, 500px\" \/><\/a><\/p>\n<h2>Migrationsschritt 4: Starten Sie die Migration<\/h2>\n<p>Navigieren Sie zu <strong>Dashboard \u2192 Werkzeuge \u2192 Von Polylang zu WPML migrieren<\/strong>, aktivieren Sie das Kontrollk\u00e4stchen &#8222;Ich best\u00e4tige, dass ich eine Datenbanksicherung erstellt habe&#8220;, um zu best\u00e4tigen, dass Sie Ihre Datenbank gesichert haben (siehe Schritt 1 oben), und klicken Sie auf die Schaltfl\u00e4che &#8222;Migrieren&#8220;.<\/p>\n<p><a href=\"https:\/\/wpml.org\/wp-content\/uploads\/2016\/07\/Initiate-the-Migration.png\"><img decoding=\"async\" class=\"aligncenter wp-image-974039\" src=\"https:\/\/wpml.org\/wp-content\/uploads\/2016\/07\/Initiate-the-Migration-300x105.png\" alt=\"Initiieren Sie die Migration\" width=\"500\" height=\"175\" srcset=\"https:\/\/wpml.org\/wp-content\/uploads\/2016\/07\/Initiate-the-Migration-300x105.png 300w, https:\/\/wpml.org\/wp-content\/uploads\/2016\/07\/Initiate-the-Migration-150x53.png 150w, https:\/\/wpml.org\/wp-content\/uploads\/2016\/07\/Initiate-the-Migration.png 727w\" sizes=\"(max-width: 500px) 100vw, 500px\" \/><\/a><\/p>\n<p>Wichtig: Schlie\u00dfen Sie diese Seite nicht, bis Sie die Meldung sehen, dass die Migration abgeschlossen ist. Dies kann je nach Umfang des Inhalts Ihrer Website einige Minuten dauern. <\/p>\n<h2>\u00dcberpr\u00fcfen Sie Ihre Website und stellen Sie sicher, dass die Migration reibungslos verlaufen ist<\/h2>\n<p>Wenn der Migrationsprozess abgeschlossen ist, \u00fcberpr\u00fcfen Sie, ob alles wie erwartet funktioniert:<\/p>\n<ul>\n<li>Die Beitr\u00e4ge sind in den richtigen Sprachen.<\/li>\n<li>Der Sprachumschalter leitet zu den korrekten \u00dcbersetzungen weiter.<\/li>\n<\/ul>\n<p>Wenn bei der Migration etwas schief gelaufen ist, melden Sie es bitte in <a href=\"https:\/\/wpml.org\/forums\/\">unserem Support-Forum<\/a>. Wenn w\u00e4hrend des Migrationsprozesses etwas h\u00e4ngen geblieben ist, k\u00f6nnen Sie ihn erneut ausf\u00fchren. Die Migration wird nur Inhalte verarbeiten, die noch nicht bearbeitet wurden.<\/p>\n<p>Sie haben die M\u00f6glichkeit, die restlichen Polylang-Daten nach der Migration zu l\u00f6schen. Wir empfehlen Ihnen dringend, das Verwerfen von Polylang-Daten f\u00fcr einige Tage oder Wochen aufzuschieben. Beachten Sie, dass das L\u00f6schen von Polylang-Datenbankinhalten ein irreversibler Prozess ist. Falls Sie feststellen, dass etwas schief gelaufen ist, k\u00f6nnen Sie die Migration nicht mehr wiederholen, sobald die Polylang-Datenbank gel\u00f6scht ist.<\/p>\n<h2>Umgang mit verschiedenen URL-Strukturen<\/h2>\n<p>Polylang leitet stets vom Wurzelverzeichnis der Website (beispiel.com) zum Ordner der Standardsprache (beispiel.com\/de\/) weiter. WPML zeigt die Standardsprache im URL-Stammverzeichnis an. Falls Links zum Ordner der Standardsprache vorhanden sind, empfehlen wir, eine Serverumleitung von diesem zum Stammverzeichnis der Website einzurichten.  <\/p>\n<p>Folgen Sie diesen Schritten, um eine 301-Weiterleitung mit .htaccess hinzuzuf\u00fcgen:<\/p>\n<ol style=\"list-style: upper-roman;\">\n<li>Verbinden Sie sich mittels eines FTP-Programms mit Ihrer WordPress-Website und laden Sie die Datei &#8222;.htaccess&#8220; herunter, die sich im WordPress-Stammverzeichnis befindet.<\/li>\n<li>F\u00fcgen Sie am Ende der Datei diese Zeile ein:<\/li>\n<\/ol>\n<p><code>RedirectMatch 301 \/en\/$ http:\/\/example.com\/index.php<\/code><br \/>\n(Ersetzen Sie &#8222;de&#8220; durch den Slug Ihrer Standardsprache und &#8222;beispiel.com&#8220; durch den URL Ihrer Website)<\/p>\n<ol style=\"list-style: upper-roman;\" start=\"3\">\n<li>Laden Sie diese Datei erneut auf Ihren Server hoch.<\/li>\n<\/ol>\n<h2>Abschlie\u00dfend: Deaktivieren Sie das Migrations-Plugin<\/h2>\n<p>Das Plugin <strong>Von Polylang zu WPML migrieren<\/strong> wird ausschlie\u00dflich f\u00fcr den Migrationsprozess ben\u00f6tigt. Sobald Sie fertig sind, sollten Sie es deaktivieren. Sie k\u00f6nnen es auch aus dem &#8218;Plugins&#8216;-Verzeichnis Ihrer Website entfernen.<\/p>\n<h2>Hilfe holen<\/h2>\n<p>Sollten Sie Probleme mit der Migration haben, \u00f6ffnen Sie bitte ein Ticket in unserem <a href=\"https:\/\/wpml.org\/forums\/forum\/english-support\/\">Support-Forum<\/a>.<\/p>\n","protected":false},"excerpt":{"rendered":"<p>Das Plugin &#8222;Von Polylang zu WPML migrieren&#8220; erm\u00f6glicht eine einfache \u00dcbertragung von Websites vom Polylang-Plugin zu WPML. Es migriert die Sprachinformationen f\u00fcr Beitr\u00e4ge, Seiten, benutzerdefinierte Beitragstypen und Taxonomien.<\/p>\n","protected":false},"author":76577,"featured_media":13994649,"parent":3317,"menu_order":75,"comment_status":"closed","ping_status":"closed","template":"template-sidebar-2.php","meta":{"_bbp_topic_count":0,"_bbp_reply_count":0,"_bbp_total_topic_count":0,"_bbp_total_reply_count":0,"_bbp_voice_count":0,"_bbp_anonymous_reply_count":0,"_bbp_topic_count_hidden":0,"_bbp_reply_count_hidden":0,"_bbp_forum_subforum_count":0,"_uag_custom_page_level_css":"","ep_exclude_from_search":false,"footnotes":""},"related-projects-category":[],"class_list":["post-15252859","page","type-page","status-publish","has-post-thumbnail","hentry"],"spectra_custom_meta":{"ratings_users":["0"],"ratings_score":["0"],"ratings_average":["0"],"_subscription_coupon_product_id":["0"],"_wpv_contains_gutenberg_views":[""],"_alp_processed":["1737629926"],"_views_template":["0"],"wpcf-unformatted-code":[""],"_wpml_media_duplicate":["1"],"_wpml_media_featured":["1"],"toolset_post_editor_mode":["classic"],"wpcf-price-increase-show-from":[""],"wpcf-price-increase-show-till":[""],"_wp_page_template":["template-sidebar-2.php"],"_thumbnail_id":["13994649"],"_last_translation_edit_mode":["translation-editor"],"_oembed_8b192c37df925cacb831b3922e69595d":["<iframe title=\"Using WPML To Translate Pages Built With Fusion Builder (Avada Theme)\" width=\"700\" height=\"394\" src=\"https:\/\/www.youtube.com\/embed\/_bNqjjBPdGA?feature=oembed&enablejsapi=1&origin=https:\/\/wpml.org\" frameborder=\"0\" allow=\"accelerometer; autoplay; clipboard-write; encrypted-media; gyroscope; picture-in-picture; web-share\" referrerpolicy=\"strict-origin-when-cross-origin\" allowfullscreen><\/iframe>"],"_oembed_time_8b192c37df925cacb831b3922e69595d":["1713340541"],"_wpml_word_count":["1098"],"_top_nav_excluded":[""],"_cms_nav_minihome":[""],"_oembed_bbf56b1d4c25ce11481afba39f176f85":["{{unknown}}"],"_uag_css_file_name":["uag-css-15252859.css"],"_uag_page_assets":["a:9:{s:3:\"css\";s:260:\".uag-blocks-common-selector{z-index:var(--z-index-desktop) !important}@media(max-width: 976px){.uag-blocks-common-selector{z-index:var(--z-index-tablet) !important}}@media(max-width: 767px){.uag-blocks-common-selector{z-index:var(--z-index-mobile) !important}}\";s:2:\"js\";s:0:\"\";s:18:\"current_block_list\";a:1:{i:0;s:14:\"core\/shortcode\";}s:8:\"uag_flag\";b:0;s:11:\"uag_version\";s:10:\"1778089297\";s:6:\"gfonts\";a:0:{}s:10:\"gfonts_url\";s:0:\"\";s:12:\"gfonts_files\";a:0:{}s:14:\"uag_faq_layout\";b:0;}"]},"uagb_featured_image_src":{"full":["https:\/\/wpml.org\/wp-content\/uploads\/2016\/07\/Migrate-Polylang-to-WPML-3.png",460,202,false],"thumbnail":["https:\/\/wpml.org\/wp-content\/uploads\/2016\/07\/Migrate-Polylang-to-WPML-3-150x66.png",150,66,true],"medium":["https:\/\/wpml.org\/wp-content\/uploads\/2016\/07\/Migrate-Polylang-to-WPML-3-300x132.png",300,132,true],"medium_large":["https:\/\/wpml.org\/wp-content\/uploads\/2016\/07\/Migrate-Polylang-to-WPML-3.png",460,202,false],"large":["https:\/\/wpml.org\/wp-content\/uploads\/2016\/07\/Migrate-Polylang-to-WPML-3.png",460,202,false],"1536x1536":["https:\/\/wpml.org\/wp-content\/uploads\/2016\/07\/Migrate-Polylang-to-WPML-3.png",460,202,false],"2048x2048":["https:\/\/wpml.org\/wp-content\/uploads\/2016\/07\/Migrate-Polylang-to-WPML-3.png",460,202,false],"gform-image-choice-sm":["https:\/\/wpml.org\/wp-content\/uploads\/2016\/07\/Migrate-Polylang-to-WPML-3.png",300,132,false],"gform-image-choice-md":["https:\/\/wpml.org\/wp-content\/uploads\/2016\/07\/Migrate-Polylang-to-WPML-3.png",400,176,false],"gform-image-choice-lg":["https:\/\/wpml.org\/wp-content\/uploads\/2016\/07\/Migrate-Polylang-to-WPML-3.png",460,202,false],"woocommerce_thumbnail":["https:\/\/wpml.org\/wp-content\/uploads\/2016\/07\/Migrate-Polylang-to-WPML-3-150x150.png",150,150,true],"woocommerce_single":["https:\/\/wpml.org\/wp-content\/uploads\/2016\/07\/Migrate-Polylang-to-WPML-3.png",300,132,false],"woocommerce_gallery_thumbnail":["https:\/\/wpml.org\/wp-content\/uploads\/2016\/07\/Migrate-Polylang-to-WPML-3-100x100.png",100,100,true]},"uagb_author_info":{"display_name":"Dario","author_link":"https:\/\/wpml.org\/de\/author\/darioh\/"},"uagb_comment_info":0,"uagb_excerpt":"Das Plugin \"Von Polylang zu WPML migrieren\" erm\u00f6glicht eine einfache \u00dcbertragung von Websites vom Polylang-Plugin zu WPML. Es migriert die Sprachinformationen f\u00fcr Beitr\u00e4ge, Seiten, benutzerdefinierte Beitragstypen und Taxonomien.","_links":{"self":[{"href":"https:\/\/wpml.org\/de\/wp-json\/wp\/v2\/pages\/15252859","targetHints":{"allow":["GET"]}}],"collection":[{"href":"https:\/\/wpml.org\/de\/wp-json\/wp\/v2\/pages"}],"about":[{"href":"https:\/\/wpml.org\/de\/wp-json\/wp\/v2\/types\/page"}],"author":[{"embeddable":true,"href":"https:\/\/wpml.org\/de\/wp-json\/wp\/v2\/users\/76577"}],"replies":[{"embeddable":true,"href":"https:\/\/wpml.org\/de\/wp-json\/wp\/v2\/comments?post=15252859"}],"version-history":[{"count":6,"href":"https:\/\/wpml.org\/de\/wp-json\/wp\/v2\/pages\/15252859\/revisions"}],"predecessor-version":[{"id":16627325,"href":"https:\/\/wpml.org\/de\/wp-json\/wp\/v2\/pages\/15252859\/revisions\/16627325"}],"up":[{"embeddable":true,"href":"https:\/\/wpml.org\/de\/wp-json\/wp\/v2\/pages\/3317"}],"wp:featuredmedia":[{"embeddable":true,"href":"https:\/\/wpml.org\/de\/wp-json\/wp\/v2\/media\/13994649"}],"wp:attachment":[{"href":"https:\/\/wpml.org\/de\/wp-json\/wp\/v2\/media?parent=15252859"}],"wp:term":[{"taxonomy":"related-projects-category","embeddable":true,"href":"https:\/\/wpml.org\/de\/wp-json\/wp\/v2\/related-projects-category?post=15252859"}],"curies":[{"name":"wp","href":"https:\/\/api.w.org\/{rel}","templated":true}]}}