{"id":15254337,"date":"2014-06-13T10:48:14","date_gmt":"2014-06-13T10:48:14","guid":{"rendered":"https:\/\/wpml.org\/documentation-3\/ahnliche-projekte\/mehrsprachige-werkzeuge-plugin\/"},"modified":"2025-09-10T08:48:48","modified_gmt":"2025-09-10T08:48:48","slug":"multilingual-tools","status":"publish","type":"page","link":"https:\/\/wpml.org\/de\/documentation-3\/support-2\/multilingual-tools\/","title":{"rendered":"Multilingual Tools Plugin"},"content":{"rendered":"\n<div class=\"wp-block-toolset-blocks-container tb-container alignfull\" data-toolset-blocks-container=\"fdede197a056736e7322c161590b89a1\"><div class=\"tb-container-inner\">\n<p class=\"tb-heading has-text-color\" data-toolset-blocks-heading=\"0190bf5c0f5e682e6e1d8be7e6f401ac\" data-last-update=\"1.4\"><span><span><a href=\"https:\/\/wpml.org\/de\/startseite\/\">Home<\/a><\/span><\/span><\/p>\n\n\n\n<div class=\"wp-block-toolset-blocks-grid tb-grid\" data-toolset-blocks-grid=\"4994ab091993c2c41b112f7268aa6088\">\n<div class=\"wp-block-toolset-blocks-grid-column tb-grid-column tb-grid-align-center\" data-toolset-blocks-grid-column=\"f586ff7bfe1d7317c63162ec7b7039ed\">\n<h1 class=\"tb-heading has-text-color\" data-toolset-blocks-heading=\"b686c8b3d4780754ef6585bd91a569b8\" data-last-update=\"1.4\">Multilingual Tools<\/h1>\n\n\n\n<div class=\"tb-fields-and-text\" data-toolset-blocks-fields-and-text=\"f74ad0754467fb071b00f80b6400d545\"><p><span style=\"font-weight: 400;\">\u00dcberpr\u00fcfen Sie Ihre Konfiguration und best\u00e4tigen Sie, dass Ihr Plugin und Theme mit WPML kompatibel sind.<\/span><\/p><\/div>\n\n\n\n<div class=\"tb-button\" data-toolset-blocks-button=\"3cb46439348f1facfefb687e07965392\"><a class=\"tb-button__link\" href=\"https:\/\/github.com\/OnTheGoSystems\/multilingual-tools\" target=\"_blank\" rel=\"noopener\"><span class=\"tb-button__content\">Plugin herunterladen<\/span><i class=\"tb-button__icon\"><\/i><\/a><\/div>\n<\/div>\n\n\n\n<div class=\"wp-block-toolset-blocks-grid-column tb-grid-column tb-grid-align-center\" data-toolset-blocks-grid-column=\"c77f65d01bb1c283e93f285b389d97af\">\n<div class=\"wp-block-toolset-blocks-container tb-container\" data-toolset-blocks-container=\"39d6c41ef896e9e4000cd0db5cad231e\"><\/div>\n<\/div>\n<\/div>\n<\/div><\/div>\n\n<div class=\"wp-block-toolset-blocks-container tb-container\" data-toolset-blocks-container=\"a03f28b68e7ebf56bfe1641740b90da2\"><div class=\"tb-container-inner\">\n<div class=\"wp-block-toolset-blocks-grid tb-grid\" data-toolset-blocks-grid=\"53ce567584c307825428d23825630ccf\">\n<div class=\"wp-block-toolset-blocks-grid-column tb-grid-column tb-grid-align-top wcml-sticky-top\" data-toolset-blocks-grid-column=\"f7f9a013a6074411e874a8d48900e955\">\n<p><strong>Auf dieser Seite<\/strong><\/p>\n\n\n\n<p class=\"tb-heading\" data-toolset-blocks-heading=\"d1d455b792d304584caa300e338ef016\" data-last-update=\"1.4\"><a href=\"#getting-started\">Erste Schritte<\/a><\/p>\n\n\n\n<p class=\"tb-heading\" data-toolset-blocks-heading=\"b6a68071437b65e280e5ebbe2eb9be2e\" data-last-update=\"1.4\"><a href=\"#how-to\">Wie man Multilingual Tools verwendet<\/a><\/p>\n\n\n\n<p class=\"tb-heading\" data-toolset-blocks-heading=\"d696b8be6ccef6966d53a93acf501838\" data-last-update=\"1.4\"><a href=\"#verify\">Verifizieren Sie, dass hartcodierte Texte in gettext-Aufrufe eingebettet sind<\/a><\/p>\n\n\n\n<p class=\"tb-heading\" data-toolset-blocks-heading=\"d696b8be6ccef6966d53a93acf501838\" data-last-update=\"1.4\"><a href=\"#scan\">Scannen Sie Ihr Theme und Plugin nach Text<\/a><\/p>\n\n\n\n<p class=\"tb-heading\" data-toolset-blocks-heading=\"d696b8be6ccef6966d53a93acf501838\" data-last-update=\"1.4\"><a href=\"#choose\">W\u00e4hlen Sie zu testende Elemente aus<\/a><\/p>\n\n\n\n<p class=\"tb-heading\" data-toolset-blocks-heading=\"d696b8be6ccef6966d53a93acf501838\" data-last-update=\"1.4\"><a href=\"#send\">Senden Sie Inhalte zur \u00dcbersetzung<\/a><\/p>\n\n\n\n<p class=\"tb-heading\" data-toolset-blocks-heading=\"c300fbd3038fde48313a1766838adbf9\" data-last-update=\"1.4\"><a href=\"#confirm\">Best\u00e4tigen Sie die Kompatibilit\u00e4t<\/a><\/p>\n\n\n\n<p class=\"tb-heading\" data-toolset-blocks-heading=\"c300fbd3038fde48313a1766838adbf9\" data-last-update=\"1.4\"><a href=\"#register-for-translation\">Elementor- und Gutenberg-Bl\u00f6cke \u00fcbersetzbar machen<\/a><\/p>\n\n\n\n<p class=\"tb-heading\" data-toolset-blocks-heading=\"3527d878ad14a7af15023b7352efc4aa\" data-last-update=\"1.4\"><a href=\"#generate\">Eine Sprachkonfigurationsdatei generieren<\/a><\/p>\n<\/div>\n\n\n\n<div class=\"wp-block-toolset-blocks-grid-column tb-grid-column tb-grid-align-top product-page-content\" data-toolset-blocks-grid-column=\"613ca808c900d7f6c7303b84383bbf91\">\n<p>Multilingual Tools ist ein kostenloses Addon zum Testen der Kompatibilit\u00e4t Ihres Plugins und Themes mit WPML. <\/p>\n\n\n\n<p>Durch die Verwendung dieses Addons k\u00f6nnen Sie feststellen, welche Texte und Elemente ordnungsgem\u00e4\u00df f\u00fcr die \u00dcbersetzung konfiguriert sind (und welche nicht) sowie eine <a href=\"https:\/\/wpml.org\/de\/documentation-3\/support-2\/sprachkonfigurationsdateien\/\">Sprachkonfigurationsdatei<\/a> generieren.<\/p>\n\n\n\n<div style=\"height:10px\" aria-hidden=\"true\" class=\"wp-block-spacer\"><\/div>\n\n\n\n<h2 class=\"wp-block-heading\" id=\"getting-started\">Erste Schritte<\/h2>\n\n\n\n<p>Um zu beginnen, installieren und aktivieren Sie: <\/p>\n\n\n\n<ul class=\"wp-block-list\">\n<li>WPML<\/li>\n\n\n\n<li><a href=\"https:\/\/github.com\/OnTheGoSystems\/multilingual-tools\" target=\"_blank\" rel=\"noreferrer noopener\">Multilingual Tools<\/a><\/li>\n\n\n\n<li>Plugins \/ Themes, die Sie testen m\u00f6chten<\/li>\n<\/ul>\n\n\n\n<p>Beachten Sie, dass Multilingual Tools ein Test-Plugin ist, sodass Sie es <strong>niemals<\/strong> auf Produktions- oder Kundenseiten verwenden sollten. <\/p>\n\n\n\n<div style=\"height:10px\" aria-hidden=\"true\" class=\"wp-block-spacer\"><\/div>\n\n\n\n<h2 class=\"wp-block-heading\" id=\"how-to\">Wie man Multilingual Tools verwendet<\/h2>\n\n\n\n<p>Um zu beginnen, gehen Sie zu <strong>Multilingual Tools<\/strong> \u2192 <strong>\u00dcbersicht<\/strong>, um eine Zusammenfassung Ihrer aktuellen Sprachkonfigurationsdatei anzuzeigen.<\/p>\n\n\n\n<figure class=\"wp-block-image tb-image tb-image-dynamic tb-image-frame-none\" data-toolset-blocks-image=\"0de2af71fe6f65d15963045b54289c06\"><a href=\"https:\/\/wpml.org\/wp-content\/uploads\/2024\/08\/Multilingual-Tools-Overview-page-1.png\"><img decoding=\"async\" width=\"1640\" height=\"1068\" loading=\"lazy\" src=\"https:\/\/wpml.org\/wp-content\/uploads\/2024\/08\/Multilingual-Tools-Overview-page-1.png\" alt=\"\" class=\"wp-image-16124385\" srcset=\"https:\/\/wpml.org\/wp-content\/uploads\/2024\/08\/Multilingual-Tools-Overview-page-1.png 1640w, https:\/\/wpml.org\/wp-content\/uploads\/2024\/08\/Multilingual-Tools-Overview-page-1-300x195.png 300w, https:\/\/wpml.org\/wp-content\/uploads\/2024\/08\/Multilingual-Tools-Overview-page-1-1024x667.png 1024w, https:\/\/wpml.org\/wp-content\/uploads\/2024\/08\/Multilingual-Tools-Overview-page-1-150x98.png 150w, https:\/\/wpml.org\/wp-content\/uploads\/2024\/08\/Multilingual-Tools-Overview-page-1-768x500.png 768w, https:\/\/wpml.org\/wp-content\/uploads\/2024\/08\/Multilingual-Tools-Overview-page-1-1536x1000.png 1536w\" sizes=\"auto, (max-width: 1640px) 100vw, 1640px\" \/><\/a><figcaption><div class=\"tb-image-caption\">Multilingual Tools \u00dcbersichtsseite<\/div><\/figcaption><\/figure>\n\n\n\n<p>Wenn Sie mit Ihrer Konfiguration zufrieden sind, folgen Sie den nachstehenden Schritten, um sie zu testen. Andernfalls <a href=\"#generate\">generieren Sie eine neue Sprachkonfigurationsdatei<\/a>, um Ihre Einstellungen zu aktualisieren. <\/p>\n\n\n\n<div style=\"height:10px\" aria-hidden=\"true\" class=\"wp-block-spacer\"><\/div>\n\n\n\n<h3 class=\"wp-block-heading\" id=\"verify\"><a><\/a>1. \u00dcberpr\u00fcfen Sie, ob fest codierte Texte in Gettext-Aufrufen eingebunden sind<\/h3>\n\n\n\n<p>Um Ihr Plugin oder Theme zu \u00fcbersetzen, m\u00fcssen Sie alle fest codierten Texte mit <strong>Gettext<\/strong>-Aufrufen umschlie\u00dfen. Wenn Sie dies noch nicht getan haben oder Ihre Einrichtung noch einmal \u00fcberpr\u00fcfen m\u00f6chten, befolgen Sie diese <a href=\"https:\/\/ptc.wpml.org\/documentation\/translate-wordpress-themes-and-plugins-with-ai\/#internationalization\" target=\"_blank\" rel=\"noreferrer noopener\">WordPress i18n-Richtlinien<\/a> f\u00fcr Anweisungen. <\/p>\n\n\n\n<div style=\"height:10px\" aria-hidden=\"true\" class=\"wp-block-spacer\"><\/div>\n\n\n\n<h3 class=\"wp-block-heading\" id=\"scan\"><a><\/a>2. Scannen Sie Ihr Plugin oder Theme nach fest codierten Texten<\/h3>\n\n\n\n<p>Verwenden Sie als N\u00e4chstes WPML, um Ihr Plugin oder Theme nach fest codierten Texten zu scannen:<\/p>\n\n\n\n<ol start=\"1\" class=\"wp-block-list\">\n<li>Gehen Sie zu <strong>WPML<\/strong> \u2192 <strong>Theme- und Plugin-Lokalisierung<\/strong>.<\/li>\n\n\n\n<li>W\u00e4hlen Sie Ihr Theme oder Plugin aus und scannen Sie nach Texten.<\/li>\n<\/ol>\n\n\n\n<figure class=\"wp-block-image tb-image tb-image-dynamic tb-image-frame-none\" data-toolset-blocks-image=\"7ed8a5f5ef655f332d40417eff882e2e\"><a href=\"https:\/\/wpml.org\/wp-content\/uploads\/2024\/08\/Scanning-texts-in-theme-1.png\"><img decoding=\"async\" width=\"1024\" height=\"637\" loading=\"lazy\" src=\"https:\/\/wpml.org\/wp-content\/uploads\/2024\/08\/Scanning-texts-in-theme-1-1024x637.png\" alt=\"\" class=\"wp-image-16124405\" srcset=\"https:\/\/wpml.org\/wp-content\/uploads\/2024\/08\/Scanning-texts-in-theme-1-1024x637.png 1024w, https:\/\/wpml.org\/wp-content\/uploads\/2024\/08\/Scanning-texts-in-theme-1-300x187.png 300w, https:\/\/wpml.org\/wp-content\/uploads\/2024\/08\/Scanning-texts-in-theme-1-150x93.png 150w, https:\/\/wpml.org\/wp-content\/uploads\/2024\/08\/Scanning-texts-in-theme-1-768x478.png 768w, https:\/\/wpml.org\/wp-content\/uploads\/2024\/08\/Scanning-texts-in-theme-1.png 1515w\" sizes=\"auto, (max-width: 1024px) 100vw, 1024px\" \/><\/a><figcaption><div class=\"tb-image-caption\">Texte im Theme scannen<br\/><\/div><\/figcaption><\/figure>\n\n\n\n<h3 class=\"wp-block-heading\" id=\"choose\">3. W\u00e4hlen Sie Elemente zum Testen aus<\/h3>\n\n\n\n<p>W\u00e4hlen Sie als N\u00e4chstes die Elemente aus, f\u00fcr die Sie die Konfiguration testen m\u00f6chten:<\/p>\n\n\n\n<ol start=\"1\" class=\"wp-block-list\">\n<li>Gehen Sie zu <strong>Multilingual Tools<\/strong> \u2192 <strong>Einstellungen<\/strong>.<\/li>\n\n\n\n<li>Scrollen Sie nach unten zu <strong>Sprachinformationen zum Post-Duplikat hinzuf\u00fcgen<\/strong>.<\/li>\n\n\n\n<li>\u00dcberpr\u00fcfen Sie die Elemente, die Sie testen m\u00f6chten, und speichern Sie.<\/li>\n<\/ol>\n\n\n\n<figure class=\"wp-block-image tb-image tb-image-dynamic tb-image-frame-none\" data-toolset-blocks-image=\"2628accc80e1b3a6577b638a3d90a434\"><a href=\"https:\/\/wpml.org\/wp-content\/uploads\/2024\/08\/Choosing-elements-to-test-1.png\"><img decoding=\"async\" width=\"1516\" height=\"941\" loading=\"lazy\" src=\"https:\/\/wpml.org\/wp-content\/uploads\/2024\/08\/Choosing-elements-to-test-1.png\" alt=\"\" class=\"wp-image-16124419\" srcset=\"https:\/\/wpml.org\/wp-content\/uploads\/2024\/08\/Choosing-elements-to-test-1.png 1516w, https:\/\/wpml.org\/wp-content\/uploads\/2024\/08\/Choosing-elements-to-test-1-300x186.png 300w, https:\/\/wpml.org\/wp-content\/uploads\/2024\/08\/Choosing-elements-to-test-1-1024x636.png 1024w, https:\/\/wpml.org\/wp-content\/uploads\/2024\/08\/Choosing-elements-to-test-1-150x93.png 150w, https:\/\/wpml.org\/wp-content\/uploads\/2024\/08\/Choosing-elements-to-test-1-768x477.png 768w\" sizes=\"auto, (max-width: 1516px) 100vw, 1516px\" \/><\/a><figcaption><div class=\"tb-image-caption\">Elemente zum Testen ausw\u00e4hlen<\/div><\/figcaption><\/figure>\n\n\n\n<p>Um Zeichenketten zu testen, \u00f6ffnen Sie das Dropdown-Men\u00fc f\u00fcr Zeichenketten im Abschnitt <strong>Automatisch Zeichenketten\u00fcbersetzungen generieren<\/strong>, w\u00e4hlen Sie Ihre Zeichenquellen aus und klicken Sie auf <strong>Zeichenketten\u00fcbersetzungen generieren<\/strong>.<\/p>\n\n\n\n<div style=\"height:5px\" aria-hidden=\"true\" class=\"wp-block-spacer\"><\/div>\n\n\n\n<h3 class=\"wp-block-heading\" id=\"send\"><a><\/a>4. Inhalte zur \u00dcbersetzung senden<\/h3>\n\n\n\n<p>Um zu vermeiden, Zeit (oder Geld) f\u00fcr die \u00dcbersetzung von Dummy-Inhalten zu verschwenden, f\u00fcgt Multilingual Tools den Texten ein Sprachpr\u00e4fix hinzu. Um diese Aktion auszuf\u00fchren, <strong>duplizieren<\/strong> Sie Ihre Inhalte mit WPML und lassen Sie Multilingual Tools den Rest erledigen: <\/p>\n\n\n\n<ol start=\"1\" class=\"wp-block-list\">\n<li>Gehen Sie zu <strong>WPML <\/strong>\u2192 <strong>\u00dcbersetzungs-Dashboard<\/strong>.<\/li>\n\n\n\n<li>W\u00e4hlen Sie den Inhalt aus, den Sie testen m\u00f6chten.<\/li>\n\n\n\n<li>W\u00e4hlen Sie <strong>Duplizieren<\/strong> als \u00dcbersetzungsmethode und \u00fcbersetzen Sie. <\/li>\n<\/ol>\n\n\n\n<div style=\"height:20px\" aria-hidden=\"true\" class=\"wp-block-spacer\"><\/div>\n\n\n\n<h3 class=\"wp-block-heading\" id=\"confirm\"><a><\/a>5. Kompatibilit\u00e4t best\u00e4tigen<\/h3>\n\n\n\n<p>Besuchen Sie abschlie\u00dfend den soeben \u00fcbersetzten Inhalt im Frontend und wechseln Sie die Sprachen. Ihre Elemente sind kompatibel, wenn Texte ein Sprachpr\u00e4fix enthalten. Wenn einige Texte kein Pr\u00e4fix enthalten, sind sie nicht kompatibel und ben\u00f6tigen zus\u00e4tzliche Konfiguration.  <\/p>\n\n\n\n<figure class=\"wp-block-image tb-image tb-image-dynamic tb-image-frame-none\" data-toolset-blocks-image=\"8b6da16759908e532eea9919a0e0990e\"><a href=\"https:\/\/wpml.org\/wp-content\/uploads\/2024\/08\/Checking-compatibility-on-front-end-1.png\"><img decoding=\"async\" width=\"1285\" height=\"799\" loading=\"lazy\" src=\"https:\/\/wpml.org\/wp-content\/uploads\/2024\/08\/Checking-compatibility-on-front-end-1.png\" alt=\"\" class=\"wp-image-16124434\" srcset=\"https:\/\/wpml.org\/wp-content\/uploads\/2024\/08\/Checking-compatibility-on-front-end-1.png 1285w, https:\/\/wpml.org\/wp-content\/uploads\/2024\/08\/Checking-compatibility-on-front-end-1-300x187.png 300w, https:\/\/wpml.org\/wp-content\/uploads\/2024\/08\/Checking-compatibility-on-front-end-1-1024x637.png 1024w, https:\/\/wpml.org\/wp-content\/uploads\/2024\/08\/Checking-compatibility-on-front-end-1-150x93.png 150w, https:\/\/wpml.org\/wp-content\/uploads\/2024\/08\/Checking-compatibility-on-front-end-1-768x478.png 768w\" sizes=\"auto, (max-width: 1285px) 100vw, 1285px\" \/><\/a><figcaption><div class=\"tb-image-caption\">Kompatibilit\u00e4t im Frontend \u00fcberpr\u00fcfen<\/div><\/figcaption><\/figure>\n\n\n\n<h2 class=\"wp-block-heading\" id=\"register-for-translation\">Benutzerdefinierte Elementor und Gutenberg Bl\u00f6cke \u00fcbersetzbar machen<\/h2>\n\n\n\n<p>Wenn Ihr Plugin Elementor Widgets oder Gutenberg Bl\u00f6cke verwendet, erleichtert Ihnen das <strong>Multilingual Tools<\/strong> Plugin, diese \u00fcbersetzbar zu machen. Das Plugin generiert die erste Version des XML-Codes, den Sie ben\u00f6tigen, um Widgets und Bl\u00f6cke zu registrieren, sodass Sie ihn nicht von Grund auf erstellen m\u00fcssen. <\/p>\n\n\n\n<p>Erfahren Sie, wie Sie <a href=\"https:\/\/wpml.org\/documentation\/support\/language-configuration-files\/make-custom-gutenberg-blocks-translatable\/\">benutzerdefinierte Gutenberg Bl\u00f6cke \u00fcbersetzbar machen<\/a> und <a href=\"https:\/\/wpml.org\/documentation\/support\/multilingual-tools\/registering-custom-elementor-widgets-for-translation\/\">wie Sie benutzerdefinierte Elementor Widgets registrieren<\/a>.<\/p>\n\n\n\n<h2 class=\"wp-block-heading\" id=\"generate\">Eine Sprachkonfigurationsdatei generieren<\/h2>\n\n\n\n<p>Um eine Sprachkonfigurationsdatei zu generieren, gehen Sie zu <strong>Multilingual Tools<\/strong> \u2192 <strong>Konfigurationsdatei<\/strong> und legen Sie Ihre Pr\u00e4ferenzen fest.<\/p>\n\n\n\n<h3 class=\"wp-block-heading\" id=\"settings\"><a><\/a>Einstellungen \u00dcbersicht<\/h3>\n\n\n\n<p><strong>Custom Post Type \/ Custom Taxonomies<\/strong><\/p>\n\n\n\n<ul class=\"wp-block-list\">\n<li><strong>Nichts tun<\/strong> \u2013 ignorieren und nicht \u00fcbersetzen<\/li>\n\n\n\n<li><strong>\u00dcbersetzbar<\/strong> \u2013 nur \u00fcbersetzte Elemente anzeigen<\/li>\n\n\n\n<li><strong>\u00dcbersetzbar<\/strong> \u2013 \u00dcbersetzung verwenden, falls verf\u00fcgbar, oder auf Standardsprache zur\u00fcckgreifen<\/li>\n<\/ul>\n\n\n\n<p><strong>Benutzerdefinierte Felder<\/strong><\/p>\n\n\n\n<ul class=\"wp-block-list\">\n<li><strong>Nicht \u00fcbersetzen<\/strong> \u2013 ignorieren und nicht \u00fcbersetzen<\/li>\n\n\n\n<li><strong>Kopieren<\/strong> \u2013 Wert aus Standardsprache kopieren und synchron bleiben (gut f\u00fcr Zahlen)<\/li>\n\n\n\n<li><strong>Einmal kopieren<\/strong> \u2013 Wert aus Standardsprache nur einmal kopieren (gut f\u00fcr unterschiedliche Feldwerte pro Sprache)<\/li>\n\n\n\n<li><strong>\u00dcbersetzen<\/strong> \u2013 in andere Sprachen \u00fcbersetzen<\/li>\n<\/ul>\n\n\n\n<p><strong>Admin-Texte<\/strong><\/p>\n\n\n\n<p>Registrieren Sie Zeichenketten in der <strong>wp_options<\/strong>-Tabelle zur \u00dcbersetzung. Beispielsweise werden der Website-Titel oder Widget-Einstellungen oft in dieser Tabelle gespeichert. Durch die Registrierung in der Konfigurationsdatei stellen Sie sicher, dass Benutzer sie \u00fcbersetzen k\u00f6nnen.  <\/p>\n\n\n\n<p><strong>Shortcodes<\/strong><\/p>\n\n\n\n<p>Registrieren Sie Texte oder Attribute innerhalb von Shortcodes zur \u00dcbersetzung.<\/p>\n<\/div>\n<\/div>\n<\/div><\/div>\n","protected":false},"excerpt":{"rendered":"","protected":false},"author":2,"featured_media":0,"parent":1255,"menu_order":89,"comment_status":"closed","ping_status":"closed","template":"template-full.php","meta":{"_bbp_topic_count":0,"_bbp_reply_count":0,"_bbp_total_topic_count":0,"_bbp_total_reply_count":0,"_bbp_voice_count":0,"_bbp_anonymous_reply_count":0,"_bbp_topic_count_hidden":0,"_bbp_reply_count_hidden":0,"_bbp_forum_subforum_count":0,"ep_exclude_from_search":false,"footnotes":""},"related-projects-category":[27889],"class_list":["post-15254337","page","type-page","status-publish","hentry","related-projects-category-werkzeuge-zum-testen"],"_links":{"self":[{"href":"https:\/\/wpml.org\/de\/wp-json\/wp\/v2\/pages\/15254337","targetHints":{"allow":["GET"]}}],"collection":[{"href":"https:\/\/wpml.org\/de\/wp-json\/wp\/v2\/pages"}],"about":[{"href":"https:\/\/wpml.org\/de\/wp-json\/wp\/v2\/types\/page"}],"author":[{"embeddable":true,"href":"https:\/\/wpml.org\/de\/wp-json\/wp\/v2\/users\/2"}],"replies":[{"embeddable":true,"href":"https:\/\/wpml.org\/de\/wp-json\/wp\/v2\/comments?post=15254337"}],"version-history":[{"count":8,"href":"https:\/\/wpml.org\/de\/wp-json\/wp\/v2\/pages\/15254337\/revisions"}],"predecessor-version":[{"id":17389598,"href":"https:\/\/wpml.org\/de\/wp-json\/wp\/v2\/pages\/15254337\/revisions\/17389598"}],"up":[{"embeddable":true,"href":"https:\/\/wpml.org\/de\/wp-json\/wp\/v2\/pages\/1255"}],"wp:attachment":[{"href":"https:\/\/wpml.org\/de\/wp-json\/wp\/v2\/media?parent=15254337"}],"wp:term":[{"taxonomy":"related-projects-category","embeddable":true,"href":"https:\/\/wpml.org\/de\/wp-json\/wp\/v2\/related-projects-category?post=15254337"}],"curies":[{"name":"wp","href":"https:\/\/api.w.org\/{rel}","templated":true}]}}