{"id":15257655,"date":"2020-01-20T11:59:52","date_gmt":"2020-01-20T11:59:52","guid":{"rendered":"https:\/\/wpml.org\/documentation-3\/ahnliche-projekte\/erstellen-mehrsprachiger-formulare-mit-wpforms-und-wpml\/"},"modified":"2026-02-26T07:08:23","modified_gmt":"2026-02-26T07:08:23","slug":"erstellen-mehrsprachiger-formulare-mit-wpforms-und-wpml","status":"publish","type":"page","link":"https:\/\/wpml.org\/de\/documentation-3\/ahnliche-projekte\/erstellen-mehrsprachiger-formulare-mit-wpforms-und-wpml\/","title":{"rendered":"Erstellung mehrsprachiger Formulare mit WPForms und WPML"},"content":{"rendered":"\n<div class=\"wp-block-toolset-blocks-container tb-container alignfull\" data-toolset-blocks-container=\"94dd78864cc45c0d76f651c04a8537d4\"><div class=\"tb-container-inner\">\n<p class=\"tb-heading has-text-color\" data-toolset-blocks-heading=\"0190bf5c0f5e682e6e1d8be7e6f401ac\" data-last-update=\"1.4\"><span><span><a href=\"https:\/\/wpml.org\/de\/startseite\/\">Home<\/a><\/span><\/span><\/p>\n\n\n\n<div class=\"wp-block-toolset-blocks-grid tb-grid\" data-toolset-blocks-grid=\"1e3256eddcd8d1ddf217eef5389f4d56\">\n<div class=\"wp-block-toolset-blocks-grid-column tb-grid-column tb-grid-align-center\" data-toolset-blocks-grid-column=\"f586ff7bfe1d7317c63162ec7b7039ed\">\n<div class=\"wp-block-toolset-blocks-container tb-container\" data-toolset-blocks-container=\"63eba53fa33f26df5ecc49627b8c150d\"><\/div>\n\n\n\n<h1 class=\"tb-heading has-text-color\" data-toolset-blocks-heading=\"b686c8b3d4780754ef6585bd91a569b8\" data-last-update=\"1.4\">WPForms Multilingual \u2013 Formulare mit WPML \u00fcbersetzen<\/h1>\n\n\n\n<div class=\"tb-fields-and-text\" data-toolset-blocks-fields-and-text=\"2d56af030c7b03fd37e29388704bc251\"><p><span data-sheets-root=\"1\">WPForms Multilingual (WPFML) ist ein WPML-Add-on zum \u00dcbersetzen Ihrer Formularfelder und Beschriftungen in weitere Sprachen. <\/span><\/p><\/div>\n\n\n\n<div id=\"wpml-info-account-trigger\" class=\"tb-button\" data-toolset-blocks-button=\"8cbad75b7ef10ee5dc029975b8093a47\"><a class=\"tb-button__link\" href=\"https:\/\/wpml.org\/account\/downloads\/#wpforms-multilingual\"><span class=\"tb-button__content\">WPForms Multilingual erhalten<\/span><i class=\"tb-button__icon\"><\/i><\/a><\/div>\n<\/div>\n\n\n\n<div class=\"wp-block-toolset-blocks-grid-column tb-grid-column tb-grid-align-center\" data-toolset-blocks-grid-column=\"c77f65d01bb1c283e93f285b389d97af\">\n<figure class=\"wp-block-image tb-image tb-image-dynamic tb-image-frame-none\" data-toolset-blocks-image=\"7514518659316b7a6c4ca8dd966a452f\"><img decoding=\"async\" width=\"706\" height=\"644\" loading=\"lazy\" src=\"https:\/\/wpml.org\/wp-content\/uploads\/2023\/04\/form-10-1.png\" alt=\"\" class=\"wp-image-13391971\" srcset=\"https:\/\/wpml.org\/wp-content\/uploads\/2023\/04\/form-10-1.png 706w, https:\/\/wpml.org\/wp-content\/uploads\/2023\/04\/form-10-1-300x274.png 300w, https:\/\/wpml.org\/wp-content\/uploads\/2023\/04\/form-10-1-150x137.png 150w\" sizes=\"auto, (max-width: 706px) 100vw, 706px\" \/><\/figure>\n<\/div>\n<\/div>\n<\/div><\/div>\n\n<div class=\"wp-block-toolset-blocks-container tb-container\" data-toolset-blocks-container=\"8f3deaef8758197413c254193c4637bf\"><div class=\"tb-container-inner\">\n<h3 class=\"tb-heading has-text-color\" data-toolset-blocks-heading=\"b070f645c37bab54e01bb6a1dae34a7f\" data-last-update=\"1.4\"><strong>Erstellen Sie mehrsprachige WPForms mit WPML<\/strong><\/h3>\n\n\n\n<div class=\"wp-block-toolset-blocks-grid tb-grid\" data-toolset-blocks-grid=\"7edcf3bc4776444a257584af916cc96f\">\n<div class=\"wp-block-toolset-blocks-grid-column tb-grid-column tb-grid-align-top\" data-toolset-blocks-grid-column=\"3034fbe886c11054e95b46b09d3e4112\">\n<div class=\"wp-block-toolset-blocks-container tb-container\" data-toolset-blocks-container=\"adbbcc4f0fb57ebb3945b71819a17420\"><\/div>\n\n\n\n<p class=\"tb-heading has-text-color\" data-toolset-blocks-heading=\"d4f8b066db357591cd36f26cf22c3f4b\" data-last-update=\"1.4\">\u00dcbersetzen Sie dasselbe Formular in wenigen Minuten in eine <strong>unbegrenzte Anzahl von Sprachen<\/strong>.<\/p>\n<\/div>\n\n\n\n<div class=\"wp-block-toolset-blocks-grid-column tb-grid-column tb-grid-align-top\" data-toolset-blocks-grid-column=\"6aa6629b0bd14de4b0c8a30d5e016060\">\n<div class=\"wp-block-toolset-blocks-container tb-container\" data-toolset-blocks-container=\"5684ad6fb8b6cdf9e58c033a331ea3c3\"><\/div>\n\n\n\n<h3 class=\"tb-heading has-text-color\" data-toolset-blocks-heading=\"3ef30984be70a22f91a1371cf6f5feb7\" data-last-update=\"1.4\">\u00dcbersetzen Sie <strong>jedes Element<\/strong> Ihres WordPress-Formulars, einschlie\u00dflich Formular\u00fcberschriften, Felder, Beschriftungen, Unterbeschriftungen, Benachrichtigungen, Best\u00e4tigungen und mehr.<\/h3>\n<\/div>\n\n\n\n<div class=\"wp-block-toolset-blocks-grid-column tb-grid-column tb-grid-align-top\" data-toolset-blocks-grid-column=\"3034fbe886c11054e95b46b09d3e4112\">\n<div class=\"wp-block-toolset-blocks-container tb-container\" data-toolset-blocks-container=\"768e3db91a13730deb5db79f1a2f2625\"><\/div>\n\n\n\n<h3 class=\"tb-heading has-text-color\" data-toolset-blocks-heading=\"3ef30984be70a22f91a1371cf6f5feb7\" data-last-update=\"1.4\">\u00dcbersetzen Sie Formulare <strong>automatisch<\/strong>, <strong>selbst<\/strong> oder <strong>mit<\/strong> <strong>professionellen \u00dcbersetzern<\/strong>, alles \u00fcber das \u00dcbersetzungs-Dashboard von WPML.<\/h3>\n<\/div>\n<\/div>\n<\/div><\/div>\n\n<div class=\"wp-block-toolset-blocks-container tb-container\" data-toolset-blocks-container=\"a03f28b68e7ebf56bfe1641740b90da2\"><div class=\"tb-container-inner\">\n<div class=\"wp-block-toolset-blocks-grid tb-grid\" data-toolset-blocks-grid=\"53ce567584c307825428d23825630ccf\">\n<div class=\"wp-block-toolset-blocks-grid-column tb-grid-column tb-grid-align-top product-page-content wcml-sticky-top\" data-toolset-blocks-grid-column=\"6c0dc946376cceadc9fc9fc41b7e5a85\">\n<p class=\"tb-heading has-text-color\" data-toolset-blocks-heading=\"71bae4bc73e48e0e55545f40ce013867\" data-last-update=\"1.4\"><strong>Auf dieser Seite<\/strong><\/p>\n\n\n\n<p class=\"tb-heading\" data-toolset-blocks-heading=\"4501ab3f5d8cb86525799ef6b1804e84\" data-last-update=\"1.4\"><a href=\"#getting-started\">Erforderliche Plugins<\/a><\/p>\n\n\n\n<p class=\"tb-heading\" data-toolset-blocks-heading=\"4501ab3f5d8cb86525799ef6b1804e84\" data-last-update=\"1.4\"><a href=\"#translate-wpforms-with-wpml\">Wie man WPForms mit WPML \u00fcbersetzt<\/a><\/p>\n\n\n\n<p class=\"tb-heading\" data-toolset-blocks-heading=\"4501ab3f5d8cb86525799ef6b1804e84\" data-last-update=\"1.4\"><a href=\"#text-not-translating\">Text wird nicht \u00fcbersetzt?<\/a><\/p>\n\n\n\n<p class=\"tb-heading\" data-toolset-blocks-heading=\"4501ab3f5d8cb86525799ef6b1804e84\" data-last-update=\"1.4\"><a href=\"#start-translating-with-wpml\">Beginnen Sie mit der \u00dcbersetzung mit WPML<\/a><\/p>\n<\/div>\n\n\n\n<div class=\"wp-block-toolset-blocks-grid-column tb-grid-column tb-grid-align-top product-page-content\" data-toolset-blocks-grid-column=\"613ca808c900d7f6c7303b84383bbf91\">\n<h2 class=\"wp-block-heading\" id=\"getting-started\">Erforderliche Plugins<\/h2>\n\n\n\n<p>Um WPForms mit WPML zu \u00fcbersetzen, installieren und aktivieren Sie: <\/p>\n\n\n\n<ul class=\"wp-block-list\">\n<li><a href=\"https:\/\/wpml.org\/de\/purchase\/\">WPML<\/a> <\/li>\n\n\n\n<li>WPML String Translation <\/li>\n\n\n\n<li><a href=\"https:\/\/wpforms.com\/\">WPForms<\/a> oder <a href=\"https:\/\/wordpress.org\/plugins\/wpforms-lite\/\">WPForms lite<\/a><\/li>\n\n\n\n<li><a href=\"https:\/\/wpml.org\/de\/account\/downloads\/#wpforms-multilingual\">WPForms Multilingual<\/a><\/li>\n<\/ul>\n\n\n\n<div style=\"height:10px\" aria-hidden=\"true\" class=\"wp-block-spacer\"><\/div>\n\n\n\n<h2 class=\"wp-block-heading\" id=\"translate-wpforms-with-wpml\">Wie man WPForms mit WPML \u00fcbersetzt<\/h2>\n\n\n\n<p>Um WPForms mit WPML zu \u00fcbersetzen:<\/p>\n\n\n\n<ol class=\"wp-block-list\">\n<li>Gehen Sie zu <strong>WPML \u2192 Translation Dashboard<\/strong> und scrollen Sie nach unten zum Abschnitt <strong>WPForms<\/strong>.<\/li>\n\n\n\n<li>W\u00e4hlen Sie die Formulare aus, die Sie \u00fcbersetzen m\u00f6chten.<\/li>\n<\/ol>\n\n\n\n<figure class=\"wp-block-image tb-image tb-image-dynamic tb-image-frame-none\" data-toolset-blocks-image=\"d2a04325e00c9482ba6596fa6a12dc8b\"><a href=\"https:\/\/wpml.org\/wp-content\/uploads\/2026\/02\/Selecting-WPForms-to-translate.png\"><img decoding=\"async\" width=\"1024\" height=\"625\" loading=\"lazy\" src=\"https:\/\/wpml.org\/wp-content\/uploads\/2026\/02\/Selecting-WPForms-to-translate-1024x625.png\" alt=\"Selecting WPForms to translate\" class=\"wp-image-17792328\" srcset=\"https:\/\/wpml.org\/wp-content\/uploads\/2026\/02\/Selecting-WPForms-to-translate-1024x625.png 1024w, https:\/\/wpml.org\/wp-content\/uploads\/2026\/02\/Selecting-WPForms-to-translate-300x183.png 300w, https:\/\/wpml.org\/wp-content\/uploads\/2026\/02\/Selecting-WPForms-to-translate-150x92.png 150w, https:\/\/wpml.org\/wp-content\/uploads\/2026\/02\/Selecting-WPForms-to-translate-768x469.png 768w, https:\/\/wpml.org\/wp-content\/uploads\/2026\/02\/Selecting-WPForms-to-translate-1536x938.png 1536w, https:\/\/wpml.org\/wp-content\/uploads\/2026\/02\/Selecting-WPForms-to-translate.png 1600w\" sizes=\"auto, (max-width: 1024px) 100vw, 1024px\" \/><\/a><figcaption><div class=\"tb-image-caption\">WPForms zur \u00dcbersetzung ausw\u00e4hlen<\/div><\/figcaption><\/figure>\n\n\n\n<ol start=\"3\" class=\"wp-block-list\">\n<li>W\u00e4hlen Sie eine \u00dcbersetzungsmethode und senden Sie es zur \u00dcbersetzung. <\/li>\n<\/ol>\n\n\n\n<div style=\"height:30px\" aria-hidden=\"true\" class=\"wp-block-spacer\"><\/div>\n\n\n\n<p>Um Ihr Formular im Frontend anzuzeigen, gehen Sie zu der Seite, die Ihr Formular enth\u00e4lt, und wechseln Sie die Sprache. Denken Sie daran, die <a href=\"https:\/\/wpml.org\/documentation\/getting-started-guide\/translate-pages-in-wordpress-with-wpml\/\">Seite mit Ihrem Formular zu \u00fcbersetzen<\/a>, um dies zu tun.  <\/p>\n\n\n\n<div class=\"wp-block-toolset-blocks-grid tb-grid\" data-toolset-blocks-grid=\"3d9c399fe625e1b972f817a0680229f6\">\n<div class=\"wp-block-toolset-blocks-grid-column tb-grid-column tb-grid-align-top\" data-toolset-blocks-grid-column=\"3034fbe886c11054e95b46b09d3e4112\">\n<figure class=\"wp-block-image tb-image tb-image-dynamic tb-image-frame-none\" data-toolset-blocks-image=\"ecb464f0158c81e6d8f5faad4c65ec38\"><a href=\"https:\/\/wpml.org\/wp-content\/uploads\/2024\/05\/wpml-wpforms-english-form.png\"><img decoding=\"async\" width=\"885\" height=\"1024\" loading=\"lazy\" src=\"https:\/\/wpml.org\/wp-content\/uploads\/2024\/05\/wpml-wpforms-english-form-885x1024.png\" alt=\"\" class=\"wp-image-15667907\" srcset=\"https:\/\/wpml.org\/wp-content\/uploads\/2024\/05\/wpml-wpforms-english-form-885x1024.png 885w, https:\/\/wpml.org\/wp-content\/uploads\/2024\/05\/wpml-wpforms-english-form-259x300.png 259w, https:\/\/wpml.org\/wp-content\/uploads\/2024\/05\/wpml-wpforms-english-form-130x150.png 130w, https:\/\/wpml.org\/wp-content\/uploads\/2024\/05\/wpml-wpforms-english-form-768x889.png 768w, https:\/\/wpml.org\/wp-content\/uploads\/2024\/05\/wpml-wpforms-english-form-300x347.png 300w, https:\/\/wpml.org\/wp-content\/uploads\/2024\/05\/wpml-wpforms-english-form.png 1320w\" sizes=\"auto, (max-width: 885px) 100vw, 885px\" \/><\/a><figcaption><div class=\"tb-image-caption\">Bewerbungsformular auf Englisch <\/div><\/figcaption><\/figure>\n<\/div>\n\n\n\n<div class=\"wp-block-toolset-blocks-grid-column tb-grid-column tb-grid-align-top\" data-toolset-blocks-grid-column=\"3034fbe886c11054e95b46b09d3e4112\">\n<figure class=\"wp-block-image tb-image tb-image-dynamic tb-image-frame-none\" data-toolset-blocks-image=\"ca9afd352f60c0ef00901e5437823363\"><a href=\"https:\/\/wpml.org\/wp-content\/uploads\/2024\/05\/wpml-wpforms-spanish-translation.png\"><img decoding=\"async\" width=\"886\" height=\"1024\" loading=\"lazy\" src=\"https:\/\/wpml.org\/wp-content\/uploads\/2024\/05\/wpml-wpforms-spanish-translation-886x1024.png\" alt=\"\" class=\"wp-image-15667921\" srcset=\"https:\/\/wpml.org\/wp-content\/uploads\/2024\/05\/wpml-wpforms-spanish-translation-886x1024.png 886w, https:\/\/wpml.org\/wp-content\/uploads\/2024\/05\/wpml-wpforms-spanish-translation-259x300.png 259w, https:\/\/wpml.org\/wp-content\/uploads\/2024\/05\/wpml-wpforms-spanish-translation-130x150.png 130w, https:\/\/wpml.org\/wp-content\/uploads\/2024\/05\/wpml-wpforms-spanish-translation-768x888.png 768w, https:\/\/wpml.org\/wp-content\/uploads\/2024\/05\/wpml-wpforms-spanish-translation-1328x1536.png 1328w, https:\/\/wpml.org\/wp-content\/uploads\/2024\/05\/wpml-wpforms-spanish-translation-300x347.png 300w, https:\/\/wpml.org\/wp-content\/uploads\/2024\/05\/wpml-wpforms-spanish-translation.png 1408w\" sizes=\"auto, (max-width: 886px) 100vw, 886px\" \/><\/a><figcaption><div class=\"tb-image-caption\">Bewerbungsformular auf Spanisch<\/div><\/figcaption><\/figure>\n<\/div>\n<\/div>\n\n\n\n<h2 class=\"wp-block-heading\" id=\"text-not-translating\">Text wird nicht \u00fcbersetzt?<\/h2>\n\n\n\n<p>Wenn einige Ihrer Formulartexte, wie z. B. Beschriftungen und Unterbeschriftungen, nicht \u00fcbersetzt werden, handelt es sich wahrscheinlich um Strings. So \u00fcbersetzen Sie Strings:  <\/p>\n\n\n\n<ol class=\"wp-block-list\">\n<li>Besuchen Sie Ihr Formular im Frontend. Dadurch registriert WPML die Strings f\u00fcr die \u00dcbersetzung. <\/li>\n\n\n\n<li>Gehen Sie dann zu <strong>WPML \u2192 Translation Dashboard<\/strong> und scrollen Sie zum Abschnitt <strong>Andere Texte (Strings)<\/strong>.<\/li>\n\n\n\n<li>Suchen Sie nach Ihren Zeichenketten und senden Sie sie zur \u00dcbersetzung. <\/li>\n<\/ol>\n\n\n\n<div style=\"height:30px\" aria-hidden=\"true\" class=\"wp-block-spacer\"><\/div>\n\n\n\n<p>Wenn Sie diese Texte immer noch nicht finden k\u00f6nnen, stellen Sie sicher, dass die <strong>automatische Registrierung<\/strong> im Abschnitt <strong>Andere Texte (Strings)<\/strong> im Translation Dashboard aktiviert ist.<\/p>\n\n\n\n<h2 class=\"wp-block-heading\" id=\"start-translating-with-wpml\">Beginnen Sie mit der \u00dcbersetzung mit WPML <\/h2>\n\n\n\n<p>Wenn Sie bereits ein WPML-Konto haben, k\u00f6nnen Sie WPForms Multilingual (ohne zus\u00e4tzliche Kosten) von der <a href=\"https:\/\/wpml.org\/de\/account\/downloads\/#wpforms-multilingual\">Downloads<\/a>-Seite herunterladen.<\/p>\n\n\n\n<p>Sie haben kein WPML? Besuchen Sie unsere <a href=\"https:\/\/wpml.org\/de\/purchase\/\">Preisgestaltungsseite<\/a>, um den richtigen Plan f\u00fcr Ihre Website zu finden.  <\/p>\n<\/div>\n<\/div>\n<\/div><\/div>\n","protected":false},"excerpt":{"rendered":"<p class=\"lead\">WPForms ist ein Plugin, mit dem Sie Kontaktformulare zu Ihrer WordPress-Website hinzuf\u00fcgen k\u00f6nnen. In dieser Anleitung erfahren Sie, wie Sie Ihre WPForms mit WPML mehrsprachig machen k\u00f6nnen. <\/p>\n","protected":false},"author":538393,"featured_media":0,"parent":97658,"menu_order":59,"comment_status":"closed","ping_status":"closed","template":"template-full-with-popup-generic.php","meta":{"_bbp_topic_count":0,"_bbp_reply_count":0,"_bbp_total_topic_count":0,"_bbp_total_reply_count":0,"_bbp_voice_count":0,"_bbp_anonymous_reply_count":0,"_bbp_topic_count_hidden":0,"_bbp_reply_count_hidden":0,"_bbp_forum_subforum_count":0,"_uag_custom_page_level_css":"","ep_exclude_from_search":false,"footnotes":""},"related-projects-category":[27812],"class_list":["post-15257655","page","type-page","status-publish","hentry","related-projects-category-forms-de"],"spectra_custom_meta":{"ratings_users":["0"],"ratings_score":["0"],"ratings_average":["0"],"_subscription_coupon_product_id":["0"],"_wpv_contains_gutenberg_views":[""],"_alp_processed":["1772089704"],"_views_template":["0"],"wpcf-unformatted-code":[""],"_wpml_media_duplicate":["1"],"_wpml_media_featured":["1"],"toolset_post_editor_mode":["block"],"wpcf-price-increase-show-from":[""],"wpcf-price-increase-show-till":[""],"_wp_page_template":["template-full-with-popup-generic.php"],"_last_translation_edit_mode":["translation-editor"],"_oembed_bbf56b1d4c25ce11481afba39f176f85":["<iframe title=\"Using WPML to translate content created with page builders\" width=\"700\" height=\"394\" src=\"https:\/\/www.youtube.com\/embed\/MSqNzrdPMkE?feature=oembed&enablejsapi=1&origin=https:\/\/wpml.org\" frameborder=\"0\" allow=\"accelerometer; autoplay; clipboard-write; encrypted-media; gyroscope; picture-in-picture; web-share\" allowfullscreen><\/iframe>"],"_oembed_time_bbf56b1d4c25ce11481afba39f176f85":["1708442263"],"_oembed_9d8f38350a62c2462b3bba4cd94fcb5c":["{{unknown}}"],"_oembed_2b752d957f9927f85cd3e8f1842c4adf":["{{unknown}}"],"_wpml_word_count":["569"],"cmplz_hide_cookiebanner":[""],"wpcf-related-product-full-name":["WPForms Multilingual"],"wpcf-related-product-download-url":["https:\/\/wpml.org\/account\/downloads\/#wpforms-multilingual"],"wpcf-price-increase-content":[""],"wpcf-login-box-title":[""],"wpcf-page-content":[""],"wpcf-display-author-meta-section":["1"],"_yoast_wpseo_primary_related-projects-category":["26967"],"_yoast_wpseo_title":["WPForms Multilingual \u2013 Formulare mit WPML \u00fcbersetzen"],"_yoast_wpseo_metadesc":["WPForms Multilingual (WPFML) ist ein WPML-Add-on zum \u00dcbersetzen Ihrer Formularfelder und Beschriftungen in weitere Sprachen."],"_yoast_wpseo_focuskw":["wpforms multilingual"],"_uag_css_file_name":["uag-css-15257655.css"],"_uag_page_assets":["a:9:{s:3:\"css\";s:260:\".uag-blocks-common-selector{z-index:var(--z-index-desktop) !important}@media(max-width: 976px){.uag-blocks-common-selector{z-index:var(--z-index-tablet) !important}}@media(max-width: 767px){.uag-blocks-common-selector{z-index:var(--z-index-mobile) !important}}\";s:2:\"js\";s:0:\"\";s:18:\"current_block_list\";a:13:{i:0;s:24:\"toolset-blocks\/container\";i:1;s:22:\"toolset-blocks\/heading\";i:2;s:19:\"toolset-blocks\/grid\";i:3;s:26:\"toolset-blocks\/grid-column\";i:4;s:30:\"toolset-blocks\/fields-and-text\";i:5;s:21:\"toolset-blocks\/button\";i:7;s:20:\"toolset-blocks\/image\";i:9;s:12:\"core\/heading\";i:10;s:14:\"core\/paragraph\";i:11;s:9:\"core\/list\";i:12;s:14:\"core\/list-item\";i:13;s:11:\"core\/spacer\";i:14;s:14:\"core\/shortcode\";}s:8:\"uag_flag\";b:0;s:11:\"uag_version\";s:10:\"1778136601\";s:6:\"gfonts\";a:0:{}s:10:\"gfonts_url\";s:0:\"\";s:12:\"gfonts_files\";a:0:{}s:14:\"uag_faq_layout\";b:0;}"]},"uagb_featured_image_src":{"full":false,"thumbnail":false,"medium":false,"medium_large":false,"large":false,"1536x1536":false,"2048x2048":false,"gform-image-choice-sm":false,"gform-image-choice-md":false,"gform-image-choice-lg":false,"woocommerce_thumbnail":false,"woocommerce_single":false,"woocommerce_gallery_thumbnail":false},"uagb_author_info":{"display_name":"Kathy","author_link":"https:\/\/wpml.org\/de\/author\/kathy-b\/"},"uagb_comment_info":0,"uagb_excerpt":"WPForms ist ein Plugin, mit dem Sie Kontaktformulare zu Ihrer WordPress-Website hinzuf\u00fcgen k\u00f6nnen. In dieser Anleitung erfahren Sie, wie Sie Ihre WPForms mit WPML mehrsprachig machen k\u00f6nnen.","_links":{"self":[{"href":"https:\/\/wpml.org\/de\/wp-json\/wp\/v2\/pages\/15257655","targetHints":{"allow":["GET"]}}],"collection":[{"href":"https:\/\/wpml.org\/de\/wp-json\/wp\/v2\/pages"}],"about":[{"href":"https:\/\/wpml.org\/de\/wp-json\/wp\/v2\/types\/page"}],"author":[{"embeddable":true,"href":"https:\/\/wpml.org\/de\/wp-json\/wp\/v2\/users\/538393"}],"replies":[{"embeddable":true,"href":"https:\/\/wpml.org\/de\/wp-json\/wp\/v2\/comments?post=15257655"}],"version-history":[{"count":8,"href":"https:\/\/wpml.org\/de\/wp-json\/wp\/v2\/pages\/15257655\/revisions"}],"predecessor-version":[{"id":17853580,"href":"https:\/\/wpml.org\/de\/wp-json\/wp\/v2\/pages\/15257655\/revisions\/17853580"}],"up":[{"embeddable":true,"href":"https:\/\/wpml.org\/de\/wp-json\/wp\/v2\/pages\/97658"}],"wp:attachment":[{"href":"https:\/\/wpml.org\/de\/wp-json\/wp\/v2\/media?parent=15257655"}],"wp:term":[{"taxonomy":"related-projects-category","embeddable":true,"href":"https:\/\/wpml.org\/de\/wp-json\/wp\/v2\/related-projects-category?post=15257655"}],"curies":[{"name":"wp","href":"https:\/\/api.w.org\/{rel}","templated":true}]}}