{"id":15274412,"date":"2019-04-26T07:57:10","date_gmt":"2019-04-26T07:57:10","guid":{"rendered":"https:\/\/wpml.org\/purchase\/wie-sie-ihre-zahlungsmethode-aendern\/"},"modified":"2026-03-04T07:46:58","modified_gmt":"2026-03-04T07:46:58","slug":"wie-sie-ihre-zahlungsmethode-aendern","status":"publish","type":"page","link":"https:\/\/wpml.org\/de\/purchase\/wie-sie-ihre-zahlungsmethode-aendern\/","title":{"rendered":"So \u00e4ndern Sie Ihre Zahlungsmethode in WPML"},"content":{"rendered":"\n<p class=\"lead\">Sie k\u00f6nnen Ihre Zahlungsmethode f\u00fcr WPML-Pl\u00e4ne in Ihrem WPML-Konto-Bereich und f\u00fcr die automatische \u00dcbersetzung im Tab \u201eZahlungen &amp; Wartung\u201c im WordPress-Adminbereich \u00e4ndern.<\/p>\n\n<p>Es gibt zwei Arten von Zahlungen in WPML: <\/p>\n\n<ul class=\"wp-block-list\">\n<li>WPML-Pl\u00e4ne (z. B. WPML Multilingual CMS)<\/li>\n\n\n\n<li>Automatische \u00dcbersetzung (Zahlung nach Bedarf) <\/li>\n<\/ul>\n\n<p>Jede Option hat einen anderen Prozess zum \u00c4ndern der Zahlungsmethoden.<\/p>\n\n<h2 class=\"wp-block-heading\" id=\"wpml-plans\">Zahlungsmethode f\u00fcr WPML-Pl\u00e4ne \u00e4ndern<\/h2>\n\n<p>So \u00e4ndern Sie die Zahlungsmethode f\u00fcr Ihren WPML-Plan:<\/p>\n\n<ol class=\"wp-block-list\">\n<li>Melden Sie sich in Ihrem <a href=\"https:\/\/wpml.org\/de\/account\/\">WPML-Konto<\/a> an.<\/li>\n\n\n\n<li>Klicken Sie im Bereich <strong>Konto und Zahlungen<\/strong> auf <strong>Verl\u00e4ngerungsoptionen \u00e4ndern<\/strong>.<\/li>\n<\/ol>\n\n<figure class=\"wp-block-image tb-image tb-image-dynamic tb-image-frame-none\" data-toolset-blocks-image=\"ef228ae186bc0623f5df4ade9a64e81b\"><a href=\"https:\/\/wpml.org\/wp-content\/uploads\/2026\/01\/wpml-modify-renewal-options.png\"><img decoding=\"async\" width=\"1024\" height=\"705\" loading=\"lazy\" src=\"https:\/\/wpml.org\/wp-content\/uploads\/2026\/01\/wpml-modify-renewal-options-1024x705.png\" alt=\"\" class=\"wp-image-17725409\" srcset=\"https:\/\/wpml.org\/wp-content\/uploads\/2026\/01\/wpml-modify-renewal-options-1024x705.png 1024w, https:\/\/wpml.org\/wp-content\/uploads\/2026\/01\/wpml-modify-renewal-options-300x207.png 300w, https:\/\/wpml.org\/wp-content\/uploads\/2026\/01\/wpml-modify-renewal-options-150x103.png 150w, https:\/\/wpml.org\/wp-content\/uploads\/2026\/01\/wpml-modify-renewal-options-768x529.png 768w, https:\/\/wpml.org\/wp-content\/uploads\/2026\/01\/wpml-modify-renewal-options-1536x1058.png 1536w, https:\/\/wpml.org\/wp-content\/uploads\/2026\/01\/wpml-modify-renewal-options-2048x1410.png 2048w\" sizes=\"auto, (max-width: 1024px) 100vw, 1024px\" \/><\/a><figcaption><div class=\"tb-image-caption\">Durch Klicken auf den Link Ihre Verl\u00e4ngerungsoptionen \u00e4ndern <\/div><\/figcaption><\/figure>\n\n<ol start=\"3\" class=\"wp-block-list\">\n<li>Klicken Sie auf <strong>Zahlungsmethode \u00e4ndern<\/strong> und geben Sie eine neue Zahlungsoption ein.<\/li>\n<\/ol>\n\n<figure class=\"wp-block-image tb-image tb-image-dynamic tb-image-frame-none\" data-toolset-blocks-image=\"0eaf22585d1d16c64ba52ed41d797931\"><a href=\"https:\/\/wpml.org\/wp-content\/uploads\/2026\/01\/wpml-change-payment-method.png\"><img decoding=\"async\" width=\"1024\" height=\"600\" loading=\"lazy\" src=\"https:\/\/wpml.org\/wp-content\/uploads\/2026\/01\/wpml-change-payment-method-1024x600.png\" alt=\"\" class=\"wp-image-17725362\" srcset=\"https:\/\/wpml.org\/wp-content\/uploads\/2026\/01\/wpml-change-payment-method-1024x600.png 1024w, https:\/\/wpml.org\/wp-content\/uploads\/2026\/01\/wpml-change-payment-method-300x176.png 300w, https:\/\/wpml.org\/wp-content\/uploads\/2026\/01\/wpml-change-payment-method-150x88.png 150w, https:\/\/wpml.org\/wp-content\/uploads\/2026\/01\/wpml-change-payment-method-768x450.png 768w, https:\/\/wpml.org\/wp-content\/uploads\/2026\/01\/wpml-change-payment-method-1536x900.png 1536w, https:\/\/wpml.org\/wp-content\/uploads\/2026\/01\/wpml-change-payment-method-2048x1200.png 2048w\" sizes=\"auto, (max-width: 1024px) 100vw, 1024px\" \/><\/a><figcaption><div class=\"tb-image-caption\">\u00c4ndern der Zahlungsmethode f\u00fcr WPML<\/div><\/figcaption><\/figure>\n\n<p>Ihr Abonnement verwendet nun die neue Zahlungsmethode, wenn Ihr WPML-Plan verl\u00e4ngert wird. <\/p>\n\n<h2 class=\"wp-block-heading\" id=\"automatic-translation\">Zahlungsmethode f\u00fcr automatische \u00dcbersetzung \u00e4ndern<\/h2>\n\n<p>So \u00e4ndern Sie die Zahlungsmethode f\u00fcr automatische \u00dcbersetzung:<\/p>\n\n<ol class=\"wp-block-list\">\n<li>Melden Sie sich in Ihrem WordPress-Admin an.<\/li>\n\n\n\n<li>Gehen Sie zu <strong>WPML <\/strong>\u2192 <strong>\u00dcbersetzungs-Dashboard<\/strong>.<\/li>\n\n\n\n<li>Wechseln Sie zum Tab <strong>Zahlungen &amp; Wartung<\/strong>.<\/li>\n\n\n\n<li>Klicken Sie unter <strong>Zahlungsdetails<\/strong> auf <strong>Bearbeiten<\/strong> und geben Sie eine neue Zahlungsmethode ein.<\/li>\n<\/ol>\n\n<figure class=\"wp-block-image tb-image tb-image-dynamic tb-image-frame-none\" data-toolset-blocks-image=\"716201e12c5e53a460440996f9105f57\"><a href=\"https:\/\/wpml.org\/wp-content\/uploads\/2026\/02\/Changing-payment-method-for-automatic-translation.png\"><img decoding=\"async\" width=\"1024\" height=\"634\" loading=\"lazy\" src=\"https:\/\/wpml.org\/wp-content\/uploads\/2026\/02\/Changing-payment-method-for-automatic-translation-1024x634.png\" alt=\"Changing payment method for automatic translation\" class=\"wp-image-17860779\" srcset=\"https:\/\/wpml.org\/wp-content\/uploads\/2026\/02\/Changing-payment-method-for-automatic-translation-1024x634.png 1024w, https:\/\/wpml.org\/wp-content\/uploads\/2026\/02\/Changing-payment-method-for-automatic-translation-300x186.png 300w, https:\/\/wpml.org\/wp-content\/uploads\/2026\/02\/Changing-payment-method-for-automatic-translation-150x93.png 150w, https:\/\/wpml.org\/wp-content\/uploads\/2026\/02\/Changing-payment-method-for-automatic-translation-768x476.png 768w, https:\/\/wpml.org\/wp-content\/uploads\/2026\/02\/Changing-payment-method-for-automatic-translation-1536x951.png 1536w, https:\/\/wpml.org\/wp-content\/uploads\/2026\/02\/Changing-payment-method-for-automatic-translation.png 1600w\" sizes=\"auto, (max-width: 1024px) 100vw, 1024px\" \/><\/a><figcaption><div class=\"tb-image-caption\">Zahlungsmethode f\u00fcr automatische \u00dcbersetzung \u00e4ndern<\/div><\/figcaption><\/figure>\n\n<p>WPML verwendet nun Ihre neue Zahlungsmethode beim Verbrauch von Zahlung-nach-Bedarf-Guthaben.<\/p>\n\n<h2 class=\"wp-block-heading\" id=\"expired-accounts\">Zahlungsmethode f\u00fcr abgelaufene Konten \u00e4ndern<\/h2>\n\n<p>Wenn Ihr WPML-Plan aufgrund einer fehlgeschlagenen Zahlung abgelaufen ist, m\u00fcssen Sie Ihre Zahlungsmethode aktualisieren:<\/p>\n\n<ol class=\"wp-block-list\">\n<li>Melden Sie sich in Ihrem <a href=\"https:\/\/wpml.org\/de\/account\/\">WPML-Konto<\/a> an.<\/li>\n\n\n\n<li>Klicken Sie auf die Schaltfl\u00e4che <strong>Konto verl\u00e4ngern<\/strong>.<\/li>\n\n\n\n<li>Klicken Sie auf der Checkout-Seite auf den Link <strong>Andere Zahlungsmethode verwenden<\/strong>. <\/li>\n<\/ol>\n\n<figure class=\"wp-block-image tb-image tb-image-dynamic tb-image-frame-none\" data-toolset-blocks-image=\"bf0b909e5ec2664944143c0537d46e9c\"><a href=\"https:\/\/wpml.org\/wp-content\/uploads\/2026\/03\/Use-a-different-payment-method-button.png\"><img decoding=\"async\" width=\"1024\" height=\"636\" loading=\"lazy\" src=\"https:\/\/wpml.org\/wp-content\/uploads\/2026\/03\/Use-a-different-payment-method-button-1024x636.png\" alt=\"Use a different payment method button\" class=\"wp-image-17869697\" srcset=\"https:\/\/wpml.org\/wp-content\/uploads\/2026\/03\/Use-a-different-payment-method-button-1024x636.png 1024w, https:\/\/wpml.org\/wp-content\/uploads\/2026\/03\/Use-a-different-payment-method-button-300x186.png 300w, https:\/\/wpml.org\/wp-content\/uploads\/2026\/03\/Use-a-different-payment-method-button-150x93.png 150w, https:\/\/wpml.org\/wp-content\/uploads\/2026\/03\/Use-a-different-payment-method-button-768x477.png 768w, https:\/\/wpml.org\/wp-content\/uploads\/2026\/03\/Use-a-different-payment-method-button.png 1385w\" sizes=\"auto, (max-width: 1024px) 100vw, 1024px\" \/><\/a><figcaption><div class=\"tb-image-caption\">Link \u201eAndere Zahlungsmethode verwenden\u201c<\/div><\/figcaption><\/figure>\n\n<ol start=\"4\" class=\"wp-block-list\">\n<li>W\u00e4hlen Sie im Popup, das sich \u00f6ffnet, die Option <strong>Mit Kreditkarte bezahlen<\/strong> aus.<\/li>\n\n\n\n<li>Schlie\u00dfen Sie den Checkout mit Ihrer neuen Karte ab.<\/li>\n<\/ol>\n\n<h2 class=\"wp-block-heading\" id=\"update-billing-details\">So aktualisieren Sie Rechnungsdetails<\/h2>\n\n<p>\u00c4hnlich wie Zahlungsmethoden werden auch Rechnungsdetails f\u00fcr WPML-Pl\u00e4ne und Rechnungen f\u00fcr automatische \u00dcbersetzung separat verwaltet. <\/p>\n\n<h3 class=\"wp-block-heading\">Rechnungsdetails f\u00fcr WPML-Pl\u00e4ne aktualisieren<\/h3>\n\n<p>So aktualisieren Sie die Rechnungsdetails auf WPML-Plan-Rechnungen: <\/p>\n\n<ol class=\"wp-block-list\">\n<li>Melden Sie sich in Ihrem <a href=\"https:\/\/wpml.org\/de\/account\/\">WPML-Konto<\/a> an. <\/li>\n\n\n\n<li>Klicken Sie unter <strong>Konto und Zahlungen<\/strong> auf <strong>Pers\u00f6nliche Daten und Passwort<\/strong>. <\/li>\n\n\n\n<li>Aktualisieren Sie Ihre Rechnungsdetails und speichern Sie. <\/li>\n<\/ol>\n\n<h3 class=\"wp-block-heading\">Rechnungsdetails f\u00fcr automatische \u00dcbersetzung aktualisieren<\/h3>\n\n<p>So aktualisieren Sie die Rechnungsdetails f\u00fcr Rechnungen der automatischen \u00dcbersetzung: <\/p>\n\n<ol class=\"wp-block-list\">\n<li>Gehen Sie zu <strong>WPML <\/strong>\u2192 <strong>\u00dcbersetzungs-Dashboard<\/strong>.<\/li>\n\n\n\n<li>Wechseln Sie zum Tab <strong>Zahlungen &amp; Wartung<\/strong>.<\/li>\n\n\n\n<li>Klicken Sie im Container <strong>Unternehmensdaten<\/strong> auf <strong>Bearbeiten<\/strong>.<\/li>\n\n\n\n<li>Aktualisieren Sie Ihre Rechnungsdetails und speichern Sie. <\/li>\n<\/ol>\n\n<div class=\"wp-block-toolset-blocks-container tb-container\" data-toolset-blocks-container=\"f908b134276ba3432b0b77744504af0a\">\n<div class=\"wp-block-toolset-blocks-grid tb-grid\" data-toolset-blocks-grid=\"37d19417981b1b97920df56c088840a6\">\n<div class=\"wp-block-toolset-blocks-grid-column tb-grid-column tb-grid-align-top\" data-toolset-blocks-grid-column=\"3034fbe886c11054e95b46b09d3e4112\">\n<div class=\"wp-block-toolset-blocks-container tb-container\" data-toolset-blocks-container=\"cc43e498a8e72566120af9f4b6101de7\"><\/div>\n<\/div>\n\n\n\n<div class=\"wp-block-toolset-blocks-grid-column tb-grid-column tb-grid-align-top\" data-toolset-blocks-grid-column=\"3034fbe886c11054e95b46b09d3e4112\">\n<p class=\"tb-heading\" data-toolset-blocks-heading=\"5f70829b5533bc42f59006f0ef3ef21a\" data-last-update=\"1.4\"><strong>Wichtig:<\/strong> \u00c4nderungen an Ihren Rechnungsdaten gelten nur f\u00fcr zuk\u00fcnftige Rechnungen.<\/p>\n\n\n\n<p class=\"tb-heading\" data-toolset-blocks-heading=\"a2008aa16950a8d790fdc66dc574eeb8\" data-last-update=\"1.4\">Wenn Sie eine bereits ausgestellte Rechnung aktualisieren m\u00fcssen, ist es erforderlich, eine R\u00fcckerstattung f\u00fcr die urspr\u00fcngliche Bestellung zu beantragen und diese mit Ihren aktualisierten Daten erneut aufzugeben. Erfahren Sie mehr \u00fcber das <a href=\"https:\/\/wpml.org\/de\/faq\/wie-kann-ich-eine-wpml-steuerrechnung-erhalten-und-meine-rechnungsdaten-aktualisieren\/#can-i-update-billing-information-for-an-invoice-thats-already-been-issued\">Aktualisieren von ausgestellten Rechnungen<\/a>. <\/p>\n<\/div>\n<\/div>\n<\/div>\n","protected":false},"excerpt":{"rendered":"<p>Sie k\u00f6nnen Ihre Zahlungsmethode f\u00fcr WPML-Pl\u00e4ne in Ihrem WPML-Konto-Bereich und f\u00fcr die automatische \u00dcbersetzung im Tab \u201eZahlungen &amp; Wartung\u201c im WordPress-Adminbereich \u00e4ndern. Es gibt zwei Arten von Zahlungen in WPML: Jede Option hat einen anderen Prozess zum \u00c4ndern der Zahlungsmethoden. Zahlungsmethode f\u00fcr WPML-Pl\u00e4ne \u00e4ndern So \u00e4ndern Sie die Zahlungsmethode f\u00fcr Ihren WPML-Plan: Ihr Abonnement verwendet [&hellip;]<\/p>\n","protected":false},"author":76577,"featured_media":0,"parent":6181,"menu_order":39,"comment_status":"closed","ping_status":"closed","template":"template-sidebar-2.php","meta":{"_bbp_topic_count":0,"_bbp_reply_count":0,"_bbp_total_topic_count":0,"_bbp_total_reply_count":0,"_bbp_voice_count":0,"_bbp_anonymous_reply_count":0,"_bbp_topic_count_hidden":0,"_bbp_reply_count_hidden":0,"_bbp_forum_subforum_count":0,"_uag_custom_page_level_css":"","ep_exclude_from_search":false,"footnotes":""},"related-projects-category":[],"class_list":["post-15274412","page","type-page","status-publish","hentry"],"spectra_custom_meta":{"ratings_users":["0"],"ratings_score":["0"],"ratings_average":["0"],"_subscription_coupon_product_id":["0"],"_wpv_contains_gutenberg_views":[""],"_alp_processed":["1772610419"],"_views_template":["0"],"wpcf-unformatted-code":[""],"_wpml_media_duplicate":["1"],"_wpml_media_featured":["1"],"toolset_post_editor_mode":["block"],"wpcf-price-increase-show-from":[""],"wpcf-price-increase-show-till":[""],"_wp_page_template":["template-sidebar-2.php"],"_last_translation_edit_mode":["translation-editor"],"_wpml_word_count":["551"],"cmplz_hide_cookiebanner":[""],"wpcf-price-increase-content":[""],"wpcf-login-box-title":[""],"wpcf-page-content":[""],"_yoast_wpseo_primary_related-projects-category":[""],"_yoast_wpseo_title":["%%title%% %%page%%"],"_yoast_wpseo_metadesc":["Zahlungsmethode f\u00fcr WPML-Pl\u00e4ne im WPML-Konto-Bereich und f\u00fcr die automatische \u00dcbersetzung im Tab \u201eZahlungen & Wartung\u201c in WordPress \u00e4ndern."],"_yoast_wpseo_focuskw":["Zahlungsmethode \u00e4ndern"],"_uag_css_file_name":["uag-css-15274412.css"],"_uag_page_assets":["a:9:{s:3:\"css\";s:260:\".uag-blocks-common-selector{z-index:var(--z-index-desktop) !important}@media(max-width: 976px){.uag-blocks-common-selector{z-index:var(--z-index-tablet) !important}}@media(max-width: 767px){.uag-blocks-common-selector{z-index:var(--z-index-mobile) !important}}\";s:2:\"js\";s:0:\"\";s:18:\"current_block_list\";a:10:{i:0;s:14:\"core\/paragraph\";i:1;s:9:\"core\/list\";i:2;s:14:\"core\/list-item\";i:3;s:12:\"core\/heading\";i:4;s:20:\"toolset-blocks\/image\";i:5;s:24:\"toolset-blocks\/container\";i:6;s:19:\"toolset-blocks\/grid\";i:7;s:26:\"toolset-blocks\/grid-column\";i:9;s:22:\"toolset-blocks\/heading\";i:10;s:14:\"core\/shortcode\";}s:8:\"uag_flag\";b:0;s:11:\"uag_version\";s:10:\"1778711616\";s:6:\"gfonts\";a:0:{}s:10:\"gfonts_url\";s:0:\"\";s:12:\"gfonts_files\";a:0:{}s:14:\"uag_faq_layout\";b:0;}"]},"uagb_featured_image_src":{"full":false,"thumbnail":false,"medium":false,"medium_large":false,"large":false,"1536x1536":false,"2048x2048":false,"gform-image-choice-sm":false,"gform-image-choice-md":false,"gform-image-choice-lg":false,"woocommerce_thumbnail":false,"woocommerce_single":false,"woocommerce_gallery_thumbnail":false},"uagb_author_info":{"display_name":"Dario","author_link":"https:\/\/wpml.org\/de\/author\/darioh\/"},"uagb_comment_info":0,"uagb_excerpt":"Sie k\u00f6nnen Ihre Zahlungsmethode f\u00fcr WPML-Pl\u00e4ne in Ihrem WPML-Konto-Bereich und f\u00fcr die automatische \u00dcbersetzung im Tab \u201eZahlungen &amp; Wartung\u201c im WordPress-Adminbereich \u00e4ndern. Es gibt zwei Arten von Zahlungen in WPML: Jede Option hat einen anderen Prozess zum \u00c4ndern der Zahlungsmethoden. Zahlungsmethode f\u00fcr WPML-Pl\u00e4ne \u00e4ndern So \u00e4ndern Sie die Zahlungsmethode f\u00fcr Ihren WPML-Plan: Ihr Abonnement verwendet&hellip;","_links":{"self":[{"href":"https:\/\/wpml.org\/de\/wp-json\/wp\/v2\/pages\/15274412","targetHints":{"allow":["GET"]}}],"collection":[{"href":"https:\/\/wpml.org\/de\/wp-json\/wp\/v2\/pages"}],"about":[{"href":"https:\/\/wpml.org\/de\/wp-json\/wp\/v2\/types\/page"}],"author":[{"embeddable":true,"href":"https:\/\/wpml.org\/de\/wp-json\/wp\/v2\/users\/76577"}],"replies":[{"embeddable":true,"href":"https:\/\/wpml.org\/de\/wp-json\/wp\/v2\/comments?post=15274412"}],"version-history":[{"count":8,"href":"https:\/\/wpml.org\/de\/wp-json\/wp\/v2\/pages\/15274412\/revisions"}],"predecessor-version":[{"id":17870811,"href":"https:\/\/wpml.org\/de\/wp-json\/wp\/v2\/pages\/15274412\/revisions\/17870811"}],"up":[{"embeddable":true,"href":"https:\/\/wpml.org\/de\/wp-json\/wp\/v2\/pages\/6181"}],"wp:attachment":[{"href":"https:\/\/wpml.org\/de\/wp-json\/wp\/v2\/media?parent=15274412"}],"wp:term":[{"taxonomy":"related-projects-category","embeddable":true,"href":"https:\/\/wpml.org\/de\/wp-json\/wp\/v2\/related-projects-category?post=15274412"}],"curies":[{"name":"wp","href":"https:\/\/api.w.org\/{rel}","templated":true}]}}