{"id":15434275,"date":"2012-02-27T15:42:00","date_gmt":"2012-02-27T15:42:00","guid":{"rendered":"https:\/\/wpml.org\/documentation-3\/ahnliche-projekte\/migrieren-sie-von-qtranslate-zu-wpml\/"},"modified":"2026-02-26T08:06:39","modified_gmt":"2026-02-26T08:06:39","slug":"migrieren-sie-von-qtranslate-zu-wpml","status":"publish","type":"page","link":"https:\/\/wpml.org\/de\/documentation-3\/migrieren-sie-von-qtranslate-zu-wpml\/","title":{"rendered":"Von qTranslate zu WPML migrieren"},"content":{"rendered":"<p class=\"lead\">Migrieren Sie Ihre qTranslate-\u00dcbersetzungen mit einem Add-on zu WPML, das Ihre urspr\u00fcnglichen Einstellungen beibeh\u00e4lt und \u00fcbrig gebliebene qTranslate-Meta-Tags bereinigt.<\/p>\n<p><!--more--><\/p>\n<div class=\"alert alert-warning\" role=\"alert\">Das qTranslate X-Plugin wurde vor Jahren aufgegeben, und wir pflegen unser Migrations-Plugin nicht mehr aktiv.<\/div>\n<p>Das qTranslate-Plugin funktioniert v\u00f6llig anders als WPML. Anstatt verschiedene Sprachen in verschiedenen Beitr\u00e4gen zu haben, platziert qTranslate alle Sprachen im selben Beitrag. <\/p>\n<p>Dies geschieht, indem Beitr\u00e4ge beispielsweise von <strong>Hello World<\/strong> in <strong>[:en]Hello World[:de]Hallo Welt[:]<\/strong> ge\u00e4ndert werden.<\/p>\n<p>Wenn Sie qTranslate deinstallieren, verbleiben all diese Meta-Tags in Ihrer Datenbank.<\/p>\n<p>Unser Migrations-Plugin kann Folgendes leisten:<\/p>\n<ul>\n<li>Aufteilen von Inhalten verschiedener Sprachen auf verschiedene Beitr\u00e4ge, sodass Ihre Website mit WPML ausgef\u00fchrt werden kann.<\/li>\n<li>Bereinigen Sie Ihre Datenbank von allen Meta-Tags, die von qTranslate \u00fcbrig geblieben sind.<\/li>\n<li>Konvertieren Sie Ihre mit qTranslate betriebene Website in eine einsprachige Website, indem Sie alle \u00dcbersetzungen entfernen und nur die Sprache beibehalten, die Sie behalten m\u00f6chten.<\/li>\n<\/ul>\n<p><strong>Einschr\u00e4nkungen:<\/strong><\/p>\n<ul>\n<li>Unser Migrations-Plugin funktioniert nur f\u00fcr Beitr\u00e4ge und Seiten, die integrierten WordPress-Beitragstypen. Es funktioniert nicht mit benutzerdefinierten Beitragstypen. <\/li>\n<li>Sie m\u00fcssen alle Men\u00fcs auf der Website nach der Migration manuell korrigieren.<\/li>\n<\/ul>\n<p>Sie k\u00f6nnen unser Plugin <a href=\"https:\/\/wordpress.org\/plugins\/qtranslate-to-wpml-export\/\" target=\"_blank\" rel=\"noopener noreferrer\">qTranslate X Cleanup und WPML Import<\/a> aus dem WordPress-Repository herunterladen.<\/p>\n<h2>Einsprachige Konvertierung (kein WPML, alle \u00dcbersetzungen entfernen)<\/h2>\n<p>Wenn Sie das qTranslate Importer-Plugin ohne WPML verwenden, ist die Ausgabe eine Website mit nur einer Sprache. Beim Konvertierungsprozess werden Sie gefragt, welche Sprache Sie beibehalten m\u00f6chten. Alle anderen Sprachen werden von der Website gel\u00f6scht.<\/p>\n<p>Dies ist n\u00fctzlich, wenn Sie mit qTranslate experimentiert haben und nun die Datenbank von all diesen Sprach-Meta-Tags bereinigen m\u00f6chten.<\/p>\n<p>Am Ende der Verarbeitung haben alle Beitr\u00e4ge nur die eine Sprache, die Sie ausw\u00e4hlen.<\/p>\n<p>Wie es funktioniert:<\/p>\n<ol>\n<li>Deaktivieren Sie qTranslate und aktivieren Sie das Plugin <strong>qTranslate X Cleanup und WPML Import<\/strong>.<\/li>\n<li>Sichern Sie Ihre Datenbank. Im Ernst: Auch wenn Sie nur experimentieren, m\u00fcssen Sie eine Sicherungskopie Ihrer Datenbank anlegen.<\/li>\n<li>Gehen Sie zu <strong>Einstellungen \u2192 qTranslate Importer<\/strong> und w\u00e4hlen Sie die Sprache aus, die Sie behalten m\u00f6chten.<\/li>\n<li>Klicken Sie auf den Button <strong>Bereinigen<\/strong>. Dadurch werden alle Inhalte der Website durchlaufen und die Sprach-Meta-Daten aus dem Inhalt entfernt.<\/li>\n<\/ol>\n<p>Der Plugin-Bildschirm sieht wie folgt aus:<\/p>\n<figure id=\"attachment_1134700\" aria-describedby=\"caption-attachment-1134700\" style=\"width: 300px\" class=\"wp-caption aligncenter\"><a href=\"https:\/\/wpml.org\/wp-content\/uploads\/2012\/02\/qt-importer-no-wpml_update-2016.png\"><img decoding=\"async\" class=\"wp-image-1134700 size-medium\" title=\"qt-importer-no-wpml\" src=\"https:\/\/wpml.org\/wp-content\/uploads\/2012\/02\/qt-importer-no-wpml_update-2016-300x150.png\" width=\"300\" height=\"150\" srcset=\"https:\/\/wpml.org\/wp-content\/uploads\/2012\/02\/qt-importer-no-wpml_update-2016-300x150.png 300w, https:\/\/wpml.org\/wp-content\/uploads\/2012\/02\/qt-importer-no-wpml_update-2016-150x75.png 150w, https:\/\/wpml.org\/wp-content\/uploads\/2012\/02\/qt-importer-no-wpml_update-2016-768x384.png 768w, https:\/\/wpml.org\/wp-content\/uploads\/2012\/02\/qt-importer-no-wpml_update-2016.png 956w\" sizes=\"(max-width: 300px) 100vw, 300px\" \/><\/a><figcaption id=\"caption-attachment-1134700\" class=\"wp-caption-text\">qTranslate-Importer, der in eine Sprache konvertiert<\/figcaption><\/figure>\n<p>W\u00e4hlen Sie die Sprache, die Sie beibehalten m\u00f6chten, und aktivieren Sie die beiden Kontrollk\u00e4stchen. Dann k\u00f6nnen Sie mit dem Aufr\u00e4umen beginnen.<\/p>\n<h2 id=\"with-wpml\">Mehrsprachige Konvertierung (Konvertierung von qTranslate zu WPML)<\/h2>\n<p>Wenn Sie WPML haben, konvertiert der qTranslate-Importer die Website von allen Sprachen in einem Beitrag zu verschiedenen Sprachen in verschiedenen Beitr\u00e4gen. Wenn die Konvertierung abgeschlossen ist, k\u00f6nnen Sie WPML auf der Website verwenden. <\/p>\n<p>Der beste Weg, diese Konvertierung durchzuf\u00fchren, ist, qTranslate zu deaktivieren, WPML und den qTranslate-Importer zu aktivieren und ihn alles automatisch erledigen zu lassen.<\/p>\n<p>Der Import wird durchgef\u00fchrt:<\/p>\n<ol>\n<li>\u00dcberpr\u00fcfen Sie, welche Sprachen qTranslate verwendet hat, und aktivieren Sie dieselben Sprachen in WPML.<\/li>\n<li>\u00dcberpr\u00fcfen Sie, welche Sprach-Permalinks Sie in qTranslate verwendet haben, und w\u00e4hlen Sie dieselbe Einstellung in WPML.<\/li>\n<li>Verarbeiten Sie alle Beitr\u00e4ge, Taxonomien und benutzerdefinierten Felder und erstellen Sie separate f\u00fcr verschiedene Sprachen.<\/li>\n<li>Erstellen Sie URL-Rewrite-Regeln, mit denen Sie eingehende Links auf ihre neuen URLs umleiten k\u00f6nnen.<\/li>\n<\/ol>\n<p>Um dies auf sichere Weise zu tun, folgen Sie bitte diesen Schritten:<\/p>\n<ol>\n<li>Deaktivieren Sie qTranslate und aktivieren Sie WPML und das Plugin <strong>qTranslate X Cleanup und WPML Import<\/strong>.<\/li>\n<li>Sichern Sie Ihre Datenbank. Dies ist entscheidend. Sie m\u00fcssen dies tun, bevor Sie den Import ausf\u00fchren.<\/li>\n<li>Gehen Sie zu <strong>Einstellungen \u2192 qTranslate Importer<\/strong> und \u00fcberpr\u00fcfen Sie die geplante Datenkonvertierung.<\/li>\n<li>Klicken Sie auf den Button <strong>Start<\/strong>. Dadurch werden alle Inhalte der Website durchlaufen und f\u00fcr die Verwendung von WPML konvertiert.<\/li>\n<\/ol>\n<h3>Der Import-zu-WPML-Prozess<\/h3>\n<p>Der Bildschirm f\u00fcr den Import sieht wie folgt aus:<\/p>\n<figure id=\"attachment_1134699\" aria-describedby=\"caption-attachment-1134699\" style=\"width: 300px\" class=\"wp-caption aligncenter\"><a href=\"https:\/\/wpml.org\/wp-content\/uploads\/2012\/02\/qt-import-with-wpml_update-2016.png\"><img decoding=\"async\" class=\"wp-image-1134699 size-medium\" title=\"qt-import-mit-wpml\" src=\"https:\/\/wpml.org\/wp-content\/uploads\/2012\/02\/qt-import-with-wpml_update-2016-300x160.png\" width=\"300\" height=\"160\" srcset=\"https:\/\/wpml.org\/wp-content\/uploads\/2012\/02\/qt-import-with-wpml_update-2016-300x160.png 300w, https:\/\/wpml.org\/wp-content\/uploads\/2012\/02\/qt-import-with-wpml_update-2016-150x80.png 150w, https:\/\/wpml.org\/wp-content\/uploads\/2012\/02\/qt-import-with-wpml_update-2016-768x409.png 768w, https:\/\/wpml.org\/wp-content\/uploads\/2012\/02\/qt-import-with-wpml_update-2016.png 941w\" sizes=\"(max-width: 300px) 100vw, 300px\" \/><\/a><figcaption id=\"caption-attachment-1134699\" class=\"wp-caption-text\">qTranslate zu WPML Import<\/figcaption><\/figure>\n<p>W\u00e4hrend es l\u00e4uft, sehen Sie den Fortschritt. Unterbrechen Sie den Importvorgang nicht, bevor er &#8222;abgeschlossen&#8220; ist. Der Bildschirm sollte sich alle paar Sekunden aktualisieren, da er jeweils 10 Beitr\u00e4ge verarbeitet.<\/p>\n<h3>Hinzuf\u00fcgen von URL-Umleitungen<\/h3>\n<p>Sobald der Import abgeschlossen ist, sehen Sie dies:<\/p>\n<figure id=\"attachment_1134701\" aria-describedby=\"caption-attachment-1134701\" style=\"width: 300px\" class=\"wp-caption aligncenter\"><a href=\"https:\/\/wpml.org\/wp-content\/uploads\/2012\/02\/qt-importer-wpml-finished_update-2016.png\"><img decoding=\"async\" class=\"wp-image-1134701 size-medium\" title=\"qt-importer-wpml-finished\" src=\"https:\/\/wpml.org\/wp-content\/uploads\/2012\/02\/qt-importer-wpml-finished_update-2016-300x203.png\" width=\"300\" height=\"203\" srcset=\"https:\/\/wpml.org\/wp-content\/uploads\/2012\/02\/qt-importer-wpml-finished_update-2016-300x203.png 300w, https:\/\/wpml.org\/wp-content\/uploads\/2012\/02\/qt-importer-wpml-finished_update-2016-150x101.png 150w, https:\/\/wpml.org\/wp-content\/uploads\/2012\/02\/qt-importer-wpml-finished_update-2016-768x519.png 768w, https:\/\/wpml.org\/wp-content\/uploads\/2012\/02\/qt-importer-wpml-finished_update-2016.png 934w\" sizes=\"(max-width: 300px) 100vw, 300px\" \/><\/a><figcaption id=\"caption-attachment-1134701\" class=\"wp-caption-text\">qTranslate zu WPML Konvertierung abgeschlossen<\/figcaption><\/figure>\n<p>Wenn Sie die Datei <strong>.htaccess<\/strong> bearbeiten k\u00f6nnen, kopieren Sie alles aus dem Feld <strong>.htaccess<\/strong> Rewrite-Regeln und f\u00fcgen Sie es der Datei <strong>.htaccess<\/strong> Ihrer Website hinzu.<\/p>\n<p>Es gibt einen Button &#8220; <strong>Validieren&#8220;<\/strong>, der die Datei liest und \u00fcberpr\u00fcft, ob Sie die Regeln am richtigen Ort hinzugef\u00fcgt haben.<\/p>\n<p>Alternativ k\u00f6nnen Sie die Weiterleitungsinformationen zu Ihrem Theme hinzuf\u00fcgen. Klicken Sie auf die Schaltfl\u00e4che, um die PHP-Datei mit den Weiterleitungsregeln herunterzuladen und in den Ordner Ihres Themes zu speichern. <\/p>\n<p>F\u00fcgen Sie dann die folgende Zeile in die Datei <strong>functions.php<\/strong> im Theme ein:<\/p>\n<pre>include(get_stylesheet_directory() . '\/qt-importer-redirects.php'); <\/pre>\n<p>Dies ist eine PHP-Anweisung, also sollte sie innerhalb eines <strong>&lt;?php &#8230; ?&gt;<\/strong> Blocks stehen.<\/p>\n<h3>Andere Texte, die Sie m\u00f6glicherweise manuell bearbeiten m\u00fcssen<\/h3>\n<p>Viele Websites, die qTranslate verwenden, haben die Sprach-Meta-Tags an verschiedenen Stellen verwendet, die in PHP oder auf Optionsseiten fest codiert sind. Sobald Sie von qTranslate weggehen, m\u00fcssen Sie andere M\u00f6glichkeiten verwenden, um diese Strings zu \u00fcbersetzen. <\/p>\n<p>Lokalisieren Sie sie zun\u00e4chst. Gehen Sie verschiedene Admin-Bildschirme in Ihrem Theme und den von Ihnen verwendeten Plugins durch und pr\u00fcfen Sie, ob es Tags wie diese gibt:<\/p>\n<pre>&lt;!\u2013-:en\u2013-&gt;Englischer Text&lt;!\u2013-:\u2013-&gt;&lt;!\u2013-:fr\u2013-&gt;Franz\u00f6sischer Text&lt;!\u2013-:\u2013-&gt;<\/pre>\n<p>Ersetzen Sie diese nur durch den Text in der Standardsprache.<\/p>\n<p>Anschlie\u00dfend k\u00f6nnen Sie das Modul <a href=\"https:\/\/wpml.org\/documentation\/getting-started-guide\/string-translation\/\">String Translation<\/a> von WPML verwenden, um diese in jede beliebige Sprache zu \u00fcbersetzen.<\/p>\n<h2>Hilfe holen<\/h2>\n<p>Falls Sie Hilfe bei der Migration von qTranslate zu WPML ben\u00f6tigen, besuchen Sie das <a href=\"https:\/\/wpml.org\/forums\/forum\/english-support\/\" target=\"_blank\" rel=\"noopener noreferrer\">WPML-Supportforum<\/a>.<\/p>\n","protected":false},"excerpt":{"rendered":"<p>Migrieren Sie Ihre qTranslate-\u00dcbersetzungen mit einem Add-on zu WPML, das Ihre urspr\u00fcnglichen Einstellungen beibeh\u00e4lt und \u00fcbrig gebliebene qTranslate-Meta-Tags bereinigt.<\/p>\n","protected":false},"author":2,"featured_media":0,"parent":3317,"menu_order":80,"comment_status":"closed","ping_status":"closed","template":"template-nosidebar-centered.php","meta":{"_bbp_topic_count":0,"_bbp_reply_count":0,"_bbp_total_topic_count":0,"_bbp_total_reply_count":0,"_bbp_voice_count":0,"_bbp_anonymous_reply_count":0,"_bbp_topic_count_hidden":0,"_bbp_reply_count_hidden":0,"_bbp_forum_subforum_count":0,"_uag_custom_page_level_css":"","ep_exclude_from_search":false,"footnotes":""},"related-projects-category":[],"class_list":["post-15434275","page","type-page","status-publish","hentry"],"spectra_custom_meta":{"ratings_users":["0"],"ratings_score":["0"],"ratings_average":["0"],"_subscription_coupon_product_id":["0"],"_wpv_contains_gutenberg_views":[""],"_alp_processed":["1772093199"],"_views_template":["0"],"wpcf-unformatted-code":[""],"_wpml_media_duplicate":["0"],"_wpml_media_featured":["1"],"wpcf-price-increase-show-from":[""],"wpcf-price-increase-show-till":[""],"_wp_page_template":["template-nosidebar-centered.php"],"_last_translation_edit_mode":["translation-editor"],"_wpml_word_count":["1107"],"_top_nav_excluded":[""],"_cms_nav_minihome":[""],"_yoast_wpseo_metadesc":["Migrieren Sie Ihre qTranslate-\u00dcbersetzungen mit einem Add-on zu WPML, das Ihre urspr\u00fcnglichen Einstellungen beibeh\u00e4lt und \u00fcbrig gebliebene qTranslate-Meta-Tags bereinigt."],"_uag_css_file_name":["uag-css-15434275.css"],"_uag_page_assets":["a:9:{s:3:\"css\";s:260:\".uag-blocks-common-selector{z-index:var(--z-index-desktop) !important}@media(max-width: 976px){.uag-blocks-common-selector{z-index:var(--z-index-tablet) !important}}@media(max-width: 767px){.uag-blocks-common-selector{z-index:var(--z-index-mobile) !important}}\";s:2:\"js\";s:0:\"\";s:18:\"current_block_list\";a:1:{i:0;s:14:\"core\/shortcode\";}s:8:\"uag_flag\";b:0;s:11:\"uag_version\";s:10:\"1778304016\";s:6:\"gfonts\";a:0:{}s:10:\"gfonts_url\";s:0:\"\";s:12:\"gfonts_files\";a:0:{}s:14:\"uag_faq_layout\";b:0;}"]},"uagb_featured_image_src":{"full":false,"thumbnail":false,"medium":false,"medium_large":false,"large":false,"1536x1536":false,"2048x2048":false,"gform-image-choice-sm":false,"gform-image-choice-md":false,"gform-image-choice-lg":false,"woocommerce_thumbnail":false,"woocommerce_single":false,"woocommerce_gallery_thumbnail":false},"uagb_author_info":{"display_name":"Amir","author_link":"https:\/\/wpml.org\/de\/author\/amir\/"},"uagb_comment_info":0,"uagb_excerpt":"Migrieren Sie Ihre qTranslate-\u00dcbersetzungen mit einem Add-on zu WPML, das Ihre urspr\u00fcnglichen Einstellungen beibeh\u00e4lt und \u00fcbrig gebliebene qTranslate-Meta-Tags bereinigt.","_links":{"self":[{"href":"https:\/\/wpml.org\/de\/wp-json\/wp\/v2\/pages\/15434275","targetHints":{"allow":["GET"]}}],"collection":[{"href":"https:\/\/wpml.org\/de\/wp-json\/wp\/v2\/pages"}],"about":[{"href":"https:\/\/wpml.org\/de\/wp-json\/wp\/v2\/types\/page"}],"author":[{"embeddable":true,"href":"https:\/\/wpml.org\/de\/wp-json\/wp\/v2\/users\/2"}],"replies":[{"embeddable":true,"href":"https:\/\/wpml.org\/de\/wp-json\/wp\/v2\/comments?post=15434275"}],"version-history":[{"count":3,"href":"https:\/\/wpml.org\/de\/wp-json\/wp\/v2\/pages\/15434275\/revisions"}],"predecessor-version":[{"id":17854953,"href":"https:\/\/wpml.org\/de\/wp-json\/wp\/v2\/pages\/15434275\/revisions\/17854953"}],"up":[{"embeddable":true,"href":"https:\/\/wpml.org\/de\/wp-json\/wp\/v2\/pages\/3317"}],"wp:attachment":[{"href":"https:\/\/wpml.org\/de\/wp-json\/wp\/v2\/media?parent=15434275"}],"wp:term":[{"taxonomy":"related-projects-category","embeddable":true,"href":"https:\/\/wpml.org\/de\/wp-json\/wp\/v2\/related-projects-category?post=15434275"}],"curies":[{"name":"wp","href":"https:\/\/api.w.org\/{rel}","templated":true}]}}