{"id":15434417,"date":"2018-01-08T08:57:04","date_gmt":"2018-01-08T08:57:04","guid":{"rendered":"https:\/\/wpml.org\/documentation-3\/ubersetzen-ihrer-inhalte\/anzeige-von-nicht-uebersetzten-inhalten-in-sekundaersprachen\/"},"modified":"2025-07-23T07:37:30","modified_gmt":"2025-07-23T07:37:30","slug":"anzeige-von-nicht-uebersetzten-inhalten-in-sekundaersprachen","status":"publish","type":"page","link":"https:\/\/wpml.org\/de\/documentation-3\/ubersetzen-ihrer-inhalte\/anzeige-von-nicht-uebersetzten-inhalten-in-sekundaersprachen\/","title":{"rendered":"Wie man Inhalte in WPML dupliziert und kopiert"},"content":{"rendered":"\n<p class=\"lead\">Durch Duplizieren und Kopieren k\u00f6nnen Sie nicht \u00fcbersetzte Inhalte in Ihren Zweitsprachen anzeigen. In dieser Anleitung erfahren Sie mehr \u00fcber die einzelnen Optionen in WPML.  <\/p>\n\n<div style=\"height:30px\" aria-hidden=\"true\" class=\"wp-block-spacer\"><\/div>\n\n<figure class=\"wp-block-table is-style-regular\"><table><tbody><tr><th><\/th><th><a href=\"#duplicating-content\"><strong>Duplizieren<\/strong><\/a><\/th><th><a href=\"#copying-content\"><strong>Kopieren Sie<\/strong><\/a><\/th><th><a href=\"#fallback-content\"><strong>Fallback<\/strong><\/a><\/th><\/tr><tr><td><strong>Funktionalit\u00e4t<\/strong><\/td><td>Dupliziert Originalinhalte in Zweitsprachen und h\u00e4lt sie synchron<\/td><td>Kopiert Originalinhalte in Zweitsprachen, ohne sie synchron zu halten<\/td><td>Zeigt \u00dcbersetzungen an, falls vorhanden, oder den Originalinhalt, wenn keine \u00dcbersetzungen vorhanden sind<\/td><\/tr><tr><td><strong>Zweck<\/strong><\/td><td>Sie planen nicht, Ihre Inhalte zu \u00fcbersetzen, m\u00f6chten sie aber in verschiedenen Sprachen anzeigen <\/td><td>Sie planen, Ihre Inhalte zu \u00fcbersetzen, und ben\u00f6tigen einen tempor\u00e4ren Platzhalter<\/td><td>Sie m\u00f6chten Inhalte in Zweitsprachen anzeigen, unabh\u00e4ngig davon, ob \u00dcbersetzungen vorhanden sind<\/td><\/tr><tr><td><strong>Abh\u00e4ngigkeit<\/strong><\/td><td>Synchronisiert mit Originalinhalt<\/td><td>Unabh\u00e4ngig vom Originalinhalt<\/td><td>Synchronisiert mit Originalinhalt<\/td><\/tr><\/tbody><\/table><\/figure>\n\n<div style=\"height:10px\" aria-hidden=\"true\" class=\"wp-block-spacer\"><\/div>\n\n<h2 class=\"wp-block-heading\" id=\"duplicating-content\">Duplizierter Inhalt<a href=\"https:\/\/wpml.org\/de\/documentation-3\/ubersetzen-ihrer-inhalte\/anzeige-von-nicht-uebersetzten-inhalten-in-sekundaersprachen\/#duplicating-content\"><\/a><\/h2>\n\n<p>Beim Duplizieren von Inhalten werden alle Inhalte, einschlie\u00dflich Taxonomien, von Ihrer Standardsprache in Ihre Zweitsprache kopiert, wobei beide synchronisiert bleiben. Immer wenn Sie Ihre Originalinhalte bearbeiten, wird die duplizierte Version automatisch aktualisiert, und alle \u00c4nderungen, die Sie daran vorgenommen haben, werden \u00fcberschrieben.  <a href=\"https:\/\/wpml.org\/de\/documentation-3\/ubersetzen-ihrer-inhalte\/anzeige-von-nicht-uebersetzten-inhalten-in-sekundaersprachen\/#how-to-duplicate-pages-and-posts-in-bulk\"><\/a><\/p>\n\n<p>So duplizieren Sie Inhalte:<\/p>\n\n<ol class=\"wp-block-list\">\n<li>Gehen Sie zu <strong>WPML<\/strong> \u2192 <strong>\u00dcbersetzungs-Dashboard<\/strong>.<\/li>\n\n\n\n<li>W\u00e4hlen Sie die Elemente aus, die Sie duplizieren m\u00f6chten.<\/li>\n<\/ol>\n\n<figure class=\"wp-block-image tb-image tb-image-dynamic tb-image-frame-none\" data-toolset-blocks-image=\"0d1cc2ab2893aaec940826d240b37d75\"><a href=\"https:\/\/wpml.org\/wp-content\/uploads\/2025\/02\/wpml-translation-management-selecting-posts-for-translation.png\"><img decoding=\"async\" width=\"1024\" height=\"719\" loading=\"lazy\" src=\"https:\/\/wpml.org\/wp-content\/uploads\/2025\/02\/wpml-translation-management-selecting-posts-for-translation-1024x719.png\" alt=\"\" class=\"wp-image-16694675\" srcset=\"https:\/\/wpml.org\/wp-content\/uploads\/2025\/02\/wpml-translation-management-selecting-posts-for-translation-1024x719.png 1024w, https:\/\/wpml.org\/wp-content\/uploads\/2025\/02\/wpml-translation-management-selecting-posts-for-translation-300x211.png 300w, https:\/\/wpml.org\/wp-content\/uploads\/2025\/02\/wpml-translation-management-selecting-posts-for-translation-150x105.png 150w, https:\/\/wpml.org\/wp-content\/uploads\/2025\/02\/wpml-translation-management-selecting-posts-for-translation-768x539.png 768w, https:\/\/wpml.org\/wp-content\/uploads\/2025\/02\/wpml-translation-management-selecting-posts-for-translation-1536x1079.png 1536w, https:\/\/wpml.org\/wp-content\/uploads\/2025\/02\/wpml-translation-management-selecting-posts-for-translation-2048x1438.png 2048w\" sizes=\"auto, (max-width: 1024px) 100vw, 1024px\" \/><\/a><figcaption><div class=\"tb-image-caption\">Ausw\u00e4hlen von zu \u00fcbersetzenden Inhalten im \u00dcbersetzungs-Dashboard<\/div><\/figcaption><\/figure>\n\n<ol start=\"3\" class=\"wp-block-list\">\n<li>W\u00e4hlen Sie die Sprachen aus, in die Sie duplizieren m\u00f6chten, und klicken Sie auf <strong>duplizieren<\/strong>.<\/li>\n<\/ol>\n\n<h3 class=\"wp-block-heading\" id=\"how-to-convert-a-translation-into-a-duplicate\">Wie man ein Duplikat in eine \u00dcbersetzung umwandelt<a href=\"https:\/\/wpml.org\/de\/documentation-3\/ubersetzen-ihrer-inhalte\/anzeige-von-nicht-uebersetzten-inhalten-in-sekundaersprachen\/#how-to-convert-a-translation-into-a-duplicate\"><\/a><\/h3>\n\n<p>Um ein Duplikat in eine \u00dcbersetzung umzuwandeln:<\/p>\n\n<ol class=\"wp-block-list\">\n<li>Wechseln Sie in der oberen WordPress-Admin-Leiste zu der Sprache Ihrer doppelten Inhalte.<\/li>\n<\/ol>\n<div class=\"wp-block-image\">\n<figure class=\" tb-image tb-image-dynamic tb-image-frame-none aligncenter\" data-toolset-blocks-image=\"e81fc7c545f210678a47ec2b534592f8\"><a href=\"https:\/\/wpml.org\/wp-content\/uploads\/2024\/07\/Selecting-language-of-duplicate-content-in-the-top-WordPress-admin-bar.png\"><img decoding=\"async\" width=\"1024\" height=\"644\" loading=\"lazy\" src=\"https:\/\/wpml.org\/wp-content\/uploads\/2024\/07\/Selecting-language-of-duplicate-content-in-the-top-WordPress-admin-bar-1024x644.png\" alt=\"Selecting language of duplicate content in the top WordPress admin bar\" class=\"wp-image-15968051\" srcset=\"https:\/\/wpml.org\/wp-content\/uploads\/2024\/07\/Selecting-language-of-duplicate-content-in-the-top-WordPress-admin-bar-1024x644.png 1024w, https:\/\/wpml.org\/wp-content\/uploads\/2024\/07\/Selecting-language-of-duplicate-content-in-the-top-WordPress-admin-bar-300x189.png 300w, https:\/\/wpml.org\/wp-content\/uploads\/2024\/07\/Selecting-language-of-duplicate-content-in-the-top-WordPress-admin-bar-150x94.png 150w, https:\/\/wpml.org\/wp-content\/uploads\/2024\/07\/Selecting-language-of-duplicate-content-in-the-top-WordPress-admin-bar-768x483.png 768w, https:\/\/wpml.org\/wp-content\/uploads\/2024\/07\/Selecting-language-of-duplicate-content-in-the-top-WordPress-admin-bar-1536x966.png 1536w, https:\/\/wpml.org\/wp-content\/uploads\/2024\/07\/Selecting-language-of-duplicate-content-in-the-top-WordPress-admin-bar.png 1995w\" sizes=\"auto, (max-width: 1024px) 100vw, 1024px\" \/><\/a><figcaption><div class=\"tb-image-caption\">Ausw\u00e4hlen der Sprache f\u00fcr doppelte Inhalte in der oberen WordPress-Admin-Leiste<\/div><\/figcaption><\/figure>\n<\/div>\n<ol start=\"2\" class=\"wp-block-list\">\n<li><strong>Bearbeiten<\/strong> Sie das duplizierte Element, das Sie in eine \u00dcbersetzung umwandeln m\u00f6chten.<\/li>\n\n\n\n<li>Ein Popup-Fenster erscheint, sobald der Editor geladen ist. Klicken Sie auf <strong>trotzdem bearbeiten<\/strong>. <\/li>\n\n\n\n<li>Klicken Sie im Abschnitt <strong>Sprache<\/strong> im Editor auf <strong>unabh\u00e4ngig \u00fcbersetzen<\/strong>.<\/li>\n<\/ol>\n<div class=\"wp-block-image\">\n<figure class=\" tb-image tb-image-dynamic tb-image-frame-none aligncenter\" data-toolset-blocks-image=\"74b0cc9c8fc11af3dc25b4bc8a124c09\"><a href=\"https:\/\/wpml.org\/wp-content\/uploads\/2024\/04\/selecting-translate-independently-in-wordpress-editor-1-2.png\"><img decoding=\"async\" width=\"1024\" height=\"619\" loading=\"lazy\" src=\"https:\/\/wpml.org\/wp-content\/uploads\/2024\/04\/selecting-translate-independently-in-wordpress-editor-1-2-1024x619.png\" alt=\"selecting translate independently in wordpress editor\" class=\"wp-image-15539164\" srcset=\"https:\/\/wpml.org\/wp-content\/uploads\/2024\/04\/selecting-translate-independently-in-wordpress-editor-1-2-1024x619.png 1024w, https:\/\/wpml.org\/wp-content\/uploads\/2024\/04\/selecting-translate-independently-in-wordpress-editor-1-2-300x181.png 300w, https:\/\/wpml.org\/wp-content\/uploads\/2024\/04\/selecting-translate-independently-in-wordpress-editor-1-2-150x91.png 150w, https:\/\/wpml.org\/wp-content\/uploads\/2024\/04\/selecting-translate-independently-in-wordpress-editor-1-2-768x464.png 768w, https:\/\/wpml.org\/wp-content\/uploads\/2024\/04\/selecting-translate-independently-in-wordpress-editor-1-2-1536x928.png 1536w, https:\/\/wpml.org\/wp-content\/uploads\/2024\/04\/selecting-translate-independently-in-wordpress-editor-1-2-2048x1237.png 2048w\" sizes=\"auto, (max-width: 1024px) 100vw, 1024px\" \/><\/a><figcaption><div class=\"tb-image-caption\"><em>Unabh\u00e4ngiges \u00dcbersetzen im WordPress-Editor anklicken<\/em><\/div><\/figcaption><\/figure>\n<\/div>\n<p>Ihre Seite wird nun nicht mehr mit dem Originalinhalt synchronisiert. <\/p>\n\n<p>Um eine \u00dcbersetzung wieder in ein Duplikat umzuwandeln, f\u00fchren Sie die gleichen Schritte wie oben beschrieben aus, klicken Sie jedoch auf die Schaltfl\u00e4che <strong>Mit [Standardsprache]-Inhalt \u00fcberschreiben<\/strong>.<\/p>\n<div class=\"wp-block-image\">\n<figure class=\" tb-image tb-image-dynamic tb-image-frame-none aligncenter\" data-toolset-blocks-image=\"13dc996ab5cc5b65a5a74dc3f52a0dbc\"><a href=\"https:\/\/wpml.org\/wp-content\/uploads\/2024\/04\/overwriting-content-with-deafult-language-content-1.png\"><img decoding=\"async\" width=\"1024\" height=\"617\" loading=\"lazy\" src=\"https:\/\/wpml.org\/wp-content\/uploads\/2024\/04\/overwriting-content-with-deafult-language-content-1-1024x617.png\" alt=\"overwriting content with default language content\" class=\"wp-image-15539180\" srcset=\"https:\/\/wpml.org\/wp-content\/uploads\/2024\/04\/overwriting-content-with-deafult-language-content-1-1024x617.png 1024w, https:\/\/wpml.org\/wp-content\/uploads\/2024\/04\/overwriting-content-with-deafult-language-content-1-300x181.png 300w, https:\/\/wpml.org\/wp-content\/uploads\/2024\/04\/overwriting-content-with-deafult-language-content-1-150x90.png 150w, https:\/\/wpml.org\/wp-content\/uploads\/2024\/04\/overwriting-content-with-deafult-language-content-1-768x463.png 768w, https:\/\/wpml.org\/wp-content\/uploads\/2024\/04\/overwriting-content-with-deafult-language-content-1-1536x925.png 1536w, https:\/\/wpml.org\/wp-content\/uploads\/2024\/04\/overwriting-content-with-deafult-language-content-1-2048x1234.png 2048w\" sizes=\"auto, (max-width: 1024px) 100vw, 1024px\" \/><\/a><figcaption><div class=\"tb-image-caption\"><em>Inhalte mit Inhalten der Standardsprache \u00fcberschreiben<\/em><\/div><\/figcaption><\/figure>\n<\/div>\n<h2 class=\"wp-block-heading\" id=\"copying-content\">Inhalt kopieren<a href=\"https:\/\/wpml.org\/de\/documentation-3\/ubersetzen-ihrer-inhalte\/anzeige-von-nicht-uebersetzten-inhalten-in-sekundaersprachen\/#copying-content\"><\/a><\/h2>\n\n<p>Das Kopieren von Inhalten macht dasselbe wie das Duplizieren von Inhalten mit einer Ausnahme: Kopierte Inhalte werden nicht mit dem Original synchronisiert. Das bedeutet, dass Sie sie unabh\u00e4ngig bearbeiten k\u00f6nnen, ohne \u00c4nderungen zu \u00fcberschreiben, wenn Sie den Originalinhalt aktualisieren. <\/p>\n\n<p>Beim Kopieren von Inhalten werden der Titel, der Auszug und der Inhalt der Seite aus der Standardsprache kopiert. Es werden <strong>keine<\/strong> benutzerdefinierten Felder kopiert.<a href=\"https:\/\/wpml.org\/de\/documentation-3\/ubersetzen-ihrer-inhalte\/anzeige-von-nicht-uebersetzten-inhalten-in-sekundaersprachen\/#how-to-copy-content\"><\/a><\/p>\n\n<div style=\"height:15px\" aria-hidden=\"true\" class=\"wp-block-spacer\"><\/div>\n\n<p>So kopieren Sie Inhalte:<\/p>\n\n<ol class=\"wp-block-list\">\n<li><strong>Bearbeiten<\/strong> Sie die Seite in der Standardsprache.<\/li>\n\n\n\n<li>Wechseln Sie in der oberen WordPress-Admin-Leiste zu der Sprache, in die Sie kopieren m\u00f6chten. Es erscheint eine leere Seite. <\/li>\n\n\n\n<li>Klicken Sie im Editor unter dem Abschnitt <strong>Sprache<\/strong> auf die Schaltfl\u00e4che <strong>Inhalt aus [Standardsprache] kopieren<\/strong>.<\/li>\n<\/ol>\n<div class=\"wp-block-image\">\n<figure class=\" tb-image tb-image-dynamic tb-image-frame-none aligncenter\" data-toolset-blocks-image=\"acdfe6fcc3f2793ddb6d7c8839e5f9fc\"><a href=\"https:\/\/wpml.org\/wp-content\/uploads\/2024\/04\/Copying-default-language-content-to-a-secondary-language-page-1.png\"><img decoding=\"async\" width=\"1024\" height=\"501\" loading=\"lazy\" src=\"https:\/\/wpml.org\/wp-content\/uploads\/2024\/04\/Copying-default-language-content-to-a-secondary-language-page-1-1024x501.png\" alt=\"Copying default language content to a secondary language page\" class=\"wp-image-15539340\" srcset=\"https:\/\/wpml.org\/wp-content\/uploads\/2024\/04\/Copying-default-language-content-to-a-secondary-language-page-1-1024x501.png 1024w, https:\/\/wpml.org\/wp-content\/uploads\/2024\/04\/Copying-default-language-content-to-a-secondary-language-page-1-300x147.png 300w, https:\/\/wpml.org\/wp-content\/uploads\/2024\/04\/Copying-default-language-content-to-a-secondary-language-page-1-150x73.png 150w, https:\/\/wpml.org\/wp-content\/uploads\/2024\/04\/Copying-default-language-content-to-a-secondary-language-page-1-768x375.png 768w, https:\/\/wpml.org\/wp-content\/uploads\/2024\/04\/Copying-default-language-content-to-a-secondary-language-page-1-1536x751.png 1536w, https:\/\/wpml.org\/wp-content\/uploads\/2024\/04\/Copying-default-language-content-to-a-secondary-language-page-1-2048x1001.png 2048w\" sizes=\"auto, (max-width: 1024px) 100vw, 1024px\" \/><\/a><figcaption><div class=\"tb-image-caption\"><em>Kopieren von Inhalten der Standardsprache auf eine Seite in einer Zweitsprache<\/em><\/div><\/figcaption><\/figure>\n<\/div>\n<div class=\"wp-block-toolset-blocks-container tb-container\" data-toolset-blocks-container=\"f5f041a90998d188dc29b72f1841b8ae\">\n<div class=\"wp-block-toolset-blocks-grid tb-grid\" data-toolset-blocks-grid=\"37d19417981b1b97920df56c088840a6\">\n<div class=\"wp-block-toolset-blocks-grid-column tb-grid-column tb-grid-align-top\" data-toolset-blocks-grid-column=\"3034fbe886c11054e95b46b09d3e4112\">\n<div class=\"wp-block-toolset-blocks-container tb-container\" data-toolset-blocks-container=\"8462661d63c4401da3f7686632759d01\"><\/div>\n<\/div>\n\n\n\n<div class=\"wp-block-toolset-blocks-grid-column tb-grid-column tb-grid-align-top\" data-toolset-blocks-grid-column=\"3034fbe886c11054e95b46b09d3e4112\">\n<p class=\"tb-heading has-text-color\" data-toolset-blocks-heading=\"c1ace1a37913fe1cf5b4191d09bc8145\" data-last-update=\"1.4\">Wenn Sie den Gutenberg-Block-Editor verwenden und den Sprachumschalter oben auf dem Bildschirm nicht sehen, klicken Sie auf das 3-Punkte-Men\u00fc in der oberen rechten Ecke und deaktivieren Sie den <strong>Vollbildmodus<\/strong>.<\/p>\n<\/div>\n<\/div>\n<\/div>\n\n<p><\/p>\n\n<h2 class=\"wp-block-heading\" id=\"fallback-content\">Un\u00fcbersetzte Inhalte auf Standardsprache zur\u00fccksetzen<a href=\"https:\/\/wpml.org\/de\/documentation-3\/ubersetzen-ihrer-inhalte\/anzeige-von-nicht-uebersetzten-inhalten-in-sekundaersprachen\/#using-the-default-language-as-a-fallback-for-untranslated-content\"><\/a><\/h2>\n\n<p>Das Zur\u00fcckgreifen auf nicht \u00fcbersetzte Inhalte zeigt den Originalinhalt an, wenn keine \u00dcbersetzungen verf\u00fcgbar sind. Mit anderen Worten:  <\/p>\n\n<ul class=\"wp-block-list\">\n<li>Wenn Inhalte keine \u00dcbersetzungen haben, werden sie in der Standardsprache angezeigt. <a href=\"https:\/\/wpml.org\/de\/documentation-3\/ubersetzen-ihrer-inhalte\/anzeige-von-nicht-uebersetzten-inhalten-in-sekundaersprachen\/#how-to-display-untranslated-post-types-as-a-fallback\"><\/a><\/li>\n\n\n\n<li>Wenn Inhalte \u00dcbersetzungen haben, werden sie \u00fcbersetzt angezeigt. <\/li>\n<\/ul>\n\n<div style=\"height:15px\" aria-hidden=\"true\" class=\"wp-block-spacer\"><\/div>\n\n<p>So legen Sie fest, dass nicht \u00fcbersetzte Beitragstypen auf Ihre Standardsprache zur\u00fcckgreifen:<\/p>\n\n<ol class=\"wp-block-list\">\n<li>Gehen Sie zu <strong>WPML \u2192 Einstellungen<\/strong>. <\/li>\n\n\n\n<li>Scrollen Sie nach unten zu <strong>\u00dcbersetzung von Beitragstypen<\/strong> und w\u00e4hlen Sie f\u00fcr Ihre Beitragstypen <strong>\u00dcbersetzbar \u2013 \u00dcbersetzung verwenden, falls verf\u00fcgbar, oder auf Standardsprache zur\u00fcckgreifen<\/strong>. <\/li>\n<\/ol>\n\n<figure class=\"wp-block-image tb-image tb-image-dynamic tb-image-frame-none\" data-toolset-blocks-image=\"839b20c4ccf56d765b729f4ce30c7583\"><a href=\"https:\/\/wpml.org\/wp-content\/uploads\/2024\/04\/Setting-post-types-to-fallback-to-original-language.png\"><img decoding=\"async\" width=\"1024\" height=\"560\" loading=\"lazy\" src=\"https:\/\/wpml.org\/wp-content\/uploads\/2024\/04\/Setting-post-types-to-fallback-to-original-language-1024x560.png\" alt=\"Setting post types to fallback to original language\" class=\"wp-image-15539603\" srcset=\"https:\/\/wpml.org\/wp-content\/uploads\/2024\/04\/Setting-post-types-to-fallback-to-original-language-1024x560.png 1024w, https:\/\/wpml.org\/wp-content\/uploads\/2024\/04\/Setting-post-types-to-fallback-to-original-language-300x164.png 300w, https:\/\/wpml.org\/wp-content\/uploads\/2024\/04\/Setting-post-types-to-fallback-to-original-language-150x82.png 150w, https:\/\/wpml.org\/wp-content\/uploads\/2024\/04\/Setting-post-types-to-fallback-to-original-language-768x420.png 768w, https:\/\/wpml.org\/wp-content\/uploads\/2024\/04\/Setting-post-types-to-fallback-to-original-language-1536x840.png 1536w, https:\/\/wpml.org\/wp-content\/uploads\/2024\/04\/Setting-post-types-to-fallback-to-original-language-2048x1121.png 2048w\" sizes=\"auto, (max-width: 1024px) 100vw, 1024px\" \/><\/a><figcaption><div class=\"tb-image-caption\"><em>Einstellen von Beitragstypen, um auf die Standardsprache zur\u00fcckzugreifen<\/em><\/div><\/figcaption><\/figure>\n\n<p>Um un\u00fcbersetzte Taxonomien auf Ihre Standardsprache zur\u00fcckzusetzen:<\/p>\n\n<ol class=\"wp-block-list\">\n<li>Gehen Sie zu <strong>WPML \u2192 Einstellungen<\/strong>.<\/li>\n\n\n\n<li>Scrollen Sie nach unten zu <strong>Benutzerdefinierte Taxonomien<\/strong> und w\u00e4hlen Sie f\u00fcr Ihre Taxonomien <strong>\u00dcbersetzbar \u2013 \u00dcbersetzung verwenden, falls verf\u00fcgbar, oder auf Standardsprache zur\u00fcckgreifen<\/strong>. <\/li>\n<\/ol>\n<div class=\"wp-block-image\">\n<figure class=\" tb-image tb-image-dynamic tb-image-frame-none aligncenter\" data-toolset-blocks-image=\"63e176be054e03aa39f473a8c422fdc4\"><a href=\"https:\/\/wpml.org\/wp-content\/uploads\/2024\/04\/Setting-taxonomies-to-fallback-to-default-language.png\"><img decoding=\"async\" width=\"1024\" height=\"562\" loading=\"lazy\" src=\"https:\/\/wpml.org\/wp-content\/uploads\/2024\/04\/Setting-taxonomies-to-fallback-to-default-language-1024x562.png\" alt=\"Setting taxonomies to fallback to default language\" class=\"wp-image-15539766\" srcset=\"https:\/\/wpml.org\/wp-content\/uploads\/2024\/04\/Setting-taxonomies-to-fallback-to-default-language-1024x562.png 1024w, https:\/\/wpml.org\/wp-content\/uploads\/2024\/04\/Setting-taxonomies-to-fallback-to-default-language-300x165.png 300w, https:\/\/wpml.org\/wp-content\/uploads\/2024\/04\/Setting-taxonomies-to-fallback-to-default-language-150x82.png 150w, https:\/\/wpml.org\/wp-content\/uploads\/2024\/04\/Setting-taxonomies-to-fallback-to-default-language-768x421.png 768w, https:\/\/wpml.org\/wp-content\/uploads\/2024\/04\/Setting-taxonomies-to-fallback-to-default-language-1536x843.png 1536w, https:\/\/wpml.org\/wp-content\/uploads\/2024\/04\/Setting-taxonomies-to-fallback-to-default-language-2048x1124.png 2048w\" sizes=\"auto, (max-width: 1024px) 100vw, 1024px\" \/><\/a><figcaption><div class=\"tb-image-caption\">Einstellen von Taxonomien, um auf die Standardsprache zur\u00fcckzufallen<\/div><\/figcaption><\/figure>\n<\/div>","protected":false},"excerpt":{"rendered":"<p>Durch Duplizieren und Kopieren k\u00f6nnen Sie nicht \u00fcbersetzte Inhalte in Ihren Zweitsprachen anzeigen. In dieser Anleitung erfahren Sie mehr \u00fcber die einzelnen Optionen in WPML. Duplizieren Kopieren Sie Fallback Funktionalit\u00e4t Dupliziert Originalinhalte in Zweitsprachen und h\u00e4lt sie synchron Kopiert Originalinhalte in Zweitsprachen, ohne sie synchron zu halten Zeigt \u00dcbersetzungen an, falls vorhanden, oder den Originalinhalt, [&hellip;]<\/p>\n","protected":false},"author":578773,"featured_media":0,"parent":3852,"menu_order":50,"comment_status":"closed","ping_status":"closed","template":"template-sidebar-2.php","meta":{"_bbp_topic_count":0,"_bbp_reply_count":0,"_bbp_total_topic_count":0,"_bbp_total_reply_count":0,"_bbp_voice_count":0,"_bbp_anonymous_reply_count":0,"_bbp_topic_count_hidden":0,"_bbp_reply_count_hidden":0,"_bbp_forum_subforum_count":0,"_uag_custom_page_level_css":"","ep_exclude_from_search":false,"footnotes":""},"related-projects-category":[],"class_list":["post-15434417","page","type-page","status-publish","hentry"],"spectra_custom_meta":{"ratings_users":["0"],"ratings_score":["0"],"ratings_average":["0"],"_subscription_coupon_product_id":["0"],"_syntaxhighlighter_encoded":["1"],"_wpv_contains_gutenberg_views":[""],"_alp_processed":["1753256250"],"_views_template":["0"],"wpcf-unformatted-code":[""],"_wpml_media_duplicate":["0"],"_wpml_media_featured":["1"],"toolset_post_editor_mode":["block"],"wpcf-price-increase-show-from":[""],"wpcf-price-increase-show-till":[""],"_wp_page_template":["template-sidebar-2.php"],"_last_translation_edit_mode":["translation-editor"],"_wpml_word_count":["816"],"cmplz_hide_cookiebanner":[""],"wpcf-price-increase-content":[""],"wpcf-login-box-title":[""],"wpcf-page-content":[""],"_yoast_wpseo_primary_related-projects-category":[""],"_yoast_wpseo_title":["%%title%% %%page%%"],"_yoast_wpseo_metadesc":["Duplizieren zeigt un\u00fcbersetzte Inhalte in Zweitsprachen. Diese Anleitung erkl\u00e4rt die Optionen in WPML."],"_uag_css_file_name":["uag-css-15434417.css"],"_uag_page_assets":["a:9:{s:3:\"css\";s:260:\".uag-blocks-common-selector{z-index:var(--z-index-desktop) !important}@media(max-width: 976px){.uag-blocks-common-selector{z-index:var(--z-index-tablet) !important}}@media(max-width: 767px){.uag-blocks-common-selector{z-index:var(--z-index-mobile) !important}}\";s:2:\"js\";s:0:\"\";s:18:\"current_block_list\";a:12:{i:0;s:14:\"core\/paragraph\";i:1;s:11:\"core\/spacer\";i:2;s:10:\"core\/table\";i:3;s:12:\"core\/heading\";i:4;s:9:\"core\/list\";i:5;s:14:\"core\/list-item\";i:6;s:20:\"toolset-blocks\/image\";i:7;s:24:\"toolset-blocks\/container\";i:8;s:19:\"toolset-blocks\/grid\";i:9;s:26:\"toolset-blocks\/grid-column\";i:11;s:22:\"toolset-blocks\/heading\";i:12;s:14:\"core\/shortcode\";}s:8:\"uag_flag\";b:0;s:11:\"uag_version\";s:10:\"1778748370\";s:6:\"gfonts\";a:0:{}s:10:\"gfonts_url\";s:0:\"\";s:12:\"gfonts_files\";a:0:{}s:14:\"uag_faq_layout\";b:0;}"]},"uagb_featured_image_src":{"full":false,"thumbnail":false,"medium":false,"medium_large":false,"large":false,"1536x1536":false,"2048x2048":false,"gform-image-choice-sm":false,"gform-image-choice-md":false,"gform-image-choice-lg":false,"woocommerce_thumbnail":false,"woocommerce_single":false,"woocommerce_gallery_thumbnail":false},"uagb_author_info":{"display_name":"Tomer Helzer","author_link":"https:\/\/wpml.org\/de\/author\/tomer-h\/"},"uagb_comment_info":0,"uagb_excerpt":"Durch Duplizieren und Kopieren k\u00f6nnen Sie nicht \u00fcbersetzte Inhalte in Ihren Zweitsprachen anzeigen. In dieser Anleitung erfahren Sie mehr \u00fcber die einzelnen Optionen in WPML. Duplizieren Kopieren Sie Fallback Funktionalit\u00e4t Dupliziert Originalinhalte in Zweitsprachen und h\u00e4lt sie synchron Kopiert Originalinhalte in Zweitsprachen, ohne sie synchron zu halten Zeigt \u00dcbersetzungen an, falls vorhanden, oder den Originalinhalt,&hellip;","_links":{"self":[{"href":"https:\/\/wpml.org\/de\/wp-json\/wp\/v2\/pages\/15434417","targetHints":{"allow":["GET"]}}],"collection":[{"href":"https:\/\/wpml.org\/de\/wp-json\/wp\/v2\/pages"}],"about":[{"href":"https:\/\/wpml.org\/de\/wp-json\/wp\/v2\/types\/page"}],"author":[{"embeddable":true,"href":"https:\/\/wpml.org\/de\/wp-json\/wp\/v2\/users\/578773"}],"replies":[{"embeddable":true,"href":"https:\/\/wpml.org\/de\/wp-json\/wp\/v2\/comments?post=15434417"}],"version-history":[{"count":8,"href":"https:\/\/wpml.org\/de\/wp-json\/wp\/v2\/pages\/15434417\/revisions"}],"predecessor-version":[{"id":17262074,"href":"https:\/\/wpml.org\/de\/wp-json\/wp\/v2\/pages\/15434417\/revisions\/17262074"}],"up":[{"embeddable":true,"href":"https:\/\/wpml.org\/de\/wp-json\/wp\/v2\/pages\/3852"}],"wp:attachment":[{"href":"https:\/\/wpml.org\/de\/wp-json\/wp\/v2\/media?parent=15434417"}],"wp:term":[{"taxonomy":"related-projects-category","embeddable":true,"href":"https:\/\/wpml.org\/de\/wp-json\/wp\/v2\/related-projects-category?post=15434417"}],"curies":[{"name":"wp","href":"https:\/\/api.w.org\/{rel}","templated":true}]}}