{"id":15648760,"date":"2024-05-21T08:31:50","date_gmt":"2024-05-21T08:31:50","guid":{"rendered":"https:\/\/wpml.org\/documentation-3\/ratgeber-zum-loslegen\/einstellung-der-sprachen\/wie-man-sprachen-in-wpml-hinzufuegt\/"},"modified":"2024-05-24T08:15:53","modified_gmt":"2024-05-24T08:15:53","slug":"wie-man-sprachen-in-wpml-hinzufuegt","status":"publish","type":"page","link":"https:\/\/wpml.org\/de\/documentation-3\/ratgeber-zum-loslegen\/einstellung-der-sprachen\/wie-man-sprachen-in-wpml-hinzufuegt\/","title":{"rendered":"Wie man Sprachen in WPML hinzuf\u00fcgt"},"content":{"rendered":"\n<p class=\"lead\">Mit WPML k\u00f6nnen Sie Ihrer Website jederzeit weitere Sprachen hinzuf\u00fcgen. Erfahren Sie, wie Sie vorkonfigurierte Sprachen oder Ihre eigene, ma\u00dfgeschneiderte Sprache hinzuf\u00fcgen k\u00f6nnen.  <\/p>\n\n<p>Standardm\u00e4\u00dfig ist WPML mit <a href=\"https:\/\/wpml.org\/de\/documentation-3\/ratgeber-zum-loslegen\/einstellung-der-sprachen\/vorkonfigurierte-sprachen\/\">65 vorkonfigurierten Sprachen<\/a> ausgestattet. Dazu geh\u00f6ren beliebte Sprachen wie Spanisch, Franz\u00f6sisch und Deutsch, aber auch einzigartige Sprachen wie Chinesisch, Japanisch und Arabisch.  <\/p>\n\n<p>Wenn Sie eine Sprache hinzuf\u00fcgen m\u00f6chten, die in WPML nicht standardm\u00e4\u00dfig verf\u00fcgbar ist, k\u00f6nnen Sie eine ma\u00dfgeschneiderte Sprache erstellen.  <\/p>\n\n<h2 class=\"wp-block-heading\">Vorkonfigurierte Sprachen hinzuf\u00fcgen<\/h2>\n\n<p>Um vorkonfigurierte Sprachen in WPML hinzuzuf\u00fcgen:  <\/p>\n\n<ol class=\"wp-block-list\">\n<li>Gehen Sie zu <strong>WPML<\/strong> \u2192 <strong>Sprachen<\/strong>.  <\/li>\n\n\n\n<li>Klicken Sie unter <strong>Website-Sprachen<\/strong> auf <strong>Sprachen hinzuf\u00fcgen\/entfernen<\/strong>.  <\/li>\n\n\n\n<li>W\u00e4hlen Sie die Sprachen, die Sie hinzuf\u00fcgen m\u00f6chten, und speichern Sie.<\/li>\n<\/ol>\n\n<h2 class=\"wp-block-heading\">Ma\u00dfgeschneiderte Sprachen hinzuf\u00fcgen<\/h2>\n\n<p>Um ma\u00dfgeschneiderte Sprachen in WPML hinzuzuf\u00fcgen:  <\/p>\n\n<ol class=\"wp-block-list\">\n<li>Gehen Sie zu <strong>WPML <\/strong>\u2192 <strong>Sprachen<\/strong>.  <\/li>\n\n\n\n<li>Klicken Sie unter <strong>Website-Sprachen<\/strong> auf <strong>Sprachen bearbeiten<\/strong>.  <\/li>\n\n\n\n<li>Scrollen Sie nach unten und klicken Sie auf <strong>Sprache hinzuf\u00fcgen<\/strong>.<\/li>\n\n\n\n<li>Geben Sie Ihre ma\u00dfgeschneiderten Sprachdetails ein und speichern Sie.<\/li>\n<\/ol>\n\n<figure class=\"wp-block-image tb-image tb-image-dynamic tb-image-frame-none\" data-toolset-blocks-image=\"7ce363cda8ba7114471d6371f3e83b28\"><a href=\"https:\/\/wpml.org\/wp-content\/uploads\/2024\/05\/Adding-custom-language.png\"><img decoding=\"async\" width=\"1024\" height=\"572\" loading=\"lazy\" src=\"https:\/\/wpml.org\/wp-content\/uploads\/2024\/05\/Adding-custom-language-1024x572.png\" alt=\"Adding custom languages in WPML\" class=\"wp-image-15633944\" srcset=\"https:\/\/wpml.org\/wp-content\/uploads\/2024\/05\/Adding-custom-language-1024x572.png 1024w, https:\/\/wpml.org\/wp-content\/uploads\/2024\/05\/Adding-custom-language-300x168.png 300w, https:\/\/wpml.org\/wp-content\/uploads\/2024\/05\/Adding-custom-language-150x84.png 150w, https:\/\/wpml.org\/wp-content\/uploads\/2024\/05\/Adding-custom-language-768x429.png 768w, https:\/\/wpml.org\/wp-content\/uploads\/2024\/05\/Adding-custom-language-1536x858.png 1536w, https:\/\/wpml.org\/wp-content\/uploads\/2024\/05\/Adding-custom-language.png 1885w\" sizes=\"auto, (max-width: 1024px) 100vw, 1024px\" \/><\/a><figcaption><div class=\"tb-image-caption\">Hinzuf\u00fcgen von ma\u00dfgeschneiderten Sprachen in WPML<\/div><\/figcaption><\/figure>\n\n<h2 class=\"wp-block-heading\">Automatische \u00dcbersetzung f\u00fcr ma\u00dfgeschneiderte Sprachen<\/h2>\n\n<p>Obwohl \u00dcbersetzungsmaschinen viele Sprachen und Dialekte unterst\u00fctzen, sind einige ma\u00dfgeschneiderte Sprachen m\u00f6glicherweise nicht verf\u00fcgbar. In diesen F\u00e4llen haben Sie zwei M\u00f6glichkeiten:  <\/p>\n\n<ul class=\"wp-block-list\">\n<li>Manuell selbst \u00fcbersetzen<\/li>\n\n\n\n<li>Automatisch in eine \u00e4hnliche Sprache \u00fcbersetzen<\/li>\n<\/ul>\n\n<p>Nehmen wir zum Beispiel an, Sie haben eine ma\u00dfgeschneiderte Sprache namens Schweizer-Deutsch erstellt. Da es dem Deutschen \u00e4hnlich ist, k\u00f6nnen Sie Ihre Inhalte zun\u00e4chst automatisch ins Deutsche \u00fcbersetzen lassen und dann die \u00dcbersetzungen bearbeiten, um die lokalen schweizerischen Nuancen zu ber\u00fccksichtigen.  <\/p>\n\n<p>Sie k\u00f6nnen in der Spalte <strong>Sprachzuordnung<\/strong> angeben, in welche Sprache WPML automatisch \u00fcbersetzen soll.  <\/p>\n","protected":false},"excerpt":{"rendered":"<p>Mit WPML k\u00f6nnen Sie Ihrer Website jederzeit weitere Sprachen hinzuf\u00fcgen. Erfahren Sie, wie Sie vorkonfigurierte Sprachen oder Ihre eigene, ma\u00dfgeschneiderte Sprache hinzuf\u00fcgen k\u00f6nnen. Standardm\u00e4\u00dfig ist WPML mit 65 vorkonfigurierten Sprachen ausgestattet. Dazu geh\u00f6ren beliebte Sprachen wie Spanisch, Franz\u00f6sisch und Deutsch, aber auch einzigartige Sprachen wie Chinesisch, Japanisch und Arabisch. Wenn Sie eine Sprache hinzuf\u00fcgen m\u00f6chten, [&hellip;]<\/p>\n","protected":false},"author":2,"featured_media":0,"parent":1439,"menu_order":28,"comment_status":"closed","ping_status":"closed","template":"","meta":{"_bbp_topic_count":0,"_bbp_reply_count":0,"_bbp_total_topic_count":0,"_bbp_total_reply_count":0,"_bbp_voice_count":0,"_bbp_anonymous_reply_count":0,"_bbp_topic_count_hidden":0,"_bbp_reply_count_hidden":0,"_bbp_forum_subforum_count":0,"_uag_custom_page_level_css":"","ep_exclude_from_search":false,"footnotes":""},"related-projects-category":[],"class_list":["post-15648760","page","type-page","status-publish","hentry"],"spectra_custom_meta":{"ratings_users":["0"],"ratings_score":["0"],"ratings_average":["0"],"_subscription_coupon_product_id":["0"],"_wpv_contains_gutenberg_views":[""],"_alp_processed":["1716538553"],"_views_template":["0"],"wpcf-unformatted-code":[""],"_wpml_media_duplicate":["0"],"_wpml_media_featured":["1"],"toolset_post_editor_mode":["block"],"wpcf-price-increase-show-from":[""],"wpcf-price-increase-show-till":[""],"_wp_page_template":["default"],"_last_translation_edit_mode":["translation-editor"],"_yoast_wpseo_title":["%%title%% %%page%%"],"_yoast_wpseo_metadesc":["Mit WPML k\u00f6nnen Sie Ihrer Website jederzeit weitere Sprachen hinzuf\u00fcgen. Erfahren Sie, wie Sie vorkonfigurierte Sprachen oder Ihre eigene, ma\u00dfgeschneiderte Sprache hinzuf\u00fcgen k\u00f6nnen."],"_yoast_wpseo_focuskw":["Sprachen hinzuf\u00fcgen wpml"],"_wpml_word_count":["347"],"_uagb_previous_block_counts":["a:90:{s:21:\"uagb\/advanced-heading\";i:0;s:15:\"uagb\/blockquote\";i:0;s:12:\"uagb\/buttons\";i:0;s:18:\"uagb\/buttons-child\";i:0;s:19:\"uagb\/call-to-action\";i:0;s:15:\"uagb\/cf7-styler\";i:0;s:11:\"uagb\/column\";i:0;s:12:\"uagb\/columns\";i:0;s:14:\"uagb\/container\";i:0;s:21:\"uagb\/content-timeline\";i:0;s:27:\"uagb\/content-timeline-child\";i:0;s:14:\"uagb\/countdown\";i:0;s:12:\"uagb\/counter\";i:0;s:8:\"uagb\/faq\";i:0;s:14:\"uagb\/faq-child\";i:0;s:10:\"uagb\/forms\";i:0;s:17:\"uagb\/forms-accept\";i:0;s:19:\"uagb\/forms-checkbox\";i:0;s:15:\"uagb\/forms-date\";i:0;s:16:\"uagb\/forms-email\";i:0;s:17:\"uagb\/forms-hidden\";i:0;s:15:\"uagb\/forms-name\";i:0;s:16:\"uagb\/forms-phone\";i:0;s:16:\"uagb\/forms-radio\";i:0;s:17:\"uagb\/forms-select\";i:0;s:19:\"uagb\/forms-textarea\";i:0;s:17:\"uagb\/forms-toggle\";i:0;s:14:\"uagb\/forms-url\";i:0;s:14:\"uagb\/gf-styler\";i:0;s:15:\"uagb\/google-map\";i:0;s:11:\"uagb\/how-to\";i:0;s:16:\"uagb\/how-to-step\";i:0;s:9:\"uagb\/icon\";i:0;s:14:\"uagb\/icon-list\";i:0;s:20:\"uagb\/icon-list-child\";i:0;s:10:\"uagb\/image\";i:0;s:18:\"uagb\/image-gallery\";i:0;s:13:\"uagb\/info-box\";i:0;s:18:\"uagb\/inline-notice\";i:0;s:11:\"uagb\/lottie\";i:0;s:21:\"uagb\/marketing-button\";i:0;s:10:\"uagb\/modal\";i:0;s:18:\"uagb\/popup-builder\";i:0;s:16:\"uagb\/post-button\";i:0;s:18:\"uagb\/post-carousel\";i:0;s:17:\"uagb\/post-excerpt\";i:0;s:14:\"uagb\/post-grid\";i:0;s:15:\"uagb\/post-image\";i:0;s:17:\"uagb\/post-masonry\";i:0;s:14:\"uagb\/post-meta\";i:0;s:18:\"uagb\/post-taxonomy\";i:0;s:18:\"uagb\/post-timeline\";i:0;s:15:\"uagb\/post-title\";i:0;s:20:\"uagb\/restaurant-menu\";i:0;s:26:\"uagb\/restaurant-menu-child\";i:0;s:11:\"uagb\/review\";i:0;s:12:\"uagb\/section\";i:0;s:14:\"uagb\/separator\";i:0;s:11:\"uagb\/slider\";i:0;s:17:\"uagb\/slider-child\";i:0;s:17:\"uagb\/social-share\";i:0;s:23:\"uagb\/social-share-child\";i:0;s:16:\"uagb\/star-rating\";i:0;s:23:\"uagb\/sure-cart-checkout\";i:0;s:22:\"uagb\/sure-cart-product\";i:0;s:15:\"uagb\/sure-forms\";i:0;s:22:\"uagb\/table-of-contents\";i:0;s:9:\"uagb\/tabs\";i:0;s:15:\"uagb\/tabs-child\";i:0;s:18:\"uagb\/taxonomy-list\";i:0;s:9:\"uagb\/team\";i:0;s:16:\"uagb\/testimonial\";i:0;s:14:\"uagb\/wp-search\";i:0;s:19:\"uagb\/instagram-feed\";i:0;s:10:\"uagb\/login\";i:0;s:17:\"uagb\/loop-builder\";i:0;s:18:\"uagb\/loop-category\";i:0;s:20:\"uagb\/loop-pagination\";i:0;s:15:\"uagb\/loop-reset\";i:0;s:16:\"uagb\/loop-search\";i:0;s:14:\"uagb\/loop-sort\";i:0;s:17:\"uagb\/loop-wrapper\";i:0;s:13:\"uagb\/register\";i:0;s:19:\"uagb\/register-email\";i:0;s:24:\"uagb\/register-first-name\";i:0;s:23:\"uagb\/register-last-name\";i:0;s:22:\"uagb\/register-password\";i:0;s:30:\"uagb\/register-reenter-password\";i:0;s:19:\"uagb\/register-terms\";i:0;s:22:\"uagb\/register-username\";i:0;}"],"_uag_css_file_name":["uag-css-15648760.css"],"_uag_page_assets":["a:9:{s:3:\"css\";s:260:\".uag-blocks-common-selector{z-index:var(--z-index-desktop) !important}@media(max-width: 976px){.uag-blocks-common-selector{z-index:var(--z-index-tablet) !important}}@media(max-width: 767px){.uag-blocks-common-selector{z-index:var(--z-index-mobile) !important}}\";s:2:\"js\";s:0:\"\";s:18:\"current_block_list\";a:6:{i:0;s:14:\"core\/paragraph\";i:1;s:12:\"core\/heading\";i:2;s:9:\"core\/list\";i:3;s:14:\"core\/list-item\";i:4;s:20:\"toolset-blocks\/image\";i:5;s:14:\"core\/shortcode\";}s:8:\"uag_flag\";b:0;s:11:\"uag_version\";s:10:\"1778676618\";s:6:\"gfonts\";a:0:{}s:10:\"gfonts_url\";s:0:\"\";s:12:\"gfonts_files\";a:0:{}s:14:\"uag_faq_layout\";b:0;}"]},"uagb_featured_image_src":{"full":false,"thumbnail":false,"medium":false,"medium_large":false,"large":false,"1536x1536":false,"2048x2048":false,"gform-image-choice-sm":false,"gform-image-choice-md":false,"gform-image-choice-lg":false,"woocommerce_thumbnail":false,"woocommerce_single":false,"woocommerce_gallery_thumbnail":false},"uagb_author_info":{"display_name":"Amir","author_link":"https:\/\/wpml.org\/de\/author\/amir\/"},"uagb_comment_info":0,"uagb_excerpt":"Mit WPML k\u00f6nnen Sie Ihrer Website jederzeit weitere Sprachen hinzuf\u00fcgen. Erfahren Sie, wie Sie vorkonfigurierte Sprachen oder Ihre eigene, ma\u00dfgeschneiderte Sprache hinzuf\u00fcgen k\u00f6nnen. Standardm\u00e4\u00dfig ist WPML mit 65 vorkonfigurierten Sprachen ausgestattet. Dazu geh\u00f6ren beliebte Sprachen wie Spanisch, Franz\u00f6sisch und Deutsch, aber auch einzigartige Sprachen wie Chinesisch, Japanisch und Arabisch. Wenn Sie eine Sprache hinzuf\u00fcgen m\u00f6chten,&hellip;","_links":{"self":[{"href":"https:\/\/wpml.org\/de\/wp-json\/wp\/v2\/pages\/15648760","targetHints":{"allow":["GET"]}}],"collection":[{"href":"https:\/\/wpml.org\/de\/wp-json\/wp\/v2\/pages"}],"about":[{"href":"https:\/\/wpml.org\/de\/wp-json\/wp\/v2\/types\/page"}],"author":[{"embeddable":true,"href":"https:\/\/wpml.org\/de\/wp-json\/wp\/v2\/users\/2"}],"replies":[{"embeddable":true,"href":"https:\/\/wpml.org\/de\/wp-json\/wp\/v2\/comments?post=15648760"}],"version-history":[{"count":3,"href":"https:\/\/wpml.org\/de\/wp-json\/wp\/v2\/pages\/15648760\/revisions"}],"predecessor-version":[{"id":15666094,"href":"https:\/\/wpml.org\/de\/wp-json\/wp\/v2\/pages\/15648760\/revisions\/15666094"}],"up":[{"embeddable":true,"href":"https:\/\/wpml.org\/de\/wp-json\/wp\/v2\/pages\/1439"}],"wp:attachment":[{"href":"https:\/\/wpml.org\/de\/wp-json\/wp\/v2\/media?parent=15648760"}],"wp:term":[{"taxonomy":"related-projects-category","embeddable":true,"href":"https:\/\/wpml.org\/de\/wp-json\/wp\/v2\/related-projects-category?post=15648760"}],"curies":[{"name":"wp","href":"https:\/\/api.w.org\/{rel}","templated":true}]}}