{"id":15653511,"date":"2020-11-04T09:50:56","date_gmt":"2020-11-04T09:50:56","guid":{"rendered":"https:\/\/wpml.org\/documentation-3\/automatische-uebersetzung-fuer-wordpress-inhalte-mit-wpml\/automatische-uebersetzung-mit-massgeschneiderten-sprachen-verwenden\/"},"modified":"2025-08-20T16:17:53","modified_gmt":"2025-08-20T16:17:53","slug":"automatische-uebersetzung-mit-massgeschneiderten-sprachen-verwenden","status":"publish","type":"page","link":"https:\/\/wpml.org\/de\/documentation-3\/automatische-uebersetzung-fuer-wordpress-inhalte-mit-wpml\/automatische-uebersetzung-mit-massgeschneiderten-sprachen-verwenden\/","title":{"rendered":"Verwendung der automatischen \u00dcbersetzung mit ma\u00dfgeschneiderten Sprachen"},"content":{"rendered":"\n<p class=\"lead\">Wenn Sie eine benutzerdefinierte oder l\u00e4nderspezifische Sprache auf Ihrer Website verwenden, k\u00f6nnen Sie die Rechtschreibpr\u00fcfung und die automatische \u00dcbersetzung weiterhin nutzen, indem Sie sie einer unterst\u00fctzten Sprache zuordnen.<\/p>\n\n<p>WPML bietet eine <a href=\"https:\/\/ate.wpml.org\/mt_langs\">umfangreiche Liste unterst\u00fctzter Sprachen<\/a>, die mit den automatischen \u00dcbersetzungsmaschinen funktionieren. M\u00f6glicherweise ben\u00f6tigen Sie jedoch eine Sprache auf Ihrer Website, die nicht in der Liste enthalten ist, oder Sie m\u00f6chten eine l\u00e4nderspezifische Sprache verwenden.  Sie m\u00fcssen <a href=\"https:\/\/wpml.org\/documentation\/support\/editing-wpmls-languages-table\/\">diese als ma\u00dfgeschneiderte Sprachen hinzuf\u00fcgen<\/a>.<\/p>\n\n<p>Wenn Sie Ihre ma\u00dfgeschneiderte Sprache erstellen, k\u00f6nnen Sie sie einer \u00e4hnlichen, unterst\u00fctzten Sprache zuordnen. Dadurch k\u00f6nnen Sie Ihre Inhalte automatisch in die unterst\u00fctzte Sprache \u00fcbersetzen. Dann m\u00fcssen Sie bei der \u00dcberpr\u00fcfung der \u00dcbersetzungen nur noch kleine \u00c4nderungen vornehmen, anstatt alles von Grund auf neu zu \u00fcbersetzen.<\/p>\n\n<p>Nehmen wir zum Beispiel an, wir verwenden die benutzerdefinierte Sprache Schweizerdeutsch auf unserer Website. Dies ist keine unterst\u00fctzte Sprache f\u00fcr eine unserer Maschinen. Wir k\u00f6nnen dies jedoch der n\u00e4chstgelegenen unterst\u00fctzten Sprache, Deutsch, zuordnen.<\/p>\n\n<p>Durch die Zuordnung der Sprachen k\u00f6nnen wir den Inhalt automatisch ins Deutsche \u00fcbersetzen und nur wenige \u00c4nderungen vornehmen, damit er sich im Schweizerdeutschen richtig anh\u00f6rt.<\/p>\n\n<div class=\"wp-block-toolset-blocks-container tb-container\" data-toolset-blocks-container=\"55c3bf860e000c3bb94389dfc2fe7c24\">\n<div class=\"tb-fields-and-text\" data-toolset-blocks-fields-and-text=\"3e1d2592ce20bdf2bf813c9dfa44c991\"><p>Wenn Sie eine benutzerdefinierte Sprache keiner unterst\u00fctzten Sprache zuordnen, k\u00f6nnen Sie die <a href=\"https:\/\/wpml.org\/de\/documentation-3\/automatische-uebersetzung-fuer-wordpress-inhalte-mit-wpml\/\">automatische \u00dcbersetzung von WPML<\/a> oder die <a href=\"https:\/\/wpml.org\/de\/documentation-3\/ubersetzen-ihrer-inhalte\/erweiterter-uebersetzungs-editor\/#spell-checker\">Rechtschreibpr\u00fcfung<\/a> nicht verwenden.<\/p><\/div>\n<\/div>\n\n<h2 class=\"wp-block-heading\">Wie man eine ma\u00dfgeschneiderte Sprache einer unterst\u00fctzten Sprache zuordnet<\/h2>\n\n<p>In der <a href=\"https:\/\/ate.wpml.org\/mt_langs\">Liste der unterst\u00fctzten Sprachen<\/a> sehen Sie, welche Maschinen und Sprachen verf\u00fcgbar sind.<\/p>\n\n<p>Sie k\u00f6nnen an 3 Stellen eine ma\u00dfgeschneiderte Sprachzuordnung hinzuf\u00fcgen:<\/p>\n\n<h3 class=\"wp-block-heading\">Im Setup-Assistenten<\/h3>\n\n<p>Wenn Sie die Sprachen Ihrer Website zum ersten Mal einrichten, k\u00f6nnen Sie die Zuordnung beim Erstellen Ihrer benutzerdefinierten Sprache festlegen.<\/p>\n<div class=\"wp-block-image\">\n<figure class=\" tb-image tb-image-dynamic tb-image-frame-none aligncenter\" data-toolset-blocks-image=\"2d7ec46347208da485c9e52ae2c9e85e\"><a href=\"https:\/\/wpml.org\/wp-content\/uploads\/2021\/09\/custom-language-in-setup-wizard-1.png\"><img decoding=\"async\" width=\"918\" height=\"710\" loading=\"lazy\" src=\"https:\/\/wpml.org\/wp-content\/uploads\/2021\/09\/custom-language-in-setup-wizard-1.png\" alt=\"\" class=\"wp-image-9656059\" srcset=\"https:\/\/wpml.org\/wp-content\/uploads\/2021\/09\/custom-language-in-setup-wizard-1.png 918w, https:\/\/wpml.org\/wp-content\/uploads\/2021\/09\/custom-language-in-setup-wizard-1-300x232.png 300w, https:\/\/wpml.org\/wp-content\/uploads\/2021\/09\/custom-language-in-setup-wizard-1-150x116.png 150w, https:\/\/wpml.org\/wp-content\/uploads\/2021\/09\/custom-language-in-setup-wizard-1-768x594.png 768w\" sizes=\"auto, (max-width: 918px) 100vw, 918px\" \/><\/a><figcaption><div class=\"tb-image-caption\">Sprachzuordnung im Setup-Assistenten ausw\u00e4hlen<\/div><\/figcaption><\/figure>\n<\/div>\n<h3 class=\"wp-block-heading\">In den Spracheinstellungen<\/h3>\n\n<p>Gehen Sie zu <strong>WPML<\/strong> \u2192 <strong>Sprachen<\/strong> und klicken Sie auf <strong>Sprachen bearbeiten<\/strong>. Hier sehen Sie eine Spalte mit einem Dropdown-Men\u00fc, in dem Sie die Sprachzuordnung f\u00fcr jede Sprache Ihrer Website ausw\u00e4hlen k\u00f6nnen. <\/p>\n<div class=\"wp-block-image\">\n<figure class=\" tb-image tb-image-dynamic tb-image-frame-none aligncenter\" data-toolset-blocks-image=\"0dcdda0dd5edc54258caba59bdf1e429\"><a href=\"https:\/\/wpml.org\/wp-content\/uploads\/2021\/09\/language-mapping-edit-languages.png\"><img decoding=\"async\" width=\"1287\" height=\"697\" loading=\"lazy\" src=\"https:\/\/wpml.org\/wp-content\/uploads\/2021\/09\/language-mapping-edit-languages.png\" alt=\"\" class=\"wp-image-9656083\" srcset=\"https:\/\/wpml.org\/wp-content\/uploads\/2021\/09\/language-mapping-edit-languages.png 1287w, https:\/\/wpml.org\/wp-content\/uploads\/2021\/09\/language-mapping-edit-languages-300x162.png 300w, https:\/\/wpml.org\/wp-content\/uploads\/2021\/09\/language-mapping-edit-languages-1024x555.png 1024w, https:\/\/wpml.org\/wp-content\/uploads\/2021\/09\/language-mapping-edit-languages-150x81.png 150w, https:\/\/wpml.org\/wp-content\/uploads\/2021\/09\/language-mapping-edit-languages-768x416.png 768w\" sizes=\"auto, (max-width: 1287px) 100vw, 1287px\" \/><\/a><figcaption><div class=\"tb-image-caption\">Auswahl einer Sprachzuordnung in den Spracheinstellungen<\/div><\/figcaption><\/figure>\n<\/div>\n<h3 class=\"wp-block-heading\">In den Einstellungen f\u00fcr die Automatische \u00dcbersetzung<\/h3>\n\n<p>Gehen Sie zu <strong>WPML<\/strong> \u2192 <strong>\u00dcbersetzungs-Dashboard<\/strong> und klicken Sie auf die Registerkarte <strong>Werkzeuge<\/strong>. Klicken Sie auf <strong>Sprachzuordnungen<\/strong>.<\/p>\n<div class=\"wp-block-image\">\n<figure class=\" tb-image tb-image-dynamic tb-image-frame-none aligncenter\" data-toolset-blocks-image=\"8722cc981729d24ea48463d25a70ad9b\"><a href=\"https:\/\/wpml.org\/wp-content\/uploads\/2025\/08\/wpml-translation-management-language-mapping.png\"><img decoding=\"async\" width=\"1838\" height=\"1600\" loading=\"lazy\" src=\"https:\/\/wpml.org\/wp-content\/uploads\/2025\/08\/wpml-translation-management-language-mapping.png\" alt=\"\" class=\"wp-image-17326929\" srcset=\"https:\/\/wpml.org\/wp-content\/uploads\/2025\/08\/wpml-translation-management-language-mapping.png 1838w, https:\/\/wpml.org\/wp-content\/uploads\/2025\/08\/wpml-translation-management-language-mapping-300x261.png 300w, https:\/\/wpml.org\/wp-content\/uploads\/2025\/08\/wpml-translation-management-language-mapping-1024x891.png 1024w, https:\/\/wpml.org\/wp-content\/uploads\/2025\/08\/wpml-translation-management-language-mapping-150x131.png 150w, https:\/\/wpml.org\/wp-content\/uploads\/2025\/08\/wpml-translation-management-language-mapping-768x669.png 768w, https:\/\/wpml.org\/wp-content\/uploads\/2025\/08\/wpml-translation-management-language-mapping-1536x1337.png 1536w\" sizes=\"auto, (max-width: 1838px) 100vw, 1838px\" \/><\/a><figcaption><div class=\"tb-image-caption\">Auswahl einer Sprachzuordnung in den Einstellungen f\u00fcr die Automatische \u00dcbersetzung<\/div><\/figcaption><\/figure>\n<\/div>\n<p>Klicken Sie auf das <strong>Bleistift<\/strong>-Symbol, um die unterst\u00fctzte Sprache f\u00fcr jede Sprache Ihrer Website hinzuzuf\u00fcgen oder zu bearbeiten.<\/p>\n\n<h2 class=\"wp-block-heading\">Wichtige \u00dcberlegungen beim Mapping von Sprachen<\/h2>\n\n<p>Wir empfehlen die Verwendung der automatischen \u00dcbersetzung oder des Modus <strong>Alles automatisch \u00fcbersetzen<\/strong> <strong>Automatisch<\/strong> bei bestimmten benutzerdefinierten Spracheinstellungen nicht:<\/p>\n\n<ol class=\"wp-block-list\">\n<li>Wenn eine benutzerdefinierte, sekund\u00e4re Sprache der Standardsprache Ihrer Website zugeordnet ist<\/li>\n\n\n\n<li>Wenn mehrere sekund\u00e4re Sprachen der gleichen unterst\u00fctzten Sprache zugeordnet sind<\/li>\n<\/ol>\n\n<h3 class=\"wp-block-heading\">Eine ma\u00dfgeschneiderte, sekund\u00e4re Sprache der Standardsprache Ihrer Website zuordnen<\/h3>\n\n<p><strong>Beispiel<\/strong>: Eine Website mit der Standardsprache Englisch und der sekund\u00e4ren Sprache Britisches Englisch, die Englisch zugeordnet ist<\/p>\n\n<p>Derzeit ist es nicht m\u00f6glich, Ihre Inhalte automatisch zu \u00fcbersetzen, da Ihre Originalsprache und Ihre Zielsprache identisch sind. Die automatische \u00dcbersetzung funktioniert nur, wenn Sie zwischen zwei verschiedenen unterst\u00fctzten Sprachen \u00fcbersetzen.<\/p>\n\n<h3 class=\"wp-block-heading\">Mehrere sekund\u00e4re Sprachen der gleichen unterst\u00fctzten Sprache zuordnen<\/h3>\n\n<p><strong>Beispiel<\/strong>: Eine Website mit den sekund\u00e4ren Sprachen Franz\u00f6sisch und Kanadisches Franz\u00f6sisch, die beide Franz\u00f6sisch zugeordnet sind<\/p>\n\n<p>Wenn Sie mehrere sekund\u00e4re Sprachen haben, die derselben Sprache zugeordnet sind, erstellen Sie im Wesentlichen identische \u00dcbersetzungsauftr\u00e4ge: derselbe Inhalt von derselben Standardsprache in dieselbe Zielsprache.<\/p>\n\n<p>Normalerweise kann der <a href=\"https:\/\/wpml.org\/documentation\/translating-your-contents\/how-wpml-keeps-track-of-your-translations\/\">Translation Memory von WPML<\/a> Ihnen helfen, automatische \u00dcbersetzungsguthaben zu sparen, indem er sich \u00dcbersetzungen merkt und anwendet, die bereits an anderer Stelle auf Ihrer Website generiert wurden. Wenn Jobs jedoch gleichzeitig erstellt werden, ist der \u00dcbersetzungsspeicher der einen ma\u00dfgeschneiderten Sprache f\u00fcr die andere noch nicht verf\u00fcgbar. Das bedeutet, dass es automatische \u00dcbersetzungsguthaben f\u00fcr die \u00dcbersetzung in jede benutzerdefinierte Sprache verwendet, obwohl die \u00dcbersetzungen gleich sind.<\/p>\n\n<p>In diesem Fall empfehlen wir, den Modus <strong>Alles automatisch \u00fcbersetzen<\/strong> <strong>Automatisch<\/strong> nicht zu verwenden, und wenn Sie die automatische \u00dcbersetzung nutzen m\u00f6chten, empfehlen wir, den Inhalt f\u00fcr jede benutzerdefinierte Sprache separat zur \u00dcbersetzung zu senden. Auf diese Weise kann WPML den Translation Memory nutzen, sodass Ihnen die gleichen \u00dcbersetzungen nicht mehrfach berechnet werden. <\/p>\n","protected":false},"excerpt":{"rendered":"<p>Wenn Sie eine benutzerdefinierte oder l\u00e4nderspezifische Sprache auf Ihrer Website verwenden, k\u00f6nnen Sie die Rechtschreibpr\u00fcfung und die automatische \u00dcbersetzung weiterhin nutzen, indem Sie sie einer unterst\u00fctzten Sprache zuordnen. WPML bietet eine umfangreiche Liste unterst\u00fctzter Sprachen, die mit den automatischen \u00dcbersetzungsmaschinen funktionieren. M\u00f6glicherweise ben\u00f6tigen Sie jedoch eine Sprache auf Ihrer Website, die nicht in der Liste [&hellip;]<\/p>\n","protected":false},"author":76577,"featured_media":0,"parent":4844551,"menu_order":63,"comment_status":"closed","ping_status":"closed","template":"","meta":{"_bbp_topic_count":0,"_bbp_reply_count":0,"_bbp_total_topic_count":0,"_bbp_total_reply_count":0,"_bbp_voice_count":0,"_bbp_anonymous_reply_count":0,"_bbp_topic_count_hidden":0,"_bbp_reply_count_hidden":0,"_bbp_forum_subforum_count":0,"ep_exclude_from_search":false,"footnotes":""},"related-projects-category":[],"class_list":["post-15653511","page","type-page","status-publish","hentry"],"_links":{"self":[{"href":"https:\/\/wpml.org\/de\/wp-json\/wp\/v2\/pages\/15653511","targetHints":{"allow":["GET"]}}],"collection":[{"href":"https:\/\/wpml.org\/de\/wp-json\/wp\/v2\/pages"}],"about":[{"href":"https:\/\/wpml.org\/de\/wp-json\/wp\/v2\/types\/page"}],"author":[{"embeddable":true,"href":"https:\/\/wpml.org\/de\/wp-json\/wp\/v2\/users\/76577"}],"replies":[{"embeddable":true,"href":"https:\/\/wpml.org\/de\/wp-json\/wp\/v2\/comments?post=15653511"}],"version-history":[{"count":7,"href":"https:\/\/wpml.org\/de\/wp-json\/wp\/v2\/pages\/15653511\/revisions"}],"predecessor-version":[{"id":17335139,"href":"https:\/\/wpml.org\/de\/wp-json\/wp\/v2\/pages\/15653511\/revisions\/17335139"}],"up":[{"embeddable":true,"href":"https:\/\/wpml.org\/de\/wp-json\/wp\/v2\/pages\/4844551"}],"wp:attachment":[{"href":"https:\/\/wpml.org\/de\/wp-json\/wp\/v2\/media?parent=15653511"}],"wp:term":[{"taxonomy":"related-projects-category","embeddable":true,"href":"https:\/\/wpml.org\/de\/wp-json\/wp\/v2\/related-projects-category?post=15653511"}],"curies":[{"name":"wp","href":"https:\/\/api.w.org\/{rel}","templated":true}]}}