{"id":15654266,"date":"2024-05-22T07:20:31","date_gmt":"2024-05-22T07:20:31","guid":{"rendered":"https:\/\/wpml.org\/documentation-3\/ratgeber-zum-loslegen\/einstellung-der-sprachen\/optionen-fuer-das-url-format-der-sprache\/"},"modified":"2024-10-21T15:27:49","modified_gmt":"2024-10-21T15:27:49","slug":"optionen-fuer-das-url-format-der-sprache","status":"publish","type":"page","link":"https:\/\/wpml.org\/de\/documentation-3\/ratgeber-zum-loslegen\/einstellung-der-sprachen\/optionen-fuer-das-url-format-der-sprache\/","title":{"rendered":"Optionen f\u00fcr das URL-Format der Sprache"},"content":{"rendered":"<p class=\"lead\">WPML gibt Ihnen die M\u00f6glichkeit, Ihre Sprach-URLs in Domains, Verzeichnissen oder als Parameter zu formatieren. Erfahren Sie, wie es funktioniert und finden Sie heraus, was f\u00fcr Sie am besten ist.<\/p>\n<p>WPML erm\u00f6glicht es Ihnen, die Sprach-URLs Ihrer Website mit einem Sprachargument in der URL, in virtuellen Ordnern oder in verschiedenen Domains (oder Subdomains) zu formatieren. Intern werden alle Sprachen in einer WordPress-Datenbank gespeichert, aber f\u00fcr Besucher k\u00f6nnen die Sprachen in verschiedenen Websites erscheinen. Sie k\u00f6nnen das gew\u00fcnschte Format bei der ersten Einrichtung von WPML ausw\u00e4hlen. Wenn Sie nach der Einrichtung von WPML zu einem anderen Format wechseln m\u00f6chten, k\u00f6nnen Sie dies tun, indem Sie zu <strong>WPML<\/strong> \u2192 <strong>Languages<\/strong> gehen und zu <strong>Language URL format<\/strong> scrollen.<br \/>\nSie k\u00f6nnen aus den folgenden Optionen w\u00e4hlen: <\/p>\n<ul>\n<li><a href=\"#different-languages-in-directories\">Verschiedene Sprachen in Verzeichnissen<\/a><\/li>\n<li><a href=\"#a-different-domain-per-language\">Ein anderer Bereich pro Sprache<\/a><\/li>\n<li><a href=\"#language-name-added-as-a-parameter\">Name der Sprache als Parameter<\/a><\/li>\n<\/ul>\n<p><img decoding=\"async\" style=\"max-width: 100%;\" src=\"https:\/\/cdn.wpml.org\/wp-content\/uploads\/2012\/05\/language-url-options1.png\" alt=\"Sprache URL Optionen\" width=\"655\"><\/p>\n<p><img decoding=\"async\" src=\"https:\/\/cdn.wpml.org\/wp-content\/themes\/sitepress\/images\/mail\/separator.jpg\" alt=\"\"><\/p>\n<h2>Verschiedene Sprachen in Verzeichnissen<\/h2>\n<p>Wenn Sie Sprachen in Verzeichnissen aktivieren, teilen Sie WPML mit, die \u00dcbersetzungen in scheinbar unterschiedlichen virtuellen Ordnern anzuordnen. Zum Beispiel:<\/p>\n<ul>\n<li>www.example.com<\/li>\n<li>www.example.com\/es\/<\/li>\n<li>www.example.com\/ja\/<\/li>\n<\/ul>\n<p><img decoding=\"async\" src=\"https:\/\/cdn.wpml.org\/wp-content\/uploads\/2013\/09\/language-directories.png\" alt=\"Sprachen in Verzeichnissen\" width=\"275\" height=\"198\"><\/p>\n<h3>Servereinstellungen f\u00fcr Sprachen in Verzeichnissen<\/h3>\n<p>Um Ihre Sprachen in Verzeichnissen einzurichten, muss das Rewrite-Modul des Apache aktiviert sein. Wenn Sie keinen Zugriff auf die Einstellungen Ihres Servers haben, wenden Sie sich bitte an Ihren Hosting-Provider und bitten ihn, dies zu aktivieren.<\/p>\n<p>Ihre Website muss auch eine <a href=\"https:\/\/wordpress.org\/support\/article\/using-permalinks\/#mod_rewrite-pretty-permalinks\">\u201eh\u00fcbsche\u201c Permalink-Struktur<\/a> verwenden. Sie k\u00f6nnen die Permalink-Struktur Ihrer Website in Ihren WordPress-Einstellungen \u00e4ndern. <\/p>\n<h3>H\u00e4ufige Fehler<\/h3>\n<p>Vergewissern Sie sich, dass Sie KEINEN der folgenden Punkte tun:<\/p>\n<ul>\n<li><strong>Erstellen von echten Verzeichnissen auf Ihrer Website<\/strong><br \/>\nSie m\u00fcssen keine tats\u00e4chlichen Verzeichnisse in Ihrer WordPress-Installation erstellen oder WordPress mehrmals installieren. Wenn Sie dies tun, funktionieren die Sprachen in Verzeichnissen nicht.<\/p>\n<p>Diese Verzeichnisse sind virtuell. Sie existieren nicht als physischer Pfad.<\/li>\n<li><strong>Weiterleiten zu anderen Verzeichnissen<\/strong><br \/>\n\u00c4hnlich wie beim Erstellen echter Verzeichnisse bearbeiten einige Benutzer ihre <strong>.htaccess<\/strong>-Dateien und f\u00fcgen Weiterleitungsregeln hinzu. Sie sollten das nicht tun. WPML erstellt seine eigenen Weiterleitungsregeln dynamisch.<\/li>\n<\/ul>\n<p>Weitere Tipps zur Problembehandlung finden Sie in folgendem Artikel: <a href=\"https:\/\/wpml.org\/documentation\/getting-started-guide\/language-setup\/language-url-options\/cannot-activate-language-directories\/\">Sprachverzeichnisse k\u00f6nnen nicht aktiviert werden<\/a>.<\/p>\n<h3>Anzeigen der Standardsprache Ihrer Website in einem Verzeichnis<\/h3>\n<p>WPML erm\u00f6glicht es Ihnen auch, Ihre Standardsprache in einem Verzeichnis anzuzeigen und auszuw\u00e4hlen, was in der Stamm-URL der Website angezeigt werden soll.<\/p>\n<figure id=\"attachment_3119703\" aria-describedby=\"caption-attachment-3119703\" style=\"width: 934px\" class=\"wp-caption aligncenter\"><img decoding=\"async\" class=\"img-border wp-image-3119703 size-full\" src=\"https:\/\/wpml.org\/wp-content\/uploads\/2019\/01\/directory-for-default-language.png\" alt=\"Verzeichnis f\u00fcr die Standardsprache\" width=\"934\" height=\"404\" srcset=\"https:\/\/wpml.org\/wp-content\/uploads\/2019\/01\/directory-for-default-language.png 934w, https:\/\/wpml.org\/wp-content\/uploads\/2019\/01\/directory-for-default-language-150x65.png 150w, https:\/\/wpml.org\/wp-content\/uploads\/2019\/01\/directory-for-default-language-300x130.png 300w, https:\/\/wpml.org\/wp-content\/uploads\/2019\/01\/directory-for-default-language-768x332.png 768w\" sizes=\"(max-width: 934px) 100vw, 934px\" \/><figcaption id=\"caption-attachment-3119703\" class=\"wp-caption-text\">Verzeichnis f\u00fcr eine Standardsprache<\/figcaption><\/figure>\n<p>Lesen Sie mehr \u00fcber <a href=\"https:\/\/wpml.org\/documentation\/getting-started-guide\/language-setup\/directory-default-language\/\">das Platzieren der Standardsprache der Website in einem Verzeichnis<\/a>.<\/p>\n<h2>Ein anderer Bereich pro Sprache<\/h2>\n<p>Sie k\u00f6nnen verschiedene Sprachen in v\u00f6llig unabh\u00e4ngigen Dom\u00e4nen unterbringen. Zum Beispiel:<\/p>\n<ul>\n<li>www.example.com<\/li>\n<li>www.example.de<\/li>\n<\/ul>\n<p>Sie k\u00f6nnen auch verschiedene Sprachen in verschiedenen Subdomains unterbringen. Zum Beispiel:  <\/p>\n<ul>\n<li>de.beispiel.de<\/li>\n<li>de.beispiel.de<\/li>\n<\/ul>\n<p><img decoding=\"async\" src=\"https:\/\/cdn.wpml.org\/wp-content\/uploads\/2013\/09\/language-urls.png\" alt=\"Sprachen in Dom\u00e4nen\" width=\"275\" height=\"198\"><\/p>\n<h3>DNS- und Servereinstellungen f\u00fcr die Anzeige verschiedener Domains pro Sprache<\/h3>\n<p>Wenn Sie dieses Format w\u00e4hlen, m\u00fcssen Sie die richtigen DNS- und Servereinstellungen vornehmen. Eine schrittweise Anleitung zu den erforderlichen <a href=\"https:\/\/wpml.org\/documentation\/getting-started-guide\/language-setup\/language-url-options\/how-to-use-wpml-with-different-domains-per-language\/\">Servereinstellungen f\u00fcr die Verwendung von Sprachen in Dom\u00e4nen<\/a> finden Sie in unserem Tutorial.<\/p>\n<p>Wenn Sie keinen Zugriff auf Ihre Servereinstellungen haben, wenden Sie sich bitte an Ihren Hosting-Provider, um Hilfe zu erhalten.<\/p>\n<h2>Sprachenname als Parameter hinzugef\u00fcgt<\/h2>\n<p>Wenn Sie sich entscheiden, die Sprache als Parameter anzuzeigen, wird die Sprache am Ende der URL Ihrer Website hinzugef\u00fcgt. Zum Beispiel:<\/p>\n<ul>\n<li>www.example.com\/?lang=fr<\/li>\n<li>www.example.com\/about\/?lang=en<\/li>\n<\/ul>\n<p>F\u00fcr dieses Format sind keine zus\u00e4tzlichen \u00c4nderungen an Ihren Servereinstellungen erforderlich.<\/p>\n","protected":false},"excerpt":{"rendered":"<p>WPML gibt Ihnen die M\u00f6glichkeit, Ihre Sprach-URLs in Domains, Verzeichnissen oder als Parameter zu formatieren. Erfahren Sie, wie es funktioniert und finden Sie heraus, was f\u00fcr Sie am besten ist. WPML erm\u00f6glicht es Ihnen, die Sprach-URLs Ihrer Website mit einem Sprachargument in der URL, in virtuellen Ordnern oder in verschiedenen Domains (oder Subdomains) zu formatieren. [&hellip;]<\/p>\n","protected":false},"author":76577,"featured_media":0,"parent":1439,"menu_order":0,"comment_status":"closed","ping_status":"closed","template":"template-sidebar-2.php","meta":{"_bbp_topic_count":0,"_bbp_reply_count":0,"_bbp_total_topic_count":0,"_bbp_total_reply_count":0,"_bbp_voice_count":0,"_bbp_anonymous_reply_count":0,"_bbp_topic_count_hidden":0,"_bbp_reply_count_hidden":0,"_bbp_forum_subforum_count":0,"_uag_custom_page_level_css":"","ep_exclude_from_search":false,"footnotes":""},"related-projects-category":[],"class_list":["post-15654266","page","type-page","status-publish","hentry"],"spectra_custom_meta":{"ratings_users":["0"],"ratings_score":["0"],"ratings_average":["0"],"_subscription_coupon_product_id":["0"],"_wpv_contains_gutenberg_views":[""],"_alp_processed":["1729524469"],"_views_template":["0"],"_wpml_media_duplicate":["0"],"_wpml_media_featured":["1"],"_wp_page_template":["template-sidebar-2.php"],"_last_translation_edit_mode":["translation-editor"],"_wpml_word_count":["685"],"wpcf-unformatted-code":[""],"wpcf-price-increase-show-from":[""],"wpcf-price-increase-show-till":[""],"_top_nav_excluded":[""],"_cms_nav_minihome":[""],"_yoast_wpseo_metadesc":["WPML gibt Ihnen die M\u00f6glichkeit, Ihre Sprach-URLs in Domains, Verzeichnissen oder als Parameter zu formatieren. Erfahren Sie, wie es funktioniert und finden Sie heraus, was f\u00fcr Sie am besten ist."],"_uag_css_file_name":["uag-css-15654266.css"],"_uag_page_assets":["a:9:{s:3:\"css\";s:260:\".uag-blocks-common-selector{z-index:var(--z-index-desktop) !important}@media(max-width: 976px){.uag-blocks-common-selector{z-index:var(--z-index-tablet) !important}}@media(max-width: 767px){.uag-blocks-common-selector{z-index:var(--z-index-mobile) !important}}\";s:2:\"js\";s:0:\"\";s:18:\"current_block_list\";a:1:{i:0;s:14:\"core\/shortcode\";}s:8:\"uag_flag\";b:0;s:11:\"uag_version\";s:10:\"1778592166\";s:6:\"gfonts\";a:0:{}s:10:\"gfonts_url\";s:0:\"\";s:12:\"gfonts_files\";a:0:{}s:14:\"uag_faq_layout\";b:0;}"]},"uagb_featured_image_src":{"full":false,"thumbnail":false,"medium":false,"medium_large":false,"large":false,"1536x1536":false,"2048x2048":false,"gform-image-choice-sm":false,"gform-image-choice-md":false,"gform-image-choice-lg":false,"woocommerce_thumbnail":false,"woocommerce_single":false,"woocommerce_gallery_thumbnail":false},"uagb_author_info":{"display_name":"Dario","author_link":"https:\/\/wpml.org\/de\/author\/darioh\/"},"uagb_comment_info":0,"uagb_excerpt":"WPML gibt Ihnen die M\u00f6glichkeit, Ihre Sprach-URLs in Domains, Verzeichnissen oder als Parameter zu formatieren. Erfahren Sie, wie es funktioniert und finden Sie heraus, was f\u00fcr Sie am besten ist. WPML erm\u00f6glicht es Ihnen, die Sprach-URLs Ihrer Website mit einem Sprachargument in der URL, in virtuellen Ordnern oder in verschiedenen Domains (oder Subdomains) zu formatieren.&hellip;","_links":{"self":[{"href":"https:\/\/wpml.org\/de\/wp-json\/wp\/v2\/pages\/15654266","targetHints":{"allow":["GET"]}}],"collection":[{"href":"https:\/\/wpml.org\/de\/wp-json\/wp\/v2\/pages"}],"about":[{"href":"https:\/\/wpml.org\/de\/wp-json\/wp\/v2\/types\/page"}],"author":[{"embeddable":true,"href":"https:\/\/wpml.org\/de\/wp-json\/wp\/v2\/users\/76577"}],"replies":[{"embeddable":true,"href":"https:\/\/wpml.org\/de\/wp-json\/wp\/v2\/comments?post=15654266"}],"version-history":[{"count":3,"href":"https:\/\/wpml.org\/de\/wp-json\/wp\/v2\/pages\/15654266\/revisions"}],"predecessor-version":[{"id":16313278,"href":"https:\/\/wpml.org\/de\/wp-json\/wp\/v2\/pages\/15654266\/revisions\/16313278"}],"up":[{"embeddable":true,"href":"https:\/\/wpml.org\/de\/wp-json\/wp\/v2\/pages\/1439"}],"wp:attachment":[{"href":"https:\/\/wpml.org\/de\/wp-json\/wp\/v2\/media?parent=15654266"}],"wp:term":[{"taxonomy":"related-projects-category","embeddable":true,"href":"https:\/\/wpml.org\/de\/wp-json\/wp\/v2\/related-projects-category?post=15654266"}],"curies":[{"name":"wp","href":"https:\/\/api.w.org\/{rel}","templated":true}]}}