{"id":15654332,"date":"2013-01-02T04:00:52","date_gmt":"2013-01-02T04:00:52","guid":{"rendered":"https:\/\/wpml.org\/documentation-3\/ratgeber-zum-loslegen\/so-uebersetze-ich-url-slugs-mit-wpml\/"},"modified":"2026-03-25T11:08:51","modified_gmt":"2026-03-25T11:08:51","slug":"so-uebersetze-ich-url-slugs-mit-wpml","status":"publish","type":"page","link":"https:\/\/wpml.org\/de\/documentation-3\/ratgeber-zum-loslegen\/so-uebersetze-ich-url-slugs-mit-wpml\/","title":{"rendered":"So \u00fcbersetzen Sie URL-Slugs mit WPML"},"content":{"rendered":"\n<p class=\"lead\">Mit WPML k\u00f6nnen Sie URL-Slugs in verschiedene Sprachen \u00fcbersetzen. Dies umfasst Slugs f\u00fcr Seiten, Beitr\u00e4ge, benutzerdefinierte Beitragstypen und Taxonomien. <\/p>\n\n<p>Ein URL-Slug ist der Teil einer URL, der eine bestimmte Seite auf einer Website identifiziert. Sowohl Suchmaschinen als auch Nutzer verlassen sich auf Slugs, um das Thema einer Seite zu verstehen. Daher ist es wichtig, sie klar und leicht lesbar zu gestalten.  <\/p>\n\n<figure class=\"wp-block-image tb-image tb-image-dynamic tb-image-frame-none\" data-toolset-blocks-image=\"4bc183fe93b1a7e954618827e8d9e419\"><img decoding=\"async\" width=\"1024\" height=\"604\" loading=\"lazy\" src=\"https:\/\/wpml.org\/wp-content\/uploads\/2024\/06\/URL-with-custom-post-type-and-page-title-slugs-1024x604.png\" alt=\"URL with custom post type and page title slugs\" class=\"wp-image-15705080\" srcset=\"https:\/\/wpml.org\/wp-content\/uploads\/2024\/06\/URL-with-custom-post-type-and-page-title-slugs-1024x604.png 1024w, https:\/\/wpml.org\/wp-content\/uploads\/2024\/06\/URL-with-custom-post-type-and-page-title-slugs-300x177.png 300w, https:\/\/wpml.org\/wp-content\/uploads\/2024\/06\/URL-with-custom-post-type-and-page-title-slugs-150x88.png 150w, https:\/\/wpml.org\/wp-content\/uploads\/2024\/06\/URL-with-custom-post-type-and-page-title-slugs-768x453.png 768w, https:\/\/wpml.org\/wp-content\/uploads\/2024\/06\/URL-with-custom-post-type-and-page-title-slugs.png 1063w\" sizes=\"auto, (max-width: 1024px) 100vw, 1024px\" \/><figcaption><div class=\"tb-image-caption\">URL mit benutzerdefiniertem Beitragstyp und Seitentitel-Slugs<\/div><\/figcaption><\/figure>\n\n<h2 class=\"tb-heading\" data-toolset-blocks-heading=\"3a94a5f5ac99f0c5642cb0af3ba9a028\" data-last-update=\"1.4\">Erste Schritte<\/h2>\n\n<p>Um URL-Slugs mit WPML zu \u00fcbersetzen, installieren und aktivieren Sie: <\/p>\n\n<ul class=\"wp-block-list\">\n<li>WPML<\/li>\n\n\n\n<li>WPML String Translation<\/li>\n<\/ul>\n\n<div style=\"height:10px\" aria-hidden=\"true\" class=\"wp-block-spacer\"><\/div>\n\n<h2 class=\"wp-block-heading\" id=\"translate-custom-post-type-url-slug\">URL-Slugs f\u00fcr benutzerdefinierte Beitragstypen \u00fcbersetzen <\/h2>\n\n<p>So \u00fcbersetzen Sie URL-Slugs f\u00fcr benutzerdefinierte Beitragstypen:<\/p>\n\n<ol class=\"wp-block-list\">\n<li>Gehen Sie zu <strong>WPML<\/strong> \u2192 <strong>Einstellungen<\/strong>. <\/li>\n\n\n\n<li>Scrollen Sie nach unten zum Abschnitt <strong>\u00dcbersetzung von Slugs<\/strong> und aktivieren Sie das Kontrollk\u00e4stchen.<\/li>\n\n\n\n<li>Scrollen Sie dann nach unten zum Abschnitt <strong>\u00dcbersetzung von Beitragstypen<\/strong> und stellen Sie Ihren benutzerdefinierten Beitragstyp auf <strong>\u00dcbersetzbar \u2013 nur \u00fcbersetzte Elemente anzeigen<\/strong> ein. Klicken Sie auf die Schaltfl\u00e4che <strong>Speichern<\/strong> am Ende dieses Abschnitts. <\/li>\n<\/ol>\n\n<figure class=\"wp-block-image tb-image tb-image-dynamic tb-image-frame-none\" data-toolset-blocks-image=\"5c7c8b54c2308ab9542a43fa73a87275\"><a href=\"https:\/\/wpml.org\/wp-content\/uploads\/2024\/06\/Setting-custom-post-type-to-Translatable.png\"><img decoding=\"async\" width=\"1024\" height=\"589\" loading=\"lazy\" src=\"https:\/\/wpml.org\/wp-content\/uploads\/2024\/06\/Setting-custom-post-type-to-Translatable-1024x589.png\" alt=\"Setting custom post type to Translatable\" class=\"wp-image-15705123\" srcset=\"https:\/\/wpml.org\/wp-content\/uploads\/2024\/06\/Setting-custom-post-type-to-Translatable-1024x589.png 1024w, https:\/\/wpml.org\/wp-content\/uploads\/2024\/06\/Setting-custom-post-type-to-Translatable-300x173.png 300w, https:\/\/wpml.org\/wp-content\/uploads\/2024\/06\/Setting-custom-post-type-to-Translatable-150x86.png 150w, https:\/\/wpml.org\/wp-content\/uploads\/2024\/06\/Setting-custom-post-type-to-Translatable-768x442.png 768w, https:\/\/wpml.org\/wp-content\/uploads\/2024\/06\/Setting-custom-post-type-to-Translatable-1536x884.png 1536w, https:\/\/wpml.org\/wp-content\/uploads\/2024\/06\/Setting-custom-post-type-to-Translatable.png 1600w\" sizes=\"auto, (max-width: 1024px) 100vw, 1024px\" \/><\/a><figcaption><div class=\"tb-image-caption\">Benutzerdefinierten Beitragstyp auf \u201e\u00dcbersetzbar\u201c einstellen<\/div><\/figcaption><\/figure>\n\n<ol start=\"4\" class=\"wp-block-list\">\n<li>Nachdem die Seite neu geladen wurde, scrollen Sie zu Ihrem Beitragstyp und erweitern Sie direkt darunter den Abschnitt zum Festlegen verschiedener Slugs. Geben Sie die \u00dcbersetzungen f\u00fcr die Slugs Ihres Beitragstyps ein und klicken Sie auf die Schaltfl\u00e4che <strong>Speichern<\/strong> am Ende des Abschnitts f\u00fcr Beitragstypen. <\/li>\n<\/ol>\n\n<figure class=\"wp-block-image tb-image tb-image-dynamic tb-image-frame-none\" data-toolset-blocks-image=\"1192727ace559ec9240dd56f3ec1cabd\"><a href=\"https:\/\/wpml.org\/wp-content\/uploads\/2024\/06\/Translating-slugs-for-custom-post-types.png\"><img decoding=\"async\" width=\"1024\" height=\"589\" loading=\"lazy\" src=\"https:\/\/wpml.org\/wp-content\/uploads\/2024\/06\/Translating-slugs-for-custom-post-types-1024x589.png\" alt=\"Translating slugs for custom post types\" class=\"wp-image-15705137\" srcset=\"https:\/\/wpml.org\/wp-content\/uploads\/2024\/06\/Translating-slugs-for-custom-post-types-1024x589.png 1024w, https:\/\/wpml.org\/wp-content\/uploads\/2024\/06\/Translating-slugs-for-custom-post-types-300x173.png 300w, https:\/\/wpml.org\/wp-content\/uploads\/2024\/06\/Translating-slugs-for-custom-post-types-150x86.png 150w, https:\/\/wpml.org\/wp-content\/uploads\/2024\/06\/Translating-slugs-for-custom-post-types-768x442.png 768w, https:\/\/wpml.org\/wp-content\/uploads\/2024\/06\/Translating-slugs-for-custom-post-types-1536x884.png 1536w, https:\/\/wpml.org\/wp-content\/uploads\/2024\/06\/Translating-slugs-for-custom-post-types.png 1600w\" sizes=\"auto, (max-width: 1024px) 100vw, 1024px\" \/><\/a><figcaption><div class=\"tb-image-caption\">Slugs f\u00fcr benutzerdefinierte Beitragstypen \u00fcbersetzen<\/div><\/figcaption><\/figure>\n\n<p>Die Slugs Ihrer benutzerdefinierten Beitragstypen erscheinen nun \u00fcbersetzt in der URL. <\/p>\n\n<div class=\"wp-block-toolset-blocks-grid tb-grid\" data-toolset-blocks-grid=\"3d9c399fe625e1b972f817a0680229f6\">\n<div class=\"wp-block-toolset-blocks-grid-column tb-grid-column tb-grid-align-top\" data-toolset-blocks-grid-column=\"3034fbe886c11054e95b46b09d3e4112\">\n<figure class=\"wp-block-image tb-image tb-image-dynamic tb-image-frame-none\" data-toolset-blocks-image=\"862ab5c3717b5fcafb003929ec5f0f70\"><a href=\"https:\/\/wpml.org\/wp-content\/uploads\/2024\/06\/Custom-post-type-in-English.png\"><img decoding=\"async\" width=\"1024\" height=\"577\" loading=\"lazy\" src=\"https:\/\/wpml.org\/wp-content\/uploads\/2024\/06\/Custom-post-type-in-English-1024x577.png\" alt=\"Custom post type in English\" class=\"wp-image-15705153\" srcset=\"https:\/\/wpml.org\/wp-content\/uploads\/2024\/06\/Custom-post-type-in-English-1024x577.png 1024w, https:\/\/wpml.org\/wp-content\/uploads\/2024\/06\/Custom-post-type-in-English-300x169.png 300w, https:\/\/wpml.org\/wp-content\/uploads\/2024\/06\/Custom-post-type-in-English-150x84.png 150w, https:\/\/wpml.org\/wp-content\/uploads\/2024\/06\/Custom-post-type-in-English-768x432.png 768w, https:\/\/wpml.org\/wp-content\/uploads\/2024\/06\/Custom-post-type-in-English.png 1119w\" sizes=\"auto, (max-width: 1024px) 100vw, 1024px\" \/><\/a><figcaption><div class=\"tb-image-caption\">Benutzerdefinierter Beitragstyp auf Englisch<\/div><\/figcaption><\/figure>\n<\/div>\n\n\n\n<div class=\"wp-block-toolset-blocks-grid-column tb-grid-column tb-grid-align-top\" data-toolset-blocks-grid-column=\"3034fbe886c11054e95b46b09d3e4112\">\n<figure class=\"wp-block-image tb-image tb-image-dynamic tb-image-frame-none\" data-toolset-blocks-image=\"b6d8dca290b8348118a4e2bebaf16589\"><a href=\"https:\/\/wpml.org\/wp-content\/uploads\/2024\/06\/Custom-post-type-in-Spanish.png\"><img decoding=\"async\" width=\"1024\" height=\"577\" loading=\"lazy\" src=\"https:\/\/wpml.org\/wp-content\/uploads\/2024\/06\/Custom-post-type-in-Spanish-1024x577.png\" alt=\"Custom post type in Spanish\" class=\"wp-image-15705167\" srcset=\"https:\/\/wpml.org\/wp-content\/uploads\/2024\/06\/Custom-post-type-in-Spanish-1024x577.png 1024w, https:\/\/wpml.org\/wp-content\/uploads\/2024\/06\/Custom-post-type-in-Spanish-300x169.png 300w, https:\/\/wpml.org\/wp-content\/uploads\/2024\/06\/Custom-post-type-in-Spanish-150x84.png 150w, https:\/\/wpml.org\/wp-content\/uploads\/2024\/06\/Custom-post-type-in-Spanish-768x432.png 768w, https:\/\/wpml.org\/wp-content\/uploads\/2024\/06\/Custom-post-type-in-Spanish.png 1119w\" sizes=\"auto, (max-width: 1024px) 100vw, 1024px\" \/><\/a><figcaption><div class=\"tb-image-caption\">Benutzerdefinierter Beitragstyp auf Spanisch<\/div><\/figcaption><\/figure>\n<\/div>\n<\/div>\n\n<h2 class=\"wp-block-heading\" id=\"translate-page-post-url-slug\">URL-Slugs f\u00fcr Seiten und Beitr\u00e4ge \u00fcbersetzen<\/h2>\n\n<p>Wenn Sie Seiten und Beitr\u00e4ge zur \u00dcbersetzung senden, \u00fcbersetzt WPML deren URL-Slugs standardm\u00e4\u00dfig automatisch anhand des Titels. <\/p>\n\n<p>Wenn Sie beispielsweise eine Seite mit dem Titel \u201eMixed Berry Smoothie\u201c ins Spanische \u00fcbersetzen, verwendet WPML bei der Erstellung der URL den neuen Seitentitel \u201eBatido de Bayas Mixtas\u201c:<\/p>\n<div class=\"wp-block-syntaxhighlighter-code \"><pre class=\"brush: xml; title: ; notranslate\" title=\"\">\nsmooothy.com\/es\/receta\/batido-de-bayas-mixtas\/\n<\/pre><\/div>\n<div style=\"height:15px\" aria-hidden=\"true\" class=\"wp-block-spacer\"><\/div>\n\n<p>Wenn Sie mehr Kontrolle w\u00fcnschen, k\u00f6nnen Sie die Slugs auch selbst \u00fcbersetzen:<\/p>\n\n<ol class=\"wp-block-list\">\n<li>Gehen Sie zu <strong>WPML <\/strong>\u2192 <strong>Einstellungen<\/strong> und scrollen Sie nach unten zu <strong>Optionen f\u00fcr \u00fcbersetzte Dokumente<\/strong>.<\/li>\n\n\n\n<li>W\u00e4hlen Sie unter <strong>Seiten-URL<\/strong> die Option <strong>\u00fcbersetzen<\/strong> und speichern Sie.<\/li>\n<\/ol>\n\n<figure class=\"wp-block-image tb-image tb-image-dynamic tb-image-frame-none\" data-toolset-blocks-image=\"d8f67a73ca31d5ff29c6b6e7dbeb3f19\"><a href=\"https:\/\/wpml.org\/wp-content\/uploads\/2024\/06\/Setting-the-option-to-Translate-the-page-URL.png\"><img decoding=\"async\" width=\"1024\" height=\"596\" loading=\"lazy\" src=\"https:\/\/wpml.org\/wp-content\/uploads\/2024\/06\/Setting-the-option-to-Translate-the-page-URL-1024x596.png\" alt=\"Setting the option to Translate the page URL\" class=\"wp-image-15705196\" srcset=\"https:\/\/wpml.org\/wp-content\/uploads\/2024\/06\/Setting-the-option-to-Translate-the-page-URL-1024x596.png 1024w, https:\/\/wpml.org\/wp-content\/uploads\/2024\/06\/Setting-the-option-to-Translate-the-page-URL-300x175.png 300w, https:\/\/wpml.org\/wp-content\/uploads\/2024\/06\/Setting-the-option-to-Translate-the-page-URL-150x87.png 150w, https:\/\/wpml.org\/wp-content\/uploads\/2024\/06\/Setting-the-option-to-Translate-the-page-URL-768x447.png 768w, https:\/\/wpml.org\/wp-content\/uploads\/2024\/06\/Setting-the-option-to-Translate-the-page-URL.png 1536w\" sizes=\"auto, (max-width: 1024px) 100vw, 1024px\" \/><\/a><figcaption><div class=\"tb-image-caption\">Einstellen der Option zur \u00dcbersetzung des Seiten-URL<\/div><\/figcaption><\/figure>\n\n<p>Sie k\u00f6nnen den URL-Slug nun \u00fcbersetzen, wenn Sie Seiten im Erweiterten \u00dcbersetzungs-Editor bearbeiten. <\/p>\n\n<figure class=\"wp-block-image tb-image tb-image-dynamic tb-image-frame-none\" data-toolset-blocks-image=\"abdb39ea76e96571860273eca92ae4fe\"><a href=\"https:\/\/wpml.org\/wp-content\/uploads\/2025\/01\/Translating-URL-in-ATE-1.png\"><img decoding=\"async\" width=\"1024\" height=\"782\" loading=\"lazy\" src=\"https:\/\/wpml.org\/wp-content\/uploads\/2025\/01\/Translating-URL-in-ATE-1-1024x782.png\" alt=\"Translating URL in ATE\" class=\"wp-image-16646909\" srcset=\"https:\/\/wpml.org\/wp-content\/uploads\/2025\/01\/Translating-URL-in-ATE-1-1024x782.png 1024w, https:\/\/wpml.org\/wp-content\/uploads\/2025\/01\/Translating-URL-in-ATE-1-300x229.png 300w, https:\/\/wpml.org\/wp-content\/uploads\/2025\/01\/Translating-URL-in-ATE-1-150x114.png 150w, https:\/\/wpml.org\/wp-content\/uploads\/2025\/01\/Translating-URL-in-ATE-1-768x586.png 768w, https:\/\/wpml.org\/wp-content\/uploads\/2025\/01\/Translating-URL-in-ATE-1-1536x1172.png 1536w, https:\/\/wpml.org\/wp-content\/uploads\/2025\/01\/Translating-URL-in-ATE-1.png 1707w\" sizes=\"auto, (max-width: 1024px) 100vw, 1024px\" \/><\/a><figcaption><div class=\"tb-image-caption\">\u00dcbersetzen des Seiten-URL-Slugs im Erweiterten \u00dcbersetzungs-Editor<\/div><\/figcaption><\/figure>\n\n<h2 class=\"wp-block-heading\" id=\"translate-taxonomy-url-slugs\">Taxonomie-URL-Slugs \u00fcbersetzen<\/h2>\n\n<p>Um Taxonomie-URL-Slugs zu \u00fcbersetzen, folgen Sie unserer <a href=\"https:\/\/wpml.org\/de\/documentation-3\/ratgeber-zum-loslegen\/ubersetzung-von-beitragskategorien-und-benutzerdefinierten-taxonomien\/\">Anleitung zur Taxonomie-\u00dcbersetzung<\/a>. <\/p>\n\n<h2 class=\"wp-block-heading\" id=\"copy-url\">URL in Sekund\u00e4rsprache kopieren<\/h2>\n\n<p>Zus\u00e4tzlich zum \u00dcbersetzen von URL-Slugs erm\u00f6glicht WPML Ihnen auch, Slugs in Zweitsprachen zu \u201ekopieren\u201c. <\/p>\n\n<div class=\"wp-block-toolset-blocks-grid tb-grid\" data-toolset-blocks-grid=\"3d9c399fe625e1b972f817a0680229f6\">\n<div class=\"wp-block-toolset-blocks-grid-column tb-grid-column tb-grid-align-top\" data-toolset-blocks-grid-column=\"3034fbe886c11054e95b46b09d3e4112\">\n<figure class=\"wp-block-image tb-image tb-image-dynamic tb-image-frame-none\" data-toolset-blocks-image=\"08c3923f15ea66a8c440d76a509e389c\"><a href=\"https:\/\/wpml.org\/wp-content\/uploads\/2024\/08\/Smoothie-recipe-in-English.png\"><img decoding=\"async\" width=\"1024\" height=\"577\" loading=\"lazy\" src=\"https:\/\/wpml.org\/wp-content\/uploads\/2024\/08\/Smoothie-recipe-in-English-1024x577.png\" alt=\"Smoothie recipe in English\" class=\"wp-image-16034817\" srcset=\"https:\/\/wpml.org\/wp-content\/uploads\/2024\/08\/Smoothie-recipe-in-English-1024x577.png 1024w, https:\/\/wpml.org\/wp-content\/uploads\/2024\/08\/Smoothie-recipe-in-English-300x169.png 300w, https:\/\/wpml.org\/wp-content\/uploads\/2024\/08\/Smoothie-recipe-in-English-150x84.png 150w, https:\/\/wpml.org\/wp-content\/uploads\/2024\/08\/Smoothie-recipe-in-English-768x432.png 768w, https:\/\/wpml.org\/wp-content\/uploads\/2024\/08\/Smoothie-recipe-in-English.png 1119w\" sizes=\"auto, (max-width: 1024px) 100vw, 1024px\" \/><\/a><figcaption><div class=\"tb-image-caption\">Smoothie-Rezept auf Englisch<\/div><\/figcaption><\/figure>\n<\/div>\n\n\n\n<div class=\"wp-block-toolset-blocks-grid-column tb-grid-column tb-grid-align-top\" data-toolset-blocks-grid-column=\"3034fbe886c11054e95b46b09d3e4112\">\n<figure class=\"wp-block-image tb-image tb-image-dynamic tb-image-frame-none\" data-toolset-blocks-image=\"897e18ef1a1ec71d6959103dcd836f31\"><a href=\"https:\/\/wpml.org\/wp-content\/uploads\/2024\/08\/Smoothie-recipe-in-Chinese.png\"><img decoding=\"async\" width=\"1024\" height=\"577\" loading=\"lazy\" src=\"https:\/\/wpml.org\/wp-content\/uploads\/2024\/08\/Smoothie-recipe-in-Chinese-1024x577.png\" alt=\"Smoothie recipe in Chinese\" class=\"wp-image-16034831\" srcset=\"https:\/\/wpml.org\/wp-content\/uploads\/2024\/08\/Smoothie-recipe-in-Chinese-1024x577.png 1024w, https:\/\/wpml.org\/wp-content\/uploads\/2024\/08\/Smoothie-recipe-in-Chinese-300x169.png 300w, https:\/\/wpml.org\/wp-content\/uploads\/2024\/08\/Smoothie-recipe-in-Chinese-150x84.png 150w, https:\/\/wpml.org\/wp-content\/uploads\/2024\/08\/Smoothie-recipe-in-Chinese-768x432.png 768w, https:\/\/wpml.org\/wp-content\/uploads\/2024\/08\/Smoothie-recipe-in-Chinese.png 1119w\" sizes=\"auto, (max-width: 1024px) 100vw, 1024px\" \/><\/a><figcaption><div class=\"tb-image-caption\">Smoothie-Rezept auf Chinesisch<\/div><\/figcaption><\/figure>\n<\/div>\n<\/div>\n\n<p>Dies ist n\u00fctzlich, wenn Ihre Website Nicht-ASCII-Sprachen (z. B. Chinesisch, Japanisch, Arabisch) verwendet und Sie vermeiden m\u00f6chten, dass Ihre URLs beim Teilen im Internet wie Spam aussehen. Beispielsweise sieht die folgende chinesische URL beim Kopieren und Einf\u00fcgen so aus: <\/p>\n\n<div style=\"height:20px\" aria-hidden=\"true\" class=\"wp-block-spacer\"><\/div>\n\n<p>example.com\/\u716e\u996d\/ \u2192 example.com\/%E7%85%AE%E9%A5%AD\/<\/p>\n\n<div style=\"height:20px\" aria-hidden=\"true\" class=\"wp-block-spacer\"><\/div>\n\n<p>Damit Ihre URLs besser aussehen, k\u00f6nnen Sie Ihre urspr\u00fcnglichen URL-Slugs in andere Sprachen kopieren:<\/p>\n\n<ol class=\"wp-block-list\">\n<li>Gehen Sie zu <strong>WPML <\/strong>\u2192 <strong>Sprachen<\/strong>.<\/li>\n\n\n\n<li>Klicken Sie unter <strong>Website-Sprachen<\/strong> auf den Link <strong>Sprachen bearbeiten<\/strong>. <\/li>\n\n\n\n<li>Stellen Sie in der Tabelle den Wert f\u00fcr <strong>URLs kodieren<\/strong> in der Sprache, in die die Slugs kopiert werden sollen, auf <strong>Ja<\/strong> ein. Klicken Sie auf <strong>Speichern<\/strong>.<\/li>\n<\/ol>\n\n<figure class=\"wp-block-image tb-image tb-image-dynamic tb-image-frame-none\" data-toolset-blocks-image=\"7c3529241fe0ca56d92f4aed75fa832e\"><a href=\"https:\/\/wpml.org\/wp-content\/uploads\/2024\/08\/Encoding-URLs-for-Chinese-1.png\"><img decoding=\"async\" width=\"1024\" height=\"606\" loading=\"lazy\" src=\"https:\/\/wpml.org\/wp-content\/uploads\/2024\/08\/Encoding-URLs-for-Chinese-1-1024x606.png\" alt=\"\" class=\"wp-image-16034887\" srcset=\"https:\/\/wpml.org\/wp-content\/uploads\/2024\/08\/Encoding-URLs-for-Chinese-1-1024x606.png 1024w, https:\/\/wpml.org\/wp-content\/uploads\/2024\/08\/Encoding-URLs-for-Chinese-1-300x178.png 300w, https:\/\/wpml.org\/wp-content\/uploads\/2024\/08\/Encoding-URLs-for-Chinese-1-150x89.png 150w, https:\/\/wpml.org\/wp-content\/uploads\/2024\/08\/Encoding-URLs-for-Chinese-1-768x454.png 768w, https:\/\/wpml.org\/wp-content\/uploads\/2024\/08\/Encoding-URLs-for-Chinese-1-1536x909.png 1536w, https:\/\/wpml.org\/wp-content\/uploads\/2024\/08\/Encoding-URLs-for-Chinese-1-2048x1212.png 2048w\" sizes=\"auto, (max-width: 1024px) 100vw, 1024px\" \/><\/a><figcaption><div class=\"tb-image-caption\">Kodieren von URLs f\u00fcr Chinesisch<\/div><\/figcaption><\/figure>\n\n<ol start=\"4\" class=\"wp-block-list\">\n<li>Gehen Sie als N\u00e4chstes zu <strong>WPML <\/strong>\u2192 <strong>Einstellungen<\/strong>.<\/li>\n\n\n\n<li>Setzen Sie unter <strong>Optionen f\u00fcr \u00fcbersetzte Dokumente<\/strong> den <strong>Seiten-URL<\/strong> auf <strong>aus Originalsprache kopieren<\/strong> und speichern Sie. <\/li>\n<\/ol>\n\n<p>Ihre URL-Slugs werden nun in Ihre (kodierte) Zweitsprache kopiert, wenn Sie Inhalte \u00fcbersetzen. <\/p>\n\n<h2 class=\"wp-block-heading\" id=\"get-started\">Beginnen Sie mit WPML<\/h2>\n\n<p>Um URL-Slugs mit WPML zu \u00fcbersetzen, ben\u00f6tigen Sie den Kontotyp Multilingual CMS oder Multilingual Agency. <\/p>\n\n<p>Besuchen Sie unsere <a href=\"https:\/\/wpml.org\/de\/purchase\/\">Preis\u00fcbersicht<\/a>, um mehr \u00fcber unsere Pl\u00e4ne zu erfahren.<\/p>\n","protected":false},"excerpt":{"rendered":"<p>Mit WPML k\u00f6nnen Sie URL-Slugs in verschiedene Sprachen \u00fcbersetzen. Dies umfasst Slugs f\u00fcr Seiten, Beitr\u00e4ge, benutzerdefinierte Beitragstypen und Taxonomien. Ein URL-Slug ist der Teil einer URL, der eine bestimmte Seite auf einer Website identifiziert. Sowohl Suchmaschinen als auch Nutzer verlassen sich auf Slugs, um das Thema einer Seite zu verstehen. Daher ist es wichtig, sie [&hellip;]<\/p>\n","protected":false},"author":2,"featured_media":0,"parent":1262,"menu_order":56,"comment_status":"closed","ping_status":"closed","template":"template-sidebar-2.php","meta":{"_bbp_topic_count":0,"_bbp_reply_count":0,"_bbp_total_topic_count":0,"_bbp_total_reply_count":0,"_bbp_voice_count":0,"_bbp_anonymous_reply_count":0,"_bbp_topic_count_hidden":0,"_bbp_reply_count_hidden":0,"_bbp_forum_subforum_count":0,"ep_exclude_from_search":false,"footnotes":""},"related-projects-category":[],"class_list":["post-15654332","page","type-page","status-publish","hentry"],"_links":{"self":[{"href":"https:\/\/wpml.org\/de\/wp-json\/wp\/v2\/pages\/15654332","targetHints":{"allow":["GET"]}}],"collection":[{"href":"https:\/\/wpml.org\/de\/wp-json\/wp\/v2\/pages"}],"about":[{"href":"https:\/\/wpml.org\/de\/wp-json\/wp\/v2\/types\/page"}],"author":[{"embeddable":true,"href":"https:\/\/wpml.org\/de\/wp-json\/wp\/v2\/users\/2"}],"replies":[{"embeddable":true,"href":"https:\/\/wpml.org\/de\/wp-json\/wp\/v2\/comments?post=15654332"}],"version-history":[{"count":8,"href":"https:\/\/wpml.org\/de\/wp-json\/wp\/v2\/pages\/15654332\/revisions"}],"predecessor-version":[{"id":17925908,"href":"https:\/\/wpml.org\/de\/wp-json\/wp\/v2\/pages\/15654332\/revisions\/17925908"}],"up":[{"embeddable":true,"href":"https:\/\/wpml.org\/de\/wp-json\/wp\/v2\/pages\/1262"}],"wp:attachment":[{"href":"https:\/\/wpml.org\/de\/wp-json\/wp\/v2\/media?parent=15654332"}],"wp:term":[{"taxonomy":"related-projects-category","embeddable":true,"href":"https:\/\/wpml.org\/de\/wp-json\/wp\/v2\/related-projects-category?post=15654332"}],"curies":[{"name":"wp","href":"https:\/\/api.w.org\/{rel}","templated":true}]}}