{"id":15655607,"date":"2022-08-26T10:22:56","date_gmt":"2022-08-26T10:22:56","guid":{"rendered":"https:\/\/wpml.org\/documentation-3\/ahnliche-projekte\/advanced-custom-fields-acf-multilingual-alle-felder-mit-wpml-uebersetzen\/benutzerdefinierte-felder-uebersetzungsvorgaben-fuer-acf-und-wpml\/"},"modified":"2024-06-06T14:01:00","modified_gmt":"2024-06-06T14:01:00","slug":"benutzerdefinierte-felder-uebersetzungsvorgaben-fuer-acf-und-wpml","status":"publish","type":"page","link":"https:\/\/wpml.org\/de\/documentation-3\/ahnliche-projekte\/advanced-custom-fields-acf-multilingual-alle-felder-mit-wpml-uebersetzen\/benutzerdefinierte-felder-uebersetzungsvorgaben-fuer-acf-und-wpml\/","title":{"rendered":"Benutzerdefinierte Felder \u00dcbersetzungspr\u00e4ferenzen f\u00fcr ACF und WPML"},"content":{"rendered":"\n<p class=\"lead\">ACF Multilingual st\u00fctzt sich auf die \u00dcbersetzungseinstellungen, um zu verwalten, wie benutzerdefinierte Felder in den verschiedenen Sprachversionen Ihrer Website erscheinen.<\/p>\n\n<p>W\u00e4hrend Sie zwischen zwei \u00dcbersetzungsoptionen mit voreingestellten \u00dcbersetzungspr\u00e4ferenzen w\u00e4hlen k\u00f6nnen, erm\u00f6glicht Ihnen der Expertenmodus die Kontrolle dar\u00fcber, wie jedes Feld in sekund\u00e4ren Sprachen erscheint.  <\/p>\n\n<p><strong>Sie haben vier \u00dcbersetzungseinstellungen zur Auswahl:<\/strong><\/p>\n\n<div class=\"wp-block-toolset-blocks-grid tb-grid\" data-toolset-blocks-grid=\"6d30eb1e38bb20176948bc192d4fc3df\">\n<div class=\"wp-block-toolset-blocks-grid-column tb-grid-column tb-grid-align-top\" data-toolset-blocks-grid-column=\"e4e86604f3ad36200edf52d1622ddc73\">\n<p class=\"tb-heading has-text-color has-background wa\" data-toolset-blocks-heading=\"554b98bd0c25fac22ce4cae2c81c7c57\" data-last-update=\"1.4\">\u00dcbersetzen<\/p>\n\n\n\n<div class=\"wp-block-toolset-blocks-container tb-container\" data-toolset-blocks-container=\"89715433d6069a9df49467c3d95396fc\">\n<p class=\"tb-heading\" data-toolset-blocks-heading=\"b09796d750527ad36b4e33acb19864d5\" data-last-update=\"1.4\">Stellt die Werte Ihrer benutzerdefinierten Felder f\u00fcr die \u00dcbersetzung zur Verf\u00fcgung.<\/p>\n<\/div>\n\n\n\n<div class=\"wp-block-toolset-blocks-container tb-container\" data-toolset-blocks-container=\"d718aa58a66ec9f469cddd7421827efc\">\n<div class=\"wp-block-toolset-blocks-grid tb-grid\" data-toolset-blocks-grid=\"b9ba198fa8644ce060d6f261547d5fb7\">\n<div class=\"wp-block-toolset-blocks-grid-column tb-grid-column tb-grid-align-top\" data-toolset-blocks-grid-column=\"3034fbe886c11054e95b46b09d3e4112\">\n<div class=\"wp-block-toolset-blocks-container tb-container\" data-toolset-blocks-container=\"c5825f0c4b3f029780c2562e9593100f\"><\/div>\n<\/div>\n\n\n\n<div class=\"wp-block-toolset-blocks-grid-column tb-grid-column tb-grid-align-top\" data-toolset-blocks-grid-column=\"3034fbe886c11054e95b46b09d3e4112\">\n<p class=\"tb-heading\" data-toolset-blocks-heading=\"4c8c6fb6238e271b166377f9a25088b9\" data-last-update=\"1.4\">Empfohlen f\u00fcr Textfelder (z.B. Text, Textbereich, WYSIWYG, Nachricht).<\/p>\n<\/div>\n<\/div>\n<\/div>\n<\/div>\n\n\n\n<div class=\"wp-block-toolset-blocks-grid-column tb-grid-column tb-grid-align-top\" data-toolset-blocks-grid-column=\"9bf300cb43bb9f03c7ec5743d8671031\">\n<p class=\"tb-heading has-text-color has-background wa\" data-toolset-blocks-heading=\"554b98bd0c25fac22ce4cae2c81c7c57\" data-last-update=\"1.4\">Kopieren Sie<\/p>\n\n\n\n<div class=\"wp-block-toolset-blocks-container tb-container\" data-toolset-blocks-container=\"89715433d6069a9df49467c3d95396fc\">\n<p class=\"tb-heading\" data-toolset-blocks-heading=\"b09796d750527ad36b4e33acb19864d5\" data-last-update=\"1.4\">Kopiert den Wert des Feldes in alle Sprachen, so dass er \u00fcberall gleich ist.<\/p>\n<\/div>\n\n\n\n<div class=\"wp-block-toolset-blocks-container tb-container\" data-toolset-blocks-container=\"d718aa58a66ec9f469cddd7421827efc\">\n<div class=\"wp-block-toolset-blocks-grid tb-grid\" data-toolset-blocks-grid=\"b9ba198fa8644ce060d6f261547d5fb7\">\n<div class=\"wp-block-toolset-blocks-grid-column tb-grid-column tb-grid-align-top\" data-toolset-blocks-grid-column=\"3034fbe886c11054e95b46b09d3e4112\">\n<div class=\"wp-block-toolset-blocks-container tb-container\" data-toolset-blocks-container=\"c5825f0c4b3f029780c2562e9593100f\"><\/div>\n<\/div>\n\n\n\n<div class=\"wp-block-toolset-blocks-grid-column tb-grid-column tb-grid-align-top\" data-toolset-blocks-grid-column=\"3034fbe886c11054e95b46b09d3e4112\">\n<p class=\"tb-heading\" data-toolset-blocks-heading=\"4c8c6fb6238e271b166377f9a25088b9\" data-last-update=\"1.4\">Empfohlen f\u00fcr benutzerdefinierte Felder, die in jeder Sprache gleich bleiben, z.B. Zahl, Bereich, Wahr\/Falsch, Bild.<\/p>\n<\/div>\n<\/div>\n<\/div>\n<\/div>\n\n\n\n<div class=\"wp-block-toolset-blocks-grid-column tb-grid-column tb-grid-align-top\" data-toolset-blocks-grid-column=\"9bf300cb43bb9f03c7ec5743d8671031\">\n<p class=\"tb-heading has-text-color has-background wa\" data-toolset-blocks-heading=\"554b98bd0c25fac22ce4cae2c81c7c57\" data-last-update=\"1.4\">Einmal kopieren<\/p>\n\n\n\n<div class=\"wp-block-toolset-blocks-container tb-container\" data-toolset-blocks-container=\"c0ae25e118e7651be7aa562df662a60c\">\n<p class=\"tb-heading\" data-toolset-blocks-heading=\"b09796d750527ad36b4e33acb19864d5\" data-last-update=\"1.4\">Kopiert den Wert des Feldes nur einmal in die \u00dcbersetzungen und erm\u00f6glicht es Ihnen, die Werte des Feldes in den \u00dcbersetzungen nachtr\u00e4glich unabh\u00e4ngig zu \u00e4ndern.<\/p>\n<\/div>\n\n\n\n<div class=\"wp-block-toolset-blocks-container tb-container\" data-toolset-blocks-container=\"d718aa58a66ec9f469cddd7421827efc\">\n<div class=\"wp-block-toolset-blocks-grid tb-grid\" data-toolset-blocks-grid=\"0ee54b13cff5a5a046256dac8d7ad810\">\n<div class=\"wp-block-toolset-blocks-grid-column tb-grid-column tb-grid-align-top\" data-toolset-blocks-grid-column=\"3034fbe886c11054e95b46b09d3e4112\">\n<div class=\"wp-block-toolset-blocks-container tb-container\" data-toolset-blocks-container=\"c5825f0c4b3f029780c2562e9593100f\"><\/div>\n<\/div>\n\n\n\n<div class=\"wp-block-toolset-blocks-grid-column tb-grid-column tb-grid-align-top\" data-toolset-blocks-grid-column=\"3034fbe886c11054e95b46b09d3e4112\">\n<p class=\"tb-heading\" data-toolset-blocks-heading=\"4c8c6fb6238e271b166377f9a25088b9\" data-last-update=\"1.4\">Wenn Sie diese Option w\u00e4hlen, weil Sie unterschiedliche Feldwerte f\u00fcr verschiedene Sprachen w\u00fcnschen, m\u00fcssen Sie die <a href=\"https:\/\/wpml.org\/de\/documentation-3\/ubersetzen-ihrer-inhalte\/wie-man-verschiedene-designs-fuer-verschiedene-sprachen-verwendet\/\">Beitr\u00e4ge mit diesen Feldern im WordPress-Editor manuell \u00fcbersetzen<\/a>.<\/p>\n<\/div>\n<\/div>\n<\/div>\n<\/div>\n\n\n\n<div class=\"wp-block-toolset-blocks-grid-column tb-grid-column tb-grid-align-top\" data-toolset-blocks-grid-column=\"9bf300cb43bb9f03c7ec5743d8671031\">\n<p class=\"tb-heading has-text-color has-background wa\" data-toolset-blocks-heading=\"554b98bd0c25fac22ce4cae2c81c7c57\" data-last-update=\"1.4\">Nicht \u00fcbersetzen<\/p>\n\n\n\n<div class=\"wp-block-toolset-blocks-container tb-container\" data-toolset-blocks-container=\"c0ae25e118e7651be7aa562df662a60c\">\n<p class=\"tb-heading\" data-toolset-blocks-heading=\"b09796d750527ad36b4e33acb19864d5\" data-last-update=\"1.4\">Die Standardoption f\u00fcr benutzerdefinierte Felder, f\u00fcr die Sie noch nicht festgelegt haben, wie sie \u00fcbersetzt werden sollen.<\/p>\n<\/div>\n\n\n\n<div class=\"wp-block-toolset-blocks-container tb-container\" data-toolset-blocks-container=\"d718aa58a66ec9f469cddd7421827efc\">\n<div class=\"wp-block-toolset-blocks-grid tb-grid\" data-toolset-blocks-grid=\"b9ba198fa8644ce060d6f261547d5fb7\">\n<div class=\"wp-block-toolset-blocks-grid-column tb-grid-column tb-grid-align-top\" data-toolset-blocks-grid-column=\"3034fbe886c11054e95b46b09d3e4112\">\n<div class=\"wp-block-toolset-blocks-container tb-container\" data-toolset-blocks-container=\"c5825f0c4b3f029780c2562e9593100f\"><\/div>\n<\/div>\n\n\n\n<div class=\"wp-block-toolset-blocks-grid-column tb-grid-column tb-grid-align-top\" data-toolset-blocks-grid-column=\"3034fbe886c11054e95b46b09d3e4112\">\n<p class=\"tb-heading\" data-toolset-blocks-heading=\"4c8c6fb6238e271b166377f9a25088b9\" data-last-update=\"1.4\">Sie k\u00f6nnen diese Option f\u00fcr Felder ausw\u00e4hlen, die WPML ignorieren soll. Wenn Sie m\u00f6chten, dass ein Feld in allen Sprachen denselben Wert hat, w\u00e4hlen Sie die Option <strong>Kopieren<\/strong>.<\/p>\n<\/div>\n<\/div>\n<\/div>\n<\/div>\n<\/div>\n\n<p>F\u00fcr Ihre Hauptfeldtypen ACF <strong>Repeater<\/strong> und <strong>Flexible Inhalte <\/strong>haben Sie zwei M\u00f6glichkeiten:<\/p>\n\n<ol class=\"wp-block-list\">\n<li>W\u00e4hlen Sie <strong>Kopieren <\/strong>, um das gleiche Layout und die gleiche Anzahl von Feldern in allen Sprachen beizubehalten.<\/li>\n\n\n\n<li>W\u00e4hlen Sie <strong>Einmal kopieren<\/strong>, wenn Sie ein anderes Layout oder eine andere Anzahl von Feldern in anderen Sprachen w\u00fcnschen.<\/li>\n<\/ol>\n\n<p>In beiden F\u00e4llen k\u00f6nnen Sie die \u00dcbersetzungseinstellungen f\u00fcr Ihre Unterfelder so festlegen, wie sie in den \u00dcbersetzungen erscheinen sollen.<\/p>\n\n<h2 class=\"wp-block-heading\">Verstehen, wie ACFML ma\u00dfgeschneiderte Felder in voreingestellten \u00dcbersetzungsoptionen \u00fcbersetzt<\/h2>\n\n<p>Die folgenden Tabellen enthalten die voreingestellten \u00dcbersetzungseinstellungen f\u00fcr ACF-Feldtypen. Um diese voreingestellten Optionen zu \u00e4ndern, m\u00fcssen Sie den <strong>Expertenmodus<\/strong> verwenden.  <\/p>\n\n<h2 class=\"wp-block-heading\">Grundlegende Felder<\/h2>\n\n<figure class=\"wp-block-table\"><table><tbody><tr><td><strong>Typ<\/strong><\/td><td><strong>Gleiche Felder in allen Sprachen<\/strong><\/td><td><strong>Verschiedene Felder in verschiedenen Sprachen<\/strong><\/td><\/tr><tr><td>Text<\/td><td>\u00dcbersetzen<\/td><td>\u00dcbersetzen<\/td><\/tr><tr><td>Textbereich<\/td><td>\u00dcbersetzen<\/td><td>\u00dcbersetzen<\/td><\/tr><tr><td>Nummer<\/td><td>Kopieren Sie<\/td><td>Einmal kopieren<\/td><\/tr><tr><td>Reichweite<\/td><td>Kopieren Sie<\/td><td>Einmal kopieren<\/td><\/tr><tr><td>E-Mail<\/td><td>Kopieren Sie<\/td><td>Einmal kopieren<\/td><\/tr><tr><td>URL<\/td><td>Kopieren Sie<\/td><td>Einmal kopieren<\/td><\/tr><tr><td>Passwort<\/td><td>Kopieren Sie<\/td><td>Einmal kopieren<\/td><\/tr><\/tbody><\/table><\/figure>\n\n<h2 class=\"wp-block-heading\">Felder f\u00fcr den Inhalt<\/h2>\n\n<figure class=\"wp-block-table\"><table><tbody><tr><td><strong>Typ<\/strong><\/td><td><strong><strong>Gleiche Felder in allen Sprachen<\/strong><\/strong><\/td><td><strong><strong>Verschiedene Felder in verschiedenen Sprachen<\/strong><\/strong><\/td><\/tr><tr><td>Bild<\/td><td>Kopieren Sie<\/td><td>Einmal kopieren<\/td><\/tr><tr><td>Datei<\/td><td>Kopieren Sie<\/td><td>Einmal kopieren<\/td><\/tr><tr><td>Wysiwyg Editor<\/td><td>\u00dcbersetzen<\/td><td>\u00dcbersetzen<\/td><\/tr><tr><td>oEmbed<\/td><td>Kopieren Sie<\/td><td>Einmal kopieren<\/td><\/tr><tr><td>Galerie<\/td><td>Kopieren Sie<\/td><td>Einmal kopieren<\/td><\/tr><\/tbody><\/table><\/figure>\n\n<h2 class=\"wp-block-heading\">Felder zur Auswahl<\/h2>\n\n<figure class=\"wp-block-table\"><table><tbody><tr><td><strong>Typ<\/strong><\/td><td><strong><strong>Gleiche Felder in allen Sprachen<\/strong><\/strong><\/td><td><strong><strong>Verschiedene Felder in verschiedenen Sprachen<\/strong><\/strong><\/td><\/tr><tr><td>W\u00e4hlen Sie<\/td><td>Kopieren Sie<\/td><td>Einmal kopieren<\/td><\/tr><tr><td>Kontrollfeld<\/td><td>Kopieren Sie<\/td><td>Einmal kopieren<\/td><\/tr><tr><td>Radio Button<\/td><td>Kopieren Sie<\/td><td>Einmal kopieren<\/td><\/tr><tr><td>Button Gruppe<\/td><td>Kopieren Sie<\/td><td>Einmal kopieren<\/td><\/tr><tr><td>Richtig \/ Falsch<\/td><td>Kopieren Sie<\/td><td>Einmal kopieren<\/td><\/tr><\/tbody><\/table><\/figure>\n\n<h2 class=\"wp-block-heading\">jQuery Felder<\/h2>\n\n<figure class=\"wp-block-table\"><table><tbody><tr><td><strong>Typ<\/strong><\/td><td><strong><strong><strong>Gleiche Felder in allen Sprachen<\/strong><\/strong><\/strong><\/td><td><strong><strong>Verschiedene Felder in verschiedenen Sprachen<\/strong><\/strong><\/td><\/tr><tr><td>Google Map<\/td><td>Kopieren Sie<\/td><td>Einmal kopieren<\/td><\/tr><tr><td>Datumsw\u00e4hler<\/td><td>Kopieren Sie<\/td><td>Einmal kopieren<\/td><\/tr><tr><td>Datum-Zeit-Auswahl<\/td><td>Kopieren Sie<\/td><td>Einmal kopieren<\/td><\/tr><tr><td>Zeitw\u00e4hler<\/td><td>Kopieren Sie<\/td><td>Einmal kopieren<\/td><\/tr><tr><td>Farbw\u00e4hler<\/td><td>Kopieren Sie<\/td><td>Einmal kopieren<\/td><\/tr><\/tbody><\/table><\/figure>\n\n<h2 class=\"wp-block-heading\">Layout Felder<\/h2>\n\n<figure class=\"wp-block-table\"><table><tbody><tr><td><strong>Typ<\/strong><\/td><td><strong><strong><strong>Gleiche Felder in allen Sprachen<\/strong><\/strong><\/strong><\/td><td><strong><strong><strong>Verschiedene Felder in verschiedenen Sprachen<\/strong><\/strong><\/strong><\/td><\/tr><tr><td>Nachricht<\/td><td>\u00dcbersetzen<\/td><td>\u00dcbersetzen<\/td><\/tr><tr><td>Akkordeon<\/td><td>Kopieren Sie<\/td><td>Einmal kopieren<\/td><\/tr><tr><td>Tab (Reiter)<\/td><td>Kopieren Sie<\/td><td>Einmal kopieren<\/td><\/tr><tr><td>Gruppe<\/td><td>Kopieren Sie<\/td><td>Einmal kopieren<\/td><\/tr><tr><td>Repeater<\/td><td>Kopieren Sie<\/td><td>Einmal kopieren<\/td><\/tr><tr><td>Flexible Inhalte<\/td><td>Kopieren Sie<\/td><td>Einmal kopieren<\/td><\/tr><tr><td>Klonen Sie<\/td><td>Kopieren Sie<\/td><td>Einmal kopieren<\/td><\/tr><\/tbody><\/table><\/figure>\n\n<h2 class=\"wp-block-heading\">Relationale Felder<\/h2>\n\n<figure class=\"wp-block-table\"><table><tbody><tr><td><strong>Typ<\/strong><\/td><td><strong><strong>Gleiche Felder in allen Sprachen<\/strong><\/strong><\/td><td><strong><strong>Verschiedene Felder in verschiedenen Sprachen<\/strong><\/strong><\/td><\/tr><tr><td>Link<\/td><td>Kopieren Sie<\/td><td>Einmal kopieren<\/td><\/tr><tr><td>Beitrag Objekt<\/td><td>Kopieren Sie<\/td><td>Einmal kopieren<\/td><\/tr><tr><td>Seite Link<\/td><td>Kopieren Sie<\/td><td>Einmal kopieren<\/td><\/tr><tr><td>Beziehung<\/td><td>Kopieren Sie<\/td><td>Einmal kopieren<\/td><\/tr><tr><td>Taxonomie<\/td><td>Kopieren Sie<\/td><td>Einmal kopieren<\/td><\/tr><tr><td>Benutzer<\/td><td>Kopieren Sie<\/td><td>Einmal kopieren<\/td><\/tr><\/tbody><\/table><\/figure>\n","protected":false},"excerpt":{"rendered":"<p>ACF Multilingual st\u00fctzt sich auf die \u00dcbersetzungseinstellungen, um zu verwalten, wie benutzerdefinierte Felder in den verschiedenen Sprachversionen Ihrer Website erscheinen. W\u00e4hrend Sie zwischen zwei \u00dcbersetzungsoptionen mit voreingestellten \u00dcbersetzungspr\u00e4ferenzen w\u00e4hlen k\u00f6nnen, erm\u00f6glicht Ihnen der Expertenmodus die Kontrolle dar\u00fcber, wie jedes Feld in sekund\u00e4ren Sprachen erscheint. Sie haben vier \u00dcbersetzungseinstellungen zur Auswahl: F\u00fcr Ihre Hauptfeldtypen ACF Repeater [&hellip;]<\/p>\n","protected":false},"author":538393,"featured_media":0,"parent":15235354,"menu_order":23,"comment_status":"closed","ping_status":"closed","template":"","meta":{"_bbp_topic_count":0,"_bbp_reply_count":0,"_bbp_total_topic_count":0,"_bbp_total_reply_count":0,"_bbp_voice_count":0,"_bbp_anonymous_reply_count":0,"_bbp_topic_count_hidden":0,"_bbp_reply_count_hidden":0,"_bbp_forum_subforum_count":0,"_uag_custom_page_level_css":"","ep_exclude_from_search":false,"footnotes":""},"related-projects-category":[],"class_list":["post-15655607","page","type-page","status-publish","hentry"],"spectra_custom_meta":{"ratings_users":["0"],"ratings_score":["0"],"ratings_average":["0"],"_subscription_coupon_product_id":["0"],"_wpv_contains_gutenberg_views":[""],"_alp_processed":["1717682460"],"wpcf-unformatted-code":[""],"_wpml_media_duplicate":["1"],"_wpml_media_featured":["1"],"toolset_post_editor_mode":["block"],"wpcf-price-increase-show-from":[""],"wpcf-price-increase-show-till":[""],"_last_translation_edit_mode":["translation-editor"],"_wp_page_template":[""],"_wpml_word_count":["755"],"_yoast_wpseo_metadesc":["ACF Multilingual st\u00fctzt sich auf die \u00dcbersetzungseinstellungen, um zu verwalten, wie benutzerdefinierte Felder in den verschiedenen Sprachversionen Ihrer Website erscheinen."],"_uag_css_file_name":["uag-css-15655607.css"],"_uag_page_assets":["a:9:{s:3:\"css\";s:0:\"\";s:2:\"js\";s:0:\"\";s:18:\"current_block_list\";a:10:{i:0;s:14:\"core\/paragraph\";i:1;s:19:\"toolset-blocks\/grid\";i:2;s:26:\"toolset-blocks\/grid-column\";i:3;s:22:\"toolset-blocks\/heading\";i:4;s:24:\"toolset-blocks\/container\";i:5;s:9:\"core\/list\";i:6;s:14:\"core\/list-item\";i:7;s:12:\"core\/heading\";i:8;s:10:\"core\/table\";i:9;s:14:\"core\/shortcode\";}s:8:\"uag_flag\";b:0;s:11:\"uag_version\";s:10:\"1778920439\";s:6:\"gfonts\";a:0:{}s:10:\"gfonts_url\";s:0:\"\";s:12:\"gfonts_files\";a:0:{}s:14:\"uag_faq_layout\";b:0;}"]},"uagb_featured_image_src":{"full":false,"thumbnail":false,"medium":false,"medium_large":false,"large":false,"1536x1536":false,"2048x2048":false,"gform-image-choice-sm":false,"gform-image-choice-md":false,"gform-image-choice-lg":false,"woocommerce_thumbnail":false,"woocommerce_single":false,"woocommerce_gallery_thumbnail":false},"uagb_author_info":{"display_name":"Kathy","author_link":"https:\/\/wpml.org\/de\/author\/kathy-b\/"},"uagb_comment_info":0,"uagb_excerpt":"ACF Multilingual st\u00fctzt sich auf die \u00dcbersetzungseinstellungen, um zu verwalten, wie benutzerdefinierte Felder in den verschiedenen Sprachversionen Ihrer Website erscheinen. W\u00e4hrend Sie zwischen zwei \u00dcbersetzungsoptionen mit voreingestellten \u00dcbersetzungspr\u00e4ferenzen w\u00e4hlen k\u00f6nnen, erm\u00f6glicht Ihnen der Expertenmodus die Kontrolle dar\u00fcber, wie jedes Feld in sekund\u00e4ren Sprachen erscheint. Sie haben vier \u00dcbersetzungseinstellungen zur Auswahl: F\u00fcr Ihre Hauptfeldtypen ACF Repeater&hellip;","_links":{"self":[{"href":"https:\/\/wpml.org\/de\/wp-json\/wp\/v2\/pages\/15655607","targetHints":{"allow":["GET"]}}],"collection":[{"href":"https:\/\/wpml.org\/de\/wp-json\/wp\/v2\/pages"}],"about":[{"href":"https:\/\/wpml.org\/de\/wp-json\/wp\/v2\/types\/page"}],"author":[{"embeddable":true,"href":"https:\/\/wpml.org\/de\/wp-json\/wp\/v2\/users\/538393"}],"replies":[{"embeddable":true,"href":"https:\/\/wpml.org\/de\/wp-json\/wp\/v2\/comments?post=15655607"}],"version-history":[{"count":5,"href":"https:\/\/wpml.org\/de\/wp-json\/wp\/v2\/pages\/15655607\/revisions"}],"predecessor-version":[{"id":15711495,"href":"https:\/\/wpml.org\/de\/wp-json\/wp\/v2\/pages\/15655607\/revisions\/15711495"}],"up":[{"embeddable":true,"href":"https:\/\/wpml.org\/de\/wp-json\/wp\/v2\/pages\/15235354"}],"wp:attachment":[{"href":"https:\/\/wpml.org\/de\/wp-json\/wp\/v2\/media?parent=15655607"}],"wp:term":[{"taxonomy":"related-projects-category","embeddable":true,"href":"https:\/\/wpml.org\/de\/wp-json\/wp\/v2\/related-projects-category?post=15655607"}],"curies":[{"name":"wp","href":"https:\/\/api.w.org\/{rel}","templated":true}]}}