{"id":15711928,"date":"2024-06-06T14:25:07","date_gmt":"2024-06-06T14:25:07","guid":{"rendered":"https:\/\/wpml.org\/documentation-3\/ratgeber-zum-loslegen\/einstellung-der-sprachen\/sprachen-auf-dem-frontend-ausblenden\/"},"modified":"2024-12-10T14:07:28","modified_gmt":"2024-12-10T14:07:28","slug":"sprachen-auf-dem-frontend-ausblenden","status":"publish","type":"page","link":"https:\/\/wpml.org\/de\/documentation-3\/ratgeber-zum-loslegen\/einstellung-der-sprachen\/sprachen-auf-dem-frontend-ausblenden\/","title":{"rendered":"Sprachen auf dem Frontend ausblenden"},"content":{"rendered":"\n<p class=\"lead\">WPML erm\u00f6glicht es Ihnen, Sprachen auf Ihrer Website w\u00e4hrend der Vorbereitung von \u00dcbersetzungen auszublenden, wodurch sichergestellt wird, dass unvollst\u00e4ndige Inhalte verborgen bleiben.<\/p>\n\n<p>Um eine Sprache im Frontend auszublenden, navigieren Sie zur Seite <strong>WPML<\/strong> \u2192 <strong>Sprachen<\/strong> und w\u00e4hlen Sie im Abschnitt <strong>Sprachen ausblenden<\/strong> alle Sprachen aus, die Sie verbergen m\u00f6chten. Nachdem Sie die Sprachen ausgew\u00e4hlt haben, klicken Sie auf den Button <strong>Speichern<\/strong>.<\/p>\n<div class=\"wp-block-image\">\n<figure class=\" tb-image tb-image-dynamic tb-image-frame-none aligncenter\" data-toolset-blocks-image=\"0c937333e46f9ddfe3e313c71fd8ecd4\"><a href=\"https:\/\/wpml.org\/wp-content\/uploads\/2021\/08\/wpml-hiding-language-from-frontend.png\"><img decoding=\"async\" width=\"1127\" height=\"569\" loading=\"lazy\" src=\"https:\/\/wpml.org\/wp-content\/uploads\/2021\/08\/wpml-hiding-language-from-frontend.png\" alt=\"\" class=\"wp-image-9390467\" srcset=\"https:\/\/wpml.org\/wp-content\/uploads\/2021\/08\/wpml-hiding-language-from-frontend.png 1127w, https:\/\/wpml.org\/wp-content\/uploads\/2021\/08\/wpml-hiding-language-from-frontend-300x151.png 300w, https:\/\/wpml.org\/wp-content\/uploads\/2021\/08\/wpml-hiding-language-from-frontend-1024x517.png 1024w, https:\/\/wpml.org\/wp-content\/uploads\/2021\/08\/wpml-hiding-language-from-frontend-150x76.png 150w, https:\/\/wpml.org\/wp-content\/uploads\/2021\/08\/wpml-hiding-language-from-frontend-768x388.png 768w\" sizes=\"auto, (max-width: 1127px) 100vw, 1127px\" \/><\/a><figcaption><div class=\"tb-image-caption\">Ausblenden von Sprachen im Frontend<\/div><\/figcaption><\/figure>\n<\/div>\n<h2 class=\"wp-block-heading\">Senden von Inhalten an die \u00dcbersetzung und \u00dcberpr\u00fcfen von \u00dcbersetzungen f\u00fcr verborgene Sprachen<\/h2>\n\n<p>Um <a href=\"https:\/\/wpml.org\/documentation\/translating-your-contents\/\">Inhalte zur \u00dcbersetzung<\/a> f\u00fcr ausgeblendete Sprachen zu senden, m\u00fcssen Sie zun\u00e4chst eine Benutzerprofileinstellung f\u00fcr Ihre \u00dcbersetzer anpassen. Dies gilt auch, wenn Sie \u00dcbersetzern die M\u00f6glichkeit geben m\u00f6chten, ausstehende \u00dcbersetzungen f\u00fcr diese Sprachen zu \u00fcberpr\u00fcfen und zu genehmigen.<\/p>\n\n<ol class=\"wp-block-list\">\n<li>Gehen Sie zu <strong>Benutzer <\/strong>\u2192 <strong>Alle Benutzer<\/strong> und klicken Sie auf <strong>Bearbeiten<\/strong> neben einem Benutzer, dessen versteckte Sprachen Sie sehen m\u00f6chten.<\/li>\n\n\n\n<li>Lokalisieren Sie den Abschnitt <strong>WPML Spracheinstellungen<\/strong> und aktivieren Sie das Kontrollk\u00e4stchen <strong>Ausgeblendete Sprachen anzeigen<\/strong>.<\/li>\n\n\n\n<li>Klicken Sie auf den Button <strong>Profil aktualisieren<\/strong>, um zu speichern.<\/li>\n<\/ol>\n<div class=\"wp-block-image\">\n<figure class=\" tb-image tb-image-dynamic tb-image-frame-none aligncenter\" data-toolset-blocks-image=\"f7338b238b5c7b32fd2f9da85b9f02a0\"><a href=\"https:\/\/wpml.org\/wp-content\/uploads\/2021\/10\/wpml-edit-user-profile-settings.png\"><img decoding=\"async\" width=\"877\" height=\"438\" loading=\"lazy\" src=\"https:\/\/wpml.org\/wp-content\/uploads\/2021\/10\/wpml-edit-user-profile-settings.png\" alt=\"\" class=\"wp-image-9764295\" srcset=\"https:\/\/wpml.org\/wp-content\/uploads\/2021\/10\/wpml-edit-user-profile-settings.png 877w, https:\/\/wpml.org\/wp-content\/uploads\/2021\/10\/wpml-edit-user-profile-settings-300x150.png 300w, https:\/\/wpml.org\/wp-content\/uploads\/2021\/10\/wpml-edit-user-profile-settings-150x75.png 150w, https:\/\/wpml.org\/wp-content\/uploads\/2021\/10\/wpml-edit-user-profile-settings-768x384.png 768w\" sizes=\"auto, (max-width: 877px) 100vw, 877px\" \/><\/a><figcaption><div class=\"tb-image-caption\">Bearbeiten von Benutzerprofileinstellungen<\/div><\/figcaption><\/figure>\n<\/div>\n<p>Jetzt k\u00f6nnen Sie diesem bestimmten Benutzer \u00dcbersetzungsjobs zuweisen und ihm die \u00dcberpr\u00fcfung von \u00dcbersetzungen f\u00fcr versteckte Sprachen erlauben.<\/p>\n","protected":false},"excerpt":{"rendered":"<p>WPML erm\u00f6glicht es Ihnen, Sprachen auf Ihrer Website w\u00e4hrend der Vorbereitung von \u00dcbersetzungen auszublenden, wodurch sichergestellt wird, dass unvollst\u00e4ndige Inhalte verborgen bleiben. Um eine Sprache im Frontend auszublenden, navigieren Sie zur Seite WPML \u2192 Sprachen und w\u00e4hlen Sie im Abschnitt Sprachen ausblenden alle Sprachen aus, die Sie verbergen m\u00f6chten. Nachdem Sie die Sprachen ausgew\u00e4hlt haben, [&hellip;]<\/p>\n","protected":false},"author":76577,"featured_media":0,"parent":1439,"menu_order":39,"comment_status":"closed","ping_status":"closed","template":"template-nosidebar-centered.php","meta":{"_bbp_topic_count":0,"_bbp_reply_count":0,"_bbp_total_topic_count":0,"_bbp_total_reply_count":0,"_bbp_voice_count":0,"_bbp_anonymous_reply_count":0,"_bbp_topic_count_hidden":0,"_bbp_reply_count_hidden":0,"_bbp_forum_subforum_count":0,"_uag_custom_page_level_css":"","ep_exclude_from_search":false,"footnotes":""},"related-projects-category":[],"class_list":["post-15711928","page","type-page","status-publish","hentry"],"spectra_custom_meta":{"ratings_users":["0"],"ratings_score":["0"],"ratings_average":["0"],"_subscription_coupon_product_id":["0"],"_wpv_contains_gutenberg_views":[""],"_alp_processed":["1733839648"],"_views_template":["0"],"wpcf-unformatted-code":[""],"_wpml_media_duplicate":["1"],"_wpml_media_featured":["1"],"toolset_post_editor_mode":["block"],"wpcf-price-increase-show-from":[""],"wpcf-price-increase-show-till":[""],"_wp_page_template":["template-nosidebar-centered.php"],"_last_translation_edit_mode":["translation-editor"],"_oembed_bbf56b1d4c25ce11481afba39f176f85":["{{unknown}}"],"_yoast_wpseo_title":["Ausblenden von Sprachen im Frontend - WPML"],"_yoast_wpseo_metadesc":["WPML erm\u00f6glicht es Ihnen, Sprachen auf Ihrer Website w\u00e4hrend der Vorbereitung von \u00dcbersetzungen auszublenden, wodurch sichergestellt wird, dass unvollst\u00e4ndige Inhalte verborgen bleiben."],"_wpml_word_count":["255"],"_uagb_previous_block_counts":["a:90:{s:21:\"uagb\/advanced-heading\";i:0;s:15:\"uagb\/blockquote\";i:0;s:12:\"uagb\/buttons\";i:0;s:18:\"uagb\/buttons-child\";i:0;s:19:\"uagb\/call-to-action\";i:0;s:15:\"uagb\/cf7-styler\";i:0;s:11:\"uagb\/column\";i:0;s:12:\"uagb\/columns\";i:0;s:14:\"uagb\/container\";i:0;s:21:\"uagb\/content-timeline\";i:0;s:27:\"uagb\/content-timeline-child\";i:0;s:14:\"uagb\/countdown\";i:0;s:12:\"uagb\/counter\";i:0;s:8:\"uagb\/faq\";i:0;s:14:\"uagb\/faq-child\";i:0;s:10:\"uagb\/forms\";i:0;s:17:\"uagb\/forms-accept\";i:0;s:19:\"uagb\/forms-checkbox\";i:0;s:15:\"uagb\/forms-date\";i:0;s:16:\"uagb\/forms-email\";i:0;s:17:\"uagb\/forms-hidden\";i:0;s:15:\"uagb\/forms-name\";i:0;s:16:\"uagb\/forms-phone\";i:0;s:16:\"uagb\/forms-radio\";i:0;s:17:\"uagb\/forms-select\";i:0;s:19:\"uagb\/forms-textarea\";i:0;s:17:\"uagb\/forms-toggle\";i:0;s:14:\"uagb\/forms-url\";i:0;s:14:\"uagb\/gf-styler\";i:0;s:15:\"uagb\/google-map\";i:0;s:11:\"uagb\/how-to\";i:0;s:16:\"uagb\/how-to-step\";i:0;s:9:\"uagb\/icon\";i:0;s:14:\"uagb\/icon-list\";i:0;s:20:\"uagb\/icon-list-child\";i:0;s:10:\"uagb\/image\";i:0;s:18:\"uagb\/image-gallery\";i:0;s:13:\"uagb\/info-box\";i:0;s:18:\"uagb\/inline-notice\";i:0;s:11:\"uagb\/lottie\";i:0;s:21:\"uagb\/marketing-button\";i:0;s:10:\"uagb\/modal\";i:0;s:18:\"uagb\/popup-builder\";i:0;s:16:\"uagb\/post-button\";i:0;s:18:\"uagb\/post-carousel\";i:0;s:17:\"uagb\/post-excerpt\";i:0;s:14:\"uagb\/post-grid\";i:0;s:15:\"uagb\/post-image\";i:0;s:17:\"uagb\/post-masonry\";i:0;s:14:\"uagb\/post-meta\";i:0;s:18:\"uagb\/post-taxonomy\";i:0;s:18:\"uagb\/post-timeline\";i:0;s:15:\"uagb\/post-title\";i:0;s:20:\"uagb\/restaurant-menu\";i:0;s:26:\"uagb\/restaurant-menu-child\";i:0;s:11:\"uagb\/review\";i:0;s:12:\"uagb\/section\";i:0;s:14:\"uagb\/separator\";i:0;s:11:\"uagb\/slider\";i:0;s:17:\"uagb\/slider-child\";i:0;s:17:\"uagb\/social-share\";i:0;s:23:\"uagb\/social-share-child\";i:0;s:16:\"uagb\/star-rating\";i:0;s:23:\"uagb\/sure-cart-checkout\";i:0;s:22:\"uagb\/sure-cart-product\";i:0;s:15:\"uagb\/sure-forms\";i:0;s:22:\"uagb\/table-of-contents\";i:0;s:9:\"uagb\/tabs\";i:0;s:15:\"uagb\/tabs-child\";i:0;s:18:\"uagb\/taxonomy-list\";i:0;s:9:\"uagb\/team\";i:0;s:16:\"uagb\/testimonial\";i:0;s:14:\"uagb\/wp-search\";i:0;s:19:\"uagb\/instagram-feed\";i:0;s:10:\"uagb\/login\";i:0;s:17:\"uagb\/loop-builder\";i:0;s:18:\"uagb\/loop-category\";i:0;s:20:\"uagb\/loop-pagination\";i:0;s:15:\"uagb\/loop-reset\";i:0;s:16:\"uagb\/loop-search\";i:0;s:14:\"uagb\/loop-sort\";i:0;s:17:\"uagb\/loop-wrapper\";i:0;s:13:\"uagb\/register\";i:0;s:19:\"uagb\/register-email\";i:0;s:24:\"uagb\/register-first-name\";i:0;s:23:\"uagb\/register-last-name\";i:0;s:22:\"uagb\/register-password\";i:0;s:30:\"uagb\/register-reenter-password\";i:0;s:19:\"uagb\/register-terms\";i:0;s:22:\"uagb\/register-username\";i:0;}"],"_uag_css_file_name":["uag-css-15711928.css"],"_uag_page_assets":["a:9:{s:3:\"css\";s:260:\".uag-blocks-common-selector{z-index:var(--z-index-desktop) !important}@media(max-width: 976px){.uag-blocks-common-selector{z-index:var(--z-index-tablet) !important}}@media(max-width: 767px){.uag-blocks-common-selector{z-index:var(--z-index-mobile) !important}}\";s:2:\"js\";s:0:\"\";s:18:\"current_block_list\";a:6:{i:0;s:14:\"core\/paragraph\";i:1;s:20:\"toolset-blocks\/image\";i:2;s:12:\"core\/heading\";i:3;s:9:\"core\/list\";i:4;s:14:\"core\/list-item\";i:5;s:14:\"core\/shortcode\";}s:8:\"uag_flag\";b:0;s:11:\"uag_version\";s:10:\"1778596507\";s:6:\"gfonts\";a:0:{}s:10:\"gfonts_url\";s:0:\"\";s:12:\"gfonts_files\";a:0:{}s:14:\"uag_faq_layout\";b:0;}"]},"uagb_featured_image_src":{"full":false,"thumbnail":false,"medium":false,"medium_large":false,"large":false,"1536x1536":false,"2048x2048":false,"gform-image-choice-sm":false,"gform-image-choice-md":false,"gform-image-choice-lg":false,"woocommerce_thumbnail":false,"woocommerce_single":false,"woocommerce_gallery_thumbnail":false},"uagb_author_info":{"display_name":"Dario","author_link":"https:\/\/wpml.org\/de\/author\/darioh\/"},"uagb_comment_info":0,"uagb_excerpt":"WPML erm\u00f6glicht es Ihnen, Sprachen auf Ihrer Website w\u00e4hrend der Vorbereitung von \u00dcbersetzungen auszublenden, wodurch sichergestellt wird, dass unvollst\u00e4ndige Inhalte verborgen bleiben. Um eine Sprache im Frontend auszublenden, navigieren Sie zur Seite WPML \u2192 Sprachen und w\u00e4hlen Sie im Abschnitt Sprachen ausblenden alle Sprachen aus, die Sie verbergen m\u00f6chten. Nachdem Sie die Sprachen ausgew\u00e4hlt haben,&hellip;","_links":{"self":[{"href":"https:\/\/wpml.org\/de\/wp-json\/wp\/v2\/pages\/15711928","targetHints":{"allow":["GET"]}}],"collection":[{"href":"https:\/\/wpml.org\/de\/wp-json\/wp\/v2\/pages"}],"about":[{"href":"https:\/\/wpml.org\/de\/wp-json\/wp\/v2\/types\/page"}],"author":[{"embeddable":true,"href":"https:\/\/wpml.org\/de\/wp-json\/wp\/v2\/users\/76577"}],"replies":[{"embeddable":true,"href":"https:\/\/wpml.org\/de\/wp-json\/wp\/v2\/comments?post=15711928"}],"version-history":[{"count":3,"href":"https:\/\/wpml.org\/de\/wp-json\/wp\/v2\/pages\/15711928\/revisions"}],"predecessor-version":[{"id":16498672,"href":"https:\/\/wpml.org\/de\/wp-json\/wp\/v2\/pages\/15711928\/revisions\/16498672"}],"up":[{"embeddable":true,"href":"https:\/\/wpml.org\/de\/wp-json\/wp\/v2\/pages\/1439"}],"wp:attachment":[{"href":"https:\/\/wpml.org\/de\/wp-json\/wp\/v2\/media?parent=15711928"}],"wp:term":[{"taxonomy":"related-projects-category","embeddable":true,"href":"https:\/\/wpml.org\/de\/wp-json\/wp\/v2\/related-projects-category?post=15711928"}],"curies":[{"name":"wp","href":"https:\/\/api.w.org\/{rel}","templated":true}]}}