{"id":15990734,"date":"2021-09-23T13:25:56","date_gmt":"2021-09-23T13:25:56","guid":{"rendered":"https:\/\/wpml.org\/documentation-3\/ubersetzen-ihrer-inhalte\/erweiterter-uebersetzungs-editor\/wie-sie-das-glossar-fuer-genaue-uebersetzungen-verwenden\/"},"modified":"2025-11-26T12:57:44","modified_gmt":"2025-11-26T12:57:44","slug":"wie-sie-das-glossar-fuer-genaue-uebersetzungen-verwenden","status":"publish","type":"page","link":"https:\/\/wpml.org\/de\/documentation-3\/ubersetzen-ihrer-inhalte\/erweiterter-uebersetzungs-editor\/wie-sie-das-glossar-fuer-genaue-uebersetzungen-verwenden\/","title":{"rendered":"So verwenden Sie das WPML-Glossar"},"content":{"rendered":"\n<p class=\"lead\">Das WPML-Glossar hilft Ihnen, qualitativ hochwertigere \u00dcbersetzungen zu erhalten, indem Sie festlegen, wie bestimmte W\u00f6rter in verschiedenen Sprachen erscheinen sollen.<\/p>\n\n<h2 class=\"wp-block-heading\" id=\"wpml-glossary\">Was ist das WPML-Glossar?<\/h2>\n\n<p>Das WPML-Glossar ist ein Tool, das die Genauigkeit der <a href=\"https:\/\/wpml.org\/de\/documentation-3\/automatische-uebersetzung-fuer-wordpress-inhalte-mit-wpml\/\">automatischen \u00dcbersetzung<\/a> verbessert, indem es \u00dcbersetzungen f\u00fcr W\u00f6rter festlegt, die mehrere Bedeutungen (oder mehrere m\u00f6gliche \u00dcbersetzungen) haben.<\/p>\n\n<p>Zum Beispiel:<\/p>\n\n<ul class=\"wp-block-list\">\n<li>Der Begriff \u201eVollwertkost\u201c kann sowohl den Bio-Supermarkt (Whole Foods) als auch minimal verarbeitete Lebensmittel bezeichnen.<\/li>\n\n\n\n<li>Im Spanischen kann der WooCommerce-Checkout auf verschiedene Weisen \u00fcbersetzt werden, wie zum Beispiel \u201eP\u00e1gina de pago\u201c, \u201eFinalizar compra\u201c oder \u201eCarrito de compra\u201c.<\/li>\n<\/ul>\n\n<p>Um Verwirrung zu vermeiden, k\u00f6nnen Sie einen Glossareintrag mit der korrekten oder bevorzugten \u00dcbersetzung in verschiedenen Sprachen erstellen.<\/p>\n\n<figure class=\"wp-block-image tb-image tb-image-dynamic tb-image-frame-none\" data-toolset-blocks-image=\"a17398cb3ca9a22d3886cb3b06aac566\"><a href=\"https:\/\/wpml.org\/wp-content\/uploads\/2025\/08\/glossary-terms-examples-scaled-2.png\"><img decoding=\"async\" width=\"2560\" height=\"1496\" loading=\"lazy\" src=\"https:\/\/wpml.org\/wp-content\/uploads\/2025\/08\/glossary-terms-examples-scaled-2.png\" alt=\"\" class=\"wp-image-17327938\" srcset=\"https:\/\/wpml.org\/wp-content\/uploads\/2025\/08\/glossary-terms-examples-scaled-2.png 2560w, https:\/\/wpml.org\/wp-content\/uploads\/2025\/08\/glossary-terms-examples-scaled-2-300x175.png 300w, https:\/\/wpml.org\/wp-content\/uploads\/2025\/08\/glossary-terms-examples-scaled-2-1024x598.png 1024w, https:\/\/wpml.org\/wp-content\/uploads\/2025\/08\/glossary-terms-examples-scaled-2-150x88.png 150w, https:\/\/wpml.org\/wp-content\/uploads\/2025\/08\/glossary-terms-examples-scaled-2-768x449.png 768w, https:\/\/wpml.org\/wp-content\/uploads\/2025\/08\/glossary-terms-examples-scaled-2-1536x898.png 1536w, https:\/\/wpml.org\/wp-content\/uploads\/2025\/08\/glossary-terms-examples-scaled-2-2048x1197.png 2048w\" sizes=\"auto, (max-width: 2560px) 100vw, 2560px\" \/><\/a><figcaption><div class=\"tb-image-caption\">Glossareintr\u00e4ge mit ihren \u00dcbersetzungen in verschiedenen Sprachen<span id=\"docs-internal-guid-882aa6a1-7fff-eb6d-0fd3-04d46d1bc1d0\"><div><span data-darkreader-inline-color=\"\" data-darkreader-inline-bgcolor=\"\" style=\"font-size: 10pt; font-family: Arial, sans-serif; color: rgb(0, 0, 0); background-color: transparent; font-style: italic; font-variant-numeric: normal; font-variant-east-asian: normal; font-variant-alternates: normal; font-variant-position: normal; vertical-align: baseline; --darkreader-inline-color: #efedea; --darkreader-inline-bgcolor: transparent;\"><\/span><\/div><\/span><\/div><\/figcaption><\/figure>\n\n<p>Nach der Erstellung verwenden automatische \u00dcbersetzungsmaschinen den Glossareintrag, um Ihre Begriffe korrekt zu \u00fcbersetzen, und \u00dcbersetzer erhalten w\u00e4hrend der \u00dcbersetzung zus\u00e4tzlichen Kontext.<\/p>\n\n<figure class=\"wp-block-image tb-image tb-image-dynamic tb-image-frame-none\" data-toolset-blocks-image=\"c91036b71ab40c8261b4dba8f61e3361\"><a href=\"https:\/\/wpml.org\/wp-content\/uploads\/2025\/06\/glossary-suggestions-in-ate.png\"><img decoding=\"async\" width=\"2524\" height=\"1124\" loading=\"lazy\" src=\"https:\/\/wpml.org\/wp-content\/uploads\/2025\/06\/glossary-suggestions-in-ate.png\" alt=\"\" class=\"wp-image-17173774\" srcset=\"https:\/\/wpml.org\/wp-content\/uploads\/2025\/06\/glossary-suggestions-in-ate.png 2524w, https:\/\/wpml.org\/wp-content\/uploads\/2025\/06\/glossary-suggestions-in-ate-300x134.png 300w, https:\/\/wpml.org\/wp-content\/uploads\/2025\/06\/glossary-suggestions-in-ate-1024x456.png 1024w, https:\/\/wpml.org\/wp-content\/uploads\/2025\/06\/glossary-suggestions-in-ate-150x67.png 150w, https:\/\/wpml.org\/wp-content\/uploads\/2025\/06\/glossary-suggestions-in-ate-768x342.png 768w, https:\/\/wpml.org\/wp-content\/uploads\/2025\/06\/glossary-suggestions-in-ate-1536x684.png 1536w, https:\/\/wpml.org\/wp-content\/uploads\/2025\/06\/glossary-suggestions-in-ate-2048x912.png 2048w\" sizes=\"auto, (max-width: 2524px) 100vw, 2524px\" \/><\/a><figcaption><div class=\"tb-image-caption\">Der erweiterte \u00dcbersetzungseditor von WPML schl\u00e4gt eine \u00dcbersetzung f\u00fcr einen Glossarbegriff vor<\/div><\/figcaption><\/figure>\n\n<h3 class=\"wp-block-heading\">Das Glossar wird nur von PTC und DeepL unterst\u00fctzt<\/h3>\n\n<p>Die Glossarfunktion von WPML funktioniert bei der \u00dcbersetzung mit PTC und DeepL, jedoch nicht mit den \u00dcbersetzungs-Engines von Google oder Microsoft.<\/p>\n\n<p>Dies liegt daran, dass die verf\u00fcgbaren Methoden zur Integration von WPML-Glossaren mit Google und Microsoft entweder zu komplex sind oder \u00dcbersetzungen von geringerer Qualit\u00e4t liefern.<\/p>\n\n<p>Verwenden Sie das Glossar mit PTC f\u00fcr die besten Ergebnisse. PTC versteht Ihre Website und Inhalte vollst\u00e4ndig, sodass es Glossarbegriffe intelligent anwendet, anstatt nur W\u00f6rter auszutauschen. Au\u00dferdem wird PTC immer Ihr Glossar verwenden, w\u00e4hrend DeepL einen Eintrag m\u00f6glicherweise ignoriert, wenn es ein anderes Wort f\u00fcr geeigneter h\u00e4lt.  <\/p>\n\n<h2 class=\"wp-block-heading\" id=\"create-glossary-entries\">So erstellen Sie Glossareintr\u00e4ge in WPML<\/h2>\n\n<p>Fr\u00fcher gab es zwei Arten von Glossareintr\u00e4gen in WPML: Namen und allgemeine Begriffe. Mit unseren j\u00fcngsten Updates gibt es nur noch eine Art von Eintrag (Namen). Dies macht das Glossar sowohl f\u00fcr Benutzer als auch f\u00fcr die KI einfacher und leichter zu verwalten.  <\/p>\n\n<p>So erstellen Sie Glossareintr\u00e4ge in WPML: <\/p>\n\n<ol class=\"wp-block-list\">\n<li>Gehen Sie zu <strong>WPML <\/strong>\u2192 <strong>\u00dcbersetzungs-Dashboard<\/strong>.<\/li>\n\n\n\n<li>Wechseln Sie zur Registerkarte <strong>\u00dcbersetzungswerkzeuge<\/strong> und w\u00e4hlen Sie <strong>Glossar<\/strong>.<\/li>\n\n\n\n<li>Klicken Sie auf <strong>Glossareintrag hinzuf\u00fcgen<\/strong> und geben Sie Ihren Begriff, Ihre Beschreibung und Ihre \u00dcbersetzungen ein.<\/li>\n<\/ol>\n\n<figure class=\"wp-block-image tb-image tb-image-dynamic tb-image-frame-none\" data-toolset-blocks-image=\"229df1dcc6b5d9b9eb58e348e21f15e0\"><a href=\"https:\/\/wpml.org\/wp-content\/uploads\/2025\/08\/adding-glossary-term.png\"><img decoding=\"async\" width=\"2304\" height=\"1884\" loading=\"lazy\" src=\"https:\/\/wpml.org\/wp-content\/uploads\/2025\/08\/adding-glossary-term.png\" alt=\"\" class=\"wp-image-17328256\" srcset=\"https:\/\/wpml.org\/wp-content\/uploads\/2025\/08\/adding-glossary-term.png 2304w, https:\/\/wpml.org\/wp-content\/uploads\/2025\/08\/adding-glossary-term-300x245.png 300w, https:\/\/wpml.org\/wp-content\/uploads\/2025\/08\/adding-glossary-term-1024x837.png 1024w, https:\/\/wpml.org\/wp-content\/uploads\/2025\/08\/adding-glossary-term-150x123.png 150w, https:\/\/wpml.org\/wp-content\/uploads\/2025\/08\/adding-glossary-term-768x628.png 768w, https:\/\/wpml.org\/wp-content\/uploads\/2025\/08\/adding-glossary-term-1536x1256.png 1536w, https:\/\/wpml.org\/wp-content\/uploads\/2025\/08\/adding-glossary-term-2048x1675.png 2048w\" sizes=\"auto, (max-width: 2304px) 100vw, 2304px\" \/><\/a><figcaption><div class=\"tb-image-caption\">Einen neuen Glossareintrag in WPML hinzuf\u00fcgen<span id=\"docs-internal-guid-b6ce8840-7fff-cecd-0c3a-26c7af9dc3e7\"><div><span data-darkreader-inline-color=\"\" data-darkreader-inline-bgcolor=\"\" style=\"font-size: 10pt; font-family: Arial, sans-serif; color: rgb(0, 0, 0); background-color: transparent; font-style: italic; font-variant-numeric: normal; font-variant-east-asian: normal; font-variant-alternates: normal; font-variant-position: normal; vertical-align: baseline; --darkreader-inline-color: #efedea; --darkreader-inline-bgcolor: transparent;\"><\/span><\/div><\/span><\/div><\/figcaption><\/figure>\n\n<h2 class=\"wp-block-heading\">Bew\u00e4hrte Methoden zum Hinzuf\u00fcgen von Begriffen zu Ihrem Glossar<\/h2>\n\n<p>Bevor Sie Begriffe zum WPML-Glossar hinzuf\u00fcgen, beachten Sie diese Richtlinien:<\/p>\n\n<ul class=\"wp-block-list\">\n<li><strong>F\u00fcgen Sie nur kritische Begriffe hinzu<\/strong><br\/>Vermeiden Sie die \u00fcberm\u00e4\u00dfige Verwendung des Glossars, um unn\u00f6tige Begriffe zu definieren. Nehmen Sie nur Begriffe auf, bei denen sowohl menschliche als auch KI-\u00dcbersetzer Schwierigkeiten haben k\u00f6nnten, sie korrekt zu \u00fcbersetzen, z. B. W\u00f6rter mit mehreren Bedeutungen. <\/li>\n\n\n\n<li><strong><strong>Halten Sie die Begriffe einfach<\/strong><\/strong><br\/>Geben Sie die Begriffe genau so ein, wie sie in den \u00dcbersetzungen erscheinen sollen. F\u00fcgen Sie keine zus\u00e4tzlichen Informationen wie Text in Klammern hinzu, es sei denn, er ist Teil des Begriffs selbst. <\/li>\n\n\n\n<li><strong>Vermeiden Sie Duplikate<\/strong><br\/>Stellen Sie sicher, dass jeder Begriff eindeutig ist. Doppelte Eintr\u00e4ge k\u00f6nnen Probleme bei der KI-\u00dcbersetzung verursachen. <\/li>\n<\/ul>\n\n<h2 class=\"wp-block-heading\" id=\"importing-glossary-terms\">Massenimport von Glossarbegriffen mittels CSV-Dateien<\/h2>\n\n<p>WPML erm\u00f6glicht Ihnen den einfachen Import (und Export) Ihrer Glossarbegriffe mithilfe von CSV-Dateien. Dieser Ansatz kann Ihnen Zeit sparen, indem Sie viele Begriffe auf einmal importieren, und Ihre Organisation optimieren, indem Sie alle Begriffe an einem Ort haben. <\/p>\n\n<p>So importieren Sie Glossarbegriffe:<\/p>\n\n<ol class=\"wp-block-list\">\n<li>Gehen Sie zu <strong>WPML <\/strong>\u2192 <strong>\u00dcbersetzungs-Dashboard<\/strong>.<\/li>\n\n\n\n<li>Wechseln Sie zur Registerkarte <strong>\u00dcbersetzungswerkzeuge<\/strong> und w\u00e4hlen Sie <strong>Glossar<\/strong>.<\/li>\n\n\n\n<li>Klicken Sie auf <strong>Glossar importieren<\/strong>, um eine CSV-Datei hochzuladen.<\/li>\n<\/ol>\n\n<p>Sie k\u00f6nnen auch auf <strong>Glossar exportieren<\/strong> klicken, um die Begriffe in einer CSV-Datei herunterzuladen.<\/p>\n\n<figure class=\"wp-block-image tb-image tb-image-dynamic tb-image-frame-none\" data-toolset-blocks-image=\"8dd51b56b69c117e70942a2c8be6c1ac\"><a href=\"https:\/\/wpml.org\/wp-content\/uploads\/2025\/08\/import-glossary-scaled-2.png\"><img decoding=\"async\" width=\"2560\" height=\"1498\" loading=\"lazy\" src=\"https:\/\/wpml.org\/wp-content\/uploads\/2025\/08\/import-glossary-scaled-2.png\" alt=\"\" class=\"wp-image-17327924\" srcset=\"https:\/\/wpml.org\/wp-content\/uploads\/2025\/08\/import-glossary-scaled-2.png 2560w, https:\/\/wpml.org\/wp-content\/uploads\/2025\/08\/import-glossary-scaled-2-300x176.png 300w, https:\/\/wpml.org\/wp-content\/uploads\/2025\/08\/import-glossary-scaled-2-1024x599.png 1024w, https:\/\/wpml.org\/wp-content\/uploads\/2025\/08\/import-glossary-scaled-2-150x88.png 150w, https:\/\/wpml.org\/wp-content\/uploads\/2025\/08\/import-glossary-scaled-2-768x449.png 768w, https:\/\/wpml.org\/wp-content\/uploads\/2025\/08\/import-glossary-scaled-2-1536x899.png 1536w, https:\/\/wpml.org\/wp-content\/uploads\/2025\/08\/import-glossary-scaled-2-2048x1198.png 2048w\" sizes=\"auto, (max-width: 2560px) 100vw, 2560px\" \/><\/a><figcaption><div class=\"tb-image-caption\">Importieren Ihres Glossars \u00fcber eine CSV-Datei<\/div><\/figcaption><\/figure>\n\n<h2 class=\"wp-block-heading\" id=\"updating-translations\">Aktualisierung von \u00dcbersetzungen nach \u00c4nderung von Glossareintr\u00e4gen<\/h2>\n\n<p>Wann immer Sie Glossarbegriffe erstellen oder aktualisieren, m\u00fcssen Sie \u00dcbersetzungen aktualisieren, die diese Begriffe enthalten. Um alle notwendigen \u00dcbersetzungen automatisch zu aktualisieren, gehen Sie zur Registerkarte <strong>Glossar<\/strong> und klicken Sie auf <strong>Bestehende \u00dcbersetzungen aktualisieren<\/strong>. <\/p>\n<div class=\"wp-block-image\">\n<figure class=\" tb-image tb-image-dynamic tb-image-frame-none aligncenter\" data-toolset-blocks-image=\"b89ba22f6df4feb5c30facaaa557472f\"><a href=\"https:\/\/wpml.org\/wp-content\/uploads\/2025\/06\/update-existing-translations-for-glossary-terms-scaled.png\"><img decoding=\"async\" width=\"2560\" height=\"1082\" loading=\"lazy\" src=\"https:\/\/wpml.org\/wp-content\/uploads\/2025\/06\/update-existing-translations-for-glossary-terms-scaled.png\" alt=\"\" class=\"wp-image-17173846\" srcset=\"https:\/\/wpml.org\/wp-content\/uploads\/2025\/06\/update-existing-translations-for-glossary-terms-scaled.png 2560w, https:\/\/wpml.org\/wp-content\/uploads\/2025\/06\/update-existing-translations-for-glossary-terms-300x127.png 300w, https:\/\/wpml.org\/wp-content\/uploads\/2025\/06\/update-existing-translations-for-glossary-terms-1024x433.png 1024w, https:\/\/wpml.org\/wp-content\/uploads\/2025\/06\/update-existing-translations-for-glossary-terms-150x63.png 150w, https:\/\/wpml.org\/wp-content\/uploads\/2025\/06\/update-existing-translations-for-glossary-terms-768x325.png 768w, https:\/\/wpml.org\/wp-content\/uploads\/2025\/06\/update-existing-translations-for-glossary-terms-1536x649.png 1536w, https:\/\/wpml.org\/wp-content\/uploads\/2025\/06\/update-existing-translations-for-glossary-terms-2048x865.png 2048w\" sizes=\"auto, (max-width: 2560px) 100vw, 2560px\" \/><\/a><figcaption><div class=\"tb-image-caption\">Klicken auf die Schaltfl\u00e4che &#8218;bestehende \u00dcbersetzungen aktualisieren&#8216;<\/div><\/figcaption><\/figure>\n<\/div>\n<p>WPML wird \u00dcbersetzungen nun automatisch aktualisieren, ohne Credits zu verbrauchen. Das Abschlie\u00dfen dieses Vorgangs kann einige Minuten dauern, klicken Sie den Button also nicht erneut, wenn Sie keine sofortigen \u00c4nderungen sehen. <\/p>\n\n<p>Standardm\u00e4\u00dfig kann diese Funktion nur \u00dcbersetzungen aktualisieren, die in den letzten 30 Tagen erstellt wurden. Um Glossarbegriffe in \u00e4lteren \u00dcbersetzungen zu aktualisieren, senden Sie Ihre Inhalte erneut zur \u00dcbersetzung \u00fcber <g id=\"gid_0\">WPML <\/g>\u2192 <g id=\"gid_1\">Translation Dashboard<\/g>. Beachten Sie, dass diese \u00dcbersetzungsmethode Credits verbraucht.  <\/p>\n\n<p><\/p>\n","protected":false},"excerpt":{"rendered":"<p>Das WPML-Glossar hilft Ihnen, qualitativ hochwertigere \u00dcbersetzungen zu erhalten, indem Sie festlegen, wie bestimmte W\u00f6rter in verschiedenen Sprachen erscheinen sollen. Was ist das WPML-Glossar? Das WPML-Glossar ist ein Tool, das die Genauigkeit der automatischen \u00dcbersetzung verbessert, indem es \u00dcbersetzungen f\u00fcr W\u00f6rter festlegt, die mehrere Bedeutungen (oder mehrere m\u00f6gliche \u00dcbersetzungen) haben. Zum Beispiel: Um Verwirrung zu [&hellip;]<\/p>\n","protected":false},"author":777903,"featured_media":0,"parent":5209685,"menu_order":0,"comment_status":"closed","ping_status":"closed","template":"template-sidebar-2.php","meta":{"_bbp_topic_count":0,"_bbp_reply_count":0,"_bbp_total_topic_count":0,"_bbp_total_reply_count":0,"_bbp_voice_count":0,"_bbp_anonymous_reply_count":0,"_bbp_topic_count_hidden":0,"_bbp_reply_count_hidden":0,"_bbp_forum_subforum_count":0,"_uag_custom_page_level_css":"","ep_exclude_from_search":false,"footnotes":""},"related-projects-category":[],"class_list":["post-15990734","page","type-page","status-publish","hentry"],"spectra_custom_meta":{"_subscription_coupon_product_id":["0"],"_wpv_contains_gutenberg_views":[""],"_alp_processed":["1764161864"],"wpcf-unformatted-code":[""],"_wpml_media_duplicate":["1"],"_wpml_media_featured":["1"],"toolset_post_editor_mode":["block"],"wpcf-price-increase-show-from":[""],"wpcf-price-increase-show-till":[""],"_wp_page_template":["template-sidebar-2.php"],"_last_translation_edit_mode":["translation-editor"],"_wpml_word_count":["909"],"cmplz_hide_cookiebanner":[""],"wpcf-price-increase-content":[""],"wpcf-login-box-title":[""],"wpcf-page-content":[""],"_yoast_wpseo_primary_related-projects-category":[""],"_yoast_wpseo_metadesc":["Das WPML-Glossar erm\u00f6glicht es Ihnen, bessere \u00dcbersetzungen zu erstellen, indem Sie festlegen, wie bestimmte W\u00f6rter in den \u00dcbersetzungen Ihrer Website erscheinen sollen."],"_uag_css_file_name":["uag-css-15990734.css"],"_uag_page_assets":["a:9:{s:3:\"css\";s:0:\"\";s:2:\"js\";s:0:\"\";s:18:\"current_block_list\";a:6:{i:0;s:14:\"core\/paragraph\";i:1;s:12:\"core\/heading\";i:2;s:9:\"core\/list\";i:3;s:14:\"core\/list-item\";i:4;s:20:\"toolset-blocks\/image\";i:5;s:14:\"core\/shortcode\";}s:8:\"uag_flag\";b:0;s:11:\"uag_version\";s:10:\"1778909682\";s:6:\"gfonts\";a:0:{}s:10:\"gfonts_url\";s:0:\"\";s:12:\"gfonts_files\";a:0:{}s:14:\"uag_faq_layout\";b:0;}"]},"uagb_featured_image_src":{"full":false,"thumbnail":false,"medium":false,"medium_large":false,"large":false,"1536x1536":false,"2048x2048":false,"gform-image-choice-sm":false,"gform-image-choice-md":false,"gform-image-choice-lg":false,"woocommerce_thumbnail":false,"woocommerce_single":false,"woocommerce_gallery_thumbnail":false},"uagb_author_info":{"display_name":"Nikoletta","author_link":"https:\/\/wpml.org\/de\/author\/nikoletta-b\/"},"uagb_comment_info":0,"uagb_excerpt":"Das WPML-Glossar hilft Ihnen, qualitativ hochwertigere \u00dcbersetzungen zu erhalten, indem Sie festlegen, wie bestimmte W\u00f6rter in verschiedenen Sprachen erscheinen sollen. Was ist das WPML-Glossar? Das WPML-Glossar ist ein Tool, das die Genauigkeit der automatischen \u00dcbersetzung verbessert, indem es \u00dcbersetzungen f\u00fcr W\u00f6rter festlegt, die mehrere Bedeutungen (oder mehrere m\u00f6gliche \u00dcbersetzungen) haben. Zum Beispiel: Um Verwirrung zu&hellip;","_links":{"self":[{"href":"https:\/\/wpml.org\/de\/wp-json\/wp\/v2\/pages\/15990734","targetHints":{"allow":["GET"]}}],"collection":[{"href":"https:\/\/wpml.org\/de\/wp-json\/wp\/v2\/pages"}],"about":[{"href":"https:\/\/wpml.org\/de\/wp-json\/wp\/v2\/types\/page"}],"author":[{"embeddable":true,"href":"https:\/\/wpml.org\/de\/wp-json\/wp\/v2\/users\/777903"}],"replies":[{"embeddable":true,"href":"https:\/\/wpml.org\/de\/wp-json\/wp\/v2\/comments?post=15990734"}],"version-history":[{"count":8,"href":"https:\/\/wpml.org\/de\/wp-json\/wp\/v2\/pages\/15990734\/revisions"}],"predecessor-version":[{"id":17612060,"href":"https:\/\/wpml.org\/de\/wp-json\/wp\/v2\/pages\/15990734\/revisions\/17612060"}],"up":[{"embeddable":true,"href":"https:\/\/wpml.org\/de\/wp-json\/wp\/v2\/pages\/5209685"}],"wp:attachment":[{"href":"https:\/\/wpml.org\/de\/wp-json\/wp\/v2\/media?parent=15990734"}],"wp:term":[{"taxonomy":"related-projects-category","embeddable":true,"href":"https:\/\/wpml.org\/de\/wp-json\/wp\/v2\/related-projects-category?post=15990734"}],"curies":[{"name":"wp","href":"https:\/\/api.w.org\/{rel}","templated":true}]}}