{"id":15990767,"date":"2024-04-16T14:44:19","date_gmt":"2024-04-16T14:44:19","guid":{"rendered":"https:\/\/wpml.org\/documentation-3\/ratgeber-zum-loslegen\/verwendung-der-wpml-plus-symbole-zur-uebersetzung-von-inhalten\/"},"modified":"2024-07-23T07:24:58","modified_gmt":"2024-07-23T07:24:58","slug":"verwendung-der-wpml-plus-symbole-zur-uebersetzung-von-inhalten","status":"publish","type":"page","link":"https:\/\/wpml.org\/de\/documentation-3\/ratgeber-zum-loslegen\/verwendung-der-wpml-plus-symbole-zur-uebersetzung-von-inhalten\/","title":{"rendered":"Verwendung der WPML-Plus-Symbole zur \u00dcbersetzung von Inhalten"},"content":{"rendered":"\n<p class=\"lead\">Wenn Sie ein Mehrsprachiger Blog-Konto haben, m\u00fcssen Sie die Plus-Symbole zur \u00dcbersetzung verwenden.\nDiese Symbole erscheinen auf den Listenseiten im Admin-Bereich und beim Bearbeiten von Inhalten. <\/p>\n\n<h2 class=\"wp-block-heading\">Wie man Inhalte mit den Plus-Symbolen \u00fcbersetzt <\/h2>\n\n<p>Sie k\u00f6nnen Inhalte an zwei Stellen mit den Plus-Symbolen \u00fcbersetzen: Admin-Bildschirm oder Block-Editor.\nUm Inhalte zu \u00fcbersetzen: <\/p>\n\n<ol class=\"wp-block-list\">\n<li>Klicken Sie auf das <strong>Plus<\/strong>-Symbol f\u00fcr die Sprache, in die Sie \u00fcbersetzen m\u00f6chten. <\/li>\n<\/ol>\n\n<div class=\"wp-block-toolset-blocks-grid tb-grid\" data-toolset-blocks-grid=\"3d9c399fe625e1b972f817a0680229f6\">\n<div class=\"wp-block-toolset-blocks-grid-column tb-grid-column tb-grid-align-top\" data-toolset-blocks-grid-column=\"3034fbe886c11054e95b46b09d3e4112\">\n<figure class=\"wp-block-image tb-image tb-image-dynamic tb-image-frame-none\" data-toolset-blocks-image=\"2f115c8fd8e5e0cda10546288e45f865\"><a href=\"https:\/\/wpml.org\/wp-content\/uploads\/2024\/05\/Clicking-plus-icon-in-listing-screen.png\"><img decoding=\"async\" width=\"1024\" height=\"553\" loading=\"lazy\" src=\"https:\/\/wpml.org\/wp-content\/uploads\/2024\/05\/Clicking-plus-icon-in-listing-screen-1024x553.png\" alt=\"Clicking plus icon in listing screen\" class=\"wp-image-15608571\" srcset=\"https:\/\/wpml.org\/wp-content\/uploads\/2024\/05\/Clicking-plus-icon-in-listing-screen-1024x553.png 1024w, https:\/\/wpml.org\/wp-content\/uploads\/2024\/05\/Clicking-plus-icon-in-listing-screen-300x162.png 300w, https:\/\/wpml.org\/wp-content\/uploads\/2024\/05\/Clicking-plus-icon-in-listing-screen-150x81.png 150w, https:\/\/wpml.org\/wp-content\/uploads\/2024\/05\/Clicking-plus-icon-in-listing-screen-768x415.png 768w, https:\/\/wpml.org\/wp-content\/uploads\/2024\/05\/Clicking-plus-icon-in-listing-screen-1536x829.png 1536w, https:\/\/wpml.org\/wp-content\/uploads\/2024\/05\/Clicking-plus-icon-in-listing-screen.png 1660w\" sizes=\"auto, (max-width: 1024px) 100vw, 1024px\" \/><\/a><figcaption><div class=\"tb-image-caption\">Klicken auf das Plus-Symbol im Admin-Bildschirm<\/div><\/figcaption><\/figure>\n<\/div>\n\n\n\n<div class=\"wp-block-toolset-blocks-grid-column tb-grid-column tb-grid-align-top\" data-toolset-blocks-grid-column=\"3034fbe886c11054e95b46b09d3e4112\">\n<figure class=\"wp-block-image tb-image tb-image-dynamic tb-image-frame-none\" data-toolset-blocks-image=\"64f69c6f95222233407de438a3478a4e\"><a href=\"https:\/\/wpml.org\/wp-content\/uploads\/2024\/05\/clicking-plus-icon-in-Block-Editor.png\"><img decoding=\"async\" width=\"1024\" height=\"569\" loading=\"lazy\" src=\"https:\/\/wpml.org\/wp-content\/uploads\/2024\/05\/clicking-plus-icon-in-Block-Editor-1024x569.png\" alt=\"Clicking plus icon in Block Editor\" class=\"wp-image-15608488\" srcset=\"https:\/\/wpml.org\/wp-content\/uploads\/2024\/05\/clicking-plus-icon-in-Block-Editor-1024x569.png 1024w, https:\/\/wpml.org\/wp-content\/uploads\/2024\/05\/clicking-plus-icon-in-Block-Editor-300x167.png 300w, https:\/\/wpml.org\/wp-content\/uploads\/2024\/05\/clicking-plus-icon-in-Block-Editor-150x83.png 150w, https:\/\/wpml.org\/wp-content\/uploads\/2024\/05\/clicking-plus-icon-in-Block-Editor-768x426.png 768w, https:\/\/wpml.org\/wp-content\/uploads\/2024\/05\/clicking-plus-icon-in-Block-Editor-1536x853.png 1536w, https:\/\/wpml.org\/wp-content\/uploads\/2024\/05\/clicking-plus-icon-in-Block-Editor.png 1637w\" sizes=\"auto, (max-width: 1024px) 100vw, 1024px\" \/><\/a><figcaption><div class=\"tb-image-caption\">Klicken auf das Plus-Symbol im Block-Editor<\/div><\/figcaption><\/figure>\n<\/div>\n<\/div>\n\n<ol class=\"wp-block-list\" start=\"2\">\n<li>Dies \u00f6ffnet eine leere Seite.\nUm eine v\u00f6llig andere \u00dcbersetzung zu erstellen, f\u00fcgen Sie einfach Ihren Text auf der Seite hinzu.\nWenn Sie mit dem Originalinhalt beginnen und \u00c4nderungen vornehmen m\u00f6chten, klicken Sie auf <strong>Inhalt kopieren von [default language]<\/strong>.   <\/li>\n<\/ol>\n\n<figure class=\"wp-block-image tb-image tb-image-dynamic tb-image-frame-none\" data-toolset-blocks-image=\"ce2a153bf5073b232f234cd550e8fa7b\"><a href=\"https:\/\/wpml.org\/wp-content\/uploads\/2024\/05\/Translating-page-into-French.png\"><img decoding=\"async\" width=\"1024\" height=\"540\" loading=\"lazy\" src=\"https:\/\/wpml.org\/wp-content\/uploads\/2024\/05\/Translating-page-into-French-1024x540.png\" alt=\"Translating page\" class=\"wp-image-15608647\" srcset=\"https:\/\/wpml.org\/wp-content\/uploads\/2024\/05\/Translating-page-into-French-1024x540.png 1024w, https:\/\/wpml.org\/wp-content\/uploads\/2024\/05\/Translating-page-into-French-300x158.png 300w, https:\/\/wpml.org\/wp-content\/uploads\/2024\/05\/Translating-page-into-French-150x79.png 150w, https:\/\/wpml.org\/wp-content\/uploads\/2024\/05\/Translating-page-into-French-768x405.png 768w, https:\/\/wpml.org\/wp-content\/uploads\/2024\/05\/Translating-page-into-French-1536x810.png 1536w, https:\/\/wpml.org\/wp-content\/uploads\/2024\/05\/Translating-page-into-French.png 1636w\" sizes=\"auto, (max-width: 1024px) 100vw, 1024px\" \/><\/a><figcaption><div class=\"tb-image-caption\">Kopieren des Inhalts aus der Standardsprache<\/div><\/figcaption><\/figure>\n\n<ol class=\"wp-block-list\" start=\"3\">\n<li>Sobald Sie die \u00dcbersetzungen hinzugef\u00fcgt haben, klicken Sie auf <strong>Ver\u00f6ffentlichen<\/strong>.\nIhre \u00dcbersetzungen werden nun auf Ihrer Website angezeigt, wenn Sie die Sprache wechseln.  <\/li>\n<\/ol>\n\n<div class=\"wp-block-toolset-blocks-grid tb-grid\" data-toolset-blocks-grid=\"3d9c399fe625e1b972f817a0680229f6\">\n<div class=\"wp-block-toolset-blocks-grid-column tb-grid-column tb-grid-align-top\" data-toolset-blocks-grid-column=\"3034fbe886c11054e95b46b09d3e4112\">\n<figure class=\"wp-block-image tb-image tb-image-dynamic tb-image-frame-none\" data-toolset-blocks-image=\"22c8fbbb5e2d7ad661b741e07cfd2257\"><a href=\"https:\/\/wpml.org\/wp-content\/uploads\/2024\/05\/contact-us-english-1.png\"><img decoding=\"async\" width=\"1024\" height=\"595\" loading=\"lazy\" src=\"https:\/\/wpml.org\/wp-content\/uploads\/2024\/05\/contact-us-english-1-1024x595.png\" alt=\"Contact page in English\" class=\"wp-image-15608711\" srcset=\"https:\/\/wpml.org\/wp-content\/uploads\/2024\/05\/contact-us-english-1-1024x595.png 1024w, https:\/\/wpml.org\/wp-content\/uploads\/2024\/05\/contact-us-english-1-300x174.png 300w, https:\/\/wpml.org\/wp-content\/uploads\/2024\/05\/contact-us-english-1-150x87.png 150w, https:\/\/wpml.org\/wp-content\/uploads\/2024\/05\/contact-us-english-1-768x446.png 768w, https:\/\/wpml.org\/wp-content\/uploads\/2024\/05\/contact-us-english-1.png 1076w\" sizes=\"auto, (max-width: 1024px) 100vw, 1024px\" \/><\/a><figcaption><div class=\"tb-image-caption\">Kontaktseite auf Englisch<\/div><\/figcaption><\/figure>\n<\/div>\n\n\n\n<div class=\"wp-block-toolset-blocks-grid-column tb-grid-column tb-grid-align-top\" data-toolset-blocks-grid-column=\"3034fbe886c11054e95b46b09d3e4112\">\n<figure class=\"wp-block-image tb-image tb-image-dynamic tb-image-frame-none\" data-toolset-blocks-image=\"21318bb96089fd72f1c2aa9d4c90268f\"><a href=\"https:\/\/wpml.org\/wp-content\/uploads\/2024\/05\/contact-us-French.png\"><img decoding=\"async\" width=\"1024\" height=\"626\" loading=\"lazy\" src=\"https:\/\/wpml.org\/wp-content\/uploads\/2024\/05\/contact-us-French-1024x626.png\" alt=\"Contact page in French\" class=\"wp-image-15608697\" srcset=\"https:\/\/wpml.org\/wp-content\/uploads\/2024\/05\/contact-us-French-1024x626.png 1024w, https:\/\/wpml.org\/wp-content\/uploads\/2024\/05\/contact-us-French-300x183.png 300w, https:\/\/wpml.org\/wp-content\/uploads\/2024\/05\/contact-us-French-150x92.png 150w, https:\/\/wpml.org\/wp-content\/uploads\/2024\/05\/contact-us-French-768x470.png 768w, https:\/\/wpml.org\/wp-content\/uploads\/2024\/05\/contact-us-French.png 1076w\" sizes=\"auto, (max-width: 1024px) 100vw, 1024px\" \/><\/a><figcaption><div class=\"tb-image-caption\">Kontaktseite auf Franz\u00f6sisch<\/div><\/figcaption><\/figure>\n<\/div>\n<\/div>\n\n<p>Wenn Sie Ihre \u00dcbersetzungen bearbeiten m\u00f6chten, klicken Sie auf das <strong>Stift<\/strong>-Symbol im Admin-Bildschirm. <\/p>\n\n<figure class=\"wp-block-image tb-image tb-image-dynamic tb-image-frame-none\" data-toolset-blocks-image=\"53d4d5629653bdc1001427246805db33\"><a href=\"https:\/\/wpml.org\/wp-content\/uploads\/2024\/05\/Editing-translation-in-listing-screen.png\"><img decoding=\"async\" width=\"1024\" height=\"553\" loading=\"lazy\" src=\"https:\/\/wpml.org\/wp-content\/uploads\/2024\/05\/Editing-translation-in-listing-screen-1024x553.png\" alt=\"Editing translation in listing screen\" class=\"wp-image-15608603\" srcset=\"https:\/\/wpml.org\/wp-content\/uploads\/2024\/05\/Editing-translation-in-listing-screen-1024x553.png 1024w, https:\/\/wpml.org\/wp-content\/uploads\/2024\/05\/Editing-translation-in-listing-screen-300x162.png 300w, https:\/\/wpml.org\/wp-content\/uploads\/2024\/05\/Editing-translation-in-listing-screen-150x81.png 150w, https:\/\/wpml.org\/wp-content\/uploads\/2024\/05\/Editing-translation-in-listing-screen-768x415.png 768w, https:\/\/wpml.org\/wp-content\/uploads\/2024\/05\/Editing-translation-in-listing-screen-1536x829.png 1536w, https:\/\/wpml.org\/wp-content\/uploads\/2024\/05\/Editing-translation-in-listing-screen.png 1660w\" sizes=\"auto, (max-width: 1024px) 100vw, 1024px\" \/><\/a><figcaption><div class=\"tb-image-caption\">Bearbeiten der \u00dcbersetzung im Admin-Bildschirm<\/div><\/figcaption><\/figure>\n\n<h2 class=\"wp-block-heading\">Suchen Sie nach zentralisiertem \u00dcbersetzungsmanagement und automatischer \u00dcbersetzung?<\/h2>\n\n<p>Wenn Sie ein Mehrsprachiger Blog-Konto haben, verpassen Sie die \u00dcbersetzungsmanagement-Funktion.\nEs bietet ein Dashboard, in dem Sie alle \u00dcbersetzungen Ihrer Website verwalten k\u00f6nnen: <\/p>\n\n<ul class=\"wp-block-list\">\n<li>W\u00e4hlen Sie die beste \u00dcbersetzungsmethode f\u00fcr jeden Teil Ihrer Website<\/li>\n\n\n\n<li>Inhalte zur \u00dcbersetzung senden<\/li>\n\n\n\n<li>\u00dcbersetzungsfortschritt \u00fcber Sprachen hinweg verfolgen<\/li>\n<\/ul>\n\n<p>Und mehr.<\/p>\n\n<p>Das Upgrade Ihres Mehrsprachiger Blog-Kontos ist einfach:<\/p>\n\n<ol class=\"wp-block-list\">\n<li>Gehen Sie zu <a href=\"https:\/\/wpml.org\/de\/account\/\">Ihrem WPML-Konto<\/a> und klicken Sie auf den <strong>Upgrade-Optionen<\/strong>-Link in der Seitenleiste. <\/li>\n\n\n\n<li>Klicken Sie, ob Sie auf ein Mehrsprachiges CMS- oder Mehrsprachige Agentur-Konto upgraden m\u00f6chten.\nIn beiden F\u00e4llen zahlen Sie nur die Preisdifferenz zwischen Ihrem Mehrsprachiger Blog-Konto und dem neuen Kontotyp, den Sie w\u00e4hlen. <\/li>\n<\/ol>\n\n<figure class=\"wp-block-image tb-image tb-image-dynamic tb-image-frame-none\" data-toolset-blocks-image=\"9c605095dab62ab99440483419664ea1\"><a href=\"https:\/\/wpml.org\/wp-content\/uploads\/2024\/04\/blog-upgrade-proportions-arrow-1.png\"><img decoding=\"async\" width=\"1648\" height=\"1026\" loading=\"lazy\" src=\"https:\/\/wpml.org\/wp-content\/uploads\/2024\/04\/blog-upgrade-proportions-arrow-1.png\" alt=\"\" class=\"wp-image-15526035\" srcset=\"https:\/\/wpml.org\/wp-content\/uploads\/2024\/04\/blog-upgrade-proportions-arrow-1.png 1648w, https:\/\/wpml.org\/wp-content\/uploads\/2024\/04\/blog-upgrade-proportions-arrow-1-300x187.png 300w, https:\/\/wpml.org\/wp-content\/uploads\/2024\/04\/blog-upgrade-proportions-arrow-1-1024x638.png 1024w, https:\/\/wpml.org\/wp-content\/uploads\/2024\/04\/blog-upgrade-proportions-arrow-1-150x93.png 150w, https:\/\/wpml.org\/wp-content\/uploads\/2024\/04\/blog-upgrade-proportions-arrow-1-768x478.png 768w, https:\/\/wpml.org\/wp-content\/uploads\/2024\/04\/blog-upgrade-proportions-arrow-1-1536x956.png 1536w\" sizes=\"auto, (max-width: 1648px) 100vw, 1648px\" \/><\/a><figcaption><div class=\"tb-image-caption\">Upgrade eines Mehrsprachiger Blog-Kontos zu einem erm\u00e4\u00dfigten Preis<\/div><\/figcaption><\/figure>\n","protected":false},"excerpt":{"rendered":"<p>Wenn Sie ein Mehrsprachiger Blog-Konto haben, m\u00fcssen Sie die Plus-Symbole zur \u00dcbersetzung verwenden. Diese Symbole erscheinen auf den Listenseiten im Admin-Bereich und beim Bearbeiten von Inhalten. Wie man Inhalte mit den Plus-Symbolen \u00fcbersetzt Sie k\u00f6nnen Inhalte an zwei Stellen mit den Plus-Symbolen \u00fcbersetzen: Admin-Bildschirm oder Block-Editor. Um Inhalte zu \u00fcbersetzen: Wenn Sie Ihre \u00dcbersetzungen bearbeiten [&hellip;]<\/p>\n","protected":false},"author":748550,"featured_media":0,"parent":1262,"menu_order":76,"comment_status":"closed","ping_status":"closed","template":"template-nosidebar-centered.php","meta":{"_bbp_topic_count":0,"_bbp_reply_count":0,"_bbp_total_topic_count":0,"_bbp_total_reply_count":0,"_bbp_voice_count":0,"_bbp_anonymous_reply_count":0,"_bbp_topic_count_hidden":0,"_bbp_reply_count_hidden":0,"_bbp_forum_subforum_count":0,"ep_exclude_from_search":false,"footnotes":""},"related-projects-category":[],"class_list":["post-15990767","page","type-page","status-publish","hentry"],"_links":{"self":[{"href":"https:\/\/wpml.org\/de\/wp-json\/wp\/v2\/pages\/15990767","targetHints":{"allow":["GET"]}}],"collection":[{"href":"https:\/\/wpml.org\/de\/wp-json\/wp\/v2\/pages"}],"about":[{"href":"https:\/\/wpml.org\/de\/wp-json\/wp\/v2\/types\/page"}],"author":[{"embeddable":true,"href":"https:\/\/wpml.org\/de\/wp-json\/wp\/v2\/users\/748550"}],"replies":[{"embeddable":true,"href":"https:\/\/wpml.org\/de\/wp-json\/wp\/v2\/comments?post=15990767"}],"version-history":[{"count":2,"href":"https:\/\/wpml.org\/de\/wp-json\/wp\/v2\/pages\/15990767\/revisions"}],"predecessor-version":[{"id":15990772,"href":"https:\/\/wpml.org\/de\/wp-json\/wp\/v2\/pages\/15990767\/revisions\/15990772"}],"up":[{"embeddable":true,"href":"https:\/\/wpml.org\/de\/wp-json\/wp\/v2\/pages\/1262"}],"wp:attachment":[{"href":"https:\/\/wpml.org\/de\/wp-json\/wp\/v2\/media?parent=15990767"}],"wp:term":[{"taxonomy":"related-projects-category","embeddable":true,"href":"https:\/\/wpml.org\/de\/wp-json\/wp\/v2\/related-projects-category?post=15990767"}],"curies":[{"name":"wp","href":"https:\/\/api.w.org\/{rel}","templated":true}]}}