{"id":17014890,"date":"2022-10-13T05:23:29","date_gmt":"2022-10-13T05:23:29","guid":{"rendered":"https:\/\/wpml.org\/documentation-3\/automatische-uebersetzung-fuer-wordpress-inhalte-mit-wpml\/uebersetzen-sie-ihre-wordpress-website-mit-microsoft-translator\/"},"modified":"2026-04-20T11:43:16","modified_gmt":"2026-04-20T11:43:16","slug":"uebersetzen-sie-ihre-wordpress-website-mit-microsoft-translator","status":"publish","type":"page","link":"https:\/\/wpml.org\/de\/documentation-3\/automatische-uebersetzung-fuer-wordpress-inhalte-mit-wpml\/uebersetzen-sie-ihre-wordpress-website-mit-microsoft-translator\/","title":{"rendered":"\u00dcbersetzen Sie Ihre WordPress-Website mit Microsoft Translator"},"content":{"rendered":"\n<p class=\"lead\">\u00dcbersetzen Sie Ihre WordPress-Website automatisch mit Microsoft Translator und WPML. Greifen Sie auf \u00fcber 130 Sprachen zu einigen der niedrigsten derzeit verf\u00fcgbaren \u00dcbersetzungskosten zu. <\/p>\n\n<h2 class=\"wp-block-heading\">Was ist Microsoft Translator?<\/h2>\n\n<p>Microsoft Translator (auch bekannt als Azure Translator) ist eine der kosteneffizientesten Engines f\u00fcr maschinelle \u00dcbersetzung, die in WPML verf\u00fcgbar sind. Mit Microsoft Translator k\u00f6nnen Sie Ihre WordPress-Website in mehr als <a href=\"https:\/\/ate.wpml.org\/mt_langs?_gl=1*1pjo6kq*_gcl_au*NzQ5NTQwNzYzLjE3NjkwNzE0OTIuODEyNTk5MDQ5LjE3NzYzNDQ4MDcuMTc3NjM0OTAyNw\" type=\"link\" id=\"https:\/\/ate.wpml.org\/mt_langs?_gl=1*1pjo6kq*_gcl_au*NzQ5NTQwNzYzLjE3NjkwNzE0OTIuODEyNTk5MDQ5LjE3NzYzNDQ4MDcuMTc3NjM0OTAyNw\" target=\"_blank\" rel=\"noreferrer noopener\">+130 Sprachen<\/a> \u00fcbersetzen. <br\/><\/p>\n\n<h2 class=\"wp-block-heading\" id=\"why-microsoft-translator-wpml\">Warum Microsoft Translator und WPML verwenden?<\/h2>\n\n<p>Mit Microsoft Translator k\u00f6nnen Sie:<\/p>\n\n<ul class=\"wp-block-list\">\n<li>\u00dcbersetzen Sie Ihre gesamte Website in wenigen Minuten automatisch<\/li>\n\n\n\n<li>Halten Sie die \u00dcbersetzungskosten niedrig \u2013 auch bei gro\u00dfen Websites<\/li>\n<\/ul>\n\n<p>Dies macht Azure zu einer gro\u00dfartigen L\u00f6sung f\u00fcr:<\/p>\n\n<ul class=\"wp-block-list\">\n<li>E-Commerce-Shops<\/li>\n\n\n\n<li>Online-Verzeichnisse<\/li>\n\n\n\n<li>Bildungsplattformen<\/li>\n\n\n\n<li>Nachrichten- und Medien-Websites<\/li>\n<\/ul>\n\n<p>Um Microsoft Translator in WordPress zu verwenden, ben\u00f6tigen Sie WPML, das beliebteste Mehrsprachen-Plugin f\u00fcr WordPress. WPML enth\u00e4lt eine integrierte Unterst\u00fctzung f\u00fcr Microsoft Translator, sodass Sie sofort mit der \u00dcbersetzung beginnen k\u00f6nnen, ohne sich mit komplexen API-Einrichtungen oder individueller Entwicklung befassen zu m\u00fcssen. <\/p>\n\n<p><strong>Mit WPML und Microsoft Translator erhalten Sie: <\/strong><\/p>\n\n<ul class=\"wp-block-list\">\n<li><strong>Translation Memory<\/strong> \u2013 Vermeiden Sie doppelte Zahlungen f\u00fcr denselben Inhalt.<\/li>\n\n\n\n<li><strong>Vollst\u00e4ndige Website-Lokalisierung<\/strong> \u2013 WPML \u00fcbersetzt alles: sichtbare Inhalte, Formulare, Benachrichtigungen und mehr.<\/li>\n\n\n\n<li><strong>Kostenlose \u00dcbersetzungsguthaben<\/strong> \u2013 WPML-Pakete enthalten kostenlose Guthaben f\u00fcr die automatische \u00dcbersetzung.<\/li>\n\n\n\n<li><strong>SEO-optimierte \u00dcbersetzungen<\/strong> \u2013 WPML k\u00fcmmert sich f\u00fcr Sie um Metadaten, URLs und hreflang.<\/li>\n\n\n\n<li><strong>Kompatibilit\u00e4t<\/strong> \u2013 WPML funktioniert mit Hunderten von Plugins und Themes. In unseren Verzeichnissen f\u00fcr kompatible <a href=\"https:\/\/wpml.org\/plugin\/\">Plugins<\/a> und <a href=\"https:\/\/wpml.org\/theme\/\">Themes<\/a> finden Sie die vollst\u00e4ndige Liste der Kompatibilit\u00e4tspartner. <\/li>\n<\/ul>\n\n<h2 class=\"wp-block-heading\" id=\"microsoft-translator-and-wpml\">So \u00fcbersetzen Sie Ihre WordPress-Website mit Microsoft Translator und WPML<\/h2>\n\n<p>Um Microsoft Translator zu nutzen, ben\u00f6tigen Sie das Paket WPML CMS oder WPML Agency. <a href=\"https:\/\/wpml.org\/de\/purchase\/\">Vergleichen Sie die Pakete<\/a> f\u00fcr weitere Details.<\/p>\n\n<h3 class=\"wp-block-heading\" id=\"choose-languages\">1. W\u00e4hlen Sie die hinzuzuf\u00fcgenden Sprachen aus<\/h3>\n\n<p>Microsoft Translator unterst\u00fctzt \u00fcber 130 Sprachen, von weit verbreiteten wie Spanisch und Deutsch bis hin zu Sprachen wie Koreanisch und Chinesisch. WPML erm\u00f6glicht es Ihnen, Sprachen jederzeit hinzuzuf\u00fcgen oder zu entfernen. <\/p>\n\n<p>Sie sind sich immer noch unsicher, welche Sprachen Sie hinzuf\u00fcgen sollen? Beginnen Sie mit Ihren wichtigsten Sprachen und erweitern Sie diese sp\u00e4ter. <\/p>\n\n<p><a href=\"https:\/\/wpml.org\/de\/documentation-3\/ratgeber-zum-loslegen\/einstellung-der-sprachen\/\">Erfahren Sie, wie Sie in WPML Sprachen hinzuf\u00fcgen<\/a>.<\/p>\n\n<h3 class=\"wp-block-heading\">2. Microsoft als Ihre \u00dcbersetzungs-Engine festlegen<\/h3>\n\n<p>Um Microsoft Translator mit WPML zu verwenden, gehen Sie zu <strong>WPML \u2192 Einstellungen<\/strong> und suchen Sie den Abschnitt <strong>Automatische \u00dcbersetzung<\/strong>. Klicken Sie auf <strong>Andere Engine<\/strong>, ziehen Sie Microsoft an die Spitze der Liste und klicken Sie unten im Abschnitt auf die Schaltfl\u00e4che <strong>Einstellungen speichern<\/strong>. <\/p>\n\n<figure class=\"wp-block-image tb-image tb-image-dynamic tb-image-frame-none\" data-toolset-blocks-image=\"d7a1865f65ade32ec871ee3afa0ebf9b\"><a href=\"https:\/\/wpml.org\/wp-content\/uploads\/2026\/02\/wpml-microsoft-azure-translation-engine-settings.png\"><img decoding=\"async\" width=\"1024\" height=\"519\" loading=\"lazy\" src=\"https:\/\/wpml.org\/wp-content\/uploads\/2026\/02\/wpml-microsoft-azure-translation-engine-settings-1024x519.png\" alt=\"Selecting Microsoft in WPML\" class=\"wp-image-17832807\" srcset=\"https:\/\/wpml.org\/wp-content\/uploads\/2026\/02\/wpml-microsoft-azure-translation-engine-settings-1024x519.png 1024w, https:\/\/wpml.org\/wp-content\/uploads\/2026\/02\/wpml-microsoft-azure-translation-engine-settings-300x152.png 300w, https:\/\/wpml.org\/wp-content\/uploads\/2026\/02\/wpml-microsoft-azure-translation-engine-settings-150x76.png 150w, https:\/\/wpml.org\/wp-content\/uploads\/2026\/02\/wpml-microsoft-azure-translation-engine-settings-768x389.png 768w, https:\/\/wpml.org\/wp-content\/uploads\/2026\/02\/wpml-microsoft-azure-translation-engine-settings-1536x778.png 1536w, https:\/\/wpml.org\/wp-content\/uploads\/2026\/02\/wpml-microsoft-azure-translation-engine-settings-2048x1037.png 2048w\" sizes=\"auto, (max-width: 1024px) 100vw, 1024px\" \/><\/a><figcaption><div class=\"tb-image-caption\">Microsoft zur Standard-\u00dcbersetzungs-Engine in den WPML-Einstellungen machen<\/div><\/figcaption><\/figure>\n\n<h3 class=\"wp-block-heading\" id=\"what-to-translate\">3. Inhalte mit Microsoft Translator \u00fcbersetzen<\/h3>\n\n<p>So \u00fcbersetzen Sie Inhalte mit Microsoft Translator:<\/p>\n\n<ol class=\"wp-block-list\">\n<li>Gehen Sie zu <strong>WPML<\/strong> \u2192 <strong>Translation Dashboard<\/strong>.<\/li>\n\n\n\n<li>W\u00e4hlen Sie die Inhalte aus, die Sie \u00fcbersetzen m\u00f6chten.<\/li>\n\n\n\n<li>W\u00e4hlen Sie <strong>Automatisch \u00fcbersetzen<\/strong> und klicken Sie auf <strong>\u00dcbersetzen<\/strong>.<\/li>\n<\/ol>\n\n<figure class=\"wp-block-image tb-image tb-image-dynamic tb-image-frame-none\" data-toolset-blocks-image=\"d24aad7d46b4c47117641ba9adc5a048\"><a href=\"https:\/\/wpml.org\/wp-content\/uploads\/2026\/02\/wpml-selecting-content-for-translation.png\"><img decoding=\"async\" width=\"1024\" height=\"647\" loading=\"lazy\" src=\"https:\/\/wpml.org\/wp-content\/uploads\/2026\/02\/wpml-selecting-content-for-translation-1024x647.png\" alt=\"Sending content for translation from the Translation Dashboard\" class=\"wp-image-17832822\" srcset=\"https:\/\/wpml.org\/wp-content\/uploads\/2026\/02\/wpml-selecting-content-for-translation-1024x647.png 1024w, https:\/\/wpml.org\/wp-content\/uploads\/2026\/02\/wpml-selecting-content-for-translation-300x189.png 300w, https:\/\/wpml.org\/wp-content\/uploads\/2026\/02\/wpml-selecting-content-for-translation-150x95.png 150w, https:\/\/wpml.org\/wp-content\/uploads\/2026\/02\/wpml-selecting-content-for-translation-768x485.png 768w, https:\/\/wpml.org\/wp-content\/uploads\/2026\/02\/wpml-selecting-content-for-translation-1536x970.png 1536w, https:\/\/wpml.org\/wp-content\/uploads\/2026\/02\/wpml-selecting-content-for-translation-2048x1293.png 2048w\" sizes=\"auto, (max-width: 1024px) 100vw, 1024px\" \/><\/a><figcaption><div class=\"tb-image-caption\">Inhalte \u00fcber das Translation Dashboard zur \u00dcbersetzung senden<\/div><\/figcaption><\/figure>\n\n<h3 class=\"wp-block-heading\" id=\"review-translations\">4. \u00dcbersetzungen \u00fcberpr\u00fcfen<\/h3>\n\n<p>F\u00fcr die \u00dcberpr\u00fcfung von \u00dcbersetzungen bietet WPML einen Front-End-Editor an, der zeigt, wie die \u00dcbersetzungen auf Ihrer Seite aussehen. <\/p>\n\n<figure class=\"wp-block-image tb-image tb-image-dynamic tb-image-frame-none\" data-toolset-blocks-image=\"dd903e420d7ca14086e8806177136296\"><a href=\"https:\/\/wpml.org\/wp-content\/uploads\/2024\/01\/Frame-7-2-1.png\"><img decoding=\"async\" width=\"1024\" height=\"625\" loading=\"lazy\" src=\"https:\/\/wpml.org\/wp-content\/uploads\/2024\/01\/Frame-7-2-1-1024x625.png\" alt=\"\" class=\"wp-image-15170094\" srcset=\"https:\/\/wpml.org\/wp-content\/uploads\/2024\/01\/Frame-7-2-1-1024x625.png 1024w, https:\/\/wpml.org\/wp-content\/uploads\/2024\/01\/Frame-7-2-1-300x183.png 300w, https:\/\/wpml.org\/wp-content\/uploads\/2024\/01\/Frame-7-2-1-150x92.png 150w, https:\/\/wpml.org\/wp-content\/uploads\/2024\/01\/Frame-7-2-1-768x468.png 768w, https:\/\/wpml.org\/wp-content\/uploads\/2024\/01\/Frame-7-2-1.png 1100w\" sizes=\"auto, (max-width: 1024px) 100vw, 1024px\" \/><\/a><figcaption><div class=\"tb-image-caption\">WPML Front-End-\u00dcbersetzungs-Editor<\/div><\/figcaption><\/figure>\n\n<p>Wenn Sie mit den \u00dcbersetzungen von Microsoft zufrieden sind, ver\u00f6ffentlichen Sie diese auf Ihrer Website, indem Sie auf die Schaltfl\u00e4che <strong>Diese \u00dcbersetzung akzeptieren<\/strong> klicken. Wenn Sie \u00c4nderungen vornehmen m\u00f6chten, k\u00f6nnen Sie die \u00dcbersetzungen im <a href=\"https:\/\/wpml.org\/de\/documentation-3\/ubersetzen-ihrer-inhalte\/erweiterter-uebersetzungs-editor\/\">Erweiterten \u00dcbersetzungs-Editor<\/a> von WPML bearbeiten.  <\/p>\n\n<figure class=\"wp-block-image tb-image tb-image-dynamic tb-image-frame-none\" data-toolset-blocks-image=\"a964156faf2a6949e0e5a73e9ff46ec1\"><a href=\"https:\/\/wpml.org\/wp-content\/uploads\/2025\/07\/wpml-advanced-translation-editor.png\"><img decoding=\"async\" width=\"1024\" height=\"479\" loading=\"lazy\" src=\"https:\/\/wpml.org\/wp-content\/uploads\/2025\/07\/wpml-advanced-translation-editor-1024x479.png\" alt=\"Editing translations in the WPML Advanced Translation Editor\" class=\"wp-image-17275274\" srcset=\"https:\/\/wpml.org\/wp-content\/uploads\/2025\/07\/wpml-advanced-translation-editor-1024x479.png 1024w, https:\/\/wpml.org\/wp-content\/uploads\/2025\/07\/wpml-advanced-translation-editor-300x140.png 300w, https:\/\/wpml.org\/wp-content\/uploads\/2025\/07\/wpml-advanced-translation-editor-150x70.png 150w, https:\/\/wpml.org\/wp-content\/uploads\/2025\/07\/wpml-advanced-translation-editor-768x360.png 768w, https:\/\/wpml.org\/wp-content\/uploads\/2025\/07\/wpml-advanced-translation-editor-1536x719.png 1536w, https:\/\/wpml.org\/wp-content\/uploads\/2025\/07\/wpml-advanced-translation-editor-2048x959.png 2048w\" sizes=\"auto, (max-width: 1024px) 100vw, 1024px\" \/><\/a><figcaption><div class=\"tb-image-caption\">WPML Erweiterter \u00dcbersetzungs-Editor<\/div><\/figcaption><\/figure>\n\n<p>Keine Zeit zur \u00dcberpr\u00fcfung der \u00dcbersetzungen? <\/p>\n\n<p>WPML erm\u00f6glicht es Ihnen, andere Benutzer zur \u00dcberpr\u00fcfung Ihrer \u00dcbersetzungen einzuladen. Die Benutzer erhalten nur Zugriff auf die spezifischen Inhalte, die Sie \u00fcberpr\u00fcfen lassen m\u00f6chten, sodass der Rest Ihrer Website (und die Admin-Einstellungen) f\u00fcr andere unzug\u00e4nglich bleiben.  <\/p>\n\n<p class=\"alert alert-info\"><strong>Zum Beispiel&#8230; <\/strong><br\/><br\/>Wenn Sie eine Produktseite \u00fcbersetzt haben und m\u00f6chten, dass ein professioneller \u00dcbersetzer diese \u00fcberpr\u00fcft, teilt WPML dem \u00dcbersetzer nur den Inhalt dieser spezifischen Seite mit. Der Rest Ihrer Website bleibt f\u00fcr den \u00dcbersetzer geschlossen.  <\/p>\n\n<h2 class=\"wp-block-heading\">H\u00e4ufig gestellte Fragen<\/h2>\n\n<div id=\"faq\" class=\"wp-block-toolset-blocks-container tb-container\" data-toolset-blocks-container=\"3c47785d6e1708c649124e2fe04a1b68\">\n<div class=\"wp-block-toolset-blocks-container tb-container\" data-toolset-blocks-container=\"40d6b7d75c97be28d62acd5aaafad645\">\n<details class=\"wp-block-details has-dark-gray-color has-text-color is-layout-flow wp-block-details-is-layout-flow\" open><summary><strong>Was kostet die Nutzung von Microsoft Translator mit WPML?<\/strong><\/summary>\n<div class=\"wp-block-toolset-blocks-container tb-container\" data-toolset-blocks-container=\"b55b9e366429f8319ddee947984288b0\">\n<p class=\"tb-heading\" data-toolset-blocks-heading=\"9a15efaa54afc32df94f0ea0e933ff27\" data-last-update=\"1.4\">Um Microsoft Translator mit WPML zu verwenden, ben\u00f6tigen Sie <a href=\"https:\/\/wpml.org\/de\/documentation-3\/automatische-uebersetzung-fuer-wordpress-inhalte-mit-wpml\/preise-fuer-automatische-uebersetzung\/\">Guthaben f\u00fcr die automatische \u00dcbersetzung<\/a> (in Ihrem Paket enthalten, bei Bedarf ist mehr verf\u00fcgbar).<br\/><br\/>Wenn Sie WPML kaufen, erhalten Sie ein kostenloses Paket mit Guthaben f\u00fcr die automatische \u00dcbersetzung, das ausreicht, um eine mittelgro\u00dfe Website ohne zus\u00e4tzliche Kosten in 2\u20133 Sprachen zu \u00fcbersetzen. <br\/><br\/>Mit anderen Worten: Wenn Sie planen, Ihre Website nur in wenige Sprachen zu \u00fcbersetzen, k\u00f6nnen Sie Microsoft Translator kostenlos verwenden. Wenn Sie in mehr Sprachen \u00fcbersetzen m\u00f6chten oder eine sehr gro\u00dfe Website besitzen, k\u00f6nnen Sie problemlos weitere Guthaben zu einem erschwinglichen Preis erwerben, beginnend bei 0,0012 $ pro Wort. <br\/><br\/>WPML nutzt ein degressives Preismodell: Je mehr Guthaben Sie verbrauchen, desto niedriger sind die Kosten pro Wort. <a href=\"https:\/\/wpml.org\/de\/documentation-3\/automatische-uebersetzung-fuer-wordpress-inhalte-mit-wpml\/preise-fuer-automatische-uebersetzung\/\">Nutzen Sie unseren Kostenrechner<\/a>, um eine genaue Sch\u00e4tzung zu erhalten.<br\/><\/p>\n<\/div>\n<\/details>\n<\/div>\n\n\n\n<div class=\"wp-block-toolset-blocks-container tb-container\" data-toolset-blocks-container=\"40d6b7d75c97be28d62acd5aaafad645\">\n<details class=\"wp-block-details has-dark-gray-color has-text-color is-layout-flow wp-block-details-is-layout-flow\"><summary><strong>Wie oft wird Microsoft Translator mit WPML verwendet?<\/strong><\/summary>\n<div class=\"wp-block-toolset-blocks-container tb-container\" data-toolset-blocks-container=\"b55b9e366429f8319ddee947984288b0\">\n<p class=\"tb-heading\" data-toolset-blocks-heading=\"9a15efaa54afc32df94f0ea0e933ff27\" data-last-update=\"1.4\">Jedes Jahr hilft WPML Tausenden von WordPress-Websites dabei, ihre Inhalte automatisch zu \u00fcbersetzen. Allein im Jahr 2023 hat WPML \u00fcber <strong>2,5 Milliarden W\u00f6rter mit Microsoft Translator<\/strong> (Azure) \u00fcbersetzt. <br\/><br\/>Dennoch macht Microsoft Translator etwa <strong>14 %<\/strong> des gesamten Inhalts aus, den WPML j\u00e4hrlich \u00fcbersetzt \u2013 insgesamt \u00fcber <strong>18 Milliarden W\u00f6rter<\/strong>.<br\/><span id=\"docs-internal-guid-4d7fa5c0-7fff-f44b-7b8f-4dc1f5dcd09e\"><\/span><\/p>\n\n\n\n<figure class=\"wp-block-image tb-image tb-image-dynamic tb-image-frame-none\" data-toolset-blocks-image=\"d3b959ba955ecc633d72881434d5b13f\"><a href=\"https:\/\/wpml.org\/wp-content\/uploads\/2025\/07\/wpml-top-languages.png\"><img decoding=\"async\" width=\"1024\" height=\"576\" loading=\"lazy\" src=\"https:\/\/wpml.org\/wp-content\/uploads\/2025\/07\/wpml-top-languages-1024x576.png\" alt=\"\" class=\"wp-image-17275409\" srcset=\"https:\/\/wpml.org\/wp-content\/uploads\/2025\/07\/wpml-top-languages-1024x576.png 1024w, https:\/\/wpml.org\/wp-content\/uploads\/2025\/07\/wpml-top-languages-300x169.png 300w, https:\/\/wpml.org\/wp-content\/uploads\/2025\/07\/wpml-top-languages-150x84.png 150w, https:\/\/wpml.org\/wp-content\/uploads\/2025\/07\/wpml-top-languages-768x432.png 768w, https:\/\/wpml.org\/wp-content\/uploads\/2025\/07\/wpml-top-languages-1536x864.png 1536w, https:\/\/wpml.org\/wp-content\/uploads\/2025\/07\/wpml-top-languages.png 1920w\" sizes=\"auto, (max-width: 1024px) 100vw, 1024px\" \/><\/a><figcaption><div class=\"tb-image-caption\">Top-Sprachen, in die WPML \u00fcbersetzt<\/div><\/figcaption><\/figure>\n\n\n\n<p class=\"tb-heading has-text-color\" data-toolset-blocks-heading=\"98289a89e96ca858c0fcdf8fa716a3f5\" data-last-update=\"1.4\"><\/p>\n<\/div>\n<\/details>\n<\/div>\n\n\n\n<div class=\"wp-block-toolset-blocks-container tb-container\" data-toolset-blocks-container=\"40d6b7d75c97be28d62acd5aaafad645\">\n<details class=\"wp-block-details has-dark-gray-color has-text-color is-layout-flow wp-block-details-is-layout-flow\"><summary><strong>Ist Microsoft Translator die beste Option f\u00fcr qualitativ hochwertige, kontextbezogene \u00dcbersetzungen?<\/strong><\/summary>\n<div class=\"wp-block-toolset-blocks-container tb-container\" data-toolset-blocks-container=\"b55b9e366429f8319ddee947984288b0\">\n<p class=\"tb-heading\" data-toolset-blocks-heading=\"9a15efaa54afc32df94f0ea0e933ff27\" data-last-update=\"1.4\">Microsoft Translator bietet eine solide \u00dcbersetzungsqualit\u00e4t zu sehr niedrigen Kosten. Es ist eine ausgezeichnete Option, wenn Sie gro\u00dfe Mengen an Inhalten \u00fcbersetzen oder mit vielen Sprachen arbeiten. <br\/><br\/>Wenn Sie jedoch Folgendes priorisieren:<br\/>&#8211; Genauere <strong>\u00dcbersetzungen<\/strong> f\u00fcr komplexe oder Marketing-Inhalte<br\/>&#8211; <strong>Kontextbezogene Ergebnisse<\/strong>, die auf KI basieren<br\/>&#8211; Einen nat\u00fcrlicheren <strong>Ton und Fluss<\/strong> in Ihren \u00dcbersetzungen<br\/><br\/>&#8230;m\u00f6chten Sie vielleicht andere in WPML verf\u00fcgbare Optionen erkunden, wie zum Beispiel <a href=\"https:\/\/wpml.org\/de\/documentation-3\/automatische-uebersetzung-fuer-wordpress-inhalte-mit-wpml\/\">Private Translation Cloud (PTC)<\/a>, unsere fortschrittlichste \u00dcbersetzungs-Engine. PTC wurde entwickelt, um eine h\u00f6here Qualit\u00e4t der Ausgabe zu liefern, indem es Large Language Models (LLMs) f\u00fcr ein besseres Verst\u00e4ndnis des Inhalts nutzt. <br\/><\/p>\n<\/div>\n<\/details>\n<\/div>\n<\/div>\n\n<h2 class=\"wp-block-heading\" id=\"get-started\">Bereit f\u00fcr die \u00dcbersetzung mit Microsoft Translator und WPML?<\/h2>\n\n<p>Ganz gleich, ob f\u00fcr Sie die Kosten oder die \u00dcbersetzungsqualit\u00e4t im Vordergrund stehen, WPML macht Ihnen den Einstieg leicht.<\/p>\n\n<ul class=\"wp-block-list\">\n<li><a href=\"https:\/\/wpml.org\/de\/purchase\/\">WPML erhalten<\/a><\/li>\n\n\n\n<li>Vergleichen Sie die verf\u00fcgbaren \u00dcbersetzungs-Engines \u2013 <a href=\"https:\/\/ptc.wpml.org\/about\" target=\"_blank\" rel=\"noreferrer noopener\">PTC<\/a>, <a href=\"https:\/\/wpml.org\/de\/documentation-3\/automatische-uebersetzung-fuer-wordpress-inhalte-mit-wpml\/wie-man-seine-wordpress-website-mit-deepl-uebersetzt\/\">DeepL<\/a> und <a href=\"https:\/\/wpml.org\/de\/documentation-3\/automatische-uebersetzung-fuer-wordpress-inhalte-mit-wpml\/wie-man-google-translate-in-wordpress-verwendet-ausfuehrliche-anleitung\/\">Google Translate<\/a><\/li>\n\n\n\n<li><a href=\"https:\/\/wpml.org\/de\/startseite\/kontaktieren-sie-uns\/\">Fragen Sie unser Team<\/a>, bevor Sie beginnen<\/li>\n<\/ul>\n\n<p class=\"alert alert-info\">WPML hilft Tausenden von WordPress-Nutzern jedes Jahr dabei, Milliarden von W\u00f6rtern zu \u00fcbersetzen \u2013 sei es mit Azure, PTC oder anderen integrierten Engines. Beginnen Sie noch heute mit der \u00dcbersetzung Ihrer Website mit dem Setup, das am besten zu Ihren Anforderungen passt. <\/p>\n","protected":false},"excerpt":{"rendered":"<p>\u00dcbersetzen Sie Ihre WordPress-Website automatisch mit Microsoft Translator und WPML. Greifen Sie auf \u00fcber 130 Sprachen zu einigen der niedrigsten derzeit verf\u00fcgbaren \u00dcbersetzungskosten zu. Was ist Microsoft Translator? Microsoft Translator (auch bekannt als Azure Translator) ist eine der kosteneffizientesten Engines f\u00fcr maschinelle \u00dcbersetzung, die in WPML verf\u00fcgbar sind. Mit Microsoft Translator k\u00f6nnen Sie Ihre WordPress-Website [&hellip;]<\/p>\n","protected":false},"author":578773,"featured_media":15217906,"parent":4844551,"menu_order":79,"comment_status":"closed","ping_status":"closed","template":"template-sidebar-2.php","meta":{"_bbp_topic_count":0,"_bbp_reply_count":0,"_bbp_total_topic_count":0,"_bbp_total_reply_count":0,"_bbp_voice_count":0,"_bbp_anonymous_reply_count":0,"_bbp_topic_count_hidden":0,"_bbp_reply_count_hidden":0,"_bbp_forum_subforum_count":0,"_uag_custom_page_level_css":"","ep_exclude_from_search":false,"footnotes":""},"related-projects-category":[],"class_list":["post-17014890","page","type-page","status-publish","has-post-thumbnail","hentry"],"spectra_custom_meta":{"_subscription_coupon_product_id":["0"],"_wpv_contains_gutenberg_views":[""],"_alp_processed":["1776685396"],"wpcf-unformatted-code":[""],"_wpml_media_duplicate":["1"],"_wpml_media_featured":["1"],"toolset_post_editor_mode":["block"],"wpcf-price-increase-show-from":[""],"wpcf-price-increase-show-till":[""],"_wp_page_template":["template-sidebar-2.php"],"_thumbnail_id":["15217906"],"_last_translation_edit_mode":["translation-editor"],"_wpml_word_count":["1288"],"_oembed_bbf56b1d4c25ce11481afba39f176f85":["{{unknown}}"],"_yoast_wpseo_metadesc":["\u00dcbersetzen Sie Ihre WordPress-Website automatisch mit Microsoft Translator und WPML. Greifen Sie auf \u00fcber 130 Sprachen zu erschwinglichen \u00dcbersetzungskosten zu."],"_yoast_wpseo_focuskw":["Microsoft Translator"],"_uag_css_file_name":["uag-css-17014890.css"],"_uag_page_assets":["a:9:{s:3:\"css\";s:260:\".uag-blocks-common-selector{z-index:var(--z-index-desktop) !important}@media(max-width: 976px){.uag-blocks-common-selector{z-index:var(--z-index-tablet) !important}}@media(max-width: 767px){.uag-blocks-common-selector{z-index:var(--z-index-mobile) !important}}\";s:2:\"js\";s:0:\"\";s:18:\"current_block_list\";a:9:{i:0;s:14:\"core\/paragraph\";i:1;s:12:\"core\/heading\";i:2;s:9:\"core\/list\";i:3;s:14:\"core\/list-item\";i:4;s:20:\"toolset-blocks\/image\";i:5;s:24:\"toolset-blocks\/container\";i:7;s:12:\"core\/details\";i:9;s:22:\"toolset-blocks\/heading\";i:10;s:14:\"core\/shortcode\";}s:8:\"uag_flag\";b:0;s:11:\"uag_version\";s:10:\"1778724945\";s:6:\"gfonts\";a:0:{}s:10:\"gfonts_url\";s:0:\"\";s:12:\"gfonts_files\";a:0:{}s:14:\"uag_faq_layout\";b:0;}"]},"uagb_featured_image_src":{"full":["https:\/\/wpml.org\/wp-content\/uploads\/2024\/01\/Slide-16_9-1-1-5.png",1920,1080,false],"thumbnail":["https:\/\/wpml.org\/wp-content\/uploads\/2024\/01\/Slide-16_9-1-1-5-150x84.png",150,84,true],"medium":["https:\/\/wpml.org\/wp-content\/uploads\/2024\/01\/Slide-16_9-1-1-5-300x169.png",300,169,true],"medium_large":["https:\/\/wpml.org\/wp-content\/uploads\/2024\/01\/Slide-16_9-1-1-5-768x432.png",768,432,true],"large":["https:\/\/wpml.org\/wp-content\/uploads\/2024\/01\/Slide-16_9-1-1-5-1024x576.png",1024,576,true],"1536x1536":["https:\/\/wpml.org\/wp-content\/uploads\/2024\/01\/Slide-16_9-1-1-5-1536x864.png",1536,864,true],"2048x2048":["https:\/\/wpml.org\/wp-content\/uploads\/2024\/01\/Slide-16_9-1-1-5.png",1920,1080,false],"gform-image-choice-sm":["https:\/\/wpml.org\/wp-content\/uploads\/2024\/01\/Slide-16_9-1-1-5.png",300,169,false],"gform-image-choice-md":["https:\/\/wpml.org\/wp-content\/uploads\/2024\/01\/Slide-16_9-1-1-5.png",400,225,false],"gform-image-choice-lg":["https:\/\/wpml.org\/wp-content\/uploads\/2024\/01\/Slide-16_9-1-1-5.png",600,338,false],"woocommerce_thumbnail":["https:\/\/wpml.org\/wp-content\/uploads\/2024\/01\/Slide-16_9-1-1-5-150x150.png",150,150,true],"woocommerce_single":["https:\/\/wpml.org\/wp-content\/uploads\/2024\/01\/Slide-16_9-1-1-5-300x169.png",300,169,true],"woocommerce_gallery_thumbnail":["https:\/\/wpml.org\/wp-content\/uploads\/2024\/01\/Slide-16_9-1-1-5-100x100.png",100,100,true]},"uagb_author_info":{"display_name":"Tomer Helzer","author_link":"https:\/\/wpml.org\/de\/author\/tomer-h\/"},"uagb_comment_info":0,"uagb_excerpt":"\u00dcbersetzen Sie Ihre WordPress-Website automatisch mit Microsoft Translator und WPML. Greifen Sie auf \u00fcber 130 Sprachen zu einigen der niedrigsten derzeit verf\u00fcgbaren \u00dcbersetzungskosten zu. Was ist Microsoft Translator? Microsoft Translator (auch bekannt als Azure Translator) ist eine der kosteneffizientesten Engines f\u00fcr maschinelle \u00dcbersetzung, die in WPML verf\u00fcgbar sind. Mit Microsoft Translator k\u00f6nnen Sie Ihre WordPress-Website&hellip;","_links":{"self":[{"href":"https:\/\/wpml.org\/de\/wp-json\/wp\/v2\/pages\/17014890","targetHints":{"allow":["GET"]}}],"collection":[{"href":"https:\/\/wpml.org\/de\/wp-json\/wp\/v2\/pages"}],"about":[{"href":"https:\/\/wpml.org\/de\/wp-json\/wp\/v2\/types\/page"}],"author":[{"embeddable":true,"href":"https:\/\/wpml.org\/de\/wp-json\/wp\/v2\/users\/578773"}],"replies":[{"embeddable":true,"href":"https:\/\/wpml.org\/de\/wp-json\/wp\/v2\/comments?post=17014890"}],"version-history":[{"count":7,"href":"https:\/\/wpml.org\/de\/wp-json\/wp\/v2\/pages\/17014890\/revisions"}],"predecessor-version":[{"id":17980664,"href":"https:\/\/wpml.org\/de\/wp-json\/wp\/v2\/pages\/17014890\/revisions\/17980664"}],"up":[{"embeddable":true,"href":"https:\/\/wpml.org\/de\/wp-json\/wp\/v2\/pages\/4844551"}],"wp:featuredmedia":[{"embeddable":true,"href":"https:\/\/wpml.org\/de\/wp-json\/wp\/v2\/media\/15217906"}],"wp:attachment":[{"href":"https:\/\/wpml.org\/de\/wp-json\/wp\/v2\/media?parent=17014890"}],"wp:term":[{"taxonomy":"related-projects-category","embeddable":true,"href":"https:\/\/wpml.org\/de\/wp-json\/wp\/v2\/related-projects-category?post=17014890"}],"curies":[{"name":"wp","href":"https:\/\/api.w.org\/{rel}","templated":true}]}}