{"id":17014906,"date":"2022-09-26T17:56:55","date_gmt":"2022-09-26T17:56:55","guid":{"rendered":"https:\/\/wpml.org\/documentation-3\/automatische-uebersetzung-fuer-wordpress-inhalte-mit-wpml\/wie-man-seine-wordpress-website-mit-deepl-uebersetzt\/"},"modified":"2026-02-26T08:02:44","modified_gmt":"2026-02-26T08:02:44","slug":"wie-man-seine-wordpress-website-mit-deepl-uebersetzt","status":"publish","type":"page","link":"https:\/\/wpml.org\/de\/documentation-3\/automatische-uebersetzung-fuer-wordpress-inhalte-mit-wpml\/wie-man-seine-wordpress-website-mit-deepl-uebersetzt\/","title":{"rendered":"Wie Sie Ihre WordPress-Seite mit DeepL \u00fcbersetzen"},"content":{"rendered":"\n<p class=\"lead\">Erfahren Sie, wie Sie Ihre WordPress-Website mit DeepL und WPML automatisch in weitere Sprachen \u00fcbersetzen k\u00f6nnen.<\/p>\n\n<div class=\"tb-fields-and-text\" data-toolset-blocks-fields-and-text=\"3c3b6da774357482b62973e19972f612\"><p><img decoding=\"async\" class=\"size-full wp-image-15646162 aligncenter\" src=\"https:\/\/wpml.org\/wp-content\/uploads\/2024\/05\/Banner-DeepL1-min.png\" alt=\"\" width=\"1400\" height=\"540\" srcset=\"https:\/\/wpml.org\/wp-content\/uploads\/2024\/05\/Banner-DeepL1-min.png 1400w, https:\/\/wpml.org\/wp-content\/uploads\/2024\/05\/Banner-DeepL1-min-300x116.png 300w, https:\/\/wpml.org\/wp-content\/uploads\/2024\/05\/Banner-DeepL1-min-1024x395.png 1024w, https:\/\/wpml.org\/wp-content\/uploads\/2024\/05\/Banner-DeepL1-min-150x58.png 150w, https:\/\/wpml.org\/wp-content\/uploads\/2024\/05\/Banner-DeepL1-min-768x296.png 768w\" sizes=\"(max-width: 1400px) 100vw, 1400px\" \/><\/p><\/div>\n\n<h2 class=\"wp-block-heading\" id=\"why-translate-with-wpml\">Warum mit DeepL und WPML \u00fcbersetzen?<\/h2>\n\n<p>DeepL ist eine der besten heute verf\u00fcgbaren maschinellen \u00dcbersetzungsmaschinen. Sie unterst\u00fctzt \u00fcber 30 Sprachen, kann muttersprachliche \u00dcbersetzungen generieren und ist die bevorzugte \u00dcbersetzungsmaschine unter WPML-Kunden. Allein im Jahr 2025 hat WPML mehr als <strong>13 Milliarden W\u00f6rter<\/strong> mit DeepL \u00fcbersetzt!  <\/p>\n\n<p>Durch die \u00dcbersetzung mit WPML erhalten Sie vollen Zugriff auf DeepL sowie einzigartige WPML-Funktionen:<\/p>\n\n<div class=\"wp-block-toolset-blocks-grid tb-grid\" data-toolset-blocks-grid=\"e55248a839e80904b4f3d4995ba20b04\">\n<div class=\"wp-block-toolset-blocks-grid-column tb-grid-column tb-grid-align-top\" data-toolset-blocks-grid-column=\"3034fbe886c11054e95b46b09d3e4112\">\n<div class=\"wp-block-toolset-blocks-container tb-container\" data-toolset-blocks-container=\"dcc94753058845e5dfc3bb51fd001fd7\"><\/div>\n\n\n\n<p class=\"tb-heading\" data-toolset-blocks-heading=\"6eee2a0222dd86c811e3129fc3ca4915\" data-last-update=\"1.4\">Direkte Integration<\/p>\n\n\n\n<p class=\"tb-heading has-text-color\" data-toolset-blocks-heading=\"8f22bb68207bdb49cdf90c813ccae5c6\" data-last-update=\"1.4\">Greifen Sie direkt im WordPress-Admin auf DeepL zu<\/p>\n<\/div>\n\n\n\n<div class=\"wp-block-toolset-blocks-grid-column tb-grid-column tb-grid-align-top\" data-toolset-blocks-grid-column=\"3034fbe886c11054e95b46b09d3e4112\">\n<div class=\"wp-block-toolset-blocks-container tb-container\" data-toolset-blocks-container=\"9ee1b84d5ec856faa07d399d1ab08f07\"><\/div>\n\n\n\n<p class=\"tb-heading\" data-toolset-blocks-heading=\"6eee2a0222dd86c811e3129fc3ca4915\" data-last-update=\"1.4\">Unbegrenzte Sprachen<\/p>\n\n\n\n<p class=\"tb-heading has-text-color\" data-toolset-blocks-heading=\"8f22bb68207bdb49cdf90c813ccae5c6\" data-last-update=\"1.4\">\u00dcbersetzen Sie in so viele Sprachen, wie Sie m\u00f6chten<\/p>\n<\/div>\n\n\n\n<div class=\"wp-block-toolset-blocks-grid-column tb-grid-column tb-grid-align-top\" data-toolset-blocks-grid-column=\"3034fbe886c11054e95b46b09d3e4112\">\n<div class=\"wp-block-toolset-blocks-container tb-container\" data-toolset-blocks-container=\"70d5a5d61dcac229fe1d29ce8e00a0da\"><\/div>\n\n\n\n<p class=\"tb-heading\" data-toolset-blocks-heading=\"6eee2a0222dd86c811e3129fc3ca4915\" data-last-update=\"1.4\">Muttersprachlich anmutende \u00dcbersetzungen<\/p>\n\n\n\n<p class=\"tb-heading has-text-color\" data-toolset-blocks-heading=\"8f22bb68207bdb49cdf90c813ccae5c6\" data-last-update=\"1.4\">Verwenden Sie die neuronalen KI-Netzwerke von DeepL, um \u00dcbersetzungen zu generieren<\/p>\n<\/div>\n\n\n\n<div class=\"wp-block-toolset-blocks-grid-column tb-grid-column tb-grid-align-top\" data-toolset-blocks-grid-column=\"3034fbe886c11054e95b46b09d3e4112\">\n<div class=\"wp-block-toolset-blocks-container tb-container\" data-toolset-blocks-container=\"21d23713a4ae77ce3721867dd0a95049\"><\/div>\n\n\n\n<p class=\"tb-heading\" data-toolset-blocks-heading=\"6eee2a0222dd86c811e3129fc3ca4915\" data-last-update=\"1.4\">Formalit\u00e4t steuern<\/p>\n\n\n\n<p class=\"tb-heading has-text-color\" data-toolset-blocks-heading=\"8f22bb68207bdb49cdf90c813ccae5c6\" data-last-update=\"1.4\">Generieren Sie \u00dcbersetzungen, die lokalen Normen und Pr\u00e4ferenzen entsprechen<\/p>\n<\/div>\n\n\n\n<div class=\"wp-block-toolset-blocks-grid-column tb-grid-column tb-grid-align-top\" data-toolset-blocks-grid-column=\"3034fbe886c11054e95b46b09d3e4112\">\n<div class=\"wp-block-toolset-blocks-container tb-container\" data-toolset-blocks-container=\"e58b790335eff4ad6511098b15931f21\"><\/div>\n\n\n\n<p class=\"tb-heading\" data-toolset-blocks-heading=\"6eee2a0222dd86c811e3129fc3ca4915\" data-last-update=\"1.4\">Kostenlose automatische \u00dcbersetzung<\/p>\n\n\n\n<p class=\"tb-heading has-text-color\" data-toolset-blocks-heading=\"8f22bb68207bdb49cdf90c813ccae5c6\" data-last-update=\"1.4\">\u00dcbersetzen Sie Ihre Website automatisch kostenlos in 2-3 Sprachen<\/p>\n<\/div>\n\n\n\n<div class=\"wp-block-toolset-blocks-grid-column tb-grid-column tb-grid-align-top\" data-toolset-blocks-grid-column=\"3034fbe886c11054e95b46b09d3e4112\">\n<div class=\"wp-block-toolset-blocks-container tb-container\" data-toolset-blocks-container=\"b3040d3d13da2364a055f805b1b14f99\"><\/div>\n\n\n\n<p class=\"tb-heading\" data-toolset-blocks-heading=\"6eee2a0222dd86c811e3129fc3ca4915\" data-last-update=\"1.4\">Optimierung f\u00fcr SEO<\/p>\n\n\n\n<p class=\"tb-heading has-text-color\" data-toolset-blocks-heading=\"8f22bb68207bdb49cdf90c813ccae5c6\" data-last-update=\"1.4\">\u00dcbersetzen Sie URLs und Metadaten und legen Sie automatisch Hreflang-Tags fest<\/p>\n<\/div>\n<\/div>\n\n<h2 class=\"wp-block-heading\" id=\"translate-with-deepl-and-wpml\">So \u00fcbersetzen Sie Ihre WordPress-Website mit DeepL und WPML <\/h2>\n\n<p>Die \u00dcbersetzung Ihrer WordPress-Website mit DeepL und WPML dauert nur wenige Minuten. So funktioniert der Prozess.  <\/p>\n\n<h3 class=\"wp-block-heading\" id=\"select-your-languages\">1. W\u00e4hlen Sie Ihre Sprachen <\/h3>\n\n<p>Mit WPML k\u00f6nnen Sie Ihrer Website eine unbegrenzte Anzahl von Sprachen hinzuf\u00fcgen. <\/p>\n\n<p>Dies umfasst alle \u00fcber 30 verf\u00fcgbaren Sprachen von DeepL sowie alle anderen Sprachen, die von den alternativen \u00dcbersetzungsmaschinen von WPML unterst\u00fctzt werden \u2013 <a href=\"https:\/\/wpml.org\/de\/documentation-3\/automatische-uebersetzung-fuer-wordpress-inhalte-mit-wpml\/wie-man-google-translate-in-wordpress-verwendet-ausfuehrliche-anleitung\/\">Google Translate<\/a>, <a href=\"https:\/\/wpml.org\/de\/documentation-3\/automatische-uebersetzung-fuer-wordpress-inhalte-mit-wpml\/uebersetzen-sie-ihre-wordpress-website-mit-microsoft-translator\/\">Microsoft Translator<\/a> und <a href=\"https:\/\/wpml.org\/de\/documentation-3\/automatische-uebersetzung-fuer-wordpress-inhalte-mit-wpml\/\">PTC<\/a>.<\/p>\n\n<p>Um Sprachen hinzuzuf\u00fcgen, w\u00e4hlen Sie w\u00e4hrend des WPML-Einrichtungsassistenten einfach so viele aus, wie Sie m\u00f6chten. <\/p>\n<div class=\"wp-block-image\">\n<figure class=\" tb-image tb-image-dynamic tb-image-frame-none aligncenter\" data-toolset-blocks-image=\"314060fb176e3e5d1ae66ae03cd0105e\"><a href=\"https:\/\/wpml.org\/wp-content\/uploads\/2024\/07\/WPML-setup.png\"><img decoding=\"async\" width=\"1024\" height=\"674\" loading=\"lazy\" src=\"https:\/\/wpml.org\/wp-content\/uploads\/2024\/07\/WPML-setup-1024x674.png\" alt=\"WPML setup wizard\" class=\"wp-image-15988514\" srcset=\"https:\/\/wpml.org\/wp-content\/uploads\/2024\/07\/WPML-setup-1024x674.png 1024w, https:\/\/wpml.org\/wp-content\/uploads\/2024\/07\/WPML-setup-300x198.png 300w, https:\/\/wpml.org\/wp-content\/uploads\/2024\/07\/WPML-setup-150x99.png 150w, https:\/\/wpml.org\/wp-content\/uploads\/2024\/07\/WPML-setup-768x506.png 768w, https:\/\/wpml.org\/wp-content\/uploads\/2024\/07\/WPML-setup-1536x1011.png 1536w, https:\/\/wpml.org\/wp-content\/uploads\/2024\/07\/WPML-setup.png 1909w\" sizes=\"auto, (max-width: 1024px) 100vw, 1024px\" \/><\/a><figcaption><div class=\"tb-image-caption\">Auswahl von Sprachen im WPML-Einrichtungsassistenten<\/div><\/figcaption><\/figure>\n<\/div>\n<h3 class=\"wp-block-heading\" id=\"select-deepl\">2. W\u00e4hlen Sie DeepL als Ihre \u00dcbersetzungs-Engine aus<\/h3>\n\n<p>Um DeepL mit WPML zu verwenden, gehen Sie zu <strong>WPML \u2192 Einstellungen<\/strong> und suchen Sie den Abschnitt <strong>Automatische \u00dcbersetzung<\/strong>. Klicken Sie auf <strong>Andere Engine<\/strong> und ziehen Sie DeepL an den Anfang der Liste. <\/p>\n\n<figure class=\"wp-block-image tb-image tb-image-dynamic tb-image-frame-none\" data-toolset-blocks-image=\"997490d397df3d1a2dfa148b42c66ba4\"><img decoding=\"async\" width=\"1024\" height=\"545\" loading=\"lazy\" src=\"https:\/\/wpml.org\/wp-content\/uploads\/2026\/02\/wpml-settings-making-deepl-default-engine-1024x545.png\" alt=\"DeepL translation engine in WPML Settinga\" class=\"wp-image-17832725\" srcset=\"https:\/\/wpml.org\/wp-content\/uploads\/2026\/02\/wpml-settings-making-deepl-default-engine-1024x545.png 1024w, https:\/\/wpml.org\/wp-content\/uploads\/2026\/02\/wpml-settings-making-deepl-default-engine-300x160.png 300w, https:\/\/wpml.org\/wp-content\/uploads\/2026\/02\/wpml-settings-making-deepl-default-engine-150x80.png 150w, https:\/\/wpml.org\/wp-content\/uploads\/2026\/02\/wpml-settings-making-deepl-default-engine-768x409.png 768w, https:\/\/wpml.org\/wp-content\/uploads\/2026\/02\/wpml-settings-making-deepl-default-engine-1536x817.png 1536w, https:\/\/wpml.org\/wp-content\/uploads\/2026\/02\/wpml-settings-making-deepl-default-engine-2048x1090.png 2048w\" sizes=\"auto, (max-width: 1024px) 100vw, 1024px\" \/><figcaption><div class=\"tb-image-caption\">DeepL als Standard-Engine in den WPML-Einstellungen festlegen<\/div><\/figcaption><\/figure>\n\n<p>Standardm\u00e4\u00dfig legt WPML die Formalit\u00e4t f\u00fcr jede Sprache automatisch basierend auf kulturellen Pr\u00e4ferenzen fest. Um dies anzupassen, klicken Sie auf den Link <strong>Formalit\u00e4t bearbeiten<\/strong> neben DeepL und w\u00e4hlen Sie Ihre bevorzugte Einstellung f\u00fcr jede Sprache. <\/p>\n\n<p>Wenn Sie fertig sind, klicken Sie auf <strong>Einstellungen speichern<\/strong>. WPML verwendet nun DeepL zur \u00dcbersetzung Ihrer Inhalte. <\/p>\n\n<h3 class=\"wp-block-heading\" id=\"send-content-for-translation\">3. Inhalte zur \u00dcbersetzung senden<\/h3>\n\n<p>Mit WPML k\u00f6nnen Sie alle Inhalte auf Ihrer Website \u00fcbersetzen. Dies umfasst Seiten, Beitr\u00e4ge, benutzerdefinierte Beitr\u00e4ge, Produkte und mehr.  <\/p>\n\n<p>So \u00fcbersetzen Sie Inhalte mit DeepL:<\/p>\n\n<ol class=\"wp-block-list\">\n<li>Gehen Sie zu <strong>WPML<\/strong> \u2192 <strong>\u00dcbersetzungs-Dashboard<\/strong>.<\/li>\n\n\n\n<li>W\u00e4hlen Sie die Inhalte aus, die Sie \u00fcbersetzen m\u00f6chten.<\/li>\n\n\n\n<li>W\u00e4hlen Sie <strong>Automatisch \u00fcbersetzen<\/strong> und klicken Sie auf <strong>\u00dcbersetzen<\/strong>.<\/li>\n<\/ol>\n<div class=\"wp-block-image\">\n<figure class=\" tb-image tb-image-dynamic tb-image-frame-none aligncenter\" data-toolset-blocks-image=\"5a3ec6f63ac8322456c6ebf56ee4be9c\"><a href=\"https:\/\/wpml.org\/wp-content\/uploads\/2026\/02\/Selecting-to-translate-homepage.png\"><img decoding=\"async\" width=\"1024\" height=\"601\" loading=\"lazy\" src=\"https:\/\/wpml.org\/wp-content\/uploads\/2026\/02\/Selecting-to-translate-homepage-1024x601.png\" alt=\"Selecting to translate homepage\" class=\"wp-image-17792282\" srcset=\"https:\/\/wpml.org\/wp-content\/uploads\/2026\/02\/Selecting-to-translate-homepage-1024x601.png 1024w, https:\/\/wpml.org\/wp-content\/uploads\/2026\/02\/Selecting-to-translate-homepage-300x176.png 300w, https:\/\/wpml.org\/wp-content\/uploads\/2026\/02\/Selecting-to-translate-homepage-150x88.png 150w, https:\/\/wpml.org\/wp-content\/uploads\/2026\/02\/Selecting-to-translate-homepage-768x451.png 768w, https:\/\/wpml.org\/wp-content\/uploads\/2026\/02\/Selecting-to-translate-homepage-1536x901.png 1536w, https:\/\/wpml.org\/wp-content\/uploads\/2026\/02\/Selecting-to-translate-homepage.png 1600w\" sizes=\"auto, (max-width: 1024px) 100vw, 1024px\" \/><\/a><figcaption><div class=\"tb-image-caption\">Auswahl der Startseite zur \u00dcbersetzung<\/div><\/figcaption><\/figure>\n<\/div>\n<h3 class=\"wp-block-heading\" id=\"review-translations\">4. \u00dcberpr\u00fcfen Sie Ihre \u00dcbersetzungen<\/h3>\n\n<p>Sobald DeepL die \u00dcbersetzung Ihrer Inhalte abgeschlossen hat, k\u00f6nnen Sie die automatischen \u00dcbersetzungen mit dem Frontend-Editor von WPML \u00fcberpr\u00fcfen. <\/p>\n\n<p>Wenn die \u00dcbersetzungen gut aussehen, ver\u00f6ffentlichen Sie sie auf Ihrer Website. <\/p>\n\n<figure class=\"wp-block-image tb-image tb-image-dynamic tb-image-frame-none\" data-toolset-blocks-image=\"16826df9a930cfa08316459b8861dee1\"><a href=\"https:\/\/wpml.org\/wp-content\/uploads\/2024\/05\/Reviewing-translations-in-WPML.png\" data-lightbox=\"Reviewing-translations-in-WPML.png\"><img decoding=\"async\" width=\"1100\" height=\"671\" loading=\"lazy\" src=\"https:\/\/wpml.org\/wp-content\/uploads\/2024\/05\/Reviewing-translations-in-WPML.png\" alt=\"\" class=\"wp-image-15627908\" srcset=\"https:\/\/wpml.org\/wp-content\/uploads\/2024\/05\/Reviewing-translations-in-WPML.png 1100w, https:\/\/wpml.org\/wp-content\/uploads\/2024\/05\/Reviewing-translations-in-WPML-300x183.png 300w, https:\/\/wpml.org\/wp-content\/uploads\/2024\/05\/Reviewing-translations-in-WPML-1024x625.png 1024w, https:\/\/wpml.org\/wp-content\/uploads\/2024\/05\/Reviewing-translations-in-WPML-150x92.png 150w, https:\/\/wpml.org\/wp-content\/uploads\/2024\/05\/Reviewing-translations-in-WPML-768x468.png 768w\" sizes=\"auto, (max-width: 1100px) 100vw, 1100px\" \/><\/a><figcaption><div class=\"tb-image-caption\">\u00dcberpr\u00fcfung von \u00dcbersetzungen in WPML<\/div><\/figcaption><\/figure>\n\n<p>Wenn Sie \u00c4nderungen vornehmen m\u00f6chten, k\u00f6nnen Sie \u00dcbersetzungen mit dem <a href=\"https:\/\/wpml.org\/de\/documentation-3\/ubersetzen-ihrer-inhalte\/erweiterter-uebersetzungs-editor\/\">Erweiterter \u00dcbersetzungs-Editor<\/a> bearbeiten. <\/p>\n<div class=\"wp-block-image\">\n<figure class=\" tb-image tb-image-dynamic tb-image-frame-none aligncenter\" data-toolset-blocks-image=\"32b2c0030b6aad27689b3cc1f4cbcca2\"><a href=\"https:\/\/wpml.org\/wp-content\/uploads\/2024\/07\/Editing-homepage-in-Advanced-Translation-Editor.png\"><img decoding=\"async\" width=\"1024\" height=\"687\" loading=\"lazy\" src=\"https:\/\/wpml.org\/wp-content\/uploads\/2024\/07\/Editing-homepage-in-Advanced-Translation-Editor-1024x687.png\" alt=\"Editing homepage in Advanced Translation Editor\" class=\"wp-image-15988655\" srcset=\"https:\/\/wpml.org\/wp-content\/uploads\/2024\/07\/Editing-homepage-in-Advanced-Translation-Editor-1024x687.png 1024w, https:\/\/wpml.org\/wp-content\/uploads\/2024\/07\/Editing-homepage-in-Advanced-Translation-Editor-300x201.png 300w, https:\/\/wpml.org\/wp-content\/uploads\/2024\/07\/Editing-homepage-in-Advanced-Translation-Editor-150x101.png 150w, https:\/\/wpml.org\/wp-content\/uploads\/2024\/07\/Editing-homepage-in-Advanced-Translation-Editor-768x515.png 768w, https:\/\/wpml.org\/wp-content\/uploads\/2024\/07\/Editing-homepage-in-Advanced-Translation-Editor-1536x1030.png 1536w, https:\/\/wpml.org\/wp-content\/uploads\/2024\/07\/Editing-homepage-in-Advanced-Translation-Editor.png 1870w\" sizes=\"auto, (max-width: 1024px) 100vw, 1024px\" \/><\/a><figcaption><div class=\"tb-image-caption\">Bearbeitung der Startseite im Erweiterter \u00dcbersetzungs-Editor<\/div><\/figcaption><\/figure>\n<\/div>\n<p>Wenn Sie wenig Zeit haben oder es einfach vorziehen, dass ein professioneller \u00dcbersetzer Ihre Inhalte \u00fcberpr\u00fcft, k\u00f6nnen Sie auch <a href=\"https:\/\/wpml.org\/documentation\/support\/wpml-admin-capabilities\/\">andere Benutzer einladen<\/a>, \u00dcbersetzungen auf Ihrer Website zu \u00fcberpr\u00fcfen.<\/p>\n\n<p>Um Ihre Website sicher zu halten, k\u00f6nnen Pr\u00fcfer nur die spezifischen Inhalte bearbeiten, die Sie ihnen senden. <\/p>\n\n<h2 class=\"wp-block-heading\" id=\"deepl-wpml-cost\">Was kosten DeepL und WPML?<\/h2>\n\n<p>Die \u00dcbersetzung mit DeepL und WPML kostet etwa 0,0015 $ pro Wort. Beim Kauf von WPML sind jedoch die ersten 45.000 W\u00f6rter kostenlos. Dies reicht aus, um eine durchschnittlich gro\u00dfe Website ohne zus\u00e4tzliche Kosten in 2\u20133 Sprachen zu \u00fcbersetzen.  <\/p>\n\n<p>F\u00fcr weitere Informationen besuchen Sie bitte unsere <a href=\"https:\/\/wpml.org\/de\/documentation-3\/automatische-uebersetzung-fuer-wordpress-inhalte-mit-wpml\/preise-fuer-automatische-uebersetzung\/\">Preisgestaltung f\u00fcr automatische \u00dcbersetzungen<\/a>.<\/p>\n\n<h2 class=\"wp-block-heading\" id=\"get-started\">Erste Schritte mit DeepL &amp; WPML<\/h2>\n\n<p class=\"lead\">Um mit DeepL und WPML zu \u00fcbersetzen, ben\u00f6tigen Sie den Multilingual CMS oder Multilingual Agency Plan von WPML. Um die Pl\u00e4ne zu vergleichen, besuchen Sie unsere <a href=\"https:\/\/wpml.org\/de\/purchase\/\">Preisseite<\/a>. <\/p>\n","protected":false},"excerpt":{"rendered":"<p>Erfahren Sie, wie Sie Ihre WordPress-Website mit DeepL und WPML automatisch in weitere Sprachen \u00fcbersetzen k\u00f6nnen. Warum mit DeepL und WPML \u00fcbersetzen? DeepL ist eine der besten heute verf\u00fcgbaren maschinellen \u00dcbersetzungsmaschinen. Sie unterst\u00fctzt \u00fcber 30 Sprachen, kann muttersprachliche \u00dcbersetzungen generieren und ist die bevorzugte \u00dcbersetzungsmaschine unter WPML-Kunden. Allein im Jahr 2025 hat WPML mehr als [&hellip;]<\/p>\n","protected":false},"author":578773,"featured_media":15217887,"parent":4844551,"menu_order":68,"comment_status":"closed","ping_status":"closed","template":"template-sidebar-2.php","meta":{"_bbp_topic_count":0,"_bbp_reply_count":0,"_bbp_total_topic_count":0,"_bbp_total_reply_count":0,"_bbp_voice_count":0,"_bbp_anonymous_reply_count":0,"_bbp_topic_count_hidden":0,"_bbp_reply_count_hidden":0,"_bbp_forum_subforum_count":0,"_uag_custom_page_level_css":"","ep_exclude_from_search":false,"footnotes":""},"related-projects-category":[],"class_list":["post-17014906","page","type-page","status-publish","has-post-thumbnail","hentry"],"spectra_custom_meta":{"_subscription_coupon_product_id":["0"],"_wpv_contains_gutenberg_views":[""],"_alp_processed":["1772092964"],"wpcf-unformatted-code":[""],"_wpml_media_duplicate":["1"],"_wpml_media_featured":["1"],"toolset_post_editor_mode":["block"],"wpcf-price-increase-show-from":[""],"wpcf-price-increase-show-till":[""],"_wp_page_template":["template-sidebar-2.php"],"_thumbnail_id":["15217887"],"_last_translation_edit_mode":["translation-editor"],"_wpml_word_count":["861"],"cmplz_hide_cookiebanner":[""],"wpcf-price-increase-content":[""],"wpcf-login-box-title":[""],"wpcf-page-content":[""],"_yoast_wpseo_primary_related-projects-category":[""],"_yoast_wpseo_title":["%%title%% %%page%%"],"_yoast_wpseo_metadesc":["Erfahren Sie, wie Sie Ihre WordPress-Website mit DeepL und WPML automatisch in weitere Sprachen \u00fcbersetzen k\u00f6nnen."],"_yoast_wpseo_focuskw":["deepl wordpress"],"_uag_css_file_name":["uag-css-17014906.css"],"_uag_page_assets":["a:9:{s:3:\"css\";s:260:\".uag-blocks-common-selector{z-index:var(--z-index-desktop) !important}@media(max-width: 976px){.uag-blocks-common-selector{z-index:var(--z-index-tablet) !important}}@media(max-width: 767px){.uag-blocks-common-selector{z-index:var(--z-index-mobile) !important}}\";s:2:\"js\";s:0:\"\";s:18:\"current_block_list\";a:11:{i:0;s:14:\"core\/paragraph\";i:1;s:30:\"toolset-blocks\/fields-and-text\";i:2;s:12:\"core\/heading\";i:3;s:19:\"toolset-blocks\/grid\";i:4;s:26:\"toolset-blocks\/grid-column\";i:5;s:24:\"toolset-blocks\/container\";i:6;s:22:\"toolset-blocks\/heading\";i:7;s:20:\"toolset-blocks\/image\";i:8;s:9:\"core\/list\";i:9;s:14:\"core\/list-item\";i:10;s:14:\"core\/shortcode\";}s:8:\"uag_flag\";b:0;s:11:\"uag_version\";s:10:\"1778552146\";s:6:\"gfonts\";a:0:{}s:10:\"gfonts_url\";s:0:\"\";s:12:\"gfonts_files\";a:0:{}s:14:\"uag_faq_layout\";b:0;}"]},"uagb_featured_image_src":{"full":["https:\/\/wpml.org\/wp-content\/uploads\/2024\/01\/Slide-16_9-1-1-4.png",1920,1080,false],"thumbnail":["https:\/\/wpml.org\/wp-content\/uploads\/2024\/01\/Slide-16_9-1-1-4-150x84.png",150,84,true],"medium":["https:\/\/wpml.org\/wp-content\/uploads\/2024\/01\/Slide-16_9-1-1-4-300x169.png",300,169,true],"medium_large":["https:\/\/wpml.org\/wp-content\/uploads\/2024\/01\/Slide-16_9-1-1-4-768x432.png",768,432,true],"large":["https:\/\/wpml.org\/wp-content\/uploads\/2024\/01\/Slide-16_9-1-1-4-1024x576.png",1024,576,true],"1536x1536":["https:\/\/wpml.org\/wp-content\/uploads\/2024\/01\/Slide-16_9-1-1-4-1536x864.png",1536,864,true],"2048x2048":["https:\/\/wpml.org\/wp-content\/uploads\/2024\/01\/Slide-16_9-1-1-4.png",1920,1080,false],"gform-image-choice-sm":["https:\/\/wpml.org\/wp-content\/uploads\/2024\/01\/Slide-16_9-1-1-4.png",300,169,false],"gform-image-choice-md":["https:\/\/wpml.org\/wp-content\/uploads\/2024\/01\/Slide-16_9-1-1-4.png",400,225,false],"gform-image-choice-lg":["https:\/\/wpml.org\/wp-content\/uploads\/2024\/01\/Slide-16_9-1-1-4.png",600,338,false],"woocommerce_thumbnail":["https:\/\/wpml.org\/wp-content\/uploads\/2024\/01\/Slide-16_9-1-1-4-150x150.png",150,150,true],"woocommerce_single":["https:\/\/wpml.org\/wp-content\/uploads\/2024\/01\/Slide-16_9-1-1-4-300x169.png",300,169,true],"woocommerce_gallery_thumbnail":["https:\/\/wpml.org\/wp-content\/uploads\/2024\/01\/Slide-16_9-1-1-4-100x100.png",100,100,true]},"uagb_author_info":{"display_name":"Tomer Helzer","author_link":"https:\/\/wpml.org\/de\/author\/tomer-h\/"},"uagb_comment_info":0,"uagb_excerpt":"Erfahren Sie, wie Sie Ihre WordPress-Website mit DeepL und WPML automatisch in weitere Sprachen \u00fcbersetzen k\u00f6nnen. Warum mit DeepL und WPML \u00fcbersetzen? DeepL ist eine der besten heute verf\u00fcgbaren maschinellen \u00dcbersetzungsmaschinen. Sie unterst\u00fctzt \u00fcber 30 Sprachen, kann muttersprachliche \u00dcbersetzungen generieren und ist die bevorzugte \u00dcbersetzungsmaschine unter WPML-Kunden. Allein im Jahr 2025 hat WPML mehr als&hellip;","_links":{"self":[{"href":"https:\/\/wpml.org\/de\/wp-json\/wp\/v2\/pages\/17014906","targetHints":{"allow":["GET"]}}],"collection":[{"href":"https:\/\/wpml.org\/de\/wp-json\/wp\/v2\/pages"}],"about":[{"href":"https:\/\/wpml.org\/de\/wp-json\/wp\/v2\/types\/page"}],"author":[{"embeddable":true,"href":"https:\/\/wpml.org\/de\/wp-json\/wp\/v2\/users\/578773"}],"replies":[{"embeddable":true,"href":"https:\/\/wpml.org\/de\/wp-json\/wp\/v2\/comments?post=17014906"}],"version-history":[{"count":8,"href":"https:\/\/wpml.org\/de\/wp-json\/wp\/v2\/pages\/17014906\/revisions"}],"predecessor-version":[{"id":17854839,"href":"https:\/\/wpml.org\/de\/wp-json\/wp\/v2\/pages\/17014906\/revisions\/17854839"}],"up":[{"embeddable":true,"href":"https:\/\/wpml.org\/de\/wp-json\/wp\/v2\/pages\/4844551"}],"wp:featuredmedia":[{"embeddable":true,"href":"https:\/\/wpml.org\/de\/wp-json\/wp\/v2\/media\/15217887"}],"wp:attachment":[{"href":"https:\/\/wpml.org\/de\/wp-json\/wp\/v2\/media?parent=17014906"}],"wp:term":[{"taxonomy":"related-projects-category","embeddable":true,"href":"https:\/\/wpml.org\/de\/wp-json\/wp\/v2\/related-projects-category?post=17014906"}],"curies":[{"name":"wp","href":"https:\/\/api.w.org\/{rel}","templated":true}]}}