{"id":17060802,"date":"2025-05-21T09:22:20","date_gmt":"2025-05-21T09:22:20","guid":{"rendered":"https:\/\/wpml.org\/documentation-3\/ratgeber-zum-loslegen\/einfache-mehrsprachige-websites-erzielen-bessere-leistungen-bewaehrte-tipps-zur-steigerung-ihres-globalen-traffics\/"},"modified":"2025-05-22T10:19:36","modified_gmt":"2025-05-22T10:19:36","slug":"einfache-mehrsprachige-websites-erzielen-bessere-leistungen-bewaehrte-tipps-zur-steigerung-ihres-globalen-traffics","status":"publish","type":"page","link":"https:\/\/wpml.org\/de\/documentation-3\/ratgeber-zum-loslegen\/einfache-mehrsprachige-websites-erzielen-bessere-leistungen-bewaehrte-tipps-zur-steigerung-ihres-globalen-traffics\/","title":{"rendered":"Einfache mehrsprachige Websites erzielen bessere Leistungen: Bew\u00e4hrte Tipps zur Steigerung Ihres globalen Traffics"},"content":{"rendered":"\n<div class=\"wp-block-toolset-blocks-container tb-container\" data-toolset-blocks-container=\"533d08cc674037c70041fd3f7aae99e1\"><div class=\"tb-container-inner\">\n<p class=\"tb-heading has-text-color\" data-toolset-blocks-heading=\"0190bf5c0f5e682e6e1d8be7e6f401ac\" data-last-update=\"1.4\"><span><span><a href=\"https:\/\/wpml.org\/de\/startseite\/\">Home<\/a><\/span><\/span><\/p>\n\n\n\n<h1 class=\"tb-heading has-text-color\" data-toolset-blocks-heading=\"6a873bf0b5ed2ed5795fdeb334d80d4f\" data-last-update=\"1.4\">Einfache mehrsprachige Websites erzielen bessere Leistungen: Bew\u00e4hrte Tipps zur Steigerung Ihres globalen Traffics<\/h1>\n\n\n\n<p class=\"lead\">Bevor Sie mit WPML zu \u00fcbersetzen beginnen, erfahren Sie, wie Sie Konfigurationsprobleme vermeiden k\u00f6nnen, die neue mehrsprachige Websites verlangsamen, und folgen Sie den bew\u00e4hrten Schritten, die andere nutzen, um globale Besucher schneller zu erreichen.<br\/><\/p>\n<\/div><\/div>\n\n<div class=\"wp-block-toolset-blocks-container tb-container\" data-toolset-blocks-container=\"55531053acb92725ea5ca762e946075c\"><div class=\"tb-container-inner\">\n<p class=\"has-text-align-center\" style=\"font-size:18px\">Basierend auf unseren Untersuchungen gaben <strong>70% der WPML-Nutzer, die ihre Konfiguration als \u201ewenig aufw\u00e4ndig\u201c bezeichneten<\/strong>, an, dass sie schneller starteten, einfacher \u00fcbersetzten und innerhalb weniger Wochen einen Anstieg des internationalen Traffics verzeichneten.<\/p>\n<\/div><\/div>\n\n<div class=\"wp-block-toolset-blocks-container tb-container\" data-toolset-blocks-container=\"1d78ba5354d2a5e924572201d79e6137\"><div class=\"tb-container-inner\">\n<div class=\"wp-block-toolset-blocks-grid tb-grid\" data-toolset-blocks-grid=\"bd81ac74c09c9e79b69862792e617d13\">\n<div class=\"wp-block-toolset-blocks-grid-column tb-grid-column tb-grid-align-top\" data-toolset-blocks-grid-column=\"e0c62ef28c440411136281632d5a8d63\">\n<figure class=\"wp-block-image tb-image tb-image-dynamic tb-image-frame-none\" data-toolset-blocks-image=\"2e65b0810e6f93b7d78e007039a01759\"><img decoding=\"async\" width=\"1152\" height=\"1536\" loading=\"lazy\" src=\"https:\/\/wpml.org\/wp-content\/uploads\/2025\/05\/Positive-Business-Results-2.png\" alt=\"\" class=\"wp-image-17032617\" srcset=\"https:\/\/wpml.org\/wp-content\/uploads\/2025\/05\/Positive-Business-Results-2.png 1152w, https:\/\/wpml.org\/wp-content\/uploads\/2025\/05\/Positive-Business-Results-2-225x300.png 225w, https:\/\/wpml.org\/wp-content\/uploads\/2025\/05\/Positive-Business-Results-2-768x1024.png 768w, https:\/\/wpml.org\/wp-content\/uploads\/2025\/05\/Positive-Business-Results-2-113x150.png 113w, https:\/\/wpml.org\/wp-content\/uploads\/2025\/05\/Positive-Business-Results-2-300x400.png 300w\" sizes=\"auto, (max-width: 1152px) 100vw, 1152px\" \/><\/figure>\n<\/div>\n\n\n\n<div class=\"wp-block-toolset-blocks-grid-column tb-grid-column\" data-toolset-blocks-grid-column=\"9f75dfd214cb372d9492e3b770fdf02d\">\n<div class=\"wp-block-toolset-blocks-container tb-container\" data-toolset-blocks-container=\"76b9e19aebd78b467b04c64acfe33167\">\n<h2 class=\"tb-heading has-text-color\" data-toolset-blocks-heading=\"6b17c0d6cc04bb992d8ee96b9295721f\" data-last-update=\"1.4\"><strong>Verwenden Sie ein vertrauensw\u00fcrdiges Theme und nur essentielle Plugins<\/strong><\/h2>\n\n\n\n<p class=\"tb-heading\" data-toolset-blocks-heading=\"b79e08d4e2c80337c14f6df797704d67\" data-last-update=\"1.4\">Die von Ihnen gew\u00e4hlten Themes und Plugins beeinflussen die Leistung, Stabilit\u00e4t und den \u00dcbersetzungsprozess Ihrer Website.<br\/><br\/>Selbst bei einsprachigen Websites sind veraltete oder unn\u00f6tige Plugins die Hauptursache f\u00fcr technische Probleme.<br\/><br\/>Bei mehrsprachigen Websites k\u00f6nnen diese Probleme Ihren \u00dcbersetzungsworkflow verlangsamen oder dazu f\u00fchren, dass Ihre Website in verschiedenen Sprachen nicht korrekt funktioniert.<\/p>\n\n\n\n<hr class=\"wp-block-separator has-text-color has-alpha-channel-opacity has-background is-style-wide\" style=\"margin-top:var(--wp--preset--spacing--70);margin-bottom:var(--wp--preset--spacing--70);background-color:#33879e29;color:#33879e29\"\/>\n\n\n\n<h4 class=\"tb-heading has-text-color\" data-toolset-blocks-heading=\"a5ddcdc6d0e028992a78658b1a529f45\" data-last-update=\"1.4\"><strong><strong>Um technische Probleme von Anfang an zu vermeiden:<\/strong><\/strong><\/h4>\n\n\n\n<ol style=\"margin-top:var(--wp--preset--spacing--30);margin-bottom:var(--wp--preset--spacing--30)\" class=\"wp-block-list\">\n<li>Halten Sie sich an Themes und Plugins, die aktiv gewartet werden und mit WPML kompatibel sind.<\/li>\n\n\n\n<li>Installieren Sie nur die Plugins, die Sie wirklich ben\u00f6tigen.<\/li>\n\n\n\n<li>Stellen Sie vor dem Hinzuf\u00fcgen eines neuen Plugins sicher, dass es einen schnellen und einfachen \u00dcbersetzungsworkflow unterst\u00fctzt.<\/li>\n\n\n\n<li>Vermeiden Sie die Verwendung von benutzerdefiniertem Code, es sei denn, Sie sind bereit, ihn mehrsprachig zu gestalten und zu pflegen<\/li>\n<\/ol>\n\n\n\n<div class=\"wp-block-toolset-blocks-container tb-container\" data-toolset-blocks-container=\"8f975b96e501b68c66ac21dfbca5db68\">\n<h5 class=\"tb-heading has-text-color\" data-toolset-blocks-heading=\"d0a79ef7c620358ad1070455c3551e5e\" data-last-update=\"1.4\"><strong>Siehe WPML&#8217;s empfohlene <\/strong><a href=\"https:\/\/wpml.org\/theme\/\"><strong>Themes<\/strong><\/a><strong> und <\/strong><a href=\"https:\/\/wpml.org\/plugin\/\"><strong>Plugins<\/strong><\/a><\/h5>\n<\/div>\n<\/div>\n<\/div>\n<\/div>\n\n\n\n<div class=\"wp-block-toolset-blocks-grid tb-grid\" data-toolset-blocks-grid=\"cd5472b0e1fa18860d882197280acb8c\">\n<div class=\"wp-block-toolset-blocks-grid-column tb-grid-column tb-grid-align-center\" data-toolset-blocks-grid-column=\"2c6e19232c221cec2ce8d8a5ee3199bb\">\n<figure class=\"wp-block-image tb-image tb-image-dynamic tb-image-frame-none\" data-toolset-blocks-image=\"46619af7b9bd9a31d58d5b4f321698dd\"><img decoding=\"async\" width=\"1153\" height=\"1536\" loading=\"lazy\" src=\"https:\/\/wpml.org\/wp-content\/uploads\/2025\/05\/Multilingual-Challenges-1.png\" alt=\"\" class=\"wp-image-17032631\" srcset=\"https:\/\/wpml.org\/wp-content\/uploads\/2025\/05\/Multilingual-Challenges-1.png 1153w, https:\/\/wpml.org\/wp-content\/uploads\/2025\/05\/Multilingual-Challenges-1-225x300.png 225w, https:\/\/wpml.org\/wp-content\/uploads\/2025\/05\/Multilingual-Challenges-1-769x1024.png 769w, https:\/\/wpml.org\/wp-content\/uploads\/2025\/05\/Multilingual-Challenges-1-113x150.png 113w, https:\/\/wpml.org\/wp-content\/uploads\/2025\/05\/Multilingual-Challenges-1-768x1023.png 768w, https:\/\/wpml.org\/wp-content\/uploads\/2025\/05\/Multilingual-Challenges-1-300x400.png 300w\" sizes=\"auto, (max-width: 1153px) 100vw, 1153px\" \/><\/figure>\n<\/div>\n\n\n\n<div class=\"wp-block-toolset-blocks-grid-column tb-grid-column tb-grid-align-center\" data-toolset-blocks-grid-column=\"e00106ffb333181b9331013c5f8ca37a\">\n<div class=\"wp-block-toolset-blocks-container tb-container\" data-toolset-blocks-container=\"e3162eee41dafe36aa073613d6512a56\">\n<h2 class=\"tb-heading has-text-color\" data-toolset-blocks-heading=\"6b17c0d6cc04bb992d8ee96b9295721f\" data-last-update=\"1.4\"><strong>Verfassen Sie Inhalte, die leicht zu verstehen und zu \u00fcbersetzen sind<\/strong><\/h2>\n\n\n\n<p class=\"tb-heading\" data-toolset-blocks-heading=\"b79e08d4e2c80337c14f6df797704d67\" data-last-update=\"1.4\">Wenn Ihre Inhalte in der Originalsprache schwer zu lesen sind, werden sie noch schwieriger zu \u00fcbersetzen sein. Je komplexer Ihre Sprache ist, desto mehr Bearbeitung wird erforderlich sein &#8211; und desto l\u00e4nger wird es dauern, bis Ihre mehrsprachige Website live geht. <\/p>\n\n\n\n<hr class=\"wp-block-separator has-text-color has-alpha-channel-opacity has-background is-style-wide\" style=\"margin-top:var(--wp--preset--spacing--70);margin-bottom:var(--wp--preset--spacing--70);background-color:#33879e29;color:#33879e29\"\/>\n\n\n\n<h4 class=\"tb-heading has-text-color\" data-toolset-blocks-heading=\"68d18ac8380575c984fba6e3b619fa68\" data-last-update=\"1.4\"><strong><strong><strong>Um gro\u00dfartige \u00dcbersetzungen zu erhalten, halten Sie Ihre Texte so einfach, dass ein 16-J\u00e4hriger sie verstehen kann:<\/strong><\/strong><\/strong><\/h4>\n\n\n\n<ol style=\"margin-top:var(--wp--preset--spacing--30);margin-bottom:var(--wp--preset--spacing--30)\" class=\"wp-block-list\">\n<li>Halten Sie S\u00e4tze kurz und direkt<\/li>\n\n\n\n<li>Verwenden Sie einfache W\u00f6rter anstelle komplizierter<\/li>\n\n\n\n<li>Vermeiden Sie Redewendungen, Umgangssprache und kulturelle Referenzen<\/li>\n\n\n\n<li>Strukturieren Sie Text mit \u00dcberschriften, Aufz\u00e4hlungspunkten und kurzen Abs\u00e4tzen<\/li>\n<\/ol>\n<\/div>\n<\/div>\n<\/div>\n\n\n\n<div class=\"wp-block-toolset-blocks-grid tb-grid\" data-toolset-blocks-grid=\"7c8c199e5ea1527196831a8d2e4a5b92\">\n<div class=\"wp-block-toolset-blocks-grid-column tb-grid-column tb-grid-align-center\" data-toolset-blocks-grid-column=\"2c6e19232c221cec2ce8d8a5ee3199bb\">\n<figure class=\"wp-block-image tb-image tb-image-dynamic tb-image-frame-none\" data-toolset-blocks-image=\"51516b4ddf404a3ec3e050145a1500a4\"><img decoding=\"async\" width=\"769\" height=\"1024\" loading=\"lazy\" src=\"https:\/\/wpml.org\/wp-content\/uploads\/2025\/05\/Automatic-1-769x1024.png\" alt=\"\" class=\"wp-image-17032646\" srcset=\"https:\/\/wpml.org\/wp-content\/uploads\/2025\/05\/Automatic-1-769x1024.png 769w, https:\/\/wpml.org\/wp-content\/uploads\/2025\/05\/Automatic-1-225x300.png 225w, https:\/\/wpml.org\/wp-content\/uploads\/2025\/05\/Automatic-1-113x150.png 113w, https:\/\/wpml.org\/wp-content\/uploads\/2025\/05\/Automatic-1-768x1023.png 768w, https:\/\/wpml.org\/wp-content\/uploads\/2025\/05\/Automatic-1-300x400.png 300w, https:\/\/wpml.org\/wp-content\/uploads\/2025\/05\/Automatic-1.png 1153w\" sizes=\"auto, (max-width: 769px) 100vw, 769px\" \/><\/figure>\n<\/div>\n\n\n\n<div class=\"wp-block-toolset-blocks-grid-column tb-grid-column tb-grid-align-center\" data-toolset-blocks-grid-column=\"e00106ffb333181b9331013c5f8ca37a\">\n<div class=\"wp-block-toolset-blocks-container tb-container\" data-toolset-blocks-container=\"76b9e19aebd78b467b04c64acfe33167\">\n<h2 class=\"tb-heading has-text-color\" data-toolset-blocks-heading=\"6b17c0d6cc04bb992d8ee96b9295721f\" data-last-update=\"1.4\"><strong>Nutzen Sie automatische \u00dcbersetzung<\/strong><\/h2>\n\n\n\n<p class=\"tb-heading\" data-toolset-blocks-heading=\"bb4b71d6eb70396b4d33c0a6b93081c6\" data-last-update=\"1.4\">Wenn Sie keine automatische \u00dcbersetzung verwenden, verbringen Sie zu viel Zeit mit manueller Arbeit. Alles selbst zu \u00fcbersetzen oder jede \u00dcbersetzung Zeile f\u00fcr Zeile zu \u00fcberpr\u00fcfen, kostet Zeit. Sie k\u00f6nnten diese wertvolle Zeit f\u00fcr Marketing, SEO oder die F\u00fchrung Ihres Unternehmens nutzen.  <br\/><br\/>Die <a href=\"https:\/\/wpml.org\/de\/documentation-3\/automatische-uebersetzung-fuer-wordpress-inhalte-mit-wpml\/\">automatische \u00dcbersetzung<\/a> von WPML liefert hervorragende Qualit\u00e4t zu minimalen Kosten. Mit den in Ihrem WPML-Kauf enthaltenen Guthaben k\u00f6nnen Sie den gr\u00f6\u00dften Teil oder sogar Ihre gesamte Website sofort \u00fcbersetzen. <\/p>\n\n\n\n<hr class=\"wp-block-separator has-text-color has-alpha-channel-opacity has-background is-style-wide\" style=\"margin-top:var(--wp--preset--spacing--70);margin-bottom:var(--wp--preset--spacing--70);background-color:#33879e29;color:#33879e29\"\/>\n\n\n\n<h4 class=\"tb-heading has-text-color\" data-toolset-blocks-heading=\"a5ddcdc6d0e028992a78658b1a529f45\" data-last-update=\"1.4\"><strong><strong><strong>Um Zeit zu sparen und Ihren mehrsprachigen Traffic schneller zu steigern:<\/strong><\/strong><\/strong><\/h4>\n\n\n\n<ol style=\"margin-top:var(--wp--preset--spacing--30);margin-bottom:var(--wp--preset--spacing--30)\" class=\"wp-block-list\">\n<li>Beginnen Sie damit, Ihre Homepage, die wichtigsten Landingpages und Inhalte, die Conversions generieren, automatisch zu \u00fcbersetzen.<\/li>\n\n\n\n<li class=\"has-link-color wp-elements-b9f3b0f7bed40ff5f2262c417121a880\"> Wenn <a href=\"https:\/\/wpml.org\/de\/documentation-3\/automatische-uebersetzung-fuer-wordpress-inhalte-mit-wpml\/wpml-ai-uebersetzungen-auf-muttersprachenniveau-fuer-wordpress\/\">WPML AI<\/a> Ihre Sprachen unterst\u00fctzt, nutzen Sie seine kontextbezogenen, besseren als menschlichen \u00dcbersetzungen, die sich lesen, als w\u00e4ren sie von einem Muttersprachler verfasst worden.<\/li>\n\n\n\n<li>Lassen Sie Inhalte nicht als Entwurf auf eine perfekte \u00dcbersetzung warten &#8211; ver\u00f6ffentlichte \u00dcbersetzungen bringen Besucher.<\/li>\n\n\n\n<li>Lassen Sie nach der Ver\u00f6ffentlichung das Feedback aus der realen Welt zeigen, was verbessert werden muss und was bereits funktioniert.<\/li>\n<\/ol>\n<\/div>\n<\/div>\n<\/div>\n<\/div><\/div>\n\n<div class=\"wp-block-toolset-blocks-container tb-container\" data-toolset-blocks-container=\"4cbda994512a716922e3f1c16d89ae6c\"><div class=\"tb-container-inner\">\n<hr class=\"wp-block-separator has-text-color has-alpha-channel-opacity has-background is-style-wide\" style=\"margin-top:var(--wp--preset--spacing--70);margin-bottom:var(--wp--preset--spacing--70);background-color:#33879e29;color:#33879e29\"\/>\n\n\n\n<h2 class=\"tb-heading has-text-color\" data-toolset-blocks-heading=\"6b17c0d6cc04bb992d8ee96b9295721f\" data-last-update=\"1.4\"><strong>Generieren Sie mehr Traffic mit einer einfachen mehrsprachigen Website<\/strong><\/h2>\n\n\n\n<p class=\"tb-heading\" data-toolset-blocks-heading=\"b79e08d4e2c80337c14f6df797704d67\" data-last-update=\"1.4\">Alles, was Sie hier gesehen haben, basiert auf realen Daten von Hunderten von WPML-Nutzern. Die Ergebnisse sind eindeutig: Die erfolgreichsten mehrsprachigen Websites halten es einfach. Sie konzentrieren sich auf das Wesentliche: zuverl\u00e4ssige Themes und Plugins, leicht verst\u00e4ndliche Inhalte und schnelle \u00dcbersetzung. Das f\u00fchrt zu besserer Leistung.   <br\/><br\/>Sie haben dieselben Strategien zur Hand. Jetzt ist es an der Zeit, sie in die Tat umzusetzen. <\/p>\n\n\n\n<div class=\"wp-block-toolset-blocks-container tb-container\" data-toolset-blocks-container=\"e6d2ff72a4fe049897bbda010079e492\">\n<div class=\"wp-block-group is-vertical is-content-justification-center is-layout-flex wp-container-core-group-is-layout-eee6a810 wp-block-group-is-layout-flex\">\n<h3 class=\"tb-heading has-text-color\" data-toolset-blocks-heading=\"b772800d09532af8a595172a6a5d0c10\" data-last-update=\"1.4\"><strong><strong>Lassen Sie uns Ihre Website \u00fcbersetzen<\/strong><\/strong><\/h3>\n\n\n\n<h4 class=\"tb-heading has-text-color\" data-toolset-blocks-heading=\"1de052fd8130ca5acd9b9cd1d93d1791\" data-last-update=\"1.4\">Sie haben die Werkzeuge, Tipps und das Selbstvertrauen, um neue Zielgruppen zu erreichen.<\/h4>\n<\/div>\n\n\n\n<div class=\"tb-button\" data-toolset-blocks-button=\"b6ec34b1d5af80775caa77548b36e2f5\"><a class=\"tb-button__link\" href=\"https:\/\/wpml.org\/documentation\/translating-your-contents\/\"><i class=\"tb-button__icon\"><\/i><span class=\"tb-button__content\">\u00dcbersetzen Sie Ihre erste Seite<\/span><\/a><\/div>\n<\/div>\n<\/div><\/div>\n","protected":false},"excerpt":{"rendered":"","protected":false},"author":538393,"featured_media":0,"parent":1262,"menu_order":0,"comment_status":"closed","ping_status":"closed","template":"template-full.php","meta":{"_bbp_topic_count":0,"_bbp_reply_count":0,"_bbp_total_topic_count":0,"_bbp_total_reply_count":0,"_bbp_voice_count":0,"_bbp_anonymous_reply_count":0,"_bbp_topic_count_hidden":0,"_bbp_reply_count_hidden":0,"_bbp_forum_subforum_count":0,"_uag_custom_page_level_css":"","ep_exclude_from_search":false,"footnotes":""},"related-projects-category":[],"class_list":["post-17060802","page","type-page","status-publish","hentry"],"spectra_custom_meta":{"_subscription_coupon_product_id":["0"],"_wpv_contains_gutenberg_views":[""],"_alp_processed":["1747909176"],"wpcf-unformatted-code":[""],"_wpml_media_duplicate":["1"],"_wpml_media_featured":["1"],"wpcf-display-breadcrumbs":["0"],"toolset_post_editor_mode":["block"],"wpcf-price-increase-show-from":[""],"wpcf-price-increase-show-till":[""],"_wp_page_template":["template-full.php"],"_yoast_wpseo_metadesc":["70% der WPML-Nutzer mit einer einfachen WordPress-Websitekonfiguration starten schneller, \u00fcbersetzen einfacher und steigern den internationalen Traffic innerhalb weniger Wochen."],"_last_translation_edit_mode":["translation-editor"],"_wpml_word_count":["822"],"_uagb_previous_block_counts":["a:90:{s:21:\"uagb\/advanced-heading\";i:0;s:15:\"uagb\/blockquote\";i:0;s:12:\"uagb\/buttons\";i:0;s:18:\"uagb\/buttons-child\";i:0;s:19:\"uagb\/call-to-action\";i:0;s:15:\"uagb\/cf7-styler\";i:0;s:11:\"uagb\/column\";i:0;s:12:\"uagb\/columns\";i:0;s:14:\"uagb\/container\";i:0;s:21:\"uagb\/content-timeline\";i:0;s:27:\"uagb\/content-timeline-child\";i:0;s:14:\"uagb\/countdown\";i:0;s:12:\"uagb\/counter\";i:0;s:8:\"uagb\/faq\";i:0;s:14:\"uagb\/faq-child\";i:0;s:10:\"uagb\/forms\";i:0;s:17:\"uagb\/forms-accept\";i:0;s:19:\"uagb\/forms-checkbox\";i:0;s:15:\"uagb\/forms-date\";i:0;s:16:\"uagb\/forms-email\";i:0;s:17:\"uagb\/forms-hidden\";i:0;s:15:\"uagb\/forms-name\";i:0;s:16:\"uagb\/forms-phone\";i:0;s:16:\"uagb\/forms-radio\";i:0;s:17:\"uagb\/forms-select\";i:0;s:19:\"uagb\/forms-textarea\";i:0;s:17:\"uagb\/forms-toggle\";i:0;s:14:\"uagb\/forms-url\";i:0;s:14:\"uagb\/gf-styler\";i:0;s:15:\"uagb\/google-map\";i:0;s:11:\"uagb\/how-to\";i:0;s:16:\"uagb\/how-to-step\";i:0;s:9:\"uagb\/icon\";i:0;s:14:\"uagb\/icon-list\";i:0;s:20:\"uagb\/icon-list-child\";i:0;s:10:\"uagb\/image\";i:0;s:18:\"uagb\/image-gallery\";i:0;s:13:\"uagb\/info-box\";i:0;s:18:\"uagb\/inline-notice\";i:0;s:11:\"uagb\/lottie\";i:0;s:21:\"uagb\/marketing-button\";i:0;s:10:\"uagb\/modal\";i:0;s:18:\"uagb\/popup-builder\";i:0;s:16:\"uagb\/post-button\";i:0;s:18:\"uagb\/post-carousel\";i:0;s:17:\"uagb\/post-excerpt\";i:0;s:14:\"uagb\/post-grid\";i:0;s:15:\"uagb\/post-image\";i:0;s:17:\"uagb\/post-masonry\";i:0;s:14:\"uagb\/post-meta\";i:0;s:18:\"uagb\/post-taxonomy\";i:0;s:18:\"uagb\/post-timeline\";i:0;s:15:\"uagb\/post-title\";i:0;s:20:\"uagb\/restaurant-menu\";i:0;s:26:\"uagb\/restaurant-menu-child\";i:0;s:11:\"uagb\/review\";i:0;s:12:\"uagb\/section\";i:0;s:14:\"uagb\/separator\";i:0;s:11:\"uagb\/slider\";i:0;s:17:\"uagb\/slider-child\";i:0;s:17:\"uagb\/social-share\";i:0;s:23:\"uagb\/social-share-child\";i:0;s:16:\"uagb\/star-rating\";i:0;s:23:\"uagb\/sure-cart-checkout\";i:0;s:22:\"uagb\/sure-cart-product\";i:0;s:15:\"uagb\/sure-forms\";i:0;s:22:\"uagb\/table-of-contents\";i:0;s:9:\"uagb\/tabs\";i:0;s:15:\"uagb\/tabs-child\";i:0;s:18:\"uagb\/taxonomy-list\";i:0;s:9:\"uagb\/team\";i:0;s:16:\"uagb\/testimonial\";i:0;s:14:\"uagb\/wp-search\";i:0;s:19:\"uagb\/instagram-feed\";i:0;s:10:\"uagb\/login\";i:0;s:17:\"uagb\/loop-builder\";i:0;s:18:\"uagb\/loop-category\";i:0;s:20:\"uagb\/loop-pagination\";i:0;s:15:\"uagb\/loop-reset\";i:0;s:16:\"uagb\/loop-search\";i:0;s:14:\"uagb\/loop-sort\";i:0;s:17:\"uagb\/loop-wrapper\";i:0;s:13:\"uagb\/register\";i:0;s:19:\"uagb\/register-email\";i:0;s:24:\"uagb\/register-first-name\";i:0;s:23:\"uagb\/register-last-name\";i:0;s:22:\"uagb\/register-password\";i:0;s:30:\"uagb\/register-reenter-password\";i:0;s:19:\"uagb\/register-terms\";i:0;s:22:\"uagb\/register-username\";i:0;}"],"_uag_css_file_name":["uag-css-17060802.css"],"_uag_page_assets":["a:9:{s:3:\"css\";s:260:\".uag-blocks-common-selector{z-index:var(--z-index-desktop) !important}@media(max-width: 976px){.uag-blocks-common-selector{z-index:var(--z-index-tablet) !important}}@media(max-width: 767px){.uag-blocks-common-selector{z-index:var(--z-index-mobile) !important}}\";s:2:\"js\";s:0:\"\";s:18:\"current_block_list\";a:12:{i:0;s:24:\"toolset-blocks\/container\";i:1;s:22:\"toolset-blocks\/heading\";i:2;s:14:\"core\/paragraph\";i:4;s:19:\"toolset-blocks\/grid\";i:5;s:26:\"toolset-blocks\/grid-column\";i:6;s:20:\"toolset-blocks\/image\";i:7;s:14:\"core\/separator\";i:8;s:9:\"core\/list\";i:9;s:14:\"core\/list-item\";i:11;s:10:\"core\/group\";i:12;s:21:\"toolset-blocks\/button\";i:13;s:14:\"core\/shortcode\";}s:8:\"uag_flag\";b:0;s:11:\"uag_version\";s:10:\"1778588732\";s:6:\"gfonts\";a:0:{}s:10:\"gfonts_url\";s:0:\"\";s:12:\"gfonts_files\";a:0:{}s:14:\"uag_faq_layout\";b:0;}"]},"uagb_featured_image_src":{"full":false,"thumbnail":false,"medium":false,"medium_large":false,"large":false,"1536x1536":false,"2048x2048":false,"gform-image-choice-sm":false,"gform-image-choice-md":false,"gform-image-choice-lg":false,"woocommerce_thumbnail":false,"woocommerce_single":false,"woocommerce_gallery_thumbnail":false},"uagb_author_info":{"display_name":"Kathy","author_link":"https:\/\/wpml.org\/de\/author\/kathy-b\/"},"uagb_comment_info":0,"uagb_excerpt":null,"_links":{"self":[{"href":"https:\/\/wpml.org\/de\/wp-json\/wp\/v2\/pages\/17060802","targetHints":{"allow":["GET"]}}],"collection":[{"href":"https:\/\/wpml.org\/de\/wp-json\/wp\/v2\/pages"}],"about":[{"href":"https:\/\/wpml.org\/de\/wp-json\/wp\/v2\/types\/page"}],"author":[{"embeddable":true,"href":"https:\/\/wpml.org\/de\/wp-json\/wp\/v2\/users\/538393"}],"replies":[{"embeddable":true,"href":"https:\/\/wpml.org\/de\/wp-json\/wp\/v2\/comments?post=17060802"}],"version-history":[{"count":1,"href":"https:\/\/wpml.org\/de\/wp-json\/wp\/v2\/pages\/17060802\/revisions"}],"predecessor-version":[{"id":17060806,"href":"https:\/\/wpml.org\/de\/wp-json\/wp\/v2\/pages\/17060802\/revisions\/17060806"}],"up":[{"embeddable":true,"href":"https:\/\/wpml.org\/de\/wp-json\/wp\/v2\/pages\/1262"}],"wp:attachment":[{"href":"https:\/\/wpml.org\/de\/wp-json\/wp\/v2\/media?parent=17060802"}],"wp:term":[{"taxonomy":"related-projects-category","embeddable":true,"href":"https:\/\/wpml.org\/de\/wp-json\/wp\/v2\/related-projects-category?post=17060802"}],"curies":[{"name":"wp","href":"https:\/\/api.w.org\/{rel}","templated":true}]}}