{"id":17505241,"date":"2025-10-07T14:32:28","date_gmt":"2025-10-07T14:32:28","guid":{"rendered":"https:\/\/wpml.org\/documentation-3\/so-ueberpruefen-sie-automatische-uebersetzungen-in-wpml\/"},"modified":"2026-02-25T06:55:24","modified_gmt":"2026-02-25T06:55:24","slug":"so-ueberpruefen-sie-automatische-uebersetzungen-in-wpml","status":"publish","type":"page","link":"https:\/\/wpml.org\/de\/documentation-3\/automatische-uebersetzung-fuer-wordpress-inhalte-mit-wpml\/so-ueberpruefen-sie-automatische-uebersetzungen-in-wpml\/","title":{"rendered":"So \u00fcberpr\u00fcfen Sie automatische \u00dcbersetzungen in WPML"},"content":{"rendered":"\n<p class=\"lead\">Erfahren Sie, wie Sie automatische \u00dcbersetzungen \u00fcberpr\u00fcfen, Bearbeitungen vornehmen und diese mit dem Erweiterten \u00dcbersetzungs-Editor von WPML auf Ihrer Website ver\u00f6ffentlichen.<\/p>\n\n<h2 class=\"wp-block-heading\">\u00dcberpr\u00fcfungsoptionen in WPML<\/h2>\n\n<p>Wenn Sie Inhalte zur automatischen \u00dcbersetzung im <a href=\"https:\/\/wpml.org\/de\/documentation-3\/ubersetzen-ihrer-inhalte\/\">\u00dcbersetzungs-Dashboard<\/a> senden, bietet WPML Ihnen die M\u00f6glichkeit, die \u00dcbersetzungen zu \u00fcberpr\u00fcfen, sobald sie fertig sind.<\/p>\n\n<figure class=\"wp-block-image tb-image tb-image-dynamic tb-image-frame-none\" data-toolset-blocks-image=\"fb683ee3f858e3ac5385232eb93d3184\"><a href=\"https:\/\/wpml.org\/wp-content\/uploads\/2026\/02\/Translation-review-options.png\"><img decoding=\"async\" width=\"1024\" height=\"695\" loading=\"lazy\" src=\"https:\/\/wpml.org\/wp-content\/uploads\/2026\/02\/Translation-review-options-1024x695.png\" alt=\"Translation review options\" class=\"wp-image-17792487\" srcset=\"https:\/\/wpml.org\/wp-content\/uploads\/2026\/02\/Translation-review-options-1024x695.png 1024w, https:\/\/wpml.org\/wp-content\/uploads\/2026\/02\/Translation-review-options-300x204.png 300w, https:\/\/wpml.org\/wp-content\/uploads\/2026\/02\/Translation-review-options-150x102.png 150w, https:\/\/wpml.org\/wp-content\/uploads\/2026\/02\/Translation-review-options-768x521.png 768w, https:\/\/wpml.org\/wp-content\/uploads\/2026\/02\/Translation-review-options-1536x1043.png 1536w, https:\/\/wpml.org\/wp-content\/uploads\/2026\/02\/Translation-review-options.png 1600w\" sizes=\"auto, (max-width: 1024px) 100vw, 1024px\" \/><\/a><figcaption><div class=\"tb-image-caption\">Optionen f\u00fcr die \u00dcberpr\u00fcfung von \u00dcbersetzungen<\/div><\/figcaption><\/figure>\n\n<p>Sie haben zwei \u00dcberpr\u00fcfungsoptionen: <\/p>\n\n<ul class=\"wp-block-list\">\n<li><strong>Auf \u00dcberpr\u00fcfung warten<\/strong> \u2013 WPML zeigt fertige \u00dcbersetzungen im Tab <strong>\u00dcbersetzungen<\/strong> an und ver\u00f6ffentlicht sie erst, nachdem Sie die \u00dcberpr\u00fcfung abgeschlossen haben. <\/li>\n\n\n\n<li><strong>Ver\u00f6ffentlichen und zur \u00dcberpr\u00fcfung markieren<\/strong> \u2013 WPML ver\u00f6ffentlicht fertige \u00dcbersetzungen auf Ihrer Website, zeigt sie aber auch im Tab <strong>\u00dcbersetzungen<\/strong> an, sodass Sie diese nach eigenem Belieben \u00fcberpr\u00fcfen k\u00f6nnen.<\/li>\n<\/ul>\n\n<h2 class=\"wp-block-heading\">Wann sollte ich \u00dcbersetzungen \u00fcberpr\u00fcfen?<\/h2>\n\n<p>Sie m\u00fcssen \u00dcbersetzungen nur \u00fcberpr\u00fcfen, wenn Sie <strong>DeepL<\/strong>, <strong>Google<\/strong> oder <strong>Microsoft<\/strong> verwenden. Der Grund, warum Sie \u00dcbersetzungen bei der Verwendung von PTC nicht \u00fcberpr\u00fcfen m\u00fcssen, ist, dass PTC \u00dcbersetzungen erstellt, die besser als menschliche sind.  <\/p>\n\n<p>Im Gegensatz zu anderen \u00dcbersetzungs-Engines versteht PTC das Thema Ihrer Website und Ihre Zielgruppe und erstellt hochpr\u00e4zise \u00dcbersetzungen, die auf Ihre Website zugeschnitten sind und wie von einem Muttersprachler klingen. <\/p>\n\n<h2 class=\"wp-block-heading\">So \u00fcberpr\u00fcfen Sie automatische \u00dcbersetzungen<\/h2>\n\n<p>Sobald Sie Inhalte zur automatischen \u00dcbersetzung gesendet und eine \u00dcberpr\u00fcfungsoption gew\u00e4hlt haben, folgen Sie den unten stehenden Schritten, um Ihre \u00dcbersetzungen zu \u00fcberpr\u00fcfen. <\/p>\n\n<h3 class=\"wp-block-heading\">1. \u00dcbersetzung zur \u00dcberpr\u00fcfung ausw\u00e4hlen<\/h3>\n\n<ol class=\"wp-block-list\">\n<li>Gehen Sie zu <strong>WPML <\/strong>\u2192 <strong>\u00dcbersetzungen<\/strong>.<\/li>\n\n\n\n<li>Suchen Sie Ihren \u00dcbersetzungsauftrag und klicken Sie auf die Schaltfl\u00e4che <strong>\u00dcberpr\u00fcfen<\/strong> auf der rechten Seite.<\/li>\n\n\n\n<li>Wenn Sie mehrere \u00dcbersetzungsauftr\u00e4ge haben, die auf eine \u00dcberpr\u00fcfung warten, verwenden Sie die Filter in der Kopfzeile, um Ihre Seite schnell zu finden. Sie k\u00f6nnen suchen nach: \n<ul class=\"wp-block-list\">\n<li>Seitentitel<\/li>\n\n\n\n<li>Inhaltstyp (z. B. Seite, Produkt)<\/li>\n\n\n\n<li>Sprachpaare (z. B. von Englisch nach Spanisch)<\/li>\n\n\n\n<li>Status (z. B. wartet auf \u00dcberpr\u00fcfung, in Bearbeitung) <\/li>\n<\/ul>\n<\/li>\n<\/ol>\n\n<figure class=\"wp-block-image tb-image tb-image-dynamic tb-image-frame-none\" data-toolset-blocks-image=\"3048de41c02d6e8f1e01db7747a8a147\"><a href=\"https:\/\/wpml.org\/wp-content\/uploads\/2025\/09\/Clicking-the-review-button-in-the-Translations-tab.png\"><img decoding=\"async\" width=\"1024\" height=\"662\" loading=\"lazy\" src=\"https:\/\/wpml.org\/wp-content\/uploads\/2025\/09\/Clicking-the-review-button-in-the-Translations-tab-1024x662.png\" alt=\"Clicking the review button in the Translations tab\" class=\"wp-image-17432274\" srcset=\"https:\/\/wpml.org\/wp-content\/uploads\/2025\/09\/Clicking-the-review-button-in-the-Translations-tab-1024x662.png 1024w, https:\/\/wpml.org\/wp-content\/uploads\/2025\/09\/Clicking-the-review-button-in-the-Translations-tab-300x194.png 300w, https:\/\/wpml.org\/wp-content\/uploads\/2025\/09\/Clicking-the-review-button-in-the-Translations-tab-150x97.png 150w, https:\/\/wpml.org\/wp-content\/uploads\/2025\/09\/Clicking-the-review-button-in-the-Translations-tab-768x497.png 768w, https:\/\/wpml.org\/wp-content\/uploads\/2025\/09\/Clicking-the-review-button-in-the-Translations-tab-1536x994.png 1536w, https:\/\/wpml.org\/wp-content\/uploads\/2025\/09\/Clicking-the-review-button-in-the-Translations-tab.png 1600w\" sizes=\"auto, (max-width: 1024px) 100vw, 1024px\" \/><\/a><figcaption><div class=\"tb-image-caption\">Klicken auf die Schaltfl\u00e4che \u201e\u00dcberpr\u00fcfen\u201c im Tab \u201e\u00dcbersetzungen\u201c<\/div><\/figcaption><\/figure>\n\n<h3 class=\"wp-block-heading\">2. \u00dcbersetzungen in der Front-End-Ansicht \u00fcberpr\u00fcfen<\/h3>\n\n<p>Sobald Sie eine \u00dcbersetzung zur \u00dcberpr\u00fcfung ausw\u00e4hlen, \u00f6ffnet sich der Front-End-\u00dcberpr\u00fcfungsbildschirm, der Ihnen zeigt, wie die \u00dcbersetzungen auf Ihrer Website aussehen werden. <\/p>\n\n<p>Wenn Sie mit Ihren \u00dcbersetzungen zufrieden sind, klicken Sie im oberen Bereich auf die Schaltfl\u00e4che <strong>Diese \u00dcbersetzung ver\u00f6ffentlichen<\/strong>. Um \u00c4nderungen an Ihren \u00dcbersetzungen vorzunehmen, klicken Sie im oberen Bereich auf die Schaltfl\u00e4che <strong>\u00dcbersetzungen bearbeiten<\/strong>. Dies \u00f6ffnet den <strong>Erweiterten \u00dcbersetzungs-Editor<\/strong>.  <\/p>\n\n<figure class=\"wp-block-image tb-image tb-image-dynamic tb-image-frame-none\" data-toolset-blocks-image=\"a686f3202e8c32585908ba9137435dc2\"><a href=\"https:\/\/wpml.org\/wp-content\/uploads\/2025\/09\/Toolbar-in-front-end-translation-review-screen.png\"><img decoding=\"async\" width=\"1024\" height=\"683\" loading=\"lazy\" src=\"https:\/\/wpml.org\/wp-content\/uploads\/2025\/09\/Toolbar-in-front-end-translation-review-screen-1024x683.png\" alt=\"Toolbar in front-end translation review screen\" class=\"wp-image-17432289\" srcset=\"https:\/\/wpml.org\/wp-content\/uploads\/2025\/09\/Toolbar-in-front-end-translation-review-screen-1024x683.png 1024w, https:\/\/wpml.org\/wp-content\/uploads\/2025\/09\/Toolbar-in-front-end-translation-review-screen-300x200.png 300w, https:\/\/wpml.org\/wp-content\/uploads\/2025\/09\/Toolbar-in-front-end-translation-review-screen-150x100.png 150w, https:\/\/wpml.org\/wp-content\/uploads\/2025\/09\/Toolbar-in-front-end-translation-review-screen-768x512.png 768w, https:\/\/wpml.org\/wp-content\/uploads\/2025\/09\/Toolbar-in-front-end-translation-review-screen-1536x1024.png 1536w, https:\/\/wpml.org\/wp-content\/uploads\/2025\/09\/Toolbar-in-front-end-translation-review-screen.png 1600w\" sizes=\"auto, (max-width: 1024px) 100vw, 1024px\" \/><\/a><figcaption><div class=\"tb-image-caption\">Symbolleiste im Front-End-Bildschirm zur \u00dcberpr\u00fcfung der \u00dcbersetzung<\/div><\/figcaption><\/figure>\n\n<h3 class=\"wp-block-heading\">3. \u00dcbersetzungen bearbeiten (optional)<\/h3>\n\n<p>So bearbeiten Sie \u00dcbersetzungen mit dem Erweiterten \u00dcbersetzungs-Editor:<\/p>\n\n<ol class=\"wp-block-list\">\n<li>Klicken Sie auf den Abschnitt mit Ihren \u00dcbersetzungen und nehmen Sie Ihre \u00c4nderungen vor. <\/li>\n\n\n\n<li>Wenn Ihr Text HTML-Formatierungen enth\u00e4lt (z. B. fett, kursiv), stellen Sie sicher, dass Sie die erforderlichen Formate anwenden; markieren Sie den \u00fcbersetzten Text, der eine Formatierung ben\u00f6tigt, und klicken Sie auf die entsprechende Markierungsschaltfl\u00e4che im Container <strong>Markierungen in diesem Satz<\/strong>.<\/li>\n<\/ol>\n\n<figure class=\"wp-block-image tb-image tb-image-dynamic tb-image-frame-none\" data-toolset-blocks-image=\"3d1fab6fe3726a0601d975b1ec13270c\"><a href=\"https:\/\/wpml.org\/wp-content\/uploads\/2025\/09\/Adding-HTML-formatting-in-the-Advanced-Translation-Editor.png\"><img decoding=\"async\" width=\"1024\" height=\"648\" loading=\"lazy\" src=\"https:\/\/wpml.org\/wp-content\/uploads\/2025\/09\/Adding-HTML-formatting-in-the-Advanced-Translation-Editor-1024x648.png\" alt=\"Adding HTML formatting in the Advanced Translation Editor\" class=\"wp-image-17432303\" srcset=\"https:\/\/wpml.org\/wp-content\/uploads\/2025\/09\/Adding-HTML-formatting-in-the-Advanced-Translation-Editor-1024x648.png 1024w, https:\/\/wpml.org\/wp-content\/uploads\/2025\/09\/Adding-HTML-formatting-in-the-Advanced-Translation-Editor-300x190.png 300w, https:\/\/wpml.org\/wp-content\/uploads\/2025\/09\/Adding-HTML-formatting-in-the-Advanced-Translation-Editor-150x95.png 150w, https:\/\/wpml.org\/wp-content\/uploads\/2025\/09\/Adding-HTML-formatting-in-the-Advanced-Translation-Editor-768x486.png 768w, https:\/\/wpml.org\/wp-content\/uploads\/2025\/09\/Adding-HTML-formatting-in-the-Advanced-Translation-Editor-1536x972.png 1536w, https:\/\/wpml.org\/wp-content\/uploads\/2025\/09\/Adding-HTML-formatting-in-the-Advanced-Translation-Editor.png 1600w\" sizes=\"auto, (max-width: 1024px) 100vw, 1024px\" \/><\/a><figcaption><div class=\"tb-image-caption\">Hinzuf\u00fcgen von HTML-Formatierungen im Erweiterten \u00dcbersetzungs-Editor<\/div><\/figcaption><\/figure>\n\n<ol start=\"3\" class=\"wp-block-list\">\n<li>Sobald Sie die Bearbeitung der \u00dcbersetzungen in einem Abschnitt abgeschlossen haben, klicken Sie auf das <strong>X<\/strong>-Symbol in der rechten Symbolleiste, um ihn zu schlie\u00dfen.<\/li>\n\n\n\n<li>Um den Bearbeitungsprozess abzuschlie\u00dfen, klicken Sie unten rechts auf die Schaltfl\u00e4che <strong>Speichern und fertigstellen<\/strong>. Dies f\u00fchrt Sie zur\u00fcck zum Front-End-\u00dcberpr\u00fcfungsbildschirm. <\/li>\n\n\n\n<li>Um \u00dcbersetzungen zu ver\u00f6ffentlichen, klicken Sie im oberen Bereich auf die Schaltfl\u00e4che <strong>\u00dcbersetzungen ver\u00f6ffentlichen<\/strong>. <\/li>\n<\/ol>\n\n<p>Ihre \u00fcberpr\u00fcften \u00dcbersetzungen erscheinen nun auf Ihrer Website, wenn Sie die Sprache wechseln.<\/p>\n","protected":false},"excerpt":{"rendered":"<p>Erfahren Sie, wie Sie automatische \u00dcbersetzungen \u00fcberpr\u00fcfen, Bearbeitungen vornehmen und diese mit dem Erweiterten \u00dcbersetzungs-Editor von WPML auf Ihrer Website ver\u00f6ffentlichen. \u00dcberpr\u00fcfungsoptionen in WPML Wenn Sie Inhalte zur automatischen \u00dcbersetzung im \u00dcbersetzungs-Dashboard senden, bietet WPML Ihnen die M\u00f6glichkeit, die \u00dcbersetzungen zu \u00fcberpr\u00fcfen, sobald sie fertig sind. Sie haben zwei \u00dcberpr\u00fcfungsoptionen: Wann sollte ich \u00dcbersetzungen \u00fcberpr\u00fcfen? [&hellip;]<\/p>\n","protected":false},"author":578773,"featured_media":0,"parent":4844551,"menu_order":0,"comment_status":"closed","ping_status":"closed","template":"template-nosidebar-centered.php","meta":{"_bbp_topic_count":0,"_bbp_reply_count":0,"_bbp_total_topic_count":0,"_bbp_total_reply_count":0,"_bbp_voice_count":0,"_bbp_anonymous_reply_count":0,"_bbp_topic_count_hidden":0,"_bbp_reply_count_hidden":0,"_bbp_forum_subforum_count":0,"_uag_custom_page_level_css":"","ep_exclude_from_search":false,"footnotes":""},"related-projects-category":[],"class_list":["post-17505241","page","type-page","status-publish","hentry"],"spectra_custom_meta":{"_subscription_coupon_product_id":["0"],"_wpv_contains_gutenberg_views":[""],"_alp_processed":["1772002524"],"wpcf-unformatted-code":[""],"_wpml_media_duplicate":["1"],"_wpml_media_featured":["1"],"toolset_post_editor_mode":["block"],"wpcf-price-increase-show-from":[""],"wpcf-price-increase-show-till":[""],"_wp_page_template":["template-nosidebar-centered.php"],"_last_translation_edit_mode":["translation-editor"],"_wpml_word_count":["716"],"cmplz_hide_cookiebanner":[""],"wpcf-price-increase-content":[""],"wpcf-login-box-title":[""],"wpcf-page-content":[""],"_yoast_wpseo_primary_related-projects-category":[""],"_yoast_wpseo_title":["%%title%% %%page%%"],"_yoast_wpseo_metadesc":["Erfahren Sie, wie Sie automatische \u00dcbersetzungen \u00fcberpr\u00fcfen, Bearbeitungen vornehmen und diese mit dem Erweiterten \u00dcbersetzungs-Editor von WPML auf Ihrer Website ver\u00f6ffentlichen."],"_uagb_previous_block_counts":["a:90:{s:21:\"uagb\/advanced-heading\";i:0;s:15:\"uagb\/blockquote\";i:0;s:12:\"uagb\/buttons\";i:0;s:18:\"uagb\/buttons-child\";i:0;s:19:\"uagb\/call-to-action\";i:0;s:15:\"uagb\/cf7-styler\";i:0;s:11:\"uagb\/column\";i:0;s:12:\"uagb\/columns\";i:0;s:14:\"uagb\/container\";i:0;s:21:\"uagb\/content-timeline\";i:0;s:27:\"uagb\/content-timeline-child\";i:0;s:14:\"uagb\/countdown\";i:0;s:12:\"uagb\/counter\";i:0;s:8:\"uagb\/faq\";i:0;s:14:\"uagb\/faq-child\";i:0;s:10:\"uagb\/forms\";i:0;s:17:\"uagb\/forms-accept\";i:0;s:19:\"uagb\/forms-checkbox\";i:0;s:15:\"uagb\/forms-date\";i:0;s:16:\"uagb\/forms-email\";i:0;s:17:\"uagb\/forms-hidden\";i:0;s:15:\"uagb\/forms-name\";i:0;s:16:\"uagb\/forms-phone\";i:0;s:16:\"uagb\/forms-radio\";i:0;s:17:\"uagb\/forms-select\";i:0;s:19:\"uagb\/forms-textarea\";i:0;s:17:\"uagb\/forms-toggle\";i:0;s:14:\"uagb\/forms-url\";i:0;s:14:\"uagb\/gf-styler\";i:0;s:15:\"uagb\/google-map\";i:0;s:11:\"uagb\/how-to\";i:0;s:16:\"uagb\/how-to-step\";i:0;s:9:\"uagb\/icon\";i:0;s:14:\"uagb\/icon-list\";i:0;s:20:\"uagb\/icon-list-child\";i:0;s:10:\"uagb\/image\";i:0;s:18:\"uagb\/image-gallery\";i:0;s:13:\"uagb\/info-box\";i:0;s:18:\"uagb\/inline-notice\";i:0;s:11:\"uagb\/lottie\";i:0;s:21:\"uagb\/marketing-button\";i:0;s:10:\"uagb\/modal\";i:0;s:18:\"uagb\/popup-builder\";i:0;s:16:\"uagb\/post-button\";i:0;s:18:\"uagb\/post-carousel\";i:0;s:17:\"uagb\/post-excerpt\";i:0;s:14:\"uagb\/post-grid\";i:0;s:15:\"uagb\/post-image\";i:0;s:17:\"uagb\/post-masonry\";i:0;s:14:\"uagb\/post-meta\";i:0;s:18:\"uagb\/post-taxonomy\";i:0;s:18:\"uagb\/post-timeline\";i:0;s:15:\"uagb\/post-title\";i:0;s:20:\"uagb\/restaurant-menu\";i:0;s:26:\"uagb\/restaurant-menu-child\";i:0;s:11:\"uagb\/review\";i:0;s:12:\"uagb\/section\";i:0;s:14:\"uagb\/separator\";i:0;s:11:\"uagb\/slider\";i:0;s:17:\"uagb\/slider-child\";i:0;s:17:\"uagb\/social-share\";i:0;s:23:\"uagb\/social-share-child\";i:0;s:16:\"uagb\/star-rating\";i:0;s:23:\"uagb\/sure-cart-checkout\";i:0;s:22:\"uagb\/sure-cart-product\";i:0;s:15:\"uagb\/sure-forms\";i:0;s:22:\"uagb\/table-of-contents\";i:0;s:9:\"uagb\/tabs\";i:0;s:15:\"uagb\/tabs-child\";i:0;s:18:\"uagb\/taxonomy-list\";i:0;s:9:\"uagb\/team\";i:0;s:16:\"uagb\/testimonial\";i:0;s:14:\"uagb\/wp-search\";i:0;s:19:\"uagb\/instagram-feed\";i:0;s:10:\"uagb\/login\";i:0;s:17:\"uagb\/loop-builder\";i:0;s:18:\"uagb\/loop-category\";i:0;s:20:\"uagb\/loop-pagination\";i:0;s:15:\"uagb\/loop-reset\";i:0;s:16:\"uagb\/loop-search\";i:0;s:14:\"uagb\/loop-sort\";i:0;s:17:\"uagb\/loop-wrapper\";i:0;s:13:\"uagb\/register\";i:0;s:19:\"uagb\/register-email\";i:0;s:24:\"uagb\/register-first-name\";i:0;s:23:\"uagb\/register-last-name\";i:0;s:22:\"uagb\/register-password\";i:0;s:30:\"uagb\/register-reenter-password\";i:0;s:19:\"uagb\/register-terms\";i:0;s:22:\"uagb\/register-username\";i:0;}"],"_uag_css_file_name":["uag-css-17505241.css"],"_uag_page_assets":["a:9:{s:3:\"css\";s:260:\".uag-blocks-common-selector{z-index:var(--z-index-desktop) !important}@media(max-width: 976px){.uag-blocks-common-selector{z-index:var(--z-index-tablet) !important}}@media(max-width: 767px){.uag-blocks-common-selector{z-index:var(--z-index-mobile) !important}}\";s:2:\"js\";s:0:\"\";s:18:\"current_block_list\";a:6:{i:0;s:14:\"core\/paragraph\";i:1;s:12:\"core\/heading\";i:2;s:20:\"toolset-blocks\/image\";i:3;s:9:\"core\/list\";i:4;s:14:\"core\/list-item\";i:5;s:14:\"core\/shortcode\";}s:8:\"uag_flag\";b:0;s:11:\"uag_version\";s:10:\"1778745731\";s:6:\"gfonts\";a:0:{}s:10:\"gfonts_url\";s:0:\"\";s:12:\"gfonts_files\";a:0:{}s:14:\"uag_faq_layout\";b:0;}"]},"uagb_featured_image_src":{"full":false,"thumbnail":false,"medium":false,"medium_large":false,"large":false,"1536x1536":false,"2048x2048":false,"gform-image-choice-sm":false,"gform-image-choice-md":false,"gform-image-choice-lg":false,"woocommerce_thumbnail":false,"woocommerce_single":false,"woocommerce_gallery_thumbnail":false},"uagb_author_info":{"display_name":"Tomer Helzer","author_link":"https:\/\/wpml.org\/de\/author\/tomer-h\/"},"uagb_comment_info":0,"uagb_excerpt":"Erfahren Sie, wie Sie automatische \u00dcbersetzungen \u00fcberpr\u00fcfen, Bearbeitungen vornehmen und diese mit dem Erweiterten \u00dcbersetzungs-Editor von WPML auf Ihrer Website ver\u00f6ffentlichen. \u00dcberpr\u00fcfungsoptionen in WPML Wenn Sie Inhalte zur automatischen \u00dcbersetzung im \u00dcbersetzungs-Dashboard senden, bietet WPML Ihnen die M\u00f6glichkeit, die \u00dcbersetzungen zu \u00fcberpr\u00fcfen, sobald sie fertig sind. Sie haben zwei \u00dcberpr\u00fcfungsoptionen: Wann sollte ich \u00dcbersetzungen \u00fcberpr\u00fcfen?&hellip;","_links":{"self":[{"href":"https:\/\/wpml.org\/de\/wp-json\/wp\/v2\/pages\/17505241","targetHints":{"allow":["GET"]}}],"collection":[{"href":"https:\/\/wpml.org\/de\/wp-json\/wp\/v2\/pages"}],"about":[{"href":"https:\/\/wpml.org\/de\/wp-json\/wp\/v2\/types\/page"}],"author":[{"embeddable":true,"href":"https:\/\/wpml.org\/de\/wp-json\/wp\/v2\/users\/578773"}],"replies":[{"embeddable":true,"href":"https:\/\/wpml.org\/de\/wp-json\/wp\/v2\/comments?post=17505241"}],"version-history":[{"count":5,"href":"https:\/\/wpml.org\/de\/wp-json\/wp\/v2\/pages\/17505241\/revisions"}],"predecessor-version":[{"id":17849535,"href":"https:\/\/wpml.org\/de\/wp-json\/wp\/v2\/pages\/17505241\/revisions\/17849535"}],"up":[{"embeddable":true,"href":"https:\/\/wpml.org\/de\/wp-json\/wp\/v2\/pages\/4844551"}],"wp:attachment":[{"href":"https:\/\/wpml.org\/de\/wp-json\/wp\/v2\/media?parent=17505241"}],"wp:term":[{"taxonomy":"related-projects-category","embeddable":true,"href":"https:\/\/wpml.org\/de\/wp-json\/wp\/v2\/related-projects-category?post=17505241"}],"curies":[{"name":"wp","href":"https:\/\/api.w.org\/{rel}","templated":true}]}}