{"id":17578421,"date":"2025-09-23T13:25:55","date_gmt":"2025-09-23T13:25:55","guid":{"rendered":"https:\/\/wpml.org\/documentation-3\/ahnliche-projekte\/wpml-export-und-import\/automatisieren-sie-den-wpml-export-and-import-prozess\/"},"modified":"2026-02-26T07:26:26","modified_gmt":"2026-02-26T07:26:26","slug":"automatisieren-sie-den-wpml-export-and-import-prozess","status":"publish","type":"page","link":"https:\/\/wpml.org\/de\/documentation-3\/ahnliche-projekte\/wpml-export-und-import\/automatisieren-sie-den-wpml-export-and-import-prozess\/","title":{"rendered":"Automatisieren Sie den WPML Export and Import-Prozess"},"content":{"rendered":"\n<p class=\"lead\">Erfahren Sie, wie Sie die Verarbeitung importierter mehrsprachiger Inhalte durch das WPML Export and Import-Addon planen k\u00f6nnen.<\/p>\n\n<p><a href=\"https:\/\/wpml.org\/de\/documentation-3\/ahnliche-projekte\/wpml-export-und-import\/\">WPML Export and Import<\/a> arbeitet mit Ihren gew\u00e4hlten Import-Plugins zusammen, um Sprachinformationen zu importierten Inhalten hinzuzuf\u00fcgen und \u00dcbersetzungen zu verkn\u00fcpfen. Wenn Sie Ihre Importe so geplant haben, dass sie automatisch erfolgen, m\u00fcssen Sie WPML Export and Import nicht manuell ausl\u00f6sen \u2013 Sie k\u00f6nnen den Prozess so planen, dass er immer dann ausgef\u00fchrt wird, wenn ein Import abgeschlossen ist. <\/p>\n\n<p>Dies macht manuelle Arbeit \u00fcberfl\u00fcssig und erm\u00f6glicht vollautomatische Importe von mehrsprachigen Inhalten von Anfang bis Ende.<\/p>\n\n<h2 class=\"wp-block-heading\">Erforderliche Plugins<\/h2>\n\n<p>Installieren und aktivieren Sie alle erforderlichen Plugins sowohl auf Ihren Export- als auch auf Ihren Import-Seiten:<\/p>\n\n<ul class=\"wp-block-list\">\n<li>Ein <a href=\"https:\/\/wpml.org\/de\/documentation-3\/ahnliche-projekte\/wpml-export-und-import\/#supported-export-and-import-plugins-and-tools\">unterst\u00fctztes WordPress Export- und Import-Plugin oder -Tool<\/a><\/li>\n\n\n\n<li>WPML<\/li>\n\n\n\n<li>WPML String Translation<\/li>\n\n\n\n<li>WPML Export and Import<\/li>\n\n\n\n<li>WPML Multilingual &amp; Multicurrency for WooCommerce (nur wenn Sie WooCommerce-Produkte exportieren und importieren)<\/li>\n<\/ul>\n\n<p>Stellen Sie auf Ihrer Import-Seite sicher, dass Sie WPML mit den Sprachen einrichten, die Sie importieren.<\/p>\n\n<h2 class=\"wp-block-heading\">W\u00e4hlen Sie Ihre bevorzugte API<\/h2>\n\n<p>Verwenden Sie je nach Konfiguration der geplanten Importe eine dieser APIs:<\/p>\n\n<ul class=\"wp-block-list\">\n<li><strong>URL Endpoint API<\/strong>: Dies ist ein HTTP-Endpunkt f\u00fcr Cron-Jobs \u2013 am h\u00e4ufigsten verwendet, wenn Sie Aktionen mit dem WP All Import-Plugin planen. Mit dieser Methode f\u00fcgen Sie Ihrem bestehenden Setup einfach eine weitere URL hinzu. <\/li>\n<\/ul>\n\n<ul class=\"wp-block-list\">\n<li><strong>Action Hook API<\/strong>. Wenn Sie PHP verwenden, um Importe zu planen (z. B. mit Action Scheduler), f\u00fcgen Sie diesen Action Hook hinzu, um den WPML Export and Import-Prozess aus Ihrem Skript aufzurufen. <\/li>\n<\/ul>\n\n<p>Beide Prozesse f\u00fchren zu einer stillen, automatisierten Verarbeitung Ihrer mehrsprachigen Inhalte.<\/p>\n\n<h3 class=\"wp-block-heading\">Option 1: Konfigurieren Sie einen URL-Endpunkt<\/h3>\n\n<p>So richten Sie den URL-Endpunkt ein:<\/p>\n\n<p><strong>1. Erstellen Sie einen starken und eindeutigen Sicherheitsschl\u00fcssel, indem Sie ihn zu Ihrer wp-config.php hinzuf\u00fcgen<\/strong>.<\/p>\n<div class=\"wp-block-syntaxhighlighter-code \"><pre class=\"brush: plain; title: ; notranslate\" title=\"\">\ndefine( &#039;WPML_IMPORT_KEY&#039;, &#039;your-strong-secret-key-here&#039; );\n<\/pre><\/div>\n<p><strong>2. F\u00fcgen Sie die Verarbeitungs-URL zu Ihrer bestehenden Konfiguration f\u00fcr geplante Importe hinzu<\/strong>.<\/p>\n\n<p>Das URL-Format sollte wie folgt aussehen:<\/p>\n<div class=\"wp-block-syntaxhighlighter-code \"><pre class=\"brush: plain; title: ; notranslate\" title=\"\">\nhttps:\/\/yoursite.com\/?wpml_import_trigger=your-strong-secret-key-here\n<\/pre><\/div>\n<h4 class=\"wp-block-heading\">Beispiel mit WP All Import Pro<\/h4>\n\n<p>Angenommen, Sie verwenden die manuelle Planungskonfiguration in WP All Import Pro. Ihr Setup k\u00f6nnte folgenderma\u00dfen aussehen: <\/p>\n\n<figure class=\"wp-block-image tb-image tb-image-dynamic tb-image-frame-none\" data-toolset-blocks-image=\"ca199a2699a014bf97523d416677d509\"><a href=\"https:\/\/wpml.org\/wp-content\/uploads\/2025\/09\/cron-jobs-example.png\"><img decoding=\"async\" width=\"1290\" height=\"820\" loading=\"lazy\" src=\"https:\/\/wpml.org\/wp-content\/uploads\/2025\/09\/cron-jobs-example.png\" alt=\"\" class=\"wp-image-17425475\" srcset=\"https:\/\/wpml.org\/wp-content\/uploads\/2025\/09\/cron-jobs-example.png 1290w, https:\/\/wpml.org\/wp-content\/uploads\/2025\/09\/cron-jobs-example-300x191.png 300w, https:\/\/wpml.org\/wp-content\/uploads\/2025\/09\/cron-jobs-example-1024x651.png 1024w, https:\/\/wpml.org\/wp-content\/uploads\/2025\/09\/cron-jobs-example-150x95.png 150w, https:\/\/wpml.org\/wp-content\/uploads\/2025\/09\/cron-jobs-example-768x488.png 768w\" sizes=\"auto, (max-width: 1290px) 100vw, 1290px\" \/><\/a><figcaption><div class=\"tb-image-caption\">Cron-Jobs-Beispiel aus einem Test-Setup mit WP All Import<\/div><\/figcaption><\/figure>\n\n<p>Jetzt m\u00fcssen Sie nur noch einen weiteren Cron-Befehl hinzuf\u00fcgen, um die WPML Export and Import-URL auszul\u00f6sen:<\/p>\n<div class=\"wp-block-syntaxhighlighter-code \"><pre class=\"brush: plain; title: ; notranslate\" title=\"\">\nwget -q -O - &quot;https:\/\/yoursite.com\/?wpml_import_trigger=your-strong-secret-key-here&quot;\n<\/pre><\/div>\n<p>Im Wesentlichen konfigurieren Sie diese zus\u00e4tzliche URL auf die gleiche Weise, wie Sie Ihre anderen geplanten Cronjobs konfiguriert haben.<\/p>\n\n<h4 class=\"wp-block-heading\">Fehlerbehebung<\/h4>\n\n<p>Sie ben\u00f6tigen eine M\u00f6glichkeit, Fehler zu \u00fcberpr\u00fcfen, falls diese auftreten. Aktivieren Sie dazu WP_DEBUG_LOG in Ihrem PHP. <\/p>\n\n<p>Dadurch k\u00f6nnen Sie Fehler in den Protokolleintr\u00e4gen sehen.<\/p>\n\n<h3 class=\"wp-block-heading\">Option 2: Konfigurieren Sie einen Action Hook<\/h3>\n\n<p>Um den WPML Export and Import-Prozess aufzurufen, f\u00fcgen Sie den folgenden Hook zu Ihrem PHP-Code hinzu:<\/p>\n<div class=\"wp-block-syntaxhighlighter-code \"><pre class=\"brush: plain; title: ; notranslate\" title=\"\">\n\/\/ Importverarbeitung ausl\u00f6sen\ndo_action( &#039;wpml_import_process&#039; );\n<\/pre><\/div>\n<p>Wenn Sie die Importaktionen planen, verwenden Sie die folgende Zeile, um den Hook als Hintergrundaufgabe zu planen:<\/p>\n<div class=\"wp-block-syntaxhighlighter-code \"><pre class=\"brush: plain; title: ; notranslate\" title=\"\">\nwp_schedule_single_event( time(), &#039;wpml_import_process&#039; );\n<\/pre><\/div>\n<p>Und das ist alles! Ihr Prozess des Imports von mehrsprachigen Inhalten ist jetzt vollst\u00e4ndig automatisiert und erfordert keine manuellen Eingriffe mehr. <\/p>\n\n<p><\/p>\n","protected":false},"excerpt":{"rendered":"<p>Erfahren Sie, wie Sie die Verarbeitung importierter mehrsprachiger Inhalte durch das WPML Export and Import-Addon planen k\u00f6nnen. WPML Export and Import arbeitet mit Ihren gew\u00e4hlten Import-Plugins zusammen, um Sprachinformationen zu importierten Inhalten hinzuzuf\u00fcgen und \u00dcbersetzungen zu verkn\u00fcpfen. Wenn Sie Ihre Importe so geplant haben, dass sie automatisch erfolgen, m\u00fcssen Sie WPML Export and Import nicht [&hellip;]<\/p>\n","protected":false},"author":777903,"featured_media":0,"parent":15228687,"menu_order":0,"comment_status":"closed","ping_status":"closed","template":"","meta":{"_bbp_topic_count":0,"_bbp_reply_count":0,"_bbp_total_topic_count":0,"_bbp_total_reply_count":0,"_bbp_voice_count":0,"_bbp_anonymous_reply_count":0,"_bbp_topic_count_hidden":0,"_bbp_reply_count_hidden":0,"_bbp_forum_subforum_count":0,"ep_exclude_from_search":false,"footnotes":""},"related-projects-category":[],"class_list":["post-17578421","page","type-page","status-publish","hentry"],"_links":{"self":[{"href":"https:\/\/wpml.org\/de\/wp-json\/wp\/v2\/pages\/17578421","targetHints":{"allow":["GET"]}}],"collection":[{"href":"https:\/\/wpml.org\/de\/wp-json\/wp\/v2\/pages"}],"about":[{"href":"https:\/\/wpml.org\/de\/wp-json\/wp\/v2\/types\/page"}],"author":[{"embeddable":true,"href":"https:\/\/wpml.org\/de\/wp-json\/wp\/v2\/users\/777903"}],"replies":[{"embeddable":true,"href":"https:\/\/wpml.org\/de\/wp-json\/wp\/v2\/comments?post=17578421"}],"version-history":[{"count":3,"href":"https:\/\/wpml.org\/de\/wp-json\/wp\/v2\/pages\/17578421\/revisions"}],"predecessor-version":[{"id":17854299,"href":"https:\/\/wpml.org\/de\/wp-json\/wp\/v2\/pages\/17578421\/revisions\/17854299"}],"up":[{"embeddable":true,"href":"https:\/\/wpml.org\/de\/wp-json\/wp\/v2\/pages\/15228687"}],"wp:attachment":[{"href":"https:\/\/wpml.org\/de\/wp-json\/wp\/v2\/media?parent=17578421"}],"wp:term":[{"taxonomy":"related-projects-category","embeddable":true,"href":"https:\/\/wpml.org\/de\/wp-json\/wp\/v2\/related-projects-category?post=17578421"}],"curies":[{"name":"wp","href":"https:\/\/api.w.org\/{rel}","templated":true}]}}