{"id":17578473,"date":"2020-06-23T15:24:11","date_gmt":"2020-06-23T15:24:11","guid":{"rendered":"https:\/\/wpml.org\/documentation-3\/plugins-kompatibilitaet\/rank-math-mit-wpml-uebersetzen\/"},"modified":"2026-02-26T07:26:44","modified_gmt":"2026-02-26T07:26:44","slug":"rank-math-mit-wpml-uebersetzen","status":"publish","type":"page","link":"https:\/\/wpml.org\/de\/documentation-3\/plugins-kompatibilitaet\/rank-math-mit-wpml-uebersetzen\/","title":{"rendered":"Rank Math mit WPML \u00fcbersetzen"},"content":{"rendered":"\n<p class=\"lead\">Erfahren Sie, wie Sie Rank Math mit WPML \u00fcbersetzen. \u00dcbersetzen Sie alle SEO-Attribute, einschlie\u00dflich Titel, Meta-Beschreibungen, Permalinks und mehr.   <\/p>\n\n<h2 class=\"wp-block-heading\" id=\"getting-started\">Erste Schritte<\/h2>\n\n<p>Um Rank Math mit WPML zu \u00fcbersetzen, ben\u00f6tigen Sie die folgenden Plugins:<\/p>\n\n<ul class=\"wp-block-list\">\n<li><a href=\"https:\/\/rankmath.com\/\" target=\"_blank\" rel=\"noreferrer noopener\">Rank Math<\/a><\/li>\n\n\n\n<li>WPML-Kern<\/li>\n\n\n\n<li>WPML String Translation<\/li>\n\n\n\n<li><a href=\"https:\/\/wpml.org\/compatibility\/2021\/04\/wpml-seo-plugin-better-integration-with-seo-plugins\/\">WPML SEO-Add-on<\/a><\/li>\n<\/ul>\n\n<h2 class=\"wp-block-heading\" id=\"translating-on-page-seo-attributes\">\u00dcbersetzen von On-Page-SEO-Attributen<\/h2>\n\n<p>WPML kann alle On-Page-SEO-Attribute \u00fcbersetzen. Dies beinhaltet: <\/p>\n\n<ul class=\"wp-block-list\">\n<li>Seitentitel<\/li>\n\n\n\n<li>Meta-Beschreibungen<\/li>\n\n\n\n<li>Breadcrumbs<\/li>\n\n\n\n<li>Bild-ALT-Texte und -Beschriftungen<\/li>\n\n\n\n<li>Permalinks<\/li>\n\n\n\n<li>Und mehr&#8230;<\/li>\n<\/ul>\n\n<p>WPML unterst\u00fctzt derzeit keine benutzerdefinierten Permalink-Funktionen f\u00fcr die \u00dcbersetzung. Wenn Sie beispielsweise die Rank Math-Einstellung verwenden, um eine Kategoriebasis aus URLs zu entfernen, werden diese nicht korrekt \u00fcbersetzt. Bevor Sie diese Einstellung verwenden, lesen Sie unseren <a href=\"https:\/\/wpml.org\/errata\/rank-math-setting-to-strip-product-base-breaks-translating-product-links\/\">Workaround zum Entfernen einer Kategoriebasis aus URLs<\/a> oder wenden Sie sich an unseren Support.  <\/p>\n\n<p>Um On-Page-SEO-Attribute mit WPML zu \u00fcbersetzen, senden Sie Ihre Inhalte einfach zur \u00dcbersetzung. WPML \u00fcbersetzt Attribute zusammen mit der Seite oder dem Beitrag, dem sie zugeordnet sind. <\/p>\n\n<figure class=\"wp-block-image tb-image tb-image-dynamic tb-image-frame-none\" data-toolset-blocks-image=\"a21f464e4de3ce2b2e806dbc3cf5ad81\"><a href=\"https:\/\/wpml.org\/wp-content\/uploads\/2026\/02\/Translating-post-with-Rank-Math-SEO-attributes.png\"><img decoding=\"async\" width=\"1024\" height=\"625\" loading=\"lazy\" src=\"https:\/\/wpml.org\/wp-content\/uploads\/2026\/02\/Translating-post-with-Rank-Math-SEO-attributes-1024x625.png\" alt=\"Translating post with Rank Math SEO attributes\" class=\"wp-image-17792436\" srcset=\"https:\/\/wpml.org\/wp-content\/uploads\/2026\/02\/Translating-post-with-Rank-Math-SEO-attributes-1024x625.png 1024w, https:\/\/wpml.org\/wp-content\/uploads\/2026\/02\/Translating-post-with-Rank-Math-SEO-attributes-300x183.png 300w, https:\/\/wpml.org\/wp-content\/uploads\/2026\/02\/Translating-post-with-Rank-Math-SEO-attributes-150x92.png 150w, https:\/\/wpml.org\/wp-content\/uploads\/2026\/02\/Translating-post-with-Rank-Math-SEO-attributes-768x469.png 768w, https:\/\/wpml.org\/wp-content\/uploads\/2026\/02\/Translating-post-with-Rank-Math-SEO-attributes-1536x938.png 1536w, https:\/\/wpml.org\/wp-content\/uploads\/2026\/02\/Translating-post-with-Rank-Math-SEO-attributes.png 1600w\" sizes=\"auto, (max-width: 1024px) 100vw, 1024px\" \/><\/a><figcaption><div class=\"tb-image-caption\">Beitrag mit Rank Math SEO-Attributen \u00fcbersetzen<\/div><\/figcaption><\/figure>\n\n<h2 class=\"wp-block-heading\">Taxonomie-Metadaten \u00fcbersetzen<\/h2>\n\n<p>Beim \u00dcbersetzen eines Beitrags \u00fcbersetzt WPML auch angeh\u00e4ngte Taxonomien. Dies beinhaltet alle SEO-Attribute, die Sie im Rank Math-Snippet f\u00fcr jeden Taxonomiebegriff hinzugef\u00fcgt haben (wie Meta-Titel und Meta-Beschreibung). <\/p>\n\n<figure class=\"wp-block-image tb-image tb-image-dynamic tb-image-frame-none\" data-toolset-blocks-image=\"ac7af4acbeeb8aa8ea51c21a684966cd\"><a href=\"https:\/\/wpml.org\/wp-content\/uploads\/2025\/05\/category-seo-snippet-rankmath-1.png\"><img decoding=\"async\" width=\"1976\" height=\"1952\" loading=\"lazy\" src=\"https:\/\/wpml.org\/wp-content\/uploads\/2025\/05\/category-seo-snippet-rankmath-1.png\" alt=\"\" class=\"wp-image-17035021\" srcset=\"https:\/\/wpml.org\/wp-content\/uploads\/2025\/05\/category-seo-snippet-rankmath-1.png 1976w, https:\/\/wpml.org\/wp-content\/uploads\/2025\/05\/category-seo-snippet-rankmath-1-300x296.png 300w, https:\/\/wpml.org\/wp-content\/uploads\/2025\/05\/category-seo-snippet-rankmath-1-1024x1012.png 1024w, https:\/\/wpml.org\/wp-content\/uploads\/2025\/05\/category-seo-snippet-rankmath-1-150x148.png 150w, https:\/\/wpml.org\/wp-content\/uploads\/2025\/05\/category-seo-snippet-rankmath-1-768x759.png 768w, https:\/\/wpml.org\/wp-content\/uploads\/2025\/05\/category-seo-snippet-rankmath-1-1536x1517.png 1536w, https:\/\/wpml.org\/wp-content\/uploads\/2025\/05\/category-seo-snippet-rankmath-1-100x100.png 100w\" sizes=\"auto, (max-width: 1976px) 100vw, 1976px\" \/><\/a><figcaption><div class=\"tb-image-caption\">Meta-Titel und Meta-Beschreibung einer Kategorie mit Rank Math hinzuf\u00fcgen<\/div><\/figcaption><\/figure>\n\n<p>Wenn Sie die Metadaten einer Taxonomie in der Originalsprache \u00e4ndern \u2013 oder Taxonomien \u00fcbersetzen m\u00f6chten, die keinem Beitrag zugeordnet sind \u2013 gehen Sie zu <strong>WPML \u2192 Taxonomie-\u00dcbersetzung<\/strong>, um die \u00dcbersetzungen zu aktualisieren.<\/p>\n\n<figure class=\"wp-block-image tb-image tb-image-dynamic tb-image-frame-none\" data-toolset-blocks-image=\"da86bdb58e0b4c0917fb2fdee7f9d4c4\"><a href=\"https:\/\/wpml.org\/wp-content\/uploads\/2025\/05\/translate-rankmath-taxonomy-metadata-1.png\"><img decoding=\"async\" width=\"2560\" height=\"1662\" loading=\"lazy\" src=\"https:\/\/wpml.org\/wp-content\/uploads\/2025\/05\/translate-rankmath-taxonomy-metadata-1.png\" alt=\"\" class=\"wp-image-17035036\" srcset=\"https:\/\/wpml.org\/wp-content\/uploads\/2025\/05\/translate-rankmath-taxonomy-metadata-1.png 2560w, https:\/\/wpml.org\/wp-content\/uploads\/2025\/05\/translate-rankmath-taxonomy-metadata-1-300x195.png 300w, https:\/\/wpml.org\/wp-content\/uploads\/2025\/05\/translate-rankmath-taxonomy-metadata-1-1024x665.png 1024w, https:\/\/wpml.org\/wp-content\/uploads\/2025\/05\/translate-rankmath-taxonomy-metadata-1-150x97.png 150w, https:\/\/wpml.org\/wp-content\/uploads\/2025\/05\/translate-rankmath-taxonomy-metadata-1-768x499.png 768w, https:\/\/wpml.org\/wp-content\/uploads\/2025\/05\/translate-rankmath-taxonomy-metadata-1-1536x997.png 1536w, https:\/\/wpml.org\/wp-content\/uploads\/2025\/05\/translate-rankmath-taxonomy-metadata-1-2048x1330.png 2048w\" sizes=\"auto, (max-width: 2560px) 100vw, 2560px\" \/><\/a><figcaption><div class=\"tb-image-caption\">\u00dcbersetzen von Taxonomiebegriffen und Metadaten mit WPML Taxonomie-\u00dcbersetzung<\/div><\/figcaption><\/figure>\n\n<h2 class=\"wp-block-heading\" id=\"translating-global-seo-texts\">Globale SEO-Texte \u00fcbersetzen<\/h2>\n\n<p>Um globale SEO-Texte zu \u00fcbersetzen, wie z. B. die Homepage-Bezeichnung der Breadcrumbs, f\u00fchren Sie die folgenden Schritte aus:<\/p>\n\n<ol class=\"wp-block-list\">\n<li>Gehen Sie zu <strong>WPML<\/strong> \u2192 <strong>\u00dcbersetzungs-Dashboard<\/strong>.<\/li>\n\n\n\n<li>Scrollen Sie nach unten zum Bereich <strong>Andere Texte (Strings) <\/strong> und suchen Sie nach Ihren Texten.<strong> <\/strong><\/li>\n\n\n\n<li>W\u00e4hlen Sie Ihre Texte aus und senden Sie sie zur \u00dcbersetzung. <\/li>\n<\/ol>\n\n<h2 class=\"wp-block-heading\" id=\"sitemaps-and-wpml\">Mehrsprachige Sitemaps mit WPML<\/h2>\n\n<p id=\"known-issues\">WPML verwaltet mehrsprachige Sitemaps und <a href=\"https:\/\/wpml.org\/documentation\/support\/adding-hreflang-wordpress\/\">Hreflang-Tags<\/a> automatisch. Standardm\u00e4\u00dfig f\u00fcgt es Hreflang-Tags f\u00fcr jede URL-Variation in den XML-Sitemaps hinzu. <\/p>\n\n<h3 class=\"wp-block-heading\">Hinzuf\u00fcgen von Hreflang-Tags auf der Seite <\/h3>\n\n<p id=\"known-issues\">Wenn Sie Hreflang-Tags auf der Seite  anstelle der Sitemap w\u00fcnschen, k\u00f6nnen Sie die Einstellung selbst \u00e4ndern. Gehen Sie dazu wie folgt vor: <\/p>\n\n<p id=\"known-issues\">1. Deaktivieren Sie die Sitemap-Funktion, indem Sie diesen Code zu Ihrer <strong>wp-config.php<\/strong> hinzuf\u00fcgen:<\/p>\n\n<pre class=\"wp-block-preformatted\">define( 'WPML_SEO_ENABLE_SITEMAP_HREFLANG', false );  <\/pre>\n\n<p><\/p>\n\n<p>2. Navigieren Sie zur Seite <strong>WPML \u2192 Sprachen<\/strong> und suchen Sie nach <strong>SEO-Optionen<\/strong>. Sie sehen das Kontrollk\u00e4stchen <strong>Alternative Sprachen im HEAD-Bereich anzeigen<\/strong> \u2014 aktivieren Sie es und <strong>Speichern<\/strong>. <\/p>\n\n<figure class=\"wp-block-image tb-image tb-image-dynamic tb-image-frame-none\" data-toolset-blocks-image=\"3189122d0149db8bc89e7bb241be5417\"><a href=\"https:\/\/wpml.org\/wp-content\/uploads\/2025\/09\/option-for-hreflang-tag-in-head-rankmath.png\"><img decoding=\"async\" width=\"2544\" height=\"1174\" loading=\"lazy\" src=\"https:\/\/wpml.org\/wp-content\/uploads\/2025\/09\/option-for-hreflang-tag-in-head-rankmath.png\" alt=\"\" class=\"wp-image-17384099\" srcset=\"https:\/\/wpml.org\/wp-content\/uploads\/2025\/09\/option-for-hreflang-tag-in-head-rankmath.png 2544w, https:\/\/wpml.org\/wp-content\/uploads\/2025\/09\/option-for-hreflang-tag-in-head-rankmath-300x138.png 300w, https:\/\/wpml.org\/wp-content\/uploads\/2025\/09\/option-for-hreflang-tag-in-head-rankmath-1024x473.png 1024w, https:\/\/wpml.org\/wp-content\/uploads\/2025\/09\/option-for-hreflang-tag-in-head-rankmath-150x69.png 150w, https:\/\/wpml.org\/wp-content\/uploads\/2025\/09\/option-for-hreflang-tag-in-head-rankmath-768x354.png 768w, https:\/\/wpml.org\/wp-content\/uploads\/2025\/09\/option-for-hreflang-tag-in-head-rankmath-1536x709.png 1536w, https:\/\/wpml.org\/wp-content\/uploads\/2025\/09\/option-for-hreflang-tag-in-head-rankmath-2048x945.png 2048w\" sizes=\"auto, (max-width: 2544px) 100vw, 2544px\" \/><\/a><figcaption><div class=\"tb-image-caption\">Aktivieren der Option zum Hinzuf\u00fcgen von Hreflang-Tags im <Head der Seite><\/div><\/figcaption><\/figure>\n\n<h2 class=\"wp-block-heading\" id=\"translate-with-wpml\">Rank Math mit WPML \u00fcbersetzen  <a href=\"https:\/\/wpml.org\/de\/documentation-3\/ahnliche-projekte\/gravity-forms-multilingual\/#translate-with-wpml\"><\/a><\/h2>\n\n<p>Wenn Sie bereits ein WPML-Konto haben, k\u00f6nnen Sie das WPML SEO-Add-on f\u00fcr Rank Math (ohne zus\u00e4tzliche Kosten) auf der <a href=\"https:\/\/wpml.org\/de\/account\/downloads\/#wpml-seo\">Download-Seite<\/a> herunterladen.<\/p>\n\n<p>Haben Sie WPML noch nicht? Besuchen Sie unsere <a href=\"https:\/\/wpml.org\/de\/purchase\/\">Preisseite<\/a>, um den richtigen Plan f\u00fcr Ihre Website zu finden.  <\/p>\n","protected":false},"excerpt":{"rendered":"<p>Erfahren Sie, wie Sie Rank Math mit WPML \u00fcbersetzen. \u00dcbersetzen Sie alle SEO-Attribute, einschlie\u00dflich Titel, Meta-Beschreibungen, Permalinks und mehr. Erste Schritte Um Rank Math mit WPML zu \u00fcbersetzen, ben\u00f6tigen Sie die folgenden Plugins: \u00dcbersetzen von On-Page-SEO-Attributen WPML kann alle On-Page-SEO-Attribute \u00fcbersetzen. Dies beinhaltet: WPML unterst\u00fctzt derzeit keine benutzerdefinierten Permalink-Funktionen f\u00fcr die \u00dcbersetzung. Wenn Sie beispielsweise [&hellip;]<\/p>\n","protected":false},"author":578773,"featured_media":0,"parent":16317470,"menu_order":20,"comment_status":"closed","ping_status":"closed","template":"template-sidebar-2.php","meta":{"_bbp_topic_count":0,"_bbp_reply_count":0,"_bbp_total_topic_count":0,"_bbp_total_reply_count":0,"_bbp_voice_count":0,"_bbp_anonymous_reply_count":0,"_bbp_topic_count_hidden":0,"_bbp_reply_count_hidden":0,"_bbp_forum_subforum_count":0,"ep_exclude_from_search":false,"footnotes":""},"related-projects-category":[],"class_list":["post-17578473","page","type-page","status-publish","hentry"],"_links":{"self":[{"href":"https:\/\/wpml.org\/de\/wp-json\/wp\/v2\/pages\/17578473","targetHints":{"allow":["GET"]}}],"collection":[{"href":"https:\/\/wpml.org\/de\/wp-json\/wp\/v2\/pages"}],"about":[{"href":"https:\/\/wpml.org\/de\/wp-json\/wp\/v2\/types\/page"}],"author":[{"embeddable":true,"href":"https:\/\/wpml.org\/de\/wp-json\/wp\/v2\/users\/578773"}],"replies":[{"embeddable":true,"href":"https:\/\/wpml.org\/de\/wp-json\/wp\/v2\/comments?post=17578473"}],"version-history":[{"count":6,"href":"https:\/\/wpml.org\/de\/wp-json\/wp\/v2\/pages\/17578473\/revisions"}],"predecessor-version":[{"id":17854323,"href":"https:\/\/wpml.org\/de\/wp-json\/wp\/v2\/pages\/17578473\/revisions\/17854323"}],"up":[{"embeddable":true,"href":"https:\/\/wpml.org\/de\/wp-json\/wp\/v2\/pages\/16317470"}],"wp:attachment":[{"href":"https:\/\/wpml.org\/de\/wp-json\/wp\/v2\/media?parent=17578473"}],"wp:term":[{"taxonomy":"related-projects-category","embeddable":true,"href":"https:\/\/wpml.org\/de\/wp-json\/wp\/v2\/related-projects-category?post=17578473"}],"curies":[{"name":"wp","href":"https:\/\/api.w.org\/{rel}","templated":true}]}}