{"id":17825135,"date":"2026-02-25T09:31:59","date_gmt":"2026-02-25T09:31:59","guid":{"rendered":"https:\/\/wpml.org\/?page_id=17825135"},"modified":"2026-03-02T09:28:46","modified_gmt":"2026-03-02T09:28:46","slug":"agentur-partnerprogramm-allgemeine-geschaeftsbedingungen","status":"publish","type":"page","link":"https:\/\/wpml.org\/de\/account\/agentur-partnerprogramm\/agentur-partnerprogramm-allgemeine-geschaeftsbedingungen\/","title":{"rendered":"Agentur-Partnerprogramm \u2014 Allgemeine Gesch\u00e4ftsbedingungen"},"content":{"rendered":"\n<p class=\"lead\">Erfahren Sie, wie das Agentur-Partnerprogramm funktioniert, einschlie\u00dflich wie Sie Pr\u00e4mien verdienen, was jede Stufe bietet und wie Guthaben und Punkte berechnet werden.<\/p>\n\n<h2 class=\"wp-block-heading\">Punkte sammeln<\/h2>\n\n<p>Sie erhalten 1 Pr\u00e4mienpunkt f\u00fcr jedes 1 \u00dcbersetzungsguthaben, das Sie und Ihre Kunden durch die automatische \u00dcbersetzung verwenden. Dies gilt f\u00fcr \u00dcbersetzungsguthaben, die mit jeder \u00dcbersetzungs-Engine (PTC, DeepL, Google oder Microsoft) verwendet werden. <\/p>\n\n<p>Dies gilt sowohl f\u00fcr Website-\u00dcbersetzungen als auch f\u00fcr Software-\u00dcbersetzungen.<\/p>\n\n<p>Ihr Punktestand wird t\u00e4glich aktualisiert. Die heute ausgegebenen Guthaben werden am n\u00e4chsten Tag im Punktez\u00e4hler widergespiegelt. <\/p>\n\n<h2 class=\"wp-block-heading\">Wie Websites und Guthaben Ihrem Konto zugeordnet werden<\/h2>\n\n<p><strong>F\u00fcr WPML-Websites:<\/strong> Punkte stammen von Websites, die unter Ihrem WPML-Konto registriert sind. Wenn Sie eine Website f\u00fcr einen Kunden (oder sich selbst) mit Ihrer WPML-Lizenz erstellen, z\u00e4hlen die auf dieser Website verwendeten \u00dcbersetzungsguthaben zu Ihren Pr\u00e4mien. Wenn der Kunde sp\u00e4ter zu seiner eigenen WPML-Lizenz wechselt, z\u00e4hlt diese Website nicht mehr.  <\/p>\n\n<p>Sowohl Produktions- als auch Staging-Websites z\u00e4hlen, solange sie unter Ihrem Konto registriert sind.<\/p>\n\n<p><strong>F\u00fcr <\/strong><a href=\"https:\/\/ptc.wpml.org\/\" target=\"_blank\" rel=\"noreferrer noopener\"><strong>PTC f\u00fcr Software<\/strong><\/a><strong>:<\/strong> Ihre Kunden m\u00fcssen sich \u00fcber Ihren Empfehlungslink anmelden. Diesen Link finden Sie auf der Seite des Agentur-Partnerprogramms in Ihrem WPML-Konto. Wenn Kunden ptc.wpml.org \u00fcber Ihren Link besuchen, wird ihr Konto mit Ihrem verbunden, und die von ihnen verwendeten Guthaben z\u00e4hlen zu Ihren Punkten.  <\/p>\n\n<h2 class=\"wp-block-heading\">Wann die Punkteverfolgung beginnt<\/h2>\n\n<p>Wenn Sie sich anmelden, erhalten Sie Punkte f\u00fcr alle automatischen \u00dcbersetzungs-Credits, die seit Ihrer letzten WPML-Konto-Verl\u00e4ngerung verwendet wurden. Punkte sammeln sich weiterhin an bis zu Ihrem n\u00e4chsten Verl\u00e4ngerungsdatum. <\/p>\n\n<p>Zum Beispiel: Wenn Ihr WPML-Konto am 10. Juni 2025 verl\u00e4ngert wurde und Sie sich am 2. M\u00e4rz 2026 f\u00fcr das Programm anmelden, erhalten Sie Punkte f\u00fcr alle Credits, die zwischen dem 10. Juni 2025 und dem 10. Juni 2026 verwendet wurden.<\/p>\n\n<h2 class=\"wp-block-heading\">Wann Ihre Punkte zur\u00fcckgesetzt werden<\/h2>\n\n<p>Ihre Punkte beginnen sich ab dem Datum Ihres letzten WPML-Abonnementkaufs oder Ihrer Verl\u00e4ngerung anzusammeln. Sie werden mit Ihrem n\u00e4chsten Abonnementverl\u00e4ngerungsdatum zur\u00fcckgesetzt. <\/p>\n\n<h2 class=\"wp-block-heading\">Pr\u00e4mienstufen<\/h2>\n\n<p>Es gibt drei Pr\u00e4mienstufen. Sie erreichen diese, indem Sie die folgenden Punkte sammeln: <\/p>\n\n<ul class=\"wp-block-list\">\n<li><strong>Bronze:<\/strong> 500.000 Punkte<\/li>\n\n\n\n<li><strong>Gold:<\/strong> 1.250.000 Punkte<\/li>\n\n\n\n<li><strong>Platin:<\/strong> 2.500.000 Punkte<\/li>\n<\/ul>\n\n<p>Sobald Sie eine Stufe erreicht haben, geh\u00f6rt sie Ihnen f\u00fcr dieses Abonnementjahr \u2014 Ihre Stufe sinkt nicht, selbst wenn die Nutzung nachl\u00e4sst.<\/p>\n\n<p>Die Stufen werden bei der Verl\u00e4ngerung Ihres Abonnements zur\u00fcckgesetzt, und Sie beginnen von Neuem.<\/p>\n\n<h2 class=\"wp-block-heading\">Was jede Stufe beinhaltet<\/h2>\n\n<p><strong>Bronze<\/strong><\/p>\n\n<ul class=\"wp-block-list\">\n<li>VIP-Support<\/li>\n\n\n\n<li>20 % Rabatt auf Ihre n\u00e4chste WPML-Verl\u00e4ngerung<\/li>\n\n\n\n<li>300.000 kostenlose \u00dcbersetzungsguthaben f\u00fcr Ihre Agentur-Website<\/li>\n<\/ul>\n\n<p><strong>Gold<\/strong><\/p>\n\n<ul class=\"wp-block-list\">\n<li>VIP-Support<\/li>\n\n\n\n<li>50 % Rabatt auf Ihre n\u00e4chste WPML-Verl\u00e4ngerung<\/li>\n\n\n\n<li>500.000 kostenlose \u00dcbersetzungsguthaben f\u00fcr Ihre Agentur-Website<\/li>\n<\/ul>\n\n<p><strong>Platin<\/strong><\/p>\n\n<ul class=\"wp-block-list\">\n<li>VIP-Support<\/li>\n\n\n\n<li>100 % Rabatt auf Ihre n\u00e4chste WPML-Verl\u00e4ngerung (kostenlose Verl\u00e4ngerung)<\/li>\n\n\n\n<li>800.000 kostenlose \u00dcbersetzungsguthaben f\u00fcr Ihre Agentur-Website<\/li>\n<\/ul>\n\n<h2 class=\"wp-block-heading\">VIP-Support<\/h2>\n\n<p>VIP-Support bedeutet:<\/p>\n\n<ul class=\"wp-block-list\">\n<li>Ihre Supportanfragen werden priorisiert, sodass Sie schnellere Antworten erhalten<\/li>\n\n\n\n<li>Ihre Probleme werden direkt von Entwicklern bearbeitet<\/li>\n<\/ul>\n\n<h2 class=\"wp-block-heading\">Verl\u00e4ngerungsrabatte<\/h2>\n\n<p>Wenn Sie eine Pr\u00e4mienstufe erreichen, wird der Verl\u00e4ngerungsrabatt automatisch auf Ihre n\u00e4chste WPML-Abonnementverl\u00e4ngerung angewendet.<\/p>\n\n<p>Der Rabatt gilt einmalig, nur f\u00fcr Ihre n\u00e4chste Verl\u00e4ngerung und nur f\u00fcr das WPML-Konto Ihrer Agentur.<\/p>\n\n<p>Wenn Ihr Konto auf manuelle Verl\u00e4ngerung eingestellt ist, wird der Rabatt nur angewendet, wenn Sie es p\u00fcnktlich verl\u00e4ngern. Wenn Ihr Konto abl\u00e4uft, verlieren Sie den Rabatt. <\/p>\n\n<h2 class=\"wp-block-heading\">Kostenlose \u00dcbersetzungsguthaben<\/h2>\n\n<p>Die kostenlosen Guthaben, die Sie verdienen, k\u00f6nnen nur auf der eigenen Website Ihrer Agentur verwendet werden. Sie geben an, um welche Website es sich handelt, auf der Seite des Agentur-Partnerprogramms in Ihrem WPML-Konto. <\/p>\n\n<p>Diese Guthaben verfallen nicht, k\u00f6nnen aber auch nicht auf andere Websites \u00fcbertragen werden.<\/p>\n\n<h2 class=\"wp-block-heading\">Dem Programm beitreten<\/h2>\n\n<p>Um beizutreten, melden Sie sich in Ihrem WPML-Konto an und registrieren Sie sich im Bereich \u201eAgentur-Partnerprogramm\u201c. Sie k\u00f6nnen darauf \u00fcber Ihre Hauptkontoseite zugreifen. <\/p>\n\n<p>Nur Multilingual Agency-Konten sind berechtigt. Wenn Sie ein Multilingual Blog- oder Multilingual CMS-Konto haben, wird Ihnen diese Option nicht angezeigt. <\/p>\n\n<h2 class=\"wp-block-heading\">Das Programm verlassen<\/h2>\n\n<p>Es gibt keinen formellen Abmeldeprozess, aber Sie k\u00f6nnen die Teilnahme jederzeit einfach beenden. Wenn Sie bereits eine Pr\u00e4mienstufe erreicht haben, behalten Sie, was Sie verdient haben: <\/p>\n\n<ul class=\"wp-block-list\">\n<li>Sie haben Zugang zum VIP-Support bis zu Ihrer n\u00e4chsten Verl\u00e4ngerung, wenn die Pr\u00e4mien zur\u00fcckgesetzt werden<\/li>\n\n\n\n<li>Ihr n\u00e4chster Verl\u00e4ngerungsrabatt gilt weiterhin<\/li>\n\n\n\n<li>Sie k\u00f6nnen Ihre kostenlosen Guthaben weiterhin zuweisen, wann immer Sie bereit sind<\/li>\n<\/ul>\n\n<h2 class=\"wp-block-heading\">Wie sich dies auf Ihre Kunden auswirkt<\/h2>\n\n<p>Die Teilnahme an diesem Programm \u00e4ndert nichts f\u00fcr Ihre Kunden:<\/p>\n\n<ul class=\"wp-block-list\">\n<li>Die Preise f\u00fcr \u00dcbersetzungsguthaben bleiben gleich<\/li>\n\n\n\n<li>Die j\u00e4hrlichen WPML-Verl\u00e4ngerungspreise bleiben gleich<\/li>\n<\/ul>\n\n<h2 class=\"wp-block-heading\">Qualit\u00e4tsgarantie f\u00fcr automatische \u00dcbersetzung mit PTC<\/h2>\n\n<p>Automatische \u00dcbersetzungen, die \u00fcber PTC durchgef\u00fchrt werden, kommen mit einer Qualit\u00e4tsgarantie. Wenn Sie oder Ihre Kunden mit der \u00dcbersetzungsqualit\u00e4t nicht zufrieden sind, teilen Sie uns mit, was nicht stimmt. Wir behandeln Qualit\u00e4tsprobleme als Fehler und arbeiten daran, sie zu beheben. Wenn Sie immer noch nicht zufrieden sind, erstatten wir Ihnen Ihre \u00dcbersetzungsguthaben vollst\u00e4ndig.   <\/p>\n\n<p><a href=\"https:\/\/wpml.org\/de\/documentation-3\/automatische-uebersetzung-fuer-wordpress-inhalte-mit-wpml\/automatische-uebersetzung-mit-qualitaetsgarantie\/\" target=\"_blank\" rel=\"noreferrer noopener\">Erfahren Sie mehr \u00fcber die PTC-Qualit\u00e4tsgarantie<\/a><\/p>\n\n<p><\/p>\n","protected":false},"excerpt":{"rendered":"<p>Erfahren Sie, wie das Agentur-Partnerprogramm funktioniert, einschlie\u00dflich wie Sie Pr\u00e4mien verdienen, was jede Stufe bietet und wie Guthaben und Punkte berechnet werden. Punkte sammeln Sie erhalten 1 Pr\u00e4mienpunkt f\u00fcr jedes 1 \u00dcbersetzungsguthaben, das Sie und Ihre Kunden durch die automatische \u00dcbersetzung verwenden. Dies gilt f\u00fcr \u00dcbersetzungsguthaben, die mit jeder \u00dcbersetzungs-Engine (PTC, DeepL, Google oder Microsoft) [&hellip;]<\/p>\n","protected":false},"author":76577,"featured_media":0,"parent":17825102,"menu_order":0,"comment_status":"closed","ping_status":"closed","template":"template-nosidebar-centered.php","meta":{"_bbp_topic_count":0,"_bbp_reply_count":0,"_bbp_total_topic_count":0,"_bbp_total_reply_count":0,"_bbp_voice_count":0,"_bbp_anonymous_reply_count":0,"_bbp_topic_count_hidden":0,"_bbp_reply_count_hidden":0,"_bbp_forum_subforum_count":0,"_uag_custom_page_level_css":"","ep_exclude_from_search":false,"footnotes":""},"related-projects-category":[],"class_list":["post-17825135","page","type-page","status-publish","hentry"],"spectra_custom_meta":{"_subscription_coupon_product_id":["0"],"_wpv_contains_gutenberg_views":[""],"_alp_processed":["1772443727"],"_last_translation_edit_mode":["translation-editor"],"_yoast_wpseo_meta-robots-noindex":["1"],"_yoast_wpseo_meta-robots-nofollow":["1"],"_yoast_wpseo_meta-robots-adv":["nosnippet"],"wpcf-unformatted-code":[""],"_wpml_media_duplicate":["1"],"_wpml_media_featured":["1"],"toolset_post_editor_mode":["block"],"wpcf-price-increase-show-from":[""],"wpcf-price-increase-show-till":[""],"_wp_page_template":["template-nosidebar-centered.php"],"_wpml_word_count":["981"],"cmplz_hide_cookiebanner":[""],"wpcf-price-increase-content":[""],"wpcf-login-box-title":[""],"wpcf-page-content":[""],"_yoast_wpseo_primary_related-projects-category":[""],"_edit_lock":["1772013149:76577"],"_edit_last":["76577"],"_yoast_wpseo_content_score":["90"],"_yoast_wpseo_estimated-reading-time-minutes":[""],"_uagb_previous_block_counts":["a:90:{s:21:\"uagb\/advanced-heading\";i:0;s:15:\"uagb\/blockquote\";i:0;s:12:\"uagb\/buttons\";i:0;s:18:\"uagb\/buttons-child\";i:0;s:19:\"uagb\/call-to-action\";i:0;s:15:\"uagb\/cf7-styler\";i:0;s:11:\"uagb\/column\";i:0;s:12:\"uagb\/columns\";i:0;s:14:\"uagb\/container\";i:0;s:21:\"uagb\/content-timeline\";i:0;s:27:\"uagb\/content-timeline-child\";i:0;s:14:\"uagb\/countdown\";i:0;s:12:\"uagb\/counter\";i:0;s:8:\"uagb\/faq\";i:0;s:14:\"uagb\/faq-child\";i:0;s:10:\"uagb\/forms\";i:0;s:17:\"uagb\/forms-accept\";i:0;s:19:\"uagb\/forms-checkbox\";i:0;s:15:\"uagb\/forms-date\";i:0;s:16:\"uagb\/forms-email\";i:0;s:17:\"uagb\/forms-hidden\";i:0;s:15:\"uagb\/forms-name\";i:0;s:16:\"uagb\/forms-phone\";i:0;s:16:\"uagb\/forms-radio\";i:0;s:17:\"uagb\/forms-select\";i:0;s:19:\"uagb\/forms-textarea\";i:0;s:17:\"uagb\/forms-toggle\";i:0;s:14:\"uagb\/forms-url\";i:0;s:14:\"uagb\/gf-styler\";i:0;s:15:\"uagb\/google-map\";i:0;s:11:\"uagb\/how-to\";i:0;s:16:\"uagb\/how-to-step\";i:0;s:9:\"uagb\/icon\";i:0;s:14:\"uagb\/icon-list\";i:0;s:20:\"uagb\/icon-list-child\";i:0;s:10:\"uagb\/image\";i:0;s:18:\"uagb\/image-gallery\";i:0;s:13:\"uagb\/info-box\";i:0;s:18:\"uagb\/inline-notice\";i:0;s:11:\"uagb\/lottie\";i:0;s:21:\"uagb\/marketing-button\";i:0;s:10:\"uagb\/modal\";i:0;s:18:\"uagb\/popup-builder\";i:0;s:16:\"uagb\/post-button\";i:0;s:18:\"uagb\/post-carousel\";i:0;s:17:\"uagb\/post-excerpt\";i:0;s:14:\"uagb\/post-grid\";i:0;s:15:\"uagb\/post-image\";i:0;s:17:\"uagb\/post-masonry\";i:0;s:14:\"uagb\/post-meta\";i:0;s:18:\"uagb\/post-taxonomy\";i:0;s:18:\"uagb\/post-timeline\";i:0;s:15:\"uagb\/post-title\";i:0;s:20:\"uagb\/restaurant-menu\";i:0;s:26:\"uagb\/restaurant-menu-child\";i:0;s:11:\"uagb\/review\";i:0;s:12:\"uagb\/section\";i:0;s:14:\"uagb\/separator\";i:0;s:11:\"uagb\/slider\";i:0;s:17:\"uagb\/slider-child\";i:0;s:17:\"uagb\/social-share\";i:0;s:23:\"uagb\/social-share-child\";i:0;s:16:\"uagb\/star-rating\";i:0;s:23:\"uagb\/sure-cart-checkout\";i:0;s:22:\"uagb\/sure-cart-product\";i:0;s:15:\"uagb\/sure-forms\";i:0;s:22:\"uagb\/table-of-contents\";i:0;s:9:\"uagb\/tabs\";i:0;s:15:\"uagb\/tabs-child\";i:0;s:18:\"uagb\/taxonomy-list\";i:0;s:9:\"uagb\/team\";i:0;s:16:\"uagb\/testimonial\";i:0;s:14:\"uagb\/wp-search\";i:0;s:19:\"uagb\/instagram-feed\";i:0;s:10:\"uagb\/login\";i:0;s:17:\"uagb\/loop-builder\";i:0;s:18:\"uagb\/loop-category\";i:0;s:20:\"uagb\/loop-pagination\";i:0;s:15:\"uagb\/loop-reset\";i:0;s:16:\"uagb\/loop-search\";i:0;s:14:\"uagb\/loop-sort\";i:0;s:17:\"uagb\/loop-wrapper\";i:0;s:13:\"uagb\/register\";i:0;s:19:\"uagb\/register-email\";i:0;s:24:\"uagb\/register-first-name\";i:0;s:23:\"uagb\/register-last-name\";i:0;s:22:\"uagb\/register-password\";i:0;s:30:\"uagb\/register-reenter-password\";i:0;s:19:\"uagb\/register-terms\";i:0;s:22:\"uagb\/register-username\";i:0;}"],"_uag_css_file_name":["uag-css-17825135.css"],"_uag_page_assets":["a:9:{s:3:\"css\";s:260:\".uag-blocks-common-selector{z-index:var(--z-index-desktop) !important}@media(max-width: 976px){.uag-blocks-common-selector{z-index:var(--z-index-tablet) !important}}@media(max-width: 767px){.uag-blocks-common-selector{z-index:var(--z-index-mobile) !important}}\";s:2:\"js\";s:0:\"\";s:18:\"current_block_list\";a:5:{i:0;s:14:\"core\/paragraph\";i:1;s:12:\"core\/heading\";i:2;s:9:\"core\/list\";i:3;s:14:\"core\/list-item\";i:4;s:14:\"core\/shortcode\";}s:8:\"uag_flag\";b:0;s:11:\"uag_version\";s:10:\"1778533861\";s:6:\"gfonts\";a:0:{}s:10:\"gfonts_url\";s:0:\"\";s:12:\"gfonts_files\";a:0:{}s:14:\"uag_faq_layout\";b:0;}"]},"uagb_featured_image_src":{"full":false,"thumbnail":false,"medium":false,"medium_large":false,"large":false,"1536x1536":false,"2048x2048":false,"gform-image-choice-sm":false,"gform-image-choice-md":false,"gform-image-choice-lg":false,"woocommerce_thumbnail":false,"woocommerce_single":false,"woocommerce_gallery_thumbnail":false},"uagb_author_info":{"display_name":"Dario","author_link":"https:\/\/wpml.org\/de\/author\/darioh\/"},"uagb_comment_info":0,"uagb_excerpt":"Erfahren Sie, wie das Agentur-Partnerprogramm funktioniert, einschlie\u00dflich wie Sie Pr\u00e4mien verdienen, was jede Stufe bietet und wie Guthaben und Punkte berechnet werden. Punkte sammeln Sie erhalten 1 Pr\u00e4mienpunkt f\u00fcr jedes 1 \u00dcbersetzungsguthaben, das Sie und Ihre Kunden durch die automatische \u00dcbersetzung verwenden. Dies gilt f\u00fcr \u00dcbersetzungsguthaben, die mit jeder \u00dcbersetzungs-Engine (PTC, DeepL, Google oder Microsoft)&hellip;","_links":{"self":[{"href":"https:\/\/wpml.org\/de\/wp-json\/wp\/v2\/pages\/17825135","targetHints":{"allow":["GET"]}}],"collection":[{"href":"https:\/\/wpml.org\/de\/wp-json\/wp\/v2\/pages"}],"about":[{"href":"https:\/\/wpml.org\/de\/wp-json\/wp\/v2\/types\/page"}],"author":[{"embeddable":true,"href":"https:\/\/wpml.org\/de\/wp-json\/wp\/v2\/users\/76577"}],"replies":[{"embeddable":true,"href":"https:\/\/wpml.org\/de\/wp-json\/wp\/v2\/comments?post=17825135"}],"version-history":[{"count":2,"href":"https:\/\/wpml.org\/de\/wp-json\/wp\/v2\/pages\/17825135\/revisions"}],"predecessor-version":[{"id":17863790,"href":"https:\/\/wpml.org\/de\/wp-json\/wp\/v2\/pages\/17825135\/revisions\/17863790"}],"up":[{"embeddable":true,"href":"https:\/\/wpml.org\/de\/wp-json\/wp\/v2\/pages\/17825102"}],"wp:attachment":[{"href":"https:\/\/wpml.org\/de\/wp-json\/wp\/v2\/media?parent=17825135"}],"wp:term":[{"taxonomy":"related-projects-category","embeddable":true,"href":"https:\/\/wpml.org\/de\/wp-json\/wp\/v2\/related-projects-category?post=17825135"}],"curies":[{"name":"wp","href":"https:\/\/api.w.org\/{rel}","templated":true}]}}