{"id":17965125,"date":"2019-10-21T05:13:56","date_gmt":"2019-10-21T05:13:56","guid":{"rendered":"https:\/\/wpml.org\/documentation-3\/automatische-uebersetzung-fuer-wordpress-inhalte-mit-wpml\/automatische-uebersetzungsguthaben-auf-mehreren-websites-gemeinsam-nutzen\/"},"modified":"2026-04-13T08:29:34","modified_gmt":"2026-04-13T08:29:34","slug":"automatische-uebersetzungsguthaben-auf-mehreren-websites-gemeinsam-nutzen","status":"publish","type":"page","link":"https:\/\/wpml.org\/de\/documentation-3\/automatische-uebersetzung-fuer-wordpress-inhalte-mit-wpml\/automatische-uebersetzungsguthaben-auf-mehreren-websites-gemeinsam-nutzen\/","title":{"rendered":"Automatische \u00dcbersetzungsguthaben auf mehreren Websites gemeinsam nutzen"},"content":{"rendered":"\n<p class=\"lead\">Erfahren Sie, wie Sie automatische \u00dcbersetzungsguthaben zwischen mehreren Websites teilen k\u00f6nnen, indem Sie diese miteinander verbinden.<\/p>\n\n<p>Das Verbinden von Websites bietet einige Vorteile:<\/p>\n\n<ul class=\"wp-block-list\">\n<li><strong>Geringere Kosten pro Guthabenpunkt<\/strong> \u2013 die Kosten pro Guthabenpunkt sinken, je mehr Sie \u00fcbersetzen. Wenn Sie also f\u00fcr alle Ihre Websites eine einzige Rechnung bezahlen, erhalten Sie das beste Angebot.<\/li>\n\n\n\n<li><strong>Gemeinsamer \u00dcbersetzungsspeicher<\/strong> \u2013 Ihre Websites nutzen einen einzigen \u00dcbersetzungsspeicher (Translation Memory) gemeinsam. So zahlen Sie nie zweimal f\u00fcr die \u00dcbersetzung desselben Satzes, egal auf welcher Website er erscheint.<\/li>\n\n\n\n<li><strong>Einheitliche Terminologie<\/strong> \u2013 ein gemeinsames Glossar h\u00e4lt Ihre wichtigsten Phrasen und Begriffe auf jeder Website automatisch einheitlich.<\/li>\n\n\n\n<li><strong>Eine Rechnung<\/strong> \u2013 alle Ihre Websites werden zusammen abgerechnet, sodass Sie nur eine einzige Rechnung im Blick behalten m\u00fcssen.<\/li>\n\n\n\n<li><strong>Flexible Guthabenpakete<\/strong> \u2013 erworbene Guthaben werden auf alle Ihre registrierten Websites verteilt, ohne dass Sie diese jeder Website einzeln zuweisen m\u00fcssen.<\/li>\n<\/ul>\n\n<h2 class=\"wp-block-heading\">So verbinden Sie Ihre Websites<\/h2>\n\n<p>Um Websites mit einem gemeinsamen Guthaben f\u00fcr automatische \u00dcbersetzungen zu verbinden:<\/p>\n\n<ol class=\"wp-block-list\">\n<li>Melden Sie sich auf der Website an, die Sie mit einer anderen verbinden m\u00f6chten \u2013 also auf derjenigen, die das Guthaben nutzt.<\/li>\n\n\n\n<li>Gehen Sie zu <strong>WPML<\/strong> \u2192 <strong>\u00dcbersetzungs-Dashboard<\/strong> und wechseln Sie zum Tab <strong>Zahlungen &amp; Wartung<\/strong>.<\/li>\n\n\n\n<li>Scrollen Sie nach unten zu <strong>Engine f\u00fcr automatische \u00dcbersetzung<\/strong> und klicken Sie auf <strong>Verbundene Websites<\/strong>.<\/li>\n\n\n\n<li>Klicken Sie auf die Schaltfl\u00e4che <strong>Migrationscode kopieren<\/strong>. <\/li>\n<\/ol>\n<div class=\"wp-block-image\">\n<figure class=\" tb-image tb-image-dynamic tb-image-frame-none aligncenter\" data-toolset-blocks-image=\"3af1cc06c14c5bfa8fd8cb998b2fa8f1\"><a href=\"https:\/\/wpml.org\/wp-content\/uploads\/2026\/03\/copy-migration-code.png\"><img decoding=\"async\" width=\"1024\" height=\"600\" loading=\"lazy\" src=\"https:\/\/wpml.org\/wp-content\/uploads\/2026\/03\/copy-migration-code-1024x600.png\" alt=\"copy migration code button\" class=\"wp-image-17930638\" srcset=\"https:\/\/wpml.org\/wp-content\/uploads\/2026\/03\/copy-migration-code-1024x600.png 1024w, https:\/\/wpml.org\/wp-content\/uploads\/2026\/03\/copy-migration-code-300x176.png 300w, https:\/\/wpml.org\/wp-content\/uploads\/2026\/03\/copy-migration-code-150x88.png 150w, https:\/\/wpml.org\/wp-content\/uploads\/2026\/03\/copy-migration-code-768x450.png 768w, https:\/\/wpml.org\/wp-content\/uploads\/2026\/03\/copy-migration-code-1536x900.png 1536w, https:\/\/wpml.org\/wp-content\/uploads\/2026\/03\/copy-migration-code-2048x1200.png 2048w\" sizes=\"auto, (max-width: 1024px) 100vw, 1024px\" \/><\/a><figcaption><div class=\"tb-image-caption\"><em>Schaltfl\u00e4che \u201eMigrationscode kopieren\u201c<\/em><\/div><\/figcaption><\/figure>\n<\/div>\n<ol start=\"5\" class=\"wp-block-list\">\n<li>Melden Sie sich als N\u00e4chstes auf der Website an, die das Guthaben verwendet. <\/li>\n\n\n\n<li>Gehen Sie zum Bereich <strong>Verbundene Websites<\/strong> und klicken Sie auf die Schaltfl\u00e4che <strong>Verbindungsschl\u00fcssel einer anderen Website eingeben<\/strong>. F\u00fcgen Sie den soeben kopierten Code ein und speichern Sie. <\/li>\n<\/ol>\n<div class=\"wp-block-image\">\n<figure class=\" tb-image tb-image-dynamic tb-image-frame-none aligncenter\" data-toolset-blocks-image=\"ddca628a7c6e8c9109169d1fc0479fa7\"><a href=\"https:\/\/wpml.org\/wp-content\/uploads\/2026\/03\/enter-migration-code.png\"><img decoding=\"async\" width=\"1024\" height=\"600\" loading=\"lazy\" src=\"https:\/\/wpml.org\/wp-content\/uploads\/2026\/03\/enter-migration-code-1024x600.png\" alt=\"Enter migration code button\" class=\"wp-image-17930663\" srcset=\"https:\/\/wpml.org\/wp-content\/uploads\/2026\/03\/enter-migration-code-1024x600.png 1024w, https:\/\/wpml.org\/wp-content\/uploads\/2026\/03\/enter-migration-code-300x176.png 300w, https:\/\/wpml.org\/wp-content\/uploads\/2026\/03\/enter-migration-code-150x88.png 150w, https:\/\/wpml.org\/wp-content\/uploads\/2026\/03\/enter-migration-code-768x450.png 768w, https:\/\/wpml.org\/wp-content\/uploads\/2026\/03\/enter-migration-code-1536x900.png 1536w, https:\/\/wpml.org\/wp-content\/uploads\/2026\/03\/enter-migration-code-2048x1200.png 2048w\" sizes=\"auto, (max-width: 1024px) 100vw, 1024px\" \/><\/a><figcaption><div class=\"tb-image-caption\"><em>Schaltfl\u00e4che \u201eMigrationscode eingeben\u201c<\/em><\/div><\/figcaption><\/figure>\n<\/div>\n<p>Beide Websites nutzen nun das Guthaben aus einem gemeinsamen Pool.<\/p>\n\n<h3 class=\"wp-block-heading\" id=\"wpml-migration-wizard\">Verbinden von Website-Kopien \u00fcber den WPML-Migrationsassistenten<\/h3>\n\n<p>Manchmal m\u00f6chten Sie vielleicht eine Kopie Ihrer Website zu Testzwecken erstellen. In solchen F\u00e4llen m\u00f6chten Sie eventuell auch das Guthaben oder ein Abonnement mit Zahlung nach Bedarf zwischen Ihrer Original-Website und deren Testkopie teilen. Dies ist \u00fcber den WPML-Migrationsassistenten m\u00f6glich, der automatisch erscheint, wenn WPML \u00c4nderungen an der URL Ihrer Website erkennt.  <\/p>\n\n<p>Erfahren Sie mehr \u00fcber die <a href=\"https:\/\/wpml.org\/documentation\/translating-your-contents\/advanced-translation-editor\/using-advanced-translation-editor-when-you-move-or-use-a-copy-of-your-site\/\">Verwendung des Migrationsassistenten zum Verbinden von Kopien Ihrer Website<\/a>.<\/p>\n\n<p>\u00dcber den Migrationsassistenten erkennt WPML, ob es sich bei Ihrer Website um eine Kopie handelt, und fragt Sie, ob Sie das Guthaben zwischen der neuen und der urspr\u00fcnglichen Website teilen m\u00f6chten. Um dies zu tun:<\/p>\n\n<ol class=\"wp-block-list\">\n<li>Klicken Sie auf den Link, um einen eindeutigen Migrationscode auf Ihrer Original-Website zu generieren.<\/li>\n\n\n\n<li>Kopieren Sie den Code von Ihrer Original-Website und f\u00fcgen Sie ihn in den Migrationsassistenten ein.<\/li>\n<\/ol>\n<div class=\"wp-block-image\">\n<figure class=\" tb-image tb-image-dynamic tb-image-frame-none aligncenter\" data-toolset-blocks-image=\"b19919c985ddd5271cb22276b3e9b90f\"><a href=\"https:\/\/wpml.org\/wp-content\/uploads\/2025\/08\/wpml-translation-dashboard-connecting-translation-credits.png\"><img decoding=\"async\" width=\"1024\" height=\"465\" loading=\"lazy\" src=\"https:\/\/wpml.org\/wp-content\/uploads\/2025\/08\/wpml-translation-dashboard-connecting-translation-credits-1024x465.png\" alt=\"Connecting automatic translation credits\" class=\"wp-image-17350922\" srcset=\"https:\/\/wpml.org\/wp-content\/uploads\/2025\/08\/wpml-translation-dashboard-connecting-translation-credits-1024x465.png 1024w, https:\/\/wpml.org\/wp-content\/uploads\/2025\/08\/wpml-translation-dashboard-connecting-translation-credits-300x136.png 300w, https:\/\/wpml.org\/wp-content\/uploads\/2025\/08\/wpml-translation-dashboard-connecting-translation-credits-150x68.png 150w, https:\/\/wpml.org\/wp-content\/uploads\/2025\/08\/wpml-translation-dashboard-connecting-translation-credits-768x348.png 768w, https:\/\/wpml.org\/wp-content\/uploads\/2025\/08\/wpml-translation-dashboard-connecting-translation-credits-1536x697.png 1536w, https:\/\/wpml.org\/wp-content\/uploads\/2025\/08\/wpml-translation-dashboard-connecting-translation-credits.png 1999w\" sizes=\"auto, (max-width: 1024px) 100vw, 1024px\" \/><\/a><figcaption><div class=\"tb-image-caption\"><em>Verbinden einer Original-Website und ihrer Kopie zur gemeinsamen Nutzung von \u00dcbersetzungsguthaben \u00fcber den WPML-Migrationsassistenten<\/em><\/div><\/figcaption><\/figure>\n<\/div>\n<h2 class=\"wp-block-heading\">Verbindung der Websites nicht m\u00f6glich?<\/h2>\n\n<p>In einigen F\u00e4llen kann das System verhindern, dass Sie Websites verbinden. Hier sind einige Gr\u00fcnde, warum dies passieren k\u00f6nnte. <\/p>\n\n<h3 class=\"wp-block-heading\">Sie k\u00f6nnen keine Websites zusammenf\u00fchren, die beide \u00fcber aktive Konten verf\u00fcgen<\/h3>\n\n<p>Wenn beide Websites \u00fcber aktive, separate Konten f\u00fcr die automatische \u00dcbersetzung verf\u00fcgen, m\u00fcssen Sie Folgendes tun:<\/p>\n\n<ol class=\"wp-block-list\">\n<li>K\u00fcndigen Sie das Konto auf einer dieser beiden Websites.<\/li>\n\n\n\n<li>Warten Sie, bis die Geb\u00fchr f\u00fcr das gek\u00fcndigte Konto ausgel\u00f6st wird (dies dauert in der Regel etwa eine Stunde).<\/li>\n\n\n\n<li>Bezahlen Sie die Abschlussrechnung f\u00fcr das gek\u00fcndigte Konto.<\/li>\n\n\n\n<li>Holen Sie sich den Migrationscode von der Website mit dem gek\u00fcndigten Konto und geben Sie ihn auf der Website mit dem noch aktiven Konto ein.<\/li>\n<\/ol>\n\n<h3 class=\"wp-block-heading\">Sie k\u00f6nnen keine Websites verbinden, die eine offene Rechnung im Konto f\u00fcr automatische \u00dcbersetzung haben<\/h3>\n\n<p>Wenn eine Website eine unbezahlte Rechnung hat, m\u00fcssen Sie diese begleichen, bevor Sie die Website mit einer anderen verbinden k\u00f6nnen.<\/p>\n\n<h2 class=\"wp-block-heading\">So trennen Sie Websites<\/h2>\n\n<p>Verbundene Websites teilen sich einen \u00dcbersetzungsspeicher, ein Glossar und Guthaben. Das bedeutet, wenn Sie eine Website trennen: <\/p>\n\n<ul class=\"wp-block-list\">\n<li>Alle laufenden \u00dcbersetzungen auf dieser Website werden abgebrochen.<\/li>\n\n\n\n<li>Der \u00dcbersetzungsspeicher und das Glossar auf dieser Website werden zur\u00fcckgesetzt.<\/li>\n\n\n\n<li>Sie m\u00fcssen <a href=\"https:\/\/wpml.org\/de\/documentation-3\/automatische-uebersetzung-fuer-wordpress-inhalte-mit-wpml\/preise-fuer-automatische-uebersetzung\/\">Guthaben zuweisen<\/a> oder sich f\u00fcr die <a href=\"https:\/\/wpml.org\/de\/documentation-3\/automatische-uebersetzung-fuer-wordpress-inhalte-mit-wpml\/so-registrieren-sie-sich-fuer-pay-as-you-go\/\">Zahlung nach Bedarf anmelden<\/a>, um die automatische \u00dcbersetzung auf der Website weiterhin nutzen zu k\u00f6nnen, da sie kein Guthaben mehr mit Ihren anderen Websites teilt.<\/li>\n<\/ul>\n\n<p>Um eine Website zu trennen:<\/p>\n\n<ol class=\"wp-block-list\">\n<li>Gehen Sie zu <strong>WPML<\/strong> \u2192 <strong>\u00dcbersetzungs-Dashboard<\/strong> und klicken Sie auf den Tab <strong>Zahlungen &amp; Wartung<\/strong>.<\/li>\n\n\n\n<li>Erweitern Sie das Dropdown-Men\u00fc <strong>Verbundene Websites<\/strong>.<\/li>\n\n\n\n<li>Klicken Sie auf das Symbol zum Aufheben der Verkn\u00fcpfung neben der Website, die Sie trennen m\u00f6chten.<\/li>\n<\/ol>\n<div class=\"wp-block-image\">\n<figure class=\" tb-image tb-image-dynamic tb-image-frame-none aligncenter\" data-toolset-blocks-image=\"e8524dd70247b754dd63253bc55b4c4a\"><a href=\"https:\/\/wpml.org\/wp-content\/uploads\/2023\/06\/wpml-disconnect-site.png\"><img decoding=\"async\" width=\"2156\" height=\"782\" loading=\"lazy\" src=\"https:\/\/wpml.org\/wp-content\/uploads\/2023\/06\/wpml-disconnect-site.png\" alt=\"\" class=\"wp-image-13791395\" srcset=\"https:\/\/wpml.org\/wp-content\/uploads\/2023\/06\/wpml-disconnect-site.png 2156w, https:\/\/wpml.org\/wp-content\/uploads\/2023\/06\/wpml-disconnect-site-300x109.png 300w, https:\/\/wpml.org\/wp-content\/uploads\/2023\/06\/wpml-disconnect-site-1024x371.png 1024w, https:\/\/wpml.org\/wp-content\/uploads\/2023\/06\/wpml-disconnect-site-150x54.png 150w, https:\/\/wpml.org\/wp-content\/uploads\/2023\/06\/wpml-disconnect-site-768x279.png 768w, https:\/\/wpml.org\/wp-content\/uploads\/2023\/06\/wpml-disconnect-site-1536x557.png 1536w, https:\/\/wpml.org\/wp-content\/uploads\/2023\/06\/wpml-disconnect-site-2048x743.png 2048w\" sizes=\"auto, (max-width: 2156px) 100vw, 2156px\" \/><\/a><figcaption><div class=\"tb-image-caption\"><em>Trennen von Websites, die automatische \u00dcbersetzungsguthaben oder ein Konto mit Zahlung nach Bedarf gemeinsam nutzen<\/em><\/div><\/figcaption><\/figure>\n<\/div>","protected":false},"excerpt":{"rendered":"<p>Erfahren Sie, wie Sie automatische \u00dcbersetzungsguthaben zwischen mehreren Websites teilen k\u00f6nnen, indem Sie diese miteinander verbinden. Das Verbinden von Websites bietet einige Vorteile: So verbinden Sie Ihre Websites Um Websites mit einem gemeinsamen Guthaben f\u00fcr automatische \u00dcbersetzungen zu verbinden: Beide Websites nutzen nun das Guthaben aus einem gemeinsamen Pool. Verbinden von Website-Kopien \u00fcber den WPML-Migrationsassistenten [&hellip;]<\/p>\n","protected":false},"author":76577,"featured_media":0,"parent":4844551,"menu_order":35,"comment_status":"closed","ping_status":"closed","template":"template-sidebar-2.php","meta":{"_bbp_topic_count":0,"_bbp_reply_count":0,"_bbp_total_topic_count":0,"_bbp_total_reply_count":0,"_bbp_voice_count":0,"_bbp_anonymous_reply_count":0,"_bbp_topic_count_hidden":0,"_bbp_reply_count_hidden":0,"_bbp_forum_subforum_count":0,"_uag_custom_page_level_css":"","ep_exclude_from_search":false,"footnotes":""},"related-projects-category":[],"class_list":["post-17965125","page","type-page","status-publish","hentry"],"spectra_custom_meta":{"_subscription_coupon_product_id":["0"],"_wpv_contains_gutenberg_views":[""],"_alp_processed":["1776068975"],"_last_translation_edit_mode":["translation-editor"],"_views_template":["0"],"wpcf-unformatted-code":[""],"_wpml_media_duplicate":["1"],"_wpml_media_featured":["1"],"toolset_post_editor_mode":["block"],"wpcf-price-increase-show-from":[""],"wpcf-price-increase-show-till":[""],"_wp_page_template":["template-sidebar-2.php"],"_yoast_wpseo_title":["%%title%% %%page%%"],"_yoast_wpseo_metadesc":["Erfahren Sie, wie Sie automatische \u00dcbersetzungsguthaben zwischen mehreren Websites teilen k\u00f6nnen, indem Sie diese miteinander verbinden."],"_wpml_word_count":["882"],"_uag_css_file_name":["uag-css-17965125.css"],"_uag_page_assets":["a:9:{s:3:\"css\";s:0:\"\";s:2:\"js\";s:0:\"\";s:18:\"current_block_list\";a:6:{i:0;s:14:\"core\/paragraph\";i:1;s:9:\"core\/list\";i:2;s:14:\"core\/list-item\";i:3;s:12:\"core\/heading\";i:4;s:20:\"toolset-blocks\/image\";i:5;s:14:\"core\/shortcode\";}s:8:\"uag_flag\";b:0;s:11:\"uag_version\";s:10:\"1778490213\";s:6:\"gfonts\";a:0:{}s:10:\"gfonts_url\";s:0:\"\";s:12:\"gfonts_files\";a:0:{}s:14:\"uag_faq_layout\";b:0;}"]},"uagb_featured_image_src":{"full":false,"thumbnail":false,"medium":false,"medium_large":false,"large":false,"1536x1536":false,"2048x2048":false,"gform-image-choice-sm":false,"gform-image-choice-md":false,"gform-image-choice-lg":false,"woocommerce_thumbnail":false,"woocommerce_single":false,"woocommerce_gallery_thumbnail":false},"uagb_author_info":{"display_name":"Dario","author_link":"https:\/\/wpml.org\/de\/author\/darioh\/"},"uagb_comment_info":0,"uagb_excerpt":"Erfahren Sie, wie Sie automatische \u00dcbersetzungsguthaben zwischen mehreren Websites teilen k\u00f6nnen, indem Sie diese miteinander verbinden. Das Verbinden von Websites bietet einige Vorteile: So verbinden Sie Ihre Websites Um Websites mit einem gemeinsamen Guthaben f\u00fcr automatische \u00dcbersetzungen zu verbinden: Beide Websites nutzen nun das Guthaben aus einem gemeinsamen Pool. Verbinden von Website-Kopien \u00fcber den WPML-Migrationsassistenten&hellip;","_links":{"self":[{"href":"https:\/\/wpml.org\/de\/wp-json\/wp\/v2\/pages\/17965125","targetHints":{"allow":["GET"]}}],"collection":[{"href":"https:\/\/wpml.org\/de\/wp-json\/wp\/v2\/pages"}],"about":[{"href":"https:\/\/wpml.org\/de\/wp-json\/wp\/v2\/types\/page"}],"author":[{"embeddable":true,"href":"https:\/\/wpml.org\/de\/wp-json\/wp\/v2\/users\/76577"}],"replies":[{"embeddable":true,"href":"https:\/\/wpml.org\/de\/wp-json\/wp\/v2\/comments?post=17965125"}],"version-history":[{"count":2,"href":"https:\/\/wpml.org\/de\/wp-json\/wp\/v2\/pages\/17965125\/revisions"}],"predecessor-version":[{"id":17965135,"href":"https:\/\/wpml.org\/de\/wp-json\/wp\/v2\/pages\/17965125\/revisions\/17965135"}],"up":[{"embeddable":true,"href":"https:\/\/wpml.org\/de\/wp-json\/wp\/v2\/pages\/4844551"}],"wp:attachment":[{"href":"https:\/\/wpml.org\/de\/wp-json\/wp\/v2\/media?parent=17965125"}],"wp:term":[{"taxonomy":"related-projects-category","embeddable":true,"href":"https:\/\/wpml.org\/de\/wp-json\/wp\/v2\/related-projects-category?post=17965125"}],"curies":[{"name":"wp","href":"https:\/\/api.w.org\/{rel}","templated":true}]}}