{"id":2432559,"date":"2017-06-12T10:26:48","date_gmt":"2017-06-12T10:26:48","guid":{"rendered":"https:\/\/wpml.org\/documentation-3\/ratgeber-zum-loslegen\/ubersetzung-benutzerdefinierter-felder\/"},"modified":"2026-02-04T14:28:26","modified_gmt":"2026-02-04T14:28:26","slug":"ubersetzung-benutzerdefinierter-felder","status":"publish","type":"page","link":"https:\/\/wpml.org\/de\/documentation-3\/ratgeber-zum-loslegen\/ubersetzung-benutzerdefinierter-felder\/","title":{"rendered":"Benutzerdefinierte Felder mit WPML \u00fcbersetzen"},"content":{"rendered":"\n<p class=\"lead\">Erfahren Sie, wie Sie benutzerdefinierte Felder in WordPress mit WPML in weitere Sprachen \u00fcbersetzen k\u00f6nnen.<\/p>\n\n<p>Mit benutzerdefinierten Feldern k\u00f6nnen Sie zus\u00e4tzliche Daten wie Text, Bilder oder Auswahlen zu Ihren Beitr\u00e4gen, Seiten und benutzerdefinierten Beitragstypen hinzuf\u00fcgen. <\/p>\n\n<p>Beispielsweise k\u00f6nnte eine Immobilien-Website einen benutzerdefinierten Beitragstyp namens \u201eImmobilien\u201c verwenden, der \u00fcber benutzerdefinierte Felder wie Preis, Immobilientyp und Anzahl der Zimmer verf\u00fcgt. Mit WPML k\u00f6nnen Sie diese Felder genauso \u00fcbersetzen wie jeden anderen Inhalt auf Ihrer Website. <\/p>\n\n<figure class=\"wp-block-image tb-image tb-image-dynamic tb-image-frame-none\" data-toolset-blocks-image=\"705765218e4d86d580d0e56e91595af8\"><a href=\"https:\/\/wpml.org\/wp-content\/uploads\/2025\/10\/Custom-post-with-custom-fields.png\"><img decoding=\"async\" width=\"1024\" height=\"790\" loading=\"lazy\" src=\"https:\/\/wpml.org\/wp-content\/uploads\/2025\/10\/Custom-post-with-custom-fields-1024x790.png\" alt=\"Custom post with custom fields\" class=\"wp-image-17481085\" srcset=\"https:\/\/wpml.org\/wp-content\/uploads\/2025\/10\/Custom-post-with-custom-fields-1024x790.png 1024w, https:\/\/wpml.org\/wp-content\/uploads\/2025\/10\/Custom-post-with-custom-fields-300x231.png 300w, https:\/\/wpml.org\/wp-content\/uploads\/2025\/10\/Custom-post-with-custom-fields-150x116.png 150w, https:\/\/wpml.org\/wp-content\/uploads\/2025\/10\/Custom-post-with-custom-fields-768x592.png 768w, https:\/\/wpml.org\/wp-content\/uploads\/2025\/10\/Custom-post-with-custom-fields-1536x1185.png 1536w, https:\/\/wpml.org\/wp-content\/uploads\/2025\/10\/Custom-post-with-custom-fields.png 1600w\" sizes=\"auto, (max-width: 1024px) 100vw, 1024px\" \/><\/a><figcaption><div class=\"tb-image-caption\">Benutzerdefinierter Beitrag mit benutzerdefinierten Feldern<\/div><\/figcaption><\/figure>\n\n<p><\/p>\n\n<div class=\"wp-block-toolset-blocks-container tb-container\" data-toolset-blocks-container=\"f908b134276ba3432b0b77744504af0a\">\n<div class=\"wp-block-toolset-blocks-grid tb-grid\" data-toolset-blocks-grid=\"11c011d4d76e7a5d432ca395f201a03b\">\n<div class=\"wp-block-toolset-blocks-grid-column tb-grid-column tb-grid-align-top\" data-toolset-blocks-grid-column=\"3034fbe886c11054e95b46b09d3e4112\">\n<div class=\"wp-block-toolset-blocks-container tb-container\" data-toolset-blocks-container=\"5cf35f77ebe86fbe26ba5394e7247dee\"><\/div>\n<\/div>\n\n\n\n<div class=\"wp-block-toolset-blocks-grid-column tb-grid-column tb-grid-align-top\" data-toolset-blocks-grid-column=\"3034fbe886c11054e95b46b09d3e4112\">\n<p>Wenn Sie ACF verwenden, um Ihre benutzerdefinierten Felder zu erstellen, folgen Sie der WPML-Anleitung zum <a href=\"https:\/\/wpml.org\/de\/documentation-3\/ahnliche-projekte\/advanced-custom-fields-acf-multilingual-alle-felder-mit-wpml-uebersetzen\/\">\u00dcbersetzen von ACF-Feldern<\/a>.<\/p>\n<\/div>\n<\/div>\n<\/div>\n\n<h2 class=\"wp-block-heading\"><strong>Wie man benutzerdefinierte Felder \u00fcbersetzt<\/strong><\/h2>\n\n<p>So \u00fcbersetzen Sie benutzerdefinierte Felder mit WPML:<\/p>\n\n<ol class=\"wp-block-list\">\n<li>Gehen Sie zu <strong>WPML <\/strong>\u2192 <strong>Einstellungen<\/strong>.<\/li>\n\n\n\n<li>Scrollen Sie nach unten zum Abschnitt <strong>\u00dcbersetzung benutzerdefinierter Felder<\/strong>. <\/li>\n\n\n\n<li>Legen Sie eine \u00dcbersetzungspr\u00e4ferenz f\u00fcr jedes benutzerdefinierte Feld fest.<\/li>\n<\/ol>\n\n<figure class=\"wp-block-image tb-image tb-image-dynamic tb-image-frame-none\" data-toolset-blocks-image=\"673df9f6d51f90a46d39244d83465e4a\"><a href=\"https:\/\/wpml.org\/wp-content\/uploads\/2025\/10\/Setting-translation-options-for-custom-fields.png\"><img decoding=\"async\" width=\"1024\" height=\"331\" loading=\"lazy\" src=\"https:\/\/wpml.org\/wp-content\/uploads\/2025\/10\/Setting-translation-options-for-custom-fields-1024x331.png\" alt=\"Setting translation options for custom fields\" class=\"wp-image-17481099\" srcset=\"https:\/\/wpml.org\/wp-content\/uploads\/2025\/10\/Setting-translation-options-for-custom-fields-1024x331.png 1024w, https:\/\/wpml.org\/wp-content\/uploads\/2025\/10\/Setting-translation-options-for-custom-fields-300x97.png 300w, https:\/\/wpml.org\/wp-content\/uploads\/2025\/10\/Setting-translation-options-for-custom-fields-150x48.png 150w, https:\/\/wpml.org\/wp-content\/uploads\/2025\/10\/Setting-translation-options-for-custom-fields-768x248.png 768w, https:\/\/wpml.org\/wp-content\/uploads\/2025\/10\/Setting-translation-options-for-custom-fields-1536x496.png 1536w, https:\/\/wpml.org\/wp-content\/uploads\/2025\/10\/Setting-translation-options-for-custom-fields.png 1600w\" sizes=\"auto, (max-width: 1024px) 100vw, 1024px\" \/><\/a><figcaption><div class=\"tb-image-caption\">\u00dcbersetzungsoptionen f\u00fcr benutzerdefinierte Felder festlegen<\/div><\/figcaption><\/figure>\n\n<p><\/p>\n\n<ol start=\"4\" class=\"wp-block-list\">\n<li>Gehen Sie abschlie\u00dfend zu <strong>WPML<\/strong> \u2192 <strong>\u00dcbersetzungs-Dashboard<\/strong> und senden Sie den Inhalt mit Ihren benutzerdefinierten Feldern zur \u00dcbersetzung. Um die beste \u00dcbersetzungsqualit\u00e4t zu erzielen, empfehlen wir die Verwendung von WPMLs <a href=\"https:\/\/wpml.org\/de\/documentation-3\/automatische-uebersetzung-fuer-wordpress-inhalte-mit-wpml\/\">automatischer \u00dcbersetzung<\/a>.<\/li>\n<\/ol>\n\n<figure class=\"wp-block-image tb-image tb-image-dynamic tb-image-frame-none\" data-toolset-blocks-image=\"3c247aa3e5298f0e99b818d81f0d978e\"><a href=\"https:\/\/wpml.org\/wp-content\/uploads\/2026\/02\/Selecting-post-with-custom-fields-for-translation.png\"><img decoding=\"async\" width=\"1024\" height=\"611\" loading=\"lazy\" src=\"https:\/\/wpml.org\/wp-content\/uploads\/2026\/02\/Selecting-post-with-custom-fields-for-translation-1024x611.png\" alt=\"Selecting post with custom fields for translation\" class=\"wp-image-17792305\" srcset=\"https:\/\/wpml.org\/wp-content\/uploads\/2026\/02\/Selecting-post-with-custom-fields-for-translation-1024x611.png 1024w, https:\/\/wpml.org\/wp-content\/uploads\/2026\/02\/Selecting-post-with-custom-fields-for-translation-300x179.png 300w, https:\/\/wpml.org\/wp-content\/uploads\/2026\/02\/Selecting-post-with-custom-fields-for-translation-150x90.png 150w, https:\/\/wpml.org\/wp-content\/uploads\/2026\/02\/Selecting-post-with-custom-fields-for-translation-768x458.png 768w, https:\/\/wpml.org\/wp-content\/uploads\/2026\/02\/Selecting-post-with-custom-fields-for-translation-1536x917.png 1536w, https:\/\/wpml.org\/wp-content\/uploads\/2026\/02\/Selecting-post-with-custom-fields-for-translation.png 1600w\" sizes=\"auto, (max-width: 1024px) 100vw, 1024px\" \/><\/a><figcaption><div class=\"tb-image-caption\">Beitrag mit benutzerdefinierten Feldern zur \u00dcbersetzung ausw\u00e4hlen<\/div><\/figcaption><\/figure>\n\n<p>Ihre benutzerdefinierten Felder werden nun \u00fcbersetzt angezeigt, wenn Sie die Sprache wechseln.<\/p>\n\n<div class=\"wp-block-toolset-blocks-grid tb-grid\" data-toolset-blocks-grid=\"3d9c399fe625e1b972f817a0680229f6\">\n<div class=\"wp-block-toolset-blocks-grid-column tb-grid-column tb-grid-align-top\" data-toolset-blocks-grid-column=\"3034fbe886c11054e95b46b09d3e4112\">\n<figure class=\"wp-block-image tb-image tb-image-dynamic tb-image-frame-none\" data-toolset-blocks-image=\"31312e777e633d48752a511b81fd8f31\"><a href=\"https:\/\/wpml.org\/wp-content\/uploads\/2025\/10\/Custom-fields-in-English-1.png\"><img decoding=\"async\" width=\"1024\" height=\"589\" loading=\"lazy\" src=\"https:\/\/wpml.org\/wp-content\/uploads\/2025\/10\/Custom-fields-in-English-1-1024x589.png\" alt=\"Custom fields in English\" class=\"wp-image-17481157\" srcset=\"https:\/\/wpml.org\/wp-content\/uploads\/2025\/10\/Custom-fields-in-English-1-1024x589.png 1024w, https:\/\/wpml.org\/wp-content\/uploads\/2025\/10\/Custom-fields-in-English-1-300x173.png 300w, https:\/\/wpml.org\/wp-content\/uploads\/2025\/10\/Custom-fields-in-English-1-150x86.png 150w, https:\/\/wpml.org\/wp-content\/uploads\/2025\/10\/Custom-fields-in-English-1-768x442.png 768w, https:\/\/wpml.org\/wp-content\/uploads\/2025\/10\/Custom-fields-in-English-1-1536x884.png 1536w, https:\/\/wpml.org\/wp-content\/uploads\/2025\/10\/Custom-fields-in-English-1.png 1600w\" sizes=\"auto, (max-width: 1024px) 100vw, 1024px\" \/><\/a><figcaption><div class=\"tb-image-caption\">Benutzerdefinierte Felder auf Englisch<\/div><\/figcaption><\/figure>\n<\/div>\n\n\n\n<div class=\"wp-block-toolset-blocks-grid-column tb-grid-column tb-grid-align-top\" data-toolset-blocks-grid-column=\"3034fbe886c11054e95b46b09d3e4112\">\n<figure class=\"wp-block-image tb-image tb-image-dynamic tb-image-frame-none\" data-toolset-blocks-image=\"a35486d0955bdcddfda931691d87395d\"><a href=\"https:\/\/wpml.org\/wp-content\/uploads\/2025\/10\/Custom-fields-in-Spanish-1.png\"><img decoding=\"async\" width=\"1024\" height=\"595\" loading=\"lazy\" src=\"https:\/\/wpml.org\/wp-content\/uploads\/2025\/10\/Custom-fields-in-Spanish-1-1024x595.png\" alt=\"Custom fields in Spanish\" class=\"wp-image-17481143\" srcset=\"https:\/\/wpml.org\/wp-content\/uploads\/2025\/10\/Custom-fields-in-Spanish-1-1024x595.png 1024w, https:\/\/wpml.org\/wp-content\/uploads\/2025\/10\/Custom-fields-in-Spanish-1-300x174.png 300w, https:\/\/wpml.org\/wp-content\/uploads\/2025\/10\/Custom-fields-in-Spanish-1-150x87.png 150w, https:\/\/wpml.org\/wp-content\/uploads\/2025\/10\/Custom-fields-in-Spanish-1-768x446.png 768w, https:\/\/wpml.org\/wp-content\/uploads\/2025\/10\/Custom-fields-in-Spanish-1-1536x892.png 1536w, https:\/\/wpml.org\/wp-content\/uploads\/2025\/10\/Custom-fields-in-Spanish-1.png 1600w\" sizes=\"auto, (max-width: 1024px) 100vw, 1024px\" \/><\/a><figcaption><div class=\"tb-image-caption\">Benutzerdefinierte Felder auf Spanisch<\/div><\/figcaption><\/figure>\n<\/div>\n<\/div>\n\n<h2 class=\"wp-block-heading\">H\u00e4ufig gestellte Fragen<\/h2>\n\n<div id=\"faq\" class=\"wp-block-toolset-blocks-container tb-container\" data-toolset-blocks-container=\"3c47785d6e1708c649124e2fe04a1b68\">\n<div class=\"wp-block-toolset-blocks-container tb-container\" data-toolset-blocks-container=\"40d6b7d75c97be28d62acd5aaafad645\">\n<details class=\"wp-block-details has-dark-gray-color has-text-color has-link-color wp-elements-ca39dde6a2d57f7237a43de5526e0e95 is-layout-flow wp-block-details-is-layout-flow\" style=\"font-size:16px;font-style:normal;font-weight:700\" open><summary>Wie funktionieren die \u00dcbersetzungsoptionen f\u00fcr benutzerdefinierte Felder?<\/summary>\n<div class=\"wp-block-toolset-blocks-container tb-container\" data-toolset-blocks-container=\"b55b9e366429f8319ddee947984288b0\">\n<p class=\"tb-heading has-text-color\" data-toolset-blocks-heading=\"2860add562799c34bdca10a6fba90f21\" data-last-update=\"1.4\">WPML bietet vier \u00dcbersetzungspr\u00e4ferenzen f\u00fcr benutzerdefinierte Felder: <br\/><br\/><strong>\u00dcbersetzen<\/strong> <strong>\u2013 <\/strong>macht Ihre benutzerdefinierten Feldwerte \u00fcbersetzbar (ideal f\u00fcr Texte).<br\/><strong>Kopieren \u2013 <\/strong>kopiert den Feldwert \u00fcber alle Sprachen hinweg und h\u00e4lt ihn \u00fcberall gleich (ideal f\u00fcr Zahlen \/ Bilder). <br\/><strong>Einmal kopieren<\/strong> <strong>\u2013 <\/strong>kopiert den Wert einmal aus der Standardsprache, sodass Sie unterschiedliche Feldwerte pro Sprache erstellen k\u00f6nnen.<br\/><strong>Nicht \u00fcbersetzen<\/strong> <strong>\u2013 <\/strong>tut nichts.<\/p>\n\n\n\n<p class=\"tb-heading has-text-color\" data-toolset-blocks-heading=\"2860add562799c34bdca10a6fba90f21\" data-last-update=\"1.4\">Um zu erfahren, welche Option pro Feld zu w\u00e4hlen ist, siehe unseren Leitfaden zur <a href=\"https:\/\/wpml.org\/de\/documentation-3\/ahnliche-projekte\/advanced-custom-fields-acf-multilingual-alle-felder-mit-wpml-uebersetzen\/benutzerdefinierte-felder-uebersetzungsvorgaben-fuer-acf-und-wpml\/\">\u00dcbersetzungspr\u00e4ferenz f\u00fcr benutzerdefinierte Felder<\/a>. <span id=\"docs-internal-guid-4d7fa5c0-7fff-f44b-7b8f-4dc1f5dcd09e\"><\/span><\/p>\n<\/div>\n<\/details>\n<\/div>\n\n\n\n<div class=\"wp-block-toolset-blocks-container tb-container\" data-toolset-blocks-container=\"40d6b7d75c97be28d62acd5aaafad645\">\n<details class=\"wp-block-details has-dark-gray-color has-text-color has-link-color wp-elements-022900acc627c7321d9e2aed4b83b6d6 is-layout-flow wp-block-details-is-layout-flow\" style=\"font-size:16px;font-style:normal;font-weight:700\"><summary>Kann ich benutzerdefinierte Felder \u00fcbersetzen, die mit Code hinzugef\u00fcgt wurden?<\/summary>\n<div class=\"wp-block-toolset-blocks-container tb-container\" data-toolset-blocks-container=\"b55b9e366429f8319ddee947984288b0\">\n<p class=\"tb-heading has-text-color\" data-toolset-blocks-heading=\"2860add562799c34bdca10a6fba90f21\" data-last-update=\"1.4\">Ja, Sie k\u00f6nnen benutzerdefinierte Felder \u00fcbersetzen, die mit Code hinzugef\u00fcgt wurden. Zuerst m\u00fcssen Sie <a href=\"https:\/\/wpml.org\/documentation\/support\/language-configuration-files\/custom-fields-translation-options\/\">die Felder in der Datei wpml-config.xml registrieren<\/a>. Nach der Registrierung k\u00f6nnen Sie sie wie normale Felder \u00fcbersetzen.   <\/p>\n<\/div>\n<\/details>\n<\/div>\n<\/div>\n","protected":false},"excerpt":{"rendered":"<p>Erfahren Sie, wie Sie benutzerdefinierte Felder in WordPress mit WPML in weitere Sprachen \u00fcbersetzen k\u00f6nnen. Mit benutzerdefinierten Feldern k\u00f6nnen Sie zus\u00e4tzliche Daten wie Text, Bilder oder Auswahlen zu Ihren Beitr\u00e4gen, Seiten und benutzerdefinierten Beitragstypen hinzuf\u00fcgen. Beispielsweise k\u00f6nnte eine Immobilien-Website einen benutzerdefinierten Beitragstyp namens \u201eImmobilien\u201c verwenden, der \u00fcber benutzerdefinierte Felder wie Preis, Immobilientyp und Anzahl der [&hellip;]<\/p>\n","protected":false},"author":76577,"featured_media":0,"parent":1262,"menu_order":45,"comment_status":"closed","ping_status":"closed","template":"template-sidebar-2.php","meta":{"_bbp_topic_count":0,"_bbp_reply_count":0,"_bbp_total_topic_count":0,"_bbp_total_reply_count":0,"_bbp_voice_count":0,"_bbp_anonymous_reply_count":0,"_bbp_topic_count_hidden":0,"_bbp_reply_count_hidden":0,"_bbp_forum_subforum_count":0,"ep_exclude_from_search":false,"footnotes":""},"related-projects-category":[],"class_list":["post-2432559","page","type-page","status-publish","hentry"],"_links":{"self":[{"href":"https:\/\/wpml.org\/de\/wp-json\/wp\/v2\/pages\/2432559","targetHints":{"allow":["GET"]}}],"collection":[{"href":"https:\/\/wpml.org\/de\/wp-json\/wp\/v2\/pages"}],"about":[{"href":"https:\/\/wpml.org\/de\/wp-json\/wp\/v2\/types\/page"}],"author":[{"embeddable":true,"href":"https:\/\/wpml.org\/de\/wp-json\/wp\/v2\/users\/76577"}],"replies":[{"embeddable":true,"href":"https:\/\/wpml.org\/de\/wp-json\/wp\/v2\/comments?post=2432559"}],"version-history":[{"count":8,"href":"https:\/\/wpml.org\/de\/wp-json\/wp\/v2\/pages\/2432559\/revisions"}],"predecessor-version":[{"id":17792318,"href":"https:\/\/wpml.org\/de\/wp-json\/wp\/v2\/pages\/2432559\/revisions\/17792318"}],"up":[{"embeddable":true,"href":"https:\/\/wpml.org\/de\/wp-json\/wp\/v2\/pages\/1262"}],"wp:attachment":[{"href":"https:\/\/wpml.org\/de\/wp-json\/wp\/v2\/media?parent=2432559"}],"wp:term":[{"taxonomy":"related-projects-category","embeddable":true,"href":"https:\/\/wpml.org\/de\/wp-json\/wp\/v2\/related-projects-category?post=2432559"}],"curies":[{"name":"wp","href":"https:\/\/api.w.org\/{rel}","templated":true}]}}