{"id":3507347,"date":"2015-05-18T15:30:59","date_gmt":"2015-05-18T15:30:59","guid":{"rendered":"https:\/\/wpml.org\/documentation-3\/ratgeber-zum-loslegen\/ubersetzung-von-widgets\/"},"modified":"2026-02-26T07:08:41","modified_gmt":"2026-02-26T07:08:41","slug":"ubersetzung-von-widgets","status":"publish","type":"page","link":"https:\/\/wpml.org\/de\/documentation-3\/ratgeber-zum-loslegen\/ubersetzung-von-widgets\/","title":{"rendered":"Widgets \u00fcbersetzen"},"content":{"rendered":"\n<div class=\"wp-block-toolset-blocks-container tb-container\" data-toolset-blocks-container=\"f1f6cf433548e794e350cca473324a7f\"><div class=\"tb-container-inner\">\n<p class=\"tb-heading lead\" data-toolset-blocks-heading=\"86243751073c72263dda180dd7396470\" data-last-update=\"1.4\">Erfahren Sie, wie Sie jedes WordPress-Widget mit WPML \u00fcbersetzen k\u00f6nnen, einschlie\u00dflich blockbasierter, \u00e4lterer und benutzerdefinierter Widgets.<\/p>\n\n\n\n<div class=\"wp-block-toolset-blocks-grid tb-grid\" data-toolset-blocks-grid=\"7f5b809fd468bcf666d0329830422aa9\">\n<div class=\"wp-block-toolset-blocks-grid-column tb-grid-column tb-grid-align-top\" data-toolset-blocks-grid-column=\"3034fbe886c11054e95b46b09d3e4112\"><div class=\"wp-block-image\">\n<figure class=\" tb-image tb-image-dynamic tb-image-frame-none aligncenter\" data-toolset-blocks-image=\"c933aaafa519cdd784f3533b1bedf1ab\"><a href=\"https:\/\/wpml.org\/wp-content\/uploads\/2024\/05\/english-sidebar-widgets-wpml.png\"><img decoding=\"async\" width=\"1024\" height=\"861\" loading=\"lazy\" src=\"https:\/\/wpml.org\/wp-content\/uploads\/2024\/05\/english-sidebar-widgets-wpml-1024x861.png\" alt=\"\" class=\"wp-image-15620044\" srcset=\"https:\/\/wpml.org\/wp-content\/uploads\/2024\/05\/english-sidebar-widgets-wpml-1024x861.png 1024w, https:\/\/wpml.org\/wp-content\/uploads\/2024\/05\/english-sidebar-widgets-wpml-300x252.png 300w, https:\/\/wpml.org\/wp-content\/uploads\/2024\/05\/english-sidebar-widgets-wpml-150x126.png 150w, https:\/\/wpml.org\/wp-content\/uploads\/2024\/05\/english-sidebar-widgets-wpml-768x646.png 768w, https:\/\/wpml.org\/wp-content\/uploads\/2024\/05\/english-sidebar-widgets-wpml-1536x1292.png 1536w, https:\/\/wpml.org\/wp-content\/uploads\/2024\/05\/english-sidebar-widgets-wpml.png 1962w\" sizes=\"auto, (max-width: 1024px) 100vw, 1024px\" \/><\/a><figcaption><div class=\"tb-image-caption\">Widgets in der Seitenleiste auf Englisch<\/div><\/figcaption><\/figure>\n<\/div><\/div>\n\n\n\n<div class=\"wp-block-toolset-blocks-grid-column tb-grid-column tb-grid-align-top\" data-toolset-blocks-grid-column=\"3034fbe886c11054e95b46b09d3e4112\"><div class=\"wp-block-image\">\n<figure class=\" tb-image tb-image-dynamic tb-image-frame-none aligncenter\" data-toolset-blocks-image=\"c58dea955e8c802e4e753eb52d865a0f\"><a href=\"https:\/\/wpml.org\/wp-content\/uploads\/2024\/05\/spanish-sidebar-widgets-wpml.png\"><img decoding=\"async\" width=\"1024\" height=\"875\" loading=\"lazy\" src=\"https:\/\/wpml.org\/wp-content\/uploads\/2024\/05\/spanish-sidebar-widgets-wpml-1024x875.png\" alt=\"\" class=\"wp-image-15620060\" srcset=\"https:\/\/wpml.org\/wp-content\/uploads\/2024\/05\/spanish-sidebar-widgets-wpml-1024x875.png 1024w, https:\/\/wpml.org\/wp-content\/uploads\/2024\/05\/spanish-sidebar-widgets-wpml-300x256.png 300w, https:\/\/wpml.org\/wp-content\/uploads\/2024\/05\/spanish-sidebar-widgets-wpml-150x128.png 150w, https:\/\/wpml.org\/wp-content\/uploads\/2024\/05\/spanish-sidebar-widgets-wpml-768x656.png 768w, https:\/\/wpml.org\/wp-content\/uploads\/2024\/05\/spanish-sidebar-widgets-wpml-1536x1312.png 1536w, https:\/\/wpml.org\/wp-content\/uploads\/2024\/05\/spanish-sidebar-widgets-wpml.png 1964w\" sizes=\"auto, (max-width: 1024px) 100vw, 1024px\" \/><\/a><figcaption><div class=\"tb-image-caption\">Widgets in der Seitenleiste auf Spanisch <\/div><\/figcaption><\/figure>\n<\/div><\/div>\n<\/div>\n\n\n\n<h2 class=\"wp-block-heading\" id=\"required-plugins\">Erforderliche Plugins<\/h2>\n\n\n\n<p>Um Widgets zu \u00fcbersetzen, installieren und aktivieren Sie:<\/p>\n\n\n\n<ul class=\"wp-block-list\">\n<li>WPML<\/li>\n\n\n\n<li>WPML String Translation<\/li>\n<\/ul>\n\n\n\n<h2 class=\"wp-block-heading\" id=\"how-to-translate-widgets\">Wie man Widgets \u00fcbersetzt <\/h2>\n\n\n\n<p>WPML kann jede Art von Widget \u00fcbersetzen. Dies beinhaltet:<\/p>\n\n\n\n<div style=\"height:15px\" aria-hidden=\"true\" class=\"wp-block-spacer\"><\/div>\n\n\n\n<div class=\"wp-block-toolset-blocks-grid tb-grid\" data-toolset-blocks-grid=\"6329aaaa361b6c3ff5e14c6308f907de\">\n<div class=\"wp-block-toolset-blocks-grid-column tb-grid-column tb-grid-align-top\" data-toolset-blocks-grid-column=\"e0c62ef28c440411136281632d5a8d63\">\n<div class=\"wp-block-toolset-blocks-container tb-container aligncenter\" data-toolset-blocks-container=\"48873aa9a1502db94cee7985805c3625\">\n<div class=\"tb-fields-and-text\" data-toolset-blocks-fields-and-text=\"3e1d2592ce20bdf2bf813c9dfa44c991\"><p><img decoding=\"async\" class=\" wp-image-15972576 aligncenter\" src=\"https:\/\/wpml.org\/wp-content\/uploads\/2024\/07\/Widget-blocks2-min.png\" alt=\"\" width=\"190\" height=\"190\" srcset=\"https:\/\/wpml.org\/wp-content\/uploads\/2024\/07\/Widget-blocks2-min.png 370w, https:\/\/wpml.org\/wp-content\/uploads\/2024\/07\/Widget-blocks2-min-300x300.png 300w, https:\/\/wpml.org\/wp-content\/uploads\/2024\/07\/Widget-blocks2-min-150x150.png 150w, https:\/\/wpml.org\/wp-content\/uploads\/2024\/07\/Widget-blocks2-min-100x100.png 100w\" sizes=\"(max-width: 190px) 100vw, 190px\" \/><\/p><\/div>\n\n\n\n<p class=\"tb-heading has-text-color\" data-toolset-blocks-heading=\"bf983b028e621cb4ef8152faf0911a40\" data-last-update=\"1.4\"><strong>Widgets, die zu Beitr\u00e4gen hinzugef\u00fcgt wurden<\/strong><br\/><strong>und Seiten<\/strong><\/p>\n<\/div>\n<\/div>\n\n\n\n<div class=\"wp-block-toolset-blocks-grid-column tb-grid-column tb-grid-align-top\" data-toolset-blocks-grid-column=\"3034fbe886c11054e95b46b09d3e4112\">\n<div class=\"wp-block-toolset-blocks-container tb-container aligncenter\" data-toolset-blocks-container=\"48873aa9a1502db94cee7985805c3625\">\n<div class=\"tb-fields-and-text\" data-toolset-blocks-fields-and-text=\"3e1d2592ce20bdf2bf813c9dfa44c991\"><p><img decoding=\"async\" class=\" wp-image-15972497 aligncenter\" src=\"https:\/\/wpml.org\/wp-content\/uploads\/2024\/07\/Block-based-Classic-widgets1-min.png\" alt=\"\" width=\"190\" height=\"190\" srcset=\"https:\/\/wpml.org\/wp-content\/uploads\/2024\/07\/Block-based-Classic-widgets1-min.png 370w, https:\/\/wpml.org\/wp-content\/uploads\/2024\/07\/Block-based-Classic-widgets1-min-300x300.png 300w, https:\/\/wpml.org\/wp-content\/uploads\/2024\/07\/Block-based-Classic-widgets1-min-150x150.png 150w, https:\/\/wpml.org\/wp-content\/uploads\/2024\/07\/Block-based-Classic-widgets1-min-100x100.png 100w\" sizes=\"(max-width: 190px) 100vw, 190px\" \/><\/p><\/div>\n\n\n\n<p class=\"tb-heading has-text-color\" data-toolset-blocks-heading=\"bf983b028e621cb4ef8152faf0911a40\" data-last-update=\"1.4\"><strong>Klassische blockbasierte<\/strong><br\/><strong><strong>Widgets<\/strong><\/strong><\/p>\n<\/div>\n<\/div>\n\n\n\n<div class=\"wp-block-toolset-blocks-grid-column tb-grid-column tb-grid-align-top\" data-toolset-blocks-grid-column=\"3034fbe886c11054e95b46b09d3e4112\">\n<div class=\"wp-block-toolset-blocks-container tb-container aligncenter\" data-toolset-blocks-container=\"48873aa9a1502db94cee7985805c3625\">\n<div class=\"tb-fields-and-text\" data-toolset-blocks-fields-and-text=\"3e1d2592ce20bdf2bf813c9dfa44c991\"><p><img decoding=\"async\" class=\"wp-image-16559354 aligncenter\" src=\"https:\/\/wpml.org\/wp-content\/uploads\/2025\/01\/Frame-1-1-291x300.png\" alt=\"\" width=\"185\" height=\"191\" srcset=\"https:\/\/wpml.org\/wp-content\/uploads\/2025\/01\/Frame-1-1-291x300.png 291w, https:\/\/wpml.org\/wp-content\/uploads\/2025\/01\/Frame-1-1-146x150.png 146w, https:\/\/wpml.org\/wp-content\/uploads\/2025\/01\/Frame-1-1-300x309.png 300w, https:\/\/wpml.org\/wp-content\/uploads\/2025\/01\/Frame-1-1.png 458w\" sizes=\"(max-width: 185px) 100vw, 185px\" \/><\/p><\/div>\n\n\n\n<p class=\"tb-heading has-text-color\" data-toolset-blocks-heading=\"bf983b028e621cb4ef8152faf0911a40\" data-last-update=\"1.4\"><strong><strong><strong>\u00c4ltere Widgets <\/strong><\/strong><\/strong><\/p>\n<\/div>\n<\/div>\n\n\n\n<div class=\"wp-block-toolset-blocks-grid-column tb-grid-column tb-grid-align-top\" data-toolset-blocks-grid-column=\"3034fbe886c11054e95b46b09d3e4112\">\n<div class=\"wp-block-toolset-blocks-container tb-container aligncenter\" data-toolset-blocks-container=\"48873aa9a1502db94cee7985805c3625\">\n<div class=\"tb-fields-and-text\" data-toolset-blocks-fields-and-text=\"3e1d2592ce20bdf2bf813c9dfa44c991\"><p><img decoding=\"async\" class=\" wp-image-15974085 aligncenter\" src=\"https:\/\/wpml.org\/wp-content\/uploads\/2024\/07\/custom-widget-1-1.png\" alt=\"\" width=\"198\" height=\"188\" srcset=\"https:\/\/wpml.org\/wp-content\/uploads\/2024\/07\/custom-widget-1-1.png 284w, https:\/\/wpml.org\/wp-content\/uploads\/2024\/07\/custom-widget-1-1-150x143.png 150w\" sizes=\"(max-width: 198px) 100vw, 198px\" \/><\/p><\/div>\n\n\n\n<p class=\"tb-heading has-text-color\" data-toolset-blocks-heading=\"bf983b028e621cb4ef8152faf0911a40\" data-last-update=\"1.4\"><strong>Benutzerdefinierte Widgets<\/strong><\/p>\n<\/div>\n<\/div>\n<\/div>\n\n\n\n<h2 class=\"wp-block-heading\">\u00dcbersetzen Sie Widgets, die zu einzelnen Beitr\u00e4gen und Seiten hinzugef\u00fcgt wurden<\/h2>\n\n\n\n<p>So \u00fcbersetzen Sie Widget-Bl\u00f6cke, die Sie in beliebige Inhalte einf\u00fcgen k\u00f6nnen, einschlie\u00dflich Beitr\u00e4ge und Seiten:<\/p>\n\n\n\n<ol class=\"wp-block-list\">\n<li>Gehen Sie zu <strong>WPML<\/strong> \u2192 <strong>\u00dcbersetzungs-Dashboard<\/strong>.<\/li>\n\n\n\n<li>W\u00e4hlen Sie den Inhalt (Beitr\u00e4ge, Seiten usw.) aus, der Ihr Widget enth\u00e4lt.<\/li>\n\n\n\n<li>W\u00e4hlen Sie eine \u00dcbersetzungsmethode und \u00fcbersetzen Sie.<\/li>\n<\/ol>\n\n\n\n<p>WPML \u00fcbersetzt Ihr Widget zusammen mit den restlichen Inhalten der Seite.<\/p>\n\n\n\n<h2 class=\"wp-block-heading\" id=\"translate-bloc-based-classic-widgets\">\u00dcbersetzen Sie klassische blockbasierte Widgets<\/h2>\n\n\n\n<p>So \u00fcbersetzen Sie klassische, blockbasierte Widgets, die Sie \u00fcber die Seite <strong>Design<\/strong> \u2192 <strong>Widgets<\/strong> zu Widget-Bereichen hinzuf\u00fcgen:<\/p>\n\n\n\n<ol class=\"wp-block-list\">\n<li>Gehen Sie zu <strong>WPML <\/strong>\u2192 <strong>\u00dcbersetzungs-Dashboard<\/strong>.<\/li>\n\n\n\n<li>Scrollen Sie zum Abschnitt <strong>Block <\/strong>und erweitern Sie ihn.<\/li>\n\n\n\n<li>W\u00e4hlen Sie den Widget-Bereich aus, der Ihre Widgets enth\u00e4lt (z. B. \u201eWidgets \u2013 Blog-Seitenleiste\u201c).<\/li>\n\n\n\n<li>W\u00e4hlen Sie eine \u00dcbersetzungsmethode und \u00fcbersetzen Sie.<\/li>\n<\/ol>\n\n\n\n<h2 class=\"wp-block-heading\">\u00c4ltere Widgets \u00fcbersetzen<\/h2>\n\n\n\n<p>So \u00fcbersetzen Sie die alten Legacy-Widgets, die nicht blockbasiert sind:<\/p>\n\n\n\n<ol class=\"wp-block-list\">\n<li>Gehen Sie zu <strong>WPML<\/strong> <strong>\u2192 \u00dcbersetzungs-Dashboard<\/strong>.<\/li>\n\n\n\n<li>Scrollen Sie nach unten zum Abschnitt <strong>Andere Texte (Strings)<\/strong><strong> und w\u00e4hlen Sie Ihre Widget-Texte aus.<\/strong><\/li>\n<\/ol>\n\n\n\n<figure class=\"wp-block-image tb-image tb-image-dynamic tb-image-frame-none\" data-toolset-blocks-image=\"ee41e4c118e7ac8935b48e22aee401ec\"><a href=\"https:\/\/wpml.org\/wp-content\/uploads\/2025\/08\/Selecting-widgets-texts-in-the-Translation-Dashboard.png\"><img decoding=\"async\" width=\"1024\" height=\"637\" loading=\"lazy\" src=\"https:\/\/wpml.org\/wp-content\/uploads\/2025\/08\/Selecting-widgets-texts-in-the-Translation-Dashboard-1024x637.png\" alt=\"Selecting widgets texts in the Translation Dashboard\" class=\"wp-image-17317306\" srcset=\"https:\/\/wpml.org\/wp-content\/uploads\/2025\/08\/Selecting-widgets-texts-in-the-Translation-Dashboard-1024x637.png 1024w, https:\/\/wpml.org\/wp-content\/uploads\/2025\/08\/Selecting-widgets-texts-in-the-Translation-Dashboard-300x186.png 300w, https:\/\/wpml.org\/wp-content\/uploads\/2025\/08\/Selecting-widgets-texts-in-the-Translation-Dashboard-150x93.png 150w, https:\/\/wpml.org\/wp-content\/uploads\/2025\/08\/Selecting-widgets-texts-in-the-Translation-Dashboard-768x477.png 768w, https:\/\/wpml.org\/wp-content\/uploads\/2025\/08\/Selecting-widgets-texts-in-the-Translation-Dashboard-1536x955.png 1536w, https:\/\/wpml.org\/wp-content\/uploads\/2025\/08\/Selecting-widgets-texts-in-the-Translation-Dashboard.png 2022w\" sizes=\"auto, (max-width: 1024px) 100vw, 1024px\" \/><\/a><figcaption><div class=\"tb-image-caption\">Auswahl von Widget-Texten im \u00dcbersetzungs-Dashboard<\/div><\/figcaption><\/figure>\n\n\n\n<ol start=\"3\" class=\"wp-block-list\">\n<li>W\u00e4hlen Sie eine \u00dcbersetzungsmethode und klicken Sie auf <strong>\u00dcbersetzen<\/strong>.<\/li>\n<\/ol>\n\n\n\n<div style=\"height:20px\" aria-hidden=\"true\" class=\"wp-block-spacer\"><\/div>\n\n\n\n<p>Wenn Sie Ihre Widget-Texte im \u00dcbersetzungs-Dashboard nicht finden k\u00f6nnen:<\/p>\n\n\n\n<ol class=\"wp-block-list\">\n<li>Gehen Sie zu <strong>WPML \u2192 String Translation<\/strong>. <\/li>\n\n\n\n<li>Erweitern Sie den Abschnitt <strong>Sehen Sie nicht die gesuchten Zeichenketten?<\/strong> und klicken Sie auf <strong>\u00dcbersetzung von Administratortexten<\/strong>.<\/li>\n<\/ol>\n\n\n\n<figure class=\"wp-block-image tb-image tb-image-dynamic tb-image-frame-none\" data-toolset-blocks-image=\"734b033330364d79f3eb6bc63e47a139\"><a href=\"https:\/\/wpml.org\/wp-content\/uploads\/2025\/08\/Clicking-Admin-Texts-Translation.png\"><img decoding=\"async\" width=\"1024\" height=\"629\" loading=\"lazy\" src=\"https:\/\/wpml.org\/wp-content\/uploads\/2025\/08\/Clicking-Admin-Texts-Translation-1024x629.png\" alt=\"Clicking Admin Texts Translation\" class=\"wp-image-17317320\" srcset=\"https:\/\/wpml.org\/wp-content\/uploads\/2025\/08\/Clicking-Admin-Texts-Translation-1024x629.png 1024w, https:\/\/wpml.org\/wp-content\/uploads\/2025\/08\/Clicking-Admin-Texts-Translation-300x184.png 300w, https:\/\/wpml.org\/wp-content\/uploads\/2025\/08\/Clicking-Admin-Texts-Translation-150x92.png 150w, https:\/\/wpml.org\/wp-content\/uploads\/2025\/08\/Clicking-Admin-Texts-Translation-768x471.png 768w, https:\/\/wpml.org\/wp-content\/uploads\/2025\/08\/Clicking-Admin-Texts-Translation-1536x943.png 1536w, https:\/\/wpml.org\/wp-content\/uploads\/2025\/08\/Clicking-Admin-Texts-Translation.png 2046w\" sizes=\"auto, (max-width: 1024px) 100vw, 1024px\" \/><\/a><figcaption><div class=\"tb-image-caption\">Klicken auf \u00dcbersetzung von Administratortexten<\/div><\/figcaption><\/figure>\n\n\n\n<ol start=\"3\" class=\"wp-block-list\">\n<li>W\u00e4hlen Sie die Widget-Texte aus, die Sie \u00fcbersetzen m\u00f6chten, und klicken Sie auf <strong>Add to String Translation<\/strong>.<\/li>\n<\/ol>\n\n\n\n<div style=\"height:10px\" aria-hidden=\"true\" class=\"wp-block-spacer\"><\/div>\n\n\n\n<p>Sie k\u00f6nnen diese Widget-Texte jetzt im \u00dcbersetzungs-Dashboard \u00fcbersetzen.<\/p>\n\n\n\n<h2 class=\"wp-block-heading\" id=\"translate-widgets-blocks\">Benutzerdefinierte Widgets \u00fcbersetzen<\/h2>\n\n\n\n<p>Um selbst entwickelte Widgets zu \u00fcbersetzen, m\u00fcssen Sie diese zun\u00e4chst <a href=\"https:\/\/wpml.org\/documentation\/support\/translation-for-texts-by-other-plugins-and-themes\/\">in WPML registrieren<\/a>. Nach der Registrierung k\u00f6nnen Sie Ihre Widgets im Abschnitt <strong>Andere Texte (Strings)<\/strong> im \u00dcbersetzungs-Dashboard \u00fcbersetzen. <\/p>\n\n\n\n<h2 class=\"wp-block-heading\" id=\"display-different-widgets-each-language\">Verschiedene Widgets in jeder Sprache anzeigen<\/h2>\n\n\n\n<p>So zeigen Sie verschiedene Widgets in jeder Sprache an:<\/p>\n\n\n\n<ol class=\"wp-block-list\">\n<li>Gehen Sie zu <strong>Design \u2192 Widgets<\/strong>. <\/li>\n\n\n\n<li>Bearbeiten Sie Ihr Widget und \u00f6ffnen Sie das Sprach-Dropdown.<\/li>\n\n\n\n<li>W\u00e4hlen Sie die Sprache aus, in der das Widget angezeigt werden soll. <\/li>\n<\/ol>\n\n\n\n<div class=\"wp-block-toolset-blocks-grid tb-grid\" data-toolset-blocks-grid=\"a6800b7e37e47f0f08842337262ef73d\">\n<div class=\"wp-block-toolset-blocks-grid-column tb-grid-column tb-grid-align-top\" data-toolset-blocks-grid-column=\"3034fbe886c11054e95b46b09d3e4112\"><div class=\"wp-block-image\">\n<figure class=\" tb-image tb-image-dynamic tb-image-frame-none aligncenter\" data-toolset-blocks-image=\"68a3449c6f469df2ed50502283da75aa\"><a href=\"https:\/\/wpml.org\/wp-content\/uploads\/2024\/05\/block-based-widgets-display-on-language-1.png\"><img decoding=\"async\" width=\"1024\" height=\"752\" loading=\"lazy\" src=\"https:\/\/wpml.org\/wp-content\/uploads\/2024\/05\/block-based-widgets-display-on-language-1-1024x752.png\" alt=\"\" class=\"wp-image-15620135\" srcset=\"https:\/\/wpml.org\/wp-content\/uploads\/2024\/05\/block-based-widgets-display-on-language-1-1024x752.png 1024w, https:\/\/wpml.org\/wp-content\/uploads\/2024\/05\/block-based-widgets-display-on-language-1-300x220.png 300w, https:\/\/wpml.org\/wp-content\/uploads\/2024\/05\/block-based-widgets-display-on-language-1-150x110.png 150w, https:\/\/wpml.org\/wp-content\/uploads\/2024\/05\/block-based-widgets-display-on-language-1-768x564.png 768w, https:\/\/wpml.org\/wp-content\/uploads\/2024\/05\/block-based-widgets-display-on-language-1-1536x1127.png 1536w, https:\/\/wpml.org\/wp-content\/uploads\/2024\/05\/block-based-widgets-display-on-language-1.png 1669w\" sizes=\"auto, (max-width: 1024px) 100vw, 1024px\" \/><\/a><figcaption><div class=\"tb-image-caption\">Anzeigebedingungen f\u00fcr ein blockbasiertes Widget festlegen<\/div><\/figcaption><\/figure>\n<\/div><\/div>\n\n\n\n<div class=\"wp-block-toolset-blocks-grid-column tb-grid-column tb-grid-align-top\" data-toolset-blocks-grid-column=\"3034fbe886c11054e95b46b09d3e4112\"><div class=\"wp-block-image\">\n<figure class=\" tb-image tb-image-dynamic tb-image-frame-none aligncenter\" data-toolset-blocks-image=\"5f9f3755f4fbb6ffddc50e9e7812e663\"><a href=\"https:\/\/wpml.org\/wp-content\/uploads\/2024\/05\/classic-widget-display-on-specific-language.png\"><img decoding=\"async\" width=\"1024\" height=\"791\" loading=\"lazy\" src=\"https:\/\/wpml.org\/wp-content\/uploads\/2024\/05\/classic-widget-display-on-specific-language-1024x791.png\" alt=\"\" class=\"wp-image-15620149\" srcset=\"https:\/\/wpml.org\/wp-content\/uploads\/2024\/05\/classic-widget-display-on-specific-language-1024x791.png 1024w, https:\/\/wpml.org\/wp-content\/uploads\/2024\/05\/classic-widget-display-on-specific-language-300x232.png 300w, https:\/\/wpml.org\/wp-content\/uploads\/2024\/05\/classic-widget-display-on-specific-language-150x116.png 150w, https:\/\/wpml.org\/wp-content\/uploads\/2024\/05\/classic-widget-display-on-specific-language-768x593.png 768w, https:\/\/wpml.org\/wp-content\/uploads\/2024\/05\/classic-widget-display-on-specific-language-1536x1186.png 1536w, https:\/\/wpml.org\/wp-content\/uploads\/2024\/05\/classic-widget-display-on-specific-language.png 1808w\" sizes=\"auto, (max-width: 1024px) 100vw, 1024px\" \/><\/a><figcaption><div class=\"tb-image-caption\">Anzeigebedingungen f\u00fcr ein klassisches Widget festlegen<\/div><\/figcaption><\/figure>\n<\/div><\/div>\n<\/div>\n<\/div><\/div>\n","protected":false},"excerpt":{"rendered":"","protected":false},"author":538393,"featured_media":0,"parent":1262,"menu_order":57,"comment_status":"closed","ping_status":"closed","template":"template-sidebar-2.php","meta":{"_bbp_topic_count":0,"_bbp_reply_count":0,"_bbp_total_topic_count":0,"_bbp_total_reply_count":0,"_bbp_voice_count":0,"_bbp_anonymous_reply_count":0,"_bbp_topic_count_hidden":0,"_bbp_reply_count_hidden":0,"_bbp_forum_subforum_count":0,"ep_exclude_from_search":false,"footnotes":""},"related-projects-category":[],"class_list":["post-3507347","page","type-page","status-publish","hentry"],"_links":{"self":[{"href":"https:\/\/wpml.org\/de\/wp-json\/wp\/v2\/pages\/3507347","targetHints":{"allow":["GET"]}}],"collection":[{"href":"https:\/\/wpml.org\/de\/wp-json\/wp\/v2\/pages"}],"about":[{"href":"https:\/\/wpml.org\/de\/wp-json\/wp\/v2\/types\/page"}],"author":[{"embeddable":true,"href":"https:\/\/wpml.org\/de\/wp-json\/wp\/v2\/users\/538393"}],"replies":[{"embeddable":true,"href":"https:\/\/wpml.org\/de\/wp-json\/wp\/v2\/comments?post=3507347"}],"version-history":[{"count":8,"href":"https:\/\/wpml.org\/de\/wp-json\/wp\/v2\/pages\/3507347\/revisions"}],"predecessor-version":[{"id":17853594,"href":"https:\/\/wpml.org\/de\/wp-json\/wp\/v2\/pages\/3507347\/revisions\/17853594"}],"up":[{"embeddable":true,"href":"https:\/\/wpml.org\/de\/wp-json\/wp\/v2\/pages\/1262"}],"wp:attachment":[{"href":"https:\/\/wpml.org\/de\/wp-json\/wp\/v2\/media?parent=3507347"}],"wp:term":[{"taxonomy":"related-projects-category","embeddable":true,"href":"https:\/\/wpml.org\/de\/wp-json\/wp\/v2\/related-projects-category?post=3507347"}],"curies":[{"name":"wp","href":"https:\/\/api.w.org\/{rel}","templated":true}]}}