{"id":3852,"date":"2009-11-24T20:23:31","date_gmt":"2009-11-24T20:23:31","guid":{"rendered":"http:\/\/wpml.org\/documentation-3\/ubersetzen-ihrer-inhalte\/"},"modified":"2026-02-25T06:37:39","modified_gmt":"2026-02-25T06:37:39","slug":"ubersetzen-ihrer-inhalte","status":"publish","type":"page","link":"https:\/\/wpml.org\/de\/documentation-3\/ubersetzen-ihrer-inhalte\/","title":{"rendered":"\u00dcbersetzungs-Dashboard"},"content":{"rendered":"\n<div class=\"wp-block-toolset-blocks-container tb-container alignfull\" data-toolset-blocks-container=\"9afdb393900e8f9190c62bc960dbd833\"><div class=\"tb-container-inner\">\n<p class=\"tb-heading has-text-color\" data-toolset-blocks-heading=\"0190bf5c0f5e682e6e1d8be7e6f401ac\" data-last-update=\"1.4\"><span><span><a href=\"https:\/\/wpml.org\/de\/startseite\/\">Home<\/a><\/span><\/span><\/p>\n\n\n\n<div class=\"wp-block-toolset-blocks-grid tb-grid\" data-toolset-blocks-grid=\"2774ecbe73f77c87e0c83e6bd1b474ef\">\n<div class=\"wp-block-toolset-blocks-grid-column tb-grid-column tb-grid-align-center\" data-toolset-blocks-grid-column=\"f586ff7bfe1d7317c63162ec7b7039ed\">\n<div class=\"wp-block-toolset-blocks-container tb-container\" data-toolset-blocks-container=\"d1145a202a133618fec34f7d20c9dbb9\">\n<h1 class=\"tb-heading has-text-color\" data-toolset-blocks-heading=\"1f754702eb70d940509234ba099a8b2d\" data-last-update=\"1.4\">\u00dcbersetzungs-Dashboard<\/h1>\n\n\n\n<p class=\"tb-heading has-text-color\" data-toolset-blocks-heading=\"af2163c1fd8f2d90dd812af009e1ef56\" data-last-update=\"1.4\">Das \u00dcbersetzungs-Dashboard ist die zentrale Anlaufstelle von WPML, um Website-Inhalte f\u00fcr die \u00dcbersetzung auszuw\u00e4hlen und Ihren \u00dcbersetzungsfortschritt zu verwalten.<\/p>\n<\/div>\n<\/div>\n\n\n\n<div class=\"wp-block-toolset-blocks-grid-column tb-grid-column tb-grid-align-center\" data-toolset-blocks-grid-column=\"c77f65d01bb1c283e93f285b389d97af\">\n<div class=\"tb-fields-and-text\" data-toolset-blocks-fields-and-text=\"3e1d2592ce20bdf2bf813c9dfa44c991\"><p><img decoding=\"async\" class=\"size-full aligncenter\" src=\"https:\/\/wpml.org\/wp-content\/uploads\/2024\/06\/controls-1-min.png\" width=\"804\" height=\"744\"\/><\/p><\/div>\n<\/div>\n<\/div>\n<\/div><\/div>\n\n<div class=\"wp-block-toolset-blocks-container tb-container product-page-content\" data-toolset-blocks-container=\"b085af9398a2e3cf150a39a2a6b529e1\"><div class=\"tb-container-inner\">\n<div class=\"wp-block-toolset-blocks-grid tb-grid\" data-toolset-blocks-grid=\"ea97337afaa592cf47d8d74f07746c7e\">\n<div class=\"wp-block-toolset-blocks-grid-column tb-grid-column tb-grid-align-top\" data-toolset-blocks-grid-column=\"3034fbe886c11054e95b46b09d3e4112\">\n<div style=\"height:40px\" aria-hidden=\"true\" class=\"wp-block-spacer\"><\/div>\n\n\n\n<h3 class=\"wp-block-heading\">Zentraler \u00dcbersetzungs-Hub<\/h3>\n\n\n\n<p>Verwalten Sie alle \u00dcbersetzungen Ihrer Website \u00fcber ein einziges Dashboard in Ihrem WordPress-Adminbereich.<\/p>\n<\/div>\n\n\n\n<div class=\"wp-block-toolset-blocks-grid-column tb-grid-column tb-grid-align-top\" data-toolset-blocks-grid-column=\"3034fbe886c11054e95b46b09d3e4112\">\n<figure class=\"wp-block-image tb-image tb-image-dynamic tb-image-frame-none\" data-toolset-blocks-image=\"74e39ed3f2631fb426644bdd206a5d7c\"><img decoding=\"async\" width=\"1600\" height=\"1045\" loading=\"lazy\" src=\"https:\/\/wpml.org\/wp-content\/uploads\/2026\/02\/translation-dashboard-screen.png\" alt=\"\" class=\"wp-image-17792111\" srcset=\"https:\/\/wpml.org\/wp-content\/uploads\/2026\/02\/translation-dashboard-screen.png 1600w, https:\/\/wpml.org\/wp-content\/uploads\/2026\/02\/translation-dashboard-screen-300x196.png 300w, https:\/\/wpml.org\/wp-content\/uploads\/2026\/02\/translation-dashboard-screen-1024x669.png 1024w, https:\/\/wpml.org\/wp-content\/uploads\/2026\/02\/translation-dashboard-screen-150x98.png 150w, https:\/\/wpml.org\/wp-content\/uploads\/2026\/02\/translation-dashboard-screen-768x502.png 768w, https:\/\/wpml.org\/wp-content\/uploads\/2026\/02\/translation-dashboard-screen-1536x1003.png 1536w\" sizes=\"auto, (max-width: 1600px) 100vw, 1600px\" \/><\/figure>\n<\/div>\n<\/div>\n\n\n\n<div class=\"wp-block-toolset-blocks-grid tb-grid\" data-toolset-blocks-grid=\"dfc0fad1f393136a61731ded02d5c508\">\n<div class=\"wp-block-toolset-blocks-grid-column tb-grid-column tb-grid-align-top\" data-toolset-blocks-grid-column=\"e0c62ef28c440411136281632d5a8d63\">\n<figure class=\"wp-block-image tb-image tb-image-dynamic tb-image-frame-none\" data-toolset-blocks-image=\"7d1c4d6dfd43d9013fc98c97b583f3cf\"><img decoding=\"async\" width=\"1024\" height=\"674\" loading=\"lazy\" src=\"https:\/\/wpml.org\/wp-content\/uploads\/2025\/10\/Realtime-status-in-Translation-Dashboard-1024x674.png\" alt=\"Realtime status in Translation Dashboard\" class=\"wp-image-17475045\" srcset=\"https:\/\/wpml.org\/wp-content\/uploads\/2025\/10\/Realtime-status-in-Translation-Dashboard-1024x674.png 1024w, https:\/\/wpml.org\/wp-content\/uploads\/2025\/10\/Realtime-status-in-Translation-Dashboard-300x197.png 300w, https:\/\/wpml.org\/wp-content\/uploads\/2025\/10\/Realtime-status-in-Translation-Dashboard-150x99.png 150w, https:\/\/wpml.org\/wp-content\/uploads\/2025\/10\/Realtime-status-in-Translation-Dashboard-768x505.png 768w, https:\/\/wpml.org\/wp-content\/uploads\/2025\/10\/Realtime-status-in-Translation-Dashboard.png 1263w\" sizes=\"auto, (max-width: 1024px) 100vw, 1024px\" \/><\/figure>\n<\/div>\n\n\n\n<div class=\"wp-block-toolset-blocks-grid-column tb-grid-column tb-grid-align-top\" data-toolset-blocks-grid-column=\"3034fbe886c11054e95b46b09d3e4112\">\n<div style=\"height:40px\" aria-hidden=\"true\" class=\"wp-block-spacer\"><\/div>\n\n\n\n<h3 class=\"wp-block-heading\">Echtzeit-Status &amp; Updates<\/h3>\n\n\n\n<p>Sehen Sie laufende \u00dcbersetzungen, abgeschlossene \u00dcbersetzungen und solche, die Aktualisierungen erfordern.<\/p>\n<\/div>\n<\/div>\n\n\n\n<div class=\"wp-block-toolset-blocks-grid tb-grid\" data-toolset-blocks-grid=\"ea97337afaa592cf47d8d74f07746c7e\">\n<div class=\"wp-block-toolset-blocks-grid-column tb-grid-column tb-grid-align-top\" data-toolset-blocks-grid-column=\"3034fbe886c11054e95b46b09d3e4112\">\n<div style=\"height:40px\" aria-hidden=\"true\" class=\"wp-block-spacer\"><\/div>\n\n\n\n<h3 class=\"wp-block-heading\">Flexible \u00dcbersetzungsmethoden<\/h3>\n\n\n\n<p>\u00dcbersetzen Sie automatisch, selbst, mit Benutzern Ihrer Website oder mit \u00dcbersetzungsdiensten.<\/p>\n<\/div>\n\n\n\n<div class=\"wp-block-toolset-blocks-grid-column tb-grid-column tb-grid-align-top\" data-toolset-blocks-grid-column=\"3034fbe886c11054e95b46b09d3e4112\">\n<figure class=\"wp-block-image tb-image tb-image-dynamic tb-image-frame-none\" data-toolset-blocks-image=\"82fcc54118d32bce7f866187e6af3baf\"><img decoding=\"async\" width=\"1600\" height=\"908\" loading=\"lazy\" src=\"https:\/\/wpml.org\/wp-content\/uploads\/2026\/02\/translation-options.png\" alt=\"\" class=\"wp-image-17792126\" srcset=\"https:\/\/wpml.org\/wp-content\/uploads\/2026\/02\/translation-options.png 1600w, https:\/\/wpml.org\/wp-content\/uploads\/2026\/02\/translation-options-300x170.png 300w, https:\/\/wpml.org\/wp-content\/uploads\/2026\/02\/translation-options-1024x581.png 1024w, https:\/\/wpml.org\/wp-content\/uploads\/2026\/02\/translation-options-150x85.png 150w, https:\/\/wpml.org\/wp-content\/uploads\/2026\/02\/translation-options-768x436.png 768w, https:\/\/wpml.org\/wp-content\/uploads\/2026\/02\/translation-options-1536x872.png 1536w\" sizes=\"auto, (max-width: 1600px) 100vw, 1600px\" \/><\/figure>\n<\/div>\n<\/div>\n\n\n\n<div class=\"wp-block-toolset-blocks-grid tb-grid\" data-toolset-blocks-grid=\"317a291765e682143cd1990eb46be0fd\">\n<div class=\"wp-block-toolset-blocks-grid-column tb-grid-column tb-grid-align-top\" data-toolset-blocks-grid-column=\"3034fbe886c11054e95b46b09d3e4112\">\n<figure class=\"wp-block-image tb-image tb-image-dynamic tb-image-frame-none\" data-toolset-blocks-image=\"65b0dd730248cf8cdaab5c13b8da0c0b\"><img decoding=\"async\" width=\"993\" height=\"590\" loading=\"lazy\" src=\"https:\/\/wpml.org\/wp-content\/uploads\/2026\/02\/translation-costs.png\" alt=\"\" class=\"wp-image-17792143\" srcset=\"https:\/\/wpml.org\/wp-content\/uploads\/2026\/02\/translation-costs.png 993w, https:\/\/wpml.org\/wp-content\/uploads\/2026\/02\/translation-costs-300x178.png 300w, https:\/\/wpml.org\/wp-content\/uploads\/2026\/02\/translation-costs-150x89.png 150w, https:\/\/wpml.org\/wp-content\/uploads\/2026\/02\/translation-costs-768x456.png 768w\" sizes=\"auto, (max-width: 993px) 100vw, 993px\" \/><\/figure>\n<\/div>\n\n\n\n<div class=\"wp-block-toolset-blocks-grid-column tb-grid-column tb-grid-align-top\" data-toolset-blocks-grid-column=\"3034fbe886c11054e95b46b09d3e4112\">\n<div style=\"height:40px\" aria-hidden=\"true\" class=\"wp-block-spacer\"><\/div>\n\n\n\n<h3 class=\"wp-block-heading\">Klare \u00dcbersetzungskosten<\/h3>\n\n\n\n<p>Sehen Sie die genaue Anzahl der Credits, die die automatische \u00dcbersetzung Ihrer Inhalte verbrauchen wird, sowie die gesch\u00e4tzten Kosten in Euro.<\/p>\n<\/div>\n<\/div>\n\n\n\n<div style=\"height:60px\" aria-hidden=\"true\" class=\"wp-block-spacer\"><\/div>\n\n\n\n<h2 class=\"wp-block-heading has-text-align-center\">So verwenden Sie das \u00dcbersetzungs-Dashboard<\/h2>\n\n\n\n<p class=\"tb-heading\" data-toolset-blocks-heading=\"86cef3a394159f20bec2319fd2318e64\" data-last-update=\"1.4\">\u00dcbersetzen Sie beliebige Inhalte auf Ihrer Website in drei einfachen Schritten.<\/p>\n\n\n\n<div style=\"height:10px\" aria-hidden=\"true\" class=\"wp-block-spacer\"><\/div>\n\n\n\n<div class=\"wp-block-toolset-blocks-grid tb-grid\" data-toolset-blocks-grid=\"fb68e9a873867b36d5c13c01005648e2\">\n<div class=\"wp-block-toolset-blocks-grid-column tb-grid-column tb-grid-align-top\" data-toolset-blocks-grid-column=\"3034fbe886c11054e95b46b09d3e4112\">\n<div class=\"wp-block-toolset-blocks-grid tb-grid\" data-toolset-blocks-grid=\"155a3dacc0742235a56b365a3fa54aa0\">\n<div class=\"wp-block-toolset-blocks-grid-column tb-grid-column tb-grid-align-center\" data-toolset-blocks-grid-column=\"f586ff7bfe1d7317c63162ec7b7039ed\">\n<div class=\"wp-block-toolset-blocks-container tb-container\" data-toolset-blocks-container=\"c10aa1111c31fba4a5e0ea5adb7dbac7\"><\/div>\n<\/div>\n\n\n\n<div class=\"wp-block-toolset-blocks-grid-column tb-grid-column tb-grid-align-center\" data-toolset-blocks-grid-column=\"f586ff7bfe1d7317c63162ec7b7039ed\">\n<p id=\"essential-addons\" class=\"tb-heading has-text-color\" data-toolset-blocks-heading=\"e037dd8909f4671e59f6ff8b7621013c\" data-last-update=\"1.4\">Inhalt ausw\u00e4hlen<\/p>\n<\/div>\n\n\n\n<div class=\"wp-block-toolset-blocks-grid-column tb-grid-column tb-grid-align-top\" data-toolset-blocks-grid-column=\"3034fbe886c11054e95b46b09d3e4112\"><\/div>\n\n\n\n<div class=\"wp-block-toolset-blocks-grid-column tb-grid-column tb-grid-align-top\" data-toolset-blocks-grid-column=\"3034fbe886c11054e95b46b09d3e4112\">\n<p>Gehen Sie zu <strong>WPML <\/strong>\u2192 <strong>\u00dcbersetzungs-Dashboard <\/strong>und w\u00e4hlen Sie den Inhalt aus, den Sie \u00fcbersetzen m\u00f6chten.<\/p>\n<\/div>\n<\/div>\n<\/div>\n\n\n\n<div class=\"wp-block-toolset-blocks-grid-column tb-grid-column tb-grid-align-top\" data-toolset-blocks-grid-column=\"3034fbe886c11054e95b46b09d3e4112\">\n<div class=\"wp-block-toolset-blocks-grid tb-grid\" data-toolset-blocks-grid=\"155a3dacc0742235a56b365a3fa54aa0\">\n<div class=\"wp-block-toolset-blocks-grid-column tb-grid-column tb-grid-align-center\" data-toolset-blocks-grid-column=\"f586ff7bfe1d7317c63162ec7b7039ed\">\n<div class=\"wp-block-toolset-blocks-container tb-container\" data-toolset-blocks-container=\"0eb9fce6571c9dec1a430bf12affe90c\"><\/div>\n<\/div>\n\n\n\n<div class=\"wp-block-toolset-blocks-grid-column tb-grid-column tb-grid-align-center\" data-toolset-blocks-grid-column=\"f586ff7bfe1d7317c63162ec7b7039ed\">\n<p id=\"essential-addons\" class=\"tb-heading has-text-color\" data-toolset-blocks-heading=\"e037dd8909f4671e59f6ff8b7621013c\" data-last-update=\"1.4\">\u00dcbersetzungsmethode w\u00e4hlen<\/p>\n<\/div>\n\n\n\n<div class=\"wp-block-toolset-blocks-grid-column tb-grid-column tb-grid-align-top\" data-toolset-blocks-grid-column=\"3034fbe886c11054e95b46b09d3e4112\"><\/div>\n\n\n\n<div class=\"wp-block-toolset-blocks-grid-column tb-grid-column tb-grid-align-top\" data-toolset-blocks-grid-column=\"3034fbe886c11054e95b46b09d3e4112\">\n<p>Entscheiden Sie, wie Sie Ihre Inhalte \u00fcbersetzen m\u00f6chten \u2013 nutzen Sie die <a href=\"https:\/\/wpml.org\/de\/documentation-3\/automatische-uebersetzung-fuer-wordpress-inhalte-mit-wpml\/\">automatische \u00dcbersetzung<\/a> von WPML f\u00fcr die beste Qualit\u00e4t.<\/p>\n<\/div>\n<\/div>\n<\/div>\n\n\n\n<div class=\"wp-block-toolset-blocks-grid-column tb-grid-column tb-grid-align-top\" data-toolset-blocks-grid-column=\"3034fbe886c11054e95b46b09d3e4112\">\n<div class=\"wp-block-toolset-blocks-grid tb-grid\" data-toolset-blocks-grid=\"155a3dacc0742235a56b365a3fa54aa0\">\n<div class=\"wp-block-toolset-blocks-grid-column tb-grid-column tb-grid-align-center\" data-toolset-blocks-grid-column=\"f586ff7bfe1d7317c63162ec7b7039ed\">\n<div class=\"wp-block-toolset-blocks-container tb-container\" data-toolset-blocks-container=\"21fb808c346b41860b4533592d1d9d24\"><\/div>\n<\/div>\n\n\n\n<div class=\"wp-block-toolset-blocks-grid-column tb-grid-column tb-grid-align-center\" data-toolset-blocks-grid-column=\"f586ff7bfe1d7317c63162ec7b7039ed\">\n<p id=\"essential-addons\" class=\"tb-heading has-text-color\" data-toolset-blocks-heading=\"e037dd8909f4671e59f6ff8b7621013c\" data-last-update=\"1.4\">\u00dcberpr\u00fcfen und Senden<\/p>\n<\/div>\n\n\n\n<div class=\"wp-block-toolset-blocks-grid-column tb-grid-column tb-grid-align-top\" data-toolset-blocks-grid-column=\"3034fbe886c11054e95b46b09d3e4112\"><\/div>\n\n\n\n<div class=\"wp-block-toolset-blocks-grid-column tb-grid-column tb-grid-align-top\" data-toolset-blocks-grid-column=\"3034fbe886c11054e95b46b09d3e4112\">\n<p>Sehen Sie eine Zusammenfassung Ihrer ausgew\u00e4hlten Inhalte und klicken Sie auf <strong>\u00dcbersetzen<\/strong>.<\/p>\n<\/div>\n<\/div>\n<\/div>\n<\/div>\n\n\n\n<div style=\"height:30px\" aria-hidden=\"true\" class=\"wp-block-spacer\"><\/div>\n\n\n\n<div class=\"wp-block-toolset-blocks-container tb-container\" data-toolset-blocks-container=\"f908b134276ba3432b0b77744504af0a\">\n<div class=\"wp-block-toolset-blocks-grid tb-grid\" data-toolset-blocks-grid=\"11c011d4d76e7a5d432ca395f201a03b\">\n<div class=\"wp-block-toolset-blocks-grid-column tb-grid-column tb-grid-align-top\" data-toolset-blocks-grid-column=\"3034fbe886c11054e95b46b09d3e4112\">\n<div class=\"wp-block-toolset-blocks-container tb-container\" data-toolset-blocks-container=\"5cf35f77ebe86fbe26ba5394e7247dee\"><\/div>\n<\/div>\n\n\n\n<div class=\"wp-block-toolset-blocks-grid-column tb-grid-column tb-grid-align-top\" data-toolset-blocks-grid-column=\"3034fbe886c11054e95b46b09d3e4112\">\n<p class=\"tb-heading\" data-toolset-blocks-heading=\"6accbb87eeb156ecd9e1231ac06f0bc5\" data-last-update=\"1.4\"><strong>Ben\u00f6tigen Sie weitere Informationen?<\/strong><\/p>\n\n\n\n<p>Lesen Sie unsere detaillierte Schritt-f\u00fcr-Schritt-Anleitung zum <a href=\"https:\/\/wpml.org\/how-to\/translation-dashboard\/\">\u00dcbersetzungs-Dashboard<\/a>.<\/p>\n<\/div>\n<\/div>\n<\/div>\n<\/div><\/div>\n\n<p><\/p>\n","protected":false},"excerpt":{"rendered":"<p>Wenn Sie an die \u00dcbersetzung Ihrer Inhalte denken, denken Sie vielleicht an den \u201eTitel\u201c und den \u201eInhalt\u201c der Seite. Vollst\u00e4ndig \u00fcbersetzte Inhalte erfordern jedoch mehr Aufmerksamkeit. In diesem Dokument erkl\u00e4ren wir, was Sie wissen m\u00fcssen, bevor Sie mit der \u00dcbersetzung Ihrer Inhalte beginnen, und wie Sie mit den verschiedenen Elementen auf Ihren Websites umgehen.   <\/p>\n","protected":false},"author":76577,"featured_media":0,"parent":3317,"menu_order":39,"comment_status":"closed","ping_status":"closed","template":"template-full-with-popup.php","meta":{"_bbp_topic_count":0,"_bbp_reply_count":0,"_bbp_total_topic_count":0,"_bbp_total_reply_count":0,"_bbp_voice_count":0,"_bbp_anonymous_reply_count":0,"_bbp_topic_count_hidden":0,"_bbp_reply_count_hidden":0,"_bbp_forum_subforum_count":0,"ep_exclude_from_search":false,"footnotes":""},"related-projects-category":[],"class_list":["post-3852","page","type-page","status-publish","hentry"],"_links":{"self":[{"href":"https:\/\/wpml.org\/de\/wp-json\/wp\/v2\/pages\/3852","targetHints":{"allow":["GET"]}}],"collection":[{"href":"https:\/\/wpml.org\/de\/wp-json\/wp\/v2\/pages"}],"about":[{"href":"https:\/\/wpml.org\/de\/wp-json\/wp\/v2\/types\/page"}],"author":[{"embeddable":true,"href":"https:\/\/wpml.org\/de\/wp-json\/wp\/v2\/users\/76577"}],"replies":[{"embeddable":true,"href":"https:\/\/wpml.org\/de\/wp-json\/wp\/v2\/comments?post=3852"}],"version-history":[{"count":8,"href":"https:\/\/wpml.org\/de\/wp-json\/wp\/v2\/pages\/3852\/revisions"}],"predecessor-version":[{"id":17849374,"href":"https:\/\/wpml.org\/de\/wp-json\/wp\/v2\/pages\/3852\/revisions\/17849374"}],"up":[{"embeddable":true,"href":"https:\/\/wpml.org\/de\/wp-json\/wp\/v2\/pages\/3317"}],"wp:attachment":[{"href":"https:\/\/wpml.org\/de\/wp-json\/wp\/v2\/media?parent=3852"}],"wp:term":[{"taxonomy":"related-projects-category","embeddable":true,"href":"https:\/\/wpml.org\/de\/wp-json\/wp\/v2\/related-projects-category?post=3852"}],"curies":[{"name":"wp","href":"https:\/\/api.w.org\/{rel}","templated":true}]}}