{"id":470451,"date":"2013-05-02T09:13:53","date_gmt":"2013-05-02T09:13:53","guid":{"rendered":"http:\/\/wpml.org\/documentation-3\/ahnliche-projekte\/woocommerce-multilingual-betreiben-sie-e-commerce-seiten-in-mehreren-sprachen\/"},"modified":"2026-02-26T07:55:52","modified_gmt":"2026-02-26T07:55:52","slug":"woocommerce-multilingual-betreiben-sie-e-commerce-seiten-in-mehreren-sprachen","status":"publish","type":"page","link":"https:\/\/wpml.org\/de\/documentation-3\/ahnliche-projekte\/woocommerce-multilingual-betreiben-sie-e-commerce-seiten-in-mehreren-sprachen\/","title":{"rendered":"WPML Multilingual &amp; Multicurrency for WooCommerce \u2013 Shops \u00fcbersetzen"},"content":{"rendered":"\n<div class=\"wp-block-toolset-blocks-container tb-container\" data-toolset-blocks-container=\"e1777e62136f4ba1982726a3fbfdc08a\"><div class=\"tb-container-inner\">\n<div class=\"wp-block-toolset-blocks-container tb-container\" data-toolset-blocks-container=\"0f611822a64f1e56998896f941cece14\"><\/div>\n\n\n\n<h1 class=\"tb-heading\" data-toolset-blocks-heading=\"e9065b09e177b8e381d819f7555bdfa3\" data-last-update=\"1.4\">WPML Multilingual &amp; Multicurrency for WooCommerce<\/h1>\n\n\n\n<p class=\"tb-heading has-text-color\" data-toolset-blocks-heading=\"5ac4b88993e585f6f50c4066e3249b89\" data-last-update=\"1.4\">WCML von WPML erm\u00f6glicht es Ihnen, internationale WooCommerce-Shops mit mehreren Sprachen, mehreren W\u00e4hrungen und lokalisierten Zahlungsgateways zu erstellen. Dem vertrauen <strong>\u00fcber 100.000 WooCommerce-Websites<\/strong>. <\/p>\n\n\n\n<div id=\"wpml-info-account-trigger\" class=\"tb-button\" data-toolset-blocks-button=\"c5f3b2c13270989041ea6c686b823e6e\"><a class=\"tb-button__link\" href=\"https:\/\/wpml.org\/account\/downloads\/#wpml-multilingual-multicurrency-for-woocommerce\" target=\"_blank\"><span class=\"tb-button__content\">WPML f\u00fcr WooCommerce erhalten<\/span><i class=\"tb-button__icon\"><\/i><\/a><\/div>\n<\/div><\/div>\n\n<div class=\"wp-block-toolset-blocks-container tb-container\" data-toolset-blocks-container=\"39c45dee860c2af8017f91b5660b8bf4\"><div class=\"tb-container-inner\">\n<div class=\"wp-block-toolset-blocks-grid tb-grid\" data-toolset-blocks-grid=\"d35d48406572d278d0ded23a36f918c1\">\n<div class=\"wp-block-toolset-blocks-grid-column tb-grid-column tb-grid-align-center\" data-toolset-blocks-grid-column=\"f586ff7bfe1d7317c63162ec7b7039ed\">\n<div class=\"wp-block-toolset-blocks-grid tb-grid\" data-toolset-blocks-grid=\"a89a58d8b7281c452b56bf2474e5a755\">\n<div class=\"wp-block-toolset-blocks-grid-column tb-grid-column tb-grid-align-center\" data-toolset-blocks-grid-column=\"2c6e19232c221cec2ce8d8a5ee3199bb\">\n<div class=\"wp-block-toolset-blocks-container tb-container\" data-toolset-blocks-container=\"e4642a443dba58cbb4cb859048f420b0\"><\/div>\n<\/div>\n\n\n\n<div class=\"wp-block-toolset-blocks-grid-column tb-grid-column tb-grid-align-center\" data-toolset-blocks-grid-column=\"2c6e19232c221cec2ce8d8a5ee3199bb\">\n<h2 class=\"tb-heading\" data-toolset-blocks-heading=\"adee741f66278c9138f8153f222d48a1\" data-last-update=\"1.4\">\u00dcbersetzen Sie jeden Teil Ihres WooCommerce-Shops<\/h2>\n<\/div>\n<\/div>\n\n\n\n<p class=\"tb-heading\" data-toolset-blocks-heading=\"bb795b7d1d6b9280919a6ffc19c910cf\" data-last-update=\"1.4\">WPML <a href=\"https:\/\/wpml.org\/de\/documentation-3\/ahnliche-projekte\/woocommerce-multilingual-betreiben-sie-e-commerce-seiten-in-mehreren-sprachen\/wie-man-woocommerce-shops-mit-wpml-uebersetzt\/\">\u00fcbersetzt alles in Ihrem WooCommerce-Shop<\/a>. Dies beinhaltet Produkte, Variationen, Kassen- und Warenkorbseiten, E-Mails und sogar Produktbewertungen. Ihre Kunden sehen niemals eine Website mit gemischten Sprachen.<br\/><br\/>Es funktioniert mit allen g\u00e4ngigen WooCommerce-Themes und -Erweiterungen und h\u00e4lt Ihr Design und Ihre Funktionalit\u00e4t in allen Sprachen konsistent.<br\/><\/p>\n<\/div>\n\n\n\n<div class=\"wp-block-toolset-blocks-grid-column tb-grid-column tb-grid-align-center main-img-box\" data-toolset-blocks-grid-column=\"9f3f98f46c4d051f6a2753c51e211d8b\">\n<div class=\"wp-block-toolset-blocks-container tb-container\" data-toolset-blocks-container=\"b1f74dca45ee98b17e903016169062ad\"><\/div>\n<\/div>\n<\/div>\n\n\n\n<div class=\"wp-block-toolset-blocks-grid tb-grid\" data-toolset-blocks-grid=\"0bfc40d4c5824288340ea52d67851ff8\">\n<div class=\"wp-block-toolset-blocks-grid-column tb-grid-column tb-grid-align-center\" data-toolset-blocks-grid-column=\"f586ff7bfe1d7317c63162ec7b7039ed\">\n<div class=\"wp-block-toolset-blocks-container tb-container\" data-toolset-blocks-container=\"90567df4eabefa703920ccb0e145ea1c\"><\/div>\n<\/div>\n\n\n\n<div class=\"wp-block-toolset-blocks-grid-column tb-grid-column tb-grid-align-center main-img-box\" data-toolset-blocks-grid-column=\"026d15f91d20448fab5fc2538214c790\">\n<div class=\"wp-block-toolset-blocks-grid tb-grid\" data-toolset-blocks-grid=\"71cbd3ef044608289fab18493bad15b1\">\n<div class=\"wp-block-toolset-blocks-grid-column tb-grid-column tb-grid-align-center\" data-toolset-blocks-grid-column=\"f586ff7bfe1d7317c63162ec7b7039ed\">\n<div class=\"wp-block-toolset-blocks-container tb-container\" data-toolset-blocks-container=\"4b92aba627056d4e9be0625dea214d62\"><\/div>\n<\/div>\n\n\n\n<div class=\"wp-block-toolset-blocks-grid-column tb-grid-column tb-grid-align-center\" data-toolset-blocks-grid-column=\"f586ff7bfe1d7317c63162ec7b7039ed\">\n<h2 class=\"tb-heading\" data-toolset-blocks-heading=\"adee741f66278c9138f8153f222d48a1\" data-last-update=\"1.4\">Akzeptieren Sie mehrere W\u00e4hrungen und Zahlungs-Gateways<\/h2>\n<\/div>\n<\/div>\n\n\n\n<p class=\"tb-heading\" data-toolset-blocks-heading=\"bb795b7d1d6b9280919a6ffc19c910cf\" data-last-update=\"1.4\"><strong>33 % der K\u00e4ufer brechen den Einkaufswagen ab<\/strong>, wenn Preise nur in US-Dollar angezeigt werden. WPML stellt sicher, dass Ihnen das nicht passiert. <br\/><br\/>Sie k\u00f6nnen Preise festlegen und <a href=\"https:\/\/wpml.org\/de\/documentation-3\/ahnliche-projekte\/woocommerce-multilingual-betreiben-sie-e-commerce-seiten-in-mehreren-sprachen\/mehrwaehrungsfunktionen-fuer-woocommerce\/\">Zahlungen in \u00fcber 200 W\u00e4hrungen einziehen<\/a>, basierend auf der Sprache oder dem Standort Ihrer Kunden.<br\/><br\/>Verbinden Sie sich mit Live-Wechselkursquellen \u2014 st\u00fcndlich, t\u00e4glich oder w\u00f6chentlich \u2014 oder legen Sie benutzerdefinierte Kurse f\u00fcr die volle Kontrolle fest.<\/p>\n<\/div>\n<\/div>\n\n\n\n<div class=\"wp-block-toolset-blocks-grid tb-grid\" data-toolset-blocks-grid=\"d35d48406572d278d0ded23a36f918c1\">\n<div class=\"wp-block-toolset-blocks-grid-column tb-grid-column tb-grid-align-center\" data-toolset-blocks-grid-column=\"f586ff7bfe1d7317c63162ec7b7039ed\">\n<div class=\"wp-block-toolset-blocks-grid tb-grid\" data-toolset-blocks-grid=\"1c563cd523a49946984e648211e635a1\">\n<div class=\"wp-block-toolset-blocks-grid-column tb-grid-column tb-grid-align-center\" data-toolset-blocks-grid-column=\"f586ff7bfe1d7317c63162ec7b7039ed\">\n<div class=\"wp-block-toolset-blocks-container tb-container\" data-toolset-blocks-container=\"500e43cc7bb1907cd2ca3c2130edf155\"><\/div>\n<\/div>\n\n\n\n<div class=\"wp-block-toolset-blocks-grid-column tb-grid-column tb-grid-align-center\" data-toolset-blocks-grid-column=\"f586ff7bfe1d7317c63162ec7b7039ed\">\n<h2 class=\"tb-heading\" data-toolset-blocks-heading=\"adee741f66278c9138f8153f222d48a1\" data-last-update=\"1.4\">Erhalten Sie automatische KI-\u00dcbersetzungen in menschlicher Qualit\u00e4t<\/h2>\n<\/div>\n<\/div>\n\n\n\n<p class=\"tb-heading\" data-toolset-blocks-heading=\"bb795b7d1d6b9280919a6ffc19c910cf\" data-last-update=\"1.4\">Sparen Sie sich manuelle \u00dcbersetzungsarbeit und beginnen Sie fr\u00fcher mit dem globalen Verkauf. <br\/><br\/>\u00dcbersetzen Sie Ihren gesamten WooCommerce-Shop mit PTC, WPMLs <a href=\"https:\/\/wpml.org\/de\/documentation-3\/automatische-uebersetzung-fuer-wordpress-inhalte-mit-wpml\/\">KI-gest\u00fctzter automatischer \u00dcbersetzung<\/a>, die menschliche Qualit\u00e4t bei maschineller Geschwindigkeit und Kosten liefert.<br\/><br\/>Zudem ist jede \u00dcbersetzung durch unsere <a href=\"https:\/\/wpml.org\/de\/documentation-3\/automatische-uebersetzung-fuer-wordpress-inhalte-mit-wpml\/automatische-uebersetzung-mit-qualitaetsgarantie\/\">Qualit\u00e4tsgarantie f\u00fcr KI-\u00dcbersetzungen<\/a> abgedeckt.<\/p>\n<\/div>\n\n\n\n<div class=\"wp-block-toolset-blocks-grid-column tb-grid-column tb-grid-align-center main-img-box\" data-toolset-blocks-grid-column=\"026d15f91d20448fab5fc2538214c790\">\n<div class=\"wp-block-toolset-blocks-container tb-container\" data-toolset-blocks-container=\"4788de94a1ad39f20c4baaee8cbea303\"><\/div>\n<\/div>\n<\/div>\n\n\n\n<div class=\"wp-block-toolset-blocks-grid tb-grid\" data-toolset-blocks-grid=\"0bfc40d4c5824288340ea52d67851ff8\">\n<div class=\"wp-block-toolset-blocks-grid-column tb-grid-column tb-grid-align-center\" data-toolset-blocks-grid-column=\"f586ff7bfe1d7317c63162ec7b7039ed\">\n<div class=\"wp-block-toolset-blocks-container tb-container\" data-toolset-blocks-container=\"b98ce3adafae6d91d5437b573b97ebc2\"><\/div>\n<\/div>\n\n\n\n<div class=\"wp-block-toolset-blocks-grid-column tb-grid-column tb-grid-align-top main-img-box\" data-toolset-blocks-grid-column=\"48bc3cef69a20281895bd9d7321af3c3\">\n<div class=\"wp-block-toolset-blocks-grid tb-grid\" data-toolset-blocks-grid=\"bdd1d51824e700af242e1991fbf7a135\">\n<div class=\"wp-block-toolset-blocks-grid-column tb-grid-column tb-grid-align-center\" data-toolset-blocks-grid-column=\"f586ff7bfe1d7317c63162ec7b7039ed\">\n<div class=\"wp-block-toolset-blocks-container tb-container\" data-toolset-blocks-container=\"ca6ec92e03b36dd09cb8828b536d4636\"><\/div>\n<\/div>\n\n\n\n<div class=\"wp-block-toolset-blocks-grid-column tb-grid-column tb-grid-align-center\" data-toolset-blocks-grid-column=\"f586ff7bfe1d7317c63162ec7b7039ed\">\n<h2 class=\"tb-heading\" data-toolset-blocks-heading=\"adee741f66278c9138f8153f222d48a1\" data-last-update=\"1.4\">Steigern Sie den organischen Traffic durch mehrsprachiges SEO<\/h2>\n<\/div>\n<\/div>\n\n\n\n<p class=\"tb-heading\" data-toolset-blocks-heading=\"bb795b7d1d6b9280919a6ffc19c910cf\" data-last-update=\"1.4\">WPML \u00fcbersetzt SEO-Metatexte und URLs. Es pflegt auch automatisch hreflang-Tags, Breadcrumbs und lokalisierte Sitemaps, damit Suchmaschinen Ihre Website korrekt verstehen und indexieren.  <br\/><br\/>Mit <a href=\"https:\/\/wpml.org\/de\/documentation-3\/mehrsprachiges-seo\/\">mehrsprachigem SEO<\/a> erh\u00e4lt Ihr Shop mehr organischen Traffic von Besuchern in verschiedenen Sprachen.<\/p>\n<\/div>\n<\/div>\n\n\n\n<div class=\"wp-block-toolset-blocks-container tb-container\" data-toolset-blocks-container=\"9ba9c3ca25504983dd5fd05f8065071e\">\n<div class=\"wp-block-toolset-blocks-grid tb-grid\" data-toolset-blocks-grid=\"c6b972590259fc930bc051af7a3729c8\">\n<div class=\"wp-block-toolset-blocks-grid-column tb-grid-column tb-grid-align-top\" data-toolset-blocks-grid-column=\"8b5b0c23f55222193f253e4cd6504b27\">\n<div class=\"wp-block-toolset-blocks-container tb-container\" data-toolset-blocks-container=\"76c8efba34324d3b5bd3d449cb572077\"><\/div>\n\n\n\n<div class=\"wp-block-toolset-blocks-container tb-container\" data-toolset-blocks-container=\"76b9e19aebd78b467b04c64acfe33167\">\n<h2 class=\"tb-heading\" data-toolset-blocks-heading=\"6d8a5c9c42cf0af506722b054bea7c02\" data-last-update=\"1.4\">Stabil, sicher und immer einsatzbereit<\/h2>\n\n\n\n<p class=\"tb-heading\" data-toolset-blocks-heading=\"bb795b7d1d6b9280919a6ffc19c910cf\" data-last-update=\"1.4\">Mit \u00fcber <strong>1,5 Millionen Websites<\/strong>, die WPML nutzen, ist Stabilit\u00e4t keine Option. Sie ist unser Ruf. <br\/><br\/>WPML und das WCML Add-on werden vor jeder neuen <strong>WordPress- und WooCommerce-Ver\u00f6ffentlichung<\/strong> getestet, um sicherzustellen, dass Ihr mehrsprachiger Shop stabil bleibt, egal welche Updates erscheinen.<\/p>\n<\/div>\n<\/div>\n\n\n\n<div class=\"wp-block-toolset-blocks-grid-column tb-grid-column tb-grid-align-top\" data-toolset-blocks-grid-column=\"ccef0acde848d1374ee2e3f64f9f452a\">\n<div class=\"wp-block-toolset-blocks-container tb-container\" data-toolset-blocks-container=\"b841f10638deca18a1503f8dde4c3207\"><\/div>\n\n\n\n<div class=\"wp-block-toolset-blocks-container tb-container\" data-toolset-blocks-container=\"76b9e19aebd78b467b04c64acfe33167\">\n<h2 class=\"tb-heading\" data-toolset-blocks-heading=\"17c63c2c4f267bd025227c2af31ce35d\" data-last-update=\"1.4\">Weltweiter Support, auf den Sie sich verlassen k\u00f6nnen<\/h2>\n\n\n\n<p class=\"tb-heading\" data-toolset-blocks-heading=\"bb795b7d1d6b9280919a6ffc19c910cf\" data-last-update=\"1.4\">Unsere Support-Experten arbeiten <strong>6 Tage die Woche, 19 Stunden am Tag<\/strong>, in <strong>9 Sprachen<\/strong>.<br\/><br\/>Egal ob es Morgen in Tokio oder Abend in Los Angeles ist, Ihr WooCommerce-Shop l\u00e4uft reibungslos weiter.<\/p>\n<\/div>\n<\/div>\n\n\n\n<div class=\"wp-block-toolset-blocks-grid-column tb-grid-column tb-grid-align-top\" data-toolset-blocks-grid-column=\"3034fbe886c11054e95b46b09d3e4112\"><\/div>\n\n\n\n<div class=\"wp-block-toolset-blocks-grid-column tb-grid-column tb-grid-align-top\" data-toolset-blocks-grid-column=\"3034fbe886c11054e95b46b09d3e4112\"><\/div>\n<\/div>\n<\/div>\n\n\n\n<div class=\"wp-block-toolset-blocks-container tb-container\" data-toolset-blocks-container=\"bcb90e3a5937c53eebcc98567de656c8\">\n<h2 class=\"tb-heading\" data-toolset-blocks-heading=\"fcb2374cee529d0d027b01f6c0206369\" data-last-update=\"1.4\">Bereit zum \u00dcbersetzen? Wir f\u00fchren Sie. <\/h2>\n\n\n\n<p class=\"tb-heading\" data-toolset-blocks-heading=\"6e60ed0861ca1c3f7a5a419840cab502\" data-last-update=\"1.4\">Folgen Sie unserer Schritt-f\u00fcr-Schritt-Anleitung, um zu sehen, wie einfach es ist, Ihre WooCommerce-Website mit WPML mehrsprachig zu gestalten. <\/p>\n\n\n\n<div class=\"tb-button\" data-toolset-blocks-button=\"1e8a7372dbb6fda37c246829b97acd8a\"><a class=\"tb-button__link\" href=\"https:\/\/wpml.org\/documentation\/related-projects\/woocommerce-multilingual\/how-to-translate-woocommerce\/\"><span class=\"tb-button__content\">Wie man WooCommerce \u00fcbersetzt<\/span><i class=\"tb-button__icon\"><\/i><\/a><\/div>\n<\/div>\n<\/div><\/div>\n","protected":false},"excerpt":{"rendered":"<p class=\"lead\">WPML Multilingual &amp; Multicurrency f\u00fcr WooCommerce erleichtert den Betrieb mehrsprachiger E-Commerce-Websites mit WooCommerce und WPML. Das Plugin optimiert den \u00dcbersetzungsprozess, sodass Sie nur die Texte \u00fcbersetzen m\u00fcssen.  \u00dcbersetzungen f\u00fcr Produkte, Kategorien und Variationen werden automatisch f\u00fcr Sie erstellt.<\/p>\n","protected":false},"author":538393,"featured_media":0,"parent":97658,"menu_order":0,"comment_status":"closed","ping_status":"closed","template":"template-full-with-popup-generic.php","meta":{"_bbp_topic_count":0,"_bbp_reply_count":0,"_bbp_total_topic_count":0,"_bbp_total_reply_count":0,"_bbp_voice_count":0,"_bbp_anonymous_reply_count":0,"_bbp_topic_count_hidden":0,"_bbp_reply_count_hidden":0,"_bbp_forum_subforum_count":0,"ep_exclude_from_search":false,"footnotes":""},"related-projects-category":[27055],"class_list":["post-470451","page","type-page","status-publish","hentry","related-projects-category-e-commerce-de"],"_links":{"self":[{"href":"https:\/\/wpml.org\/de\/wp-json\/wp\/v2\/pages\/470451","targetHints":{"allow":["GET"]}}],"collection":[{"href":"https:\/\/wpml.org\/de\/wp-json\/wp\/v2\/pages"}],"about":[{"href":"https:\/\/wpml.org\/de\/wp-json\/wp\/v2\/types\/page"}],"author":[{"embeddable":true,"href":"https:\/\/wpml.org\/de\/wp-json\/wp\/v2\/users\/538393"}],"replies":[{"embeddable":true,"href":"https:\/\/wpml.org\/de\/wp-json\/wp\/v2\/comments?post=470451"}],"version-history":[{"count":9,"href":"https:\/\/wpml.org\/de\/wp-json\/wp\/v2\/pages\/470451\/revisions"}],"predecessor-version":[{"id":17854717,"href":"https:\/\/wpml.org\/de\/wp-json\/wp\/v2\/pages\/470451\/revisions\/17854717"}],"up":[{"embeddable":true,"href":"https:\/\/wpml.org\/de\/wp-json\/wp\/v2\/pages\/97658"}],"wp:attachment":[{"href":"https:\/\/wpml.org\/de\/wp-json\/wp\/v2\/media?parent=470451"}],"wp:term":[{"taxonomy":"related-projects-category","embeddable":true,"href":"https:\/\/wpml.org\/de\/wp-json\/wp\/v2\/related-projects-category?post=470451"}],"curies":[{"name":"wp","href":"https:\/\/api.w.org\/{rel}","templated":true}]}}