{"id":509437,"date":"2014-08-12T09:28:45","date_gmt":"2014-08-12T09:28:45","guid":{"rendered":"http:\/\/wpml.org\/?page_id=509437"},"modified":"2025-06-10T13:36:01","modified_gmt":"2025-06-10T13:36:01","slug":"websites","status":"publish","type":"page","link":"https:\/\/wpml.org\/de\/account\/websites\/","title":{"rendered":"Ihre registrierten Websites"},"content":{"rendered":"","protected":false},"excerpt":{"rendered":"","protected":false},"author":64191,"featured_media":0,"parent":217050,"menu_order":27,"comment_status":"open","ping_status":"closed","template":"page-my-sites.php","meta":{"_bbp_topic_count":0,"_bbp_reply_count":0,"_bbp_total_topic_count":0,"_bbp_total_reply_count":0,"_bbp_voice_count":0,"_bbp_anonymous_reply_count":0,"_bbp_topic_count_hidden":0,"_bbp_reply_count_hidden":0,"_bbp_forum_subforum_count":0,"_uag_custom_page_level_css":"","ep_exclude_from_search":false,"footnotes":""},"related-projects-category":[],"class_list":["post-509437","page","type-page","status-publish","hentry"],"spectra_custom_meta":{"_edit_lock":["1415707612:22418"],"_edit_last":["22418"],"_wp_page_template":["page-my-sites.php"],"ratings_users":["0"],"ratings_score":["0"],"ratings_average":["0"],"_views_template":["0"],"_alp_processed":["1749562562"],"_wpml_media_duplicate":["0"],"_wpml_media_featured":["1"],"_subscription_coupon_product_id":["0"],"_last_translation_edit_mode":["translation-editor"],"wpcf-unformatted-code":[""],"wpcf-price-increase-show-from":[""],"wpcf-price-increase-show-till":[""],"_yoast_wpseo_metadesc":["F\u00fcr direkte WPML-Updates m\u00fcssen Sie Ihre Website registrieren."],"wpcf-login-box-title":["F\u00fcgen Sie Websites zu Ihrem WPML-Konto hinzu"],"wpcf-page-content":["<div class=\"row justify-content-center\">\n<div class=\"col-md-10\">\n<p>Um WPML-Aktualisierungen direkt \u00fcber den Administrator Ihrer Website zu erhalten, m\u00fcssen Sie diese Website bei WPML registrieren. Diese Seite erm\u00f6glicht Ihnen, dies unkompliziert zu tun. <\/p>\n<p>Sie k\u00f6nnen auch Endbenutzerkonten zu jeder Ihrer mit WPML betriebenen Websites hinzuf\u00fcgen. Auf diese Weise k\u00f6nnen sie direkt von uns Unterst\u00fctzung bei der Verwendung von WPML erhalten. <\/p>\n<\/div>\n<\/div>"],"_wpml_word_count":["5"],"_uag_css_file_name":["uag-css-509437.css"],"_uag_page_assets":["a:9:{s:3:\"css\";s:260:\".uag-blocks-common-selector{z-index:var(--z-index-desktop) !important}@media(max-width: 976px){.uag-blocks-common-selector{z-index:var(--z-index-tablet) !important}}@media(max-width: 767px){.uag-blocks-common-selector{z-index:var(--z-index-mobile) !important}}\";s:2:\"js\";s:0:\"\";s:18:\"current_block_list\";a:1:{i:0;s:14:\"core\/shortcode\";}s:8:\"uag_flag\";b:0;s:11:\"uag_version\";s:10:\"1778315130\";s:6:\"gfonts\";a:0:{}s:10:\"gfonts_url\";s:0:\"\";s:12:\"gfonts_files\";a:0:{}s:14:\"uag_faq_layout\";b:0;}"]},"uagb_featured_image_src":{"full":false,"thumbnail":false,"medium":false,"medium_large":false,"large":false,"1536x1536":false,"2048x2048":false,"gform-image-choice-sm":false,"gform-image-choice-md":false,"gform-image-choice-lg":false,"woocommerce_thumbnail":false,"woocommerce_single":false,"woocommerce_gallery_thumbnail":false},"uagb_author_info":{"display_name":"Ana","author_link":"https:\/\/wpml.org\/de\/author\/ana-c\/"},"uagb_comment_info":0,"uagb_excerpt":null,"_links":{"self":[{"href":"https:\/\/wpml.org\/de\/wp-json\/wp\/v2\/pages\/509437","targetHints":{"allow":["GET"]}}],"collection":[{"href":"https:\/\/wpml.org\/de\/wp-json\/wp\/v2\/pages"}],"about":[{"href":"https:\/\/wpml.org\/de\/wp-json\/wp\/v2\/types\/page"}],"author":[{"embeddable":true,"href":"https:\/\/wpml.org\/de\/wp-json\/wp\/v2\/users\/64191"}],"replies":[{"embeddable":true,"href":"https:\/\/wpml.org\/de\/wp-json\/wp\/v2\/comments?post=509437"}],"version-history":[{"count":2,"href":"https:\/\/wpml.org\/de\/wp-json\/wp\/v2\/pages\/509437\/revisions"}],"predecessor-version":[{"id":17122076,"href":"https:\/\/wpml.org\/de\/wp-json\/wp\/v2\/pages\/509437\/revisions\/17122076"}],"up":[{"embeddable":true,"href":"https:\/\/wpml.org\/de\/wp-json\/wp\/v2\/pages\/217050"}],"wp:attachment":[{"href":"https:\/\/wpml.org\/de\/wp-json\/wp\/v2\/media?parent=509437"}],"wp:term":[{"taxonomy":"related-projects-category","embeddable":true,"href":"https:\/\/wpml.org\/de\/wp-json\/wp\/v2\/related-projects-category?post=509437"}],"curies":[{"name":"wp","href":"https:\/\/api.w.org\/{rel}","templated":true}]}}