{"id":6178,"date":"2011-01-31T04:25:35","date_gmt":"2011-01-31T04:25:35","guid":{"rendered":"http:\/\/wpml.org\/theme-und-plugin-entwickler\/"},"modified":"2024-06-07T11:33:03","modified_gmt":"2024-06-07T11:33:03","slug":"theme-und-plugin-entwickler","status":"publish","type":"page","link":"https:\/\/wpml.org\/de\/purchase\/theme-und-plugin-entwickler\/","title":{"rendered":"Theme- und Plugin-Entwickler"},"content":{"rendered":"<p class=\"lead\">Wenn Sie Themes und Plugins unter einer <sup>GPL-Lizenz3<\/sup><sup>erstellen1<\/sup> und <sup>vertreiben2<\/sup>, m\u00f6chten wir es Ihnen leicht machen, die Kompatibilit\u00e4t mit WPML aufrechtzuerhalten.<\/p>\n<p>Wir tun alles, was wir k\u00f6nnen, um Ihnen bei der Entwicklung von Themes und Plugins zu helfen, die perfekt in mehrsprachigen Websites funktionieren.<\/p>\n<p>Die Erstellung mehrsprachiger Themes und Plugins ist ziemlich einfach. Alles, was Sie tun m\u00fcssen, ist, die Standard-API von WordPress f\u00fcr alles zu verwenden. WPML greift auf die WordPress API-Aufrufe zu und macht sie mehrsprachig.<\/p>\n<p><strong><br \/>\n  <a title=\"Go-Global Programm\" href=\"https:\/\/wpml.org\/documentation\/support\/go-global-program\/\">Kontaktieren Sie uns<\/a><br \/>\n<\/strong>, sagen Sie uns <strong>, was Sie bauen<\/strong> und <strong>wo wir es finden k\u00f6nnen<\/strong>, und wir werden Ihnen ein Abonnement f\u00fcr WPML ausstellen.<\/p>\n<p>WPML-Abonnements beinhalten Downloads und Premium-Zugang zu Support-Ressourcen. Wenn Sie eine Frage haben oder sich \u00fcber bew\u00e4hrte Verfahren informieren m\u00f6chten, starten Sie einen neuen Thread in unserem <a href=\"http:\/\/wpml.org\/forums\">Forum f\u00fcr Mitglieder<\/a>, und wir werden uns umgehend bei Ihnen melden.<\/p>\n<hr>\n<p><sup>1<\/sup> <small>Wir wollen wissen, dass wir mit dem Originalautor arbeiten.<\/small><br \/>\n<sup>2<\/sup> <small>Ihr Werk muss der \u00d6ffentlichkeit zur Verf\u00fcgung stehen und darf nicht nur &#8222;work for hire&#8220; sein. Dazu geh\u00f6ren sowohl kommerzielle als auch kostenlose Themes und Plugins.<\/small><br \/>\n<sup>3<\/sup> <small>Wir arbeiten nur mit Open-Source-Projekten, die unter der GPL-Lizenz stehen. Das macht es f\u00fcr jeden einfach, Code und Ideen zu teilen.<\/small><\/p>\n","protected":false},"excerpt":{"rendered":"<p>Wenn Sie Themes und Plugins unter einer GPL-Lizenz3erstellen1 und vertreiben2, m\u00f6chten wir es Ihnen leicht machen, die Kompatibilit\u00e4t mit WPML aufrechtzuerhalten. Wir tun alles, was wir k\u00f6nnen, um Ihnen bei der Entwicklung von Themes und Plugins zu helfen, die perfekt in mehrsprachigen Websites funktionieren. Die Erstellung mehrsprachiger Themes und Plugins ist ziemlich einfach. Alles, was [&hellip;]<\/p>\n","protected":false},"author":2,"featured_media":0,"parent":6181,"menu_order":45,"comment_status":"closed","ping_status":"closed","template":"","meta":{"_bbp_topic_count":0,"_bbp_reply_count":0,"_bbp_total_topic_count":0,"_bbp_total_reply_count":0,"_bbp_voice_count":0,"_bbp_anonymous_reply_count":0,"_bbp_topic_count_hidden":0,"_bbp_reply_count_hidden":0,"_bbp_forum_subforum_count":0,"ep_exclude_from_search":false,"footnotes":""},"related-projects-category":[],"class_list":["post-6178","page","type-page","status-publish","hentry"],"_links":{"self":[{"href":"https:\/\/wpml.org\/de\/wp-json\/wp\/v2\/pages\/6178","targetHints":{"allow":["GET"]}}],"collection":[{"href":"https:\/\/wpml.org\/de\/wp-json\/wp\/v2\/pages"}],"about":[{"href":"https:\/\/wpml.org\/de\/wp-json\/wp\/v2\/types\/page"}],"author":[{"embeddable":true,"href":"https:\/\/wpml.org\/de\/wp-json\/wp\/v2\/users\/2"}],"replies":[{"embeddable":true,"href":"https:\/\/wpml.org\/de\/wp-json\/wp\/v2\/comments?post=6178"}],"version-history":[{"count":3,"href":"https:\/\/wpml.org\/de\/wp-json\/wp\/v2\/pages\/6178\/revisions"}],"predecessor-version":[{"id":15715721,"href":"https:\/\/wpml.org\/de\/wp-json\/wp\/v2\/pages\/6178\/revisions\/15715721"}],"up":[{"embeddable":true,"href":"https:\/\/wpml.org\/de\/wp-json\/wp\/v2\/pages\/6181"}],"wp:attachment":[{"href":"https:\/\/wpml.org\/de\/wp-json\/wp\/v2\/media?parent=6178"}],"wp:term":[{"taxonomy":"related-projects-category","embeddable":true,"href":"https:\/\/wpml.org\/de\/wp-json\/wp\/v2\/related-projects-category?post=6178"}],"curies":[{"name":"wp","href":"https:\/\/api.w.org\/{rel}","templated":true}]}}