{"id":76647,"date":"2009-04-02T18:30:12","date_gmt":"2009-04-02T18:30:12","guid":{"rendered":"http:\/\/wpml.org\/startseite\/mindestanforderungen\/"},"modified":"2026-04-24T08:28:53","modified_gmt":"2026-04-24T08:28:53","slug":"mindestanforderungen","status":"publish","type":"page","link":"https:\/\/wpml.org\/de\/startseite\/mindestanforderungen\/","title":{"rendered":"WPMLs Mindestanforderungen"},"content":{"rendered":"\n<p class=\"lead\">Stellen Sie sicher, dass Ihre Website mit WPML reibungslos l\u00e4uft, indem Sie diese einfachen Mindestanforderungen erf\u00fcllen.<\/p>\n\n<h2 class=\"wp-block-heading\">Kritische Anforderung: WordPress-Speicher<\/h2>\n\n<figure class=\"wp-block-table\"><table class=\"has-fixed-layout\"><tbody><tr><td class=\"has-text-align-center\" data-align=\"center\"><strong>Minimale Speicherbegrenzung<\/strong><\/td><td class=\"has-text-align-center\" data-align=\"center\"><strong>Empfohlene Speicherbegrenzung<\/strong><\/td><\/tr><tr><td class=\"has-text-align-center\" data-align=\"center\">128MB<\/td><td class=\"has-text-align-center\" data-align=\"center\">256MB<\/td><\/tr><\/tbody><\/table><\/figure>\n\n<div class=\"wp-block-toolset-blocks-container tb-container\" data-toolset-blocks-container=\"8e3e01a3a504ebe6cb0759ef96e18a6d\">\n<p>\u00dcberpr\u00fcfen Sie unbedingt Ihre WordPress PHP- und WordPress-Speichergrenzwerte, bevor Sie WPML installieren. Unzureichender Speicher kann schwerwiegende Probleme verursachen, wie z. B.: <\/p>\n\n\n\n<ul class=\"wp-block-list\">\n<li>Systemabst\u00fcrze<\/li>\n\n\n\n<li>Probleme bei der Men\u00fcsynchronisation<\/li>\n\n\n\n<li>Unf\u00e4higkeit, \u00dcbersetzungen im Erweiterten \u00dcbersetzungs-Editor abzuschlie\u00dfen<\/li>\n<\/ul>\n<\/div>\n\n<p>Hier erfahren Sie, wie Sie den <a href=\"https:\/\/developer.wordpress.org\/advanced-administration\/wordpress\/wp-config\/#increasing-memory-allocated-to-php\" target=\"_blank\" rel=\"noreferrer noopener\">WordPress-Speicher erh\u00f6hen<\/a>.<\/p>\n\n<h2 class=\"wp-block-heading\">Anforderungen an die Systemversion<\/h2>\n\n<ul class=\"wp-block-list\">\n<li>WordPress 4.7 oder h\u00f6her<\/li>\n\n\n\n<li>PHP 7.4 &#8211; 8.3<\/li>\n\n\n\n<li>MySQL 5.6 oder h\u00f6her. Oder MariaDB 10.1 oder h\u00f6her \n<ul class=\"wp-block-list\">\n<li>Verwenden Sie den Zeichensatz utf8mb4 und eine Unicode-kompatible Sortierung. Erfahren Sie mehr \u00fcber die <a href=\"https:\/\/wpml.org\/home\/minimum-requirements\/collation-and-charset\/\">von WPML empfohlene Sortierung und den Zeichensatz<\/a>. <\/li>\n<\/ul>\n<\/li>\n<\/ul>\n\n<h2 class=\"wp-block-heading\">Zus\u00e4tzliche Anforderungen<\/h2>\n\n<p>Damit WPML ordnungsgem\u00e4\u00df funktioniert, aktivieren Sie Folgendes:<\/p>\n\n<ul class=\"wp-block-list\">\n<li><a href=\"https:\/\/wpml.org\/documentation\/support\/rest-api-dependencies\/\">WordPress REST API<\/a> f\u00fcr WPML<\/li>\n\n\n\n<li>F\u00e4higkeit, Tabellen in Ihrer Datenbank zu erstellen<\/li>\n\n\n\n<li><a href=\"http:\/\/php.net\/manual\/en\/book.mbstring.php\" target=\"_blank\" rel=\"noopener noreferrer\">Multibyte-String-Erweiterung<\/a><\/li>\n\n\n\n<li><a href=\"http:\/\/php.net\/manual\/en\/book.simplexml.php\" target=\"_blank\" rel=\"noopener noreferrer\">SimpleXML-Erweiterung<\/a> f\u00fcr die Verwendung von <a href=\"https:\/\/wpml.org\/documentation\/translating-your-contents\/using-desktop-cat-tools\/\">XLIFF-Dateien<\/a> in WPML<\/li>\n\n\n\n<li>Die PHP-<code>eval()<\/code><strong> <\/strong>Funktion<\/li>\n\n\n\n<li>Das PHP-<code>libxml<\/code>Modul 2.7.8 oder h\u00f6her.<\/li>\n<\/ul>\n\n<div class=\"wp-block-toolset-blocks-container tb-container\" data-toolset-blocks-container=\"c1f904918387fdcd13f37d48e05bbe4a\">\n<div id=\"FAQ\" class=\"wp-block-toolset-blocks-container tb-container\" data-toolset-blocks-container=\"b85bbea7fba27be991aa0c24c63aa6ba\">\n<h2 class=\"wp-block-heading\">\u00dcberpr\u00fcfung spezifischer Anforderungen<\/h2>\n\n\n\n<div class=\"wp-block-toolset-blocks-container tb-container\" data-toolset-blocks-container=\"b58d71c6b23adcf044605babd02164c4\">\n<div class=\"tb-fields-and-text\" data-toolset-blocks-fields-and-text=\"da3b7950306720c29addcb55ec6222b7\"><p><a class=\"anchorlink btn btn-primary no-underline\" role=\"button\" href=\"#other-requirements\" data-toggle=\"collapse\" aria-expanded=\"false\" aria-controls=\"collapseExample\" style=\"color: #373737; font-weight: bold;\">Wie kann ich mein Speicherlimit, die Stack-Gr\u00f6\u00dfe, die WordPress-Version und andere Anforderungen \u00fcberpr\u00fcfen?<\/a><\/p><\/div>\n\n\n\n<div id=\"other-requirements\" class=\"wp-block-toolset-blocks-container tb-container collapse\" data-toolset-blocks-container=\"98af0b643138d9b1faeb3a947730f86f\">\n<div class=\"wp-block-toolset-blocks-container tb-container card-body card\" data-toolset-blocks-container=\"64967a84567eef912b20c4f89304de4e\">\n<p class=\"tb-heading\" data-toolset-blocks-heading=\"8421bda8b50dfb8caa6445075e894f0b\" data-last-update=\"1.4\">Sie k\u00f6nnen verschiedene Anforderungen direkt von WordPress aus \u00fcberpr\u00fcfen.<\/p>\n\n\n\n<p class=\"tb-heading\" data-toolset-blocks-heading=\"8421bda8b50dfb8caa6445075e894f0b\" data-last-update=\"1.4\">Melden Sie sich in Ihrem WordPress-Adminbereich an, gehen Sie zu <strong>Werkzeuge \u2192 Website-Zustand<\/strong> und klicken Sie auf die Registerkarte <strong>Info<\/strong>. Scrollen Sie nach unten und erweitern Sie die verschiedenen Abschnitte, um Informationen zum PHP-Speicher oder zur Version, Ihrer WordPress-Version und mehr zu finden. <\/p>\n\n\n\n<p class=\"tb-heading\" data-toolset-blocks-heading=\"8421bda8b50dfb8caa6445075e894f0b\" data-last-update=\"1.4\">Um Ihre verf\u00fcgbare Stack-Gr\u00f6\u00dfe und andere PHP-Informationen (wie Speichernutzung und -limits) zu \u00fcberpr\u00fcfen, gehen Sie zu <strong>WPML \u2192 Support<\/strong>. <\/p>\n<\/div>\n<\/div>\n<\/div>\n\n\n\n<div class=\"wp-block-toolset-blocks-container tb-container\" data-toolset-blocks-container=\"2f09509b4fbf47d0b7f274ce6b56eff3\">\n<div id=\"calculate-your-cost-lnk\" class=\"tb-fields-and-text\" data-toolset-blocks-fields-and-text=\"a81bc486b5f2bcfbdb7651888eececa7\"><p><a class=\"anchorlink btn btn-primary no-underline\" role=\"button\" href=\"#permalinks\" data-toggle=\"collapse\" aria-expanded=\"false\" aria-controls=\"collapseExample\" style=\"color: #373737; font-weight: bold;\">Welche Permalink-Struktur sollte ich haben?<\/a><\/p><\/div>\n\n\n\n<div id=\"permalinks\" class=\"wp-block-toolset-blocks-container tb-container collapse\" data-toolset-blocks-container=\"a8b293a5fc7d5497bbecea796ba236da\">\n<div class=\"wp-block-toolset-blocks-container tb-container card-body card\" data-toolset-blocks-container=\"4709f8ae6b8c27d262b7a97685dda302\">\n<p class=\"tb-heading\" data-toolset-blocks-heading=\"8421bda8b50dfb8caa6445075e894f0b\" data-last-update=\"1.4\">WPML f\u00fcgt URLs Sprachinformationen hinzu. Es wurde mit den folgenden Permalink-Strukturen getestet: <\/p>\n\n\n\n<ul class=\"wp-block-list\">\n<li>Die Standardeinstellung<\/li>\n\n\n\n<li>\/%year%\/%monthnum%\/%postname%\/<\/li>\n<\/ul>\n\n\n\n<p class=\"tb-heading\" data-toolset-blocks-heading=\"8421bda8b50dfb8caa6445075e894f0b\" data-last-update=\"1.4\"><strong>Erl\u00e4uterung:<\/strong><\/p>\n\n\n\n<p class=\"tb-heading\" data-toolset-blocks-heading=\"8421bda8b50dfb8caa6445075e894f0b\" data-last-update=\"1.4\">Andere Permalink-Strukturen funktionieren m\u00f6glicherweise auch, k\u00f6nnen aber bei unterschiedlichen Konfigurationen Probleme verursachen. Auf allen unseren Websites verwenden wir <strong>\/%year%\/%monthnum%\/%postname%\/<\/strong>. <\/p>\n\n\n\n<p class=\"tb-heading\" data-toolset-blocks-heading=\"8421bda8b50dfb8caa6445075e894f0b\" data-last-update=\"1.4\">F\u00fcr Seiten erhalten Sie genau die gleichen URLs wie mit <strong>\/%postname%\/<\/strong>. Bei dieser Permalink-Struktur kann WordPress jedoch nicht zwischen Seiten und Beitr\u00e4gen verwechseln, was potenzielle Probleme bei der Sprachaufl\u00f6sung ausl\u00f6st.  <\/p>\n<\/div>\n<\/div>\n<\/div>\n\n\n\n<div class=\"wp-block-toolset-blocks-container tb-container\" data-toolset-blocks-container=\"6ef63d2603c160319392f5afbc8bd96d\">\n<div id=\"calculate-your-cost-lnk\" class=\"tb-fields-and-text\" data-toolset-blocks-fields-and-text=\"a81bc486b5f2bcfbdb7651888eececa7\"><p><a class=\"anchorlink btn btn-primary no-underline\" role=\"button\" href=\"#eval\" data-toggle=\"collapse\" aria-expanded=\"false\" aria-controls=\"collapseExample\" style=\"color: #373737; font-weight: bold;\">Warum sollte ich die eval() PHP-Funktion aktivieren?<\/a><\/p><\/div>\n\n\n\n<div id=\"eval\" class=\"wp-block-toolset-blocks-container tb-container collapse\" data-toolset-blocks-container=\"3783bae51680724b42d26398e79850b6\">\n<div class=\"wp-block-toolset-blocks-container tb-container card-body card\" data-toolset-blocks-container=\"4709f8ae6b8c27d262b7a97685dda302\">\n<p class=\"tb-heading\" data-toolset-blocks-heading=\"8421bda8b50dfb8caa6445075e894f0b\" data-last-update=\"1.4\">WPML verwendet das <strong>TWIG<\/strong>-Framework f\u00fcr seine Struktur und Vorlagen. Dies bedeutet, dass die <strong>eval()<\/strong>-Funktion aktiviert sein muss, damit WPML ordnungsgem\u00e4\u00df funktioniert. <\/p>\n\n\n\n<p class=\"tb-heading\" data-toolset-blocks-heading=\"8421bda8b50dfb8caa6445075e894f0b\" data-last-update=\"1.4\">Die meisten g\u00e4ngigen Maschinen zur Erstellung von Templates, wie <strong>Smarty<\/strong> und <strong>TWIG<\/strong>, haben festgestellt, dass es schneller ist, den PHP-Code in eine Datei zu schreiben. Auf diese Weise kann es die <strong>OPcode<\/strong>-Zwischenspeicherung nutzen und vermeiden, dass eine Laufzeit-Erstellung von Vorlagencode erforderlich ist. <\/p>\n\n\n\n<p class=\"tb-heading\" data-toolset-blocks-heading=\"8421bda8b50dfb8caa6445075e894f0b\" data-last-update=\"1.4\"><strong>TWIG<\/strong> f\u00fchrt viele \u00dcberpr\u00fcfungen und Bereinigungen durch, um m\u00f6gliche Angriffe zu vermeiden, und es ist sicher, es mit WPML zu verwenden. Wir k\u00f6nnen jedoch nicht garantieren, dass andere Entwickler die gleichen \u00dcberpr\u00fcfungen durchgef\u00fchrt haben wie wir in unserem Qualit\u00e4tssicherungsprozess. <\/p>\n\n\n\n<p class=\"tb-heading\" data-toolset-blocks-heading=\"8421bda8b50dfb8caa6445075e894f0b\" data-last-update=\"1.4\">Wir untersuchen noch m\u00f6gliche L\u00f6sungen, die keine Kompilierung von Vorlagen im laufenden Betrieb erfordern und die Verwendung der Funktion <strong>eval()<\/strong> unn\u00f6tig machen w\u00fcrden. Im Moment ist dies jedoch die beste L\u00f6sung. <\/p>\n\n\n\n<p class=\"tb-heading\" data-toolset-blocks-heading=\"8421bda8b50dfb8caa6445075e894f0b\" data-last-update=\"1.4\">Bitte beachten Sie, dass die Funktion <strong>eval()<\/strong> in PHP normalerweise nicht deaktiviert werden kann, aber einige Erweiterungen wie <strong>Suhosin<\/strong> dies k\u00f6nnen. Diese Erweiterungen werden m\u00f6glicherweise von Ihrem Hosting-Provider installiert und konfiguriert. <\/p>\n<\/div>\n<\/div>\n<\/div>\n<\/div>\n<\/div>\n","protected":false},"excerpt":{"rendered":"<p>Stellen Sie sicher, dass Ihre Website mit WPML reibungslos l\u00e4uft, indem Sie diese einfachen Mindestanforderungen erf\u00fcllen. Kritische Anforderung: WordPress-Speicher Minimale Speicherbegrenzung Empfohlene Speicherbegrenzung 128MB 256MB Hier erfahren Sie, wie Sie den WordPress-Speicher erh\u00f6hen. Anforderungen an die Systemversion Zus\u00e4tzliche Anforderungen Damit WPML ordnungsgem\u00e4\u00df funktioniert, aktivieren Sie Folgendes:<\/p>\n","protected":false},"author":1,"featured_media":0,"parent":1253,"menu_order":35,"comment_status":"closed","ping_status":"closed","template":"template-nosidebar-centered.php","meta":{"_bbp_topic_count":0,"_bbp_reply_count":0,"_bbp_total_topic_count":0,"_bbp_total_reply_count":0,"_bbp_voice_count":0,"_bbp_anonymous_reply_count":0,"_bbp_topic_count_hidden":0,"_bbp_reply_count_hidden":0,"_bbp_forum_subforum_count":0,"_uag_custom_page_level_css":"","ep_exclude_from_search":false,"footnotes":""},"related-projects-category":[],"class_list":["post-76647","page","type-page","status-publish","hentry"],"spectra_custom_meta":{"ratings_users":["0"],"ratings_score":["0"],"ratings_average":["0"],"_wp_page_template":["template-nosidebar-centered.php"],"_views_template":["0"],"_icl_translation":["1"],"_edit_lock":["1493901665:59141"],"_edit_last":["76577"],"bbps-topic-tags":["a:0:{}"],"_alp_processed":["1777019333"],"_yoast_wpseo_content_score":["60"],"_wpml_media_featured":["1"],"_subscription_coupon_product_id":["0"],"inline_featured_image":["0"],"_last_translation_edit_mode":["translation-editor"],"_oembed_8b192c37df925cacb831b3922e69595d":["<iframe title=\"Using WPML To Translate Pages Built With Fusion Builder (Avada Theme)\" width=\"700\" height=\"394\" src=\"https:\/\/www.youtube.com\/embed\/_bNqjjBPdGA?feature=oembed&enablejsapi=1&origin=https:\/\/wpml.org\" frameborder=\"0\" allow=\"accelerometer; autoplay; clipboard-write; encrypted-media; gyroscope; picture-in-picture\" allowfullscreen><\/iframe>"],"_oembed_time_8b192c37df925cacb831b3922e69595d":["1637242143"],"wpcf-unformatted-code":[""],"wpcf-price-increase-show-from":[""],"wpcf-price-increase-show-till":[""],"_oembed_bbf56b1d4c25ce11481afba39f176f85":["<iframe title=\"Using WPML to translate content created with page builders\" width=\"700\" height=\"394\" src=\"https:\/\/www.youtube.com\/embed\/MSqNzrdPMkE?feature=oembed&enablejsapi=1&origin=https:\/\/wpml.org\" frameborder=\"0\" allow=\"accelerometer; autoplay; clipboard-write; encrypted-media; gyroscope; picture-in-picture; web-share\" allowfullscreen><\/iframe>"],"_oembed_time_bbf56b1d4c25ce11481afba39f176f85":["1683188236"],"_wpml_media_duplicate":["0"],"toolset_post_editor_mode":["block"],"_wpml_word_count":["682"],"_yoast_wpseo_title":["WPMLs Mindestanforderungen"],"_yoast_wpseo_metadesc":["Stellen Sie sicher, dass Ihre Website mit WPML reibungslos l\u00e4uft, indem Sie diese einfachen Mindestanforderungen erf\u00fcllen."],"_uag_css_file_name":["uag-css-76647.css"],"_uag_page_assets":["a:9:{s:3:\"css\";s:260:\".uag-blocks-common-selector{z-index:var(--z-index-desktop) !important}@media(max-width: 976px){.uag-blocks-common-selector{z-index:var(--z-index-tablet) !important}}@media(max-width: 767px){.uag-blocks-common-selector{z-index:var(--z-index-mobile) !important}}\";s:2:\"js\";s:0:\"\";s:18:\"current_block_list\";a:9:{i:0;s:14:\"core\/paragraph\";i:1;s:12:\"core\/heading\";i:2;s:10:\"core\/table\";i:3;s:24:\"toolset-blocks\/container\";i:4;s:9:\"core\/list\";i:5;s:14:\"core\/list-item\";i:7;s:30:\"toolset-blocks\/fields-and-text\";i:10;s:22:\"toolset-blocks\/heading\";i:11;s:14:\"core\/shortcode\";}s:8:\"uag_flag\";b:0;s:11:\"uag_version\";s:10:\"1778140799\";s:6:\"gfonts\";a:0:{}s:10:\"gfonts_url\";s:0:\"\";s:12:\"gfonts_files\";a:0:{}s:14:\"uag_faq_layout\";b:0;}"]},"uagb_featured_image_src":{"full":false,"thumbnail":false,"medium":false,"medium_large":false,"large":false,"1536x1536":false,"2048x2048":false,"gform-image-choice-sm":false,"gform-image-choice-md":false,"gform-image-choice-lg":false,"woocommerce_thumbnail":false,"woocommerce_single":false,"woocommerce_gallery_thumbnail":false},"uagb_author_info":{"display_name":"Amir","author_link":"https:\/\/wpml.org\/de\/author\/admingm\/"},"uagb_comment_info":1,"uagb_excerpt":"Stellen Sie sicher, dass Ihre Website mit WPML reibungslos l\u00e4uft, indem Sie diese einfachen Mindestanforderungen erf\u00fcllen. Kritische Anforderung: WordPress-Speicher Minimale Speicherbegrenzung Empfohlene Speicherbegrenzung 128MB 256MB Hier erfahren Sie, wie Sie den WordPress-Speicher erh\u00f6hen. Anforderungen an die Systemversion Zus\u00e4tzliche Anforderungen Damit WPML ordnungsgem\u00e4\u00df funktioniert, aktivieren Sie Folgendes:","_links":{"self":[{"href":"https:\/\/wpml.org\/de\/wp-json\/wp\/v2\/pages\/76647","targetHints":{"allow":["GET"]}}],"collection":[{"href":"https:\/\/wpml.org\/de\/wp-json\/wp\/v2\/pages"}],"about":[{"href":"https:\/\/wpml.org\/de\/wp-json\/wp\/v2\/types\/page"}],"author":[{"embeddable":true,"href":"https:\/\/wpml.org\/de\/wp-json\/wp\/v2\/users\/1"}],"replies":[{"embeddable":true,"href":"https:\/\/wpml.org\/de\/wp-json\/wp\/v2\/comments?post=76647"}],"version-history":[{"count":9,"href":"https:\/\/wpml.org\/de\/wp-json\/wp\/v2\/pages\/76647\/revisions"}],"predecessor-version":[{"id":17992039,"href":"https:\/\/wpml.org\/de\/wp-json\/wp\/v2\/pages\/76647\/revisions\/17992039"}],"up":[{"embeddable":true,"href":"https:\/\/wpml.org\/de\/wp-json\/wp\/v2\/pages\/1253"}],"wp:attachment":[{"href":"https:\/\/wpml.org\/de\/wp-json\/wp\/v2\/media?parent=76647"}],"wp:term":[{"taxonomy":"related-projects-category","embeddable":true,"href":"https:\/\/wpml.org\/de\/wp-json\/wp\/v2\/related-projects-category?post=76647"}],"curies":[{"name":"wp","href":"https:\/\/api.w.org\/{rel}","templated":true}]}}