{"id":8589,"date":"2011-08-12T05:45:09","date_gmt":"2011-08-12T05:45:09","guid":{"rendered":"http:\/\/wpml.org\/documentation-3\/ratgeber-zum-loslegen\/string-ubersetzung\/"},"modified":"2026-02-26T07:27:36","modified_gmt":"2026-02-26T07:27:36","slug":"string-ubersetzung","status":"publish","type":"page","link":"https:\/\/wpml.org\/de\/documentation-3\/ratgeber-zum-loslegen\/string-ubersetzung\/","title":{"rendered":"WPML String Translation"},"content":{"rendered":"\n<p class=\"lead\">WPML String Translation erm\u00f6glicht es Ihnen, Texte au\u00dferhalb von Beitr\u00e4gen, Seiten und Taxonomie zu \u00fcbersetzen, wie den Slogan der Website, Texte auf Admin-Bildschirmen und Widget-Titel.<\/p>\n\n<p>Im WordPress bestehen Front-End-Seiten aus zwei Dingen: \u201eInhalt\u201c und \u201ealles andere\u201c (die Struktur der Website). \u201eStrings\u201c sind Teil der Struktur der Website.  <\/p>\n\n<p>Mit anderen Worten, Strings sind Textst\u00fccke, die auf Ihrer gesamten Website erscheinen, aber nicht Teil spezifischer Inhalte wie Beitr\u00e4ge oder Seiten sind. Dazu geh\u00f6ren Men\u00fcbeschriftungen, Fehlermeldungen, Anweisungen auf Formularen und alle anderen Texte, die Teil von WordPress selbst und des von Ihnen verwendeten Themes oder Plugins sind. <\/p>\n\n<p>Hier ist ein kurzes Video, das erkl\u00e4rt, was Strings sind und wie man sie \u00fcbersetzt:<\/p>\n\n<div class=\"tb-youtube\" data-toolset-blocks-youtube=\"95304be196341537b8e1bf72fec2c297\"><div><iframe data-src=\"https:\/\/www.youtube.com\/embed\/WjfFX53nMsE?rel=0&#038;toolset=1\" frameBorder=\"0\" allow=\"accelerometer; autoplay; encrypted-media; gyroscope; picture-in-picture\" allowfullscreen><\/iframe><\/div><\/div>\n\n<div style=\"height:50px\" aria-hidden=\"true\" class=\"wp-block-spacer\"><\/div>\n\n<h2 class=\"wp-block-heading\">Was Sie f\u00fcr die \u00dcbersetzung von Zeichenketten ben\u00f6tigen<\/h2>\n\n<p>Das String Translation Add-on von WPML erm\u00f6glicht es Ihnen, jeden String auf Ihrer Website zu \u00fcbersetzen. Es ist eine <a href=\"https:\/\/wpml.org\/de\/documentation-3\/wpml-kern-und-add-on-plug-ins\/\">Komponente von WPML<\/a>, die in unseren WPML Multilingual CMS und WPML Multilingual Agency Konten verf\u00fcgbar ist. <\/p>\n\n<p>Sie k\u00f6nnen es als Teil der <a href=\"https:\/\/wpml.org\/de\/faq\/so-installieren-sie-wpml\/\">WPML-Installation<\/a> installieren oder manuell von Ihrer Seite <a href=\"https:\/\/wpml.org\/de\/account\/downloads\/\">Account Downloads<\/a> herunterladen. Wenn Sie in Ihrem WordPress-Admin <strong>WPML <\/strong>\u2192<strong> String Translation <\/strong>in Ihrem Men\u00fc sehen, ist es installiert.<\/p>\n\n<h2 class=\"wp-block-heading\">\u00dcbersetzen von Texten mit WPML<\/h2>\n\n<p>Standardm\u00e4\u00dfig erkennt WPML automatisch un\u00fcbersetzte Texte und markiert sie zur \u00dcbersetzung. Dies geschieht, w\u00e4hrend Sie als Administrator angemeldet \u00fcbersetzte Inhalte auf Ihrer Website durchsuchen. Sie k\u00f6nnen WPML dies auch f\u00fcr alle Besucher tun lassen, unabh\u00e4ngig davon, ob sie angemeldet sind oder nicht.  <\/p>\n\n<p>Um Texte zu \u00fcbersetzen, gehen Sie zu <strong>WPML<\/strong> \u2192 <strong>Translation Dashboard<\/strong> und scrollen Sie nach unten zum Abschnitt <strong>Andere Texte (Strings) <\/strong>. Verwenden Sie den Filter, um die Texte zu finden und sie zur \u00dcbersetzung zu senden.  Sie k\u00f6nnen Texte selbst \u00fcbersetzen oder die schnelle und genaue <a href=\"https:\/\/wpml.org\/de\/documentation-3\/automatische-uebersetzung-fuer-wordpress-inhalte-mit-wpml\/\">automatische \u00dcbersetzung<\/a> von WPML verwenden.<\/p>\n\n<p>Wenn Sie die zu \u00fcbersetzenden Strings nicht finden k\u00f6nnen, \u00fcberpr\u00fcfen Sie den oberen Bereich des Abschnitts <strong>Andere Texte (Strings)<\/strong>, um sicherzustellen, dass die automatische Erkennung von Strings aktiviert ist. Besuchen Sie dann die Front-End-Seite, auf der diese Strings in einer anderen Sprache als Englisch erscheinen. <\/p>\n\n<p>Bitte beachten Sie, dass es derzeit nicht m\u00f6glich ist, die \u00dcbersetzungen von Zeichenketten zu \u00fcberpr\u00fcfen.<\/p>\n\n<h2 class=\"wp-block-heading\">Sie k\u00f6nnen die Zeichenketten immer noch nicht finden?<\/h2>\n\n<p>Es gibt bestimmte Arten von Texten, die WPML nicht automatisch identifizieren kann. Dazu geh\u00f6ren Texte, die Themes und Plugins zum Speichern von Einstellungen, Benutzerprofilen, Texte mit Platzhaltern und andere verwenden. <\/p>\n\n<p>F\u00fcr solche Zeichenketten m\u00fcssen Sie einige zus\u00e4tzliche Schritte unternehmen, um sie f\u00fcr die \u00dcbersetzung zu registrieren. F\u00fcr detaillierte Anweisungen siehe <a href=\"https:\/\/wpml.org\/de\/documentation-3\/ratgeber-zum-loslegen\/string-ubersetzung\/finden-von-strings-die-nicht-auf-der-string-translation-seite-erscheinen\/\">wie man Zeichenketten findet, die nicht zur \u00dcbersetzung erscheinen<\/a>. <\/p>\n","protected":false},"excerpt":{"rendered":"<p>WPML String Translation erm\u00f6glicht es Ihnen, Texte au\u00dferhalb von Beitr\u00e4gen, Seiten und Taxonomie zu \u00fcbersetzen, wie den Slogan der Website, Texte auf Admin-Bildschirmen und Widget-Titel. Im WordPress bestehen Front-End-Seiten aus zwei Dingen: \u201eInhalt\u201c und \u201ealles andere\u201c (die Struktur der Website). \u201eStrings\u201c sind Teil der Struktur der Website. Mit anderen Worten, Strings sind Textst\u00fccke, die auf [&hellip;]<\/p>\n","protected":false},"author":2,"featured_media":0,"parent":1262,"menu_order":62,"comment_status":"closed","ping_status":"closed","template":"template-nosidebar-centered.php","meta":{"_bbp_topic_count":0,"_bbp_reply_count":0,"_bbp_total_topic_count":0,"_bbp_total_reply_count":0,"_bbp_voice_count":0,"_bbp_anonymous_reply_count":0,"_bbp_topic_count_hidden":0,"_bbp_reply_count_hidden":0,"_bbp_forum_subforum_count":0,"ep_exclude_from_search":false,"footnotes":""},"related-projects-category":[],"class_list":["post-8589","page","type-page","status-publish","hentry"],"_links":{"self":[{"href":"https:\/\/wpml.org\/de\/wp-json\/wp\/v2\/pages\/8589","targetHints":{"allow":["GET"]}}],"collection":[{"href":"https:\/\/wpml.org\/de\/wp-json\/wp\/v2\/pages"}],"about":[{"href":"https:\/\/wpml.org\/de\/wp-json\/wp\/v2\/types\/page"}],"author":[{"embeddable":true,"href":"https:\/\/wpml.org\/de\/wp-json\/wp\/v2\/users\/2"}],"replies":[{"embeddable":true,"href":"https:\/\/wpml.org\/de\/wp-json\/wp\/v2\/comments?post=8589"}],"version-history":[{"count":8,"href":"https:\/\/wpml.org\/de\/wp-json\/wp\/v2\/pages\/8589\/revisions"}],"predecessor-version":[{"id":17854375,"href":"https:\/\/wpml.org\/de\/wp-json\/wp\/v2\/pages\/8589\/revisions\/17854375"}],"up":[{"embeddable":true,"href":"https:\/\/wpml.org\/de\/wp-json\/wp\/v2\/pages\/1262"}],"wp:attachment":[{"href":"https:\/\/wpml.org\/de\/wp-json\/wp\/v2\/media?parent=8589"}],"wp:term":[{"taxonomy":"related-projects-category","embeddable":true,"href":"https:\/\/wpml.org\/de\/wp-json\/wp\/v2\/related-projects-category?post=8589"}],"curies":[{"name":"wp","href":"https:\/\/api.w.org\/{rel}","templated":true}]}}