{"id":8607,"date":"2011-01-03T13:25:51","date_gmt":"2011-01-03T13:25:51","guid":{"rendered":"http:\/\/wpml.org\/documentation-3\/ubersetzen-ihrer-inhalte\/verwendung-des-translation-management-moduls-von-wpml\/"},"modified":"2025-07-23T06:52:33","modified_gmt":"2025-07-23T06:52:33","slug":"verwendung-des-translation-management-moduls-von-wpml","status":"publish","type":"page","link":"https:\/\/wpml.org\/de\/documentation-3\/ubersetzen-ihrer-inhalte\/verwendung-des-translation-management-moduls-von-wpml\/","title":{"rendered":"Classic Translation Editor"},"content":{"rendered":"\n<div class=\"wp-block-toolset-blocks-container tb-container alignfull\" data-toolset-blocks-container=\"f387b05605cc07c2cd98c64265b7121a\"><div class=\"tb-container-inner\">\n<p class=\"tb-heading has-text-color\" data-toolset-blocks-heading=\"0190bf5c0f5e682e6e1d8be7e6f401ac\" data-last-update=\"1.4\"><span><span><a href=\"https:\/\/wpml.org\/de\/startseite\/\">Home<\/a><\/span><\/span><\/p>\n\n\n\n<div class=\"wp-block-toolset-blocks-grid tb-grid\" data-toolset-blocks-grid=\"4361e951e6234c2fe8a703abfa576eaf\">\n<div class=\"wp-block-toolset-blocks-grid-column tb-grid-column tb-grid-align-center\" data-toolset-blocks-grid-column=\"f586ff7bfe1d7317c63162ec7b7039ed\">\n<h1 class=\"tb-heading has-text-color\" data-toolset-blocks-heading=\"8325180aaf713663aafcf08bcb0c259e\" data-last-update=\"1.4\">Classic Translation Editor<\/h1>\n\n\n\n<p class=\"tb-heading has-text-color\" data-toolset-blocks-heading=\"8ba3aef1f3dbe59b666309c56750fe7a\" data-last-update=\"1.4\">Der Classic Translation Editor ist der \u00e4ltere WPML-Editor zum manuellen \u00dcbersetzen Ihrer WordPress-Inhalte. <\/p>\n\n\n\n<div class=\"wp-block-toolset-blocks-container tb-container\" data-toolset-blocks-container=\"c82e9e0659e57b43576db7a5c7cbe3f1\">\n<div class=\"wp-block-toolset-blocks-grid tb-grid\" data-toolset-blocks-grid=\"1b251135c9f43092d26db7e3b0813ee5\">\n<div class=\"wp-block-toolset-blocks-grid-column tb-grid-column tb-grid-align-top\" data-toolset-blocks-grid-column=\"3034fbe886c11054e95b46b09d3e4112\">\n<div class=\"wp-block-toolset-blocks-container tb-container\" data-toolset-blocks-container=\"68b068f047d669306e0b51110e335bb9\"><\/div>\n<\/div>\n\n\n\n<div class=\"wp-block-toolset-blocks-grid-column tb-grid-column tb-grid-align-top\" data-toolset-blocks-grid-column=\"3034fbe886c11054e95b46b09d3e4112\">\n<p class=\"tb-heading has-text-color\" data-toolset-blocks-heading=\"6b0edee257fd23ea76bab786d83a8c96\" data-last-update=\"1.4\">Der Classic Translation Editor ist eine \u00e4ltere Funktion.<\/p>\n\n\n\n<p class=\"tb-heading has-text-color\" data-toolset-blocks-heading=\"eba16063eb5d21f1fcee2cf9f73cc490\" data-last-update=\"1.4\">F\u00fcr eine bessere \u00dcbersetzungsqualit\u00e4t, neue Funktionen und eine verbesserte Benutzererfahrung verwenden Sie den <a href=\"https:\/\/wpml.org\/de\/documentation-3\/ubersetzen-ihrer-inhalte\/erweiterter-uebersetzungs-editor\/\">Erweiterten \u00dcbersetzungs-Editor<\/a> von WPML.<\/p>\n<\/div>\n<\/div>\n<\/div>\n<\/div>\n\n\n\n<div class=\"wp-block-toolset-blocks-grid-column tb-grid-column tb-grid-align-center\" data-toolset-blocks-grid-column=\"c77f65d01bb1c283e93f285b389d97af\">\n<div class=\"wp-block-toolset-blocks-container tb-container\" data-toolset-blocks-container=\"078846b7af3cea9833ff22d2e5f7ebe0\"><\/div>\n<\/div>\n<\/div>\n<\/div><\/div>\n\n<div class=\"wp-block-toolset-blocks-container tb-container product-page-content\" data-toolset-blocks-container=\"e1a032ee275feb5f5d1145d8144f8bec\"><div class=\"tb-container-inner\">\n<div style=\"height:25px\" aria-hidden=\"true\" class=\"wp-block-spacer\"><\/div>\n\n\n\n<h2 class=\"wp-block-heading\">Was ist der Classic Translation Editor?<\/h2>\n\n\n\n<p>Der Classic Translation Editor ist der \u00e4ltere WPML-Editor, mit dem Sie Website-Inhalte selbst \u00fcbersetzen k\u00f6nnen. Sie k\u00f6nnen ihn zwar weiterhin verwenden, aber seine veraltete Technologie birgt ein h\u00f6heres Risiko, dass das Markup Ihrer Website im Frontend besch\u00e4digt wird. <\/p>\n\n\n\n<p>Im Gegensatz zum <a href=\"https:\/\/wpml.org\/de\/documentation-3\/ubersetzen-ihrer-inhalte\/erweiterter-uebersetzungs-editor\/\">Erweiterten \u00dcbersetzungs-Editor<\/a> verarbeitet der Classic Editor beispielsweise HTML-Tags nicht automatisch. Das bedeutet, dass Sie beim \u00dcbersetzen von Inhalten manuell HTML-Markup hinzuf\u00fcgen m\u00fcssen und riskieren, dass Ihre Seiten besch\u00e4digt werden, wenn Sie versehentlich einen Fehler machen. <br\/><br\/>Der Classic Editor unterst\u00fctzt auch nicht die folgenden wichtigen Funktionen:<\/p>\n\n\n\n<ul class=\"wp-block-list\">\n<li>Automatische \u00dcbersetzung<\/li>\n\n\n\n<li>Medien\u00fcbersetzung<\/li>\n\n\n\n<li>\u00dcbersetzungsspeicher<\/li>\n\n\n\n<li>Glossar<\/li>\n<\/ul>\n\n\n\n<div style=\"height:25px\" aria-hidden=\"true\" class=\"wp-block-spacer\"><\/div>\n\n\n\n<h2 class=\"wp-block-heading\">W\u00e4hlen Sie Ihren \u00dcbersetzungseditor<\/h2>\n\n\n\n<p>Um einen \u00dcbersetzungseditor auszuw\u00e4hlen, gehen Sie zu <strong>WPML <\/strong>\u2192 <strong>Einstellungen<\/strong>, scrollen Sie nach unten zum Abschnitt <strong>\u00dcbersetzungseditor<\/strong> und w\u00e4hlen Sie den Editor aus, mit dem Sie \u00fcbersetzen m\u00f6chten. <\/p>\n\n\n\n<p>Da der Classic Editor eine \u00e4ltere Funktion ist, empfehlen wir dringend, den neuen <a href=\"https:\/\/wpml.org\/de\/documentation-3\/ubersetzen-ihrer-inhalte\/erweiterter-uebersetzungs-editor\/\">Erweiterten \u00dcbersetzungs-Editor<\/a> zu verwenden. <\/p>\n\n\n\n<div style=\"height:25px\" aria-hidden=\"true\" class=\"wp-block-spacer\"><\/div>\n\n\n\n<h2 class=\"wp-block-heading\">Wie man mit dem Classic Translation Editor \u00fcbersetzt<\/h2>\n\n\n\n<p>Um mit dem Classic Translation Editor zu \u00fcbersetzen: <\/p>\n\n\n\n<ol class=\"wp-block-list\">\n<li>Gehen Sie zu <strong>WPML <\/strong>\u2192 <strong>\u00dcbersetzungs-Dashboard<\/strong>.<\/li>\n\n\n\n<li>W\u00e4hlen Sie die Inhalte aus, die Sie \u00fcbersetzen m\u00f6chten, und senden Sie sie zur \u00dcbersetzung. <\/li>\n\n\n\n<li>Gehen Sie als N\u00e4chstes zu <strong>WPML <\/strong>\u2192 <strong>\u00dcbersetzungen<\/strong> und klicken Sie auf die Schaltfl\u00e4che <strong>\u00dcbersetzen<\/strong>. Dadurch wird der Classic Translation Editor ge\u00f6ffnet.  <\/li>\n<\/ol>\n\n\n\n<figure class=\"wp-block-image tb-image tb-image-dynamic tb-image-frame-none\" data-toolset-blocks-image=\"ebf0a3e23bf9d6fcb4239141d9f5f363\"><a href=\"https:\/\/wpml.org\/wp-content\/uploads\/2024\/10\/Translating-a-page-with-WPMLs-Classic-Translation-Editor.png\"><img decoding=\"async\" width=\"1024\" height=\"713\" loading=\"lazy\" src=\"https:\/\/wpml.org\/wp-content\/uploads\/2024\/10\/Translating-a-page-with-WPMLs-Classic-Translation-Editor-1024x713.png\" alt=\"Translating a page with WPML\u2019s Classic Translation Editor\" class=\"wp-image-16246008\" srcset=\"https:\/\/wpml.org\/wp-content\/uploads\/2024\/10\/Translating-a-page-with-WPMLs-Classic-Translation-Editor-1024x713.png 1024w, https:\/\/wpml.org\/wp-content\/uploads\/2024\/10\/Translating-a-page-with-WPMLs-Classic-Translation-Editor-300x209.png 300w, https:\/\/wpml.org\/wp-content\/uploads\/2024\/10\/Translating-a-page-with-WPMLs-Classic-Translation-Editor-150x104.png 150w, https:\/\/wpml.org\/wp-content\/uploads\/2024\/10\/Translating-a-page-with-WPMLs-Classic-Translation-Editor-768x535.png 768w, https:\/\/wpml.org\/wp-content\/uploads\/2024\/10\/Translating-a-page-with-WPMLs-Classic-Translation-Editor.png 1242w\" sizes=\"auto, (max-width: 1024px) 100vw, 1024px\" \/><\/a><figcaption><div class=\"tb-image-caption\">Eine Seite mit dem Classic Translation Editor von WPML \u00fcbersetzen<\/div><\/figcaption><\/figure>\n\n\n\n<ol start=\"4\" class=\"wp-block-list\">\n<li>Geben Sie Ihre \u00dcbersetzungen manuell in die Container ein und klicken Sie auf <strong>Speichern<\/strong>, um sie auf Ihrer Website zu ver\u00f6ffentlichen. <\/li>\n<\/ol>\n\n\n\n<div style=\"height:25px\" aria-hidden=\"true\" class=\"wp-block-spacer\"><\/div>\n\n\n\n<p>Denken Sie daran \u2013 falsches HTML-Markup kann Ihre Seiten besch\u00e4digen, also \u00fcberpr\u00fcfen Sie Ihre \u00dcbersetzungen vor dem Speichern sorgf\u00e4ltig. <\/p>\n<\/div><\/div>\n","protected":false},"excerpt":{"rendered":"","protected":false},"author":2,"featured_media":0,"parent":3852,"menu_order":101,"comment_status":"closed","ping_status":"closed","template":"template-full.php","meta":{"_bbp_topic_count":0,"_bbp_reply_count":0,"_bbp_total_topic_count":0,"_bbp_total_reply_count":0,"_bbp_voice_count":0,"_bbp_anonymous_reply_count":0,"_bbp_topic_count_hidden":0,"_bbp_reply_count_hidden":0,"_bbp_forum_subforum_count":0,"ep_exclude_from_search":false,"footnotes":""},"related-projects-category":[],"class_list":["post-8607","page","type-page","status-publish","hentry"],"_links":{"self":[{"href":"https:\/\/wpml.org\/de\/wp-json\/wp\/v2\/pages\/8607","targetHints":{"allow":["GET"]}}],"collection":[{"href":"https:\/\/wpml.org\/de\/wp-json\/wp\/v2\/pages"}],"about":[{"href":"https:\/\/wpml.org\/de\/wp-json\/wp\/v2\/types\/page"}],"author":[{"embeddable":true,"href":"https:\/\/wpml.org\/de\/wp-json\/wp\/v2\/users\/2"}],"replies":[{"embeddable":true,"href":"https:\/\/wpml.org\/de\/wp-json\/wp\/v2\/comments?post=8607"}],"version-history":[{"count":8,"href":"https:\/\/wpml.org\/de\/wp-json\/wp\/v2\/pages\/8607\/revisions"}],"predecessor-version":[{"id":17261723,"href":"https:\/\/wpml.org\/de\/wp-json\/wp\/v2\/pages\/8607\/revisions\/17261723"}],"up":[{"embeddable":true,"href":"https:\/\/wpml.org\/de\/wp-json\/wp\/v2\/pages\/3852"}],"wp:attachment":[{"href":"https:\/\/wpml.org\/de\/wp-json\/wp\/v2\/media?parent=8607"}],"wp:term":[{"taxonomy":"related-projects-category","embeddable":true,"href":"https:\/\/wpml.org\/de\/wp-json\/wp\/v2\/related-projects-category?post=8607"}],"curies":[{"name":"wp","href":"https:\/\/api.w.org\/{rel}","templated":true}]}}