{"id":869017,"date":"2016-04-26T09:41:14","date_gmt":"2016-04-26T09:41:14","guid":{"rendered":"https:\/\/wpml.org\/de\/documentation-3\/ahnliche-projekte\/toolset\/"},"modified":"2024-10-22T12:52:28","modified_gmt":"2024-10-22T12:52:28","slug":"toolset","status":"publish","type":"page","link":"https:\/\/wpml.org\/de\/documentation-3\/plugins-kompatibilitaet\/toolset\/","title":{"rendered":"Toolset"},"content":{"rendered":"<p class=\"lead\"><a href=\"https:\/\/toolset.com\/\">Toolset<\/a> Plugins helfen WordPress-Profis, fortgeschrittene Websites ohne Programmierung zu erstellen. Es stammt von <a href=\"https:\/\/www.onthegosystems.com\">OnTheGoSystems<\/a>, demselben Unternehmen, das WPML entwickelt.<\/p>\n<p>Mit Toolset f\u00fcgen Sie benutzerdefinierte Beitragstypen und Felder zu Ihrer Website hinzu und erstellen sie visuell:<\/p>\n<ul>\n<li>ma\u00dfgeschneiderte Templates und Listen mit Inhalten<\/li>\n<li>ma\u00dfgeschneiderte Archive<\/li>\n<li>Frontend Formulare<\/li>\n<li>sucht<\/li>\n<li>Beitrag Beziehungen<\/li>\n<li>ma\u00dfgeschneiderte WooCommerce Websites<\/li>\n<li>Verzeichnisse mit Kartenintegration<\/li>\n<\/ul>\n<p>&#8230;und vieles mehr.<\/p>\n<p>Sehen Sie sich das folgende Video an, um eine praktische Pr\u00e4sentation der wichtigsten Funktionen von Toolset zu sehen.<\/p>\n<div class=\"embed-responsive embed-responsive-16by9\"><iframe title=\"Toolset Intro\" width=\"700\" height=\"394\" src=\"https:\/\/www.youtube.com\/embed\/vJ2lInQwQNc?feature=oembed\" frameborder=\"0\" allow=\"accelerometer; autoplay; clipboard-write; encrypted-media; gyroscope; picture-in-picture\" allowfullscreen><\/iframe><\/div>\n<h2>Toolset und WPML<\/h2>\n<p>Zusammen machen Toolset und WPML die Erstellung fortschrittlicher mehrsprachiger Websites einfach. F\u00fcr die \u00dcbersetzung von Inhalten, die du erstellst, ist keine Konfiguration erforderlich. Toolset kommuniziert direkt mit WPML und erm\u00f6glicht es Ihnen, alles \u00fcber die \u00dcbersetzungssteuerung von WPML zu \u00fcbersetzen. Lesen Sie <a href=\"https:\/\/toolset.com\/course-chapter\/translating-directory-and-classifieds-sites\/\">, wie Sie mit Toolset erstellte Websites mit Verzeichnissen und Kleinanzeigen \u00fcbersetzen<\/a> k\u00f6nnen.<\/p>\n<h2>Toolset-Rabatt f\u00fcr WPML-Kunden<\/h2>\n<p>F\u00fcr alle WPML-Kunden bieten wir einen Rabatt von 30% auf Toolset. Um deinen Rabatt zu erhalten, besuche <a href=\"\/?page_id=2869157\">die Seite mit den WPML-Gutscheinen<\/a>.<\/p>\n","protected":false},"excerpt":{"rendered":"<p><a href=\"https:\/\/wpml.org\/wp-content\/uploads\/2015\/11\/toolset-logo.png\"><img decoding=\"async\" class=\"alignright size-medium wp-image-1392516\" src=\"https:\/\/wpml.org\/wp-content\/uploads\/2015\/11\/toolset-logo-300x127.png\" alt=\"toolset-logo\" width=\"300\" height=\"127\" srcset=\"https:\/\/wpml.org\/wp-content\/uploads\/2015\/11\/toolset-logo-300x127.png 300w, https:\/\/wpml.org\/wp-content\/uploads\/2015\/11\/toolset-logo-150x63.png 150w, https:\/\/wpml.org\/wp-content\/uploads\/2015\/11\/toolset-logo-768x324.png 768w, https:\/\/wpml.org\/wp-content\/uploads\/2015\/11\/toolset-logo.png 800w\" sizes=\"(max-width: 300px) 100vw, 300px\" \/><\/a> <\/p>\n<p><a href=\"https:\/\/toolset.com\/\">Toolset<\/a> ist eine Reihe von Plugins f\u00fcr <strong>Webentwickler <\/strong>, die <strong>keine PHP-Programmierer<\/strong> sind, sondern <strong>anspruchsvollere WordPress-Projekte<\/strong> entwickeln m\u00f6chten.<\/p>\n<p>Mit Toolset f\u00fcgen Sie benutzerdefinierte Beitragstypen und Felder zu Ihrer Website hinzu und bauen alles um diese herum auf:\n<\/p>\n<ul>\n<li>Beitrag Beziehungen<\/li>\n<li>ma\u00dfgeschneiderte Templates und Listen mit Inhalten<\/li>\n<li>ma\u00dfgeschneiderte Archive<\/li>\n<li>Frontend Formulare<\/li>\n<li>sucht<\/li>\n<\/ul>\n<p>&#8230;und vieles mehr.<\/p>\n","protected":false},"author":2,"featured_media":0,"parent":16317470,"menu_order":28,"comment_status":"closed","ping_status":"closed","template":"","meta":{"_bbp_topic_count":0,"_bbp_reply_count":0,"_bbp_total_topic_count":0,"_bbp_total_reply_count":0,"_bbp_voice_count":0,"_bbp_anonymous_reply_count":0,"_bbp_topic_count_hidden":0,"_bbp_reply_count_hidden":0,"_bbp_forum_subforum_count":0,"ep_exclude_from_search":false,"footnotes":""},"related-projects-category":[27847,27797],"class_list":["post-869017","page","type-page","status-publish","hentry","related-projects-category-masgeschneiderte-felder","related-projects-category-build-advanced-sites-de"],"_links":{"self":[{"href":"https:\/\/wpml.org\/de\/wp-json\/wp\/v2\/pages\/869017","targetHints":{"allow":["GET"]}}],"collection":[{"href":"https:\/\/wpml.org\/de\/wp-json\/wp\/v2\/pages"}],"about":[{"href":"https:\/\/wpml.org\/de\/wp-json\/wp\/v2\/types\/page"}],"author":[{"embeddable":true,"href":"https:\/\/wpml.org\/de\/wp-json\/wp\/v2\/users\/2"}],"replies":[{"embeddable":true,"href":"https:\/\/wpml.org\/de\/wp-json\/wp\/v2\/comments?post=869017"}],"version-history":[{"count":7,"href":"https:\/\/wpml.org\/de\/wp-json\/wp\/v2\/pages\/869017\/revisions"}],"predecessor-version":[{"id":15406412,"href":"https:\/\/wpml.org\/de\/wp-json\/wp\/v2\/pages\/869017\/revisions\/15406412"}],"up":[{"embeddable":true,"href":"https:\/\/wpml.org\/de\/wp-json\/wp\/v2\/pages\/16317470"}],"wp:attachment":[{"href":"https:\/\/wpml.org\/de\/wp-json\/wp\/v2\/media?parent=869017"}],"wp:term":[{"taxonomy":"related-projects-category","embeddable":true,"href":"https:\/\/wpml.org\/de\/wp-json\/wp\/v2\/related-projects-category?post=869017"}],"curies":[{"name":"wp","href":"https:\/\/api.w.org\/{rel}","templated":true}]}}