{"id":890141,"date":"2013-01-13T23:51:34","date_gmt":"2013-01-13T23:51:34","guid":{"rendered":"https:\/\/wpml.org\/de\/startseite\/ueber-wpml\/"},"modified":"2026-02-26T08:08:31","modified_gmt":"2026-02-26T08:08:31","slug":"ueber-wpml","status":"publish","type":"page","link":"https:\/\/wpml.org\/de\/startseite\/ueber-wpml\/","title":{"rendered":"\u00dcber WPML"},"content":{"rendered":"\n<div class=\"wp-block-toolset-blocks-container tb-container\" data-toolset-blocks-container=\"a3910d70d80070d95b5c6a055e856747\"><div class=\"tb-container-inner\">\n<h1 class=\"tb-heading\" data-toolset-blocks-heading=\"8e71fd9af23fa25c7999187bab397e6b\" data-last-update=\"1.4\">\u00dcber WPML<\/h1>\n\n\n\n<h3 class=\"tb-heading\" data-toolset-blocks-heading=\"1e5f978603d5fbb9fea9f3230ca8bb8e\" data-last-update=\"1.4\">Vom ersten Tag an sind unsere Priorit\u00e4ten gleich geblieben:<br\/>WordPress schnell, effizient und kosteng\u00fcnstig mehrsprachig zu machen.<\/h3>\n<\/div><\/div>\n\n<div class=\"wp-block-toolset-blocks-container tb-container\" data-toolset-blocks-container=\"f859b1454672f6cd3842f5483ef72cbe\"><div class=\"tb-container-inner\">\n<div class=\"wp-block-toolset-blocks-grid tb-grid\" data-toolset-blocks-grid=\"0dc790d61d0d64487a90abd4452260c6\">\n<div class=\"wp-block-toolset-blocks-grid-column tb-grid-column\" data-toolset-blocks-grid-column=\"a6e73c9bcfb6574667bd3043cd1e8d9d\">\n<h2 class=\"tb-heading has-text-color\" data-toolset-blocks-heading=\"1ae42fe7d67cac20294428d4937abca0\" data-last-update=\"1.4\">Unsere Geschichte<\/h2>\n\n\n\n<div class=\"tb-fields-and-text\" data-toolset-blocks-fields-and-text=\"6088439d9df1bb352cf469db67308436\"><p>Im Jahr 2007 begannen wir unsere Reise mit dem Angebot von Website-\u00dcbersetzungsdiensten. So wie sich der Ansatz f\u00fcr \u00dcbersetzungsl\u00f6sungen entwickelt hat, haben auch wir uns weiterentwickelt. All unsere Bem\u00fchungen haben zur Entwicklung von WPML gef\u00fchrt, das heute das marktf\u00fchrende mehrsprachige WordPress-Plugin ist.<\/p>\n<p>Heute ist WPML auf \u00fcber 1.500.000 WordPress-Websites installiert und erm\u00f6glicht es, Ihre Website in \u00fcber 65 Sprachen zu \u00fcbersetzen.<\/p>\n<p>Mit WPML k\u00f6nnen Sie aus verschiedenen \u00dcbersetzungsmethoden w\u00e4hlen, einschlie\u00dflich der automatischen \u00dcbersetzung.<\/p><\/div>\n\n\n\n<div class=\"tb-button\" data-toolset-blocks-button=\"f9b377e090f9d25307c8e792e8967a18\"><a class=\"tb-button__link\" href=\"https:\/\/wpml.org\/features\/\"><span class=\"tb-button__content\">WPML-Funktionen entdecken<\/span><i class=\"tb-button__icon\"><\/i><\/a><\/div>\n<\/div>\n\n\n\n<div class=\"wp-block-toolset-blocks-grid-column tb-grid-column tb-grid-align-center\" data-toolset-blocks-grid-column=\"f586ff7bfe1d7317c63162ec7b7039ed\">\n<p class=\"tb-heading has-text-color\" data-toolset-blocks-heading=\"c008a69f635d8361130bfe225df80787\" data-last-update=\"1.4\">2007 \u2014<\/p>\n\n\n\n<p class=\"tb-heading has-text-color\" data-toolset-blocks-heading=\"5d84e7a5666e724f433b33e0ac5ff25e\" data-last-update=\"1.4\"> Heute<\/p>\n\n\n\n<div class=\"wp-block-toolset-blocks-container tb-container\" data-toolset-blocks-container=\"9852e77f1d7beccbb811aa348a99c0bd\">\n<div class=\"wp-block-toolset-blocks-container tb-container\" data-toolset-blocks-container=\"24c91226a80c83f25f10c073e13dae28\">\n<h2 class=\"tb-heading has-text-color\" data-toolset-blocks-heading=\"02c75c9e7f09d80344213bebe67934c4\" data-last-update=\"1.4\">&gt;1.500.000<\/h2>\n\n\n\n<p class=\"tb-heading has-text-color\" data-toolset-blocks-heading=\"6a9f4cf27c4d0fdaf6117dc29b354d96\" data-last-update=\"1.4\">WordPress-Websites nutzen WPML<\/p>\n<\/div>\n\n\n\n<div class=\"wp-block-toolset-blocks-container tb-container\" data-toolset-blocks-container=\"72e713bb22beb48bcd433c599d2bffdb\">\n<h2 class=\"tb-heading has-text-color\" data-toolset-blocks-heading=\"02c75c9e7f09d80344213bebe67934c4\" data-last-update=\"1.4\">65+<\/h2>\n\n\n\n<p class=\"tb-heading has-text-color\" data-toolset-blocks-heading=\"6a9f4cf27c4d0fdaf6117dc29b354d96\" data-last-update=\"1.4\">Sprachen<\/p>\n<\/div>\n<\/div>\n<\/div>\n<\/div>\n<\/div><\/div>\n\n<div class=\"wp-block-toolset-blocks-container tb-container\" data-toolset-blocks-container=\"15ff353d2306f0cd7dc0781728774c9c\"><div class=\"tb-container-inner\">\n<h2 class=\"tb-heading has-text-color\" data-toolset-blocks-heading=\"c1142de8a583de6aba9cb51ef67b5210\" data-last-update=\"1.4\">Erstellen Sie WordPress-Websites auf die richtige Weise<\/h2>\n\n\n\n<div class=\"tb-fields-and-text\" data-toolset-blocks-fields-and-text=\"6088439d9df1bb352cf469db67308436\"><p style=\"text-align: center;\">Wir sind der \u00dcberzeugung, dass alle WordPress-Nutzer in der Lage sein sollten, effektive Websites zu erstellen \u2013 unabh\u00e4ngig von Programmierkenntnissen und -f\u00e4higkeiten. Unsere <a href=\"https:\/\/toolset.com\/home\/toolset-components\/\">Toolset-Plugin-Suite<\/a> vereinfacht den Bau komplexer Websites f\u00fcr alle. Sie k\u00f6nnen direkt in WordPress gestalten und m\u00fcssen keine Child-Themes erstellen oder PHP schreiben. <\/p><\/div>\n\n\n\n<div class=\"tb-button\" data-toolset-blocks-button=\"2e42f2696e2e9584cf01d5fd67075d54\"><a class=\"tb-button__link\" href=\"https:\/\/toolset.com\/\" target=\"_blank\" rel=\"noopener\"><span class=\"tb-button__content\">Mehr \u00fcber Toolset<\/span><i class=\"tb-button__icon\"><\/i><\/a><\/div>\n<\/div><\/div>\n\n<div class=\"wp-block-toolset-blocks-container tb-container\" data-toolset-blocks-container=\"0b32ffeb160c54d040a2c1dfa76cd932\"><div class=\"tb-container-inner\">\n<div class=\"wp-block-toolset-blocks-grid tb-grid\" data-toolset-blocks-grid=\"11f418a1360207b4c2a98aba9ed91c20\">\n<div class=\"wp-block-toolset-blocks-grid-column tb-grid-column tb-grid-align-center\" data-toolset-blocks-grid-column=\"f586ff7bfe1d7317c63162ec7b7039ed\">\n<div class=\"wp-block-toolset-blocks-container tb-container\" data-toolset-blocks-container=\"9852e77f1d7beccbb811aa348a99c0bd\">\n<div class=\"wp-block-toolset-blocks-container tb-container\" data-toolset-blocks-container=\"24c91226a80c83f25f10c073e13dae28\">\n<h2 class=\"tb-heading has-text-color\" data-toolset-blocks-heading=\"9520a6140f2b9533d0271691117b7b19\" data-last-update=\"1.4\">6<\/h2>\n\n\n\n<p class=\"tb-heading has-text-color\" data-toolset-blocks-heading=\"1697573550b4ab85c18a52719a4b0bd9\" data-last-update=\"1.4\">Tage pro Woche<\/p>\n<\/div>\n\n\n\n<div class=\"wp-block-toolset-blocks-container tb-container\" data-toolset-blocks-container=\"c8d150915edaa853a5eed3dde076c1da\">\n<h2 class=\"tb-heading has-text-color\" data-toolset-blocks-heading=\"9520a6140f2b9533d0271691117b7b19\" data-last-update=\"1.4\">19<\/h2>\n\n\n\n<p class=\"tb-heading has-text-color\" data-toolset-blocks-heading=\"1697573550b4ab85c18a52719a4b0bd9\" data-last-update=\"1.4\">Stunden pro Tag<\/p>\n<\/div>\n\n\n\n<div class=\"wp-block-toolset-blocks-container tb-container\" data-toolset-blocks-container=\"cf468e6650af60e82a50621fc5791e29\">\n<h2 class=\"tb-heading has-text-color\" data-toolset-blocks-heading=\"9520a6140f2b9533d0271691117b7b19\" data-last-update=\"1.4\">9<\/h2>\n\n\n\n<p class=\"tb-heading has-text-color\" data-toolset-blocks-heading=\"1697573550b4ab85c18a52719a4b0bd9\" data-last-update=\"1.4\">Sprachen<\/p>\n<\/div>\n<\/div>\n<\/div>\n\n\n\n<div class=\"wp-block-toolset-blocks-grid-column tb-grid-column tb-grid-align-center\" data-toolset-blocks-grid-column=\"f586ff7bfe1d7317c63162ec7b7039ed\">\n<h2 class=\"tb-heading has-text-color\" data-toolset-blocks-heading=\"f4f61a81fe2d91ae7fc4627ab11dfbf5\" data-last-update=\"1.4\">Umfassende Unterst\u00fctzung<\/h2>\n\n\n\n<div class=\"tb-fields-and-text\" data-toolset-blocks-fields-and-text=\"6088439d9df1bb352cf469db67308436\"><p><span style=\"font-weight: 400;\">Wir geben alles, um \u00fcber unser Support-Forum und unseren Chat-Support genauen, sachkundigen und zeitnahen Support zu bieten.<\/span><\/p>\n<p><span style=\"font-weight: 400;\">Unser Support-Team arbeitet 6 Tage pro Woche, 19 Stunden pro Tag. Wir haben Supporter in Asien, Europa und Amerika. <\/span> <\/p><\/div>\n\n\n\n<div class=\"tb-button\" data-toolset-blocks-button=\"0c868c65b8256202812043f33e2aede5\"><a class=\"tb-button__link\" href=\"https:\/\/wpml.org\/forums\/forum\/english-support\/\"><span class=\"tb-button__content\">Support anfragen<\/span><i class=\"tb-button__icon\"><\/i><\/a><\/div>\n<\/div>\n<\/div>\n<\/div><\/div>\n\n<div class=\"wp-block-toolset-blocks-container tb-container tb-container-parallax\" data-toolset-blocks-container=\"3b860a0da9fa77763983ae9d53b42418\">\n<div class=\"wp-block-toolset-blocks-container tb-container\" data-toolset-blocks-container=\"563872829c4955bb9234ede50b2f1eb8\"><div class=\"tb-container-inner\">\n<div class=\"wp-block-toolset-blocks-container tb-container\" data-toolset-blocks-container=\"2efca0c9d871b7f3aa86bb7eeb5a2cac\"><div class=\"tb-container-inner\">\n<div class=\"wp-block-toolset-blocks-grid tb-grid\" data-toolset-blocks-grid=\"b29227ec0bc1142671bcfa505ac96850\">\n<div class=\"wp-block-toolset-blocks-grid-column tb-grid-column tb-grid-align-center\" data-toolset-blocks-grid-column=\"f586ff7bfe1d7317c63162ec7b7039ed\">\n<h2 class=\"tb-heading has-text-color\" data-toolset-blocks-heading=\"467a040c84ff791b192242d5d1a51fb7\" data-last-update=\"1.4\">Unser Team<\/h2>\n\n\n\n<p class=\"tb-heading has-text-color\" data-toolset-blocks-heading=\"36f3a707077677ef599834d93d3ae5ab\" data-last-update=\"1.4\">Vielleicht kennen Sie OnTheGoSystems als das Unternehmen hinter WPML und Toolset, aber hinter jedem Unternehmen steht eine gro\u00dfartige Gruppe von Menschen. Unser Unternehmen hat seinen eingetragenen Firmensitz in Hongkong, doch wir sind ein wahrhaft globales Team. OnTheGoSystems besteht aus \u00fcber 100 Mitarbeitern, die alle zu 100 % remote aus 40 verschiedenen L\u00e4ndern zusammenarbeiten. Wir leben, arbeiten und atmen unser Motto:<\/p>\n\n\n\n<h3 class=\"tb-heading has-text-color\" data-toolset-blocks-heading=\"70da933b672332eab253fb8143d374ae\" data-last-update=\"1.4\">&#8211; Gl\u00fcckliche Menschen machen gro\u00dfartige Produkte<\/h3>\n\n\n\n<p class=\"tb-heading has-text-color\" data-toolset-blocks-heading=\"3a082cfbe32a4414073d98f022ba43c8\" data-last-update=\"1.4\">Wir sind immer auf der Suche nach talentierten und leidenschaftlichen Menschen, die sich uns anschlie\u00dfen. Wenn Sie daran interessiert sind, WordPress-Websites in mehrsprachige Kraftpakete zu verwandeln, werfen Sie einen Blick auf unsere offenen Stellen. <\/p>\n\n\n\n<div class=\"wp-block-toolset-blocks-grid tb-grid\" data-toolset-blocks-grid=\"bc0f620fef134dfa654c82a6a1927846\">\n<div class=\"wp-block-toolset-blocks-grid-column tb-grid-column tb-grid-align-top\" data-toolset-blocks-grid-column=\"3034fbe886c11054e95b46b09d3e4112\">\n<div class=\"tb-button\" data-toolset-blocks-button=\"bf97ca5aa5c41600e9b5f0ca7de5acf0\"><a class=\"tb-button__link\" href=\"https:\/\/onthegosystems.com\/jobs\/\" target=\"_blank\" rel=\"noopener\"><span class=\"tb-button__content\">Werden Sie Teil unseres Teams<\/span><i class=\"tb-button__icon\"><\/i><\/a><\/div>\n<\/div>\n\n\n\n<div class=\"wp-block-toolset-blocks-grid-column tb-grid-column tb-grid-align-top\" data-toolset-blocks-grid-column=\"3034fbe886c11054e95b46b09d3e4112\">\n<div class=\"tb-button\" data-toolset-blocks-button=\"3074721f0d7ac2f2f5910ab38e7085f8\"><a class=\"tb-button__link\" href=\"https:\/\/onthegosystems.com\/team\/\" target=\"_blank\" rel=\"noopener\"><span class=\"tb-button__content\">Lernen Sie unser Team kennen<\/span><i class=\"tb-button__icon\"><\/i><\/a><\/div>\n<\/div>\n<\/div>\n<\/div>\n\n\n\n<div class=\"wp-block-toolset-blocks-grid-column tb-grid-column tb-grid-align-center\" data-toolset-blocks-grid-column=\"f586ff7bfe1d7317c63162ec7b7039ed\">\n<div class=\"wp-block-toolset-blocks-container tb-container\" data-toolset-blocks-container=\"78c7412c49daead0518eea80a01beb6f\">\n<div class=\"wp-block-toolset-blocks-container tb-container\" data-toolset-blocks-container=\"24c91226a80c83f25f10c073e13dae28\">\n<h2 class=\"tb-heading has-text-color\" data-toolset-blocks-heading=\"d77b31cb76441dd9e2b35d686abe0dcf\" data-last-update=\"1.4\">&gt;100<\/h2>\n\n\n\n<p class=\"tb-heading has-text-color\" data-toolset-blocks-heading=\"cd59a4f717d493ea6b36d74020f000ec\" data-last-update=\"1.4\">Mitarbeiter<\/p>\n<\/div>\n\n\n\n<div class=\"wp-block-toolset-blocks-container tb-container\" data-toolset-blocks-container=\"c8d150915edaa853a5eed3dde076c1da\">\n<h2 class=\"tb-heading has-text-color\" data-toolset-blocks-heading=\"d77b31cb76441dd9e2b35d686abe0dcf\" data-last-update=\"1.4\">100%<\/h2>\n\n\n\n<p class=\"tb-heading has-text-color\" data-toolset-blocks-heading=\"cd59a4f717d493ea6b36d74020f000ec\" data-last-update=\"1.4\">Remote<\/p>\n<\/div>\n\n\n\n<div class=\"wp-block-toolset-blocks-container tb-container\" data-toolset-blocks-container=\"cf468e6650af60e82a50621fc5791e29\">\n<h2 class=\"tb-heading has-text-color\" data-toolset-blocks-heading=\"d77b31cb76441dd9e2b35d686abe0dcf\" data-last-update=\"1.4\">40<\/h2>\n\n\n\n<p class=\"tb-heading has-text-color\" data-toolset-blocks-heading=\"cd59a4f717d493ea6b36d74020f000ec\" data-last-update=\"1.4\">L\u00e4nder<\/p>\n<\/div>\n<\/div>\n<\/div>\n<\/div>\n<\/div><\/div>\n<\/div><\/div>\n<\/div>\n","protected":false},"excerpt":{"rendered":"","protected":false},"author":2,"featured_media":0,"parent":1253,"menu_order":0,"comment_status":"closed","ping_status":"closed","template":"template-full.php","meta":{"_bbp_topic_count":0,"_bbp_reply_count":0,"_bbp_total_topic_count":0,"_bbp_total_reply_count":0,"_bbp_voice_count":0,"_bbp_anonymous_reply_count":0,"_bbp_topic_count_hidden":0,"_bbp_reply_count_hidden":0,"_bbp_forum_subforum_count":0,"ep_exclude_from_search":false,"footnotes":""},"related-projects-category":[],"class_list":["post-890141","page","type-page","status-publish","hentry"],"_links":{"self":[{"href":"https:\/\/wpml.org\/de\/wp-json\/wp\/v2\/pages\/890141","targetHints":{"allow":["GET"]}}],"collection":[{"href":"https:\/\/wpml.org\/de\/wp-json\/wp\/v2\/pages"}],"about":[{"href":"https:\/\/wpml.org\/de\/wp-json\/wp\/v2\/types\/page"}],"author":[{"embeddable":true,"href":"https:\/\/wpml.org\/de\/wp-json\/wp\/v2\/users\/2"}],"replies":[{"embeddable":true,"href":"https:\/\/wpml.org\/de\/wp-json\/wp\/v2\/comments?post=890141"}],"version-history":[{"count":8,"href":"https:\/\/wpml.org\/de\/wp-json\/wp\/v2\/pages\/890141\/revisions"}],"predecessor-version":[{"id":17855016,"href":"https:\/\/wpml.org\/de\/wp-json\/wp\/v2\/pages\/890141\/revisions\/17855016"}],"up":[{"embeddable":true,"href":"https:\/\/wpml.org\/de\/wp-json\/wp\/v2\/pages\/1253"}],"wp:attachment":[{"href":"https:\/\/wpml.org\/de\/wp-json\/wp\/v2\/media?parent=890141"}],"wp:term":[{"taxonomy":"related-projects-category","embeddable":true,"href":"https:\/\/wpml.org\/de\/wp-json\/wp\/v2\/related-projects-category?post=890141"}],"curies":[{"name":"wp","href":"https:\/\/api.w.org\/{rel}","templated":true}]}}