{"id":9623,"date":"2012-02-20T13:02:46","date_gmt":"2012-02-20T13:02:46","guid":{"rendered":"http:\/\/wpml.org\/kauf\/kaufvorgang\/"},"modified":"2025-02-11T08:34:54","modified_gmt":"2025-02-11T08:34:54","slug":"kaufvorgang","status":"publish","type":"page","link":"https:\/\/wpml.org\/de\/purchase\/kaufvorgang\/","title":{"rendered":"Kaufprozess"},"content":{"rendered":"<p class=\"lead\">\u00dcblicherweise nimmt die Bestellung von WPML und dessen Inbetriebnahme auf Ihrer Website nur wenige Minuten in Anspruch. Kreditkartenzahlungen werden automatisch verarbeitet, und Sie erhalten umgehend Ihr neues, zum Download und zur Nutzung bereites Konto. <\/p>\n<p>Sie haben die M\u00f6glichkeit, WPML mittels Kreditkarte, PayPal, Debitkarte oder \u00dcberweisung (via PayPal E-Schecks) zu bezahlen. Die Verarbeitung von Kredit- und Debitkartenzahlungen erfolgt in weniger als einer Minute. \u00dcberweisungen ben\u00f6tigen mehrere Tage zur Verarbeitung (abh\u00e4ngig von Ihrem Wohnort). Nach Abschluss des Zahlungsvorgangs erhalten Sie eine E-Mail mit Ihren Kontoinformationen. Anschlie\u00dfend k\u00f6nnen Sie WPML herunterladen und auf Ihrer Website installieren.    <\/p>\n<h2>Schritt 1) W\u00e4hlen Sie die gew\u00fcnschte Version von WPML<\/h2>\n<p>Sie haben die Wahl zwischen den Versionen <a href=\"https:\/\/wpml.org\/purchase\/?add-to-cart=2436660\">Multilingual CMS<\/a>, <a href=\"https:\/\/wpml.org\/purchase\/?add-to-cart=2436659\">Multilingual Blog<\/a> und <a href=\"https:\/\/wpml.org\/purchase\/?add-to-cart=2436661\">Multilingual Agency<\/a>. Multilingual CMS ist unsere umfassendste Version, die die \u00dcbersetzung komplexester Websites mit WordPress erm\u00f6glicht. Sie beinhaltet s\u00e4mtliche Funktionen f\u00fcr Seiten, benutzerdefinierte Typen und Beitr\u00e4ge (f\u00fcr einen Blog). Die Multilingual Blog-Version ist f\u00fcr einfachere Websites konzipiert, die haupts\u00e4chlich aus einem WordPress-Blog bestehen. Die <a href=\"https:\/\/wpml.org\/purchase\/?add-to-cart=2436661\">Multilingual Agency<\/a> enth\u00e4lt ebenfalls alle Komponenten von WPML, erlaubt Ihnen jedoch die Installation von WPML auf einer unbegrenzten Anzahl von Websites.    <\/p>\n<p>F\u00fcr einen direkten Vergleich konsultieren Sie bitte die <a href=\"https:\/\/wpml.org\/purchase\/\">Preisgestaltung von WPML<\/a>.<\/p>\n<p>Es besteht jederzeit die M\u00f6glichkeit, Ihren Kontotyp aufzuwerten und lediglich die Differenz zu bezahlen.<\/p>\n<h2>Schritt 2) Geben Sie Ihren Namen und Ihre E-Mail-Adresse ein und w\u00e4hlen Sie einen Zahlungsdienstleister<\/h2>\n<p>Wir ben\u00f6tigen lediglich Ihren vollst\u00e4ndigen Namen und Ihre E-Mail-Adresse. Diese Informationen sind erforderlich, um Ihr Konto zu erstellen und Ihre Bestellung zu bearbeiten. Ihre Kreditkarteninformationen geben Sie direkt bei PayPal oder einem alternativen Zahlungsdienstleister ein. Beide Zahlungsdienstleister unterst\u00fctzen Kredit- und Debitkarten. F\u00fcr \u00dcberweisungen ben\u00f6tigen Sie ein PayPal-Konto und m\u00fcssen ein Bankkonto hinzuf\u00fcgen.    <\/p>\n<h2>Schritt 3) Online-Zahlung<\/h2>\n<p>Sie werden zum von Ihnen gew\u00e4hlten Zahlungsdienstleister weitergeleitet. Sowohl PayPal als auch der alternative Zahlungsdienstleister bieten erstklassige Sicherheits- und Betrugsschutzma\u00dfnahmen. Weitere Informationen hierzu finden Sie in unseren <a href=\"https:\/\/wpml.org\/documentation\/privacy-policy-and-gdpr-compliance\/\">Datenschutz- und Sicherheitsrichtlinien<\/a>. Zusammengefasst: Wir sch\u00fctzen Ihre Informationen und stellen sicher, dass diese unter keinen Umst\u00e4nden kompromittiert werden k\u00f6nnen. Wir erhalten oder speichern keinerlei finanzielle Informationen.    <\/p>\n<h2>Schritt 4) Empfangen Sie Ihr WPML-Konto und laden Sie die Software herunter<\/h2>\n<p>Unmittelbar nach Abschluss Ihrer Zahlung erstellen wir automatisch Ihr WPML-Konto. Kredit- und Debitkartenzahlungen werden nahezu instantan abgeschlossen. \u00dcberweisungen ben\u00f6tigen einige Tage zur Verarbeitung.  <\/p>\n<p>Melden Sie sich anschlie\u00dfend in Ihrem Konto an, klicken Sie auf <strong>Downloads<\/strong> und laden Sie WPML herunter. Damit haben Sie den Prozess abgeschlossen. Wir empfehlen Ihnen, unserer <a href=\"https:\/\/wpml.org\/documentation\/getting-started-guide\/\">Einf\u00fchrungsanleitung<\/a> zu folgen, um WPML korrekt zu konfigurieren und zu nutzen.  <\/p>\n<p>Ben\u00f6tigen Sie Unterst\u00fctzung? <a href=\"https:\/\/wpml.org\/home\/contact-us\/\">Kontaktieren Sie uns<\/a>!<\/p>\n","protected":false},"excerpt":{"rendered":"<p>\u00dcblicherweise nimmt die Bestellung von WPML und dessen Inbetriebnahme auf Ihrer Website nur wenige Minuten in Anspruch. Kreditkartenzahlungen werden automatisch verarbeitet, und Sie erhalten umgehend Ihr neues, zum Download und zur Nutzung bereites Konto. Sie haben die M\u00f6glichkeit, WPML mittels Kreditkarte, PayPal, Debitkarte oder \u00dcberweisung (via PayPal E-Schecks) zu bezahlen. Die Verarbeitung von Kredit- und [&hellip;]<\/p>\n","protected":false},"author":2,"featured_media":0,"parent":6181,"menu_order":53,"comment_status":"closed","ping_status":"closed","template":"template-nosidebar-centered.php","meta":{"_bbp_topic_count":0,"_bbp_reply_count":0,"_bbp_total_topic_count":0,"_bbp_total_reply_count":0,"_bbp_voice_count":0,"_bbp_anonymous_reply_count":0,"_bbp_topic_count_hidden":0,"_bbp_reply_count_hidden":0,"_bbp_forum_subforum_count":0,"ep_exclude_from_search":false,"footnotes":""},"related-projects-category":[],"class_list":["post-9623","page","type-page","status-publish","hentry"],"_links":{"self":[{"href":"https:\/\/wpml.org\/de\/wp-json\/wp\/v2\/pages\/9623","targetHints":{"allow":["GET"]}}],"collection":[{"href":"https:\/\/wpml.org\/de\/wp-json\/wp\/v2\/pages"}],"about":[{"href":"https:\/\/wpml.org\/de\/wp-json\/wp\/v2\/types\/page"}],"author":[{"embeddable":true,"href":"https:\/\/wpml.org\/de\/wp-json\/wp\/v2\/users\/2"}],"replies":[{"embeddable":true,"href":"https:\/\/wpml.org\/de\/wp-json\/wp\/v2\/comments?post=9623"}],"version-history":[{"count":8,"href":"https:\/\/wpml.org\/de\/wp-json\/wp\/v2\/pages\/9623\/revisions"}],"predecessor-version":[{"id":16690297,"href":"https:\/\/wpml.org\/de\/wp-json\/wp\/v2\/pages\/9623\/revisions\/16690297"}],"up":[{"embeddable":true,"href":"https:\/\/wpml.org\/de\/wp-json\/wp\/v2\/pages\/6181"}],"wp:attachment":[{"href":"https:\/\/wpml.org\/de\/wp-json\/wp\/v2\/media?parent=9623"}],"wp:term":[{"taxonomy":"related-projects-category","embeddable":true,"href":"https:\/\/wpml.org\/de\/wp-json\/wp\/v2\/related-projects-category?post=9623"}],"curies":[{"name":"wp","href":"https:\/\/api.w.org\/{rel}","templated":true}]}}